{"id":318819,"date":"2020-11-04T11:36:20","date_gmt":"2020-11-04T11:36:20","guid":{"rendered":"https:\/\/www.purejewels.com\/product\/jali-collection-22ct-gold-earring-9-2gm\/"},"modified":"2026-01-06T06:59:02","modified_gmt":"2026-01-06T06:59:02","slug":"filigraner-ohrring-aus-22-karat-gold-33172","status":"publish","type":"product","link":"https:\/\/www.purejewels.com\/de\/product\/22-carat-gold-filigree-earring-33172\/","title":{"rendered":"22 Karat Gold Filigran-Ohrringe in Tropfenform"},"content":{"rendered":"<h3 data-start=\"663\" data-end=\"677\"><strong data-start=\"667\" data-end=\"677\">Gestaltung<\/strong><\/h3>\n<p data-start=\"678\" data-end=\"940\">Diese Ohrringe zeichnen sich durch eine raffinierte Tropfenform mit eleganten filigranen Durchbr\u00fcchen aus, die wundersch\u00f6n mit dem Licht spielen. Das perlenartige Muster entlang der R\u00e4nder verleiht ihnen Tiefe und einen traditionellen Charme, w\u00e4hrend das kleine Anh\u00e4ngerdetail darunter f\u00fcr mehr Bewegung und Fluidit\u00e4t sorgt.<\/p>\n<h3 data-start=\"942\" data-end=\"963\"><strong data-start=\"946\" data-end=\"963\">Handwerkliches K\u00f6nnen<\/strong><\/h3>\n<p data-start=\"964\" data-end=\"1237\">Jedes St\u00fcck wurde aus hochreinem 22-kar\u00e4tigem Gold unter Verwendung traditioneller Filigrantechniken gefertigt und zeichnet sich durch au\u00dfergew\u00f6hnliche Details und feine Handwerkskunst aus. Diese Ohrringe sind vollst\u00e4ndig in Gro\u00dfbritannien punziert, was ihre Echtheit und Reinheit best\u00e4tigt, und wurden hergestellt, um \u00fcber viele Jahre hinweg gesch\u00e4tzt und getragen zu werden.<\/p>\n<h3 data-start=\"1239\" data-end=\"1264\"><strong data-start=\"1243\" data-end=\"1264\">Styling &amp; Geschenkartikel<\/strong><\/h3>\n<p data-start=\"1265\" data-end=\"1515\">Ihre anmutige Form passt perfekt zu Saris, Anz\u00fcgen und zeitloser Partykleidung und eignet sich daher ideal f\u00fcr Hochzeiten, festliche Anl\u00e4sse oder als Geschenk f\u00fcr einen besonderen Menschen. Ideal f\u00fcr alle, die traditionelles Design mit einem leichten, angenehmen Tragegef\u00fchl f\u00fcr ganzt\u00e4gige Eleganz sch\u00e4tzen.<\/p>","protected":false},"excerpt":{"rendered":"<p>Handgefertigte Ohrringe aus 22 Karat Gold in Tropfenform mit aufwendigem Filigran-Gitterwerk und britischer Punzierung.<\/p>\n<ul>\n<li>Filigraner 22 Karat Gelbgold-Ohrring<\/li>\n<li>Feiner handgefertigter Schmuck<\/li>\n<li>Wt . 9.2 gramm<\/li>\n<li>SKU. 33172<\/li>\n<li>Alle Preise inklusive Mehrwertsteuer<\/li>\n<li>Alle unsere Produkte sind vom London Assay Office gestempelt.<\/li>\n<li>Kommt mit Pr\u00e4sentation Box<\/li>\n<li>Lieferung inbegriffen<\/li>\n<li>Live-Chat mit uns f\u00fcr die Verf\u00fcgbarkeit und mehr Bilder von Designer Hochzeit Ohrringe derzeit auf Lager<\/li>\n<\/ul>","protected":false},"featured_media":319229,"comment_status":"closed","ping_status":"closed","template":"","meta":{"_eb_attr":"","_crsspst_to_jayantr4sg-hostcom":true},"product_brand":[],"product_cat":[1685,1254,252,1574],"product_tag":[],"class_list":{"0":"post-318819","1":"product","2":"type-product","3":"status-publish","4":"has-post-thumbnail","6":"product_cat-drop-earrings","7":"product_cat-gold-earrings","8":"product_cat-jali-collections","9":"product_cat-womens-jewellery","11":"first","12":"outofstock","13":"sale","14":"taxable","15":"shipping-taxable","16":"product-type-simple","17":"add-to-wishlist-before_image"},"yoast_head":"<!-- This site is optimized with the Yoast SEO plugin v27.3 - https:\/\/yoast.com\/product\/yoast-seo-wordpress\/ -->\n<title>Handcrafted Gold Filigree Earrings | PureJewels UK<\/title>\n<meta name=\"description\" content=\"Handcrafted 22ct gold filigree teardrop earrings with delicate detailing. UK hallmarked. A graceful choice for festive wear gifting and elegant celebrations.\" \/>\n<meta name=\"robots\" content=\"index, follow, max-snippet:-1, max-image-preview:large, max-video-preview:-1\" \/>\n<link rel=\"canonical\" href=\"https:\/\/www.purejewels.com\/de\/produkt-2\/filigraner-ohrring-aus-22-karat-gold-33172\/\" \/>\n<meta property=\"og:locale\" content=\"de_DE\" \/>\n<meta property=\"og:type\" content=\"article\" \/>\n<meta property=\"og:title\" content=\"Handcrafted Gold Filigree Earrings | PureJewels UK\" \/>\n<meta property=\"og:description\" content=\"Handcrafted 22ct gold filigree teardrop earrings with delicate detailing. UK hallmarked. A graceful choice for festive wear gifting and elegant celebrations.\" \/>\n<meta property=\"og:url\" content=\"https:\/\/www.purejewels.com\/de\/produkt-2\/filigraner-ohrring-aus-22-karat-gold-33172\/\" \/>\n<meta property=\"og:site_name\" content=\"PureJewels UK\" \/>\n<meta property=\"article:modified_time\" content=\"2026-01-06T06:59:02+00:00\" \/>\n<meta property=\"og:image\" content=\"https:\/\/static.purejewels.com\/wp-content\/uploads\/2020\/11\/image191603073.jpg\" \/>\n\t<meta property=\"og:image:width\" content=\"1000\" \/>\n\t<meta property=\"og:image:height\" content=\"1000\" \/>\n\t<meta property=\"og:image:type\" content=\"image\/jpeg\" \/>\n<meta name=\"twitter:card\" content=\"summary_large_image\" \/>\n<meta name=\"twitter:label1\" content=\"Gesch\u00e4tzte Lesezeit\" \/>\n\t<meta name=\"twitter:data1\" content=\"1\u00a0Minute\" \/>\n<script type=\"application\/ld+json\" class=\"yoast-schema-graph\">{\"@context\":\"https:\\\/\\\/schema.org\",\"@graph\":[{\"@type\":[\"WebPage\",\"ItemPage\"],\"@id\":\"https:\\\/\\\/www.purejewels.com\\\/product\\\/22-carat-gold-filigree-earring-33172\\\/\",\"url\":\"https:\\\/\\\/www.purejewels.com\\\/product\\\/22-carat-gold-filigree-earring-33172\\\/\",\"name\":\"Handcrafted Gold Filigree Earrings | PureJewels UK\",\"isPartOf\":{\"@id\":\"https:\\\/\\\/www.purejewels.com\\\/#website\"},\"primaryImageOfPage\":{\"@id\":\"https:\\\/\\\/www.purejewels.com\\\/product\\\/22-carat-gold-filigree-earring-33172\\\/#primaryimage\"},\"image\":{\"@id\":\"https:\\\/\\\/www.purejewels.com\\\/product\\\/22-carat-gold-filigree-earring-33172\\\/#primaryimage\"},\"thumbnailUrl\":\"https:\\\/\\\/static.purejewels.com\\\/wp-content\\\/uploads\\\/2020\\\/11\\\/image191603073.jpg\",\"datePublished\":\"2020-11-04T11:36:20+00:00\",\"dateModified\":\"2026-01-06T06:59:02+00:00\",\"description\":\"Handcrafted 22ct gold filigree teardrop earrings with delicate detailing. UK hallmarked. A graceful choice for festive wear gifting and elegant celebrations.\",\"breadcrumb\":{\"@id\":\"https:\\\/\\\/www.purejewels.com\\\/product\\\/22-carat-gold-filigree-earring-33172\\\/#breadcrumb\"},\"inLanguage\":\"de\",\"potentialAction\":[{\"@type\":\"ReadAction\",\"target\":[\"https:\\\/\\\/www.purejewels.com\\\/product\\\/22-carat-gold-filigree-earring-33172\\\/\"]}]},{\"@type\":\"ImageObject\",\"inLanguage\":\"de\",\"@id\":\"https:\\\/\\\/www.purejewels.com\\\/product\\\/22-carat-gold-filigree-earring-33172\\\/#primaryimage\",\"url\":\"https:\\\/\\\/static.purejewels.com\\\/wp-content\\\/uploads\\\/2020\\\/11\\\/image191603073.jpg\",\"contentUrl\":\"https:\\\/\\\/static.purejewels.com\\\/wp-content\\\/uploads\\\/2020\\\/11\\\/image191603073.jpg\",\"width\":1000,\"height\":1000},{\"@type\":\"BreadcrumbList\",\"@id\":\"https:\\\/\\\/www.purejewels.com\\\/product\\\/22-carat-gold-filigree-earring-33172\\\/#breadcrumb\",\"itemListElement\":[{\"@type\":\"ListItem\",\"position\":1,\"name\":\"Home\",\"item\":\"https:\\\/\\\/www.purejewels.com\\\/\"},{\"@type\":\"ListItem\",\"position\":2,\"name\":\"Shop\",\"item\":\"https:\\\/\\\/www.purejewels.com\\\/shop\\\/\"},{\"@type\":\"ListItem\",\"position\":3,\"name\":\"22ct Gold Filigree Teardrop Earrings\"}]},{\"@type\":\"WebSite\",\"@id\":\"https:\\\/\\\/www.purejewels.com\\\/#website\",\"url\":\"https:\\\/\\\/www.purejewels.com\\\/\",\"name\":\"PureJewels UK\",\"description\":\"Share the Love\",\"publisher\":{\"@id\":\"https:\\\/\\\/www.purejewels.com\\\/#organization\"},\"potentialAction\":[{\"@type\":\"SearchAction\",\"target\":{\"@type\":\"EntryPoint\",\"urlTemplate\":\"https:\\\/\\\/www.purejewels.com\\\/?s={search_term_string}\"},\"query-input\":{\"@type\":\"PropertyValueSpecification\",\"valueRequired\":true,\"valueName\":\"search_term_string\"}}],\"inLanguage\":\"de\"},{\"@type\":\"Organization\",\"@id\":\"https:\\\/\\\/www.purejewels.com\\\/#organization\",\"name\":\"PureJewels UK\",\"url\":\"https:\\\/\\\/www.purejewels.com\\\/\",\"logo\":{\"@type\":\"ImageObject\",\"inLanguage\":\"de\",\"@id\":\"https:\\\/\\\/www.purejewels.com\\\/#\\\/schema\\\/logo\\\/image\\\/\",\"url\":\"https:\\\/\\\/static.purejewels.com\\\/wp-content\\\/uploads\\\/2020\\\/11\\\/Logo-PJ-New-1.png\",\"contentUrl\":\"https:\\\/\\\/static.purejewels.com\\\/wp-content\\\/uploads\\\/2020\\\/11\\\/Logo-PJ-New-1.png\",\"width\":150,\"height\":80,\"caption\":\"PureJewels UK\"},\"image\":{\"@id\":\"https:\\\/\\\/www.purejewels.com\\\/#\\\/schema\\\/logo\\\/image\\\/\"}}]}<\/script>\n<!-- \/ Yoast SEO plugin. -->","yoast_head_json":{"title":"Handgefertigte Gold-Filigran-Ohrringe | PureJewels UK","description":"Handgefertigte Ohrringe aus 22 Karat Gold mit filigranen Tropfen und zarten Details. Mit britischer Punzierung. Eine elegante Wahl f\u00fcr festliche Anl\u00e4sse, Geschenke und elegante Feierlichkeiten.","robots":{"index":"index","follow":"follow","max-snippet":"max-snippet:-1","max-image-preview":"max-image-preview:large","max-video-preview":"max-video-preview:-1"},"canonical":"https:\/\/www.purejewels.com\/de\/produkt-2\/filigraner-ohrring-aus-22-karat-gold-33172\/","og_locale":"de_DE","og_type":"article","og_title":"Handcrafted Gold Filigree Earrings | PureJewels UK","og_description":"Handcrafted 22ct gold filigree teardrop earrings with delicate detailing. UK hallmarked. A graceful choice for festive wear gifting and elegant celebrations.","og_url":"https:\/\/www.purejewels.com\/de\/produkt-2\/filigraner-ohrring-aus-22-karat-gold-33172\/","og_site_name":"PureJewels UK","article_modified_time":"2026-01-06T06:59:02+00:00","og_image":[{"width":1000,"height":1000,"url":"https:\/\/static.purejewels.com\/wp-content\/uploads\/2020\/11\/image191603073.jpg","type":"image\/jpeg"}],"twitter_card":"summary_large_image","twitter_misc":{"Gesch\u00e4tzte Lesezeit":"1\u00a0Minute"},"schema":{"@context":"https:\/\/schema.org","@graph":[{"@type":["WebPage","ItemPage"],"@id":"https:\/\/www.purejewels.com\/product\/22-carat-gold-filigree-earring-33172\/","url":"https:\/\/www.purejewels.com\/product\/22-carat-gold-filigree-earring-33172\/","name":"Handgefertigte Gold-Filigran-Ohrringe | PureJewels UK","isPartOf":{"@id":"https:\/\/www.purejewels.com\/#website"},"primaryImageOfPage":{"@id":"https:\/\/www.purejewels.com\/product\/22-carat-gold-filigree-earring-33172\/#primaryimage"},"image":{"@id":"https:\/\/www.purejewels.com\/product\/22-carat-gold-filigree-earring-33172\/#primaryimage"},"thumbnailUrl":"https:\/\/static.purejewels.com\/wp-content\/uploads\/2020\/11\/image191603073.jpg","datePublished":"2020-11-04T11:36:20+00:00","dateModified":"2026-01-06T06:59:02+00:00","description":"Handgefertigte Ohrringe aus 22 Karat Gold mit filigranen Tropfen und zarten Details. Mit britischer Punzierung. Eine elegante Wahl f\u00fcr festliche Anl\u00e4sse, Geschenke und elegante Feierlichkeiten.","breadcrumb":{"@id":"https:\/\/www.purejewels.com\/product\/22-carat-gold-filigree-earring-33172\/#breadcrumb"},"inLanguage":"de","potentialAction":[{"@type":"ReadAction","target":["https:\/\/www.purejewels.com\/product\/22-carat-gold-filigree-earring-33172\/"]}]},{"@type":"ImageObject","inLanguage":"de","@id":"https:\/\/www.purejewels.com\/product\/22-carat-gold-filigree-earring-33172\/#primaryimage","url":"https:\/\/static.purejewels.com\/wp-content\/uploads\/2020\/11\/image191603073.jpg","contentUrl":"https:\/\/static.purejewels.com\/wp-content\/uploads\/2020\/11\/image191603073.jpg","width":1000,"height":1000},{"@type":"BreadcrumbList","@id":"https:\/\/www.purejewels.com\/product\/22-carat-gold-filigree-earring-33172\/#breadcrumb","itemListElement":[{"@type":"ListItem","position":1,"name":"Home","item":"https:\/\/www.purejewels.com\/"},{"@type":"ListItem","position":2,"name":"Shop","item":"https:\/\/www.purejewels.com\/shop\/"},{"@type":"ListItem","position":3,"name":"22ct Gold Filigree Teardrop Earrings"}]},{"@type":"WebSite","@id":"https:\/\/www.purejewels.com\/#website","url":"https:\/\/www.purejewels.com\/","name":"PureJewels UK","description":"Teile die Liebe","publisher":{"@id":"https:\/\/www.purejewels.com\/#organization"},"potentialAction":[{"@type":"SearchAction","target":{"@type":"EntryPoint","urlTemplate":"https:\/\/www.purejewels.com\/?s={search_term_string}"},"query-input":{"@type":"PropertyValueSpecification","valueRequired":true,"valueName":"search_term_string"}}],"inLanguage":"de"},{"@type":"Organization","@id":"https:\/\/www.purejewels.com\/#organization","name":"PureJewels UK","url":"https:\/\/www.purejewels.com\/","logo":{"@type":"ImageObject","inLanguage":"de","@id":"https:\/\/www.purejewels.com\/#\/schema\/logo\/image\/","url":"https:\/\/static.purejewels.com\/wp-content\/uploads\/2020\/11\/Logo-PJ-New-1.png","contentUrl":"https:\/\/static.purejewels.com\/wp-content\/uploads\/2020\/11\/Logo-PJ-New-1.png","width":150,"height":80,"caption":"PureJewels UK"},"image":{"@id":"https:\/\/www.purejewels.com\/#\/schema\/logo\/image\/"}}]}},"_links":{"self":[{"href":"https:\/\/www.purejewels.com\/de\/wp-json\/wp\/v2\/product\/318819","targetHints":{"allow":["GET"]}}],"collection":[{"href":"https:\/\/www.purejewels.com\/de\/wp-json\/wp\/v2\/product"}],"about":[{"href":"https:\/\/www.purejewels.com\/de\/wp-json\/wp\/v2\/types\/product"}],"replies":[{"embeddable":true,"href":"https:\/\/www.purejewels.com\/de\/wp-json\/wp\/v2\/comments?post=318819"}],"version-history":[{"count":3,"href":"https:\/\/www.purejewels.com\/de\/wp-json\/wp\/v2\/product\/318819\/revisions"}],"predecessor-version":[{"id":422732,"href":"https:\/\/www.purejewels.com\/de\/wp-json\/wp\/v2\/product\/318819\/revisions\/422732"}],"wp:featuredmedia":[{"embeddable":true,"href":"https:\/\/www.purejewels.com\/de\/wp-json\/wp\/v2\/media\/319229"}],"wp:attachment":[{"href":"https:\/\/www.purejewels.com\/de\/wp-json\/wp\/v2\/media?parent=318819"}],"wp:term":[{"taxonomy":"product_brand","embeddable":true,"href":"https:\/\/www.purejewels.com\/de\/wp-json\/wp\/v2\/product_brand?post=318819"},{"taxonomy":"product_cat","embeddable":true,"href":"https:\/\/www.purejewels.com\/de\/wp-json\/wp\/v2\/product_cat?post=318819"},{"taxonomy":"product_tag","embeddable":true,"href":"https:\/\/www.purejewels.com\/de\/wp-json\/wp\/v2\/product_tag?post=318819"}],"curies":[{"name":"wp","href":"https:\/\/api.w.org\/{rel}","templated":true}]}}