{"id":318821,"date":"2020-11-04T11:39:56","date_gmt":"2020-11-04T11:39:56","guid":{"rendered":"https:\/\/www.purejewels.com\/product\/jali-collection-22ct-gold-earring-10-8gm\/"},"modified":"2026-02-13T07:30:30","modified_gmt":"2026-02-13T07:30:30","slug":"filigraner-ohrring-aus-22-karat-gold-33173","status":"publish","type":"product","link":"https:\/\/www.purejewels.com\/de\/product\/22-carat-gold-filigree-earring-33173\/","title":{"rendered":"22 Karat Gold-Gitter-Ohrringe"},"content":{"rendered":"<p>Lassen Sie sich von der exquisiten Sch\u00f6nheit unseres filigranen Ohrrings aus 22 Karat Gelbgold verzaubern. Ein feines, handgefertigtes Schmuckst\u00fcck, das Eleganz und Raffinesse ausstrahlt. Dieser atemberaubende Ohrring wiegt 10,8 Gramm und zeigt mit seiner filigranen Arbeit das K\u00f6nnen und die Kunstfertigkeit unserer Handwerker.<\/p>\n<p>Jedes St\u00fcck unserer Kollektion ist vom London Assay Office gepunzt, um die Echtheit und Qualit\u00e4t unserer Produkte zu gew\u00e4hrleisten. Der Ohrring wird in einer Pr\u00e4sentationsbox geliefert und ist somit das perfekte Geschenk f\u00fcr Sie selbst oder einen lieben Menschen. Mit kostenloser Lieferung und sicheren Online-Zahlungen ist das Einkaufen bei PureJewels UK bequem und sorgenfrei.<\/p>\n<p>Egal, ob Sie auf der Suche nach einem auff\u00e4lligen Schmuckst\u00fcck f\u00fcr einen besonderen Anlass oder einem zeitlosen Accessoire f\u00fcr den Alltag sind, unser filigraner Ohrring aus 22 Karat Gold wird Sie sicher beeindrucken. Lassen Sie sich dieses exquisite St\u00fcck nicht entgehen - sprechen Sie mit uns, um die Verf\u00fcgbarkeit und weitere Bilder unserer Designer-Ohrringe zur Hochzeit zu erhalten.<\/p>","protected":false},"excerpt":{"rendered":"<p>Handgefertigte Gitter-Ohrringe aus reinem 22-kar\u00e4tigem Gold mit aufwendigen Details und britischer Punzierung.<\/p>\n<ul>\n<li>Filigraner 22 Karat Gelbgold-Ohrring<\/li>\n<li>Feiner handgefertigter Schmuck<\/li>\n<li>Wt . 10.8 gms<\/li>\n<li>SKU. 33173<\/li>\n<li>Alle Preise inklusive Mehrwertsteuer<\/li>\n<li>Alle unsere Produkte sind vom London Assay Office gestempelt.<\/li>\n<li>Kommt mit Pr\u00e4sentation Box<\/li>\n<li>Lieferung inbegriffen<\/li>\n<li>Live-Chat mit uns f\u00fcr die Verf\u00fcgbarkeit und mehr Bilder von Designer Hochzeit Ohrringe derzeit auf Lager<\/li>\n<\/ul>","protected":false},"featured_media":319232,"comment_status":"closed","ping_status":"closed","template":"","meta":{"_eb_attr":"","_crsspst_to_jayantr4sg-hostcom":true},"product_brand":[],"product_cat":[1685,1254,252,1573,1574],"product_tag":[],"class_list":{"0":"post-318821","1":"product","2":"type-product","3":"status-publish","4":"has-post-thumbnail","6":"product_cat-drop-earrings","7":"product_cat-gold-earrings","8":"product_cat-jali-collections","9":"product_cat-wedding-gifts","10":"product_cat-womens-jewellery","12":"first","13":"outofstock","14":"taxable","15":"shipping-taxable","16":"product-type-simple","17":"add-to-wishlist-before_image"},"yoast_head":"<!-- This site is optimized with the Yoast SEO plugin v27.3 - https:\/\/yoast.com\/product\/yoast-seo-wordpress\/ -->\n<title>22ct Gold Floral Drop Earrings | Jali Earrings | Online PureJewels<\/title>\n<meta name=\"description\" content=\"Handcrafted 22ct gold lattice drop earrings with fine detailing and a graceful silhouette. UK hallmarked and ideal for weddings celebrations and gifting.\" \/>\n<meta name=\"robots\" content=\"index, follow, max-snippet:-1, max-image-preview:large, max-video-preview:-1\" \/>\n<link rel=\"canonical\" href=\"https:\/\/www.purejewels.com\/de\/produkt-2\/filigraner-ohrring-aus-22-karat-gold-33173\/\" \/>\n<meta property=\"og:locale\" content=\"de_DE\" \/>\n<meta property=\"og:type\" content=\"article\" \/>\n<meta property=\"og:title\" content=\"22ct Gold Floral Drop Earrings | Jali Earrings | Online PureJewels\" \/>\n<meta property=\"og:description\" content=\"Handcrafted 22ct gold lattice drop earrings with fine detailing and a graceful silhouette. UK hallmarked and ideal for weddings celebrations and gifting.\" \/>\n<meta property=\"og:url\" content=\"https:\/\/www.purejewels.com\/de\/produkt-2\/filigraner-ohrring-aus-22-karat-gold-33173\/\" \/>\n<meta property=\"og:site_name\" content=\"PureJewels UK\" \/>\n<meta property=\"article:modified_time\" content=\"2026-02-13T07:30:30+00:00\" \/>\n<meta property=\"og:image\" content=\"https:\/\/static.purejewels.com\/wp-content\/uploads\/2020\/11\/image191604220.jpg\" \/>\n\t<meta property=\"og:image:width\" content=\"1000\" \/>\n\t<meta property=\"og:image:height\" content=\"1000\" \/>\n\t<meta property=\"og:image:type\" content=\"image\/jpeg\" \/>\n<meta name=\"twitter:card\" content=\"summary_large_image\" \/>\n<meta name=\"twitter:label1\" content=\"Gesch\u00e4tzte Lesezeit\" \/>\n\t<meta name=\"twitter:data1\" content=\"1\u00a0Minute\" \/>\n<script type=\"application\/ld+json\" class=\"yoast-schema-graph\">{\"@context\":\"https:\\\/\\\/schema.org\",\"@graph\":[{\"@type\":[\"WebPage\",\"ItemPage\"],\"@id\":\"https:\\\/\\\/www.purejewels.com\\\/product\\\/22-carat-gold-filigree-earring-33173\\\/\",\"url\":\"https:\\\/\\\/www.purejewels.com\\\/product\\\/22-carat-gold-filigree-earring-33173\\\/\",\"name\":\"22ct Gold Floral Drop Earrings | Jali Earrings | Online PureJewels\",\"isPartOf\":{\"@id\":\"https:\\\/\\\/www.purejewels.com\\\/#website\"},\"primaryImageOfPage\":{\"@id\":\"https:\\\/\\\/www.purejewels.com\\\/product\\\/22-carat-gold-filigree-earring-33173\\\/#primaryimage\"},\"image\":{\"@id\":\"https:\\\/\\\/www.purejewels.com\\\/product\\\/22-carat-gold-filigree-earring-33173\\\/#primaryimage\"},\"thumbnailUrl\":\"https:\\\/\\\/static.purejewels.com\\\/wp-content\\\/uploads\\\/2020\\\/11\\\/image191604220.jpg\",\"datePublished\":\"2020-11-04T11:39:56+00:00\",\"dateModified\":\"2026-02-13T07:30:30+00:00\",\"description\":\"Handcrafted 22ct gold lattice drop earrings with fine detailing and a graceful silhouette. UK hallmarked and ideal for weddings celebrations and gifting.\",\"breadcrumb\":{\"@id\":\"https:\\\/\\\/www.purejewels.com\\\/product\\\/22-carat-gold-filigree-earring-33173\\\/#breadcrumb\"},\"inLanguage\":\"de\",\"potentialAction\":[{\"@type\":\"ReadAction\",\"target\":[\"https:\\\/\\\/www.purejewels.com\\\/product\\\/22-carat-gold-filigree-earring-33173\\\/\"]}]},{\"@type\":\"ImageObject\",\"inLanguage\":\"de\",\"@id\":\"https:\\\/\\\/www.purejewels.com\\\/product\\\/22-carat-gold-filigree-earring-33173\\\/#primaryimage\",\"url\":\"https:\\\/\\\/static.purejewels.com\\\/wp-content\\\/uploads\\\/2020\\\/11\\\/image191604220.jpg\",\"contentUrl\":\"https:\\\/\\\/static.purejewels.com\\\/wp-content\\\/uploads\\\/2020\\\/11\\\/image191604220.jpg\",\"width\":1000,\"height\":1000},{\"@type\":\"BreadcrumbList\",\"@id\":\"https:\\\/\\\/www.purejewels.com\\\/product\\\/22-carat-gold-filigree-earring-33173\\\/#breadcrumb\",\"itemListElement\":[{\"@type\":\"ListItem\",\"position\":1,\"name\":\"Home\",\"item\":\"https:\\\/\\\/www.purejewels.com\\\/\"},{\"@type\":\"ListItem\",\"position\":2,\"name\":\"Shop\",\"item\":\"https:\\\/\\\/www.purejewels.com\\\/shop\\\/\"},{\"@type\":\"ListItem\",\"position\":3,\"name\":\"22ct Gold Lattice Drop Earrings\"}]},{\"@type\":\"WebSite\",\"@id\":\"https:\\\/\\\/www.purejewels.com\\\/#website\",\"url\":\"https:\\\/\\\/www.purejewels.com\\\/\",\"name\":\"PureJewels UK\",\"description\":\"Share the Love\",\"publisher\":{\"@id\":\"https:\\\/\\\/www.purejewels.com\\\/#organization\"},\"potentialAction\":[{\"@type\":\"SearchAction\",\"target\":{\"@type\":\"EntryPoint\",\"urlTemplate\":\"https:\\\/\\\/www.purejewels.com\\\/?s={search_term_string}\"},\"query-input\":{\"@type\":\"PropertyValueSpecification\",\"valueRequired\":true,\"valueName\":\"search_term_string\"}}],\"inLanguage\":\"de\"},{\"@type\":\"Organization\",\"@id\":\"https:\\\/\\\/www.purejewels.com\\\/#organization\",\"name\":\"PureJewels UK\",\"url\":\"https:\\\/\\\/www.purejewels.com\\\/\",\"logo\":{\"@type\":\"ImageObject\",\"inLanguage\":\"de\",\"@id\":\"https:\\\/\\\/www.purejewels.com\\\/#\\\/schema\\\/logo\\\/image\\\/\",\"url\":\"https:\\\/\\\/static.purejewels.com\\\/wp-content\\\/uploads\\\/2020\\\/11\\\/Logo-PJ-New-1.png\",\"contentUrl\":\"https:\\\/\\\/static.purejewels.com\\\/wp-content\\\/uploads\\\/2020\\\/11\\\/Logo-PJ-New-1.png\",\"width\":150,\"height\":80,\"caption\":\"PureJewels UK\"},\"image\":{\"@id\":\"https:\\\/\\\/www.purejewels.com\\\/#\\\/schema\\\/logo\\\/image\\\/\"}}]}<\/script>\n<!-- \/ Yoast SEO plugin. -->","yoast_head_json":{"title":"22ct Gold Floral Drop Ohrringe | Jali Ohrringe | Online PureJewels","description":"Handgefertigte Ohrringe aus 22 Karat Gold mit feinen Details und einer anmutigen Silhouette. Mit britischer Punzierung und ideal f\u00fcr Hochzeiten und Geschenke.","robots":{"index":"index","follow":"follow","max-snippet":"max-snippet:-1","max-image-preview":"max-image-preview:large","max-video-preview":"max-video-preview:-1"},"canonical":"https:\/\/www.purejewels.com\/de\/produkt-2\/filigraner-ohrring-aus-22-karat-gold-33173\/","og_locale":"de_DE","og_type":"article","og_title":"22ct Gold Floral Drop Earrings | Jali Earrings | Online PureJewels","og_description":"Handcrafted 22ct gold lattice drop earrings with fine detailing and a graceful silhouette. UK hallmarked and ideal for weddings celebrations and gifting.","og_url":"https:\/\/www.purejewels.com\/de\/produkt-2\/filigraner-ohrring-aus-22-karat-gold-33173\/","og_site_name":"PureJewels UK","article_modified_time":"2026-02-13T07:30:30+00:00","og_image":[{"width":1000,"height":1000,"url":"https:\/\/static.purejewels.com\/wp-content\/uploads\/2020\/11\/image191604220.jpg","type":"image\/jpeg"}],"twitter_card":"summary_large_image","twitter_misc":{"Gesch\u00e4tzte Lesezeit":"1\u00a0Minute"},"schema":{"@context":"https:\/\/schema.org","@graph":[{"@type":["WebPage","ItemPage"],"@id":"https:\/\/www.purejewels.com\/product\/22-carat-gold-filigree-earring-33173\/","url":"https:\/\/www.purejewels.com\/product\/22-carat-gold-filigree-earring-33173\/","name":"22ct Gold Floral Drop Ohrringe | Jali Ohrringe | Online PureJewels","isPartOf":{"@id":"https:\/\/www.purejewels.com\/#website"},"primaryImageOfPage":{"@id":"https:\/\/www.purejewels.com\/product\/22-carat-gold-filigree-earring-33173\/#primaryimage"},"image":{"@id":"https:\/\/www.purejewels.com\/product\/22-carat-gold-filigree-earring-33173\/#primaryimage"},"thumbnailUrl":"https:\/\/static.purejewels.com\/wp-content\/uploads\/2020\/11\/image191604220.jpg","datePublished":"2020-11-04T11:39:56+00:00","dateModified":"2026-02-13T07:30:30+00:00","description":"Handgefertigte Ohrringe aus 22 Karat Gold mit feinen Details und einer anmutigen Silhouette. Mit britischer Punzierung und ideal f\u00fcr Hochzeiten und Geschenke.","breadcrumb":{"@id":"https:\/\/www.purejewels.com\/product\/22-carat-gold-filigree-earring-33173\/#breadcrumb"},"inLanguage":"de","potentialAction":[{"@type":"ReadAction","target":["https:\/\/www.purejewels.com\/product\/22-carat-gold-filigree-earring-33173\/"]}]},{"@type":"ImageObject","inLanguage":"de","@id":"https:\/\/www.purejewels.com\/product\/22-carat-gold-filigree-earring-33173\/#primaryimage","url":"https:\/\/static.purejewels.com\/wp-content\/uploads\/2020\/11\/image191604220.jpg","contentUrl":"https:\/\/static.purejewels.com\/wp-content\/uploads\/2020\/11\/image191604220.jpg","width":1000,"height":1000},{"@type":"BreadcrumbList","@id":"https:\/\/www.purejewels.com\/product\/22-carat-gold-filigree-earring-33173\/#breadcrumb","itemListElement":[{"@type":"ListItem","position":1,"name":"Home","item":"https:\/\/www.purejewels.com\/"},{"@type":"ListItem","position":2,"name":"Shop","item":"https:\/\/www.purejewels.com\/shop\/"},{"@type":"ListItem","position":3,"name":"22ct Gold Lattice Drop Earrings"}]},{"@type":"WebSite","@id":"https:\/\/www.purejewels.com\/#website","url":"https:\/\/www.purejewels.com\/","name":"PureJewels UK","description":"Teile die Liebe","publisher":{"@id":"https:\/\/www.purejewels.com\/#organization"},"potentialAction":[{"@type":"SearchAction","target":{"@type":"EntryPoint","urlTemplate":"https:\/\/www.purejewels.com\/?s={search_term_string}"},"query-input":{"@type":"PropertyValueSpecification","valueRequired":true,"valueName":"search_term_string"}}],"inLanguage":"de"},{"@type":"Organization","@id":"https:\/\/www.purejewels.com\/#organization","name":"PureJewels UK","url":"https:\/\/www.purejewels.com\/","logo":{"@type":"ImageObject","inLanguage":"de","@id":"https:\/\/www.purejewels.com\/#\/schema\/logo\/image\/","url":"https:\/\/static.purejewels.com\/wp-content\/uploads\/2020\/11\/Logo-PJ-New-1.png","contentUrl":"https:\/\/static.purejewels.com\/wp-content\/uploads\/2020\/11\/Logo-PJ-New-1.png","width":150,"height":80,"caption":"PureJewels UK"},"image":{"@id":"https:\/\/www.purejewels.com\/#\/schema\/logo\/image\/"}}]}},"_links":{"self":[{"href":"https:\/\/www.purejewels.com\/de\/wp-json\/wp\/v2\/product\/318821","targetHints":{"allow":["GET"]}}],"collection":[{"href":"https:\/\/www.purejewels.com\/de\/wp-json\/wp\/v2\/product"}],"about":[{"href":"https:\/\/www.purejewels.com\/de\/wp-json\/wp\/v2\/types\/product"}],"replies":[{"embeddable":true,"href":"https:\/\/www.purejewels.com\/de\/wp-json\/wp\/v2\/comments?post=318821"}],"version-history":[{"count":3,"href":"https:\/\/www.purejewels.com\/de\/wp-json\/wp\/v2\/product\/318821\/revisions"}],"predecessor-version":[{"id":422734,"href":"https:\/\/www.purejewels.com\/de\/wp-json\/wp\/v2\/product\/318821\/revisions\/422734"}],"wp:featuredmedia":[{"embeddable":true,"href":"https:\/\/www.purejewels.com\/de\/wp-json\/wp\/v2\/media\/319232"}],"wp:attachment":[{"href":"https:\/\/www.purejewels.com\/de\/wp-json\/wp\/v2\/media?parent=318821"}],"wp:term":[{"taxonomy":"product_brand","embeddable":true,"href":"https:\/\/www.purejewels.com\/de\/wp-json\/wp\/v2\/product_brand?post=318821"},{"taxonomy":"product_cat","embeddable":true,"href":"https:\/\/www.purejewels.com\/de\/wp-json\/wp\/v2\/product_cat?post=318821"},{"taxonomy":"product_tag","embeddable":true,"href":"https:\/\/www.purejewels.com\/de\/wp-json\/wp\/v2\/product_tag?post=318821"}],"curies":[{"name":"wp","href":"https:\/\/api.w.org\/{rel}","templated":true}]}}