{"id":318843,"date":"2020-11-05T05:07:54","date_gmt":"2020-11-05T05:07:54","guid":{"rendered":"https:\/\/www.purejewels.com\/product\/jali-collection-22ct-gold-earring-12-6gm\/"},"modified":"2026-01-06T06:59:03","modified_gmt":"2026-01-06T06:59:03","slug":"22ct-gold-indischer-braut-ohrring-26370","status":"publish","type":"product","link":"https:\/\/www.purejewels.com\/de\/product\/22ct-gold-indian-bridal-earring-26370\/","title":{"rendered":"22 Karat Gold Jali Filigran Brautohrringe"},"content":{"rendered":"<p><strong>Designkonzept<\/strong><br \/>\nDiese indischen Brautohrringe aus 22-kar\u00e4tigem Gold sind ein wahres Schmuckst\u00fcck f\u00fcr Ihren Hochzeitstag, das Ihren Brautlook mit Luxus und Anmut vervollst\u00e4ndigt. Gefertigt aus reichhaltigem 22-kar\u00e4tigem Gelbgold und mit einem Gewicht von 12,6 Gramm haben sie eine wundersch\u00f6ne Pr\u00e4senz, ohne \u00fcberw\u00e4ltigend zu wirken. Die filigranen Muster geh\u00f6ren zu unserer Jali Filigree Collection, die traditionelle durchbrochene Details und einen Hauch klassischer indischer Eleganz an Ihren besonderen Tag bringt.<\/p>\n<p><strong>Handwerkliches K\u00f6nnen<\/strong><br \/>\nJedes Paar wird sorgf\u00e4ltig aus hochreinem 22-kar\u00e4tigem Gold hergestellt und vom London Assay Office gestempelt, um die Echtheit und Qualit\u00e4t jedes Elements zu gew\u00e4hrleisten. Die zarte Filigranarbeit verst\u00e4rkt die Tiefe und Textur des Designs und f\u00e4ngt das Licht ein, wenn Sie sich bewegen.<\/p>\n<p><strong>Styling-Ideen<\/strong><br \/>\nKombinieren Sie diese Ohrringe mit einem passenden Maang Tikka, einer Halskette oder Armreifen f\u00fcr einen stimmigen indischen Braut-Look. Sie passen wunderbar zu Lehengas, Sarees oder Empfangskleidern und verleihen sowohl traditionellen als auch modernen Outfits einen raffinierten Glanz. Lassen Sie sie Ihr Gesicht mit einer sanft hochgesteckten Frisur umrahmen und seien Sie sich sicher, dass Sie ein Paar Ohrringe w\u00e4hlen, das Sie immer an die Eleganz und Feierlichkeit Ihres Hochzeitstages erinnern wird.<\/p>","protected":false},"excerpt":{"rendered":"<p>Traditionelle Ohrringe aus 22 Karat Gold in Tropfenform, verziert mit detaillierten Jali-Filigranmustern und einem charmanten Anh\u00e4nger \u2013 perfekt f\u00fcr Hochzeiten und festliche Anl\u00e4sse.<\/p>\n<ul>\n<li>22ct Gold indischer Braut-Ohrring<\/li>\n<li>Hergestellt aus 22 Karat Gelbgold<\/li>\n<li>Wt: 12,6 g<\/li>\n<li>Sku 26370<\/li>\n<li>Alle Preise inklusive Mehrwertsteuer<\/li>\n<li>Alle unsere Produkte sind vom London Assay Office gestempelt.<\/li>\n<li>Alle Sets werden mit Pr\u00e4sentationsbox geliefert<\/li>\n<li>Lieferung inbegriffen<\/li>\n<li>Live-Chat mit uns f\u00fcr die Verf\u00fcgbarkeit und mehr Bilder von \u00e4hnlichen Designs derzeit auf Lager<\/li>\n<\/ul>","protected":false},"featured_media":318991,"comment_status":"closed","ping_status":"closed","template":"","meta":{"_eb_attr":"","_crsspst_to_jayantr4sg-hostcom":true},"product_brand":[],"product_cat":[5315,1685,1254,252,1574],"product_tag":[],"class_list":{"0":"post-318843","1":"product","2":"type-product","3":"status-publish","4":"has-post-thumbnail","6":"product_cat-bridal-and-wedding-earrings","7":"product_cat-drop-earrings","8":"product_cat-gold-earrings","9":"product_cat-jali-collections","10":"product_cat-womens-jewellery","12":"first","13":"outofstock","14":"sale","15":"taxable","16":"shipping-taxable","17":"product-type-simple","18":"add-to-wishlist-before_image"},"yoast_head":"<!-- This site is optimized with the Yoast SEO plugin v27.3 - https:\/\/yoast.com\/product\/yoast-seo-wordpress\/ -->\n<title>22ct Jali Filigree Teardrop Earrings | Elegant Traditional Design<\/title>\n<meta name=\"description\" content=\"Discover 22ct gold jali filigree teardrop earrings featuring intricate latticework and drop charm \u2014 a graceful blend of traditional elegance and artisanal mastery.\" \/>\n<meta name=\"robots\" content=\"index, follow, max-snippet:-1, max-image-preview:large, max-video-preview:-1\" \/>\n<link rel=\"canonical\" href=\"https:\/\/www.purejewels.com\/de\/produkt-2\/22ct-gold-indischer-braut-ohrring-26370\/\" \/>\n<meta property=\"og:locale\" content=\"de_DE\" \/>\n<meta property=\"og:type\" content=\"article\" \/>\n<meta property=\"og:title\" content=\"22ct Jali Filigree Teardrop Earrings | Elegant Traditional Design\" \/>\n<meta property=\"og:description\" content=\"Discover 22ct gold jali filigree teardrop earrings featuring intricate latticework and drop charm \u2014 a graceful blend of traditional elegance and artisanal mastery.\" \/>\n<meta property=\"og:url\" content=\"https:\/\/www.purejewels.com\/de\/produkt-2\/22ct-gold-indischer-braut-ohrring-26370\/\" \/>\n<meta property=\"og:site_name\" content=\"PureJewels UK\" \/>\n<meta property=\"article:modified_time\" content=\"2026-01-06T06:59:03+00:00\" \/>\n<meta property=\"og:image\" content=\"https:\/\/static.purejewels.com\/wp-content\/uploads\/2020\/11\/image191272423.jpg\" \/>\n\t<meta property=\"og:image:width\" content=\"1000\" \/>\n\t<meta property=\"og:image:height\" content=\"1000\" \/>\n\t<meta property=\"og:image:type\" content=\"image\/jpeg\" \/>\n<meta name=\"twitter:card\" content=\"summary_large_image\" \/>\n<meta name=\"twitter:label1\" content=\"Gesch\u00e4tzte Lesezeit\" \/>\n\t<meta name=\"twitter:data1\" content=\"2\u00a0Minuten\" \/>\n<script type=\"application\/ld+json\" class=\"yoast-schema-graph\">{\"@context\":\"https:\\\/\\\/schema.org\",\"@graph\":[{\"@type\":[\"WebPage\",\"ItemPage\"],\"@id\":\"https:\\\/\\\/www.purejewels.com\\\/product\\\/22ct-gold-indian-bridal-earring-26370\\\/\",\"url\":\"https:\\\/\\\/www.purejewels.com\\\/product\\\/22ct-gold-indian-bridal-earring-26370\\\/\",\"name\":\"22ct Jali Filigree Teardrop Earrings | Elegant Traditional Design\",\"isPartOf\":{\"@id\":\"https:\\\/\\\/www.purejewels.com\\\/#website\"},\"primaryImageOfPage\":{\"@id\":\"https:\\\/\\\/www.purejewels.com\\\/product\\\/22ct-gold-indian-bridal-earring-26370\\\/#primaryimage\"},\"image\":{\"@id\":\"https:\\\/\\\/www.purejewels.com\\\/product\\\/22ct-gold-indian-bridal-earring-26370\\\/#primaryimage\"},\"thumbnailUrl\":\"https:\\\/\\\/static.purejewels.com\\\/wp-content\\\/uploads\\\/2020\\\/11\\\/image191272423.jpg\",\"datePublished\":\"2020-11-05T05:07:54+00:00\",\"dateModified\":\"2026-01-06T06:59:03+00:00\",\"description\":\"Discover 22ct gold jali filigree teardrop earrings featuring intricate latticework and drop charm \u2014 a graceful blend of traditional elegance and artisanal mastery.\",\"breadcrumb\":{\"@id\":\"https:\\\/\\\/www.purejewels.com\\\/product\\\/22ct-gold-indian-bridal-earring-26370\\\/#breadcrumb\"},\"inLanguage\":\"de\",\"potentialAction\":[{\"@type\":\"ReadAction\",\"target\":[\"https:\\\/\\\/www.purejewels.com\\\/product\\\/22ct-gold-indian-bridal-earring-26370\\\/\"]}]},{\"@type\":\"ImageObject\",\"inLanguage\":\"de\",\"@id\":\"https:\\\/\\\/www.purejewels.com\\\/product\\\/22ct-gold-indian-bridal-earring-26370\\\/#primaryimage\",\"url\":\"https:\\\/\\\/static.purejewels.com\\\/wp-content\\\/uploads\\\/2020\\\/11\\\/image191272423.jpg\",\"contentUrl\":\"https:\\\/\\\/static.purejewels.com\\\/wp-content\\\/uploads\\\/2020\\\/11\\\/image191272423.jpg\",\"width\":1000,\"height\":1000,\"caption\":\"Jali Collection 22ct Gold Earring-26370\"},{\"@type\":\"BreadcrumbList\",\"@id\":\"https:\\\/\\\/www.purejewels.com\\\/product\\\/22ct-gold-indian-bridal-earring-26370\\\/#breadcrumb\",\"itemListElement\":[{\"@type\":\"ListItem\",\"position\":1,\"name\":\"Home\",\"item\":\"https:\\\/\\\/www.purejewels.com\\\/\"},{\"@type\":\"ListItem\",\"position\":2,\"name\":\"Shop\",\"item\":\"https:\\\/\\\/www.purejewels.com\\\/shop\\\/\"},{\"@type\":\"ListItem\",\"position\":3,\"name\":\"22ct Gold Jali Filigree Bridal Earrings\"}]},{\"@type\":\"WebSite\",\"@id\":\"https:\\\/\\\/www.purejewels.com\\\/#website\",\"url\":\"https:\\\/\\\/www.purejewels.com\\\/\",\"name\":\"PureJewels UK\",\"description\":\"Share the Love\",\"publisher\":{\"@id\":\"https:\\\/\\\/www.purejewels.com\\\/#organization\"},\"potentialAction\":[{\"@type\":\"SearchAction\",\"target\":{\"@type\":\"EntryPoint\",\"urlTemplate\":\"https:\\\/\\\/www.purejewels.com\\\/?s={search_term_string}\"},\"query-input\":{\"@type\":\"PropertyValueSpecification\",\"valueRequired\":true,\"valueName\":\"search_term_string\"}}],\"inLanguage\":\"de\"},{\"@type\":\"Organization\",\"@id\":\"https:\\\/\\\/www.purejewels.com\\\/#organization\",\"name\":\"PureJewels UK\",\"url\":\"https:\\\/\\\/www.purejewels.com\\\/\",\"logo\":{\"@type\":\"ImageObject\",\"inLanguage\":\"de\",\"@id\":\"https:\\\/\\\/www.purejewels.com\\\/#\\\/schema\\\/logo\\\/image\\\/\",\"url\":\"https:\\\/\\\/static.purejewels.com\\\/wp-content\\\/uploads\\\/2020\\\/11\\\/Logo-PJ-New-1.png\",\"contentUrl\":\"https:\\\/\\\/static.purejewels.com\\\/wp-content\\\/uploads\\\/2020\\\/11\\\/Logo-PJ-New-1.png\",\"width\":150,\"height\":80,\"caption\":\"PureJewels UK\"},\"image\":{\"@id\":\"https:\\\/\\\/www.purejewels.com\\\/#\\\/schema\\\/logo\\\/image\\\/\"}}]}<\/script>\n<!-- \/ Yoast SEO plugin. -->","yoast_head_json":{"title":"22 Karat Jali-Filigran-Tropfenohrringe | Elegantes traditionelles Design","description":"Entdecken Sie diese Ohrringe aus 22 Karat Gold mit filigranem Jali-Design, aufwendiger Gitterarbeit und einem Anh\u00e4nger in Tropfenform \u2013 eine elegante Mischung aus traditioneller Eleganz und handwerklicher Meisterschaft.","robots":{"index":"index","follow":"follow","max-snippet":"max-snippet:-1","max-image-preview":"max-image-preview:large","max-video-preview":"max-video-preview:-1"},"canonical":"https:\/\/www.purejewels.com\/de\/produkt-2\/22ct-gold-indischer-braut-ohrring-26370\/","og_locale":"de_DE","og_type":"article","og_title":"22ct Jali Filigree Teardrop Earrings | Elegant Traditional Design","og_description":"Discover 22ct gold jali filigree teardrop earrings featuring intricate latticework and drop charm \u2014 a graceful blend of traditional elegance and artisanal mastery.","og_url":"https:\/\/www.purejewels.com\/de\/produkt-2\/22ct-gold-indischer-braut-ohrring-26370\/","og_site_name":"PureJewels UK","article_modified_time":"2026-01-06T06:59:03+00:00","og_image":[{"width":1000,"height":1000,"url":"https:\/\/static.purejewels.com\/wp-content\/uploads\/2020\/11\/image191272423.jpg","type":"image\/jpeg"}],"twitter_card":"summary_large_image","twitter_misc":{"Gesch\u00e4tzte Lesezeit":"2\u00a0Minuten"},"schema":{"@context":"https:\/\/schema.org","@graph":[{"@type":["WebPage","ItemPage"],"@id":"https:\/\/www.purejewels.com\/product\/22ct-gold-indian-bridal-earring-26370\/","url":"https:\/\/www.purejewels.com\/product\/22ct-gold-indian-bridal-earring-26370\/","name":"22 Karat Jali-Filigran-Tropfenohrringe | Elegantes traditionelles Design","isPartOf":{"@id":"https:\/\/www.purejewels.com\/#website"},"primaryImageOfPage":{"@id":"https:\/\/www.purejewels.com\/product\/22ct-gold-indian-bridal-earring-26370\/#primaryimage"},"image":{"@id":"https:\/\/www.purejewels.com\/product\/22ct-gold-indian-bridal-earring-26370\/#primaryimage"},"thumbnailUrl":"https:\/\/static.purejewels.com\/wp-content\/uploads\/2020\/11\/image191272423.jpg","datePublished":"2020-11-05T05:07:54+00:00","dateModified":"2026-01-06T06:59:03+00:00","description":"Entdecken Sie diese Ohrringe aus 22 Karat Gold mit filigranem Jali-Design, aufwendiger Gitterarbeit und einem Anh\u00e4nger in Tropfenform \u2013 eine elegante Mischung aus traditioneller Eleganz und handwerklicher Meisterschaft.","breadcrumb":{"@id":"https:\/\/www.purejewels.com\/product\/22ct-gold-indian-bridal-earring-26370\/#breadcrumb"},"inLanguage":"de","potentialAction":[{"@type":"ReadAction","target":["https:\/\/www.purejewels.com\/product\/22ct-gold-indian-bridal-earring-26370\/"]}]},{"@type":"ImageObject","inLanguage":"de","@id":"https:\/\/www.purejewels.com\/product\/22ct-gold-indian-bridal-earring-26370\/#primaryimage","url":"https:\/\/static.purejewels.com\/wp-content\/uploads\/2020\/11\/image191272423.jpg","contentUrl":"https:\/\/static.purejewels.com\/wp-content\/uploads\/2020\/11\/image191272423.jpg","width":1000,"height":1000,"caption":"Jali Collection 22ct Gold Earring-26370"},{"@type":"BreadcrumbList","@id":"https:\/\/www.purejewels.com\/product\/22ct-gold-indian-bridal-earring-26370\/#breadcrumb","itemListElement":[{"@type":"ListItem","position":1,"name":"Home","item":"https:\/\/www.purejewels.com\/"},{"@type":"ListItem","position":2,"name":"Shop","item":"https:\/\/www.purejewels.com\/shop\/"},{"@type":"ListItem","position":3,"name":"22ct Gold Jali Filigree Bridal Earrings"}]},{"@type":"WebSite","@id":"https:\/\/www.purejewels.com\/#website","url":"https:\/\/www.purejewels.com\/","name":"PureJewels UK","description":"Teile die Liebe","publisher":{"@id":"https:\/\/www.purejewels.com\/#organization"},"potentialAction":[{"@type":"SearchAction","target":{"@type":"EntryPoint","urlTemplate":"https:\/\/www.purejewels.com\/?s={search_term_string}"},"query-input":{"@type":"PropertyValueSpecification","valueRequired":true,"valueName":"search_term_string"}}],"inLanguage":"de"},{"@type":"Organization","@id":"https:\/\/www.purejewels.com\/#organization","name":"PureJewels UK","url":"https:\/\/www.purejewels.com\/","logo":{"@type":"ImageObject","inLanguage":"de","@id":"https:\/\/www.purejewels.com\/#\/schema\/logo\/image\/","url":"https:\/\/static.purejewels.com\/wp-content\/uploads\/2020\/11\/Logo-PJ-New-1.png","contentUrl":"https:\/\/static.purejewels.com\/wp-content\/uploads\/2020\/11\/Logo-PJ-New-1.png","width":150,"height":80,"caption":"PureJewels UK"},"image":{"@id":"https:\/\/www.purejewels.com\/#\/schema\/logo\/image\/"}}]}},"_links":{"self":[{"href":"https:\/\/www.purejewels.com\/de\/wp-json\/wp\/v2\/product\/318843","targetHints":{"allow":["GET"]}}],"collection":[{"href":"https:\/\/www.purejewels.com\/de\/wp-json\/wp\/v2\/product"}],"about":[{"href":"https:\/\/www.purejewels.com\/de\/wp-json\/wp\/v2\/types\/product"}],"replies":[{"embeddable":true,"href":"https:\/\/www.purejewels.com\/de\/wp-json\/wp\/v2\/comments?post=318843"}],"version-history":[{"count":4,"href":"https:\/\/www.purejewels.com\/de\/wp-json\/wp\/v2\/product\/318843\/revisions"}],"predecessor-version":[{"id":423899,"href":"https:\/\/www.purejewels.com\/de\/wp-json\/wp\/v2\/product\/318843\/revisions\/423899"}],"wp:featuredmedia":[{"embeddable":true,"href":"https:\/\/www.purejewels.com\/de\/wp-json\/wp\/v2\/media\/318991"}],"wp:attachment":[{"href":"https:\/\/www.purejewels.com\/de\/wp-json\/wp\/v2\/media?parent=318843"}],"wp:term":[{"taxonomy":"product_brand","embeddable":true,"href":"https:\/\/www.purejewels.com\/de\/wp-json\/wp\/v2\/product_brand?post=318843"},{"taxonomy":"product_cat","embeddable":true,"href":"https:\/\/www.purejewels.com\/de\/wp-json\/wp\/v2\/product_cat?post=318843"},{"taxonomy":"product_tag","embeddable":true,"href":"https:\/\/www.purejewels.com\/de\/wp-json\/wp\/v2\/product_tag?post=318843"}],"curies":[{"name":"wp","href":"https:\/\/api.w.org\/{rel}","templated":true}]}}