{"id":318855,"date":"2020-11-05T06:01:28","date_gmt":"2020-11-05T06:01:28","guid":{"rendered":"https:\/\/www.purejewels.com\/product\/22ct-gold-pendant-4-9gm\/"},"modified":"2026-01-06T07:29:52","modified_gmt":"2026-01-06T07:29:52","slug":"lord-sri-krishna-gold-anhanger-33076","status":"publish","type":"product","link":"https:\/\/www.purejewels.com\/de\/product\/lord-sri-krishna-gold-pendant-33076\/","title":{"rendered":"Krishna Gopala Emaille-Anh\u00e4nger aus 22 Karat Gold"},"content":{"rendered":"<p data-start=\"365\" data-end=\"670\">Der Krishna Gopala Emaille-Anh\u00e4nger aus 22 Karat Gold zeigt eine ruhige, handgemalte Szene, in der Lord Krishna mit seiner Kuh steht und Schutz, Hingabe und Mitgef\u00fchl symbolisiert. Umrahmt von einem strukturierten Goldrand ist das Miniaturkunstwerk in traditionellen Emaillefarben reich detailliert gestaltet.<\/p>\n<p data-start=\"672\" data-end=\"950\" data-is-last-node=\"\" data-is-only-node=\"\">Der Anh\u00e4nger ist aus hochreinem 22-kar\u00e4tigem Gold gefertigt und hat eine warme, leuchtende Oberfl\u00e4che und eine klassische ovale Silhouette, die sich elegant an die Brust schmiegt. Tragen Sie ihn jeden Tag als pers\u00f6nlichen Ausdruck Ihres Glaubens oder verschenken Sie ihn zu Geburtstagen, Festen und anderen feierlichen Anl\u00e4ssen als bedeutungsvolles Andenken.<\/p>","protected":false},"excerpt":{"rendered":"<p>&nbsp;<\/p>\n<ul>\n<li>Lord Sri Krishna Gold-Anh\u00e4nger<\/li>\n<li>Aus 22 kt indischem Gelbgold<\/li>\n<li>Gewicht. 4,9 Gramm<\/li>\n<li>SKU. 33076<\/li>\n<li>L\u00e4nge 1 Zoll<\/li>\n<li>Kette nicht enthalten<\/li>\n<li>Die auf dem Bild gezeigte Kette ist eine\u00a0<strong>Box-Kette<\/strong><\/li>\n<li>Alle unsere Produkte sind vom London Assay Office gestempelt.<\/li>\n<li>Mit Pr\u00e4sentationsbox<\/li>\n<li>Lieferung inbegriffen<\/li>\n<li>Alle Preise inklusive Mehrwertsteuer<\/li>\n<li>Live-Chat mit uns f\u00fcr die Verf\u00fcgbarkeit und mehr Bilder von Hindu Religi\u00f6se Anh\u00e4nger derzeit auf Lager<\/li>\n<\/ul>\n<p>&nbsp;<\/p>","protected":false},"featured_media":319213,"comment_status":"closed","ping_status":"closed","template":"","meta":{"_eb_attr":"","_crsspst_to_jayantr4sg-hostcom":true},"product_brand":[],"product_cat":[1255,5344,1572,1701],"product_tag":[],"class_list":{"0":"post-318855","1":"product","2":"type-product","3":"status-publish","4":"has-post-thumbnail","6":"product_cat-gold-pendants","7":"product_cat-jewellery-under-750","8":"product_cat-mens-jewellery","9":"product_cat-religious-pendants","11":"first","12":"outofstock","13":"taxable","14":"shipping-taxable","15":"product-type-simple","16":"add-to-wishlist-before_image"},"yoast_head":"<!-- This site is optimized with the Yoast SEO plugin v27.3 - https:\/\/yoast.com\/product\/yoast-seo-wordpress\/ -->\n<title>Krishna Gopala Enamel Pendant in 22ct Gold | PureJewels<\/title>\n<meta name=\"description\" content=\"Krishna Gopala enamel pendant in 22ct gold, featuring a hand-painted scene of Lord Krishna with cow, crafted for devotional daily wear and gifting.\" \/>\n<meta name=\"robots\" content=\"index, follow, max-snippet:-1, max-image-preview:large, max-video-preview:-1\" \/>\n<link rel=\"canonical\" href=\"https:\/\/www.purejewels.com\/de\/produkt-2\/lord-sri-krishna-gold-anhanger-33076\/\" \/>\n<meta property=\"og:locale\" content=\"de_DE\" \/>\n<meta property=\"og:type\" content=\"article\" \/>\n<meta property=\"og:title\" content=\"Krishna Gopala Enamel Pendant in 22ct Gold | PureJewels\" \/>\n<meta property=\"og:description\" content=\"Krishna Gopala enamel pendant in 22ct gold, featuring a hand-painted scene of Lord Krishna with cow, crafted for devotional daily wear and gifting.\" \/>\n<meta property=\"og:url\" content=\"https:\/\/www.purejewels.com\/de\/produkt-2\/lord-sri-krishna-gold-anhanger-33076\/\" \/>\n<meta property=\"og:site_name\" content=\"PureJewels UK\" \/>\n<meta property=\"article:modified_time\" content=\"2026-01-06T07:29:52+00:00\" \/>\n<meta property=\"og:image\" content=\"https:\/\/www.purejewels.com\/wp-content\/uploads\/2020\/11\/image191408269.jpg\" \/>\n\t<meta property=\"og:image:width\" content=\"1000\" \/>\n\t<meta property=\"og:image:height\" content=\"1000\" \/>\n\t<meta property=\"og:image:type\" content=\"image\/jpeg\" \/>\n<meta name=\"twitter:card\" content=\"summary_large_image\" \/>\n<meta name=\"twitter:label1\" content=\"Gesch\u00e4tzte Lesezeit\" \/>\n\t<meta name=\"twitter:data1\" content=\"1\u00a0Minute\" \/>\n<script type=\"application\/ld+json\" class=\"yoast-schema-graph\">{\"@context\":\"https:\\\/\\\/schema.org\",\"@graph\":[{\"@type\":[\"WebPage\",\"ItemPage\"],\"@id\":\"https:\\\/\\\/www.purejewels.com\\\/product\\\/lord-sri-krishna-gold-pendant-33076\\\/\",\"url\":\"https:\\\/\\\/www.purejewels.com\\\/product\\\/lord-sri-krishna-gold-pendant-33076\\\/\",\"name\":\"Krishna Gopala Enamel Pendant in 22ct Gold | PureJewels\",\"isPartOf\":{\"@id\":\"https:\\\/\\\/www.purejewels.com\\\/#website\"},\"primaryImageOfPage\":{\"@id\":\"https:\\\/\\\/www.purejewels.com\\\/product\\\/lord-sri-krishna-gold-pendant-33076\\\/#primaryimage\"},\"image\":{\"@id\":\"https:\\\/\\\/www.purejewels.com\\\/product\\\/lord-sri-krishna-gold-pendant-33076\\\/#primaryimage\"},\"thumbnailUrl\":\"https:\\\/\\\/static.purejewels.com\\\/wp-content\\\/uploads\\\/2020\\\/11\\\/image191408269.jpg\",\"datePublished\":\"2020-11-05T06:01:28+00:00\",\"dateModified\":\"2026-01-06T07:29:52+00:00\",\"description\":\"Krishna Gopala enamel pendant in 22ct gold, featuring a hand-painted scene of Lord Krishna with cow, crafted for devotional daily wear and gifting.\",\"breadcrumb\":{\"@id\":\"https:\\\/\\\/www.purejewels.com\\\/product\\\/lord-sri-krishna-gold-pendant-33076\\\/#breadcrumb\"},\"inLanguage\":\"de\",\"potentialAction\":[{\"@type\":\"ReadAction\",\"target\":[\"https:\\\/\\\/www.purejewels.com\\\/product\\\/lord-sri-krishna-gold-pendant-33076\\\/\"]}]},{\"@type\":\"ImageObject\",\"inLanguage\":\"de\",\"@id\":\"https:\\\/\\\/www.purejewels.com\\\/product\\\/lord-sri-krishna-gold-pendant-33076\\\/#primaryimage\",\"url\":\"https:\\\/\\\/static.purejewels.com\\\/wp-content\\\/uploads\\\/2020\\\/11\\\/image191408269.jpg\",\"contentUrl\":\"https:\\\/\\\/static.purejewels.com\\\/wp-content\\\/uploads\\\/2020\\\/11\\\/image191408269.jpg\",\"width\":1000,\"height\":1000},{\"@type\":\"BreadcrumbList\",\"@id\":\"https:\\\/\\\/www.purejewels.com\\\/product\\\/lord-sri-krishna-gold-pendant-33076\\\/#breadcrumb\",\"itemListElement\":[{\"@type\":\"ListItem\",\"position\":1,\"name\":\"Home\",\"item\":\"https:\\\/\\\/www.purejewels.com\\\/\"},{\"@type\":\"ListItem\",\"position\":2,\"name\":\"Shop\",\"item\":\"https:\\\/\\\/www.purejewels.com\\\/shop\\\/\"},{\"@type\":\"ListItem\",\"position\":3,\"name\":\"Krishna Gopala Enamel Pendant in 22ct Gold\"}]},{\"@type\":\"WebSite\",\"@id\":\"https:\\\/\\\/www.purejewels.com\\\/#website\",\"url\":\"https:\\\/\\\/www.purejewels.com\\\/\",\"name\":\"PureJewels UK\",\"description\":\"Share the Love\",\"publisher\":{\"@id\":\"https:\\\/\\\/www.purejewels.com\\\/#organization\"},\"potentialAction\":[{\"@type\":\"SearchAction\",\"target\":{\"@type\":\"EntryPoint\",\"urlTemplate\":\"https:\\\/\\\/www.purejewels.com\\\/?s={search_term_string}\"},\"query-input\":{\"@type\":\"PropertyValueSpecification\",\"valueRequired\":true,\"valueName\":\"search_term_string\"}}],\"inLanguage\":\"de\"},{\"@type\":\"Organization\",\"@id\":\"https:\\\/\\\/www.purejewels.com\\\/#organization\",\"name\":\"PureJewels UK\",\"url\":\"https:\\\/\\\/www.purejewels.com\\\/\",\"logo\":{\"@type\":\"ImageObject\",\"inLanguage\":\"de\",\"@id\":\"https:\\\/\\\/www.purejewels.com\\\/#\\\/schema\\\/logo\\\/image\\\/\",\"url\":\"https:\\\/\\\/static.purejewels.com\\\/wp-content\\\/uploads\\\/2020\\\/11\\\/Logo-PJ-New-1.png\",\"contentUrl\":\"https:\\\/\\\/static.purejewels.com\\\/wp-content\\\/uploads\\\/2020\\\/11\\\/Logo-PJ-New-1.png\",\"width\":150,\"height\":80,\"caption\":\"PureJewels UK\"},\"image\":{\"@id\":\"https:\\\/\\\/www.purejewels.com\\\/#\\\/schema\\\/logo\\\/image\\\/\"}}]}<\/script>\n<!-- \/ Yoast SEO plugin. -->","yoast_head_json":{"title":"Krishna Gopala Emaille-Anh\u00e4nger aus 22 Karat Gold | PureJewels","description":"Krishna Gopala Emaille-Anh\u00e4nger aus 22 Karat Gold mit einer handgemalten Szene von Lord Krishna mit Kuh, hergestellt f\u00fcr den t\u00e4glichen Gebrauch und als Geschenk.","robots":{"index":"index","follow":"follow","max-snippet":"max-snippet:-1","max-image-preview":"max-image-preview:large","max-video-preview":"max-video-preview:-1"},"canonical":"https:\/\/www.purejewels.com\/de\/produkt-2\/lord-sri-krishna-gold-anhanger-33076\/","og_locale":"de_DE","og_type":"article","og_title":"Krishna Gopala Enamel Pendant in 22ct Gold | PureJewels","og_description":"Krishna Gopala enamel pendant in 22ct gold, featuring a hand-painted scene of Lord Krishna with cow, crafted for devotional daily wear and gifting.","og_url":"https:\/\/www.purejewels.com\/de\/produkt-2\/lord-sri-krishna-gold-anhanger-33076\/","og_site_name":"PureJewels UK","article_modified_time":"2026-01-06T07:29:52+00:00","og_image":[{"width":1000,"height":1000,"url":"https:\/\/www.purejewels.com\/wp-content\/uploads\/2020\/11\/image191408269.jpg","type":"image\/jpeg"}],"twitter_card":"summary_large_image","twitter_misc":{"Gesch\u00e4tzte Lesezeit":"1\u00a0Minute"},"schema":{"@context":"https:\/\/schema.org","@graph":[{"@type":["WebPage","ItemPage"],"@id":"https:\/\/www.purejewels.com\/product\/lord-sri-krishna-gold-pendant-33076\/","url":"https:\/\/www.purejewels.com\/product\/lord-sri-krishna-gold-pendant-33076\/","name":"Krishna Gopala Emaille-Anh\u00e4nger aus 22 Karat Gold | PureJewels","isPartOf":{"@id":"https:\/\/www.purejewels.com\/#website"},"primaryImageOfPage":{"@id":"https:\/\/www.purejewels.com\/product\/lord-sri-krishna-gold-pendant-33076\/#primaryimage"},"image":{"@id":"https:\/\/www.purejewels.com\/product\/lord-sri-krishna-gold-pendant-33076\/#primaryimage"},"thumbnailUrl":"https:\/\/static.purejewels.com\/wp-content\/uploads\/2020\/11\/image191408269.jpg","datePublished":"2020-11-05T06:01:28+00:00","dateModified":"2026-01-06T07:29:52+00:00","description":"Krishna Gopala Emaille-Anh\u00e4nger aus 22 Karat Gold mit einer handgemalten Szene von Lord Krishna mit Kuh, hergestellt f\u00fcr den t\u00e4glichen Gebrauch und als Geschenk.","breadcrumb":{"@id":"https:\/\/www.purejewels.com\/product\/lord-sri-krishna-gold-pendant-33076\/#breadcrumb"},"inLanguage":"de","potentialAction":[{"@type":"ReadAction","target":["https:\/\/www.purejewels.com\/product\/lord-sri-krishna-gold-pendant-33076\/"]}]},{"@type":"ImageObject","inLanguage":"de","@id":"https:\/\/www.purejewels.com\/product\/lord-sri-krishna-gold-pendant-33076\/#primaryimage","url":"https:\/\/static.purejewels.com\/wp-content\/uploads\/2020\/11\/image191408269.jpg","contentUrl":"https:\/\/static.purejewels.com\/wp-content\/uploads\/2020\/11\/image191408269.jpg","width":1000,"height":1000},{"@type":"BreadcrumbList","@id":"https:\/\/www.purejewels.com\/product\/lord-sri-krishna-gold-pendant-33076\/#breadcrumb","itemListElement":[{"@type":"ListItem","position":1,"name":"Home","item":"https:\/\/www.purejewels.com\/"},{"@type":"ListItem","position":2,"name":"Shop","item":"https:\/\/www.purejewels.com\/shop\/"},{"@type":"ListItem","position":3,"name":"Krishna Gopala Enamel Pendant in 22ct Gold"}]},{"@type":"WebSite","@id":"https:\/\/www.purejewels.com\/#website","url":"https:\/\/www.purejewels.com\/","name":"PureJewels UK","description":"Teile die Liebe","publisher":{"@id":"https:\/\/www.purejewels.com\/#organization"},"potentialAction":[{"@type":"SearchAction","target":{"@type":"EntryPoint","urlTemplate":"https:\/\/www.purejewels.com\/?s={search_term_string}"},"query-input":{"@type":"PropertyValueSpecification","valueRequired":true,"valueName":"search_term_string"}}],"inLanguage":"de"},{"@type":"Organization","@id":"https:\/\/www.purejewels.com\/#organization","name":"PureJewels UK","url":"https:\/\/www.purejewels.com\/","logo":{"@type":"ImageObject","inLanguage":"de","@id":"https:\/\/www.purejewels.com\/#\/schema\/logo\/image\/","url":"https:\/\/static.purejewels.com\/wp-content\/uploads\/2020\/11\/Logo-PJ-New-1.png","contentUrl":"https:\/\/static.purejewels.com\/wp-content\/uploads\/2020\/11\/Logo-PJ-New-1.png","width":150,"height":80,"caption":"PureJewels UK"},"image":{"@id":"https:\/\/www.purejewels.com\/#\/schema\/logo\/image\/"}}]}},"_links":{"self":[{"href":"https:\/\/www.purejewels.com\/de\/wp-json\/wp\/v2\/product\/318855","targetHints":{"allow":["GET"]}}],"collection":[{"href":"https:\/\/www.purejewels.com\/de\/wp-json\/wp\/v2\/product"}],"about":[{"href":"https:\/\/www.purejewels.com\/de\/wp-json\/wp\/v2\/types\/product"}],"replies":[{"embeddable":true,"href":"https:\/\/www.purejewels.com\/de\/wp-json\/wp\/v2\/comments?post=318855"}],"version-history":[{"count":3,"href":"https:\/\/www.purejewels.com\/de\/wp-json\/wp\/v2\/product\/318855\/revisions"}],"predecessor-version":[{"id":421271,"href":"https:\/\/www.purejewels.com\/de\/wp-json\/wp\/v2\/product\/318855\/revisions\/421271"}],"wp:featuredmedia":[{"embeddable":true,"href":"https:\/\/www.purejewels.com\/de\/wp-json\/wp\/v2\/media\/319213"}],"wp:attachment":[{"href":"https:\/\/www.purejewels.com\/de\/wp-json\/wp\/v2\/media?parent=318855"}],"wp:term":[{"taxonomy":"product_brand","embeddable":true,"href":"https:\/\/www.purejewels.com\/de\/wp-json\/wp\/v2\/product_brand?post=318855"},{"taxonomy":"product_cat","embeddable":true,"href":"https:\/\/www.purejewels.com\/de\/wp-json\/wp\/v2\/product_cat?post=318855"},{"taxonomy":"product_tag","embeddable":true,"href":"https:\/\/www.purejewels.com\/de\/wp-json\/wp\/v2\/product_tag?post=318855"}],"curies":[{"name":"wp","href":"https:\/\/api.w.org\/{rel}","templated":true}]}}