{"id":318903,"date":"2020-11-06T14:03:54","date_gmt":"2020-11-06T14:03:54","guid":{"rendered":"https:\/\/www.purejewels.com\/product\/pamp-swiss-made-fine-gold-bar\/"},"modified":"2026-04-06T11:58:46","modified_gmt":"2026-04-06T10:58:46","slug":"pamp-swiss-made-feingoldbarren-20-g","status":"publish","type":"product","link":"https:\/\/www.purejewels.com\/de\/product\/pamp-swiss-made-fine-gold-bar-20-g\/","title":{"rendered":"Feines reines Gold Barren 20gms"},"content":{"rendered":"<p>Dieser 20-g-Goldbarren ist ein Symbol f\u00fcr Luxus und Reichtum. Er wird aus 24-kar\u00e4tigem Feingold mit einem Reinheitsgrad von 999,9 hergestellt. Jeder Barren wird von renommierten Marken wie Pamp hergestellt, um h\u00f6chste Qualit\u00e4t und Authentizit\u00e4t zu gew\u00e4hrleisten. Mit einer Dicke von 1,88 mm ist dieser Goldbarren ein kompaktes und dennoch wertvolles Investitionsst\u00fcck.<\/p>\n<p>Kaufen Sie im Vertrauen darauf, dass Sie ein echtes und <a href=\"https:\/\/www.purejewels.com\/de\/produkt-kategorie\/barren-munzen\/goldbarren\/\" target=\"_blank\" rel=\"noopener\">Feingoldbarren<\/a> die sich perfekt f\u00fcr Investitionen oder als Geschenk eignet.<\/p>\n<p>Genie\u00dfen Sie den Komfort einer kostenlosen, verfolgbaren Lieferung und sicherer Online-Zahlungen, wenn Sie bei uns einkaufen.<\/p>\n<p>Erg\u00e4nzen Sie noch heute Ihre Sammlung mit diesem 20g Goldbarren und erleben Sie die zeitlose Sch\u00f6nheit und den Wert von reinem Gold. Investieren Sie in Ihre Zukunft mit diesem edlen St\u00fcck Edelmetall.<\/p>","protected":false},"excerpt":{"rendered":"<p>Ein 20-Gramm-Goldbarren aus feinem 24-kar\u00e4tigem Gold Pamp oder ein gleichwertiger Markenbarren.<\/p>\n<ul id=\"skusDisplayContentListUL\">\n<li><strong>METALL<\/strong>\u00a0Gold 999,9<\/li>\n<li><strong>GEWICHT\u00a0<\/strong>20 gm<\/li>\n<li><strong>DICHTE\u00a0<\/strong>1,88 mm<\/li>\n<\/ul>","protected":false},"featured_media":318904,"comment_status":"closed","ping_status":"closed","template":"","meta":{"_eb_attr":"","_crsspst_to_jayantr4sg-hostcom":false},"product_brand":[],"product_cat":[1482],"product_tag":[],"class_list":{"0":"post-318903","1":"product","2":"type-product","3":"status-publish","4":"has-post-thumbnail","6":"product_cat-uncategorized","8":"first","9":"outofstock","10":"product-type-simple","11":"add-to-wishlist-before_image"},"yoast_head":"<!-- This site is optimized with the Yoast SEO plugin v27.3 - https:\/\/yoast.com\/product\/yoast-seo-wordpress\/ -->\n<title>Fine Pure Gold Bar 20gms - PureJewels UK<\/title>\n<meta name=\"robots\" content=\"index, follow, max-snippet:-1, max-image-preview:large, max-video-preview:-1\" \/>\n<link rel=\"canonical\" href=\"https:\/\/www.purejewels.com\/de\/produkt-2\/pamp-swiss-made-feingoldbarren-20-g\/\" \/>\n<meta property=\"og:locale\" content=\"de_DE\" \/>\n<meta property=\"og:type\" content=\"article\" \/>\n<meta property=\"og:title\" content=\"Fine Pure Gold Bar 20gms - PureJewels UK\" \/>\n<meta property=\"og:description\" content=\"A 20Gram Gold bullion bar of fine 24-karat Gold Pamp or any equivalent Branded bar.   METAL\u00a0Gold 999.9  WEIGHT\u00a020 gm  THICKNESS\u00a01.88 mm\" \/>\n<meta property=\"og:url\" content=\"https:\/\/www.purejewels.com\/de\/produkt-2\/pamp-swiss-made-feingoldbarren-20-g\/\" \/>\n<meta property=\"og:site_name\" content=\"PureJewels UK\" \/>\n<meta property=\"article:modified_time\" content=\"2026-04-06T10:58:46+00:00\" \/>\n<meta property=\"og:image\" content=\"https:\/\/static.purejewels.com\/wp-content\/uploads\/2020\/11\/image190762479.jpg\" \/>\n\t<meta property=\"og:image:width\" content=\"470\" \/>\n\t<meta property=\"og:image:height\" content=\"470\" \/>\n\t<meta property=\"og:image:type\" content=\"image\/jpeg\" \/>\n<meta name=\"twitter:card\" content=\"summary_large_image\" \/>\n<meta name=\"twitter:label1\" content=\"Gesch\u00e4tzte Lesezeit\" \/>\n\t<meta name=\"twitter:data1\" content=\"1\u00a0Minute\" \/>\n<script type=\"application\/ld+json\" class=\"yoast-schema-graph\">{\"@context\":\"https:\\\/\\\/schema.org\",\"@graph\":[{\"@type\":[\"WebPage\",\"ItemPage\"],\"@id\":\"https:\\\/\\\/www.purejewels.com\\\/product\\\/pamp-swiss-made-fine-gold-bar-20-g\\\/\",\"url\":\"https:\\\/\\\/www.purejewels.com\\\/product\\\/pamp-swiss-made-fine-gold-bar-20-g\\\/\",\"name\":\"Fine Pure Gold Bar 20gms - PureJewels UK\",\"isPartOf\":{\"@id\":\"https:\\\/\\\/www.purejewels.com\\\/#website\"},\"primaryImageOfPage\":{\"@id\":\"https:\\\/\\\/www.purejewels.com\\\/product\\\/pamp-swiss-made-fine-gold-bar-20-g\\\/#primaryimage\"},\"image\":{\"@id\":\"https:\\\/\\\/www.purejewels.com\\\/product\\\/pamp-swiss-made-fine-gold-bar-20-g\\\/#primaryimage\"},\"thumbnailUrl\":\"https:\\\/\\\/static.purejewels.com\\\/wp-content\\\/uploads\\\/2020\\\/11\\\/image190762479.jpg\",\"datePublished\":\"2020-11-06T14:03:54+00:00\",\"dateModified\":\"2026-04-06T10:58:46+00:00\",\"breadcrumb\":{\"@id\":\"https:\\\/\\\/www.purejewels.com\\\/product\\\/pamp-swiss-made-fine-gold-bar-20-g\\\/#breadcrumb\"},\"inLanguage\":\"de\",\"potentialAction\":[{\"@type\":\"ReadAction\",\"target\":[\"https:\\\/\\\/www.purejewels.com\\\/product\\\/pamp-swiss-made-fine-gold-bar-20-g\\\/\"]}]},{\"@type\":\"ImageObject\",\"inLanguage\":\"de\",\"@id\":\"https:\\\/\\\/www.purejewels.com\\\/product\\\/pamp-swiss-made-fine-gold-bar-20-g\\\/#primaryimage\",\"url\":\"https:\\\/\\\/static.purejewels.com\\\/wp-content\\\/uploads\\\/2020\\\/11\\\/image190762479.jpg\",\"contentUrl\":\"https:\\\/\\\/static.purejewels.com\\\/wp-content\\\/uploads\\\/2020\\\/11\\\/image190762479.jpg\",\"width\":470,\"height\":470},{\"@type\":\"BreadcrumbList\",\"@id\":\"https:\\\/\\\/www.purejewels.com\\\/product\\\/pamp-swiss-made-fine-gold-bar-20-g\\\/#breadcrumb\",\"itemListElement\":[{\"@type\":\"ListItem\",\"position\":1,\"name\":\"Home\",\"item\":\"https:\\\/\\\/www.purejewels.com\\\/\"},{\"@type\":\"ListItem\",\"position\":2,\"name\":\"Shop\",\"item\":\"https:\\\/\\\/www.purejewels.com\\\/shop\\\/\"},{\"@type\":\"ListItem\",\"position\":3,\"name\":\"Fine Pure Gold Bar 20gms\"}]},{\"@type\":\"WebSite\",\"@id\":\"https:\\\/\\\/www.purejewels.com\\\/#website\",\"url\":\"https:\\\/\\\/www.purejewels.com\\\/\",\"name\":\"PureJewels UK\",\"description\":\"Share the Love\",\"publisher\":{\"@id\":\"https:\\\/\\\/www.purejewels.com\\\/#organization\"},\"potentialAction\":[{\"@type\":\"SearchAction\",\"target\":{\"@type\":\"EntryPoint\",\"urlTemplate\":\"https:\\\/\\\/www.purejewels.com\\\/?s={search_term_string}\"},\"query-input\":{\"@type\":\"PropertyValueSpecification\",\"valueRequired\":true,\"valueName\":\"search_term_string\"}}],\"inLanguage\":\"de\"},{\"@type\":\"Organization\",\"@id\":\"https:\\\/\\\/www.purejewels.com\\\/#organization\",\"name\":\"PureJewels UK\",\"url\":\"https:\\\/\\\/www.purejewels.com\\\/\",\"logo\":{\"@type\":\"ImageObject\",\"inLanguage\":\"de\",\"@id\":\"https:\\\/\\\/www.purejewels.com\\\/#\\\/schema\\\/logo\\\/image\\\/\",\"url\":\"https:\\\/\\\/static.purejewels.com\\\/wp-content\\\/uploads\\\/2020\\\/11\\\/Logo-PJ-New-1.png\",\"contentUrl\":\"https:\\\/\\\/static.purejewels.com\\\/wp-content\\\/uploads\\\/2020\\\/11\\\/Logo-PJ-New-1.png\",\"width\":150,\"height\":80,\"caption\":\"PureJewels UK\"},\"image\":{\"@id\":\"https:\\\/\\\/www.purejewels.com\\\/#\\\/schema\\\/logo\\\/image\\\/\"}}]}<\/script>\n<!-- \/ Yoast SEO plugin. -->","yoast_head_json":{"title":"Feines reines Gold Barren 20gms - PureJewels UK","robots":{"index":"index","follow":"follow","max-snippet":"max-snippet:-1","max-image-preview":"max-image-preview:large","max-video-preview":"max-video-preview:-1"},"canonical":"https:\/\/www.purejewels.com\/de\/produkt-2\/pamp-swiss-made-feingoldbarren-20-g\/","og_locale":"de_DE","og_type":"article","og_title":"Fine Pure Gold Bar 20gms - PureJewels UK","og_description":"A 20Gram Gold bullion bar of fine 24-karat Gold Pamp or any equivalent Branded bar.   METAL\u00a0Gold 999.9  WEIGHT\u00a020 gm  THICKNESS\u00a01.88 mm","og_url":"https:\/\/www.purejewels.com\/de\/produkt-2\/pamp-swiss-made-feingoldbarren-20-g\/","og_site_name":"PureJewels UK","article_modified_time":"2026-04-06T10:58:46+00:00","og_image":[{"width":470,"height":470,"url":"https:\/\/static.purejewels.com\/wp-content\/uploads\/2020\/11\/image190762479.jpg","type":"image\/jpeg"}],"twitter_card":"summary_large_image","twitter_misc":{"Gesch\u00e4tzte Lesezeit":"1\u00a0Minute"},"schema":{"@context":"https:\/\/schema.org","@graph":[{"@type":["WebPage","ItemPage"],"@id":"https:\/\/www.purejewels.com\/product\/pamp-swiss-made-fine-gold-bar-20-g\/","url":"https:\/\/www.purejewels.com\/product\/pamp-swiss-made-fine-gold-bar-20-g\/","name":"Feines reines Gold Barren 20gms - PureJewels UK","isPartOf":{"@id":"https:\/\/www.purejewels.com\/#website"},"primaryImageOfPage":{"@id":"https:\/\/www.purejewels.com\/product\/pamp-swiss-made-fine-gold-bar-20-g\/#primaryimage"},"image":{"@id":"https:\/\/www.purejewels.com\/product\/pamp-swiss-made-fine-gold-bar-20-g\/#primaryimage"},"thumbnailUrl":"https:\/\/static.purejewels.com\/wp-content\/uploads\/2020\/11\/image190762479.jpg","datePublished":"2020-11-06T14:03:54+00:00","dateModified":"2026-04-06T10:58:46+00:00","breadcrumb":{"@id":"https:\/\/www.purejewels.com\/product\/pamp-swiss-made-fine-gold-bar-20-g\/#breadcrumb"},"inLanguage":"de","potentialAction":[{"@type":"ReadAction","target":["https:\/\/www.purejewels.com\/product\/pamp-swiss-made-fine-gold-bar-20-g\/"]}]},{"@type":"ImageObject","inLanguage":"de","@id":"https:\/\/www.purejewels.com\/product\/pamp-swiss-made-fine-gold-bar-20-g\/#primaryimage","url":"https:\/\/static.purejewels.com\/wp-content\/uploads\/2020\/11\/image190762479.jpg","contentUrl":"https:\/\/static.purejewels.com\/wp-content\/uploads\/2020\/11\/image190762479.jpg","width":470,"height":470},{"@type":"BreadcrumbList","@id":"https:\/\/www.purejewels.com\/product\/pamp-swiss-made-fine-gold-bar-20-g\/#breadcrumb","itemListElement":[{"@type":"ListItem","position":1,"name":"Home","item":"https:\/\/www.purejewels.com\/"},{"@type":"ListItem","position":2,"name":"Shop","item":"https:\/\/www.purejewels.com\/shop\/"},{"@type":"ListItem","position":3,"name":"Fine Pure Gold Bar 20gms"}]},{"@type":"WebSite","@id":"https:\/\/www.purejewels.com\/#website","url":"https:\/\/www.purejewels.com\/","name":"PureJewels UK","description":"Teile die Liebe","publisher":{"@id":"https:\/\/www.purejewels.com\/#organization"},"potentialAction":[{"@type":"SearchAction","target":{"@type":"EntryPoint","urlTemplate":"https:\/\/www.purejewels.com\/?s={search_term_string}"},"query-input":{"@type":"PropertyValueSpecification","valueRequired":true,"valueName":"search_term_string"}}],"inLanguage":"de"},{"@type":"Organization","@id":"https:\/\/www.purejewels.com\/#organization","name":"PureJewels UK","url":"https:\/\/www.purejewels.com\/","logo":{"@type":"ImageObject","inLanguage":"de","@id":"https:\/\/www.purejewels.com\/#\/schema\/logo\/image\/","url":"https:\/\/static.purejewels.com\/wp-content\/uploads\/2020\/11\/Logo-PJ-New-1.png","contentUrl":"https:\/\/static.purejewels.com\/wp-content\/uploads\/2020\/11\/Logo-PJ-New-1.png","width":150,"height":80,"caption":"PureJewels UK"},"image":{"@id":"https:\/\/www.purejewels.com\/#\/schema\/logo\/image\/"}}]}},"_links":{"self":[{"href":"https:\/\/www.purejewels.com\/de\/wp-json\/wp\/v2\/product\/318903","targetHints":{"allow":["GET"]}}],"collection":[{"href":"https:\/\/www.purejewels.com\/de\/wp-json\/wp\/v2\/product"}],"about":[{"href":"https:\/\/www.purejewels.com\/de\/wp-json\/wp\/v2\/types\/product"}],"replies":[{"embeddable":true,"href":"https:\/\/www.purejewels.com\/de\/wp-json\/wp\/v2\/comments?post=318903"}],"version-history":[{"count":3,"href":"https:\/\/www.purejewels.com\/de\/wp-json\/wp\/v2\/product\/318903\/revisions"}],"predecessor-version":[{"id":427454,"href":"https:\/\/www.purejewels.com\/de\/wp-json\/wp\/v2\/product\/318903\/revisions\/427454"}],"wp:featuredmedia":[{"embeddable":true,"href":"https:\/\/www.purejewels.com\/de\/wp-json\/wp\/v2\/media\/318904"}],"wp:attachment":[{"href":"https:\/\/www.purejewels.com\/de\/wp-json\/wp\/v2\/media?parent=318903"}],"wp:term":[{"taxonomy":"product_brand","embeddable":true,"href":"https:\/\/www.purejewels.com\/de\/wp-json\/wp\/v2\/product_brand?post=318903"},{"taxonomy":"product_cat","embeddable":true,"href":"https:\/\/www.purejewels.com\/de\/wp-json\/wp\/v2\/product_cat?post=318903"},{"taxonomy":"product_tag","embeddable":true,"href":"https:\/\/www.purejewels.com\/de\/wp-json\/wp\/v2\/product_tag?post=318903"}],"curies":[{"name":"wp","href":"https:\/\/api.w.org\/{rel}","templated":true}]}}