{"id":318913,"date":"2020-11-06T14:25:41","date_gmt":"2020-11-06T14:25:41","guid":{"rendered":"https:\/\/www.purejewels.com\/product\/pamp-swiss-made-fine-gold-bar-2\/"},"modified":"2026-04-06T10:04:20","modified_gmt":"2026-04-06T09:04:20","slug":"pamp-swiss-made-feingoldbarren-2-5grm-2","status":"publish","type":"product","link":"https:\/\/www.purejewels.com\/de\/product\/pamp-swiss-made-fine-gold-bar-2-5grm-2\/","title":{"rendered":"Feingold Barren 2.5grm"},"content":{"rendered":"<p><span data-sheets-root=\"1\">Der von PureJewels UK angebotene 2,5-Gramm-Goldbarren ist eine erstklassige Anlagem\u00f6glichkeit f\u00fcr alle, die ihr Edelmetallportfolio aufstocken m\u00f6chten. Gefertigt aus reinem 24-kar\u00e4tigem Gold, ist dieser <a href=\"https:\/\/www.purejewels.com\/de\/produkt-kategorie\/barren-munzen\/goldbarren\/\" target=\"_blank\" rel=\"noopener\">Feingoldbarren<\/a> ist garantiert von h\u00f6chster Qualit\u00e4t und hat einen Reinheitsgrad von 999,9.<\/span><\/p>\n<p>Mit einer Dicke von 0,60 mm ist dieser Goldbarren kompakt und leicht zu lagern, so dass er sowohl f\u00fcr neue als auch f\u00fcr erfahrene Anleger eine gute Wahl ist. Jeder Barren ist mit einer eindeutigen Seriennummer versehen und wird sicher verpackt, um seine Echtheit und seinen Schutz w\u00e4hrend des Transports zu gew\u00e4hrleisten.<\/p>\n<p>Mit kostenloser, verfolgbarer Lieferung, sicheren Online-Zahlungen und einer 30-Tage-Geld-zur\u00fcck-Garantie k\u00f6nnen Sie PureJewels UK vertrauen, ein nahtloses und zuverl\u00e4ssiges Einkaufserlebnis zu bieten.<\/p>\n<p>Investieren Sie noch heute in Ihre Zukunft mit dem Kauf dieses exquisiten 2,5 Gramm Goldbarrens von PureJewels UK.<\/p>","protected":false},"excerpt":{"rendered":"<p>Ein 2,5-Gramm-Goldbarren aus feinem 24-kar\u00e4tigem Gold Pamp oder ein gleichwertiger Markenbarren.<\/p>\n<ul id=\"skusDisplayContentListUL\">\n<li><strong>METALL<\/strong>\u00a0Reines Feingold 999,9<\/li>\n<li><strong>GEWICHT\u00a0<\/strong>2.5 g<\/li>\n<li><strong>DICHTE\u00a0<\/strong>0,60 mm<\/li>\n<\/ul>","protected":false},"featured_media":318915,"comment_status":"closed","ping_status":"closed","template":"","meta":{"_eb_attr":"","_crsspst_to_jayantr4sg-hostcom":false},"product_brand":[],"product_cat":[1482],"product_tag":[],"class_list":{"0":"post-318913","1":"product","2":"type-product","3":"status-publish","4":"has-post-thumbnail","6":"product_cat-uncategorized","8":"first","9":"onbackorder","10":"purchasable","11":"product-type-simple","12":"add-to-wishlist-before_image"},"yoast_head":"<!-- This site is optimized with the Yoast SEO plugin v27.3 - https:\/\/yoast.com\/product\/yoast-seo-wordpress\/ -->\n<title>Fine Gold Bar 2.5grm - PureJewels UK<\/title>\n<meta name=\"robots\" content=\"index, follow, max-snippet:-1, max-image-preview:large, max-video-preview:-1\" \/>\n<link rel=\"canonical\" href=\"https:\/\/www.purejewels.com\/de\/produkt-2\/pamp-swiss-made-feingoldbarren-2-5grm-2\/\" \/>\n<meta property=\"og:locale\" content=\"de_DE\" \/>\n<meta property=\"og:type\" content=\"article\" \/>\n<meta property=\"og:title\" content=\"Fine Gold Bar 2.5grm - PureJewels UK\" \/>\n<meta property=\"og:description\" content=\"A 2.5 Gram Gold bullion bar of fine 24-karat Gold Pamp or any equivalent Branded bar.   METAL\u00a0Pure Fine Gold 999.9  WEIGHT\u00a02.5 g  THICKNESS\u00a00.60 mm\" \/>\n<meta property=\"og:url\" content=\"https:\/\/www.purejewels.com\/de\/produkt-2\/pamp-swiss-made-feingoldbarren-2-5grm-2\/\" \/>\n<meta property=\"og:site_name\" content=\"PureJewels UK\" \/>\n<meta property=\"article:modified_time\" content=\"2026-04-06T09:04:20+00:00\" \/>\n<meta property=\"og:image\" content=\"https:\/\/static.purejewels.com\/wp-content\/uploads\/2020\/11\/image184146877.jpg\" \/>\n\t<meta property=\"og:image:width\" content=\"470\" \/>\n\t<meta property=\"og:image:height\" content=\"470\" \/>\n\t<meta property=\"og:image:type\" content=\"image\/jpeg\" \/>\n<meta name=\"twitter:card\" content=\"summary_large_image\" \/>\n<meta name=\"twitter:label1\" content=\"Gesch\u00e4tzte Lesezeit\" \/>\n\t<meta name=\"twitter:data1\" content=\"1\u00a0Minute\" \/>\n<script type=\"application\/ld+json\" class=\"yoast-schema-graph\">{\"@context\":\"https:\\\/\\\/schema.org\",\"@graph\":[{\"@type\":[\"WebPage\",\"ItemPage\"],\"@id\":\"https:\\\/\\\/www.purejewels.com\\\/product\\\/pamp-swiss-made-fine-gold-bar-2-5grm-2\\\/\",\"url\":\"https:\\\/\\\/www.purejewels.com\\\/product\\\/pamp-swiss-made-fine-gold-bar-2-5grm-2\\\/\",\"name\":\"Fine Gold Bar 2.5grm - PureJewels UK\",\"isPartOf\":{\"@id\":\"https:\\\/\\\/www.purejewels.com\\\/#website\"},\"primaryImageOfPage\":{\"@id\":\"https:\\\/\\\/www.purejewels.com\\\/product\\\/pamp-swiss-made-fine-gold-bar-2-5grm-2\\\/#primaryimage\"},\"image\":{\"@id\":\"https:\\\/\\\/www.purejewels.com\\\/product\\\/pamp-swiss-made-fine-gold-bar-2-5grm-2\\\/#primaryimage\"},\"thumbnailUrl\":\"https:\\\/\\\/static.purejewels.com\\\/wp-content\\\/uploads\\\/2020\\\/11\\\/image184146877.jpg\",\"datePublished\":\"2020-11-06T14:25:41+00:00\",\"dateModified\":\"2026-04-06T09:04:20+00:00\",\"breadcrumb\":{\"@id\":\"https:\\\/\\\/www.purejewels.com\\\/product\\\/pamp-swiss-made-fine-gold-bar-2-5grm-2\\\/#breadcrumb\"},\"inLanguage\":\"de\",\"potentialAction\":[{\"@type\":\"ReadAction\",\"target\":[\"https:\\\/\\\/www.purejewels.com\\\/product\\\/pamp-swiss-made-fine-gold-bar-2-5grm-2\\\/\"]}]},{\"@type\":\"ImageObject\",\"inLanguage\":\"de\",\"@id\":\"https:\\\/\\\/www.purejewels.com\\\/product\\\/pamp-swiss-made-fine-gold-bar-2-5grm-2\\\/#primaryimage\",\"url\":\"https:\\\/\\\/static.purejewels.com\\\/wp-content\\\/uploads\\\/2020\\\/11\\\/image184146877.jpg\",\"contentUrl\":\"https:\\\/\\\/static.purejewels.com\\\/wp-content\\\/uploads\\\/2020\\\/11\\\/image184146877.jpg\",\"width\":470,\"height\":470},{\"@type\":\"BreadcrumbList\",\"@id\":\"https:\\\/\\\/www.purejewels.com\\\/product\\\/pamp-swiss-made-fine-gold-bar-2-5grm-2\\\/#breadcrumb\",\"itemListElement\":[{\"@type\":\"ListItem\",\"position\":1,\"name\":\"Home\",\"item\":\"https:\\\/\\\/www.purejewels.com\\\/\"},{\"@type\":\"ListItem\",\"position\":2,\"name\":\"Shop\",\"item\":\"https:\\\/\\\/www.purejewels.com\\\/shop\\\/\"},{\"@type\":\"ListItem\",\"position\":3,\"name\":\"Fine Gold Bar 2.5grm\"}]},{\"@type\":\"WebSite\",\"@id\":\"https:\\\/\\\/www.purejewels.com\\\/#website\",\"url\":\"https:\\\/\\\/www.purejewels.com\\\/\",\"name\":\"PureJewels UK\",\"description\":\"Share the Love\",\"publisher\":{\"@id\":\"https:\\\/\\\/www.purejewels.com\\\/#organization\"},\"potentialAction\":[{\"@type\":\"SearchAction\",\"target\":{\"@type\":\"EntryPoint\",\"urlTemplate\":\"https:\\\/\\\/www.purejewels.com\\\/?s={search_term_string}\"},\"query-input\":{\"@type\":\"PropertyValueSpecification\",\"valueRequired\":true,\"valueName\":\"search_term_string\"}}],\"inLanguage\":\"de\"},{\"@type\":\"Organization\",\"@id\":\"https:\\\/\\\/www.purejewels.com\\\/#organization\",\"name\":\"PureJewels UK\",\"url\":\"https:\\\/\\\/www.purejewels.com\\\/\",\"logo\":{\"@type\":\"ImageObject\",\"inLanguage\":\"de\",\"@id\":\"https:\\\/\\\/www.purejewels.com\\\/#\\\/schema\\\/logo\\\/image\\\/\",\"url\":\"https:\\\/\\\/static.purejewels.com\\\/wp-content\\\/uploads\\\/2020\\\/11\\\/Logo-PJ-New-1.png\",\"contentUrl\":\"https:\\\/\\\/static.purejewels.com\\\/wp-content\\\/uploads\\\/2020\\\/11\\\/Logo-PJ-New-1.png\",\"width\":150,\"height\":80,\"caption\":\"PureJewels UK\"},\"image\":{\"@id\":\"https:\\\/\\\/www.purejewels.com\\\/#\\\/schema\\\/logo\\\/image\\\/\"}}]}<\/script>\n<!-- \/ Yoast SEO plugin. -->","yoast_head_json":{"title":"Feingold Barren 2.5grm - PureJewels UK","robots":{"index":"index","follow":"follow","max-snippet":"max-snippet:-1","max-image-preview":"max-image-preview:large","max-video-preview":"max-video-preview:-1"},"canonical":"https:\/\/www.purejewels.com\/de\/produkt-2\/pamp-swiss-made-feingoldbarren-2-5grm-2\/","og_locale":"de_DE","og_type":"article","og_title":"Fine Gold Bar 2.5grm - PureJewels UK","og_description":"A 2.5 Gram Gold bullion bar of fine 24-karat Gold Pamp or any equivalent Branded bar.   METAL\u00a0Pure Fine Gold 999.9  WEIGHT\u00a02.5 g  THICKNESS\u00a00.60 mm","og_url":"https:\/\/www.purejewels.com\/de\/produkt-2\/pamp-swiss-made-feingoldbarren-2-5grm-2\/","og_site_name":"PureJewels UK","article_modified_time":"2026-04-06T09:04:20+00:00","og_image":[{"width":470,"height":470,"url":"https:\/\/static.purejewels.com\/wp-content\/uploads\/2020\/11\/image184146877.jpg","type":"image\/jpeg"}],"twitter_card":"summary_large_image","twitter_misc":{"Gesch\u00e4tzte Lesezeit":"1\u00a0Minute"},"schema":{"@context":"https:\/\/schema.org","@graph":[{"@type":["WebPage","ItemPage"],"@id":"https:\/\/www.purejewels.com\/product\/pamp-swiss-made-fine-gold-bar-2-5grm-2\/","url":"https:\/\/www.purejewels.com\/product\/pamp-swiss-made-fine-gold-bar-2-5grm-2\/","name":"Feingold Barren 2.5grm - PureJewels UK","isPartOf":{"@id":"https:\/\/www.purejewels.com\/#website"},"primaryImageOfPage":{"@id":"https:\/\/www.purejewels.com\/product\/pamp-swiss-made-fine-gold-bar-2-5grm-2\/#primaryimage"},"image":{"@id":"https:\/\/www.purejewels.com\/product\/pamp-swiss-made-fine-gold-bar-2-5grm-2\/#primaryimage"},"thumbnailUrl":"https:\/\/static.purejewels.com\/wp-content\/uploads\/2020\/11\/image184146877.jpg","datePublished":"2020-11-06T14:25:41+00:00","dateModified":"2026-04-06T09:04:20+00:00","breadcrumb":{"@id":"https:\/\/www.purejewels.com\/product\/pamp-swiss-made-fine-gold-bar-2-5grm-2\/#breadcrumb"},"inLanguage":"de","potentialAction":[{"@type":"ReadAction","target":["https:\/\/www.purejewels.com\/product\/pamp-swiss-made-fine-gold-bar-2-5grm-2\/"]}]},{"@type":"ImageObject","inLanguage":"de","@id":"https:\/\/www.purejewels.com\/product\/pamp-swiss-made-fine-gold-bar-2-5grm-2\/#primaryimage","url":"https:\/\/static.purejewels.com\/wp-content\/uploads\/2020\/11\/image184146877.jpg","contentUrl":"https:\/\/static.purejewels.com\/wp-content\/uploads\/2020\/11\/image184146877.jpg","width":470,"height":470},{"@type":"BreadcrumbList","@id":"https:\/\/www.purejewels.com\/product\/pamp-swiss-made-fine-gold-bar-2-5grm-2\/#breadcrumb","itemListElement":[{"@type":"ListItem","position":1,"name":"Home","item":"https:\/\/www.purejewels.com\/"},{"@type":"ListItem","position":2,"name":"Shop","item":"https:\/\/www.purejewels.com\/shop\/"},{"@type":"ListItem","position":3,"name":"Fine Gold Bar 2.5grm"}]},{"@type":"WebSite","@id":"https:\/\/www.purejewels.com\/#website","url":"https:\/\/www.purejewels.com\/","name":"PureJewels UK","description":"Teile die Liebe","publisher":{"@id":"https:\/\/www.purejewels.com\/#organization"},"potentialAction":[{"@type":"SearchAction","target":{"@type":"EntryPoint","urlTemplate":"https:\/\/www.purejewels.com\/?s={search_term_string}"},"query-input":{"@type":"PropertyValueSpecification","valueRequired":true,"valueName":"search_term_string"}}],"inLanguage":"de"},{"@type":"Organization","@id":"https:\/\/www.purejewels.com\/#organization","name":"PureJewels UK","url":"https:\/\/www.purejewels.com\/","logo":{"@type":"ImageObject","inLanguage":"de","@id":"https:\/\/www.purejewels.com\/#\/schema\/logo\/image\/","url":"https:\/\/static.purejewels.com\/wp-content\/uploads\/2020\/11\/Logo-PJ-New-1.png","contentUrl":"https:\/\/static.purejewels.com\/wp-content\/uploads\/2020\/11\/Logo-PJ-New-1.png","width":150,"height":80,"caption":"PureJewels UK"},"image":{"@id":"https:\/\/www.purejewels.com\/#\/schema\/logo\/image\/"}}]}},"_links":{"self":[{"href":"https:\/\/www.purejewels.com\/de\/wp-json\/wp\/v2\/product\/318913","targetHints":{"allow":["GET"]}}],"collection":[{"href":"https:\/\/www.purejewels.com\/de\/wp-json\/wp\/v2\/product"}],"about":[{"href":"https:\/\/www.purejewels.com\/de\/wp-json\/wp\/v2\/types\/product"}],"replies":[{"embeddable":true,"href":"https:\/\/www.purejewels.com\/de\/wp-json\/wp\/v2\/comments?post=318913"}],"version-history":[{"count":2,"href":"https:\/\/www.purejewels.com\/de\/wp-json\/wp\/v2\/product\/318913\/revisions"}],"predecessor-version":[{"id":427453,"href":"https:\/\/www.purejewels.com\/de\/wp-json\/wp\/v2\/product\/318913\/revisions\/427453"}],"wp:featuredmedia":[{"embeddable":true,"href":"https:\/\/www.purejewels.com\/de\/wp-json\/wp\/v2\/media\/318915"}],"wp:attachment":[{"href":"https:\/\/www.purejewels.com\/de\/wp-json\/wp\/v2\/media?parent=318913"}],"wp:term":[{"taxonomy":"product_brand","embeddable":true,"href":"https:\/\/www.purejewels.com\/de\/wp-json\/wp\/v2\/product_brand?post=318913"},{"taxonomy":"product_cat","embeddable":true,"href":"https:\/\/www.purejewels.com\/de\/wp-json\/wp\/v2\/product_cat?post=318913"},{"taxonomy":"product_tag","embeddable":true,"href":"https:\/\/www.purejewels.com\/de\/wp-json\/wp\/v2\/product_tag?post=318913"}],"curies":[{"name":"wp","href":"https:\/\/api.w.org\/{rel}","templated":true}]}}