{"id":319097,"date":"2020-11-23T07:10:55","date_gmt":"2020-11-23T07:10:55","guid":{"rendered":"https:\/\/www.purejewels.com\/?post_type=product&#038;p=319097"},"modified":"2026-01-10T16:14:16","modified_gmt":"2026-01-10T16:14:16","slug":"22-karat-gold-einfach-kada-33452","status":"publish","type":"product","link":"https:\/\/www.purejewels.com\/de\/product\/22ct-gold-single-kada-33452\/","title":{"rendered":"Filigrane 22ct Gold Kada mit Schraubverschluss - Gr\u00f6\u00dfe 2.4"},"content":{"rendered":"<p>Diese wundersch\u00f6n gefertigte Kada ist eine Kombination aus detaillierter Kunstfertigkeit und praktischem Design. Sie ist aus hochreinem 22-kar\u00e4tigem Gold gefertigt und besticht durch einen satten Goldton, der durch eine aufwendige Oberfl\u00e4chenbearbeitung noch mehr Textur und optische Tiefe erh\u00e4lt.<\/p>\n<p>Der Schraubverschluss sorgt f\u00fcr einen sicheren Verschluss und erm\u00f6glicht gleichzeitig ein bequemes Tragen, so dass es sich auch f\u00fcr den l\u00e4ngeren Gebrauch bei festlichen Anl\u00e4ssen oder Zeremonien eignet. Die Gr\u00f6\u00dfe 2,4 bietet eine bequeme Passform mit einer glatten Innenfl\u00e4che, die sanft am Handgelenk anliegt.<\/p>\n<p>Seine klassische Form l\u00e4sst sich m\u00fchelos mit traditioneller Kleidung kombinieren und macht ihn zu einer vielseitigen Erg\u00e4nzung jeder Schmucksammlung. Dieses mit viel Liebe zum Detail gefertigte Kada zeugt von handwerklichem Geschick und dauerhafter Qualit\u00e4t und ist ideal f\u00fcr alle, die traditionellen Goldschmuck mit zuverl\u00e4ssiger Funktionalit\u00e4t sch\u00e4tzen.<\/p>","protected":false},"excerpt":{"rendered":"<p>Ein fein gearbeiteter einzelner Kada aus 22-kar\u00e4tigem Gold mit sicherem Schraubverschluss, der f\u00fcr Komfort, Langlebigkeit und traditionelle Anziehungskraft entwickelt wurde.<\/p>\n<ul>\n<li>22ct Gold Einzelne Kada<\/li>\n<li>Hergestellt aus 22 Karat Gelbgold<\/li>\n<li>Mit Verschraubung<\/li>\n<li>Gewicht: 27,1 g<\/li>\n<li>Gr\u00f6\u00dfe 2.4<\/li>\n<li>Sku 33452<\/li>\n<li>Alle Preise inklusive Mehrwertsteuer<\/li>\n<li>Alle unsere Produkte sind vom London Assay Office gestempelt.<\/li>\n<li>Alle Sets werden mit Pr\u00e4sentationsbox geliefert<\/li>\n<li>Lieferung inbegriffen<\/li>\n<li>Kontaktieren Sie uns \/ Chatten Sie mit uns, um ein Video des Produkts zu sehen<\/li>\n<li>Sehen Sie sich \u00e4hnliche Produkte an Jali 22ct Gold Filigree Kada Armreif - \u00a35000.00 (SKU:23514) (purejewels.com)<\/li>\n<\/ul>","protected":false},"featured_media":319311,"comment_status":"closed","ping_status":"closed","template":"","meta":{"_eb_attr":"","_crsspst_to_jayantr4sg-hostcom":true},"product_brand":[],"product_cat":[1659,1233,252,1657],"product_tag":[1502,1521],"class_list":{"0":"post-319097","1":"product","2":"type-product","3":"status-publish","4":"has-post-thumbnail","6":"product_cat-bridal-and-party-wear-gold-kada-bangle","7":"product_cat-gold-bangles","8":"product_cat-jali-collections","9":"product_cat-single-bangle","10":"product_tag-filigree","11":"product_tag-kada","13":"first","14":"outofstock","15":"taxable","16":"shipping-taxable","17":"product-type-simple","18":"add-to-wishlist-before_image"},"yoast_head":"<!-- This site is optimized with the Yoast SEO plugin v27.3 - https:\/\/yoast.com\/product\/yoast-seo-wordpress\/ -->\n<title>22ct Gold Single Kada Size 2.4 | Secure Screw Fit Design in UK<\/title>\n<meta name=\"description\" content=\"Shop a 22ct gold single kada featuring a secure screw fitting and size 2.4. Crafted with intricate detailing and a polished finish for traditional elegance.\" \/>\n<meta name=\"robots\" content=\"index, follow, max-snippet:-1, max-image-preview:large, max-video-preview:-1\" \/>\n<link rel=\"canonical\" href=\"https:\/\/www.purejewels.com\/de\/produkt-2\/22-karat-gold-einfach-kada-33452\/\" \/>\n<meta property=\"og:locale\" content=\"de_DE\" \/>\n<meta property=\"og:type\" content=\"article\" \/>\n<meta property=\"og:title\" content=\"22ct Gold Single Kada Size 2.4 | Secure Screw Fit Design in UK\" \/>\n<meta property=\"og:description\" content=\"Shop a 22ct gold single kada featuring a secure screw fitting and size 2.4. Crafted with intricate detailing and a polished finish for traditional elegance.\" \/>\n<meta property=\"og:url\" content=\"https:\/\/www.purejewels.com\/de\/produkt-2\/22-karat-gold-einfach-kada-33452\/\" \/>\n<meta property=\"og:site_name\" content=\"PureJewels UK\" \/>\n<meta property=\"article:modified_time\" content=\"2026-01-10T16:14:16+00:00\" \/>\n<meta property=\"og:image\" content=\"https:\/\/static.purejewels.com\/wp-content\/uploads\/2020\/11\/33452-01.jpg\" \/>\n\t<meta property=\"og:image:width\" content=\"1000\" \/>\n\t<meta property=\"og:image:height\" content=\"1000\" \/>\n\t<meta property=\"og:image:type\" content=\"image\/jpeg\" \/>\n<meta name=\"twitter:card\" content=\"summary_large_image\" \/>\n<meta name=\"twitter:label1\" content=\"Gesch\u00e4tzte Lesezeit\" \/>\n\t<meta name=\"twitter:data1\" content=\"1\u00a0Minute\" \/>\n<script type=\"application\/ld+json\" class=\"yoast-schema-graph\">{\"@context\":\"https:\\\/\\\/schema.org\",\"@graph\":[{\"@type\":[\"WebPage\",\"ItemPage\"],\"@id\":\"https:\\\/\\\/www.purejewels.com\\\/product\\\/22ct-gold-single-kada-33452\\\/\",\"url\":\"https:\\\/\\\/www.purejewels.com\\\/product\\\/22ct-gold-single-kada-33452\\\/\",\"name\":\"22ct Gold Single Kada Size 2.4 | Secure Screw Fit Design in UK\",\"isPartOf\":{\"@id\":\"https:\\\/\\\/www.purejewels.com\\\/#website\"},\"primaryImageOfPage\":{\"@id\":\"https:\\\/\\\/www.purejewels.com\\\/product\\\/22ct-gold-single-kada-33452\\\/#primaryimage\"},\"image\":{\"@id\":\"https:\\\/\\\/www.purejewels.com\\\/product\\\/22ct-gold-single-kada-33452\\\/#primaryimage\"},\"thumbnailUrl\":\"https:\\\/\\\/static.purejewels.com\\\/wp-content\\\/uploads\\\/2020\\\/11\\\/33452-01.jpg\",\"datePublished\":\"2020-11-23T07:10:55+00:00\",\"dateModified\":\"2026-01-10T16:14:16+00:00\",\"description\":\"Shop a 22ct gold single kada featuring a secure screw fitting and size 2.4. Crafted with intricate detailing and a polished finish for traditional elegance.\",\"breadcrumb\":{\"@id\":\"https:\\\/\\\/www.purejewels.com\\\/product\\\/22ct-gold-single-kada-33452\\\/#breadcrumb\"},\"inLanguage\":\"de\",\"potentialAction\":[{\"@type\":\"ReadAction\",\"target\":[\"https:\\\/\\\/www.purejewels.com\\\/product\\\/22ct-gold-single-kada-33452\\\/\"]}]},{\"@type\":\"ImageObject\",\"inLanguage\":\"de\",\"@id\":\"https:\\\/\\\/www.purejewels.com\\\/product\\\/22ct-gold-single-kada-33452\\\/#primaryimage\",\"url\":\"https:\\\/\\\/static.purejewels.com\\\/wp-content\\\/uploads\\\/2020\\\/11\\\/33452-01.jpg\",\"contentUrl\":\"https:\\\/\\\/static.purejewels.com\\\/wp-content\\\/uploads\\\/2020\\\/11\\\/33452-01.jpg\",\"width\":1000,\"height\":1000,\"caption\":\"22ct Gold Bangle 33452-01\"},{\"@type\":\"BreadcrumbList\",\"@id\":\"https:\\\/\\\/www.purejewels.com\\\/product\\\/22ct-gold-single-kada-33452\\\/#breadcrumb\",\"itemListElement\":[{\"@type\":\"ListItem\",\"position\":1,\"name\":\"Home\",\"item\":\"https:\\\/\\\/www.purejewels.com\\\/\"},{\"@type\":\"ListItem\",\"position\":2,\"name\":\"Shop\",\"item\":\"https:\\\/\\\/www.purejewels.com\\\/shop\\\/\"},{\"@type\":\"ListItem\",\"position\":3,\"name\":\"Filigree 22ct Gold Kada with Screw Fitting \u2013 Size 2.4\"}]},{\"@type\":\"WebSite\",\"@id\":\"https:\\\/\\\/www.purejewels.com\\\/#website\",\"url\":\"https:\\\/\\\/www.purejewels.com\\\/\",\"name\":\"PureJewels UK\",\"description\":\"Share the Love\",\"publisher\":{\"@id\":\"https:\\\/\\\/www.purejewels.com\\\/#organization\"},\"potentialAction\":[{\"@type\":\"SearchAction\",\"target\":{\"@type\":\"EntryPoint\",\"urlTemplate\":\"https:\\\/\\\/www.purejewels.com\\\/?s={search_term_string}\"},\"query-input\":{\"@type\":\"PropertyValueSpecification\",\"valueRequired\":true,\"valueName\":\"search_term_string\"}}],\"inLanguage\":\"de\"},{\"@type\":\"Organization\",\"@id\":\"https:\\\/\\\/www.purejewels.com\\\/#organization\",\"name\":\"PureJewels UK\",\"url\":\"https:\\\/\\\/www.purejewels.com\\\/\",\"logo\":{\"@type\":\"ImageObject\",\"inLanguage\":\"de\",\"@id\":\"https:\\\/\\\/www.purejewels.com\\\/#\\\/schema\\\/logo\\\/image\\\/\",\"url\":\"https:\\\/\\\/static.purejewels.com\\\/wp-content\\\/uploads\\\/2020\\\/11\\\/Logo-PJ-New-1.png\",\"contentUrl\":\"https:\\\/\\\/static.purejewels.com\\\/wp-content\\\/uploads\\\/2020\\\/11\\\/Logo-PJ-New-1.png\",\"width\":150,\"height\":80,\"caption\":\"PureJewels UK\"},\"image\":{\"@id\":\"https:\\\/\\\/www.purejewels.com\\\/#\\\/schema\\\/logo\\\/image\\\/\"}}]}<\/script>\n<!-- \/ Yoast SEO plugin. -->","yoast_head_json":{"title":"22ct Gold Single Kada Gr\u00f6\u00dfe 2,4 | Sichere Schraube Fit Design in Gro\u00dfbritannien","description":"Kaufen Sie eine einzelne Kada aus 22 Karat Gold mit sicherem Schraubverschluss und Gr\u00f6\u00dfe 2,4. Mit aufw\u00e4ndigen Details und einer polierten Oberfl\u00e4che f\u00fcr traditionelle Eleganz gefertigt.","robots":{"index":"index","follow":"follow","max-snippet":"max-snippet:-1","max-image-preview":"max-image-preview:large","max-video-preview":"max-video-preview:-1"},"canonical":"https:\/\/www.purejewels.com\/de\/produkt-2\/22-karat-gold-einfach-kada-33452\/","og_locale":"de_DE","og_type":"article","og_title":"22ct Gold Single Kada Size 2.4 | Secure Screw Fit Design in UK","og_description":"Shop a 22ct gold single kada featuring a secure screw fitting and size 2.4. Crafted with intricate detailing and a polished finish for traditional elegance.","og_url":"https:\/\/www.purejewels.com\/de\/produkt-2\/22-karat-gold-einfach-kada-33452\/","og_site_name":"PureJewels UK","article_modified_time":"2026-01-10T16:14:16+00:00","og_image":[{"width":1000,"height":1000,"url":"https:\/\/static.purejewels.com\/wp-content\/uploads\/2020\/11\/33452-01.jpg","type":"image\/jpeg"}],"twitter_card":"summary_large_image","twitter_misc":{"Gesch\u00e4tzte Lesezeit":"1\u00a0Minute"},"schema":{"@context":"https:\/\/schema.org","@graph":[{"@type":["WebPage","ItemPage"],"@id":"https:\/\/www.purejewels.com\/product\/22ct-gold-single-kada-33452\/","url":"https:\/\/www.purejewels.com\/product\/22ct-gold-single-kada-33452\/","name":"22ct Gold Single Kada Gr\u00f6\u00dfe 2,4 | Sichere Schraube Fit Design in Gro\u00dfbritannien","isPartOf":{"@id":"https:\/\/www.purejewels.com\/#website"},"primaryImageOfPage":{"@id":"https:\/\/www.purejewels.com\/product\/22ct-gold-single-kada-33452\/#primaryimage"},"image":{"@id":"https:\/\/www.purejewels.com\/product\/22ct-gold-single-kada-33452\/#primaryimage"},"thumbnailUrl":"https:\/\/static.purejewels.com\/wp-content\/uploads\/2020\/11\/33452-01.jpg","datePublished":"2020-11-23T07:10:55+00:00","dateModified":"2026-01-10T16:14:16+00:00","description":"Kaufen Sie eine einzelne Kada aus 22 Karat Gold mit sicherem Schraubverschluss und Gr\u00f6\u00dfe 2,4. Mit aufw\u00e4ndigen Details und einer polierten Oberfl\u00e4che f\u00fcr traditionelle Eleganz gefertigt.","breadcrumb":{"@id":"https:\/\/www.purejewels.com\/product\/22ct-gold-single-kada-33452\/#breadcrumb"},"inLanguage":"de","potentialAction":[{"@type":"ReadAction","target":["https:\/\/www.purejewels.com\/product\/22ct-gold-single-kada-33452\/"]}]},{"@type":"ImageObject","inLanguage":"de","@id":"https:\/\/www.purejewels.com\/product\/22ct-gold-single-kada-33452\/#primaryimage","url":"https:\/\/static.purejewels.com\/wp-content\/uploads\/2020\/11\/33452-01.jpg","contentUrl":"https:\/\/static.purejewels.com\/wp-content\/uploads\/2020\/11\/33452-01.jpg","width":1000,"height":1000,"caption":"22ct Gold Bangle 33452-01"},{"@type":"BreadcrumbList","@id":"https:\/\/www.purejewels.com\/product\/22ct-gold-single-kada-33452\/#breadcrumb","itemListElement":[{"@type":"ListItem","position":1,"name":"Home","item":"https:\/\/www.purejewels.com\/"},{"@type":"ListItem","position":2,"name":"Shop","item":"https:\/\/www.purejewels.com\/shop\/"},{"@type":"ListItem","position":3,"name":"Filigree 22ct Gold Kada with Screw Fitting \u2013 Size 2.4"}]},{"@type":"WebSite","@id":"https:\/\/www.purejewels.com\/#website","url":"https:\/\/www.purejewels.com\/","name":"PureJewels UK","description":"Teile die Liebe","publisher":{"@id":"https:\/\/www.purejewels.com\/#organization"},"potentialAction":[{"@type":"SearchAction","target":{"@type":"EntryPoint","urlTemplate":"https:\/\/www.purejewels.com\/?s={search_term_string}"},"query-input":{"@type":"PropertyValueSpecification","valueRequired":true,"valueName":"search_term_string"}}],"inLanguage":"de"},{"@type":"Organization","@id":"https:\/\/www.purejewels.com\/#organization","name":"PureJewels UK","url":"https:\/\/www.purejewels.com\/","logo":{"@type":"ImageObject","inLanguage":"de","@id":"https:\/\/www.purejewels.com\/#\/schema\/logo\/image\/","url":"https:\/\/static.purejewels.com\/wp-content\/uploads\/2020\/11\/Logo-PJ-New-1.png","contentUrl":"https:\/\/static.purejewels.com\/wp-content\/uploads\/2020\/11\/Logo-PJ-New-1.png","width":150,"height":80,"caption":"PureJewels UK"},"image":{"@id":"https:\/\/www.purejewels.com\/#\/schema\/logo\/image\/"}}]}},"_links":{"self":[{"href":"https:\/\/www.purejewels.com\/de\/wp-json\/wp\/v2\/product\/319097","targetHints":{"allow":["GET"]}}],"collection":[{"href":"https:\/\/www.purejewels.com\/de\/wp-json\/wp\/v2\/product"}],"about":[{"href":"https:\/\/www.purejewels.com\/de\/wp-json\/wp\/v2\/types\/product"}],"replies":[{"embeddable":true,"href":"https:\/\/www.purejewels.com\/de\/wp-json\/wp\/v2\/comments?post=319097"}],"version-history":[{"count":3,"href":"https:\/\/www.purejewels.com\/de\/wp-json\/wp\/v2\/product\/319097\/revisions"}],"predecessor-version":[{"id":424350,"href":"https:\/\/www.purejewels.com\/de\/wp-json\/wp\/v2\/product\/319097\/revisions\/424350"}],"wp:featuredmedia":[{"embeddable":true,"href":"https:\/\/www.purejewels.com\/de\/wp-json\/wp\/v2\/media\/319311"}],"wp:attachment":[{"href":"https:\/\/www.purejewels.com\/de\/wp-json\/wp\/v2\/media?parent=319097"}],"wp:term":[{"taxonomy":"product_brand","embeddable":true,"href":"https:\/\/www.purejewels.com\/de\/wp-json\/wp\/v2\/product_brand?post=319097"},{"taxonomy":"product_cat","embeddable":true,"href":"https:\/\/www.purejewels.com\/de\/wp-json\/wp\/v2\/product_cat?post=319097"},{"taxonomy":"product_tag","embeddable":true,"href":"https:\/\/www.purejewels.com\/de\/wp-json\/wp\/v2\/product_tag?post=319097"}],"curies":[{"name":"wp","href":"https:\/\/api.w.org\/{rel}","templated":true}]}}