{"id":319111,"date":"2020-11-25T05:12:05","date_gmt":"2020-11-25T05:12:05","guid":{"rendered":"https:\/\/www.purejewels.com\/?post_type=product&#038;p=319111"},"modified":"2021-11-21T19:03:27","modified_gmt":"2021-11-21T19:03:27","slug":"kette-aus-22-karat-gold-33483","status":"publish","type":"product","link":"https:\/\/www.purejewels.com\/de\/product\/22ct-gold-chain-33483\/","title":{"rendered":"Glow 22ct Gold Kette in 18 Zoll"},"content":{"rendered":"<p>Wundersch\u00f6n gearbeitete Metallperlen werden gewebt und miteinander verbunden, um eine sch\u00f6ne Silhouette wie die dieser Halskette oder einer \"Mala\" zu bilden, die in Indien traditionell als \"Matar Malas\" bekannt ist. Die Matar Malas sind ausgefallene Perlen <a href=\"https:\/\/www.purejewels.com\/de\/product-category\/22ct-gold-jewellery\/gold-chains\/\">Ketten<\/a> die unabh\u00e4ngig voneinander getragen werden, um den Look leicht zu halten, aber dennoch einen Akzent zu setzen, und die auch in Schichten mit anderen Produkten getragen werden. <a href=\"https:\/\/www.purejewels.com\/de\/product-category\/22ct-gold-jewellery\/gold-necklaces\/\">Halsketten<\/a> um schwere und extravagante Looks zu kreieren.<\/p>\n<p>Diese besondere Goldperlenkette wurde von unseren Designern bei Purejewels entworfen und wird von unseren Karigars in Indien von Grund auf von Hand gefertigt. Jede ausgefallene Perle in der Kette wurde aus reinem 22K Gold geschnitzt und weiter von Hand poliert. Jede Perle wurde geschliffen und mit einem matten Finish versehen, das der Kette ein ged\u00e4mpftes Goldfinish verleiht. Die Perlen werden mit Hilfe von handgeklopften Dr\u00e4hten zu dieser wundersch\u00f6nen Kette verbunden. Tragen Sie diese leuchtende Kette l\u00e4ssig zu Ihren Western, Kurtas oder Saris an festlichen Tagen, oder legen Sie sie zu Gelegenheiten mit traditionellen schweren Halsketten \u00fcbereinander, w\u00e4hrend Sie sich wundersch\u00f6n in Ihrem traditionellen Kleid kleiden. Sie k\u00f6nnen auch mehrere dieser Ketten \u00fcbereinander tragen, um einen dramatischen indischen Look zu kreieren.<\/p>","protected":false},"excerpt":{"rendered":"<ul>\n<li>22ct Gold Glow Kette<\/li>\n<li>Mit mattem Finish<\/li>\n<li>Wt. 10.3 gms<\/li>\n<li>L\u00e4nge: 18\u2033 Zoll<\/li>\n<li>SKU. 33483<\/li>\n<li>Dicke der Goldperlen 2,5 mm<\/li>\n<li>Alle Preise inklusive Mehrwertsteuer<\/li>\n<li>22ct Gold gestempelt von London Assay Office<\/li>\n<li>Mit Pr\u00e4sentationsbox<\/li>\n<li>Lieferung inbegriffen<\/li>\n<li>Live-Chat mit uns f\u00fcr die Verf\u00fcgbarkeit und mehr Bilder von \u00e4hnlichen Designs derzeit auf Lager<\/li>\n<\/ul>","protected":false},"featured_media":326768,"comment_status":"closed","ping_status":"closed","template":"","meta":{"_eb_attr":"","_crsspst_to_jayantr4sg-hostcom":false},"product_brand":[],"product_cat":[5025,1791,1559,1698,3628,1475,1773,1779,1569],"product_tag":[],"class_list":{"0":"post-319111","1":"product","2":"type-product","3":"status-publish","4":"has-post-thumbnail","6":"product_cat-18-inch-choker-chain","7":"product_cat-anniversary-gifts","8":"product_cat-birthday-gifts","9":"product_cat-choker-chains","10":"product_cat-glow-collections","11":"product_cat-gold-chains","12":"product_cat-ladies-chains","13":"product_cat-mala-style-necklaces","14":"product_cat-valentine-day-gifts","16":"first","17":"outofstock","18":"taxable","19":"shipping-taxable","20":"product-type-simple","21":"add-to-wishlist-before_image"},"yoast_head":"<!-- This site is optimized with the Yoast SEO plugin v27.5 - https:\/\/yoast.com\/product\/yoast-seo-wordpress\/ -->\n<title>Buy this Classic 22ct gold chain at PureJewels UK<\/title>\n<meta name=\"description\" content=\"Choose from a wide selection of the latest gold chains in London. Buy this gold chain in 18 inches. Pair it with your pendant &amp; flaunt your style.\" \/>\n<meta name=\"robots\" content=\"index, follow, max-snippet:-1, max-image-preview:large, max-video-preview:-1\" \/>\n<link rel=\"canonical\" href=\"https:\/\/www.purejewels.com\/de\/produkt-2\/kette-aus-22-karat-gold-33483\/\" \/>\n<meta property=\"og:locale\" content=\"de_DE\" \/>\n<meta property=\"og:type\" content=\"article\" \/>\n<meta property=\"og:title\" content=\"Buy this Classic 22ct gold chain at PureJewels UK\" \/>\n<meta property=\"og:description\" content=\"Choose from a wide selection of the latest gold chains in London. Buy this gold chain in 18 inches. Pair it with your pendant &amp; flaunt your style.\" \/>\n<meta property=\"og:url\" content=\"https:\/\/www.purejewels.com\/de\/produkt-2\/kette-aus-22-karat-gold-33483\/\" \/>\n<meta property=\"og:site_name\" content=\"PureJewels UK\" \/>\n<meta property=\"article:modified_time\" content=\"2021-11-21T19:03:27+00:00\" \/>\n<meta property=\"og:image\" content=\"https:\/\/www.purejewels.com\/wp-content\/uploads\/2020\/11\/33483-2.jpg\" \/>\n\t<meta property=\"og:image:width\" content=\"1200\" \/>\n\t<meta property=\"og:image:height\" content=\"1200\" \/>\n\t<meta property=\"og:image:type\" content=\"image\/jpeg\" \/>\n<meta name=\"twitter:card\" content=\"summary_large_image\" \/>\n<meta name=\"twitter:label1\" content=\"Gesch\u00e4tzte Lesezeit\" \/>\n\t<meta name=\"twitter:data1\" content=\"1\u00a0Minute\" \/>\n<script type=\"application\/ld+json\" class=\"yoast-schema-graph\">{\"@context\":\"https:\\\/\\\/schema.org\",\"@graph\":[{\"@type\":[\"WebPage\",\"ItemPage\"],\"@id\":\"https:\\\/\\\/www.purejewels.com\\\/product\\\/22ct-gold-chain-33483\\\/\",\"url\":\"https:\\\/\\\/www.purejewels.com\\\/product\\\/22ct-gold-chain-33483\\\/\",\"name\":\"Buy this Classic 22ct gold chain at PureJewels UK\",\"isPartOf\":{\"@id\":\"https:\\\/\\\/www.purejewels.com\\\/#website\"},\"primaryImageOfPage\":{\"@id\":\"https:\\\/\\\/www.purejewels.com\\\/product\\\/22ct-gold-chain-33483\\\/#primaryimage\"},\"image\":{\"@id\":\"https:\\\/\\\/www.purejewels.com\\\/product\\\/22ct-gold-chain-33483\\\/#primaryimage\"},\"thumbnailUrl\":\"https:\\\/\\\/static.purejewels.com\\\/wp-content\\\/uploads\\\/2020\\\/11\\\/33483-2.jpg\",\"datePublished\":\"2020-11-25T05:12:05+00:00\",\"dateModified\":\"2021-11-21T19:03:27+00:00\",\"description\":\"Choose from a wide selection of the latest gold chains in London. Buy this gold chain in 18 inches. Pair it with your pendant & flaunt your style.\",\"breadcrumb\":{\"@id\":\"https:\\\/\\\/www.purejewels.com\\\/product\\\/22ct-gold-chain-33483\\\/#breadcrumb\"},\"inLanguage\":\"de\",\"potentialAction\":[{\"@type\":\"ReadAction\",\"target\":[\"https:\\\/\\\/www.purejewels.com\\\/product\\\/22ct-gold-chain-33483\\\/\"]}]},{\"@type\":\"ImageObject\",\"inLanguage\":\"de\",\"@id\":\"https:\\\/\\\/www.purejewels.com\\\/product\\\/22ct-gold-chain-33483\\\/#primaryimage\",\"url\":\"https:\\\/\\\/static.purejewels.com\\\/wp-content\\\/uploads\\\/2020\\\/11\\\/33483-2.jpg\",\"contentUrl\":\"https:\\\/\\\/static.purejewels.com\\\/wp-content\\\/uploads\\\/2020\\\/11\\\/33483-2.jpg\",\"width\":1200,\"height\":1200,\"caption\":\"22ct Gold Chain 33483-2\"},{\"@type\":\"BreadcrumbList\",\"@id\":\"https:\\\/\\\/www.purejewels.com\\\/product\\\/22ct-gold-chain-33483\\\/#breadcrumb\",\"itemListElement\":[{\"@type\":\"ListItem\",\"position\":1,\"name\":\"Home\",\"item\":\"https:\\\/\\\/www.purejewels.com\\\/\"},{\"@type\":\"ListItem\",\"position\":2,\"name\":\"Shop\",\"item\":\"https:\\\/\\\/www.purejewels.com\\\/shop\\\/\"},{\"@type\":\"ListItem\",\"position\":3,\"name\":\"Glow 22ct Gold Chain in 18 Inches\"}]},{\"@type\":\"WebSite\",\"@id\":\"https:\\\/\\\/www.purejewels.com\\\/#website\",\"url\":\"https:\\\/\\\/www.purejewels.com\\\/\",\"name\":\"PureJewels UK\",\"description\":\"Share the Love\",\"publisher\":{\"@id\":\"https:\\\/\\\/www.purejewels.com\\\/#organization\"},\"potentialAction\":[{\"@type\":\"SearchAction\",\"target\":{\"@type\":\"EntryPoint\",\"urlTemplate\":\"https:\\\/\\\/www.purejewels.com\\\/?s={search_term_string}\"},\"query-input\":{\"@type\":\"PropertyValueSpecification\",\"valueRequired\":true,\"valueName\":\"search_term_string\"}}],\"inLanguage\":\"de\"},{\"@type\":\"Organization\",\"@id\":\"https:\\\/\\\/www.purejewels.com\\\/#organization\",\"name\":\"PureJewels UK\",\"url\":\"https:\\\/\\\/www.purejewels.com\\\/\",\"logo\":{\"@type\":\"ImageObject\",\"inLanguage\":\"de\",\"@id\":\"https:\\\/\\\/www.purejewels.com\\\/#\\\/schema\\\/logo\\\/image\\\/\",\"url\":\"https:\\\/\\\/static.purejewels.com\\\/wp-content\\\/uploads\\\/2020\\\/11\\\/Logo-PJ-New-1.png\",\"contentUrl\":\"https:\\\/\\\/static.purejewels.com\\\/wp-content\\\/uploads\\\/2020\\\/11\\\/Logo-PJ-New-1.png\",\"width\":150,\"height\":80,\"caption\":\"PureJewels UK\"},\"image\":{\"@id\":\"https:\\\/\\\/www.purejewels.com\\\/#\\\/schema\\\/logo\\\/image\\\/\"}}]}<\/script>\n<!-- \/ Yoast SEO plugin. -->","yoast_head_json":{"title":"Kaufen Sie diese klassische Kette aus 22 Karat Gold bei PureJewels UK","description":"W\u00e4hlen Sie aus einer gro\u00dfen Auswahl der neuesten Goldketten in London. Kaufen Sie diese Goldkette in 18 Zoll. Kombinieren Sie sie mit Ihrem Anh\u00e4nger und stellen Sie Ihren Stil zur Schau.","robots":{"index":"index","follow":"follow","max-snippet":"max-snippet:-1","max-image-preview":"max-image-preview:large","max-video-preview":"max-video-preview:-1"},"canonical":"https:\/\/www.purejewels.com\/de\/produkt-2\/kette-aus-22-karat-gold-33483\/","og_locale":"de_DE","og_type":"article","og_title":"Buy this Classic 22ct gold chain at PureJewels UK","og_description":"Choose from a wide selection of the latest gold chains in London. Buy this gold chain in 18 inches. Pair it with your pendant & flaunt your style.","og_url":"https:\/\/www.purejewels.com\/de\/produkt-2\/kette-aus-22-karat-gold-33483\/","og_site_name":"PureJewels UK","article_modified_time":"2021-11-21T19:03:27+00:00","og_image":[{"width":1200,"height":1200,"url":"https:\/\/www.purejewels.com\/wp-content\/uploads\/2020\/11\/33483-2.jpg","type":"image\/jpeg"}],"twitter_card":"summary_large_image","twitter_misc":{"Gesch\u00e4tzte Lesezeit":"1\u00a0Minute"},"schema":{"@context":"https:\/\/schema.org","@graph":[{"@type":["WebPage","ItemPage"],"@id":"https:\/\/www.purejewels.com\/product\/22ct-gold-chain-33483\/","url":"https:\/\/www.purejewels.com\/product\/22ct-gold-chain-33483\/","name":"Kaufen Sie diese klassische Kette aus 22 Karat Gold bei PureJewels UK","isPartOf":{"@id":"https:\/\/www.purejewels.com\/#website"},"primaryImageOfPage":{"@id":"https:\/\/www.purejewels.com\/product\/22ct-gold-chain-33483\/#primaryimage"},"image":{"@id":"https:\/\/www.purejewels.com\/product\/22ct-gold-chain-33483\/#primaryimage"},"thumbnailUrl":"https:\/\/static.purejewels.com\/wp-content\/uploads\/2020\/11\/33483-2.jpg","datePublished":"2020-11-25T05:12:05+00:00","dateModified":"2021-11-21T19:03:27+00:00","description":"W\u00e4hlen Sie aus einer gro\u00dfen Auswahl der neuesten Goldketten in London. Kaufen Sie diese Goldkette in 18 Zoll. Kombinieren Sie sie mit Ihrem Anh\u00e4nger und stellen Sie Ihren Stil zur Schau.","breadcrumb":{"@id":"https:\/\/www.purejewels.com\/product\/22ct-gold-chain-33483\/#breadcrumb"},"inLanguage":"de","potentialAction":[{"@type":"ReadAction","target":["https:\/\/www.purejewels.com\/product\/22ct-gold-chain-33483\/"]}]},{"@type":"ImageObject","inLanguage":"de","@id":"https:\/\/www.purejewels.com\/product\/22ct-gold-chain-33483\/#primaryimage","url":"https:\/\/static.purejewels.com\/wp-content\/uploads\/2020\/11\/33483-2.jpg","contentUrl":"https:\/\/static.purejewels.com\/wp-content\/uploads\/2020\/11\/33483-2.jpg","width":1200,"height":1200,"caption":"22ct Gold Chain 33483-2"},{"@type":"BreadcrumbList","@id":"https:\/\/www.purejewels.com\/product\/22ct-gold-chain-33483\/#breadcrumb","itemListElement":[{"@type":"ListItem","position":1,"name":"Home","item":"https:\/\/www.purejewels.com\/"},{"@type":"ListItem","position":2,"name":"Shop","item":"https:\/\/www.purejewels.com\/shop\/"},{"@type":"ListItem","position":3,"name":"Glow 22ct Gold Chain in 18 Inches"}]},{"@type":"WebSite","@id":"https:\/\/www.purejewels.com\/#website","url":"https:\/\/www.purejewels.com\/","name":"PureJewels UK","description":"Teile die Liebe","publisher":{"@id":"https:\/\/www.purejewels.com\/#organization"},"potentialAction":[{"@type":"SearchAction","target":{"@type":"EntryPoint","urlTemplate":"https:\/\/www.purejewels.com\/?s={search_term_string}"},"query-input":{"@type":"PropertyValueSpecification","valueRequired":true,"valueName":"search_term_string"}}],"inLanguage":"de"},{"@type":"Organization","@id":"https:\/\/www.purejewels.com\/#organization","name":"PureJewels UK","url":"https:\/\/www.purejewels.com\/","logo":{"@type":"ImageObject","inLanguage":"de","@id":"https:\/\/www.purejewels.com\/#\/schema\/logo\/image\/","url":"https:\/\/static.purejewels.com\/wp-content\/uploads\/2020\/11\/Logo-PJ-New-1.png","contentUrl":"https:\/\/static.purejewels.com\/wp-content\/uploads\/2020\/11\/Logo-PJ-New-1.png","width":150,"height":80,"caption":"PureJewels UK"},"image":{"@id":"https:\/\/www.purejewels.com\/#\/schema\/logo\/image\/"}}]}},"_links":{"self":[{"href":"https:\/\/www.purejewels.com\/de\/wp-json\/wp\/v2\/product\/319111","targetHints":{"allow":["GET"]}}],"collection":[{"href":"https:\/\/www.purejewels.com\/de\/wp-json\/wp\/v2\/product"}],"about":[{"href":"https:\/\/www.purejewels.com\/de\/wp-json\/wp\/v2\/types\/product"}],"replies":[{"embeddable":true,"href":"https:\/\/www.purejewels.com\/de\/wp-json\/wp\/v2\/comments?post=319111"}],"version-history":[{"count":0,"href":"https:\/\/www.purejewels.com\/de\/wp-json\/wp\/v2\/product\/319111\/revisions"}],"wp:featuredmedia":[{"embeddable":true,"href":"https:\/\/www.purejewels.com\/de\/wp-json\/wp\/v2\/media\/326768"}],"wp:attachment":[{"href":"https:\/\/www.purejewels.com\/de\/wp-json\/wp\/v2\/media?parent=319111"}],"wp:term":[{"taxonomy":"product_brand","embeddable":true,"href":"https:\/\/www.purejewels.com\/de\/wp-json\/wp\/v2\/product_brand?post=319111"},{"taxonomy":"product_cat","embeddable":true,"href":"https:\/\/www.purejewels.com\/de\/wp-json\/wp\/v2\/product_cat?post=319111"},{"taxonomy":"product_tag","embeddable":true,"href":"https:\/\/www.purejewels.com\/de\/wp-json\/wp\/v2\/product_tag?post=319111"}],"curies":[{"name":"wp","href":"https:\/\/api.w.org\/{rel}","templated":true}]}}