{"id":319121,"date":"2024-10-20T08:04:15","date_gmt":"2024-10-20T07:04:15","guid":{"rendered":"https:\/\/www.purejewels.com\/?post_type=product&#038;p=319121"},"modified":"2026-02-03T12:28:15","modified_gmt":"2026-02-03T12:28:15","slug":"ohrring-aus-22-karat-gold-40024","status":"publish","type":"product","link":"https:\/\/www.purejewels.com\/de\/product\/22carat-gold-earring-40024\/","title":{"rendered":"22 Karat Gold-Ohrring mit antikem Finish"},"content":{"rendered":"<p class=\"mb-2 mt-6 text-lg first:mt-3\"><strong><a href=\"https:\/\/www.purejewels.com\/de\/product\/22ct-gold-earring-32935\/\">22Karat Gold-Ohrring<\/a> Mit <a href=\"https:\/\/www.purejewels.com\/de\/armari-collection\/\">Antike Ausf\u00fchrung<\/a> und S\u00fc\u00dfwasserperlen<\/strong><\/p>\n<p>Erh\u00f6hen Sie Ihren Stil mit diesen exquisiten Ohrringen aus 22 Karat Gold mit antikem Finish und atemberaubenden S\u00fc\u00dfwasserperlen. Die mit viel Liebe zum Detail gefertigten Ohrringe verk\u00f6rpern das reiche Erbe und die zeitlose Eleganz der traditionellen <a href=\"https:\/\/www.purejewels.com\/de\/contact\/\">Indischer Schmuck<\/a>Die 22-kar\u00e4tige Goldbasis wurde fachm\u00e4nnisch mit einer antiken Patina \u00fcberzogen, die den Ohrringen einen faszinierenden Vintage-Look verleiht. Diese einzigartige Behandlung verst\u00e4rkt den warmen, schimmernden Glanz des Edelmetalls und macht sie zu einem einzigartigen Schmuckst\u00fcck, das auff\u00e4llt.<\/p>\n<p>Erg\u00e4nzend zu den <a href=\"https:\/\/www.purejewels.com\/de\/rosette-collection\/\">antikes Gold<\/a>Die Ohrringe sind mit zarten S\u00fc\u00dfwasserperlen geschm\u00fcckt. Diese leuchtenden Perlen verleihen einen Hauch von raffinierter Raffinesse und bilden einen perfekten Ausgleich zu den erdigen T\u00f6nen des Altgoldes. Die Perlen werden aufgrund ihrer au\u00dfergew\u00f6hnlichen Qualit\u00e4t sorgf\u00e4ltig ausgew\u00e4hlt und sorgen f\u00fcr ein makelloses, strahlendes Finish.<\/p>\n<p>Ganz gleich, ob Sie sich f\u00fcr einen besonderen Anlass herausputzen oder Ihren allt\u00e4glichen Stil aufwerten m\u00f6chten, diese 22-kar\u00e4tigen Goldohrringe mit Antik-Finish und S\u00fc\u00dfwasserperlen sind eine vielseitige und atemberaubende Wahl. Die Kombination aus dem reichen, antik inspirierten Gold und den eleganten Perlen schafft ein harmonisches und optisch fesselndes St\u00fcck, das jedes Outfit aufwertet.<\/p>\n<p>Investieren Sie in dieses zeitlose Accessoire und lassen Sie es zu einem gesch\u00e4tzten Bestandteil Ihrer Schmucksammlung werden. Lassen Sie sich von der Sch\u00f6nheit der traditionellen <a href=\"https:\/\/www.purejewels.com\/de\/a-guide-to-die-stamping\/\">Handwerkskunst<\/a> und die dauerhafte Anziehungskraft von 22 Karat Gold mit diesen au\u00dfergew\u00f6hnlichen Ohrringen.<\/p>\n<ul>\n<li><b>Bereich ID:<\/b> JWERJMRS021<\/li>\n<li><b>SKU:<\/b>\u00a046252<\/li>\n<\/ul>","protected":false},"excerpt":{"rendered":"<table class=\"sh_desc\">\n<tbody>\n<tr>\n<td>Art des Ohrrings<\/td>\n<td>Jumkha-Ohrring<\/td>\n<\/tr>\n<tr>\n<td>SKU<\/td>\n<td>46252<\/td>\n<\/tr>\n<tr>\n<td>Gewicht<\/td>\n<td>28,3 Gms<\/td>\n<\/tr>\n<tr>\n<td>Sammlung<\/td>\n<td><strong>Kollektion Rosette<\/strong><\/td>\n<\/tr>\n<tr>\n<td>Metall<\/td>\n<td>22ct Gold<\/td>\n<\/tr>\n<tr>\n<td>KatalogID<\/td>\n<td>R1071<\/td>\n<\/tr>\n<tr>\n<td>Entgelte<\/td>\n<td>Lieferung und Mehrwertsteuer inbegriffen<\/td>\n<\/tr>\n<tr>\n<td>Verpackung<\/td>\n<td>Mit Pr\u00e4sentationsbox<\/td>\n<\/tr>\n<tr>\n<td>Mehr Informationen<\/td>\n<td>\n<ul>\n<li>Kombiniert mit stilvollen\u00a0<strong>Halskette mit Halsband<\/strong><\/li>\n<li>Passend dazu <strong>Lange Halskette<\/strong>\u00a0 das perfekt erg\u00e4nzte Outfit<\/li>\n<li>Die\u00a0<strong>Perlenarmband<\/strong>\u00a0an Ihrem Handgelenk einen Hauch von zeitloser Eleganz verleiht<\/li>\n<li>Siehe unser\u00a0<strong>Rosetten-Katalog<\/strong><\/li>\n<li>Live-Chat mit uns f\u00fcr Verf\u00fcgbarkeit und mehr Bilder<\/li>\n<\/ul>\n<\/td>\n<\/tr>\n<\/tbody>\n<\/table>","protected":false},"featured_media":319374,"comment_status":"closed","ping_status":"closed","template":"","meta":{"_eb_attr":"","_crsspst_to_jayantr4sg-hostcom":false},"product_brand":[],"product_cat":[5315,1254,1578,6148,1656,5274,1573,1574],"product_tag":[],"class_list":{"0":"post-319121","1":"product","2":"type-product","3":"status-publish","4":"has-post-thumbnail","6":"product_cat-bridal-and-wedding-earrings","7":"product_cat-gold-earrings","8":"product_cat-jhumkha-earrings","9":"product_cat-rosette-jhumka","10":"product_cat-rosettes-collections","11":"product_cat-rosettes-earring","12":"product_cat-wedding-gifts","13":"product_cat-womens-jewellery","15":"first","16":"instock","17":"taxable","18":"shipping-taxable","19":"purchasable","20":"product-type-simple","21":"add-to-wishlist-before_image"},"yoast_head":"<!-- This site is optimized with the Yoast SEO plugin v27.5 - https:\/\/yoast.com\/product\/yoast-seo-wordpress\/ -->\n<title>22Carat Gold Jumkha Earring With Antique Finish UK<\/title>\n<meta name=\"description\" content=\"Explore our collection of Rosette. Buy 22 Carat Gold earrings with Antique Finish and Freshwater Pearls From PureJewels UK.\" \/>\n<meta name=\"robots\" content=\"index, follow, max-snippet:-1, max-image-preview:large, max-video-preview:-1\" \/>\n<link rel=\"canonical\" href=\"https:\/\/www.purejewels.com\/de\/produkt-2\/ohrring-aus-22-karat-gold-40024\/\" \/>\n<meta property=\"og:locale\" content=\"de_DE\" \/>\n<meta property=\"og:type\" content=\"article\" \/>\n<meta property=\"og:title\" content=\"22Carat Gold Jumkha Earring With Antique Finish UK\" \/>\n<meta property=\"og:description\" content=\"Explore our collection of Rosette. Buy 22 Carat Gold earrings with Antique Finish and Freshwater Pearls From PureJewels UK.\" \/>\n<meta property=\"og:url\" content=\"https:\/\/www.purejewels.com\/de\/produkt-2\/ohrring-aus-22-karat-gold-40024\/\" \/>\n<meta property=\"og:site_name\" content=\"PureJewels UK\" \/>\n<meta property=\"article:modified_time\" content=\"2026-02-03T12:28:15+00:00\" \/>\n<meta property=\"og:image\" content=\"https:\/\/static.purejewels.com\/wp-content\/uploads\/2020\/11\/40024.jpg\" \/>\n\t<meta property=\"og:image:width\" content=\"1000\" \/>\n\t<meta property=\"og:image:height\" content=\"1000\" \/>\n\t<meta property=\"og:image:type\" content=\"image\/jpeg\" \/>\n<meta name=\"twitter:card\" content=\"summary_large_image\" \/>\n<meta name=\"twitter:label1\" content=\"Gesch\u00e4tzte Lesezeit\" \/>\n\t<meta name=\"twitter:data1\" content=\"2\u00a0Minuten\" \/>\n<script type=\"application\/ld+json\" class=\"yoast-schema-graph\">{\"@context\":\"https:\\\/\\\/schema.org\",\"@graph\":[{\"@type\":[\"WebPage\",\"ItemPage\"],\"@id\":\"https:\\\/\\\/www.purejewels.com\\\/product\\\/22carat-gold-earring-40024\\\/\",\"url\":\"https:\\\/\\\/www.purejewels.com\\\/product\\\/22carat-gold-earring-40024\\\/\",\"name\":\"22Carat Gold Jumkha Earring With Antique Finish UK\",\"isPartOf\":{\"@id\":\"https:\\\/\\\/www.purejewels.com\\\/#website\"},\"primaryImageOfPage\":{\"@id\":\"https:\\\/\\\/www.purejewels.com\\\/product\\\/22carat-gold-earring-40024\\\/#primaryimage\"},\"image\":{\"@id\":\"https:\\\/\\\/www.purejewels.com\\\/product\\\/22carat-gold-earring-40024\\\/#primaryimage\"},\"thumbnailUrl\":\"https:\\\/\\\/static.purejewels.com\\\/wp-content\\\/uploads\\\/2020\\\/11\\\/40024.jpg\",\"datePublished\":\"2024-10-20T07:04:15+00:00\",\"dateModified\":\"2026-02-03T12:28:15+00:00\",\"description\":\"Explore our collection of Rosette. Buy 22 Carat Gold earrings with Antique Finish and Freshwater Pearls From PureJewels UK.\",\"breadcrumb\":{\"@id\":\"https:\\\/\\\/www.purejewels.com\\\/product\\\/22carat-gold-earring-40024\\\/#breadcrumb\"},\"inLanguage\":\"de\",\"potentialAction\":[{\"@type\":\"ReadAction\",\"target\":[\"https:\\\/\\\/www.purejewels.com\\\/product\\\/22carat-gold-earring-40024\\\/\"]}]},{\"@type\":\"ImageObject\",\"inLanguage\":\"de\",\"@id\":\"https:\\\/\\\/www.purejewels.com\\\/product\\\/22carat-gold-earring-40024\\\/#primaryimage\",\"url\":\"https:\\\/\\\/static.purejewels.com\\\/wp-content\\\/uploads\\\/2020\\\/11\\\/40024.jpg\",\"contentUrl\":\"https:\\\/\\\/static.purejewels.com\\\/wp-content\\\/uploads\\\/2020\\\/11\\\/40024.jpg\",\"width\":1000,\"height\":1000,\"caption\":\"22ct Gold Jumkha 40024\"},{\"@type\":\"BreadcrumbList\",\"@id\":\"https:\\\/\\\/www.purejewels.com\\\/product\\\/22carat-gold-earring-40024\\\/#breadcrumb\",\"itemListElement\":[{\"@type\":\"ListItem\",\"position\":1,\"name\":\"Home\",\"item\":\"https:\\\/\\\/www.purejewels.com\\\/\"},{\"@type\":\"ListItem\",\"position\":2,\"name\":\"Shop\",\"item\":\"https:\\\/\\\/www.purejewels.com\\\/shop\\\/\"},{\"@type\":\"ListItem\",\"position\":3,\"name\":\"22 Carat Gold Earring With Antique Finish\"}]},{\"@type\":\"WebSite\",\"@id\":\"https:\\\/\\\/www.purejewels.com\\\/#website\",\"url\":\"https:\\\/\\\/www.purejewels.com\\\/\",\"name\":\"PureJewels UK\",\"description\":\"Share the Love\",\"publisher\":{\"@id\":\"https:\\\/\\\/www.purejewels.com\\\/#organization\"},\"potentialAction\":[{\"@type\":\"SearchAction\",\"target\":{\"@type\":\"EntryPoint\",\"urlTemplate\":\"https:\\\/\\\/www.purejewels.com\\\/?s={search_term_string}\"},\"query-input\":{\"@type\":\"PropertyValueSpecification\",\"valueRequired\":true,\"valueName\":\"search_term_string\"}}],\"inLanguage\":\"de\"},{\"@type\":\"Organization\",\"@id\":\"https:\\\/\\\/www.purejewels.com\\\/#organization\",\"name\":\"PureJewels UK\",\"url\":\"https:\\\/\\\/www.purejewels.com\\\/\",\"logo\":{\"@type\":\"ImageObject\",\"inLanguage\":\"de\",\"@id\":\"https:\\\/\\\/www.purejewels.com\\\/#\\\/schema\\\/logo\\\/image\\\/\",\"url\":\"https:\\\/\\\/static.purejewels.com\\\/wp-content\\\/uploads\\\/2020\\\/11\\\/Logo-PJ-New-1.png\",\"contentUrl\":\"https:\\\/\\\/static.purejewels.com\\\/wp-content\\\/uploads\\\/2020\\\/11\\\/Logo-PJ-New-1.png\",\"width\":150,\"height\":80,\"caption\":\"PureJewels UK\"},\"image\":{\"@id\":\"https:\\\/\\\/www.purejewels.com\\\/#\\\/schema\\\/logo\\\/image\\\/\"}}]}<\/script>\n<!-- \/ Yoast SEO plugin. -->","yoast_head_json":{"title":"22Karat Gold Jumkha Ohrring mit antikem Finish UK","description":"Entdecken Sie unsere Kollektion von Rosette. Kaufen Sie 22 Karat Gold Ohrringe mit antikem Finish und S\u00fc\u00dfwasserperlen von PureJewels UK.","robots":{"index":"index","follow":"follow","max-snippet":"max-snippet:-1","max-image-preview":"max-image-preview:large","max-video-preview":"max-video-preview:-1"},"canonical":"https:\/\/www.purejewels.com\/de\/produkt-2\/ohrring-aus-22-karat-gold-40024\/","og_locale":"de_DE","og_type":"article","og_title":"22Carat Gold Jumkha Earring With Antique Finish UK","og_description":"Explore our collection of Rosette. Buy 22 Carat Gold earrings with Antique Finish and Freshwater Pearls From PureJewels UK.","og_url":"https:\/\/www.purejewels.com\/de\/produkt-2\/ohrring-aus-22-karat-gold-40024\/","og_site_name":"PureJewels UK","article_modified_time":"2026-02-03T12:28:15+00:00","og_image":[{"width":1000,"height":1000,"url":"https:\/\/static.purejewels.com\/wp-content\/uploads\/2020\/11\/40024.jpg","type":"image\/jpeg"}],"twitter_card":"summary_large_image","twitter_misc":{"Gesch\u00e4tzte Lesezeit":"2\u00a0Minuten"},"schema":{"@context":"https:\/\/schema.org","@graph":[{"@type":["WebPage","ItemPage"],"@id":"https:\/\/www.purejewels.com\/product\/22carat-gold-earring-40024\/","url":"https:\/\/www.purejewels.com\/product\/22carat-gold-earring-40024\/","name":"22Karat Gold Jumkha Ohrring mit antikem Finish UK","isPartOf":{"@id":"https:\/\/www.purejewels.com\/#website"},"primaryImageOfPage":{"@id":"https:\/\/www.purejewels.com\/product\/22carat-gold-earring-40024\/#primaryimage"},"image":{"@id":"https:\/\/www.purejewels.com\/product\/22carat-gold-earring-40024\/#primaryimage"},"thumbnailUrl":"https:\/\/static.purejewels.com\/wp-content\/uploads\/2020\/11\/40024.jpg","datePublished":"2024-10-20T07:04:15+00:00","dateModified":"2026-02-03T12:28:15+00:00","description":"Entdecken Sie unsere Kollektion von Rosette. Kaufen Sie 22 Karat Gold Ohrringe mit antikem Finish und S\u00fc\u00dfwasserperlen von PureJewels UK.","breadcrumb":{"@id":"https:\/\/www.purejewels.com\/product\/22carat-gold-earring-40024\/#breadcrumb"},"inLanguage":"de","potentialAction":[{"@type":"ReadAction","target":["https:\/\/www.purejewels.com\/product\/22carat-gold-earring-40024\/"]}]},{"@type":"ImageObject","inLanguage":"de","@id":"https:\/\/www.purejewels.com\/product\/22carat-gold-earring-40024\/#primaryimage","url":"https:\/\/static.purejewels.com\/wp-content\/uploads\/2020\/11\/40024.jpg","contentUrl":"https:\/\/static.purejewels.com\/wp-content\/uploads\/2020\/11\/40024.jpg","width":1000,"height":1000,"caption":"22ct Gold Jumkha 40024"},{"@type":"BreadcrumbList","@id":"https:\/\/www.purejewels.com\/product\/22carat-gold-earring-40024\/#breadcrumb","itemListElement":[{"@type":"ListItem","position":1,"name":"Home","item":"https:\/\/www.purejewels.com\/"},{"@type":"ListItem","position":2,"name":"Shop","item":"https:\/\/www.purejewels.com\/shop\/"},{"@type":"ListItem","position":3,"name":"22 Carat Gold Earring With Antique Finish"}]},{"@type":"WebSite","@id":"https:\/\/www.purejewels.com\/#website","url":"https:\/\/www.purejewels.com\/","name":"PureJewels UK","description":"Teile die Liebe","publisher":{"@id":"https:\/\/www.purejewels.com\/#organization"},"potentialAction":[{"@type":"SearchAction","target":{"@type":"EntryPoint","urlTemplate":"https:\/\/www.purejewels.com\/?s={search_term_string}"},"query-input":{"@type":"PropertyValueSpecification","valueRequired":true,"valueName":"search_term_string"}}],"inLanguage":"de"},{"@type":"Organization","@id":"https:\/\/www.purejewels.com\/#organization","name":"PureJewels UK","url":"https:\/\/www.purejewels.com\/","logo":{"@type":"ImageObject","inLanguage":"de","@id":"https:\/\/www.purejewels.com\/#\/schema\/logo\/image\/","url":"https:\/\/static.purejewels.com\/wp-content\/uploads\/2020\/11\/Logo-PJ-New-1.png","contentUrl":"https:\/\/static.purejewels.com\/wp-content\/uploads\/2020\/11\/Logo-PJ-New-1.png","width":150,"height":80,"caption":"PureJewels UK"},"image":{"@id":"https:\/\/www.purejewels.com\/#\/schema\/logo\/image\/"}}]}},"_links":{"self":[{"href":"https:\/\/www.purejewels.com\/de\/wp-json\/wp\/v2\/product\/319121","targetHints":{"allow":["GET"]}}],"collection":[{"href":"https:\/\/www.purejewels.com\/de\/wp-json\/wp\/v2\/product"}],"about":[{"href":"https:\/\/www.purejewels.com\/de\/wp-json\/wp\/v2\/types\/product"}],"replies":[{"embeddable":true,"href":"https:\/\/www.purejewels.com\/de\/wp-json\/wp\/v2\/comments?post=319121"}],"version-history":[{"count":5,"href":"https:\/\/www.purejewels.com\/de\/wp-json\/wp\/v2\/product\/319121\/revisions"}],"predecessor-version":[{"id":425854,"href":"https:\/\/www.purejewels.com\/de\/wp-json\/wp\/v2\/product\/319121\/revisions\/425854"}],"wp:featuredmedia":[{"embeddable":true,"href":"https:\/\/www.purejewels.com\/de\/wp-json\/wp\/v2\/media\/319374"}],"wp:attachment":[{"href":"https:\/\/www.purejewels.com\/de\/wp-json\/wp\/v2\/media?parent=319121"}],"wp:term":[{"taxonomy":"product_brand","embeddable":true,"href":"https:\/\/www.purejewels.com\/de\/wp-json\/wp\/v2\/product_brand?post=319121"},{"taxonomy":"product_cat","embeddable":true,"href":"https:\/\/www.purejewels.com\/de\/wp-json\/wp\/v2\/product_cat?post=319121"},{"taxonomy":"product_tag","embeddable":true,"href":"https:\/\/www.purejewels.com\/de\/wp-json\/wp\/v2\/product_tag?post=319121"}],"curies":[{"name":"wp","href":"https:\/\/api.w.org\/{rel}","templated":true}]}}