{"id":319394,"date":"2020-11-26T11:57:33","date_gmt":"2020-11-26T11:57:33","guid":{"rendered":"https:\/\/www.purejewels.com\/?post_type=product&#038;p=319394"},"modified":"2025-12-31T07:01:23","modified_gmt":"2025-12-31T07:01:23","slug":"ring-aus-22-karat-gold-40174","status":"publish","type":"product","link":"https:\/\/www.purejewels.com\/de\/product\/22ct-gold-ring-40174\/","title":{"rendered":"22 Karat Gold Herrenring mit Rubin-Edelstein"},"content":{"rendered":"<p><strong>Entwurf:<\/strong><br \/>\nDieser Herrenring ist eine majest\u00e4tische Mischung aus Tradition und k\u00fchner Eleganz und verf\u00fcgt \u00fcber einen gro\u00dfen, facettierten Rubin, der sicher in poliertem 22-kar\u00e4tigem Gelbgold gefasst ist. Das glatte Band bietet Platz f\u00fcr eine optionale individuelle Gravur, die dem Ring eine pers\u00f6nliche Note verleiht.<\/p>\n<p><strong>Handwerkliches K\u00f6nnen:<\/strong><br \/>\nDer Ring wurde sorgf\u00e4ltig aus reinem 22-kar\u00e4tigem Gold gefertigt und ist auf Komfort, Langlebigkeit und den t\u00e4glichen Gebrauch ausgelegt. Der tiefrote Rubin \u2013 Symbol f\u00fcr St\u00e4rke und Vitalit\u00e4t \u2013 verleiht dem Schmuckst\u00fcck einen kraftvollen und zugleich eleganten Blickfang.<\/p>\n<p><strong>Bedeutung:<\/strong><br \/>\nRubin gilt als Stein der Leidenschaft, F\u00fchrungsst\u00e4rke und des Schutzes. Damit eignet sich der Ring ideal als Geschenk zu besonderen Anl\u00e4ssen, als Zeichen des Erfolgs oder als bedeutungsvolles Accessoire f\u00fcr den Alltag f\u00fcr M\u00e4nner mit Statur und Ambitionen.<\/p>","protected":false},"excerpt":{"rendered":"<p>Dieser auff\u00e4llige und elegante Ring aus 22 Karat Gold besticht durch einen echten Rubin in klassischer Zargenfassung. Perfekt f\u00fcr M\u00e4nner, die raffinierten Luxus zu sch\u00e4tzen wissen.<\/p>\n<ul>\n<li>22 Karat Goldring mit Rubin<\/li>\n<li>Ring-Gewicht 15,5 g.<\/li>\n<li>RIng-Gr\u00f6\u00dfe. S<\/li>\n<li>Kann auf Bestellung in Ihrer Fingergr\u00f6\u00dfe angefertigt werden<\/li>\n<li>SKU. 40174<\/li>\n<li>Alle unsere Produkte sind vom London Assay Office gestempelt.<\/li>\n<li>Mit Pr\u00e4sentationsbox<\/li>\n<li>Lieferung inbegriffen<\/li>\n<li>Alle Preise inklusive Mehrwertsteuer<\/li>\n<li>Kontaktieren Sie uns \/ chatten Sie mit uns f\u00fcr ein Live-Video des Produkts<\/li>\n<li>\u00c4hnliche Produkte finden Sie unter https:\/\/www.purejewels.com\/product\/22-carat-gold-ring\/<\/li>\n<li><\/li>\n<\/ul>","protected":false},"featured_media":319395,"comment_status":"closed","ping_status":"closed","template":"","meta":{"_eb_attr":"","_crsspst_to_jayantr4sg-hostcom":false},"product_brand":[],"product_cat":[1784,1235,1572],"product_tag":[],"class_list":{"0":"post-319394","1":"product","2":"type-product","3":"status-publish","4":"has-post-thumbnail","6":"product_cat-gents-rings","7":"product_cat-gold-rings","8":"product_cat-mens-jewellery","10":"first","11":"outofstock","12":"taxable","13":"shipping-taxable","14":"product-type-simple","15":"add-to-wishlist-before_image"},"yoast_head":"<!-- This site is optimized with the Yoast SEO plugin v27.3 - https:\/\/yoast.com\/product\/yoast-seo-wordpress\/ -->\n<title>22ct Ruby Ring for Men | Genuine Ruby Signet Style in PureJewels<\/title>\n<meta name=\"description\" content=\"Shop this 22ct gold ring featuring a bold, genuine ruby in a classic signet style. A luxurious statement piece for men with timeless appeal.\" \/>\n<meta name=\"robots\" content=\"index, follow, max-snippet:-1, max-image-preview:large, max-video-preview:-1\" \/>\n<link rel=\"canonical\" href=\"https:\/\/www.purejewels.com\/de\/produkt-2\/ring-aus-22-karat-gold-40174\/\" \/>\n<meta property=\"og:locale\" content=\"de_DE\" \/>\n<meta property=\"og:type\" content=\"article\" \/>\n<meta property=\"og:title\" content=\"22ct Ruby Ring for Men | Genuine Ruby Signet Style in PureJewels\" \/>\n<meta property=\"og:description\" content=\"Shop this 22ct gold ring featuring a bold, genuine ruby in a classic signet style. A luxurious statement piece for men with timeless appeal.\" \/>\n<meta property=\"og:url\" content=\"https:\/\/www.purejewels.com\/de\/produkt-2\/ring-aus-22-karat-gold-40174\/\" \/>\n<meta property=\"og:site_name\" content=\"PureJewels UK\" \/>\n<meta property=\"article:modified_time\" content=\"2025-12-31T07:01:23+00:00\" \/>\n<meta property=\"og:image\" content=\"https:\/\/static.purejewels.com\/wp-content\/uploads\/2020\/11\/40174.jpg\" \/>\n\t<meta property=\"og:image:width\" content=\"1000\" \/>\n\t<meta property=\"og:image:height\" content=\"1000\" \/>\n\t<meta property=\"og:image:type\" content=\"image\/jpeg\" \/>\n<meta name=\"twitter:card\" content=\"summary_large_image\" \/>\n<meta name=\"twitter:label1\" content=\"Gesch\u00e4tzte Lesezeit\" \/>\n\t<meta name=\"twitter:data1\" content=\"1\u00a0Minute\" \/>\n<script type=\"application\/ld+json\" class=\"yoast-schema-graph\">{\"@context\":\"https:\\\/\\\/schema.org\",\"@graph\":[{\"@type\":[\"WebPage\",\"ItemPage\"],\"@id\":\"https:\\\/\\\/www.purejewels.com\\\/product\\\/22ct-gold-ring-40174\\\/\",\"url\":\"https:\\\/\\\/www.purejewels.com\\\/product\\\/22ct-gold-ring-40174\\\/\",\"name\":\"22ct Ruby Ring for Men | Genuine Ruby Signet Style in PureJewels\",\"isPartOf\":{\"@id\":\"https:\\\/\\\/www.purejewels.com\\\/#website\"},\"primaryImageOfPage\":{\"@id\":\"https:\\\/\\\/www.purejewels.com\\\/product\\\/22ct-gold-ring-40174\\\/#primaryimage\"},\"image\":{\"@id\":\"https:\\\/\\\/www.purejewels.com\\\/product\\\/22ct-gold-ring-40174\\\/#primaryimage\"},\"thumbnailUrl\":\"https:\\\/\\\/static.purejewels.com\\\/wp-content\\\/uploads\\\/2020\\\/11\\\/40174.jpg\",\"datePublished\":\"2020-11-26T11:57:33+00:00\",\"dateModified\":\"2025-12-31T07:01:23+00:00\",\"description\":\"Shop this 22ct gold ring featuring a bold, genuine ruby in a classic signet style. A luxurious statement piece for men with timeless appeal.\",\"breadcrumb\":{\"@id\":\"https:\\\/\\\/www.purejewels.com\\\/product\\\/22ct-gold-ring-40174\\\/#breadcrumb\"},\"inLanguage\":\"de\",\"potentialAction\":[{\"@type\":\"ReadAction\",\"target\":[\"https:\\\/\\\/www.purejewels.com\\\/product\\\/22ct-gold-ring-40174\\\/\"]}]},{\"@type\":\"ImageObject\",\"inLanguage\":\"de\",\"@id\":\"https:\\\/\\\/www.purejewels.com\\\/product\\\/22ct-gold-ring-40174\\\/#primaryimage\",\"url\":\"https:\\\/\\\/static.purejewels.com\\\/wp-content\\\/uploads\\\/2020\\\/11\\\/40174.jpg\",\"contentUrl\":\"https:\\\/\\\/static.purejewels.com\\\/wp-content\\\/uploads\\\/2020\\\/11\\\/40174.jpg\",\"width\":1000,\"height\":1000},{\"@type\":\"BreadcrumbList\",\"@id\":\"https:\\\/\\\/www.purejewels.com\\\/product\\\/22ct-gold-ring-40174\\\/#breadcrumb\",\"itemListElement\":[{\"@type\":\"ListItem\",\"position\":1,\"name\":\"Home\",\"item\":\"https:\\\/\\\/www.purejewels.com\\\/\"},{\"@type\":\"ListItem\",\"position\":2,\"name\":\"Shop\",\"item\":\"https:\\\/\\\/www.purejewels.com\\\/shop\\\/\"},{\"@type\":\"ListItem\",\"position\":3,\"name\":\"22ct Gold Men&#8217;s Ring with Ruby Gemstone\"}]},{\"@type\":\"WebSite\",\"@id\":\"https:\\\/\\\/www.purejewels.com\\\/#website\",\"url\":\"https:\\\/\\\/www.purejewels.com\\\/\",\"name\":\"PureJewels UK\",\"description\":\"Share the Love\",\"publisher\":{\"@id\":\"https:\\\/\\\/www.purejewels.com\\\/#organization\"},\"potentialAction\":[{\"@type\":\"SearchAction\",\"target\":{\"@type\":\"EntryPoint\",\"urlTemplate\":\"https:\\\/\\\/www.purejewels.com\\\/?s={search_term_string}\"},\"query-input\":{\"@type\":\"PropertyValueSpecification\",\"valueRequired\":true,\"valueName\":\"search_term_string\"}}],\"inLanguage\":\"de\"},{\"@type\":\"Organization\",\"@id\":\"https:\\\/\\\/www.purejewels.com\\\/#organization\",\"name\":\"PureJewels UK\",\"url\":\"https:\\\/\\\/www.purejewels.com\\\/\",\"logo\":{\"@type\":\"ImageObject\",\"inLanguage\":\"de\",\"@id\":\"https:\\\/\\\/www.purejewels.com\\\/#\\\/schema\\\/logo\\\/image\\\/\",\"url\":\"https:\\\/\\\/static.purejewels.com\\\/wp-content\\\/uploads\\\/2020\\\/11\\\/Logo-PJ-New-1.png\",\"contentUrl\":\"https:\\\/\\\/static.purejewels.com\\\/wp-content\\\/uploads\\\/2020\\\/11\\\/Logo-PJ-New-1.png\",\"width\":150,\"height\":80,\"caption\":\"PureJewels UK\"},\"image\":{\"@id\":\"https:\\\/\\\/www.purejewels.com\\\/#\\\/schema\\\/logo\\\/image\\\/\"}}]}<\/script>\n<!-- \/ Yoast SEO plugin. -->","yoast_head_json":{"title":"22 Karat Rubinring f\u00fcr Herren | Echter Rubin im Siegelring-Stil von PureJewels","description":"Entdecken Sie diesen Ring aus 22 Karat Gold mit einem auff\u00e4lligen, echten Rubin im klassischen Siegelstil. Ein luxuri\u00f6ses Statement-St\u00fcck f\u00fcr Herren mit zeitlosem Charme.","robots":{"index":"index","follow":"follow","max-snippet":"max-snippet:-1","max-image-preview":"max-image-preview:large","max-video-preview":"max-video-preview:-1"},"canonical":"https:\/\/www.purejewels.com\/de\/produkt-2\/ring-aus-22-karat-gold-40174\/","og_locale":"de_DE","og_type":"article","og_title":"22ct Ruby Ring for Men | Genuine Ruby Signet Style in PureJewels","og_description":"Shop this 22ct gold ring featuring a bold, genuine ruby in a classic signet style. A luxurious statement piece for men with timeless appeal.","og_url":"https:\/\/www.purejewels.com\/de\/produkt-2\/ring-aus-22-karat-gold-40174\/","og_site_name":"PureJewels UK","article_modified_time":"2025-12-31T07:01:23+00:00","og_image":[{"width":1000,"height":1000,"url":"https:\/\/static.purejewels.com\/wp-content\/uploads\/2020\/11\/40174.jpg","type":"image\/jpeg"}],"twitter_card":"summary_large_image","twitter_misc":{"Gesch\u00e4tzte Lesezeit":"1\u00a0Minute"},"schema":{"@context":"https:\/\/schema.org","@graph":[{"@type":["WebPage","ItemPage"],"@id":"https:\/\/www.purejewels.com\/product\/22ct-gold-ring-40174\/","url":"https:\/\/www.purejewels.com\/product\/22ct-gold-ring-40174\/","name":"22 Karat Rubinring f\u00fcr Herren | Echter Rubin im Siegelring-Stil von PureJewels","isPartOf":{"@id":"https:\/\/www.purejewels.com\/#website"},"primaryImageOfPage":{"@id":"https:\/\/www.purejewels.com\/product\/22ct-gold-ring-40174\/#primaryimage"},"image":{"@id":"https:\/\/www.purejewels.com\/product\/22ct-gold-ring-40174\/#primaryimage"},"thumbnailUrl":"https:\/\/static.purejewels.com\/wp-content\/uploads\/2020\/11\/40174.jpg","datePublished":"2020-11-26T11:57:33+00:00","dateModified":"2025-12-31T07:01:23+00:00","description":"Entdecken Sie diesen Ring aus 22 Karat Gold mit einem auff\u00e4lligen, echten Rubin im klassischen Siegelstil. Ein luxuri\u00f6ses Statement-St\u00fcck f\u00fcr Herren mit zeitlosem Charme.","breadcrumb":{"@id":"https:\/\/www.purejewels.com\/product\/22ct-gold-ring-40174\/#breadcrumb"},"inLanguage":"de","potentialAction":[{"@type":"ReadAction","target":["https:\/\/www.purejewels.com\/product\/22ct-gold-ring-40174\/"]}]},{"@type":"ImageObject","inLanguage":"de","@id":"https:\/\/www.purejewels.com\/product\/22ct-gold-ring-40174\/#primaryimage","url":"https:\/\/static.purejewels.com\/wp-content\/uploads\/2020\/11\/40174.jpg","contentUrl":"https:\/\/static.purejewels.com\/wp-content\/uploads\/2020\/11\/40174.jpg","width":1000,"height":1000},{"@type":"BreadcrumbList","@id":"https:\/\/www.purejewels.com\/product\/22ct-gold-ring-40174\/#breadcrumb","itemListElement":[{"@type":"ListItem","position":1,"name":"Home","item":"https:\/\/www.purejewels.com\/"},{"@type":"ListItem","position":2,"name":"Shop","item":"https:\/\/www.purejewels.com\/shop\/"},{"@type":"ListItem","position":3,"name":"22ct Gold Men&#8217;s Ring with Ruby Gemstone"}]},{"@type":"WebSite","@id":"https:\/\/www.purejewels.com\/#website","url":"https:\/\/www.purejewels.com\/","name":"PureJewels UK","description":"Teile die Liebe","publisher":{"@id":"https:\/\/www.purejewels.com\/#organization"},"potentialAction":[{"@type":"SearchAction","target":{"@type":"EntryPoint","urlTemplate":"https:\/\/www.purejewels.com\/?s={search_term_string}"},"query-input":{"@type":"PropertyValueSpecification","valueRequired":true,"valueName":"search_term_string"}}],"inLanguage":"de"},{"@type":"Organization","@id":"https:\/\/www.purejewels.com\/#organization","name":"PureJewels UK","url":"https:\/\/www.purejewels.com\/","logo":{"@type":"ImageObject","inLanguage":"de","@id":"https:\/\/www.purejewels.com\/#\/schema\/logo\/image\/","url":"https:\/\/static.purejewels.com\/wp-content\/uploads\/2020\/11\/Logo-PJ-New-1.png","contentUrl":"https:\/\/static.purejewels.com\/wp-content\/uploads\/2020\/11\/Logo-PJ-New-1.png","width":150,"height":80,"caption":"PureJewels UK"},"image":{"@id":"https:\/\/www.purejewels.com\/#\/schema\/logo\/image\/"}}]}},"_links":{"self":[{"href":"https:\/\/www.purejewels.com\/de\/wp-json\/wp\/v2\/product\/319394","targetHints":{"allow":["GET"]}}],"collection":[{"href":"https:\/\/www.purejewels.com\/de\/wp-json\/wp\/v2\/product"}],"about":[{"href":"https:\/\/www.purejewels.com\/de\/wp-json\/wp\/v2\/types\/product"}],"replies":[{"embeddable":true,"href":"https:\/\/www.purejewels.com\/de\/wp-json\/wp\/v2\/comments?post=319394"}],"version-history":[{"count":2,"href":"https:\/\/www.purejewels.com\/de\/wp-json\/wp\/v2\/product\/319394\/revisions"}],"predecessor-version":[{"id":424075,"href":"https:\/\/www.purejewels.com\/de\/wp-json\/wp\/v2\/product\/319394\/revisions\/424075"}],"wp:featuredmedia":[{"embeddable":true,"href":"https:\/\/www.purejewels.com\/de\/wp-json\/wp\/v2\/media\/319395"}],"wp:attachment":[{"href":"https:\/\/www.purejewels.com\/de\/wp-json\/wp\/v2\/media?parent=319394"}],"wp:term":[{"taxonomy":"product_brand","embeddable":true,"href":"https:\/\/www.purejewels.com\/de\/wp-json\/wp\/v2\/product_brand?post=319394"},{"taxonomy":"product_cat","embeddable":true,"href":"https:\/\/www.purejewels.com\/de\/wp-json\/wp\/v2\/product_cat?post=319394"},{"taxonomy":"product_tag","embeddable":true,"href":"https:\/\/www.purejewels.com\/de\/wp-json\/wp\/v2\/product_tag?post=319394"}],"curies":[{"name":"wp","href":"https:\/\/api.w.org\/{rel}","templated":true}]}}