{"id":319454,"date":"2020-12-01T10:09:12","date_gmt":"2020-12-01T10:09:12","guid":{"rendered":"https:\/\/www.purejewels.com\/?post_type=product&#038;p=319454"},"modified":"2026-01-08T13:22:10","modified_gmt":"2026-01-08T13:22:10","slug":"22kt-gold-fuchsschwanz-kette-31822","status":"publish","type":"product","link":"https:\/\/www.purejewels.com\/de\/product\/22kt-gold-foxtail-chain-31822\/","title":{"rendered":"22kt Gold Fuchsschwanz Kette - 16 Zoll leicht klassisch"},"content":{"rendered":"<h4 data-start=\"658\" data-end=\"683\"><strong data-start=\"663\" data-end=\"681\">Designkonzept<\/strong><\/h4>\n<p data-start=\"684\" data-end=\"1007\">Die <strong data-start=\"688\" data-end=\"745\">22kt Gold Fuchsschwanz Kette - 16 Zoll leicht klassisch<\/strong> wurde f\u00fcr diejenigen entworfen, die schlichte Eleganz sch\u00e4tzen. Das Fuchsschwanz-Muster mit seinem eng verbundenen V-f\u00f6rmigen Geflecht bietet ein weiches, flie\u00dfendes Finish, das sich m\u00fchelos am Dekollet\u00e9 entlang zieht. Ein echter Klassiker, der Ihre t\u00e4gliche Schmuckgarderobe verfeinert.<\/p>\n<h4 data-start=\"1009\" data-end=\"1033\"><strong data-start=\"1014\" data-end=\"1031\">Handwerkliches K\u00f6nnen<\/strong><\/h4>\n<p data-start=\"1034\" data-end=\"1353\">Diese handgefertigte Fuchsschwanzkette aus reinem 22-kar\u00e4tigem Gelbgold ist leicht und dennoch strapazierf\u00e4hig und wurde f\u00fcr Komfort und Langlebigkeit entwickelt. Das pr\u00e4zise ineinandergreifende Muster erh\u00f6ht die Flexibilit\u00e4t und erh\u00e4lt gleichzeitig die Struktur, und die polierte Oberfl\u00e4che verleiht ihr einen sanften Glanz. Die Kette wird mit einem traditionellen Verschluss geschlossen und ist f\u00fcr ihre Echtheit gepunzt.<\/p>\n<h4 data-start=\"1355\" data-end=\"1379\"><strong data-start=\"1360\" data-end=\"1377\">Styling-Ideen<\/strong><\/h4>\n<p data-start=\"1380\" data-end=\"1576\">Tragen Sie sie allein f\u00fcr einen minimalistischen, modernen Look oder kombinieren Sie sie mit einem kleinen Anh\u00e4nger f\u00fcr eine pers\u00f6nliche Note. Ideal f\u00fcr das t\u00e4gliche Tragen, f\u00fcr Reisen, zum Verschenken oder als Basis f\u00fcr die Kombination mit anderen Ketten unterschiedlicher L\u00e4nge.<\/p>","protected":false},"excerpt":{"rendered":"<p>Diese 22kt Gold Foxtail Kette hat ein klassisches V-Gliedergeflecht in einer L\u00e4nge von 16 Zoll. Sie ist leicht und vielseitig und eignet sich perfekt f\u00fcr den t\u00e4glichen Gebrauch oder zum Kombinieren mit Anh\u00e4ngern.<\/p>\n<ul>\n<li>22ct Gold Fuchsschwanz Kette 16 Zoll<\/li>\n<li>Gewicht : 2.8 g<\/li>\n<li>Dicke. 1,1 mm<\/li>\n<li>L\u00e4nge : 16\u2033 Zoll<\/li>\n<li>SKU. 31822<\/li>\n<li>Alle Preise inklusive Mehrwertsteuer<\/li>\n<li>22ct Gold gestempelt von London Assay Office<\/li>\n<li>Mit Pr\u00e4sentationsbox<\/li>\n<li>Lieferung inbegriffen<\/li>\n<li>Live-Chat mit uns f\u00fcr die Verf\u00fcgbarkeit und mehr Bilder von \u00e4hnlichen Designs derzeit auf Lager<\/li>\n<\/ul>","protected":false},"featured_media":319451,"comment_status":"closed","ping_status":"closed","template":"","meta":{"_eb_attr":"","_crsspst_to_jayantr4sg-hostcom":false},"product_brand":[],"product_cat":[1576,1772],"product_tag":[],"class_list":{"0":"post-319454","1":"product","2":"type-product","3":"status-publish","4":"has-post-thumbnail","6":"product_cat-childrens-jewellery","7":"product_cat-kids-chains","9":"first","10":"outofstock","11":"sale","12":"taxable","13":"shipping-taxable","14":"product-type-simple","15":"add-to-wishlist-before_image"},"yoast_head":"<!-- This site is optimized with the Yoast SEO plugin v27.3 - https:\/\/yoast.com\/product\/yoast-seo-wordpress\/ -->\n<title>Lightweight 22kt Gold Foxtail Chain \u2013 16 Inch Classic Necklace<\/title>\n<meta name=\"description\" content=\"Explore our 22kt gold foxtail chain in a 16-inch length. Lightweight, elegant, and perfect for everyday wear or pairing with a pendant.\" \/>\n<meta name=\"robots\" content=\"index, follow, max-snippet:-1, max-image-preview:large, max-video-preview:-1\" \/>\n<link rel=\"canonical\" href=\"https:\/\/www.purejewels.com\/de\/produkt-2\/22kt-gold-fuchsschwanz-kette-31822\/\" \/>\n<meta property=\"og:locale\" content=\"de_DE\" \/>\n<meta property=\"og:type\" content=\"article\" \/>\n<meta property=\"og:title\" content=\"Lightweight 22kt Gold Foxtail Chain \u2013 16 Inch Classic Necklace\" \/>\n<meta property=\"og:description\" content=\"Explore our 22kt gold foxtail chain in a 16-inch length. Lightweight, elegant, and perfect for everyday wear or pairing with a pendant.\" \/>\n<meta property=\"og:url\" content=\"https:\/\/www.purejewels.com\/de\/produkt-2\/22kt-gold-fuchsschwanz-kette-31822\/\" \/>\n<meta property=\"og:site_name\" content=\"PureJewels UK\" \/>\n<meta property=\"article:modified_time\" content=\"2026-01-08T13:22:10+00:00\" \/>\n<meta property=\"og:image\" content=\"https:\/\/static.purejewels.com\/wp-content\/uploads\/2020\/07\/31811-1.jpg\" \/>\n\t<meta property=\"og:image:width\" content=\"1000\" \/>\n\t<meta property=\"og:image:height\" content=\"1000\" \/>\n\t<meta property=\"og:image:type\" content=\"image\/jpeg\" \/>\n<meta name=\"twitter:card\" content=\"summary_large_image\" \/>\n<meta name=\"twitter:label1\" content=\"Gesch\u00e4tzte Lesezeit\" \/>\n\t<meta name=\"twitter:data1\" content=\"1\u00a0Minute\" \/>\n<script type=\"application\/ld+json\" class=\"yoast-schema-graph\">{\"@context\":\"https:\\\/\\\/schema.org\",\"@graph\":[{\"@type\":[\"WebPage\",\"ItemPage\"],\"@id\":\"https:\\\/\\\/www.purejewels.com\\\/product\\\/22kt-gold-foxtail-chain-31822\\\/\",\"url\":\"https:\\\/\\\/www.purejewels.com\\\/product\\\/22kt-gold-foxtail-chain-31822\\\/\",\"name\":\"Lightweight 22kt Gold Foxtail Chain \u2013 16 Inch Classic Necklace\",\"isPartOf\":{\"@id\":\"https:\\\/\\\/www.purejewels.com\\\/#website\"},\"primaryImageOfPage\":{\"@id\":\"https:\\\/\\\/www.purejewels.com\\\/product\\\/22kt-gold-foxtail-chain-31822\\\/#primaryimage\"},\"image\":{\"@id\":\"https:\\\/\\\/www.purejewels.com\\\/product\\\/22kt-gold-foxtail-chain-31822\\\/#primaryimage\"},\"thumbnailUrl\":\"https:\\\/\\\/static.purejewels.com\\\/wp-content\\\/uploads\\\/2020\\\/07\\\/31811-1.jpg\",\"datePublished\":\"2020-12-01T10:09:12+00:00\",\"dateModified\":\"2026-01-08T13:22:10+00:00\",\"description\":\"Explore our 22kt gold foxtail chain in a 16-inch length. Lightweight, elegant, and perfect for everyday wear or pairing with a pendant.\",\"breadcrumb\":{\"@id\":\"https:\\\/\\\/www.purejewels.com\\\/product\\\/22kt-gold-foxtail-chain-31822\\\/#breadcrumb\"},\"inLanguage\":\"de\",\"potentialAction\":[{\"@type\":\"ReadAction\",\"target\":[\"https:\\\/\\\/www.purejewels.com\\\/product\\\/22kt-gold-foxtail-chain-31822\\\/\"]}]},{\"@type\":\"ImageObject\",\"inLanguage\":\"de\",\"@id\":\"https:\\\/\\\/www.purejewels.com\\\/product\\\/22kt-gold-foxtail-chain-31822\\\/#primaryimage\",\"url\":\"https:\\\/\\\/static.purejewels.com\\\/wp-content\\\/uploads\\\/2020\\\/07\\\/31811-1.jpg\",\"contentUrl\":\"https:\\\/\\\/static.purejewels.com\\\/wp-content\\\/uploads\\\/2020\\\/07\\\/31811-1.jpg\",\"width\":1000,\"height\":1000,\"caption\":\"22ct Gold Chain\"},{\"@type\":\"BreadcrumbList\",\"@id\":\"https:\\\/\\\/www.purejewels.com\\\/product\\\/22kt-gold-foxtail-chain-31822\\\/#breadcrumb\",\"itemListElement\":[{\"@type\":\"ListItem\",\"position\":1,\"name\":\"Home\",\"item\":\"https:\\\/\\\/www.purejewels.com\\\/\"},{\"@type\":\"ListItem\",\"position\":2,\"name\":\"Shop\",\"item\":\"https:\\\/\\\/www.purejewels.com\\\/shop\\\/\"},{\"@type\":\"ListItem\",\"position\":3,\"name\":\"22kt Gold Foxtail Chain \u2013 16 Inch Lightweight Classic\"}]},{\"@type\":\"WebSite\",\"@id\":\"https:\\\/\\\/www.purejewels.com\\\/#website\",\"url\":\"https:\\\/\\\/www.purejewels.com\\\/\",\"name\":\"PureJewels UK\",\"description\":\"Share the Love\",\"publisher\":{\"@id\":\"https:\\\/\\\/www.purejewels.com\\\/#organization\"},\"potentialAction\":[{\"@type\":\"SearchAction\",\"target\":{\"@type\":\"EntryPoint\",\"urlTemplate\":\"https:\\\/\\\/www.purejewels.com\\\/?s={search_term_string}\"},\"query-input\":{\"@type\":\"PropertyValueSpecification\",\"valueRequired\":true,\"valueName\":\"search_term_string\"}}],\"inLanguage\":\"de\"},{\"@type\":\"Organization\",\"@id\":\"https:\\\/\\\/www.purejewels.com\\\/#organization\",\"name\":\"PureJewels UK\",\"url\":\"https:\\\/\\\/www.purejewels.com\\\/\",\"logo\":{\"@type\":\"ImageObject\",\"inLanguage\":\"de\",\"@id\":\"https:\\\/\\\/www.purejewels.com\\\/#\\\/schema\\\/logo\\\/image\\\/\",\"url\":\"https:\\\/\\\/static.purejewels.com\\\/wp-content\\\/uploads\\\/2020\\\/11\\\/Logo-PJ-New-1.png\",\"contentUrl\":\"https:\\\/\\\/static.purejewels.com\\\/wp-content\\\/uploads\\\/2020\\\/11\\\/Logo-PJ-New-1.png\",\"width\":150,\"height\":80,\"caption\":\"PureJewels UK\"},\"image\":{\"@id\":\"https:\\\/\\\/www.purejewels.com\\\/#\\\/schema\\\/logo\\\/image\\\/\"}}]}<\/script>\n<!-- \/ Yoast SEO plugin. -->","yoast_head_json":{"title":"Leichte 22kt Gold Fuchsschwanz Kette - 16 Zoll klassische Halskette","description":"Entdecken Sie unsere 22kt Gold Fuchsschwanzkette in einer L\u00e4nge von 16 Zoll. Leicht, elegant und perfekt f\u00fcr das t\u00e4gliche Tragen oder die Kombination mit einem Anh\u00e4nger.","robots":{"index":"index","follow":"follow","max-snippet":"max-snippet:-1","max-image-preview":"max-image-preview:large","max-video-preview":"max-video-preview:-1"},"canonical":"https:\/\/www.purejewels.com\/de\/produkt-2\/22kt-gold-fuchsschwanz-kette-31822\/","og_locale":"de_DE","og_type":"article","og_title":"Lightweight 22kt Gold Foxtail Chain \u2013 16 Inch Classic Necklace","og_description":"Explore our 22kt gold foxtail chain in a 16-inch length. Lightweight, elegant, and perfect for everyday wear or pairing with a pendant.","og_url":"https:\/\/www.purejewels.com\/de\/produkt-2\/22kt-gold-fuchsschwanz-kette-31822\/","og_site_name":"PureJewels UK","article_modified_time":"2026-01-08T13:22:10+00:00","og_image":[{"width":1000,"height":1000,"url":"https:\/\/static.purejewels.com\/wp-content\/uploads\/2020\/07\/31811-1.jpg","type":"image\/jpeg"}],"twitter_card":"summary_large_image","twitter_misc":{"Gesch\u00e4tzte Lesezeit":"1\u00a0Minute"},"schema":{"@context":"https:\/\/schema.org","@graph":[{"@type":["WebPage","ItemPage"],"@id":"https:\/\/www.purejewels.com\/product\/22kt-gold-foxtail-chain-31822\/","url":"https:\/\/www.purejewels.com\/product\/22kt-gold-foxtail-chain-31822\/","name":"Leichte 22kt Gold Fuchsschwanz Kette - 16 Zoll klassische Halskette","isPartOf":{"@id":"https:\/\/www.purejewels.com\/#website"},"primaryImageOfPage":{"@id":"https:\/\/www.purejewels.com\/product\/22kt-gold-foxtail-chain-31822\/#primaryimage"},"image":{"@id":"https:\/\/www.purejewels.com\/product\/22kt-gold-foxtail-chain-31822\/#primaryimage"},"thumbnailUrl":"https:\/\/static.purejewels.com\/wp-content\/uploads\/2020\/07\/31811-1.jpg","datePublished":"2020-12-01T10:09:12+00:00","dateModified":"2026-01-08T13:22:10+00:00","description":"Entdecken Sie unsere 22kt Gold Fuchsschwanzkette in einer L\u00e4nge von 16 Zoll. Leicht, elegant und perfekt f\u00fcr das t\u00e4gliche Tragen oder die Kombination mit einem Anh\u00e4nger.","breadcrumb":{"@id":"https:\/\/www.purejewels.com\/product\/22kt-gold-foxtail-chain-31822\/#breadcrumb"},"inLanguage":"de","potentialAction":[{"@type":"ReadAction","target":["https:\/\/www.purejewels.com\/product\/22kt-gold-foxtail-chain-31822\/"]}]},{"@type":"ImageObject","inLanguage":"de","@id":"https:\/\/www.purejewels.com\/product\/22kt-gold-foxtail-chain-31822\/#primaryimage","url":"https:\/\/static.purejewels.com\/wp-content\/uploads\/2020\/07\/31811-1.jpg","contentUrl":"https:\/\/static.purejewels.com\/wp-content\/uploads\/2020\/07\/31811-1.jpg","width":1000,"height":1000,"caption":"22ct Gold Chain"},{"@type":"BreadcrumbList","@id":"https:\/\/www.purejewels.com\/product\/22kt-gold-foxtail-chain-31822\/#breadcrumb","itemListElement":[{"@type":"ListItem","position":1,"name":"Home","item":"https:\/\/www.purejewels.com\/"},{"@type":"ListItem","position":2,"name":"Shop","item":"https:\/\/www.purejewels.com\/shop\/"},{"@type":"ListItem","position":3,"name":"22kt Gold Foxtail Chain \u2013 16 Inch Lightweight Classic"}]},{"@type":"WebSite","@id":"https:\/\/www.purejewels.com\/#website","url":"https:\/\/www.purejewels.com\/","name":"PureJewels UK","description":"Teile die Liebe","publisher":{"@id":"https:\/\/www.purejewels.com\/#organization"},"potentialAction":[{"@type":"SearchAction","target":{"@type":"EntryPoint","urlTemplate":"https:\/\/www.purejewels.com\/?s={search_term_string}"},"query-input":{"@type":"PropertyValueSpecification","valueRequired":true,"valueName":"search_term_string"}}],"inLanguage":"de"},{"@type":"Organization","@id":"https:\/\/www.purejewels.com\/#organization","name":"PureJewels UK","url":"https:\/\/www.purejewels.com\/","logo":{"@type":"ImageObject","inLanguage":"de","@id":"https:\/\/www.purejewels.com\/#\/schema\/logo\/image\/","url":"https:\/\/static.purejewels.com\/wp-content\/uploads\/2020\/11\/Logo-PJ-New-1.png","contentUrl":"https:\/\/static.purejewels.com\/wp-content\/uploads\/2020\/11\/Logo-PJ-New-1.png","width":150,"height":80,"caption":"PureJewels UK"},"image":{"@id":"https:\/\/www.purejewels.com\/#\/schema\/logo\/image\/"}}]}},"_links":{"self":[{"href":"https:\/\/www.purejewels.com\/de\/wp-json\/wp\/v2\/product\/319454","targetHints":{"allow":["GET"]}}],"collection":[{"href":"https:\/\/www.purejewels.com\/de\/wp-json\/wp\/v2\/product"}],"about":[{"href":"https:\/\/www.purejewels.com\/de\/wp-json\/wp\/v2\/types\/product"}],"replies":[{"embeddable":true,"href":"https:\/\/www.purejewels.com\/de\/wp-json\/wp\/v2\/comments?post=319454"}],"version-history":[{"count":3,"href":"https:\/\/www.purejewels.com\/de\/wp-json\/wp\/v2\/product\/319454\/revisions"}],"predecessor-version":[{"id":424374,"href":"https:\/\/www.purejewels.com\/de\/wp-json\/wp\/v2\/product\/319454\/revisions\/424374"}],"wp:featuredmedia":[{"embeddable":true,"href":"https:\/\/www.purejewels.com\/de\/wp-json\/wp\/v2\/media\/319451"}],"wp:attachment":[{"href":"https:\/\/www.purejewels.com\/de\/wp-json\/wp\/v2\/media?parent=319454"}],"wp:term":[{"taxonomy":"product_brand","embeddable":true,"href":"https:\/\/www.purejewels.com\/de\/wp-json\/wp\/v2\/product_brand?post=319454"},{"taxonomy":"product_cat","embeddable":true,"href":"https:\/\/www.purejewels.com\/de\/wp-json\/wp\/v2\/product_cat?post=319454"},{"taxonomy":"product_tag","embeddable":true,"href":"https:\/\/www.purejewels.com\/de\/wp-json\/wp\/v2\/product_tag?post=319454"}],"curies":[{"name":"wp","href":"https:\/\/api.w.org\/{rel}","templated":true}]}}