{"id":319457,"date":"2020-12-01T10:17:04","date_gmt":"2020-12-01T10:17:04","guid":{"rendered":"https:\/\/www.purejewels.com\/?post_type=product&#038;p=319457"},"modified":"2026-01-08T13:06:36","modified_gmt":"2026-01-08T13:06:36","slug":"22kt-gold-fuchsschwanz-kette-16-zoll","status":"publish","type":"product","link":"https:\/\/www.purejewels.com\/de\/product\/22kt-gold-foxtail-chain-16-inches\/","title":{"rendered":"22ct Gold Fuchsschwanz Kette - 16 Zoll Sleek Weave Design"},"content":{"rendered":"<h4 data-start=\"690\" data-end=\"715\"><strong data-start=\"695\" data-end=\"713\">Designkonzept<\/strong><\/h4>\n<p data-start=\"716\" data-end=\"1038\">Die <strong data-start=\"720\" data-end=\"776\">22ct Gold Fuchsschwanz Kette - 16 Zoll Sleek Weave Design<\/strong> ist ein Fest der Form und des Flie\u00dfens. Benannt nach der nat\u00fcrlichen Sch\u00f6nheit eines Fuchsschwanzes, bietet dieses komplizierte Webmuster eine glatte, flexible Oberfl\u00e4che mit zarter Symmetrie. Seine kompakte Struktur schafft eine klare, raffinierte Silhouette - perfekt f\u00fcr die Eleganz des Alltags.<\/p>\n<h4 data-start=\"1040\" data-end=\"1064\"><strong data-start=\"1045\" data-end=\"1062\">Handwerkliches K\u00f6nnen<\/strong><\/h4>\n<p data-start=\"1065\" data-end=\"1388\">Diese aus reinem 22-kar\u00e4tigem Gelbgold gefertigte Kette wurde sorgf\u00e4ltig aus Pr\u00e4zisionsgliedern zusammengesetzt, die ein doppellagiges Fuchsschwanzgeflecht bilden. Das Ergebnis ist ein weicher Faltenwurf und ein luxuri\u00f6ses Finish, das das Licht einf\u00e4ngt, ohne auff\u00e4llig zu sein. Jede Kette ist gepunzt und mit einem sicheren Verschluss versehen, der sowohl Komfort als auch Haltbarkeit gew\u00e4hrleistet.<\/p>\n<h4 data-start=\"1390\" data-end=\"1414\"><strong data-start=\"1395\" data-end=\"1412\">Styling-Ideen<\/strong><\/h4>\n<p data-start=\"1415\" data-end=\"1637\">Sie eignet sich perfekt als Einzelst\u00fcck f\u00fcr einen minimalistischen Look oder in Kombination mit anderen Goldketten f\u00fcr ein modernes Styling. Sie l\u00e4sst sich auch wunderbar mit zierlichen Goldanh\u00e4ngern oder Medaillons kombinieren. Ideal zum Verschenken, f\u00fcr den t\u00e4glichen Gebrauch oder f\u00fcr einen bedeutenden Anlass.<\/p>","protected":false},"excerpt":{"rendered":"<p>Diese 22-kar\u00e4tige Goldfuchsschwanzkette mit einer L\u00e4nge von 16 Zoll besticht durch ihr schlankes, engmaschiges Design. Elegant als Einzelst\u00fcck oder in Kombination mit einem Anh\u00e4nger, bietet sie zeitlose Vielseitigkeit und strahlenden Charme.<\/p>\n<ul>\n<li>22ct Gold Fuchsschwanz Kette 16 Zoll<\/li>\n<li>Gewicht : 2.8 g<\/li>\n<li>Dicke. 1,1 mm<\/li>\n<li>L\u00e4nge : 16\u2033 Zoll<\/li>\n<li>SKU. 31823<\/li>\n<li>Alle Preise inklusive Mehrwertsteuer<\/li>\n<li>22ct Gold gestempelt von London Assay Office<\/li>\n<li>Mit Pr\u00e4sentationsbox<\/li>\n<li>Lieferung inbegriffen<\/li>\n<li>Live-Chat mit uns f\u00fcr die Verf\u00fcgbarkeit und mehr Bilder von \u00e4hnlichen Designs derzeit auf Lager<\/li>\n<\/ul>","protected":false},"featured_media":319451,"comment_status":"closed","ping_status":"closed","template":"","meta":{"_eb_attr":"","_crsspst_to_jayantr4sg-hostcom":false},"product_brand":[],"product_cat":[1576,1475,1772],"product_tag":[],"class_list":{"0":"post-319457","1":"product","2":"type-product","3":"status-publish","4":"has-post-thumbnail","6":"product_cat-childrens-jewellery","7":"product_cat-gold-chains","8":"product_cat-kids-chains","10":"first","11":"outofstock","12":"sale","13":"taxable","14":"shipping-taxable","15":"product-type-simple","16":"add-to-wishlist-before_image"},"yoast_head":"<!-- This site is optimized with the Yoast SEO plugin v27.3 - https:\/\/yoast.com\/product\/yoast-seo-wordpress\/ -->\n<title>16-Inch Sleek 22ct Gold Foxtail Chain Necklace | PureJewels UK<\/title>\n<meta name=\"description\" content=\"Refined and radiant, this 16-inch 22ct gold foxtail chain features a sleek woven design\u2014perfect for daily wear or layering with pendants.\" \/>\n<meta name=\"robots\" content=\"index, follow, max-snippet:-1, max-image-preview:large, max-video-preview:-1\" \/>\n<link rel=\"canonical\" href=\"https:\/\/www.purejewels.com\/de\/produkt-2\/22kt-gold-fuchsschwanz-kette-16-zoll\/\" \/>\n<meta property=\"og:locale\" content=\"de_DE\" \/>\n<meta property=\"og:type\" content=\"article\" \/>\n<meta property=\"og:title\" content=\"16-Inch Sleek 22ct Gold Foxtail Chain Necklace | PureJewels UK\" \/>\n<meta property=\"og:description\" content=\"Refined and radiant, this 16-inch 22ct gold foxtail chain features a sleek woven design\u2014perfect for daily wear or layering with pendants.\" \/>\n<meta property=\"og:url\" content=\"https:\/\/www.purejewels.com\/de\/produkt-2\/22kt-gold-fuchsschwanz-kette-16-zoll\/\" \/>\n<meta property=\"og:site_name\" content=\"PureJewels UK\" \/>\n<meta property=\"article:modified_time\" content=\"2026-01-08T13:06:36+00:00\" \/>\n<meta property=\"og:image\" content=\"https:\/\/static.purejewels.com\/wp-content\/uploads\/2020\/07\/31811-1.jpg\" \/>\n\t<meta property=\"og:image:width\" content=\"1000\" \/>\n\t<meta property=\"og:image:height\" content=\"1000\" \/>\n\t<meta property=\"og:image:type\" content=\"image\/jpeg\" \/>\n<meta name=\"twitter:card\" content=\"summary_large_image\" \/>\n<meta name=\"twitter:label1\" content=\"Gesch\u00e4tzte Lesezeit\" \/>\n\t<meta name=\"twitter:data1\" content=\"1\u00a0Minute\" \/>\n<script type=\"application\/ld+json\" class=\"yoast-schema-graph\">{\"@context\":\"https:\\\/\\\/schema.org\",\"@graph\":[{\"@type\":[\"WebPage\",\"ItemPage\"],\"@id\":\"https:\\\/\\\/www.purejewels.com\\\/product\\\/22kt-gold-foxtail-chain-16-inches\\\/\",\"url\":\"https:\\\/\\\/www.purejewels.com\\\/product\\\/22kt-gold-foxtail-chain-16-inches\\\/\",\"name\":\"16-Inch Sleek 22ct Gold Foxtail Chain Necklace | PureJewels UK\",\"isPartOf\":{\"@id\":\"https:\\\/\\\/www.purejewels.com\\\/#website\"},\"primaryImageOfPage\":{\"@id\":\"https:\\\/\\\/www.purejewels.com\\\/product\\\/22kt-gold-foxtail-chain-16-inches\\\/#primaryimage\"},\"image\":{\"@id\":\"https:\\\/\\\/www.purejewels.com\\\/product\\\/22kt-gold-foxtail-chain-16-inches\\\/#primaryimage\"},\"thumbnailUrl\":\"https:\\\/\\\/static.purejewels.com\\\/wp-content\\\/uploads\\\/2020\\\/07\\\/31811-1.jpg\",\"datePublished\":\"2020-12-01T10:17:04+00:00\",\"dateModified\":\"2026-01-08T13:06:36+00:00\",\"description\":\"Refined and radiant, this 16-inch 22ct gold foxtail chain features a sleek woven design\u2014perfect for daily wear or layering with pendants.\",\"breadcrumb\":{\"@id\":\"https:\\\/\\\/www.purejewels.com\\\/product\\\/22kt-gold-foxtail-chain-16-inches\\\/#breadcrumb\"},\"inLanguage\":\"de\",\"potentialAction\":[{\"@type\":\"ReadAction\",\"target\":[\"https:\\\/\\\/www.purejewels.com\\\/product\\\/22kt-gold-foxtail-chain-16-inches\\\/\"]}]},{\"@type\":\"ImageObject\",\"inLanguage\":\"de\",\"@id\":\"https:\\\/\\\/www.purejewels.com\\\/product\\\/22kt-gold-foxtail-chain-16-inches\\\/#primaryimage\",\"url\":\"https:\\\/\\\/static.purejewels.com\\\/wp-content\\\/uploads\\\/2020\\\/07\\\/31811-1.jpg\",\"contentUrl\":\"https:\\\/\\\/static.purejewels.com\\\/wp-content\\\/uploads\\\/2020\\\/07\\\/31811-1.jpg\",\"width\":1000,\"height\":1000,\"caption\":\"22ct Gold Chain\"},{\"@type\":\"BreadcrumbList\",\"@id\":\"https:\\\/\\\/www.purejewels.com\\\/product\\\/22kt-gold-foxtail-chain-16-inches\\\/#breadcrumb\",\"itemListElement\":[{\"@type\":\"ListItem\",\"position\":1,\"name\":\"Home\",\"item\":\"https:\\\/\\\/www.purejewels.com\\\/\"},{\"@type\":\"ListItem\",\"position\":2,\"name\":\"Shop\",\"item\":\"https:\\\/\\\/www.purejewels.com\\\/shop\\\/\"},{\"@type\":\"ListItem\",\"position\":3,\"name\":\"22ct Gold Foxtail Chain \u2013 16 Inch Sleek Weave Design\"}]},{\"@type\":\"WebSite\",\"@id\":\"https:\\\/\\\/www.purejewels.com\\\/#website\",\"url\":\"https:\\\/\\\/www.purejewels.com\\\/\",\"name\":\"PureJewels UK\",\"description\":\"Share the Love\",\"publisher\":{\"@id\":\"https:\\\/\\\/www.purejewels.com\\\/#organization\"},\"potentialAction\":[{\"@type\":\"SearchAction\",\"target\":{\"@type\":\"EntryPoint\",\"urlTemplate\":\"https:\\\/\\\/www.purejewels.com\\\/?s={search_term_string}\"},\"query-input\":{\"@type\":\"PropertyValueSpecification\",\"valueRequired\":true,\"valueName\":\"search_term_string\"}}],\"inLanguage\":\"de\"},{\"@type\":\"Organization\",\"@id\":\"https:\\\/\\\/www.purejewels.com\\\/#organization\",\"name\":\"PureJewels UK\",\"url\":\"https:\\\/\\\/www.purejewels.com\\\/\",\"logo\":{\"@type\":\"ImageObject\",\"inLanguage\":\"de\",\"@id\":\"https:\\\/\\\/www.purejewels.com\\\/#\\\/schema\\\/logo\\\/image\\\/\",\"url\":\"https:\\\/\\\/static.purejewels.com\\\/wp-content\\\/uploads\\\/2020\\\/11\\\/Logo-PJ-New-1.png\",\"contentUrl\":\"https:\\\/\\\/static.purejewels.com\\\/wp-content\\\/uploads\\\/2020\\\/11\\\/Logo-PJ-New-1.png\",\"width\":150,\"height\":80,\"caption\":\"PureJewels UK\"},\"image\":{\"@id\":\"https:\\\/\\\/www.purejewels.com\\\/#\\\/schema\\\/logo\\\/image\\\/\"}}]}<\/script>\n<!-- \/ Yoast SEO plugin. -->","yoast_head_json":{"title":"16-Zoll Sleek 22ct Gold Fuchsschwanz Kette Halskette | PureJewels UK","description":"Diese raffinierte und strahlende 16-Zoll-Fuchsschwanzkette aus 22-kar\u00e4tigem Gold zeichnet sich durch ein elegantes, geflochtenes Design aus - perfekt f\u00fcr das t\u00e4gliche Tragen oder zum Kombinieren mit Anh\u00e4ngern.","robots":{"index":"index","follow":"follow","max-snippet":"max-snippet:-1","max-image-preview":"max-image-preview:large","max-video-preview":"max-video-preview:-1"},"canonical":"https:\/\/www.purejewels.com\/de\/produkt-2\/22kt-gold-fuchsschwanz-kette-16-zoll\/","og_locale":"de_DE","og_type":"article","og_title":"16-Inch Sleek 22ct Gold Foxtail Chain Necklace | PureJewels UK","og_description":"Refined and radiant, this 16-inch 22ct gold foxtail chain features a sleek woven design\u2014perfect for daily wear or layering with pendants.","og_url":"https:\/\/www.purejewels.com\/de\/produkt-2\/22kt-gold-fuchsschwanz-kette-16-zoll\/","og_site_name":"PureJewels UK","article_modified_time":"2026-01-08T13:06:36+00:00","og_image":[{"width":1000,"height":1000,"url":"https:\/\/static.purejewels.com\/wp-content\/uploads\/2020\/07\/31811-1.jpg","type":"image\/jpeg"}],"twitter_card":"summary_large_image","twitter_misc":{"Gesch\u00e4tzte Lesezeit":"1\u00a0Minute"},"schema":{"@context":"https:\/\/schema.org","@graph":[{"@type":["WebPage","ItemPage"],"@id":"https:\/\/www.purejewels.com\/product\/22kt-gold-foxtail-chain-16-inches\/","url":"https:\/\/www.purejewels.com\/product\/22kt-gold-foxtail-chain-16-inches\/","name":"16-Zoll Sleek 22ct Gold Fuchsschwanz Kette Halskette | PureJewels UK","isPartOf":{"@id":"https:\/\/www.purejewels.com\/#website"},"primaryImageOfPage":{"@id":"https:\/\/www.purejewels.com\/product\/22kt-gold-foxtail-chain-16-inches\/#primaryimage"},"image":{"@id":"https:\/\/www.purejewels.com\/product\/22kt-gold-foxtail-chain-16-inches\/#primaryimage"},"thumbnailUrl":"https:\/\/static.purejewels.com\/wp-content\/uploads\/2020\/07\/31811-1.jpg","datePublished":"2020-12-01T10:17:04+00:00","dateModified":"2026-01-08T13:06:36+00:00","description":"Diese raffinierte und strahlende 16-Zoll-Fuchsschwanzkette aus 22-kar\u00e4tigem Gold zeichnet sich durch ein elegantes, geflochtenes Design aus - perfekt f\u00fcr das t\u00e4gliche Tragen oder zum Kombinieren mit Anh\u00e4ngern.","breadcrumb":{"@id":"https:\/\/www.purejewels.com\/product\/22kt-gold-foxtail-chain-16-inches\/#breadcrumb"},"inLanguage":"de","potentialAction":[{"@type":"ReadAction","target":["https:\/\/www.purejewels.com\/product\/22kt-gold-foxtail-chain-16-inches\/"]}]},{"@type":"ImageObject","inLanguage":"de","@id":"https:\/\/www.purejewels.com\/product\/22kt-gold-foxtail-chain-16-inches\/#primaryimage","url":"https:\/\/static.purejewels.com\/wp-content\/uploads\/2020\/07\/31811-1.jpg","contentUrl":"https:\/\/static.purejewels.com\/wp-content\/uploads\/2020\/07\/31811-1.jpg","width":1000,"height":1000,"caption":"22ct Gold Chain"},{"@type":"BreadcrumbList","@id":"https:\/\/www.purejewels.com\/product\/22kt-gold-foxtail-chain-16-inches\/#breadcrumb","itemListElement":[{"@type":"ListItem","position":1,"name":"Home","item":"https:\/\/www.purejewels.com\/"},{"@type":"ListItem","position":2,"name":"Shop","item":"https:\/\/www.purejewels.com\/shop\/"},{"@type":"ListItem","position":3,"name":"22ct Gold Foxtail Chain \u2013 16 Inch Sleek Weave Design"}]},{"@type":"WebSite","@id":"https:\/\/www.purejewels.com\/#website","url":"https:\/\/www.purejewels.com\/","name":"PureJewels UK","description":"Teile die Liebe","publisher":{"@id":"https:\/\/www.purejewels.com\/#organization"},"potentialAction":[{"@type":"SearchAction","target":{"@type":"EntryPoint","urlTemplate":"https:\/\/www.purejewels.com\/?s={search_term_string}"},"query-input":{"@type":"PropertyValueSpecification","valueRequired":true,"valueName":"search_term_string"}}],"inLanguage":"de"},{"@type":"Organization","@id":"https:\/\/www.purejewels.com\/#organization","name":"PureJewels UK","url":"https:\/\/www.purejewels.com\/","logo":{"@type":"ImageObject","inLanguage":"de","@id":"https:\/\/www.purejewels.com\/#\/schema\/logo\/image\/","url":"https:\/\/static.purejewels.com\/wp-content\/uploads\/2020\/11\/Logo-PJ-New-1.png","contentUrl":"https:\/\/static.purejewels.com\/wp-content\/uploads\/2020\/11\/Logo-PJ-New-1.png","width":150,"height":80,"caption":"PureJewels UK"},"image":{"@id":"https:\/\/www.purejewels.com\/#\/schema\/logo\/image\/"}}]}},"_links":{"self":[{"href":"https:\/\/www.purejewels.com\/de\/wp-json\/wp\/v2\/product\/319457","targetHints":{"allow":["GET"]}}],"collection":[{"href":"https:\/\/www.purejewels.com\/de\/wp-json\/wp\/v2\/product"}],"about":[{"href":"https:\/\/www.purejewels.com\/de\/wp-json\/wp\/v2\/types\/product"}],"replies":[{"embeddable":true,"href":"https:\/\/www.purejewels.com\/de\/wp-json\/wp\/v2\/comments?post=319457"}],"version-history":[{"count":3,"href":"https:\/\/www.purejewels.com\/de\/wp-json\/wp\/v2\/product\/319457\/revisions"}],"predecessor-version":[{"id":424371,"href":"https:\/\/www.purejewels.com\/de\/wp-json\/wp\/v2\/product\/319457\/revisions\/424371"}],"wp:featuredmedia":[{"embeddable":true,"href":"https:\/\/www.purejewels.com\/de\/wp-json\/wp\/v2\/media\/319451"}],"wp:attachment":[{"href":"https:\/\/www.purejewels.com\/de\/wp-json\/wp\/v2\/media?parent=319457"}],"wp:term":[{"taxonomy":"product_brand","embeddable":true,"href":"https:\/\/www.purejewels.com\/de\/wp-json\/wp\/v2\/product_brand?post=319457"},{"taxonomy":"product_cat","embeddable":true,"href":"https:\/\/www.purejewels.com\/de\/wp-json\/wp\/v2\/product_cat?post=319457"},{"taxonomy":"product_tag","embeddable":true,"href":"https:\/\/www.purejewels.com\/de\/wp-json\/wp\/v2\/product_tag?post=319457"}],"curies":[{"name":"wp","href":"https:\/\/api.w.org\/{rel}","templated":true}]}}