{"id":319531,"date":"2024-01-05T01:48:23","date_gmt":"2024-01-05T01:48:23","guid":{"rendered":"https:\/\/www.purejewels.com\/?post_type=product&#038;p=319531"},"modified":"2026-02-05T07:37:05","modified_gmt":"2026-02-05T07:37:05","slug":"22-karat-goldring-fur-frauen","status":"publish","type":"product","link":"https:\/\/www.purejewels.com\/de\/product\/22ct-gold-ring-for-women\/","title":{"rendered":"22ct Gold Pfau Ring f\u00fcr Frauen"},"content":{"rendered":"<p data-start=\"0\" data-end=\"391\"><strong data-start=\"0\" data-end=\"10\">Gestaltung<\/strong><br data-start=\"10\" data-end=\"13\" \/>Dieser Pfauenring aus 22 Karat Gold f\u00e4ngt die Anmut des Vogels in einer detailreichen, skulpturalen Form ein. Ein stilisiertes Pfauenmotiv schl\u00e4ngelt sich um den Finger und wird durch lebendige Emaille-Akzente zum Leben erweckt, die an die Juwelent\u00f6ne des traditionellen indischen Designs erinnern. Die k\u00fchne, aber dennoch feminine Silhouette macht ihn zu einem auff\u00e4lligen Blickfang, ob allein getragen oder als Teil eines zusammengestellten Schmuck-Looks.<\/p>\n<p data-start=\"393\" data-end=\"808\"><strong data-start=\"393\" data-end=\"410\">Handwerkliches K\u00f6nnen<\/strong><br data-start=\"410\" data-end=\"413\" \/>Der etwa 3,7 Gramm schwere Ring ist aus leuchtendem 22-kar\u00e4tigem Gelbgold gefertigt und mit feiner Emaille verziert, die jede Feder und jede Kurve hervorhebt. Das Band ist in der Gr\u00f6\u00dfe N bequem geformt, andere Gr\u00f6\u00dfen sind auf Anfrage erh\u00e4ltlich, um eine ma\u00dfgeschneiderte Passform zu gew\u00e4hrleisten. Jedes St\u00fcck ist im Vereinigten K\u00f6nigreich mit einem Feingehaltsstempel versehen, so dass Sie sich auf die Echtheit und Qualit\u00e4t des Goldes verlassen k\u00f6nnen.<\/p>\n<p data-start=\"810\" data-end=\"1256\" data-is-last-node=\"\" data-is-only-node=\"\"><strong data-start=\"810\" data-end=\"831\">Styling &amp; Geschenkartikel<\/strong><br data-start=\"831\" data-end=\"834\" \/>Tragen Sie diesen Pfauenring als Statement-St\u00fcck mit minimalen Goldb\u00e4ndern oder kombinieren Sie ihn mit bunten Armreifen und Jhumka-Ohrringen f\u00fcr Hochzeiten und festliche Anl\u00e4sse. Er verleiht allt\u00e4glichen Outfits einen Hauch von Kunstfertigkeit und verleiht auch der Abendgarderobe Charakter. In einer sch\u00f6nen Geschenkbox verpackt, ist er eine gute Wahl f\u00fcr Geburtstage, Jahrestage oder als besonderes Geschenk f\u00fcr alle, die symbolischen, geschichtstr\u00e4chtigen Schmuck lieben.<\/p>","protected":false},"excerpt":{"rendered":"<ul>\n<li>22ct Gelbgold Ring mit Emaille<\/li>\n<li>Ring-Gewicht 3,7 g.<\/li>\n<li>SKU. 46817<\/li>\n<li>Ring Gr\u00f6\u00dfe N<\/li>\n<li>Erkundigen Sie sich nach anderen verf\u00fcgbaren Gr\u00f6\u00dfen<\/li>\n<li>Alle unsere Produkte sind vom London Assay Office gestempelt.<\/li>\n<li>Mit Pr\u00e4sentationsbox<\/li>\n<li>Lieferung inbegriffen<\/li>\n<li>Alle Preise inklusive Mehrwertsteuer<\/li>\n<li>Erkunden Sie unser\u00a0<a href=\"https:\/\/www.purejewels.com\/de\/produkt-kategorie\/schmuck\/goldringe\/\" target=\"_blank\" rel=\"noopener\">Gold Ringe<\/a>\u00a0Sammlung<\/li>\n<li>Kontaktieren Sie uns \/ chatten Sie mit uns f\u00fcr ein Video des Produkts<\/li>\n<\/ul>","protected":false},"featured_media":359647,"comment_status":"closed","ping_status":"closed","template":"","meta":{"_eb_attr":"","_crsspst_to_jayantr4sg-hostcom":true},"product_brand":[],"product_cat":[1791,1559,1794,1785,1229,1235,5344,1783,5338,1574],"product_tag":[],"class_list":{"0":"post-319531","1":"product","2":"type-product","3":"status-publish","4":"has-post-thumbnail","6":"product_cat-anniversary-gifts","7":"product_cat-birthday-gifts","8":"product_cat-christmas-gifts","9":"product_cat-daily-wear-rings","10":"product_cat-22ct-gold-jewellery","11":"product_cat-gold-rings","12":"product_cat-jewellery-under-750","13":"product_cat-ladies-rings","14":"product_cat-shop-by-price","15":"product_cat-womens-jewellery","17":"first","18":"instock","19":"taxable","20":"shipping-taxable","21":"purchasable","22":"product-type-simple","23":"add-to-wishlist-before_image"},"yoast_head":"<!-- This site is optimized with the Yoast SEO plugin v27.5 - https:\/\/yoast.com\/product\/yoast-seo-wordpress\/ -->\n<title>22ct Gold Peacock Ring For Women in UK<\/title>\n<meta name=\"description\" content=\"Discover a handcrafted 22ct Gold Peacock Ring for women at PureJewels UK. Hallmarked, elegant, and inspired by heritage artistry. Free insured delivery.\" \/>\n<meta name=\"robots\" content=\"index, follow, max-snippet:-1, max-image-preview:large, max-video-preview:-1\" \/>\n<link rel=\"canonical\" href=\"https:\/\/www.purejewels.com\/de\/produkt-2\/22-karat-goldring-fur-frauen\/\" \/>\n<meta property=\"og:locale\" content=\"de_DE\" \/>\n<meta property=\"og:type\" content=\"article\" \/>\n<meta property=\"og:title\" content=\"22ct Gold Peacock Ring For Women in UK\" \/>\n<meta property=\"og:description\" content=\"Discover a handcrafted 22ct Gold Peacock Ring for women at PureJewels UK. Hallmarked, elegant, and inspired by heritage artistry. Free insured delivery.\" \/>\n<meta property=\"og:url\" content=\"https:\/\/www.purejewels.com\/de\/produkt-2\/22-karat-goldring-fur-frauen\/\" \/>\n<meta property=\"og:site_name\" content=\"PureJewels UK\" \/>\n<meta property=\"article:modified_time\" content=\"2026-02-05T07:37:05+00:00\" \/>\n<meta property=\"og:image\" content=\"https:\/\/static.purejewels.com\/wp-content\/uploads\/2024\/01\/46817.png\" \/>\n\t<meta property=\"og:image:width\" content=\"1000\" \/>\n\t<meta property=\"og:image:height\" content=\"1000\" \/>\n\t<meta property=\"og:image:type\" content=\"image\/png\" \/>\n<meta name=\"twitter:card\" content=\"summary_large_image\" \/>\n<meta name=\"twitter:label1\" content=\"Gesch\u00e4tzte Lesezeit\" \/>\n\t<meta name=\"twitter:data1\" content=\"2\u00a0Minuten\" \/>\n<script type=\"application\/ld+json\" class=\"yoast-schema-graph\">{\"@context\":\"https:\\\/\\\/schema.org\",\"@graph\":[{\"@type\":[\"WebPage\",\"ItemPage\"],\"@id\":\"https:\\\/\\\/www.purejewels.com\\\/product\\\/22ct-gold-ring-for-women\\\/\",\"url\":\"https:\\\/\\\/www.purejewels.com\\\/product\\\/22ct-gold-ring-for-women\\\/\",\"name\":\"22ct Gold Peacock Ring For Women in UK\",\"isPartOf\":{\"@id\":\"https:\\\/\\\/www.purejewels.com\\\/#website\"},\"primaryImageOfPage\":{\"@id\":\"https:\\\/\\\/www.purejewels.com\\\/product\\\/22ct-gold-ring-for-women\\\/#primaryimage\"},\"image\":{\"@id\":\"https:\\\/\\\/www.purejewels.com\\\/product\\\/22ct-gold-ring-for-women\\\/#primaryimage\"},\"thumbnailUrl\":\"https:\\\/\\\/static.purejewels.com\\\/wp-content\\\/uploads\\\/2024\\\/01\\\/46817.png\",\"datePublished\":\"2024-01-05T01:48:23+00:00\",\"dateModified\":\"2026-02-05T07:37:05+00:00\",\"description\":\"Discover a handcrafted 22ct Gold Peacock Ring for women at PureJewels UK. Hallmarked, elegant, and inspired by heritage artistry. Free insured delivery.\",\"breadcrumb\":{\"@id\":\"https:\\\/\\\/www.purejewels.com\\\/product\\\/22ct-gold-ring-for-women\\\/#breadcrumb\"},\"inLanguage\":\"de\",\"potentialAction\":[{\"@type\":\"ReadAction\",\"target\":[\"https:\\\/\\\/www.purejewels.com\\\/product\\\/22ct-gold-ring-for-women\\\/\"]}]},{\"@type\":\"ImageObject\",\"inLanguage\":\"de\",\"@id\":\"https:\\\/\\\/www.purejewels.com\\\/product\\\/22ct-gold-ring-for-women\\\/#primaryimage\",\"url\":\"https:\\\/\\\/static.purejewels.com\\\/wp-content\\\/uploads\\\/2024\\\/01\\\/46817.png\",\"contentUrl\":\"https:\\\/\\\/static.purejewels.com\\\/wp-content\\\/uploads\\\/2024\\\/01\\\/46817.png\",\"width\":1000,\"height\":1000,\"caption\":\"22ct Gold Peacock Ring\"},{\"@type\":\"BreadcrumbList\",\"@id\":\"https:\\\/\\\/www.purejewels.com\\\/product\\\/22ct-gold-ring-for-women\\\/#breadcrumb\",\"itemListElement\":[{\"@type\":\"ListItem\",\"position\":1,\"name\":\"Home\",\"item\":\"https:\\\/\\\/www.purejewels.com\\\/\"},{\"@type\":\"ListItem\",\"position\":2,\"name\":\"Shop\",\"item\":\"https:\\\/\\\/www.purejewels.com\\\/shop\\\/\"},{\"@type\":\"ListItem\",\"position\":3,\"name\":\"22ct Gold Peacock Ring For Women\"}]},{\"@type\":\"WebSite\",\"@id\":\"https:\\\/\\\/www.purejewels.com\\\/#website\",\"url\":\"https:\\\/\\\/www.purejewels.com\\\/\",\"name\":\"PureJewels UK\",\"description\":\"Share the Love\",\"publisher\":{\"@id\":\"https:\\\/\\\/www.purejewels.com\\\/#organization\"},\"potentialAction\":[{\"@type\":\"SearchAction\",\"target\":{\"@type\":\"EntryPoint\",\"urlTemplate\":\"https:\\\/\\\/www.purejewels.com\\\/?s={search_term_string}\"},\"query-input\":{\"@type\":\"PropertyValueSpecification\",\"valueRequired\":true,\"valueName\":\"search_term_string\"}}],\"inLanguage\":\"de\"},{\"@type\":\"Organization\",\"@id\":\"https:\\\/\\\/www.purejewels.com\\\/#organization\",\"name\":\"PureJewels UK\",\"url\":\"https:\\\/\\\/www.purejewels.com\\\/\",\"logo\":{\"@type\":\"ImageObject\",\"inLanguage\":\"de\",\"@id\":\"https:\\\/\\\/www.purejewels.com\\\/#\\\/schema\\\/logo\\\/image\\\/\",\"url\":\"https:\\\/\\\/static.purejewels.com\\\/wp-content\\\/uploads\\\/2020\\\/11\\\/Logo-PJ-New-1.png\",\"contentUrl\":\"https:\\\/\\\/static.purejewels.com\\\/wp-content\\\/uploads\\\/2020\\\/11\\\/Logo-PJ-New-1.png\",\"width\":150,\"height\":80,\"caption\":\"PureJewels UK\"},\"image\":{\"@id\":\"https:\\\/\\\/www.purejewels.com\\\/#\\\/schema\\\/logo\\\/image\\\/\"}}]}<\/script>\n<!-- \/ Yoast SEO plugin. -->","yoast_head_json":{"title":"22ct Gold Peacock Ring f\u00fcr Frauen in UK","description":"Entdecken Sie einen handgefertigten 22ct Gold Peacock Ring f\u00fcr Frauen bei PureJewels UK. Gepunzt, elegant und inspiriert von historischer Kunstfertigkeit. Kostenlose versicherte Lieferung.","robots":{"index":"index","follow":"follow","max-snippet":"max-snippet:-1","max-image-preview":"max-image-preview:large","max-video-preview":"max-video-preview:-1"},"canonical":"https:\/\/www.purejewels.com\/de\/produkt-2\/22-karat-goldring-fur-frauen\/","og_locale":"de_DE","og_type":"article","og_title":"22ct Gold Peacock Ring For Women in UK","og_description":"Discover a handcrafted 22ct Gold Peacock Ring for women at PureJewels UK. Hallmarked, elegant, and inspired by heritage artistry. Free insured delivery.","og_url":"https:\/\/www.purejewels.com\/de\/produkt-2\/22-karat-goldring-fur-frauen\/","og_site_name":"PureJewels UK","article_modified_time":"2026-02-05T07:37:05+00:00","og_image":[{"width":1000,"height":1000,"url":"https:\/\/static.purejewels.com\/wp-content\/uploads\/2024\/01\/46817.png","type":"image\/png"}],"twitter_card":"summary_large_image","twitter_misc":{"Gesch\u00e4tzte Lesezeit":"2\u00a0Minuten"},"schema":{"@context":"https:\/\/schema.org","@graph":[{"@type":["WebPage","ItemPage"],"@id":"https:\/\/www.purejewels.com\/product\/22ct-gold-ring-for-women\/","url":"https:\/\/www.purejewels.com\/product\/22ct-gold-ring-for-women\/","name":"22ct Gold Peacock Ring f\u00fcr Frauen in UK","isPartOf":{"@id":"https:\/\/www.purejewels.com\/#website"},"primaryImageOfPage":{"@id":"https:\/\/www.purejewels.com\/product\/22ct-gold-ring-for-women\/#primaryimage"},"image":{"@id":"https:\/\/www.purejewels.com\/product\/22ct-gold-ring-for-women\/#primaryimage"},"thumbnailUrl":"https:\/\/static.purejewels.com\/wp-content\/uploads\/2024\/01\/46817.png","datePublished":"2024-01-05T01:48:23+00:00","dateModified":"2026-02-05T07:37:05+00:00","description":"Entdecken Sie einen handgefertigten 22ct Gold Peacock Ring f\u00fcr Frauen bei PureJewels UK. Gepunzt, elegant und inspiriert von historischer Kunstfertigkeit. Kostenlose versicherte Lieferung.","breadcrumb":{"@id":"https:\/\/www.purejewels.com\/product\/22ct-gold-ring-for-women\/#breadcrumb"},"inLanguage":"de","potentialAction":[{"@type":"ReadAction","target":["https:\/\/www.purejewels.com\/product\/22ct-gold-ring-for-women\/"]}]},{"@type":"ImageObject","inLanguage":"de","@id":"https:\/\/www.purejewels.com\/product\/22ct-gold-ring-for-women\/#primaryimage","url":"https:\/\/static.purejewels.com\/wp-content\/uploads\/2024\/01\/46817.png","contentUrl":"https:\/\/static.purejewels.com\/wp-content\/uploads\/2024\/01\/46817.png","width":1000,"height":1000,"caption":"22ct Gold Peacock Ring"},{"@type":"BreadcrumbList","@id":"https:\/\/www.purejewels.com\/product\/22ct-gold-ring-for-women\/#breadcrumb","itemListElement":[{"@type":"ListItem","position":1,"name":"Home","item":"https:\/\/www.purejewels.com\/"},{"@type":"ListItem","position":2,"name":"Shop","item":"https:\/\/www.purejewels.com\/shop\/"},{"@type":"ListItem","position":3,"name":"22ct Gold Peacock Ring For Women"}]},{"@type":"WebSite","@id":"https:\/\/www.purejewels.com\/#website","url":"https:\/\/www.purejewels.com\/","name":"PureJewels UK","description":"Teile die Liebe","publisher":{"@id":"https:\/\/www.purejewels.com\/#organization"},"potentialAction":[{"@type":"SearchAction","target":{"@type":"EntryPoint","urlTemplate":"https:\/\/www.purejewels.com\/?s={search_term_string}"},"query-input":{"@type":"PropertyValueSpecification","valueRequired":true,"valueName":"search_term_string"}}],"inLanguage":"de"},{"@type":"Organization","@id":"https:\/\/www.purejewels.com\/#organization","name":"PureJewels UK","url":"https:\/\/www.purejewels.com\/","logo":{"@type":"ImageObject","inLanguage":"de","@id":"https:\/\/www.purejewels.com\/#\/schema\/logo\/image\/","url":"https:\/\/static.purejewels.com\/wp-content\/uploads\/2020\/11\/Logo-PJ-New-1.png","contentUrl":"https:\/\/static.purejewels.com\/wp-content\/uploads\/2020\/11\/Logo-PJ-New-1.png","width":150,"height":80,"caption":"PureJewels UK"},"image":{"@id":"https:\/\/www.purejewels.com\/#\/schema\/logo\/image\/"}}]}},"_links":{"self":[{"href":"https:\/\/www.purejewels.com\/de\/wp-json\/wp\/v2\/product\/319531","targetHints":{"allow":["GET"]}}],"collection":[{"href":"https:\/\/www.purejewels.com\/de\/wp-json\/wp\/v2\/product"}],"about":[{"href":"https:\/\/www.purejewels.com\/de\/wp-json\/wp\/v2\/types\/product"}],"replies":[{"embeddable":true,"href":"https:\/\/www.purejewels.com\/de\/wp-json\/wp\/v2\/comments?post=319531"}],"version-history":[{"count":3,"href":"https:\/\/www.purejewels.com\/de\/wp-json\/wp\/v2\/product\/319531\/revisions"}],"predecessor-version":[{"id":420626,"href":"https:\/\/www.purejewels.com\/de\/wp-json\/wp\/v2\/product\/319531\/revisions\/420626"}],"wp:featuredmedia":[{"embeddable":true,"href":"https:\/\/www.purejewels.com\/de\/wp-json\/wp\/v2\/media\/359647"}],"wp:attachment":[{"href":"https:\/\/www.purejewels.com\/de\/wp-json\/wp\/v2\/media?parent=319531"}],"wp:term":[{"taxonomy":"product_brand","embeddable":true,"href":"https:\/\/www.purejewels.com\/de\/wp-json\/wp\/v2\/product_brand?post=319531"},{"taxonomy":"product_cat","embeddable":true,"href":"https:\/\/www.purejewels.com\/de\/wp-json\/wp\/v2\/product_cat?post=319531"},{"taxonomy":"product_tag","embeddable":true,"href":"https:\/\/www.purejewels.com\/de\/wp-json\/wp\/v2\/product_tag?post=319531"}],"curies":[{"name":"wp","href":"https:\/\/api.w.org\/{rel}","templated":true}]}}