{"id":319587,"date":"2020-12-04T05:59:13","date_gmt":"2020-12-04T05:59:13","guid":{"rendered":"https:\/\/www.purejewels.com\/?post_type=product&#038;p=319587"},"modified":"2026-01-07T05:53:47","modified_gmt":"2026-01-07T05:53:47","slug":"ring-aus-22-karat-gold-33553","status":"publish","type":"product","link":"https:\/\/www.purejewels.com\/de\/product\/22-carat-gold-ring-33553\/","title":{"rendered":"22 Karat Gold Ring"},"content":{"rendered":"<p><a href=\"https:\/\/www.purejewels.com\/de\/product-category\/22ct-gold-jewellery\/gold-rings\/\">Ringe<\/a> sind die besten Accessoires, die man einfach zu jedem Outfit tragen kann. Sie lassen dein Outfit und deine Handgelenke in einer Weise erstrahlen, wie es kein anderes Accessoire oder Schmuckst\u00fcck kann. Ringe gibt es in einer gro\u00dfen Vielfalt an Stilen, Strukturen, Materialien und Designs, aber der richtige Ring passt wunderbar zu dir und deiner Pers\u00f6nlichkeit und verleiht dir einen besonderen Touch.<\/p>\n<p>Dieser Damenring aus Gold wurde in Anlehnung an die Natur entworfen. Er wurde von unseren Karigar-Meistern in aufwendiger Handarbeit und unter Verwendung traditioneller Techniken wie <a href=\"https:\/\/www.purejewels.com\/de\/a-guide-to-die-stamping\/\">Pr\u00e4gung<\/a> und Gravur. Diese 22K <a href=\"https:\/\/www.purejewels.com\/de\/product\/22ct-gold-ladies-ring-size-k1-2-46827\/\">Goldring<\/a> wurde in aufw\u00e4ndiger Handarbeit hergestellt. Jede Blume wurde wundersch\u00f6n geschnitzt und mit herrlichen Details durch den Chhillai-Prozess versehen. Die Mitte jeder Blume wurde facettiert, um ein wenig Bling hinzuzuf\u00fcgen.<\/p>\n<p>Kombinieren Sie ihn mit Ihrem traditionellen Kleidungsst\u00fcck, setzen Sie ein Zeichen, indem Sie ihn mit Ihren Western kombinieren oder sogar an besonderen Tagen bei der Arbeit. Dieses <a href=\"https:\/\/www.purejewels.com\/de\/product-category\/22ct-gold-jewellery\/\">22 Karat<\/a> Goldschmuck ist absolut wundersch\u00f6n und zieht mit Sicherheit die Aufmerksamkeit aller Anwesenden auf sich.<\/p>","protected":false},"excerpt":{"rendered":"<ul>\n<li>22 Karat Gold Ring<\/li>\n<li>Wt. 5.4 gms<\/li>\n<li>Ring Gr\u00f6\u00dfe J<\/li>\n<li>SKU. 33553<\/li>\n<li>Alle Preise inklusive Mehrwertsteuer<\/li>\n<li>22ct Gold gestempelt von London Assay Office<\/li>\n<li>Mit Pr\u00e4sentationsbox<\/li>\n<li>Lieferung inbegriffen<\/li>\n<li>Kontaktieren Sie uns f\u00fcr weitere Gr\u00f6\u00dfen auf Lager<\/li>\n<li>Live-Chat mit uns f\u00fcr die Verf\u00fcgbarkeit und mehr Bilder von \u00e4hnlichen Designs derzeit auf Lager<\/li>\n<\/ul>","protected":false},"featured_media":319588,"comment_status":"closed","ping_status":"closed","template":"","meta":{"_eb_attr":"","_crsspst_to_jayantr4sg-hostcom":false},"product_brand":[],"product_cat":[1794,1785,1235,1783,1786,1656,1569,1573,1574],"product_tag":[64],"class_list":{"0":"post-319587","1":"product","2":"type-product","3":"status-publish","4":"has-post-thumbnail","6":"product_cat-christmas-gifts","7":"product_cat-daily-wear-rings","8":"product_cat-gold-rings","9":"product_cat-ladies-rings","10":"product_cat-occasional-wear-rings","11":"product_cat-rosettes-collections","12":"product_cat-valentine-day-gifts","13":"product_cat-wedding-gifts","14":"product_cat-womens-jewellery","15":"product_tag-rings","17":"first","18":"outofstock","19":"taxable","20":"shipping-taxable","21":"product-type-simple","22":"add-to-wishlist-before_image"},"yoast_head":"<!-- This site is optimized with the Yoast SEO plugin v27.4 - https:\/\/yoast.com\/product\/yoast-seo-wordpress\/ -->\n<title>Shop this traditional 22ct gold floral ring at PureJewels<\/title>\n<meta name=\"description\" content=\"Shop Today! Buy a wide range of 22ct gold rings at PureJewels UK. Shop this traditional 22ct gold Floral Design Ring.\" \/>\n<meta name=\"robots\" content=\"index, follow, max-snippet:-1, max-image-preview:large, max-video-preview:-1\" \/>\n<link rel=\"canonical\" href=\"https:\/\/www.purejewels.com\/de\/produkt-2\/ring-aus-22-karat-gold-33553\/\" \/>\n<meta property=\"og:locale\" content=\"de_DE\" \/>\n<meta property=\"og:type\" content=\"article\" \/>\n<meta property=\"og:title\" content=\"Shop this traditional 22ct gold floral ring at PureJewels\" \/>\n<meta property=\"og:description\" content=\"Shop Today! Buy a wide range of 22ct gold rings at PureJewels UK. Shop this traditional 22ct gold Floral Design Ring.\" \/>\n<meta property=\"og:url\" content=\"https:\/\/www.purejewels.com\/de\/produkt-2\/ring-aus-22-karat-gold-33553\/\" \/>\n<meta property=\"og:site_name\" content=\"PureJewels UK\" \/>\n<meta property=\"article:modified_time\" content=\"2026-01-07T05:53:47+00:00\" \/>\n<meta property=\"og:image\" content=\"https:\/\/www.purejewels.com\/wp-content\/uploads\/2020\/12\/33553-01.jpg\" \/>\n\t<meta property=\"og:image:width\" content=\"1000\" \/>\n\t<meta property=\"og:image:height\" content=\"1000\" \/>\n\t<meta property=\"og:image:type\" content=\"image\/jpeg\" \/>\n<meta name=\"twitter:card\" content=\"summary_large_image\" \/>\n<meta name=\"twitter:label1\" content=\"Gesch\u00e4tzte Lesezeit\" \/>\n\t<meta name=\"twitter:data1\" content=\"1\u00a0Minute\" \/>\n<script type=\"application\/ld+json\" class=\"yoast-schema-graph\">{\"@context\":\"https:\\\/\\\/schema.org\",\"@graph\":[{\"@type\":[\"WebPage\",\"ItemPage\"],\"@id\":\"https:\\\/\\\/www.purejewels.com\\\/product\\\/22-carat-gold-ring-33553\\\/\",\"url\":\"https:\\\/\\\/www.purejewels.com\\\/product\\\/22-carat-gold-ring-33553\\\/\",\"name\":\"Shop this traditional 22ct gold floral ring at PureJewels\",\"isPartOf\":{\"@id\":\"https:\\\/\\\/www.purejewels.com\\\/#website\"},\"primaryImageOfPage\":{\"@id\":\"https:\\\/\\\/www.purejewels.com\\\/product\\\/22-carat-gold-ring-33553\\\/#primaryimage\"},\"image\":{\"@id\":\"https:\\\/\\\/www.purejewels.com\\\/product\\\/22-carat-gold-ring-33553\\\/#primaryimage\"},\"thumbnailUrl\":\"https:\\\/\\\/static.purejewels.com\\\/wp-content\\\/uploads\\\/2020\\\/12\\\/33553-01.jpg\",\"datePublished\":\"2020-12-04T05:59:13+00:00\",\"dateModified\":\"2026-01-07T05:53:47+00:00\",\"description\":\"Shop Today! Buy a wide range of 22ct gold rings at PureJewels UK. Shop this traditional 22ct gold Floral Design Ring.\",\"breadcrumb\":{\"@id\":\"https:\\\/\\\/www.purejewels.com\\\/product\\\/22-carat-gold-ring-33553\\\/#breadcrumb\"},\"inLanguage\":\"de\",\"potentialAction\":[{\"@type\":\"ReadAction\",\"target\":[\"https:\\\/\\\/www.purejewels.com\\\/product\\\/22-carat-gold-ring-33553\\\/\"]}]},{\"@type\":\"ImageObject\",\"inLanguage\":\"de\",\"@id\":\"https:\\\/\\\/www.purejewels.com\\\/product\\\/22-carat-gold-ring-33553\\\/#primaryimage\",\"url\":\"https:\\\/\\\/static.purejewels.com\\\/wp-content\\\/uploads\\\/2020\\\/12\\\/33553-01.jpg\",\"contentUrl\":\"https:\\\/\\\/static.purejewels.com\\\/wp-content\\\/uploads\\\/2020\\\/12\\\/33553-01.jpg\",\"width\":1000,\"height\":1000,\"caption\":\"22ct Gold Ring 33553-01\"},{\"@type\":\"BreadcrumbList\",\"@id\":\"https:\\\/\\\/www.purejewels.com\\\/product\\\/22-carat-gold-ring-33553\\\/#breadcrumb\",\"itemListElement\":[{\"@type\":\"ListItem\",\"position\":1,\"name\":\"Home\",\"item\":\"https:\\\/\\\/www.purejewels.com\\\/\"},{\"@type\":\"ListItem\",\"position\":2,\"name\":\"Shop\",\"item\":\"https:\\\/\\\/www.purejewels.com\\\/shop\\\/\"},{\"@type\":\"ListItem\",\"position\":3,\"name\":\"22 Carat Gold Ring\"}]},{\"@type\":\"WebSite\",\"@id\":\"https:\\\/\\\/www.purejewels.com\\\/#website\",\"url\":\"https:\\\/\\\/www.purejewels.com\\\/\",\"name\":\"PureJewels UK\",\"description\":\"Share the Love\",\"publisher\":{\"@id\":\"https:\\\/\\\/www.purejewels.com\\\/#organization\"},\"potentialAction\":[{\"@type\":\"SearchAction\",\"target\":{\"@type\":\"EntryPoint\",\"urlTemplate\":\"https:\\\/\\\/www.purejewels.com\\\/?s={search_term_string}\"},\"query-input\":{\"@type\":\"PropertyValueSpecification\",\"valueRequired\":true,\"valueName\":\"search_term_string\"}}],\"inLanguage\":\"de\"},{\"@type\":\"Organization\",\"@id\":\"https:\\\/\\\/www.purejewels.com\\\/#organization\",\"name\":\"PureJewels UK\",\"url\":\"https:\\\/\\\/www.purejewels.com\\\/\",\"logo\":{\"@type\":\"ImageObject\",\"inLanguage\":\"de\",\"@id\":\"https:\\\/\\\/www.purejewels.com\\\/#\\\/schema\\\/logo\\\/image\\\/\",\"url\":\"https:\\\/\\\/static.purejewels.com\\\/wp-content\\\/uploads\\\/2020\\\/11\\\/Logo-PJ-New-1.png\",\"contentUrl\":\"https:\\\/\\\/static.purejewels.com\\\/wp-content\\\/uploads\\\/2020\\\/11\\\/Logo-PJ-New-1.png\",\"width\":150,\"height\":80,\"caption\":\"PureJewels UK\"},\"image\":{\"@id\":\"https:\\\/\\\/www.purejewels.com\\\/#\\\/schema\\\/logo\\\/image\\\/\"}}]}<\/script>\n<!-- \/ Yoast SEO plugin. -->","yoast_head_json":{"title":"Kaufen Sie diesen traditionellen Blumenring aus 22 Karat Gold bei PureJewels","description":"Heute einkaufen! Kaufen Sie eine gro\u00dfe Auswahl an Ringen aus 22 Karat Gold bei PureJewels UK. Kaufen Sie diesen traditionellen 22ct Gold Floral Design Ring.","robots":{"index":"index","follow":"follow","max-snippet":"max-snippet:-1","max-image-preview":"max-image-preview:large","max-video-preview":"max-video-preview:-1"},"canonical":"https:\/\/www.purejewels.com\/de\/produkt-2\/ring-aus-22-karat-gold-33553\/","og_locale":"de_DE","og_type":"article","og_title":"Shop this traditional 22ct gold floral ring at PureJewels","og_description":"Shop Today! Buy a wide range of 22ct gold rings at PureJewels UK. Shop this traditional 22ct gold Floral Design Ring.","og_url":"https:\/\/www.purejewels.com\/de\/produkt-2\/ring-aus-22-karat-gold-33553\/","og_site_name":"PureJewels UK","article_modified_time":"2026-01-07T05:53:47+00:00","og_image":[{"width":1000,"height":1000,"url":"https:\/\/www.purejewels.com\/wp-content\/uploads\/2020\/12\/33553-01.jpg","type":"image\/jpeg"}],"twitter_card":"summary_large_image","twitter_misc":{"Gesch\u00e4tzte Lesezeit":"1\u00a0Minute"},"schema":{"@context":"https:\/\/schema.org","@graph":[{"@type":["WebPage","ItemPage"],"@id":"https:\/\/www.purejewels.com\/product\/22-carat-gold-ring-33553\/","url":"https:\/\/www.purejewels.com\/product\/22-carat-gold-ring-33553\/","name":"Kaufen Sie diesen traditionellen Blumenring aus 22 Karat Gold bei PureJewels","isPartOf":{"@id":"https:\/\/www.purejewels.com\/#website"},"primaryImageOfPage":{"@id":"https:\/\/www.purejewels.com\/product\/22-carat-gold-ring-33553\/#primaryimage"},"image":{"@id":"https:\/\/www.purejewels.com\/product\/22-carat-gold-ring-33553\/#primaryimage"},"thumbnailUrl":"https:\/\/static.purejewels.com\/wp-content\/uploads\/2020\/12\/33553-01.jpg","datePublished":"2020-12-04T05:59:13+00:00","dateModified":"2026-01-07T05:53:47+00:00","description":"Heute einkaufen! Kaufen Sie eine gro\u00dfe Auswahl an Ringen aus 22 Karat Gold bei PureJewels UK. Kaufen Sie diesen traditionellen 22ct Gold Floral Design Ring.","breadcrumb":{"@id":"https:\/\/www.purejewels.com\/product\/22-carat-gold-ring-33553\/#breadcrumb"},"inLanguage":"de","potentialAction":[{"@type":"ReadAction","target":["https:\/\/www.purejewels.com\/product\/22-carat-gold-ring-33553\/"]}]},{"@type":"ImageObject","inLanguage":"de","@id":"https:\/\/www.purejewels.com\/product\/22-carat-gold-ring-33553\/#primaryimage","url":"https:\/\/static.purejewels.com\/wp-content\/uploads\/2020\/12\/33553-01.jpg","contentUrl":"https:\/\/static.purejewels.com\/wp-content\/uploads\/2020\/12\/33553-01.jpg","width":1000,"height":1000,"caption":"22ct Gold Ring 33553-01"},{"@type":"BreadcrumbList","@id":"https:\/\/www.purejewels.com\/product\/22-carat-gold-ring-33553\/#breadcrumb","itemListElement":[{"@type":"ListItem","position":1,"name":"Home","item":"https:\/\/www.purejewels.com\/"},{"@type":"ListItem","position":2,"name":"Shop","item":"https:\/\/www.purejewels.com\/shop\/"},{"@type":"ListItem","position":3,"name":"22 Carat Gold Ring"}]},{"@type":"WebSite","@id":"https:\/\/www.purejewels.com\/#website","url":"https:\/\/www.purejewels.com\/","name":"PureJewels UK","description":"Teile die Liebe","publisher":{"@id":"https:\/\/www.purejewels.com\/#organization"},"potentialAction":[{"@type":"SearchAction","target":{"@type":"EntryPoint","urlTemplate":"https:\/\/www.purejewels.com\/?s={search_term_string}"},"query-input":{"@type":"PropertyValueSpecification","valueRequired":true,"valueName":"search_term_string"}}],"inLanguage":"de"},{"@type":"Organization","@id":"https:\/\/www.purejewels.com\/#organization","name":"PureJewels UK","url":"https:\/\/www.purejewels.com\/","logo":{"@type":"ImageObject","inLanguage":"de","@id":"https:\/\/www.purejewels.com\/#\/schema\/logo\/image\/","url":"https:\/\/static.purejewels.com\/wp-content\/uploads\/2020\/11\/Logo-PJ-New-1.png","contentUrl":"https:\/\/static.purejewels.com\/wp-content\/uploads\/2020\/11\/Logo-PJ-New-1.png","width":150,"height":80,"caption":"PureJewels UK"},"image":{"@id":"https:\/\/www.purejewels.com\/#\/schema\/logo\/image\/"}}]}},"_links":{"self":[{"href":"https:\/\/www.purejewels.com\/de\/wp-json\/wp\/v2\/product\/319587","targetHints":{"allow":["GET"]}}],"collection":[{"href":"https:\/\/www.purejewels.com\/de\/wp-json\/wp\/v2\/product"}],"about":[{"href":"https:\/\/www.purejewels.com\/de\/wp-json\/wp\/v2\/types\/product"}],"replies":[{"embeddable":true,"href":"https:\/\/www.purejewels.com\/de\/wp-json\/wp\/v2\/comments?post=319587"}],"version-history":[{"count":2,"href":"https:\/\/www.purejewels.com\/de\/wp-json\/wp\/v2\/product\/319587\/revisions"}],"predecessor-version":[{"id":399547,"href":"https:\/\/www.purejewels.com\/de\/wp-json\/wp\/v2\/product\/319587\/revisions\/399547"}],"wp:featuredmedia":[{"embeddable":true,"href":"https:\/\/www.purejewels.com\/de\/wp-json\/wp\/v2\/media\/319588"}],"wp:attachment":[{"href":"https:\/\/www.purejewels.com\/de\/wp-json\/wp\/v2\/media?parent=319587"}],"wp:term":[{"taxonomy":"product_brand","embeddable":true,"href":"https:\/\/www.purejewels.com\/de\/wp-json\/wp\/v2\/product_brand?post=319587"},{"taxonomy":"product_cat","embeddable":true,"href":"https:\/\/www.purejewels.com\/de\/wp-json\/wp\/v2\/product_cat?post=319587"},{"taxonomy":"product_tag","embeddable":true,"href":"https:\/\/www.purejewels.com\/de\/wp-json\/wp\/v2\/product_tag?post=319587"}],"curies":[{"name":"wp","href":"https:\/\/api.w.org\/{rel}","templated":true}]}}