{"id":319603,"date":"2020-12-04T10:22:30","date_gmt":"2020-12-04T10:22:30","guid":{"rendered":"https:\/\/www.purejewels.com\/?post_type=product&#038;p=319603"},"modified":"2026-01-06T09:18:37","modified_gmt":"2026-01-06T09:18:37","slug":"artemisia-kette-aus-sterlingsilber-ngn002","status":"publish","type":"product","link":"https:\/\/www.purejewels.com\/de\/product\/artemisia-sterling-silver-necklace-ngn002\/","title":{"rendered":"Artemisia Sterling Silber und Perlen Statement-Halskette"},"content":{"rendered":"<p>Aufsehen erregend und ekstatisch - so bezeichnen wir dieses aufsehenerregende Collier aus unserer National Gallery Collection. Einige majest\u00e4tische St\u00fccke in \u00e4hnlichem Stil wurden von Purejewels entworfen und gefertigt, um in der prestigetr\u00e4chtigen National Gallery ausgestellt zu werden - daher der Name unserer Kollektion. Die Halskette aus Sterlingsilber beginnt mit einer Reihe wundersch\u00f6n aufgereihter, \u00fcppiger S\u00fc\u00dfwasserperlen, die mit tief gef\u00e4rbten Granaten akzentuiert sind, wodurch diese herrliche Halskette zart, flie\u00dfend und feminin zugleich wirkt. Die Granatkette endet in einem runden Ring aus Sterlingsilber mit schwarzer Rhodium-Beschichtung und ist mit <a href=\"https:\/\/www.purejewels.com\/de\/product-category\/22ct-gold-jewellery\/\">22 Karat<\/a> Gelbgold Vermeil Details. Unsere Sterlingsilber-Halskette endet mit einem sch\u00f6nen Granattropfen, der wundersch\u00f6n baumelt.<\/p>\n<p>Unsere Artemisia Sterling Silber Statement-Halskette aus der National Gallery Collection ist originell und einmalig. Sie hebt sich von allem anderen ab und das Gold Vermeil l\u00e4sst diese Halskette super luxuri\u00f6s und elegant aussehen. Diese Artemisia Halskette kann mit Ihrem hohen Hals, Rollkragen zusammen mit Ihrem tiefen V-Ausschnitt gestylt werden, w\u00e4hrend Sie eine Aussage treffen.<\/p>","protected":false},"excerpt":{"rendered":"<p>Artemisia Statement-Halskette aus Sterlingsilber und Perlen.<\/p>\n<p>Diese Halskette mit auff\u00e4lligem Statement ist mit zarten S\u00fc\u00dfwasserperlen aufgereiht und mit Granaten akzentuiert. Das Ergebnis ist ein atemberaubendes Schmuckst\u00fcck, das sowohl Kunst als auch Weiblichkeit verk\u00f6rpert. 22 Karat Gelbgold Vermeil, schwarz rhodiniertes Sterlingsilber, Granate, S\u00fc\u00dfwasserperlen.<\/p>\n<ul>\n<li>Artemisia Sterling Silber Statement-Halskette<\/li>\n<li>Aus der Sammlung der Nationalgalerie<\/li>\n<li>Mit schwarzer Rhodium-Beschichtung und Gold-Vermeilung<\/li>\n<\/ul>","protected":false},"featured_media":319604,"comment_status":"closed","ping_status":"closed","template":"","meta":{"_eb_attr":"","_crsspst_to_jayantr4sg-hostcom":false},"product_brand":[],"product_cat":[1791,1559,236,1253,5902,3562,1778,5351],"product_tag":[],"class_list":{"0":"post-319603","1":"product","2":"type-product","3":"status-publish","4":"has-post-thumbnail","6":"product_cat-anniversary-gifts","7":"product_cat-birthday-gifts","8":"product_cat-collections","9":"product_cat-gold-necklaces","10":"product_cat-lariat-necklace","11":"product_cat-national-gallery-collection","12":"product_cat-short-necklaces","13":"product_cat-silver","15":"first","16":"instock","17":"taxable","18":"shipping-taxable","19":"purchasable","20":"product-type-simple","21":"add-to-wishlist-before_image"},"yoast_head":"<!-- This site is optimized with the Yoast SEO plugin v27.5 - https:\/\/yoast.com\/product\/yoast-seo-wordpress\/ -->\n<title>Artemisia Sterling Silver and Pearl Statement Necklace -<\/title>\n<meta name=\"description\" content=\"Purejewels - Specialists in Diamond, Platinum, 22ct 22kt gold. Artemisia Sterling Silver and Pearl Statement Necklace \u00a3715.00\" \/>\n<meta name=\"robots\" content=\"index, follow, max-snippet:-1, max-image-preview:large, max-video-preview:-1\" \/>\n<link rel=\"canonical\" href=\"https:\/\/www.purejewels.com\/de\/produkt-2\/artemisia-kette-aus-sterlingsilber-ngn002\/\" \/>\n<meta property=\"og:locale\" content=\"de_DE\" \/>\n<meta property=\"og:type\" content=\"article\" \/>\n<meta property=\"og:title\" content=\"Artemisia Sterling Silver and Pearl Statement Necklace -\" \/>\n<meta property=\"og:description\" content=\"Purejewels - Specialists in Diamond, Platinum, 22ct 22kt gold. Artemisia Sterling Silver and Pearl Statement Necklace \u00a3715.00\" \/>\n<meta property=\"og:url\" content=\"https:\/\/www.purejewels.com\/de\/produkt-2\/artemisia-kette-aus-sterlingsilber-ngn002\/\" \/>\n<meta property=\"og:site_name\" content=\"PureJewels UK\" \/>\n<meta property=\"article:modified_time\" content=\"2026-01-06T09:18:37+00:00\" \/>\n<meta property=\"og:image\" content=\"https:\/\/www.purejewels.com\/wp-content\/uploads\/2020\/12\/NO-ID-1.jpg\" \/>\n\t<meta property=\"og:image:width\" content=\"1000\" \/>\n\t<meta property=\"og:image:height\" content=\"1000\" \/>\n\t<meta property=\"og:image:type\" content=\"image\/jpeg\" \/>\n<meta name=\"twitter:card\" content=\"summary_large_image\" \/>\n<meta name=\"twitter:label1\" content=\"Gesch\u00e4tzte Lesezeit\" \/>\n\t<meta name=\"twitter:data1\" content=\"1\u00a0Minute\" \/>\n<script type=\"application\/ld+json\" class=\"yoast-schema-graph\">{\"@context\":\"https:\\\/\\\/schema.org\",\"@graph\":[{\"@type\":[\"WebPage\",\"ItemPage\"],\"@id\":\"https:\\\/\\\/www.purejewels.com\\\/product\\\/artemisia-sterling-silver-necklace-ngn002\\\/\",\"url\":\"https:\\\/\\\/www.purejewels.com\\\/product\\\/artemisia-sterling-silver-necklace-ngn002\\\/\",\"name\":\"Artemisia Sterling Silver and Pearl Statement Necklace -\",\"isPartOf\":{\"@id\":\"https:\\\/\\\/www.purejewels.com\\\/#website\"},\"primaryImageOfPage\":{\"@id\":\"https:\\\/\\\/www.purejewels.com\\\/product\\\/artemisia-sterling-silver-necklace-ngn002\\\/#primaryimage\"},\"image\":{\"@id\":\"https:\\\/\\\/www.purejewels.com\\\/product\\\/artemisia-sterling-silver-necklace-ngn002\\\/#primaryimage\"},\"thumbnailUrl\":\"https:\\\/\\\/static.purejewels.com\\\/wp-content\\\/uploads\\\/2020\\\/12\\\/NO-ID-1.jpg\",\"datePublished\":\"2020-12-04T10:22:30+00:00\",\"dateModified\":\"2026-01-06T09:18:37+00:00\",\"description\":\"Purejewels - Specialists in Diamond, Platinum, 22ct 22kt gold. Artemisia Sterling Silver and Pearl Statement Necklace \u00a3715.00\",\"breadcrumb\":{\"@id\":\"https:\\\/\\\/www.purejewels.com\\\/product\\\/artemisia-sterling-silver-necklace-ngn002\\\/#breadcrumb\"},\"inLanguage\":\"de\",\"potentialAction\":[{\"@type\":\"ReadAction\",\"target\":[\"https:\\\/\\\/www.purejewels.com\\\/product\\\/artemisia-sterling-silver-necklace-ngn002\\\/\"]}]},{\"@type\":\"ImageObject\",\"inLanguage\":\"de\",\"@id\":\"https:\\\/\\\/www.purejewels.com\\\/product\\\/artemisia-sterling-silver-necklace-ngn002\\\/#primaryimage\",\"url\":\"https:\\\/\\\/static.purejewels.com\\\/wp-content\\\/uploads\\\/2020\\\/12\\\/NO-ID-1.jpg\",\"contentUrl\":\"https:\\\/\\\/static.purejewels.com\\\/wp-content\\\/uploads\\\/2020\\\/12\\\/NO-ID-1.jpg\",\"width\":1000,\"height\":1000,\"caption\":\"33328\"},{\"@type\":\"BreadcrumbList\",\"@id\":\"https:\\\/\\\/www.purejewels.com\\\/product\\\/artemisia-sterling-silver-necklace-ngn002\\\/#breadcrumb\",\"itemListElement\":[{\"@type\":\"ListItem\",\"position\":1,\"name\":\"Home\",\"item\":\"https:\\\/\\\/www.purejewels.com\\\/\"},{\"@type\":\"ListItem\",\"position\":2,\"name\":\"Shop\",\"item\":\"https:\\\/\\\/www.purejewels.com\\\/shop\\\/\"},{\"@type\":\"ListItem\",\"position\":3,\"name\":\"Artemisia Sterling Silver and Pearl Statement Necklace\"}]},{\"@type\":\"WebSite\",\"@id\":\"https:\\\/\\\/www.purejewels.com\\\/#website\",\"url\":\"https:\\\/\\\/www.purejewels.com\\\/\",\"name\":\"PureJewels UK\",\"description\":\"Share the Love\",\"publisher\":{\"@id\":\"https:\\\/\\\/www.purejewels.com\\\/#organization\"},\"potentialAction\":[{\"@type\":\"SearchAction\",\"target\":{\"@type\":\"EntryPoint\",\"urlTemplate\":\"https:\\\/\\\/www.purejewels.com\\\/?s={search_term_string}\"},\"query-input\":{\"@type\":\"PropertyValueSpecification\",\"valueRequired\":true,\"valueName\":\"search_term_string\"}}],\"inLanguage\":\"de\"},{\"@type\":\"Organization\",\"@id\":\"https:\\\/\\\/www.purejewels.com\\\/#organization\",\"name\":\"PureJewels UK\",\"url\":\"https:\\\/\\\/www.purejewels.com\\\/\",\"logo\":{\"@type\":\"ImageObject\",\"inLanguage\":\"de\",\"@id\":\"https:\\\/\\\/www.purejewels.com\\\/#\\\/schema\\\/logo\\\/image\\\/\",\"url\":\"https:\\\/\\\/static.purejewels.com\\\/wp-content\\\/uploads\\\/2020\\\/11\\\/Logo-PJ-New-1.png\",\"contentUrl\":\"https:\\\/\\\/static.purejewels.com\\\/wp-content\\\/uploads\\\/2020\\\/11\\\/Logo-PJ-New-1.png\",\"width\":150,\"height\":80,\"caption\":\"PureJewels UK\"},\"image\":{\"@id\":\"https:\\\/\\\/www.purejewels.com\\\/#\\\/schema\\\/logo\\\/image\\\/\"}}]}<\/script>\n<!-- \/ Yoast SEO plugin. -->","yoast_head_json":{"title":"Artemisia Sterling Silber und Perle Statement-Halskette -","description":"Purejewels - Spezialisten f\u00fcr Diamanten, Platin, 22ct 22kt Gold. Artemisia Sterling Silber und Perle Statement Halskette \u00a3715.00","robots":{"index":"index","follow":"follow","max-snippet":"max-snippet:-1","max-image-preview":"max-image-preview:large","max-video-preview":"max-video-preview:-1"},"canonical":"https:\/\/www.purejewels.com\/de\/produkt-2\/artemisia-kette-aus-sterlingsilber-ngn002\/","og_locale":"de_DE","og_type":"article","og_title":"Artemisia Sterling Silver and Pearl Statement Necklace -","og_description":"Purejewels - Specialists in Diamond, Platinum, 22ct 22kt gold. Artemisia Sterling Silver and Pearl Statement Necklace \u00a3715.00","og_url":"https:\/\/www.purejewels.com\/de\/produkt-2\/artemisia-kette-aus-sterlingsilber-ngn002\/","og_site_name":"PureJewels UK","article_modified_time":"2026-01-06T09:18:37+00:00","og_image":[{"width":1000,"height":1000,"url":"https:\/\/www.purejewels.com\/wp-content\/uploads\/2020\/12\/NO-ID-1.jpg","type":"image\/jpeg"}],"twitter_card":"summary_large_image","twitter_misc":{"Gesch\u00e4tzte Lesezeit":"1\u00a0Minute"},"schema":{"@context":"https:\/\/schema.org","@graph":[{"@type":["WebPage","ItemPage"],"@id":"https:\/\/www.purejewels.com\/product\/artemisia-sterling-silver-necklace-ngn002\/","url":"https:\/\/www.purejewels.com\/product\/artemisia-sterling-silver-necklace-ngn002\/","name":"Artemisia Sterling Silber und Perle Statement-Halskette -","isPartOf":{"@id":"https:\/\/www.purejewels.com\/#website"},"primaryImageOfPage":{"@id":"https:\/\/www.purejewels.com\/product\/artemisia-sterling-silver-necklace-ngn002\/#primaryimage"},"image":{"@id":"https:\/\/www.purejewels.com\/product\/artemisia-sterling-silver-necklace-ngn002\/#primaryimage"},"thumbnailUrl":"https:\/\/static.purejewels.com\/wp-content\/uploads\/2020\/12\/NO-ID-1.jpg","datePublished":"2020-12-04T10:22:30+00:00","dateModified":"2026-01-06T09:18:37+00:00","description":"Purejewels - Spezialisten f\u00fcr Diamanten, Platin, 22ct 22kt Gold. Artemisia Sterling Silber und Perle Statement Halskette \u00a3715.00","breadcrumb":{"@id":"https:\/\/www.purejewels.com\/product\/artemisia-sterling-silver-necklace-ngn002\/#breadcrumb"},"inLanguage":"de","potentialAction":[{"@type":"ReadAction","target":["https:\/\/www.purejewels.com\/product\/artemisia-sterling-silver-necklace-ngn002\/"]}]},{"@type":"ImageObject","inLanguage":"de","@id":"https:\/\/www.purejewels.com\/product\/artemisia-sterling-silver-necklace-ngn002\/#primaryimage","url":"https:\/\/static.purejewels.com\/wp-content\/uploads\/2020\/12\/NO-ID-1.jpg","contentUrl":"https:\/\/static.purejewels.com\/wp-content\/uploads\/2020\/12\/NO-ID-1.jpg","width":1000,"height":1000,"caption":"33328"},{"@type":"BreadcrumbList","@id":"https:\/\/www.purejewels.com\/product\/artemisia-sterling-silver-necklace-ngn002\/#breadcrumb","itemListElement":[{"@type":"ListItem","position":1,"name":"Home","item":"https:\/\/www.purejewels.com\/"},{"@type":"ListItem","position":2,"name":"Shop","item":"https:\/\/www.purejewels.com\/shop\/"},{"@type":"ListItem","position":3,"name":"Artemisia Sterling Silver and Pearl Statement Necklace"}]},{"@type":"WebSite","@id":"https:\/\/www.purejewels.com\/#website","url":"https:\/\/www.purejewels.com\/","name":"PureJewels UK","description":"Teile die Liebe","publisher":{"@id":"https:\/\/www.purejewels.com\/#organization"},"potentialAction":[{"@type":"SearchAction","target":{"@type":"EntryPoint","urlTemplate":"https:\/\/www.purejewels.com\/?s={search_term_string}"},"query-input":{"@type":"PropertyValueSpecification","valueRequired":true,"valueName":"search_term_string"}}],"inLanguage":"de"},{"@type":"Organization","@id":"https:\/\/www.purejewels.com\/#organization","name":"PureJewels UK","url":"https:\/\/www.purejewels.com\/","logo":{"@type":"ImageObject","inLanguage":"de","@id":"https:\/\/www.purejewels.com\/#\/schema\/logo\/image\/","url":"https:\/\/static.purejewels.com\/wp-content\/uploads\/2020\/11\/Logo-PJ-New-1.png","contentUrl":"https:\/\/static.purejewels.com\/wp-content\/uploads\/2020\/11\/Logo-PJ-New-1.png","width":150,"height":80,"caption":"PureJewels UK"},"image":{"@id":"https:\/\/www.purejewels.com\/#\/schema\/logo\/image\/"}}]}},"_links":{"self":[{"href":"https:\/\/www.purejewels.com\/de\/wp-json\/wp\/v2\/product\/319603","targetHints":{"allow":["GET"]}}],"collection":[{"href":"https:\/\/www.purejewels.com\/de\/wp-json\/wp\/v2\/product"}],"about":[{"href":"https:\/\/www.purejewels.com\/de\/wp-json\/wp\/v2\/types\/product"}],"replies":[{"embeddable":true,"href":"https:\/\/www.purejewels.com\/de\/wp-json\/wp\/v2\/comments?post=319603"}],"version-history":[{"count":1,"href":"https:\/\/www.purejewels.com\/de\/wp-json\/wp\/v2\/product\/319603\/revisions"}],"predecessor-version":[{"id":383539,"href":"https:\/\/www.purejewels.com\/de\/wp-json\/wp\/v2\/product\/319603\/revisions\/383539"}],"wp:featuredmedia":[{"embeddable":true,"href":"https:\/\/www.purejewels.com\/de\/wp-json\/wp\/v2\/media\/319604"}],"wp:attachment":[{"href":"https:\/\/www.purejewels.com\/de\/wp-json\/wp\/v2\/media?parent=319603"}],"wp:term":[{"taxonomy":"product_brand","embeddable":true,"href":"https:\/\/www.purejewels.com\/de\/wp-json\/wp\/v2\/product_brand?post=319603"},{"taxonomy":"product_cat","embeddable":true,"href":"https:\/\/www.purejewels.com\/de\/wp-json\/wp\/v2\/product_cat?post=319603"},{"taxonomy":"product_tag","embeddable":true,"href":"https:\/\/www.purejewels.com\/de\/wp-json\/wp\/v2\/product_tag?post=319603"}],"curies":[{"name":"wp","href":"https:\/\/api.w.org\/{rel}","templated":true}]}}