{"id":319819,"date":"2020-12-07T12:22:18","date_gmt":"2020-12-07T12:22:18","guid":{"rendered":"https:\/\/www.purejewels.com\/product\/sparkle-22ct-gold-mala\/"},"modified":"2024-09-13T09:34:31","modified_gmt":"2024-09-13T08:34:31","slug":"glitzernde-22ct-gold-mala","status":"publish","type":"product","link":"https:\/\/www.purejewels.com\/de\/product\/sparkle-22ct-gold-mala\/","title":{"rendered":"Glitzernde 22ct Gold Mala"},"content":{"rendered":"<ul>\n<li>Gewicht : 18.4 gm<\/li>\n<li>SKU 33561<\/li>\n<\/ul>","protected":false},"excerpt":{"rendered":"<ul>\n<li>22ct Zarte Halskette Mala mit funkelndem Finish<\/li>\n<li>Gewicht : 18.4 gm<\/li>\n<li>SKU 33561<\/li>\n<li>L\u00e4nge 18 Zoll<\/li>\n<li>Alle Preise inklusive Mehrwertsteuer<\/li>\n<li>22ct Gold gestempelt von London Assay Office<\/li>\n<li>Mit Pr\u00e4sentationsbox<\/li>\n<li>Lieferung inbegriffen<\/li>\n<li>Live-Chat mit uns f\u00fcr die Verf\u00fcgbarkeit und mehr Bilder von \u00e4hnlichen Designs derzeit auf Lager<\/li>\n<\/ul>","protected":false},"featured_media":198743,"comment_status":"closed","ping_status":"closed","template":"","meta":{"_eb_attr":"","_crsspst_to_jayantr4sg-hostcom":false},"product_brand":[],"product_cat":[5022,1791,1617,1559,1698,1475,1773,248,1574],"product_tag":[],"class_list":{"0":"post-319819","1":"product","2":"type-product","3":"status-publish","4":"has-post-thumbnail","6":"product_cat-20-inch-mala-chain","7":"product_cat-anniversary-gifts","8":"product_cat-fancy-mala-chains","9":"product_cat-birthday-gifts","10":"product_cat-choker-chains","11":"product_cat-gold-chains","12":"product_cat-ladies-chains","13":"product_cat-sparkle-collections","14":"product_cat-womens-jewellery","16":"first","17":"outofstock","18":"taxable","19":"shipping-taxable","20":"product-type-simple","21":"add-to-wishlist-before_image"},"yoast_head":"<!-- This site is optimized with the Yoast SEO plugin v27.3 - https:\/\/yoast.com\/product\/yoast-seo-wordpress\/ -->\n<title>Sparkle 22ct Gold Mala - PureJewels UK<\/title>\n<meta name=\"robots\" content=\"index, follow, max-snippet:-1, max-image-preview:large, max-video-preview:-1\" \/>\n<link rel=\"canonical\" href=\"https:\/\/www.purejewels.com\/de\/produkt-2\/glitzernde-22ct-gold-mala\/\" \/>\n<meta property=\"og:locale\" content=\"de_DE\" \/>\n<meta property=\"og:type\" content=\"article\" \/>\n<meta property=\"og:title\" content=\"Sparkle 22ct Gold Mala - PureJewels UK\" \/>\n<meta property=\"og:description\" content=\"22ct Delicate Necklace Mala with Sparkle Finish  Wt : 18.4 gm  SKU 33561  Length 18 Inches  All prices include VAT  22ct Gold\u00a0Hallmarked by London Assay Office  Comes With Presentation Box  Delivery Included  Live chat with us for availability and more images of similar designs currently in stock\" \/>\n<meta property=\"og:url\" content=\"https:\/\/www.purejewels.com\/de\/produkt-2\/glitzernde-22ct-gold-mala\/\" \/>\n<meta property=\"og:site_name\" content=\"PureJewels UK\" \/>\n<meta property=\"article:modified_time\" content=\"2024-09-13T08:34:31+00:00\" \/>\n<meta property=\"og:image\" content=\"https:\/\/www.purejewels.com\/wp-content\/uploads\/2017\/09\/24813-1X.png\" \/>\n\t<meta property=\"og:image:width\" content=\"1000\" \/>\n\t<meta property=\"og:image:height\" content=\"1000\" \/>\n\t<meta property=\"og:image:type\" content=\"image\/png\" \/>\n<meta name=\"twitter:card\" content=\"summary_large_image\" \/>\n<script type=\"application\/ld+json\" class=\"yoast-schema-graph\">{\"@context\":\"https:\\\/\\\/schema.org\",\"@graph\":[{\"@type\":[\"WebPage\",\"ItemPage\"],\"@id\":\"https:\\\/\\\/www.purejewels.com\\\/product\\\/sparkle-22ct-gold-mala\\\/\",\"url\":\"https:\\\/\\\/www.purejewels.com\\\/product\\\/sparkle-22ct-gold-mala\\\/\",\"name\":\"Sparkle 22ct Gold Mala - PureJewels UK\",\"isPartOf\":{\"@id\":\"https:\\\/\\\/www.purejewels.com\\\/#website\"},\"primaryImageOfPage\":{\"@id\":\"https:\\\/\\\/www.purejewels.com\\\/product\\\/sparkle-22ct-gold-mala\\\/#primaryimage\"},\"image\":{\"@id\":\"https:\\\/\\\/www.purejewels.com\\\/product\\\/sparkle-22ct-gold-mala\\\/#primaryimage\"},\"thumbnailUrl\":\"https:\\\/\\\/static.purejewels.com\\\/wp-content\\\/uploads\\\/2017\\\/09\\\/24813-1X.png\",\"datePublished\":\"2020-12-07T12:22:18+00:00\",\"dateModified\":\"2024-09-13T08:34:31+00:00\",\"breadcrumb\":{\"@id\":\"https:\\\/\\\/www.purejewels.com\\\/product\\\/sparkle-22ct-gold-mala\\\/#breadcrumb\"},\"inLanguage\":\"de\",\"potentialAction\":[{\"@type\":\"ReadAction\",\"target\":[\"https:\\\/\\\/www.purejewels.com\\\/product\\\/sparkle-22ct-gold-mala\\\/\"]}]},{\"@type\":\"ImageObject\",\"inLanguage\":\"de\",\"@id\":\"https:\\\/\\\/www.purejewels.com\\\/product\\\/sparkle-22ct-gold-mala\\\/#primaryimage\",\"url\":\"https:\\\/\\\/static.purejewels.com\\\/wp-content\\\/uploads\\\/2017\\\/09\\\/24813-1X.png\",\"contentUrl\":\"https:\\\/\\\/static.purejewels.com\\\/wp-content\\\/uploads\\\/2017\\\/09\\\/24813-1X.png\",\"width\":1000,\"height\":1000,\"caption\":\"24813-1X\"},{\"@type\":\"BreadcrumbList\",\"@id\":\"https:\\\/\\\/www.purejewels.com\\\/product\\\/sparkle-22ct-gold-mala\\\/#breadcrumb\",\"itemListElement\":[{\"@type\":\"ListItem\",\"position\":1,\"name\":\"Home\",\"item\":\"https:\\\/\\\/www.purejewels.com\\\/\"},{\"@type\":\"ListItem\",\"position\":2,\"name\":\"Shop\",\"item\":\"https:\\\/\\\/www.purejewels.com\\\/shop\\\/\"},{\"@type\":\"ListItem\",\"position\":3,\"name\":\"Sparkle 22ct Gold Mala\"}]},{\"@type\":\"WebSite\",\"@id\":\"https:\\\/\\\/www.purejewels.com\\\/#website\",\"url\":\"https:\\\/\\\/www.purejewels.com\\\/\",\"name\":\"PureJewels UK\",\"description\":\"Share the Love\",\"publisher\":{\"@id\":\"https:\\\/\\\/www.purejewels.com\\\/#organization\"},\"potentialAction\":[{\"@type\":\"SearchAction\",\"target\":{\"@type\":\"EntryPoint\",\"urlTemplate\":\"https:\\\/\\\/www.purejewels.com\\\/?s={search_term_string}\"},\"query-input\":{\"@type\":\"PropertyValueSpecification\",\"valueRequired\":true,\"valueName\":\"search_term_string\"}}],\"inLanguage\":\"de\"},{\"@type\":\"Organization\",\"@id\":\"https:\\\/\\\/www.purejewels.com\\\/#organization\",\"name\":\"PureJewels UK\",\"url\":\"https:\\\/\\\/www.purejewels.com\\\/\",\"logo\":{\"@type\":\"ImageObject\",\"inLanguage\":\"de\",\"@id\":\"https:\\\/\\\/www.purejewels.com\\\/#\\\/schema\\\/logo\\\/image\\\/\",\"url\":\"https:\\\/\\\/static.purejewels.com\\\/wp-content\\\/uploads\\\/2020\\\/11\\\/Logo-PJ-New-1.png\",\"contentUrl\":\"https:\\\/\\\/static.purejewels.com\\\/wp-content\\\/uploads\\\/2020\\\/11\\\/Logo-PJ-New-1.png\",\"width\":150,\"height\":80,\"caption\":\"PureJewels UK\"},\"image\":{\"@id\":\"https:\\\/\\\/www.purejewels.com\\\/#\\\/schema\\\/logo\\\/image\\\/\"}}]}<\/script>\n<!-- \/ Yoast SEO plugin. -->","yoast_head_json":{"title":"Funkeln 22ct Gold Mala - PureJewels UK","robots":{"index":"index","follow":"follow","max-snippet":"max-snippet:-1","max-image-preview":"max-image-preview:large","max-video-preview":"max-video-preview:-1"},"canonical":"https:\/\/www.purejewels.com\/de\/produkt-2\/glitzernde-22ct-gold-mala\/","og_locale":"de_DE","og_type":"article","og_title":"Sparkle 22ct Gold Mala - PureJewels UK","og_description":"22ct Delicate Necklace Mala with Sparkle Finish  Wt : 18.4 gm  SKU 33561  Length 18 Inches  All prices include VAT  22ct Gold\u00a0Hallmarked by London Assay Office  Comes With Presentation Box  Delivery Included  Live chat with us for availability and more images of similar designs currently in stock","og_url":"https:\/\/www.purejewels.com\/de\/produkt-2\/glitzernde-22ct-gold-mala\/","og_site_name":"PureJewels UK","article_modified_time":"2024-09-13T08:34:31+00:00","og_image":[{"width":1000,"height":1000,"url":"https:\/\/www.purejewels.com\/wp-content\/uploads\/2017\/09\/24813-1X.png","type":"image\/png"}],"twitter_card":"summary_large_image","schema":{"@context":"https:\/\/schema.org","@graph":[{"@type":["WebPage","ItemPage"],"@id":"https:\/\/www.purejewels.com\/product\/sparkle-22ct-gold-mala\/","url":"https:\/\/www.purejewels.com\/product\/sparkle-22ct-gold-mala\/","name":"Funkeln 22ct Gold Mala - PureJewels UK","isPartOf":{"@id":"https:\/\/www.purejewels.com\/#website"},"primaryImageOfPage":{"@id":"https:\/\/www.purejewels.com\/product\/sparkle-22ct-gold-mala\/#primaryimage"},"image":{"@id":"https:\/\/www.purejewels.com\/product\/sparkle-22ct-gold-mala\/#primaryimage"},"thumbnailUrl":"https:\/\/static.purejewels.com\/wp-content\/uploads\/2017\/09\/24813-1X.png","datePublished":"2020-12-07T12:22:18+00:00","dateModified":"2024-09-13T08:34:31+00:00","breadcrumb":{"@id":"https:\/\/www.purejewels.com\/product\/sparkle-22ct-gold-mala\/#breadcrumb"},"inLanguage":"de","potentialAction":[{"@type":"ReadAction","target":["https:\/\/www.purejewels.com\/product\/sparkle-22ct-gold-mala\/"]}]},{"@type":"ImageObject","inLanguage":"de","@id":"https:\/\/www.purejewels.com\/product\/sparkle-22ct-gold-mala\/#primaryimage","url":"https:\/\/static.purejewels.com\/wp-content\/uploads\/2017\/09\/24813-1X.png","contentUrl":"https:\/\/static.purejewels.com\/wp-content\/uploads\/2017\/09\/24813-1X.png","width":1000,"height":1000,"caption":"24813-1X"},{"@type":"BreadcrumbList","@id":"https:\/\/www.purejewels.com\/product\/sparkle-22ct-gold-mala\/#breadcrumb","itemListElement":[{"@type":"ListItem","position":1,"name":"Home","item":"https:\/\/www.purejewels.com\/"},{"@type":"ListItem","position":2,"name":"Shop","item":"https:\/\/www.purejewels.com\/shop\/"},{"@type":"ListItem","position":3,"name":"Sparkle 22ct Gold Mala"}]},{"@type":"WebSite","@id":"https:\/\/www.purejewels.com\/#website","url":"https:\/\/www.purejewels.com\/","name":"PureJewels UK","description":"Teile die Liebe","publisher":{"@id":"https:\/\/www.purejewels.com\/#organization"},"potentialAction":[{"@type":"SearchAction","target":{"@type":"EntryPoint","urlTemplate":"https:\/\/www.purejewels.com\/?s={search_term_string}"},"query-input":{"@type":"PropertyValueSpecification","valueRequired":true,"valueName":"search_term_string"}}],"inLanguage":"de"},{"@type":"Organization","@id":"https:\/\/www.purejewels.com\/#organization","name":"PureJewels UK","url":"https:\/\/www.purejewels.com\/","logo":{"@type":"ImageObject","inLanguage":"de","@id":"https:\/\/www.purejewels.com\/#\/schema\/logo\/image\/","url":"https:\/\/static.purejewels.com\/wp-content\/uploads\/2020\/11\/Logo-PJ-New-1.png","contentUrl":"https:\/\/static.purejewels.com\/wp-content\/uploads\/2020\/11\/Logo-PJ-New-1.png","width":150,"height":80,"caption":"PureJewels UK"},"image":{"@id":"https:\/\/www.purejewels.com\/#\/schema\/logo\/image\/"}}]}},"_links":{"self":[{"href":"https:\/\/www.purejewels.com\/de\/wp-json\/wp\/v2\/product\/319819","targetHints":{"allow":["GET"]}}],"collection":[{"href":"https:\/\/www.purejewels.com\/de\/wp-json\/wp\/v2\/product"}],"about":[{"href":"https:\/\/www.purejewels.com\/de\/wp-json\/wp\/v2\/types\/product"}],"replies":[{"embeddable":true,"href":"https:\/\/www.purejewels.com\/de\/wp-json\/wp\/v2\/comments?post=319819"}],"version-history":[{"count":1,"href":"https:\/\/www.purejewels.com\/de\/wp-json\/wp\/v2\/product\/319819\/revisions"}],"predecessor-version":[{"id":371966,"href":"https:\/\/www.purejewels.com\/de\/wp-json\/wp\/v2\/product\/319819\/revisions\/371966"}],"wp:featuredmedia":[{"embeddable":true,"href":"https:\/\/www.purejewels.com\/de\/wp-json\/wp\/v2\/media\/198743"}],"wp:attachment":[{"href":"https:\/\/www.purejewels.com\/de\/wp-json\/wp\/v2\/media?parent=319819"}],"wp:term":[{"taxonomy":"product_brand","embeddable":true,"href":"https:\/\/www.purejewels.com\/de\/wp-json\/wp\/v2\/product_brand?post=319819"},{"taxonomy":"product_cat","embeddable":true,"href":"https:\/\/www.purejewels.com\/de\/wp-json\/wp\/v2\/product_cat?post=319819"},{"taxonomy":"product_tag","embeddable":true,"href":"https:\/\/www.purejewels.com\/de\/wp-json\/wp\/v2\/product_tag?post=319819"}],"curies":[{"name":"wp","href":"https:\/\/api.w.org\/{rel}","templated":true}]}}