{"id":320450,"date":"2020-12-18T10:23:04","date_gmt":"2020-12-18T10:23:04","guid":{"rendered":"https:\/\/www.purejewels.com\/product\/glow-collection-22ct-gold-chain-11-9gm-18-inches-2\/"},"modified":"2024-09-13T08:42:37","modified_gmt":"2024-09-13T07:42:37","slug":"glow-collection-22ct-gold-kette-11-9gm-18-zoll-2","status":"publish","type":"product","link":"https:\/\/www.purejewels.com\/de\/product\/glow-collection-22ct-gold-chain-11-9gm-18-inches-2\/","title":{"rendered":"Glow Collection 22ct Gold Fancy Kette"},"content":{"rendered":"<h3><b>Inspiration<\/b><\/h3>\n<p><span style=\"font-weight: 400;\">Wenn kunstvoll gearbeitete Metallperlen miteinander verwoben oder verbunden werden, um eine sch\u00f6ne Silhouette wie die einer Halskette oder einer \"Mala\" zu bilden, wird dies in Indien traditionell als \"Master Malas\" bezeichnet. Die Matar Malas sind ausgefallene Perlen <a href=\"https:\/\/www.purejewels.com\/de\/product-category\/22ct-gold-jewellery\/gold-chains\/\">Ketten<\/a> die unabh\u00e4ngig voneinander getragen werden, um den Look leicht zu halten, aber dennoch einen Akzent zu setzen, und die auch in Schichten mit anderen Produkten getragen werden. <a href=\"https:\/\/www.purejewels.com\/de\/product-category\/22ct-gold-jewellery\/gold-necklaces\/\">Halsketten<\/a> um schwere und extravagante Looks zu kreieren.<\/span><\/p>\n<h3><b>Gestaltung<\/b><\/h3>\n<p><span style=\"font-weight: 400;\">Diese besondere Goldkette von Purejewels ist wundersch\u00f6n von Hand von Grund auf von unseren Karigars in Indien gefertigt. Jede Phantasie Kette Perle wurde aus reinem 22K Gold geschnitzt und weiter von Hand gemei\u00dfelt, um traditionelle Muster um sie herum zu schaffen und weiter zart durch Hand geschlagen Dr\u00e4hte verbunden, um diese sch\u00f6ne Halskette zu bilden. Jede handgeschnitzte Perle hat eine St\u00e4rke von 3 Millimetern und ist in einer L\u00e4nge von 18 Zoll zusammengen\u00e4ht.<\/span><\/p>\n<p>&nbsp;<\/p>\n<h3><b>Stil<\/b><\/h3>\n<p><span style=\"font-weight: 400;\">Kombinieren Sie sie mit sch\u00f6nen 22K Goldanh\u00e4ngern oder legen Sie sie mit anderen Ketten aus unserer Kollektion \u00fcbereinander, um eine sch\u00f6ne Silhouette zu schaffen. Stylen Sie es l\u00e4ssig mit Ihren Western, Kurtas oder Saris an festlichen Tagen oder sogar Schicht mit traditionellen schweren Halsketten auf Gelegenheiten, w\u00e4hrend Sie sch\u00f6n in Ihrem traditionellen Kleid.\u00a0<\/span><\/p>","protected":false},"excerpt":{"rendered":"<div class=\"woocommerce-product-details__short-description\">\n<ul>\n<li>22ct Gold Fancy Kette<\/li>\n<li>Wt. 11.9 gms<\/li>\n<li>L\u00e4nge: 18\u2033 Zoll<\/li>\n<li>SKU. 33476<\/li>\n<li>Dicke der Perlen 3mm<\/li>\n<li>Alle Preise inklusive Mehrwertsteuer<\/li>\n<li>22ct Gold gestempelt von London Assay Office<\/li>\n<li>Mit Pr\u00e4sentationsbox<\/li>\n<li>Lieferung inbegriffen<\/li>\n<li>Live-Chat mit uns f\u00fcr die Verf\u00fcgbarkeit und mehr Bilder von \u00e4hnlichen Designs derzeit auf Lager<\/li>\n<\/ul>\n<\/div>\n<div class=\"btn-atc atc-slide\"><\/div>\n<div class=\"product_meta\"><\/div>","protected":false},"featured_media":320518,"comment_status":"closed","ping_status":"closed","template":"","meta":{"_eb_attr":"","_crsspst_to_jayantr4sg-hostcom":false},"product_brand":[],"product_cat":[1791,1559,3628,1475,1773,1779],"product_tag":[],"class_list":{"0":"post-320450","1":"product","2":"type-product","3":"status-publish","4":"has-post-thumbnail","6":"product_cat-anniversary-gifts","7":"product_cat-birthday-gifts","8":"product_cat-glow-collections","9":"product_cat-gold-chains","10":"product_cat-ladies-chains","11":"product_cat-mala-style-necklaces","13":"first","14":"outofstock","15":"taxable","16":"shipping-taxable","17":"product-type-simple","18":"add-to-wishlist-before_image"},"yoast_head":"<!-- This site is optimized with the Yoast SEO plugin v27.3 - https:\/\/yoast.com\/product\/yoast-seo-wordpress\/ -->\n<title>Buy this classic 22ct Gold Fancy Chain at PureJewels UK<\/title>\n<meta name=\"description\" content=\"Purchase Bold, beautiful, distinctive 22ct gold chains crafted in London. Pair it with your favorite earrings. Fast delivery &amp; easy returns.\" \/>\n<meta name=\"robots\" content=\"index, follow, max-snippet:-1, max-image-preview:large, max-video-preview:-1\" \/>\n<link rel=\"canonical\" href=\"https:\/\/www.purejewels.com\/de\/produkt-2\/glow-collection-22ct-gold-kette-11-9gm-18-zoll-2\/\" \/>\n<meta property=\"og:locale\" content=\"de_DE\" \/>\n<meta property=\"og:type\" content=\"article\" \/>\n<meta property=\"og:title\" content=\"Buy this classic 22ct Gold Fancy Chain at PureJewels UK\" \/>\n<meta property=\"og:description\" content=\"Purchase Bold, beautiful, distinctive 22ct gold chains crafted in London. Pair it with your favorite earrings. Fast delivery &amp; easy returns.\" \/>\n<meta property=\"og:url\" content=\"https:\/\/www.purejewels.com\/de\/produkt-2\/glow-collection-22ct-gold-kette-11-9gm-18-zoll-2\/\" \/>\n<meta property=\"og:site_name\" content=\"PureJewels UK\" \/>\n<meta property=\"article:modified_time\" content=\"2024-09-13T07:42:37+00:00\" \/>\n<meta property=\"og:image\" content=\"https:\/\/www.purejewels.com\/wp-content\/uploads\/2020\/12\/image199514111-29.jpg\" \/>\n\t<meta property=\"og:image:width\" content=\"1000\" \/>\n\t<meta property=\"og:image:height\" content=\"1000\" \/>\n\t<meta property=\"og:image:type\" content=\"image\/jpeg\" \/>\n<meta name=\"twitter:card\" content=\"summary_large_image\" \/>\n<meta name=\"twitter:label1\" content=\"Gesch\u00e4tzte Lesezeit\" \/>\n\t<meta name=\"twitter:data1\" content=\"1\u00a0Minute\" \/>\n<script type=\"application\/ld+json\" class=\"yoast-schema-graph\">{\"@context\":\"https:\\\/\\\/schema.org\",\"@graph\":[{\"@type\":[\"WebPage\",\"ItemPage\"],\"@id\":\"https:\\\/\\\/www.purejewels.com\\\/product\\\/glow-collection-22ct-gold-chain-11-9gm-18-inches-2\\\/\",\"url\":\"https:\\\/\\\/www.purejewels.com\\\/product\\\/glow-collection-22ct-gold-chain-11-9gm-18-inches-2\\\/\",\"name\":\"Buy this classic 22ct Gold Fancy Chain at PureJewels UK\",\"isPartOf\":{\"@id\":\"https:\\\/\\\/www.purejewels.com\\\/#website\"},\"primaryImageOfPage\":{\"@id\":\"https:\\\/\\\/www.purejewels.com\\\/product\\\/glow-collection-22ct-gold-chain-11-9gm-18-inches-2\\\/#primaryimage\"},\"image\":{\"@id\":\"https:\\\/\\\/www.purejewels.com\\\/product\\\/glow-collection-22ct-gold-chain-11-9gm-18-inches-2\\\/#primaryimage\"},\"thumbnailUrl\":\"https:\\\/\\\/static.purejewels.com\\\/wp-content\\\/uploads\\\/2020\\\/12\\\/image199514111-29.jpg\",\"datePublished\":\"2020-12-18T10:23:04+00:00\",\"dateModified\":\"2024-09-13T07:42:37+00:00\",\"description\":\"Purchase Bold, beautiful, distinctive 22ct gold chains crafted in London. Pair it with your favorite earrings. Fast delivery & easy returns.\",\"breadcrumb\":{\"@id\":\"https:\\\/\\\/www.purejewels.com\\\/product\\\/glow-collection-22ct-gold-chain-11-9gm-18-inches-2\\\/#breadcrumb\"},\"inLanguage\":\"de\",\"potentialAction\":[{\"@type\":\"ReadAction\",\"target\":[\"https:\\\/\\\/www.purejewels.com\\\/product\\\/glow-collection-22ct-gold-chain-11-9gm-18-inches-2\\\/\"]}]},{\"@type\":\"ImageObject\",\"inLanguage\":\"de\",\"@id\":\"https:\\\/\\\/www.purejewels.com\\\/product\\\/glow-collection-22ct-gold-chain-11-9gm-18-inches-2\\\/#primaryimage\",\"url\":\"https:\\\/\\\/static.purejewels.com\\\/wp-content\\\/uploads\\\/2020\\\/12\\\/image199514111-29.jpg\",\"contentUrl\":\"https:\\\/\\\/static.purejewels.com\\\/wp-content\\\/uploads\\\/2020\\\/12\\\/image199514111-29.jpg\",\"width\":1000,\"height\":1000},{\"@type\":\"BreadcrumbList\",\"@id\":\"https:\\\/\\\/www.purejewels.com\\\/product\\\/glow-collection-22ct-gold-chain-11-9gm-18-inches-2\\\/#breadcrumb\",\"itemListElement\":[{\"@type\":\"ListItem\",\"position\":1,\"name\":\"Home\",\"item\":\"https:\\\/\\\/www.purejewels.com\\\/\"},{\"@type\":\"ListItem\",\"position\":2,\"name\":\"Shop\",\"item\":\"https:\\\/\\\/www.purejewels.com\\\/shop\\\/\"},{\"@type\":\"ListItem\",\"position\":3,\"name\":\"Glow Collection 22ct Gold Fancy Chain\"}]},{\"@type\":\"WebSite\",\"@id\":\"https:\\\/\\\/www.purejewels.com\\\/#website\",\"url\":\"https:\\\/\\\/www.purejewels.com\\\/\",\"name\":\"PureJewels UK\",\"description\":\"Share the Love\",\"publisher\":{\"@id\":\"https:\\\/\\\/www.purejewels.com\\\/#organization\"},\"potentialAction\":[{\"@type\":\"SearchAction\",\"target\":{\"@type\":\"EntryPoint\",\"urlTemplate\":\"https:\\\/\\\/www.purejewels.com\\\/?s={search_term_string}\"},\"query-input\":{\"@type\":\"PropertyValueSpecification\",\"valueRequired\":true,\"valueName\":\"search_term_string\"}}],\"inLanguage\":\"de\"},{\"@type\":\"Organization\",\"@id\":\"https:\\\/\\\/www.purejewels.com\\\/#organization\",\"name\":\"PureJewels UK\",\"url\":\"https:\\\/\\\/www.purejewels.com\\\/\",\"logo\":{\"@type\":\"ImageObject\",\"inLanguage\":\"de\",\"@id\":\"https:\\\/\\\/www.purejewels.com\\\/#\\\/schema\\\/logo\\\/image\\\/\",\"url\":\"https:\\\/\\\/static.purejewels.com\\\/wp-content\\\/uploads\\\/2020\\\/11\\\/Logo-PJ-New-1.png\",\"contentUrl\":\"https:\\\/\\\/static.purejewels.com\\\/wp-content\\\/uploads\\\/2020\\\/11\\\/Logo-PJ-New-1.png\",\"width\":150,\"height\":80,\"caption\":\"PureJewels UK\"},\"image\":{\"@id\":\"https:\\\/\\\/www.purejewels.com\\\/#\\\/schema\\\/logo\\\/image\\\/\"}}]}<\/script>\n<!-- \/ Yoast SEO plugin. -->","yoast_head_json":{"title":"Kaufen Sie diese klassische 22ct Gold Fancy Kette bei PureJewels UK","description":"Kaufen Sie k\u00fchne, sch\u00f6ne, unverwechselbare Ketten aus 22 Karat Gold, die in London hergestellt werden. Kombinieren Sie sie mit Ihren Lieblings-Ohrringen. Schnelle Lieferung und einfache R\u00fcckgabe.","robots":{"index":"index","follow":"follow","max-snippet":"max-snippet:-1","max-image-preview":"max-image-preview:large","max-video-preview":"max-video-preview:-1"},"canonical":"https:\/\/www.purejewels.com\/de\/produkt-2\/glow-collection-22ct-gold-kette-11-9gm-18-zoll-2\/","og_locale":"de_DE","og_type":"article","og_title":"Buy this classic 22ct Gold Fancy Chain at PureJewels UK","og_description":"Purchase Bold, beautiful, distinctive 22ct gold chains crafted in London. Pair it with your favorite earrings. Fast delivery & easy returns.","og_url":"https:\/\/www.purejewels.com\/de\/produkt-2\/glow-collection-22ct-gold-kette-11-9gm-18-zoll-2\/","og_site_name":"PureJewels UK","article_modified_time":"2024-09-13T07:42:37+00:00","og_image":[{"width":1000,"height":1000,"url":"https:\/\/www.purejewels.com\/wp-content\/uploads\/2020\/12\/image199514111-29.jpg","type":"image\/jpeg"}],"twitter_card":"summary_large_image","twitter_misc":{"Gesch\u00e4tzte Lesezeit":"1\u00a0Minute"},"schema":{"@context":"https:\/\/schema.org","@graph":[{"@type":["WebPage","ItemPage"],"@id":"https:\/\/www.purejewels.com\/product\/glow-collection-22ct-gold-chain-11-9gm-18-inches-2\/","url":"https:\/\/www.purejewels.com\/product\/glow-collection-22ct-gold-chain-11-9gm-18-inches-2\/","name":"Kaufen Sie diese klassische 22ct Gold Fancy Kette bei PureJewels UK","isPartOf":{"@id":"https:\/\/www.purejewels.com\/#website"},"primaryImageOfPage":{"@id":"https:\/\/www.purejewels.com\/product\/glow-collection-22ct-gold-chain-11-9gm-18-inches-2\/#primaryimage"},"image":{"@id":"https:\/\/www.purejewels.com\/product\/glow-collection-22ct-gold-chain-11-9gm-18-inches-2\/#primaryimage"},"thumbnailUrl":"https:\/\/static.purejewels.com\/wp-content\/uploads\/2020\/12\/image199514111-29.jpg","datePublished":"2020-12-18T10:23:04+00:00","dateModified":"2024-09-13T07:42:37+00:00","description":"Kaufen Sie k\u00fchne, sch\u00f6ne, unverwechselbare Ketten aus 22 Karat Gold, die in London hergestellt werden. Kombinieren Sie sie mit Ihren Lieblings-Ohrringen. Schnelle Lieferung und einfache R\u00fcckgabe.","breadcrumb":{"@id":"https:\/\/www.purejewels.com\/product\/glow-collection-22ct-gold-chain-11-9gm-18-inches-2\/#breadcrumb"},"inLanguage":"de","potentialAction":[{"@type":"ReadAction","target":["https:\/\/www.purejewels.com\/product\/glow-collection-22ct-gold-chain-11-9gm-18-inches-2\/"]}]},{"@type":"ImageObject","inLanguage":"de","@id":"https:\/\/www.purejewels.com\/product\/glow-collection-22ct-gold-chain-11-9gm-18-inches-2\/#primaryimage","url":"https:\/\/static.purejewels.com\/wp-content\/uploads\/2020\/12\/image199514111-29.jpg","contentUrl":"https:\/\/static.purejewels.com\/wp-content\/uploads\/2020\/12\/image199514111-29.jpg","width":1000,"height":1000},{"@type":"BreadcrumbList","@id":"https:\/\/www.purejewels.com\/product\/glow-collection-22ct-gold-chain-11-9gm-18-inches-2\/#breadcrumb","itemListElement":[{"@type":"ListItem","position":1,"name":"Home","item":"https:\/\/www.purejewels.com\/"},{"@type":"ListItem","position":2,"name":"Shop","item":"https:\/\/www.purejewels.com\/shop\/"},{"@type":"ListItem","position":3,"name":"Glow Collection 22ct Gold Fancy Chain"}]},{"@type":"WebSite","@id":"https:\/\/www.purejewels.com\/#website","url":"https:\/\/www.purejewels.com\/","name":"PureJewels UK","description":"Teile die Liebe","publisher":{"@id":"https:\/\/www.purejewels.com\/#organization"},"potentialAction":[{"@type":"SearchAction","target":{"@type":"EntryPoint","urlTemplate":"https:\/\/www.purejewels.com\/?s={search_term_string}"},"query-input":{"@type":"PropertyValueSpecification","valueRequired":true,"valueName":"search_term_string"}}],"inLanguage":"de"},{"@type":"Organization","@id":"https:\/\/www.purejewels.com\/#organization","name":"PureJewels UK","url":"https:\/\/www.purejewels.com\/","logo":{"@type":"ImageObject","inLanguage":"de","@id":"https:\/\/www.purejewels.com\/#\/schema\/logo\/image\/","url":"https:\/\/static.purejewels.com\/wp-content\/uploads\/2020\/11\/Logo-PJ-New-1.png","contentUrl":"https:\/\/static.purejewels.com\/wp-content\/uploads\/2020\/11\/Logo-PJ-New-1.png","width":150,"height":80,"caption":"PureJewels UK"},"image":{"@id":"https:\/\/www.purejewels.com\/#\/schema\/logo\/image\/"}}]}},"_links":{"self":[{"href":"https:\/\/www.purejewels.com\/de\/wp-json\/wp\/v2\/product\/320450","targetHints":{"allow":["GET"]}}],"collection":[{"href":"https:\/\/www.purejewels.com\/de\/wp-json\/wp\/v2\/product"}],"about":[{"href":"https:\/\/www.purejewels.com\/de\/wp-json\/wp\/v2\/types\/product"}],"replies":[{"embeddable":true,"href":"https:\/\/www.purejewels.com\/de\/wp-json\/wp\/v2\/comments?post=320450"}],"version-history":[{"count":1,"href":"https:\/\/www.purejewels.com\/de\/wp-json\/wp\/v2\/product\/320450\/revisions"}],"predecessor-version":[{"id":371947,"href":"https:\/\/www.purejewels.com\/de\/wp-json\/wp\/v2\/product\/320450\/revisions\/371947"}],"wp:featuredmedia":[{"embeddable":true,"href":"https:\/\/www.purejewels.com\/de\/wp-json\/wp\/v2\/media\/320518"}],"wp:attachment":[{"href":"https:\/\/www.purejewels.com\/de\/wp-json\/wp\/v2\/media?parent=320450"}],"wp:term":[{"taxonomy":"product_brand","embeddable":true,"href":"https:\/\/www.purejewels.com\/de\/wp-json\/wp\/v2\/product_brand?post=320450"},{"taxonomy":"product_cat","embeddable":true,"href":"https:\/\/www.purejewels.com\/de\/wp-json\/wp\/v2\/product_cat?post=320450"},{"taxonomy":"product_tag","embeddable":true,"href":"https:\/\/www.purejewels.com\/de\/wp-json\/wp\/v2\/product_tag?post=320450"}],"curies":[{"name":"wp","href":"https:\/\/api.w.org\/{rel}","templated":true}]}}