{"id":321855,"date":"2021-01-18T04:44:29","date_gmt":"2021-01-18T04:44:29","guid":{"rendered":"https:\/\/www.purejewels.com\/?post_type=product&#038;p=321855"},"modified":"2026-03-31T07:56:12","modified_gmt":"2026-03-31T06:56:12","slug":"22ct-gold-fuchsschwanz-kette-in-18-zoll","status":"publish","type":"product","link":"https:\/\/www.purejewels.com\/de\/product\/22ct-gold-foxtail-chain-in-18-inches\/","title":{"rendered":"22ct Gold Feiner Fuchsschwanz Kette 1.6mm | 18 Zoll"},"content":{"rendered":"<p data-start=\"348\" data-end=\"621\">Die aus leuchtendem 22-kar\u00e4tigem Gold gefertigte Fine Foxtail Chain ist ein zeitloser Ausdruck von Pr\u00e4zision und dezentem Luxus. Mit einer Breite von 1,6 mm und einer L\u00e4nge von 18 Zentimetern schmiegt sich diese Kette anmutig an das Dekollet\u00e9 und bietet eine raffinierte und vielseitige Silhouette.<\/p>\n<p data-start=\"623\" data-end=\"936\">Das komplizierte Fuchsschwanzmuster aus eng verflochtenen Gliedern erzeugt eine glatte, durchgehende Textur, die das Licht mit einem subtilen, eleganten Glanz reflektiert. Diese sorgf\u00e4ltige Konstruktion steigert nicht nur den optischen Reiz, sondern sorgt auch f\u00fcr St\u00e4rke und Flexibilit\u00e4t, sodass sich die Kette flie\u00dfend mit der Tr\u00e4gerin bewegen kann.<\/p>\n<p data-start=\"938\" data-end=\"1323\">Dieses leichte und dennoch robuste Schmuckst\u00fcck eignet sich ideal f\u00fcr den Alltag, egal ob Sie es allein tragen und damit ein minimalistisches Statement setzen oder es mit einem wertvollen Anh\u00e4nger kombinieren, der Ihnen zus\u00e4tzliche Bedeutung verleiht. Verwurzelt in PureJewels\u2019 Tradition der Handwerkskunst und der Liebe zum Detail, ist die Fuchsschwanzkette ein moderner Klassiker - entworfen, um ein wesentlicher Teil Ihrer Schmucksammlung und ein dauerhafter Begleiter auf Ihrer Reise zu werden.<\/p>","protected":false},"excerpt":{"rendered":"<p>Diese feine 1,6-mm-Fuchsschwanzkette aus 22-kar\u00e4tigem Gold bietet ein flie\u00dfendes, poliertes Finish - perfekt f\u00fcr die Eleganz des Alltags oder zum Kombinieren mit Anh\u00e4ngern.<\/p>\n<ul>\n<li>22ct\u00a0<span id=\"urn:enhancement-7a7a8eaf\" class=\"textannotation\">Gelb<\/span>\u00a0<span id=\"urn:enhancement-582502ea\" class=\"textannotation disambiguated wl-thing\">Gold<\/span>\u00a0Ackerfuchsschwanz\u00a0<span id=\"urn:enhancement-df2d721a\" class=\"textannotation\">Kette<\/span><\/li>\n<li>Gewicht : 6.8 g<\/li>\n<li>Dicke: 1,6 mm<\/li>\n<li>L\u00e4nge : 18\u2033 Zoll<\/li>\n<li>SKU: 31815<\/li>\n<li>Alle\u00a0<span id=\"urn:enhancement-7488faae\" class=\"textannotation\">Preise<\/span>\u00a0einschlie\u00dfen.\u00a0<span id=\"urn:enhancement-c86581ad\" class=\"textannotation disambiguated wl-thing\">MEHRWERTSTEUER<\/span><\/li>\n<li>22ct\u00a0<span id=\"urn:enhancement-c6f7cf3c\" class=\"textannotation disambiguated wl-thing\">Gold<\/span>\u00a0 Gepunzt von London\u00a0<span id=\"urn:enhancement-3ffc8b51\" class=\"textannotation\">Pr\u00fcfstelle<\/span><\/li>\n<li>Kommt mit\u00a0<span id=\"urn:enhancement-c8be20eb\" class=\"textannotation\">Pr\u00e4sentation<\/span>\u00a0<span id=\"urn:enhancement-d4e8ad3c\" class=\"textannotation\">Box<\/span><\/li>\n<li>Lieferung inbegriffen<\/li>\n<li>Live\u00a0<span id=\"urn:enhancement-934ca652\" class=\"textannotation\">Chat<\/span>\u00a0mit uns zu\u00a0<span id=\"urn:enhancement-924f4bc5\" class=\"textannotation\">siehe<\/span>\u00a0unsere besondere\u00a0<span id=\"urn:enhancement-1c189524\" class=\"textannotation\">Sammlung<\/span>\u00a0von 22ct\u00a0<span id=\"urn:enhancement-c36f7d36\" class=\"textannotation disambiguated wl-thing\">Gold<\/span>\u00a0<span id=\"urn:enhancement-a044390c\" class=\"textannotation\">Kette<\/span>\u00a0<span id=\"urn:enhancement-c7f28ac7\" class=\"textannotation disambiguated wl-place\">UK<\/span><\/li>\n<\/ul>","protected":false},"featured_media":319451,"comment_status":"closed","ping_status":"closed","template":"","meta":{"_eb_attr":"","_crsspst_to_jayantr4sg-hostcom":false},"product_brand":[],"product_cat":[1791,1559,1475,1773,1574],"product_tag":[],"class_list":{"0":"post-321855","1":"product","2":"type-product","3":"status-publish","4":"has-post-thumbnail","6":"product_cat-anniversary-gifts","7":"product_cat-birthday-gifts","8":"product_cat-gold-chains","9":"product_cat-ladies-chains","10":"product_cat-womens-jewellery","12":"first","13":"outofstock","14":"taxable","15":"shipping-taxable","16":"product-type-simple","17":"add-to-wishlist-before_image"},"yoast_head":"<!-- This site is optimized with the Yoast SEO plugin v27.3 - https:\/\/yoast.com\/product\/yoast-seo-wordpress\/ -->\n<title>22ct Gold 1.6mm Foxtail Chain 18 Inch | Online at PureJewels<\/title>\n<meta name=\"description\" content=\"Shop 22ct gold 1.6mm foxtail chain in 18 inch length. Smooth flexible links with refined texture ideal for everyday wear. PureJewels UK.\" \/>\n<meta name=\"robots\" content=\"index, follow, max-snippet:-1, max-image-preview:large, max-video-preview:-1\" \/>\n<link rel=\"canonical\" href=\"https:\/\/www.purejewels.com\/de\/produkt-2\/22ct-gold-fuchsschwanz-kette-in-18-zoll\/\" \/>\n<meta property=\"og:locale\" content=\"de_DE\" \/>\n<meta property=\"og:type\" content=\"article\" \/>\n<meta property=\"og:title\" content=\"22ct Gold 1.6mm Foxtail Chain 18 Inch | Online at PureJewels\" \/>\n<meta property=\"og:description\" content=\"Shop 22ct gold 1.6mm foxtail chain in 18 inch length. Smooth flexible links with refined texture ideal for everyday wear. PureJewels UK.\" \/>\n<meta property=\"og:url\" content=\"https:\/\/www.purejewels.com\/de\/produkt-2\/22ct-gold-fuchsschwanz-kette-in-18-zoll\/\" \/>\n<meta property=\"og:site_name\" content=\"PureJewels UK\" \/>\n<meta property=\"article:modified_time\" content=\"2026-03-31T06:56:12+00:00\" \/>\n<meta property=\"og:image\" content=\"https:\/\/static.purejewels.com\/wp-content\/uploads\/2020\/07\/31811-1.jpg\" \/>\n\t<meta property=\"og:image:width\" content=\"1000\" \/>\n\t<meta property=\"og:image:height\" content=\"1000\" \/>\n\t<meta property=\"og:image:type\" content=\"image\/jpeg\" \/>\n<meta name=\"twitter:card\" content=\"summary_large_image\" \/>\n<meta name=\"twitter:label1\" content=\"Gesch\u00e4tzte Lesezeit\" \/>\n\t<meta name=\"twitter:data1\" content=\"1\u00a0Minute\" \/>\n<script type=\"application\/ld+json\" class=\"yoast-schema-graph\">{\"@context\":\"https:\\\/\\\/schema.org\",\"@graph\":[{\"@type\":[\"WebPage\",\"ItemPage\"],\"@id\":\"https:\\\/\\\/www.purejewels.com\\\/product\\\/22ct-gold-foxtail-chain-in-18-inches\\\/\",\"url\":\"https:\\\/\\\/www.purejewels.com\\\/product\\\/22ct-gold-foxtail-chain-in-18-inches\\\/\",\"name\":\"22ct Gold 1.6mm Foxtail Chain 18 Inch | Online at PureJewels\",\"isPartOf\":{\"@id\":\"https:\\\/\\\/www.purejewels.com\\\/#website\"},\"primaryImageOfPage\":{\"@id\":\"https:\\\/\\\/www.purejewels.com\\\/product\\\/22ct-gold-foxtail-chain-in-18-inches\\\/#primaryimage\"},\"image\":{\"@id\":\"https:\\\/\\\/www.purejewels.com\\\/product\\\/22ct-gold-foxtail-chain-in-18-inches\\\/#primaryimage\"},\"thumbnailUrl\":\"https:\\\/\\\/static.purejewels.com\\\/wp-content\\\/uploads\\\/2020\\\/07\\\/31811-1.jpg\",\"datePublished\":\"2021-01-18T04:44:29+00:00\",\"dateModified\":\"2026-03-31T06:56:12+00:00\",\"description\":\"Shop 22ct gold 1.6mm foxtail chain in 18 inch length. Smooth flexible links with refined texture ideal for everyday wear. PureJewels UK.\",\"breadcrumb\":{\"@id\":\"https:\\\/\\\/www.purejewels.com\\\/product\\\/22ct-gold-foxtail-chain-in-18-inches\\\/#breadcrumb\"},\"inLanguage\":\"de\",\"potentialAction\":[{\"@type\":\"ReadAction\",\"target\":[\"https:\\\/\\\/www.purejewels.com\\\/product\\\/22ct-gold-foxtail-chain-in-18-inches\\\/\"]}]},{\"@type\":\"ImageObject\",\"inLanguage\":\"de\",\"@id\":\"https:\\\/\\\/www.purejewels.com\\\/product\\\/22ct-gold-foxtail-chain-in-18-inches\\\/#primaryimage\",\"url\":\"https:\\\/\\\/static.purejewels.com\\\/wp-content\\\/uploads\\\/2020\\\/07\\\/31811-1.jpg\",\"contentUrl\":\"https:\\\/\\\/static.purejewels.com\\\/wp-content\\\/uploads\\\/2020\\\/07\\\/31811-1.jpg\",\"width\":1000,\"height\":1000,\"caption\":\"22ct Gold Chain\"},{\"@type\":\"BreadcrumbList\",\"@id\":\"https:\\\/\\\/www.purejewels.com\\\/product\\\/22ct-gold-foxtail-chain-in-18-inches\\\/#breadcrumb\",\"itemListElement\":[{\"@type\":\"ListItem\",\"position\":1,\"name\":\"Home\",\"item\":\"https:\\\/\\\/www.purejewels.com\\\/\"},{\"@type\":\"ListItem\",\"position\":2,\"name\":\"Shop\",\"item\":\"https:\\\/\\\/www.purejewels.com\\\/shop\\\/\"},{\"@type\":\"ListItem\",\"position\":3,\"name\":\"22ct Gold Fine Foxtail Chain 1.6mm | 18 Inches\"}]},{\"@type\":\"WebSite\",\"@id\":\"https:\\\/\\\/www.purejewels.com\\\/#website\",\"url\":\"https:\\\/\\\/www.purejewels.com\\\/\",\"name\":\"PureJewels UK\",\"description\":\"Share the Love\",\"publisher\":{\"@id\":\"https:\\\/\\\/www.purejewels.com\\\/#organization\"},\"potentialAction\":[{\"@type\":\"SearchAction\",\"target\":{\"@type\":\"EntryPoint\",\"urlTemplate\":\"https:\\\/\\\/www.purejewels.com\\\/?s={search_term_string}\"},\"query-input\":{\"@type\":\"PropertyValueSpecification\",\"valueRequired\":true,\"valueName\":\"search_term_string\"}}],\"inLanguage\":\"de\"},{\"@type\":\"Organization\",\"@id\":\"https:\\\/\\\/www.purejewels.com\\\/#organization\",\"name\":\"PureJewels UK\",\"url\":\"https:\\\/\\\/www.purejewels.com\\\/\",\"logo\":{\"@type\":\"ImageObject\",\"inLanguage\":\"de\",\"@id\":\"https:\\\/\\\/www.purejewels.com\\\/#\\\/schema\\\/logo\\\/image\\\/\",\"url\":\"https:\\\/\\\/static.purejewels.com\\\/wp-content\\\/uploads\\\/2020\\\/11\\\/Logo-PJ-New-1.png\",\"contentUrl\":\"https:\\\/\\\/static.purejewels.com\\\/wp-content\\\/uploads\\\/2020\\\/11\\\/Logo-PJ-New-1.png\",\"width\":150,\"height\":80,\"caption\":\"PureJewels UK\"},\"image\":{\"@id\":\"https:\\\/\\\/www.purejewels.com\\\/#\\\/schema\\\/logo\\\/image\\\/\"}}]}<\/script>\n<!-- \/ Yoast SEO plugin. -->","yoast_head_json":{"title":"22ct Gold 1.6mm Fuchsschwanz Kette 18 Zoll | Online bei PureJewels","description":"Shop 22ct Gold 1,6mm Fuchsschwanz Kette in 18 Zoll L\u00e4nge. Glatte, flexible Glieder mit raffinierter Textur, ideal f\u00fcr den t\u00e4glichen Gebrauch. PureJewels UK.","robots":{"index":"index","follow":"follow","max-snippet":"max-snippet:-1","max-image-preview":"max-image-preview:large","max-video-preview":"max-video-preview:-1"},"canonical":"https:\/\/www.purejewels.com\/de\/produkt-2\/22ct-gold-fuchsschwanz-kette-in-18-zoll\/","og_locale":"de_DE","og_type":"article","og_title":"22ct Gold 1.6mm Foxtail Chain 18 Inch | Online at PureJewels","og_description":"Shop 22ct gold 1.6mm foxtail chain in 18 inch length. Smooth flexible links with refined texture ideal for everyday wear. PureJewels UK.","og_url":"https:\/\/www.purejewels.com\/de\/produkt-2\/22ct-gold-fuchsschwanz-kette-in-18-zoll\/","og_site_name":"PureJewels UK","article_modified_time":"2026-03-31T06:56:12+00:00","og_image":[{"width":1000,"height":1000,"url":"https:\/\/static.purejewels.com\/wp-content\/uploads\/2020\/07\/31811-1.jpg","type":"image\/jpeg"}],"twitter_card":"summary_large_image","twitter_misc":{"Gesch\u00e4tzte Lesezeit":"1\u00a0Minute"},"schema":{"@context":"https:\/\/schema.org","@graph":[{"@type":["WebPage","ItemPage"],"@id":"https:\/\/www.purejewels.com\/product\/22ct-gold-foxtail-chain-in-18-inches\/","url":"https:\/\/www.purejewels.com\/product\/22ct-gold-foxtail-chain-in-18-inches\/","name":"22ct Gold 1.6mm Fuchsschwanz Kette 18 Zoll | Online bei PureJewels","isPartOf":{"@id":"https:\/\/www.purejewels.com\/#website"},"primaryImageOfPage":{"@id":"https:\/\/www.purejewels.com\/product\/22ct-gold-foxtail-chain-in-18-inches\/#primaryimage"},"image":{"@id":"https:\/\/www.purejewels.com\/product\/22ct-gold-foxtail-chain-in-18-inches\/#primaryimage"},"thumbnailUrl":"https:\/\/static.purejewels.com\/wp-content\/uploads\/2020\/07\/31811-1.jpg","datePublished":"2021-01-18T04:44:29+00:00","dateModified":"2026-03-31T06:56:12+00:00","description":"Shop 22ct Gold 1,6mm Fuchsschwanz Kette in 18 Zoll L\u00e4nge. Glatte, flexible Glieder mit raffinierter Textur, ideal f\u00fcr den t\u00e4glichen Gebrauch. PureJewels UK.","breadcrumb":{"@id":"https:\/\/www.purejewels.com\/product\/22ct-gold-foxtail-chain-in-18-inches\/#breadcrumb"},"inLanguage":"de","potentialAction":[{"@type":"ReadAction","target":["https:\/\/www.purejewels.com\/product\/22ct-gold-foxtail-chain-in-18-inches\/"]}]},{"@type":"ImageObject","inLanguage":"de","@id":"https:\/\/www.purejewels.com\/product\/22ct-gold-foxtail-chain-in-18-inches\/#primaryimage","url":"https:\/\/static.purejewels.com\/wp-content\/uploads\/2020\/07\/31811-1.jpg","contentUrl":"https:\/\/static.purejewels.com\/wp-content\/uploads\/2020\/07\/31811-1.jpg","width":1000,"height":1000,"caption":"22ct Gold Chain"},{"@type":"BreadcrumbList","@id":"https:\/\/www.purejewels.com\/product\/22ct-gold-foxtail-chain-in-18-inches\/#breadcrumb","itemListElement":[{"@type":"ListItem","position":1,"name":"Home","item":"https:\/\/www.purejewels.com\/"},{"@type":"ListItem","position":2,"name":"Shop","item":"https:\/\/www.purejewels.com\/shop\/"},{"@type":"ListItem","position":3,"name":"22ct Gold Fine Foxtail Chain 1.6mm | 18 Inches"}]},{"@type":"WebSite","@id":"https:\/\/www.purejewels.com\/#website","url":"https:\/\/www.purejewels.com\/","name":"PureJewels UK","description":"Teile die Liebe","publisher":{"@id":"https:\/\/www.purejewels.com\/#organization"},"potentialAction":[{"@type":"SearchAction","target":{"@type":"EntryPoint","urlTemplate":"https:\/\/www.purejewels.com\/?s={search_term_string}"},"query-input":{"@type":"PropertyValueSpecification","valueRequired":true,"valueName":"search_term_string"}}],"inLanguage":"de"},{"@type":"Organization","@id":"https:\/\/www.purejewels.com\/#organization","name":"PureJewels UK","url":"https:\/\/www.purejewels.com\/","logo":{"@type":"ImageObject","inLanguage":"de","@id":"https:\/\/www.purejewels.com\/#\/schema\/logo\/image\/","url":"https:\/\/static.purejewels.com\/wp-content\/uploads\/2020\/11\/Logo-PJ-New-1.png","contentUrl":"https:\/\/static.purejewels.com\/wp-content\/uploads\/2020\/11\/Logo-PJ-New-1.png","width":150,"height":80,"caption":"PureJewels UK"},"image":{"@id":"https:\/\/www.purejewels.com\/#\/schema\/logo\/image\/"}}]}},"_links":{"self":[{"href":"https:\/\/www.purejewels.com\/de\/wp-json\/wp\/v2\/product\/321855","targetHints":{"allow":["GET"]}}],"collection":[{"href":"https:\/\/www.purejewels.com\/de\/wp-json\/wp\/v2\/product"}],"about":[{"href":"https:\/\/www.purejewels.com\/de\/wp-json\/wp\/v2\/types\/product"}],"replies":[{"embeddable":true,"href":"https:\/\/www.purejewels.com\/de\/wp-json\/wp\/v2\/comments?post=321855"}],"version-history":[{"count":3,"href":"https:\/\/www.purejewels.com\/de\/wp-json\/wp\/v2\/product\/321855\/revisions"}],"predecessor-version":[{"id":427872,"href":"https:\/\/www.purejewels.com\/de\/wp-json\/wp\/v2\/product\/321855\/revisions\/427872"}],"wp:featuredmedia":[{"embeddable":true,"href":"https:\/\/www.purejewels.com\/de\/wp-json\/wp\/v2\/media\/319451"}],"wp:attachment":[{"href":"https:\/\/www.purejewels.com\/de\/wp-json\/wp\/v2\/media?parent=321855"}],"wp:term":[{"taxonomy":"product_brand","embeddable":true,"href":"https:\/\/www.purejewels.com\/de\/wp-json\/wp\/v2\/product_brand?post=321855"},{"taxonomy":"product_cat","embeddable":true,"href":"https:\/\/www.purejewels.com\/de\/wp-json\/wp\/v2\/product_cat?post=321855"},{"taxonomy":"product_tag","embeddable":true,"href":"https:\/\/www.purejewels.com\/de\/wp-json\/wp\/v2\/product_tag?post=321855"}],"curies":[{"name":"wp","href":"https:\/\/api.w.org\/{rel}","templated":true}]}}