{"id":322405,"date":"2021-02-11T11:26:47","date_gmt":"2021-02-11T11:26:47","guid":{"rendered":"https:\/\/www.purejewels.com\/?post_type=product&#038;p=322405"},"modified":"2026-02-13T07:30:47","modified_gmt":"2026-02-13T07:30:47","slug":"filigraner-ohrring-aus-22-karat-gold-33626","status":"publish","type":"product","link":"https:\/\/www.purejewels.com\/de\/product\/22-carat-gold-filigree-earring-33626\/","title":{"rendered":"Traditionelle Jali-Ohrringe aus 22 Karat Gold"},"content":{"rendered":"<h3 data-start=\"772\" data-end=\"786\"><strong data-start=\"776\" data-end=\"786\">Gestaltung<\/strong><\/h3>\n<p data-start=\"787\" data-end=\"1044\">Diese Ohrringe sind eine k\u00fchne Hommage an traditionelles Design und zeichnen sich durch eine gro\u00dfz\u00fcgige Tropfenform aus, die von aufwendigen Jali-Details umrahmt wird. Mehrere Lagen Perlenstickerei und gemustertes Gold sorgen f\u00fcr eine reichhaltige Textur, w\u00e4hrend dezente Anh\u00e4nger bei jedem Schritt f\u00fcr ausdrucksstarke Bewegung und Eleganz sorgen.<\/p>\n<h3 data-start=\"1046\" data-end=\"1067\"><strong data-start=\"1050\" data-end=\"1067\">Handwerkliches K\u00f6nnen<\/strong><\/h3>\n<p data-start=\"1068\" data-end=\"1351\">Fachm\u00e4nnisch aus reinem 22-kar\u00e4tigem Gold gefertigt, unter Verwendung feiner Detailtechniken, die von erfahrenen Handwerkern weitergegeben wurden. Jedes St\u00fcck ist sorgf\u00e4ltig verarbeitet und vollst\u00e4ndig in Gro\u00dfbritannien punziert, was seine Echtheit und Reinheit best\u00e4tigt. Trotz seiner auff\u00e4lligen Form ist es so gestaltet, dass es sich angenehm leicht anf\u00fchlt.<\/p>\n<h3 data-start=\"1353\" data-end=\"1378\"><strong data-start=\"1357\" data-end=\"1378\">Styling &amp; Geschenkartikel<\/strong><\/h3>\n<p data-start=\"1379\" data-end=\"1619\">Diese Ohrringe sind eine strahlende Wahl f\u00fcr Hochzeiten, festliche Anl\u00e4sse und traditionelle Feierlichkeiten und passen wunderbar zu Saris, Lehengas und luxuri\u00f6sen Seidenensembles. Ein wertvolles Geschenk zu Geburtstagen, Jubil\u00e4en und freudigen kulturellen Meilensteinen.<\/p>","protected":false},"excerpt":{"rendered":"<p>Handgefertigte Gitter-Ohrringe aus reinem 22-kar\u00e4tigem Gold mit aufwendigen Details und britischer Punzierung.<\/p>\n<ul>\n<li>Filigraner 22 Karat Gold-Ohrring<\/li>\n<li>Gewicht: 16,3 g<\/li>\n<li>Sku 33626<\/li>\n<li>Alle Preise inklusive Mehrwertsteuer<\/li>\n<li>Alle unsere Produkte sind vom London Assay Office gestempelt.<\/li>\n<li>Alle Ohrringe aus reinem Gold werden in einer Geschenkbox geliefert.<\/li>\n<li>Lieferung inbegriffen<\/li>\n<li>Live-Chat mit uns auf Whatsapp f\u00fcr mehr Bilder und Video von unserem Goldschmuck<\/li>\n<\/ul>","protected":false},"featured_media":314367,"comment_status":"closed","ping_status":"closed","template":"","meta":{"_eb_attr":"","_crsspst_to_jayantr4sg-hostcom":true},"product_brand":[],"product_cat":[1685,1254],"product_tag":[],"class_list":{"0":"post-322405","1":"product","2":"type-product","3":"status-publish","4":"has-post-thumbnail","6":"product_cat-drop-earrings","7":"product_cat-gold-earrings","9":"first","10":"outofstock","11":"taxable","12":"shipping-taxable","13":"product-type-simple","14":"add-to-wishlist-before_image"},"yoast_head":"<!-- This site is optimized with the Yoast SEO plugin v27.3 - https:\/\/yoast.com\/product\/yoast-seo-wordpress\/ -->\n<title>22ct Jali Drop Earrings | Traditional Filigree Design | PureJewels<\/title>\n<meta name=\"description\" content=\"Shop handcrafted 22ct gold Jali earrings featuring intricate filigree detailing and delicate drop elements. UK hallmarked and perfect for weddings, festive occasions.\" \/>\n<meta name=\"robots\" content=\"index, follow, max-snippet:-1, max-image-preview:large, max-video-preview:-1\" \/>\n<link rel=\"canonical\" href=\"https:\/\/www.purejewels.com\/de\/produkt-2\/filigraner-ohrring-aus-22-karat-gold-33626\/\" \/>\n<meta property=\"og:locale\" content=\"de_DE\" \/>\n<meta property=\"og:type\" content=\"article\" \/>\n<meta property=\"og:title\" content=\"22ct Jali Drop Earrings | Traditional Filigree Design | PureJewels\" \/>\n<meta property=\"og:description\" content=\"Shop handcrafted 22ct gold Jali earrings featuring intricate filigree detailing and delicate drop elements. UK hallmarked and perfect for weddings, festive occasions.\" \/>\n<meta property=\"og:url\" content=\"https:\/\/www.purejewels.com\/de\/produkt-2\/filigraner-ohrring-aus-22-karat-gold-33626\/\" \/>\n<meta property=\"og:site_name\" content=\"PureJewels UK\" \/>\n<meta property=\"article:modified_time\" content=\"2026-02-13T07:30:47+00:00\" \/>\n<meta property=\"og:image\" content=\"https:\/\/static.purejewels.com\/wp-content\/uploads\/2020\/05\/149771630.jpg\" \/>\n\t<meta property=\"og:image:width\" content=\"1000\" \/>\n\t<meta property=\"og:image:height\" content=\"1000\" \/>\n\t<meta property=\"og:image:type\" content=\"image\/jpeg\" \/>\n<meta name=\"twitter:card\" content=\"summary_large_image\" \/>\n<meta name=\"twitter:label1\" content=\"Gesch\u00e4tzte Lesezeit\" \/>\n\t<meta name=\"twitter:data1\" content=\"1\u00a0Minute\" \/>\n<script type=\"application\/ld+json\" class=\"yoast-schema-graph\">{\"@context\":\"https:\\\/\\\/schema.org\",\"@graph\":[{\"@type\":[\"WebPage\",\"ItemPage\"],\"@id\":\"https:\\\/\\\/www.purejewels.com\\\/product\\\/22-carat-gold-filigree-earring-33626\\\/\",\"url\":\"https:\\\/\\\/www.purejewels.com\\\/product\\\/22-carat-gold-filigree-earring-33626\\\/\",\"name\":\"22ct Jali Drop Earrings | Traditional Filigree Design | PureJewels\",\"isPartOf\":{\"@id\":\"https:\\\/\\\/www.purejewels.com\\\/#website\"},\"primaryImageOfPage\":{\"@id\":\"https:\\\/\\\/www.purejewels.com\\\/product\\\/22-carat-gold-filigree-earring-33626\\\/#primaryimage\"},\"image\":{\"@id\":\"https:\\\/\\\/www.purejewels.com\\\/product\\\/22-carat-gold-filigree-earring-33626\\\/#primaryimage\"},\"thumbnailUrl\":\"https:\\\/\\\/static.purejewels.com\\\/wp-content\\\/uploads\\\/2020\\\/05\\\/149771630.jpg\",\"datePublished\":\"2021-02-11T11:26:47+00:00\",\"dateModified\":\"2026-02-13T07:30:47+00:00\",\"description\":\"Shop handcrafted 22ct gold Jali earrings featuring intricate filigree detailing and delicate drop elements. UK hallmarked and perfect for weddings, festive occasions.\",\"breadcrumb\":{\"@id\":\"https:\\\/\\\/www.purejewels.com\\\/product\\\/22-carat-gold-filigree-earring-33626\\\/#breadcrumb\"},\"inLanguage\":\"de\",\"potentialAction\":[{\"@type\":\"ReadAction\",\"target\":[\"https:\\\/\\\/www.purejewels.com\\\/product\\\/22-carat-gold-filigree-earring-33626\\\/\"]}]},{\"@type\":\"ImageObject\",\"inLanguage\":\"de\",\"@id\":\"https:\\\/\\\/www.purejewels.com\\\/product\\\/22-carat-gold-filigree-earring-33626\\\/#primaryimage\",\"url\":\"https:\\\/\\\/static.purejewels.com\\\/wp-content\\\/uploads\\\/2020\\\/05\\\/149771630.jpg\",\"contentUrl\":\"https:\\\/\\\/static.purejewels.com\\\/wp-content\\\/uploads\\\/2020\\\/05\\\/149771630.jpg\",\"width\":1000,\"height\":1000,\"caption\":\"22 Carat Gold Filigree Earringwt. 16.3gSku 32380All prices include VATAll our products are hallmarked by London Assay OfficeAll Pure Gold earrings Comes With Presentation BoxDelivery IncludedLive chat with us on Whatsapp for more images and video of our Indian style Bridal Earrings.\"},{\"@type\":\"BreadcrumbList\",\"@id\":\"https:\\\/\\\/www.purejewels.com\\\/product\\\/22-carat-gold-filigree-earring-33626\\\/#breadcrumb\",\"itemListElement\":[{\"@type\":\"ListItem\",\"position\":1,\"name\":\"Home\",\"item\":\"https:\\\/\\\/www.purejewels.com\\\/\"},{\"@type\":\"ListItem\",\"position\":2,\"name\":\"Shop\",\"item\":\"https:\\\/\\\/www.purejewels.com\\\/shop\\\/\"},{\"@type\":\"ListItem\",\"position\":3,\"name\":\"22ct Gold Traditional Jali Statement Earrings\"}]},{\"@type\":\"WebSite\",\"@id\":\"https:\\\/\\\/www.purejewels.com\\\/#website\",\"url\":\"https:\\\/\\\/www.purejewels.com\\\/\",\"name\":\"PureJewels UK\",\"description\":\"Share the Love\",\"publisher\":{\"@id\":\"https:\\\/\\\/www.purejewels.com\\\/#organization\"},\"potentialAction\":[{\"@type\":\"SearchAction\",\"target\":{\"@type\":\"EntryPoint\",\"urlTemplate\":\"https:\\\/\\\/www.purejewels.com\\\/?s={search_term_string}\"},\"query-input\":{\"@type\":\"PropertyValueSpecification\",\"valueRequired\":true,\"valueName\":\"search_term_string\"}}],\"inLanguage\":\"de\"},{\"@type\":\"Organization\",\"@id\":\"https:\\\/\\\/www.purejewels.com\\\/#organization\",\"name\":\"PureJewels UK\",\"url\":\"https:\\\/\\\/www.purejewels.com\\\/\",\"logo\":{\"@type\":\"ImageObject\",\"inLanguage\":\"de\",\"@id\":\"https:\\\/\\\/www.purejewels.com\\\/#\\\/schema\\\/logo\\\/image\\\/\",\"url\":\"https:\\\/\\\/static.purejewels.com\\\/wp-content\\\/uploads\\\/2020\\\/11\\\/Logo-PJ-New-1.png\",\"contentUrl\":\"https:\\\/\\\/static.purejewels.com\\\/wp-content\\\/uploads\\\/2020\\\/11\\\/Logo-PJ-New-1.png\",\"width\":150,\"height\":80,\"caption\":\"PureJewels UK\"},\"image\":{\"@id\":\"https:\\\/\\\/www.purejewels.com\\\/#\\\/schema\\\/logo\\\/image\\\/\"}}]}<\/script>\n<!-- \/ Yoast SEO plugin. -->","yoast_head_json":{"title":"22ct Jali Tropfen Ohrringe | Traditionelle Filigran Design | PureJewels","description":"Kaufen Sie handgefertigte Jali-Ohrringe aus 22 Karat Gold mit filigranen Details und zarten Tropfenelementen. UK-gepunzt und perfekt f\u00fcr Hochzeiten, festliche Anl\u00e4sse.","robots":{"index":"index","follow":"follow","max-snippet":"max-snippet:-1","max-image-preview":"max-image-preview:large","max-video-preview":"max-video-preview:-1"},"canonical":"https:\/\/www.purejewels.com\/de\/produkt-2\/filigraner-ohrring-aus-22-karat-gold-33626\/","og_locale":"de_DE","og_type":"article","og_title":"22ct Jali Drop Earrings | Traditional Filigree Design | PureJewels","og_description":"Shop handcrafted 22ct gold Jali earrings featuring intricate filigree detailing and delicate drop elements. UK hallmarked and perfect for weddings, festive occasions.","og_url":"https:\/\/www.purejewels.com\/de\/produkt-2\/filigraner-ohrring-aus-22-karat-gold-33626\/","og_site_name":"PureJewels UK","article_modified_time":"2026-02-13T07:30:47+00:00","og_image":[{"width":1000,"height":1000,"url":"https:\/\/static.purejewels.com\/wp-content\/uploads\/2020\/05\/149771630.jpg","type":"image\/jpeg"}],"twitter_card":"summary_large_image","twitter_misc":{"Gesch\u00e4tzte Lesezeit":"1\u00a0Minute"},"schema":{"@context":"https:\/\/schema.org","@graph":[{"@type":["WebPage","ItemPage"],"@id":"https:\/\/www.purejewels.com\/product\/22-carat-gold-filigree-earring-33626\/","url":"https:\/\/www.purejewels.com\/product\/22-carat-gold-filigree-earring-33626\/","name":"22ct Jali Tropfen Ohrringe | Traditionelle Filigran Design | PureJewels","isPartOf":{"@id":"https:\/\/www.purejewels.com\/#website"},"primaryImageOfPage":{"@id":"https:\/\/www.purejewels.com\/product\/22-carat-gold-filigree-earring-33626\/#primaryimage"},"image":{"@id":"https:\/\/www.purejewels.com\/product\/22-carat-gold-filigree-earring-33626\/#primaryimage"},"thumbnailUrl":"https:\/\/static.purejewels.com\/wp-content\/uploads\/2020\/05\/149771630.jpg","datePublished":"2021-02-11T11:26:47+00:00","dateModified":"2026-02-13T07:30:47+00:00","description":"Kaufen Sie handgefertigte Jali-Ohrringe aus 22 Karat Gold mit filigranen Details und zarten Tropfenelementen. UK-gepunzt und perfekt f\u00fcr Hochzeiten, festliche Anl\u00e4sse.","breadcrumb":{"@id":"https:\/\/www.purejewels.com\/product\/22-carat-gold-filigree-earring-33626\/#breadcrumb"},"inLanguage":"de","potentialAction":[{"@type":"ReadAction","target":["https:\/\/www.purejewels.com\/product\/22-carat-gold-filigree-earring-33626\/"]}]},{"@type":"ImageObject","inLanguage":"de","@id":"https:\/\/www.purejewels.com\/product\/22-carat-gold-filigree-earring-33626\/#primaryimage","url":"https:\/\/static.purejewels.com\/wp-content\/uploads\/2020\/05\/149771630.jpg","contentUrl":"https:\/\/static.purejewels.com\/wp-content\/uploads\/2020\/05\/149771630.jpg","width":1000,"height":1000,"caption":"22 Carat Gold Filigree Earringwt. 16.3gSku 32380All prices include VATAll our products are hallmarked by London Assay OfficeAll Pure Gold earrings Comes With Presentation BoxDelivery IncludedLive chat with us on Whatsapp for more images and video of our Indian style Bridal Earrings."},{"@type":"BreadcrumbList","@id":"https:\/\/www.purejewels.com\/product\/22-carat-gold-filigree-earring-33626\/#breadcrumb","itemListElement":[{"@type":"ListItem","position":1,"name":"Home","item":"https:\/\/www.purejewels.com\/"},{"@type":"ListItem","position":2,"name":"Shop","item":"https:\/\/www.purejewels.com\/shop\/"},{"@type":"ListItem","position":3,"name":"22ct Gold Traditional Jali Statement Earrings"}]},{"@type":"WebSite","@id":"https:\/\/www.purejewels.com\/#website","url":"https:\/\/www.purejewels.com\/","name":"PureJewels UK","description":"Teile die Liebe","publisher":{"@id":"https:\/\/www.purejewels.com\/#organization"},"potentialAction":[{"@type":"SearchAction","target":{"@type":"EntryPoint","urlTemplate":"https:\/\/www.purejewels.com\/?s={search_term_string}"},"query-input":{"@type":"PropertyValueSpecification","valueRequired":true,"valueName":"search_term_string"}}],"inLanguage":"de"},{"@type":"Organization","@id":"https:\/\/www.purejewels.com\/#organization","name":"PureJewels UK","url":"https:\/\/www.purejewels.com\/","logo":{"@type":"ImageObject","inLanguage":"de","@id":"https:\/\/www.purejewels.com\/#\/schema\/logo\/image\/","url":"https:\/\/static.purejewels.com\/wp-content\/uploads\/2020\/11\/Logo-PJ-New-1.png","contentUrl":"https:\/\/static.purejewels.com\/wp-content\/uploads\/2020\/11\/Logo-PJ-New-1.png","width":150,"height":80,"caption":"PureJewels UK"},"image":{"@id":"https:\/\/www.purejewels.com\/#\/schema\/logo\/image\/"}}]}},"_links":{"self":[{"href":"https:\/\/www.purejewels.com\/de\/wp-json\/wp\/v2\/product\/322405","targetHints":{"allow":["GET"]}}],"collection":[{"href":"https:\/\/www.purejewels.com\/de\/wp-json\/wp\/v2\/product"}],"about":[{"href":"https:\/\/www.purejewels.com\/de\/wp-json\/wp\/v2\/types\/product"}],"replies":[{"embeddable":true,"href":"https:\/\/www.purejewels.com\/de\/wp-json\/wp\/v2\/comments?post=322405"}],"version-history":[{"count":3,"href":"https:\/\/www.purejewels.com\/de\/wp-json\/wp\/v2\/product\/322405\/revisions"}],"predecessor-version":[{"id":422737,"href":"https:\/\/www.purejewels.com\/de\/wp-json\/wp\/v2\/product\/322405\/revisions\/422737"}],"wp:featuredmedia":[{"embeddable":true,"href":"https:\/\/www.purejewels.com\/de\/wp-json\/wp\/v2\/media\/314367"}],"wp:attachment":[{"href":"https:\/\/www.purejewels.com\/de\/wp-json\/wp\/v2\/media?parent=322405"}],"wp:term":[{"taxonomy":"product_brand","embeddable":true,"href":"https:\/\/www.purejewels.com\/de\/wp-json\/wp\/v2\/product_brand?post=322405"},{"taxonomy":"product_cat","embeddable":true,"href":"https:\/\/www.purejewels.com\/de\/wp-json\/wp\/v2\/product_cat?post=322405"},{"taxonomy":"product_tag","embeddable":true,"href":"https:\/\/www.purejewels.com\/de\/wp-json\/wp\/v2\/product_tag?post=322405"}],"curies":[{"name":"wp","href":"https:\/\/api.w.org\/{rel}","templated":true}]}}