{"id":322407,"date":"2021-02-11T11:37:44","date_gmt":"2021-02-11T11:37:44","guid":{"rendered":"https:\/\/www.purejewels.com\/?post_type=product&#038;p=322407"},"modified":"2026-01-06T08:43:30","modified_gmt":"2026-01-06T08:43:30","slug":"jali-22ct-gold-filigran-halskette-33627","status":"publish","type":"product","link":"https:\/\/www.purejewels.com\/de\/product\/jali-22ct-gold-filigree-necklace-33627\/","title":{"rendered":"Jali Regal Teardrop Halskette in 22ct Gold"},"content":{"rendered":"<p data-start=\"367\" data-end=\"693\">Die Jali Regal Teardrop Halskette aus 22 Karat Gold zeichnet sich durch einen reich gearbeiteten Kragen aus, der sich anmutig zu einem zentralen Medaillon hin verj\u00fcngt. Schichten von Gittern, Granulationen und winzigen Perlenmotiven schaffen eine juwelenartige Oberfl\u00e4che, die zu einem tropfenf\u00f6rmigen Anh\u00e4nger f\u00fchrt, der mit zarten Tropfen im Ghungroo-Stil f\u00fcr Bewegung sorgt.<\/p>\n<p data-start=\"695\" data-end=\"978\" data-is-last-node=\"\" data-is-only-node=\"\">Diese aus hochreinem 22-kar\u00e4tigem Gold gefertigte Halskette passt wunderbar zu Saris, Lehengas und Brautkleidern und umrahmt das Gesicht mit W\u00e4rme und Schimmer. Sie wurde als herausragendes St\u00fcck f\u00fcr Hochzeiten, Empf\u00e4nge und gro\u00dfe Feiern entworfen und ist ein zeitloses Schmuckst\u00fcck, das \u00fcber Generationen hinweg in Ehren gehalten wird.<\/p>","protected":false},"excerpt":{"rendered":"<ul>\n<li>Jali 22ct Gold filigrane Halskette<\/li>\n<li>Gewicht : 39.9 g<\/li>\n<li>SKU. 33627<\/li>\n<li>Passende Ohrringe sind f\u00fcr diese Halskette erh\u00e4ltlich<\/li>\n<li>Alle Preise inklusive Mehrwertsteuer<\/li>\n<li>Alle unsere Produkte sind vom London Assay Office gestempelt.<\/li>\n<li>Alle Sets werden mit Pr\u00e4sentationsbox geliefert<\/li>\n<li>Lieferung inbegriffen<\/li>\n<li>Kontaktieren Sie uns \/ Chatten Sie mit uns, um mehr 22ct indischen Schmuck zu entdecken<\/li>\n<\/ul>","protected":false},"featured_media":313767,"comment_status":"closed","ping_status":"closed","template":"","meta":{"_eb_attr":"","_crsspst_to_jayantr4sg-hostcom":true},"product_brand":[],"product_cat":[1625,1782,1781,252],"product_tag":[],"class_list":{"0":"post-322407","1":"product","2":"type-product","3":"status-publish","4":"has-post-thumbnail","6":"product_cat-bridal-set","7":"product_cat-choker-necklaces","8":"product_cat-filligree-necklaces","9":"product_cat-jali-collections","11":"first","12":"outofstock","13":"sale","14":"taxable","15":"shipping-taxable","16":"product-type-simple","17":"add-to-wishlist-before_image"},"yoast_head":"<!-- This site is optimized with the Yoast SEO plugin v27.3 - https:\/\/yoast.com\/product\/yoast-seo-wordpress\/ -->\n<title>Jali Regal Teardrop Necklace in 22ct Gold | PureJewels UK<\/title>\n<meta name=\"description\" content=\"Jali Regal Teardrop necklace in 22ct gold, with intricate filigree, layered textures and ghungroo drops \u2013 a luxurious choice for bridal and festive wear.\" \/>\n<meta name=\"robots\" content=\"index, follow, max-snippet:-1, max-image-preview:large, max-video-preview:-1\" \/>\n<link rel=\"canonical\" href=\"https:\/\/www.purejewels.com\/de\/produkt-2\/jali-22ct-gold-filigran-halskette-33627\/\" \/>\n<meta property=\"og:locale\" content=\"de_DE\" \/>\n<meta property=\"og:type\" content=\"article\" \/>\n<meta property=\"og:title\" content=\"Jali Regal Teardrop Necklace in 22ct Gold | PureJewels UK\" \/>\n<meta property=\"og:description\" content=\"Jali Regal Teardrop necklace in 22ct gold, with intricate filigree, layered textures and ghungroo drops \u2013 a luxurious choice for bridal and festive wear.\" \/>\n<meta property=\"og:url\" content=\"https:\/\/www.purejewels.com\/de\/produkt-2\/jali-22ct-gold-filigran-halskette-33627\/\" \/>\n<meta property=\"og:site_name\" content=\"PureJewels UK\" \/>\n<meta property=\"article:modified_time\" content=\"2026-01-06T08:43:30+00:00\" \/>\n<meta property=\"og:image\" content=\"https:\/\/www.purejewels.com\/wp-content\/uploads\/2020\/04\/149771628.jpg\" \/>\n\t<meta property=\"og:image:width\" content=\"1000\" \/>\n\t<meta property=\"og:image:height\" content=\"1000\" \/>\n\t<meta property=\"og:image:type\" content=\"image\/jpeg\" \/>\n<meta name=\"twitter:card\" content=\"summary_large_image\" \/>\n<meta name=\"twitter:label1\" content=\"Gesch\u00e4tzte Lesezeit\" \/>\n\t<meta name=\"twitter:data1\" content=\"1\u00a0Minute\" \/>\n<script type=\"application\/ld+json\" class=\"yoast-schema-graph\">{\"@context\":\"https:\\\/\\\/schema.org\",\"@graph\":[{\"@type\":[\"WebPage\",\"ItemPage\"],\"@id\":\"https:\\\/\\\/www.purejewels.com\\\/product\\\/jali-22ct-gold-filigree-necklace-33627\\\/\",\"url\":\"https:\\\/\\\/www.purejewels.com\\\/product\\\/jali-22ct-gold-filigree-necklace-33627\\\/\",\"name\":\"Jali Regal Teardrop Necklace in 22ct Gold | PureJewels UK\",\"isPartOf\":{\"@id\":\"https:\\\/\\\/www.purejewels.com\\\/#website\"},\"primaryImageOfPage\":{\"@id\":\"https:\\\/\\\/www.purejewels.com\\\/product\\\/jali-22ct-gold-filigree-necklace-33627\\\/#primaryimage\"},\"image\":{\"@id\":\"https:\\\/\\\/www.purejewels.com\\\/product\\\/jali-22ct-gold-filigree-necklace-33627\\\/#primaryimage\"},\"thumbnailUrl\":\"https:\\\/\\\/static.purejewels.com\\\/wp-content\\\/uploads\\\/2020\\\/04\\\/149771628.jpg\",\"datePublished\":\"2021-02-11T11:37:44+00:00\",\"dateModified\":\"2026-01-06T08:43:30+00:00\",\"description\":\"Jali Regal Teardrop necklace in 22ct gold, with intricate filigree, layered textures and ghungroo drops \u2013 a luxurious choice for bridal and festive wear.\",\"breadcrumb\":{\"@id\":\"https:\\\/\\\/www.purejewels.com\\\/product\\\/jali-22ct-gold-filigree-necklace-33627\\\/#breadcrumb\"},\"inLanguage\":\"de\",\"potentialAction\":[{\"@type\":\"ReadAction\",\"target\":[\"https:\\\/\\\/www.purejewels.com\\\/product\\\/jali-22ct-gold-filigree-necklace-33627\\\/\"]}]},{\"@type\":\"ImageObject\",\"inLanguage\":\"de\",\"@id\":\"https:\\\/\\\/www.purejewels.com\\\/product\\\/jali-22ct-gold-filigree-necklace-33627\\\/#primaryimage\",\"url\":\"https:\\\/\\\/static.purejewels.com\\\/wp-content\\\/uploads\\\/2020\\\/04\\\/149771628.jpg\",\"contentUrl\":\"https:\\\/\\\/static.purejewels.com\\\/wp-content\\\/uploads\\\/2020\\\/04\\\/149771628.jpg\",\"width\":1000,\"height\":1000,\"caption\":\"22ct gold necklace - 33627\"},{\"@type\":\"BreadcrumbList\",\"@id\":\"https:\\\/\\\/www.purejewels.com\\\/product\\\/jali-22ct-gold-filigree-necklace-33627\\\/#breadcrumb\",\"itemListElement\":[{\"@type\":\"ListItem\",\"position\":1,\"name\":\"Home\",\"item\":\"https:\\\/\\\/www.purejewels.com\\\/\"},{\"@type\":\"ListItem\",\"position\":2,\"name\":\"Shop\",\"item\":\"https:\\\/\\\/www.purejewels.com\\\/shop\\\/\"},{\"@type\":\"ListItem\",\"position\":3,\"name\":\"Jali Regal Teardrop Necklace in 22ct Gold\"}]},{\"@type\":\"WebSite\",\"@id\":\"https:\\\/\\\/www.purejewels.com\\\/#website\",\"url\":\"https:\\\/\\\/www.purejewels.com\\\/\",\"name\":\"PureJewels UK\",\"description\":\"Share the Love\",\"publisher\":{\"@id\":\"https:\\\/\\\/www.purejewels.com\\\/#organization\"},\"potentialAction\":[{\"@type\":\"SearchAction\",\"target\":{\"@type\":\"EntryPoint\",\"urlTemplate\":\"https:\\\/\\\/www.purejewels.com\\\/?s={search_term_string}\"},\"query-input\":{\"@type\":\"PropertyValueSpecification\",\"valueRequired\":true,\"valueName\":\"search_term_string\"}}],\"inLanguage\":\"de\"},{\"@type\":\"Organization\",\"@id\":\"https:\\\/\\\/www.purejewels.com\\\/#organization\",\"name\":\"PureJewels UK\",\"url\":\"https:\\\/\\\/www.purejewels.com\\\/\",\"logo\":{\"@type\":\"ImageObject\",\"inLanguage\":\"de\",\"@id\":\"https:\\\/\\\/www.purejewels.com\\\/#\\\/schema\\\/logo\\\/image\\\/\",\"url\":\"https:\\\/\\\/static.purejewels.com\\\/wp-content\\\/uploads\\\/2020\\\/11\\\/Logo-PJ-New-1.png\",\"contentUrl\":\"https:\\\/\\\/static.purejewels.com\\\/wp-content\\\/uploads\\\/2020\\\/11\\\/Logo-PJ-New-1.png\",\"width\":150,\"height\":80,\"caption\":\"PureJewels UK\"},\"image\":{\"@id\":\"https:\\\/\\\/www.purejewels.com\\\/#\\\/schema\\\/logo\\\/image\\\/\"}}]}<\/script>\n<!-- \/ Yoast SEO plugin. -->","yoast_head_json":{"title":"Jali Regal Teardrop Halskette in 22ct Gold | PureJewels UK","description":"Jali Regal Teardrop-Halskette aus 22-kar\u00e4tigem Gold mit filigranen, mehrschichtigen Strukturen und Ghungroo-Tropfen - eine luxuri\u00f6se Wahl f\u00fcr Brautmode und festliche Anl\u00e4sse.","robots":{"index":"index","follow":"follow","max-snippet":"max-snippet:-1","max-image-preview":"max-image-preview:large","max-video-preview":"max-video-preview:-1"},"canonical":"https:\/\/www.purejewels.com\/de\/produkt-2\/jali-22ct-gold-filigran-halskette-33627\/","og_locale":"de_DE","og_type":"article","og_title":"Jali Regal Teardrop Necklace in 22ct Gold | PureJewels UK","og_description":"Jali Regal Teardrop necklace in 22ct gold, with intricate filigree, layered textures and ghungroo drops \u2013 a luxurious choice for bridal and festive wear.","og_url":"https:\/\/www.purejewels.com\/de\/produkt-2\/jali-22ct-gold-filigran-halskette-33627\/","og_site_name":"PureJewels UK","article_modified_time":"2026-01-06T08:43:30+00:00","og_image":[{"width":1000,"height":1000,"url":"https:\/\/www.purejewels.com\/wp-content\/uploads\/2020\/04\/149771628.jpg","type":"image\/jpeg"}],"twitter_card":"summary_large_image","twitter_misc":{"Gesch\u00e4tzte Lesezeit":"1\u00a0Minute"},"schema":{"@context":"https:\/\/schema.org","@graph":[{"@type":["WebPage","ItemPage"],"@id":"https:\/\/www.purejewels.com\/product\/jali-22ct-gold-filigree-necklace-33627\/","url":"https:\/\/www.purejewels.com\/product\/jali-22ct-gold-filigree-necklace-33627\/","name":"Jali Regal Teardrop Halskette in 22ct Gold | PureJewels UK","isPartOf":{"@id":"https:\/\/www.purejewels.com\/#website"},"primaryImageOfPage":{"@id":"https:\/\/www.purejewels.com\/product\/jali-22ct-gold-filigree-necklace-33627\/#primaryimage"},"image":{"@id":"https:\/\/www.purejewels.com\/product\/jali-22ct-gold-filigree-necklace-33627\/#primaryimage"},"thumbnailUrl":"https:\/\/static.purejewels.com\/wp-content\/uploads\/2020\/04\/149771628.jpg","datePublished":"2021-02-11T11:37:44+00:00","dateModified":"2026-01-06T08:43:30+00:00","description":"Jali Regal Teardrop-Halskette aus 22-kar\u00e4tigem Gold mit filigranen, mehrschichtigen Strukturen und Ghungroo-Tropfen - eine luxuri\u00f6se Wahl f\u00fcr Brautmode und festliche Anl\u00e4sse.","breadcrumb":{"@id":"https:\/\/www.purejewels.com\/product\/jali-22ct-gold-filigree-necklace-33627\/#breadcrumb"},"inLanguage":"de","potentialAction":[{"@type":"ReadAction","target":["https:\/\/www.purejewels.com\/product\/jali-22ct-gold-filigree-necklace-33627\/"]}]},{"@type":"ImageObject","inLanguage":"de","@id":"https:\/\/www.purejewels.com\/product\/jali-22ct-gold-filigree-necklace-33627\/#primaryimage","url":"https:\/\/static.purejewels.com\/wp-content\/uploads\/2020\/04\/149771628.jpg","contentUrl":"https:\/\/static.purejewels.com\/wp-content\/uploads\/2020\/04\/149771628.jpg","width":1000,"height":1000,"caption":"22ct gold necklace - 33627"},{"@type":"BreadcrumbList","@id":"https:\/\/www.purejewels.com\/product\/jali-22ct-gold-filigree-necklace-33627\/#breadcrumb","itemListElement":[{"@type":"ListItem","position":1,"name":"Home","item":"https:\/\/www.purejewels.com\/"},{"@type":"ListItem","position":2,"name":"Shop","item":"https:\/\/www.purejewels.com\/shop\/"},{"@type":"ListItem","position":3,"name":"Jali Regal Teardrop Necklace in 22ct Gold"}]},{"@type":"WebSite","@id":"https:\/\/www.purejewels.com\/#website","url":"https:\/\/www.purejewels.com\/","name":"PureJewels UK","description":"Teile die Liebe","publisher":{"@id":"https:\/\/www.purejewels.com\/#organization"},"potentialAction":[{"@type":"SearchAction","target":{"@type":"EntryPoint","urlTemplate":"https:\/\/www.purejewels.com\/?s={search_term_string}"},"query-input":{"@type":"PropertyValueSpecification","valueRequired":true,"valueName":"search_term_string"}}],"inLanguage":"de"},{"@type":"Organization","@id":"https:\/\/www.purejewels.com\/#organization","name":"PureJewels UK","url":"https:\/\/www.purejewels.com\/","logo":{"@type":"ImageObject","inLanguage":"de","@id":"https:\/\/www.purejewels.com\/#\/schema\/logo\/image\/","url":"https:\/\/static.purejewels.com\/wp-content\/uploads\/2020\/11\/Logo-PJ-New-1.png","contentUrl":"https:\/\/static.purejewels.com\/wp-content\/uploads\/2020\/11\/Logo-PJ-New-1.png","width":150,"height":80,"caption":"PureJewels UK"},"image":{"@id":"https:\/\/www.purejewels.com\/#\/schema\/logo\/image\/"}}]}},"_links":{"self":[{"href":"https:\/\/www.purejewels.com\/de\/wp-json\/wp\/v2\/product\/322407","targetHints":{"allow":["GET"]}}],"collection":[{"href":"https:\/\/www.purejewels.com\/de\/wp-json\/wp\/v2\/product"}],"about":[{"href":"https:\/\/www.purejewels.com\/de\/wp-json\/wp\/v2\/types\/product"}],"replies":[{"embeddable":true,"href":"https:\/\/www.purejewels.com\/de\/wp-json\/wp\/v2\/comments?post=322407"}],"version-history":[{"count":3,"href":"https:\/\/www.purejewels.com\/de\/wp-json\/wp\/v2\/product\/322407\/revisions"}],"predecessor-version":[{"id":421311,"href":"https:\/\/www.purejewels.com\/de\/wp-json\/wp\/v2\/product\/322407\/revisions\/421311"}],"wp:featuredmedia":[{"embeddable":true,"href":"https:\/\/www.purejewels.com\/de\/wp-json\/wp\/v2\/media\/313767"}],"wp:attachment":[{"href":"https:\/\/www.purejewels.com\/de\/wp-json\/wp\/v2\/media?parent=322407"}],"wp:term":[{"taxonomy":"product_brand","embeddable":true,"href":"https:\/\/www.purejewels.com\/de\/wp-json\/wp\/v2\/product_brand?post=322407"},{"taxonomy":"product_cat","embeddable":true,"href":"https:\/\/www.purejewels.com\/de\/wp-json\/wp\/v2\/product_cat?post=322407"},{"taxonomy":"product_tag","embeddable":true,"href":"https:\/\/www.purejewels.com\/de\/wp-json\/wp\/v2\/product_tag?post=322407"}],"curies":[{"name":"wp","href":"https:\/\/api.w.org\/{rel}","templated":true}]}}