{"id":322544,"date":"2024-05-09T07:56:02","date_gmt":"2024-05-09T06:56:02","guid":{"rendered":"https:\/\/www.purejewels.com\/product\/22ct-gold-light-white-cz-stone-flat-earring-yger077\/"},"modified":"2026-01-06T06:59:05","modified_gmt":"2026-01-06T06:59:05","slug":"ganseblumchen-ohrringe-aus-22-karat-gold-33556","status":"publish","type":"product","link":"https:\/\/www.purejewels.com\/de\/product\/22ct-gold-daisy-earrings-33556\/","title":{"rendered":"22ct Gold G\u00e4nsebl\u00fcmchen-Ohrringe"},"content":{"rendered":"<p>Diese atemberaubenden 22ct Gold Daisy Ohrringe von PureJewels London sind das perfekte Accessoire, um jedem Outfit einen Hauch von Eleganz zu verleihen. Das blumenf\u00f6rmige Design verleiht ihnen einen zarten und femininen Look, wodurch sie sich sowohl f\u00fcr den Alltag als auch f\u00fcr besondere Anl\u00e4sse eignen.<\/p>\n<p>Diese aus hochwertigem 22-kar\u00e4tigem Gold gefertigten Ohrstecker sind mit einer Rhodiumbeschichtung versehen, die f\u00fcr zus\u00e4tzliche Haltbarkeit und Glanz sorgt. Das leichte Gewicht von 3,3 g garantiert Tragekomfort f\u00fcr den ganzen Tag.<\/p>\n<p>Jedes Paar Ohrringe ist wundersch\u00f6n in einer Pr\u00e4sentationsbox verpackt und damit ein ideales Geschenk f\u00fcr eine geliebte Person oder eine Freude f\u00fcr Sie selbst.<\/p>\n<p>Ganz gleich, ob Sie ein Geschenk f\u00fcr einen Jahrestag, einen Geburtstag, den Muttertag, Diwali oder Weihnachten suchen, diese G\u00e4nsebl\u00fcmchen-Ohrringe sind mit Sicherheit eine gesch\u00e4tzte Erg\u00e4nzung f\u00fcr jede Schmucksammlung.<\/p>\n<p>Lassen Sie sich diese zeitlosen und eleganten Ohrringe nicht entgehen - bestellen Sie sie noch heute und verleihen Sie Ihrem Look einen Hauch von floraler Sch\u00f6nheit.<\/p>","protected":false},"excerpt":{"rendered":"<table class=\"sh_desc\">\n<tbody>\n<tr>\n<td>Art des Ohrrings<\/td>\n<td>Ohrstecker mit Rhodium-Finish<\/td>\n<\/tr>\n<tr>\n<td>SKU<\/td>\n<td>33556<\/td>\n<\/tr>\n<tr>\n<td>Gewicht<\/td>\n<td>3.3 Gms<\/td>\n<\/tr>\n<tr>\n<td>Metall<\/td>\n<td>22ct Gold<\/td>\n<\/tr>\n<tr>\n<td>Entgelte<\/td>\n<td>Lieferung und Mehrwertsteuer inbegriffen<\/td>\n<\/tr>\n<tr>\n<td>Verpackung<\/td>\n<td>Mit Pr\u00e4sentationsbox<\/td>\n<\/tr>\n<tr>\n<td>Mehr Informationen<\/td>\n<td>Live-Chat mit uns f\u00fcr Verf\u00fcgbarkeit und mehr Bilder<\/td>\n<\/tr>\n<\/tbody>\n<\/table>","protected":false},"featured_media":3807,"comment_status":"closed","ping_status":"closed","template":"","meta":{"_eb_attr":"","_crsspst_to_jayantr4sg-hostcom":false},"product_brand":[],"product_cat":[1791,1559,1794,1793,1685,1254,5344,1570,1574,5349],"product_tag":[],"class_list":{"0":"post-322544","1":"product","2":"type-product","3":"status-publish","4":"has-post-thumbnail","6":"product_cat-anniversary-gifts","7":"product_cat-birthday-gifts","8":"product_cat-christmas-gifts","9":"product_cat-diwali-gifts","10":"product_cat-drop-earrings","11":"product_cat-gold-earrings","12":"product_cat-jewellery-under-750","13":"product_cat-mothers-day-gifts","14":"product_cat-womens-jewellery","15":"product_cat-yellow-gold-jewellery","17":"first","18":"outofstock","19":"sale","20":"taxable","21":"shipping-taxable","22":"product-type-simple","23":"add-to-wishlist-before_image"},"yoast_head":"<!-- This site is optimized with the Yoast SEO plugin v27.4 - https:\/\/yoast.com\/product\/yoast-seo-wordpress\/ -->\n<title>Flower shape earring in 22ct Gold. PureJewels London<\/title>\n<meta name=\"description\" content=\"This beautiful flower-shaped gold earring is made from 22ct gold and is perfect for everyday use and gifting. Order online for free delivery in the UK.\" \/>\n<meta name=\"robots\" content=\"index, follow, max-snippet:-1, max-image-preview:large, max-video-preview:-1\" \/>\n<link rel=\"canonical\" href=\"https:\/\/www.purejewels.com\/de\/produkt-2\/ganseblumchen-ohrringe-aus-22-karat-gold-33556\/\" \/>\n<meta property=\"og:locale\" content=\"de_DE\" \/>\n<meta property=\"og:type\" content=\"article\" \/>\n<meta property=\"og:title\" content=\"Flower shape earring in 22ct Gold. PureJewels London\" \/>\n<meta property=\"og:description\" content=\"This beautiful flower-shaped gold earring is made from 22ct gold and is perfect for everyday use and gifting. Order online for free delivery in the UK.\" \/>\n<meta property=\"og:url\" content=\"https:\/\/www.purejewels.com\/de\/produkt-2\/ganseblumchen-ohrringe-aus-22-karat-gold-33556\/\" \/>\n<meta property=\"og:site_name\" content=\"PureJewels UK\" \/>\n<meta property=\"article:modified_time\" content=\"2026-01-06T06:59:05+00:00\" \/>\n<meta property=\"og:image\" content=\"https:\/\/www.purejewels.com\/wp-content\/uploads\/2017\/07\/earrings_21405_1100px.png\" \/>\n\t<meta property=\"og:image:width\" content=\"1100\" \/>\n\t<meta property=\"og:image:height\" content=\"1100\" \/>\n\t<meta property=\"og:image:type\" content=\"image\/png\" \/>\n<meta name=\"twitter:card\" content=\"summary_large_image\" \/>\n<meta name=\"twitter:label1\" content=\"Gesch\u00e4tzte Lesezeit\" \/>\n\t<meta name=\"twitter:data1\" content=\"1\u00a0Minute\" \/>\n<script type=\"application\/ld+json\" class=\"yoast-schema-graph\">{\"@context\":\"https:\\\/\\\/schema.org\",\"@graph\":[{\"@type\":[\"WebPage\",\"ItemPage\"],\"@id\":\"https:\\\/\\\/www.purejewels.com\\\/product\\\/22ct-gold-daisy-earrings-33556\\\/\",\"url\":\"https:\\\/\\\/www.purejewels.com\\\/product\\\/22ct-gold-daisy-earrings-33556\\\/\",\"name\":\"Flower shape earring in 22ct Gold. PureJewels London\",\"isPartOf\":{\"@id\":\"https:\\\/\\\/www.purejewels.com\\\/#website\"},\"primaryImageOfPage\":{\"@id\":\"https:\\\/\\\/www.purejewels.com\\\/product\\\/22ct-gold-daisy-earrings-33556\\\/#primaryimage\"},\"image\":{\"@id\":\"https:\\\/\\\/www.purejewels.com\\\/product\\\/22ct-gold-daisy-earrings-33556\\\/#primaryimage\"},\"thumbnailUrl\":\"https:\\\/\\\/static.purejewels.com\\\/wp-content\\\/uploads\\\/2017\\\/07\\\/earrings_21405_1100px.png\",\"datePublished\":\"2024-05-09T06:56:02+00:00\",\"dateModified\":\"2026-01-06T06:59:05+00:00\",\"description\":\"This beautiful flower-shaped gold earring is made from 22ct gold and is perfect for everyday use and gifting. Order online for free delivery in the UK.\",\"breadcrumb\":{\"@id\":\"https:\\\/\\\/www.purejewels.com\\\/product\\\/22ct-gold-daisy-earrings-33556\\\/#breadcrumb\"},\"inLanguage\":\"de\",\"potentialAction\":[{\"@type\":\"ReadAction\",\"target\":[\"https:\\\/\\\/www.purejewels.com\\\/product\\\/22ct-gold-daisy-earrings-33556\\\/\"]}]},{\"@type\":\"ImageObject\",\"inLanguage\":\"de\",\"@id\":\"https:\\\/\\\/www.purejewels.com\\\/product\\\/22ct-gold-daisy-earrings-33556\\\/#primaryimage\",\"url\":\"https:\\\/\\\/static.purejewels.com\\\/wp-content\\\/uploads\\\/2017\\\/07\\\/earrings_21405_1100px.png\",\"contentUrl\":\"https:\\\/\\\/static.purejewels.com\\\/wp-content\\\/uploads\\\/2017\\\/07\\\/earrings_21405_1100px.png\",\"width\":1100,\"height\":1100,\"caption\":\"22ct Gold earrings 30090\"},{\"@type\":\"BreadcrumbList\",\"@id\":\"https:\\\/\\\/www.purejewels.com\\\/product\\\/22ct-gold-daisy-earrings-33556\\\/#breadcrumb\",\"itemListElement\":[{\"@type\":\"ListItem\",\"position\":1,\"name\":\"Home\",\"item\":\"https:\\\/\\\/www.purejewels.com\\\/\"},{\"@type\":\"ListItem\",\"position\":2,\"name\":\"Shop\",\"item\":\"https:\\\/\\\/www.purejewels.com\\\/shop\\\/\"},{\"@type\":\"ListItem\",\"position\":3,\"name\":\"22ct Gold Daisy Earrings\"}]},{\"@type\":\"WebSite\",\"@id\":\"https:\\\/\\\/www.purejewels.com\\\/#website\",\"url\":\"https:\\\/\\\/www.purejewels.com\\\/\",\"name\":\"PureJewels UK\",\"description\":\"Share the Love\",\"publisher\":{\"@id\":\"https:\\\/\\\/www.purejewels.com\\\/#organization\"},\"potentialAction\":[{\"@type\":\"SearchAction\",\"target\":{\"@type\":\"EntryPoint\",\"urlTemplate\":\"https:\\\/\\\/www.purejewels.com\\\/?s={search_term_string}\"},\"query-input\":{\"@type\":\"PropertyValueSpecification\",\"valueRequired\":true,\"valueName\":\"search_term_string\"}}],\"inLanguage\":\"de\"},{\"@type\":\"Organization\",\"@id\":\"https:\\\/\\\/www.purejewels.com\\\/#organization\",\"name\":\"PureJewels UK\",\"url\":\"https:\\\/\\\/www.purejewels.com\\\/\",\"logo\":{\"@type\":\"ImageObject\",\"inLanguage\":\"de\",\"@id\":\"https:\\\/\\\/www.purejewels.com\\\/#\\\/schema\\\/logo\\\/image\\\/\",\"url\":\"https:\\\/\\\/static.purejewels.com\\\/wp-content\\\/uploads\\\/2020\\\/11\\\/Logo-PJ-New-1.png\",\"contentUrl\":\"https:\\\/\\\/static.purejewels.com\\\/wp-content\\\/uploads\\\/2020\\\/11\\\/Logo-PJ-New-1.png\",\"width\":150,\"height\":80,\"caption\":\"PureJewels UK\"},\"image\":{\"@id\":\"https:\\\/\\\/www.purejewels.com\\\/#\\\/schema\\\/logo\\\/image\\\/\"}}]}<\/script>\n<!-- \/ Yoast SEO plugin. -->","yoast_head_json":{"title":"Blumenf\u00f6rmiger Ohrring aus 22 Karat Gold. PureJewels London","description":"Dieser sch\u00f6ne blumenf\u00f6rmige Goldohrring ist aus 22 Karat Gold gefertigt und eignet sich perfekt f\u00fcr den t\u00e4glichen Gebrauch und zum Verschenken. Bestellen Sie online und erhalten Sie eine kostenlose Lieferung in Gro\u00dfbritannien.","robots":{"index":"index","follow":"follow","max-snippet":"max-snippet:-1","max-image-preview":"max-image-preview:large","max-video-preview":"max-video-preview:-1"},"canonical":"https:\/\/www.purejewels.com\/de\/produkt-2\/ganseblumchen-ohrringe-aus-22-karat-gold-33556\/","og_locale":"de_DE","og_type":"article","og_title":"Flower shape earring in 22ct Gold. PureJewels London","og_description":"This beautiful flower-shaped gold earring is made from 22ct gold and is perfect for everyday use and gifting. Order online for free delivery in the UK.","og_url":"https:\/\/www.purejewels.com\/de\/produkt-2\/ganseblumchen-ohrringe-aus-22-karat-gold-33556\/","og_site_name":"PureJewels UK","article_modified_time":"2026-01-06T06:59:05+00:00","og_image":[{"width":1100,"height":1100,"url":"https:\/\/www.purejewels.com\/wp-content\/uploads\/2017\/07\/earrings_21405_1100px.png","type":"image\/png"}],"twitter_card":"summary_large_image","twitter_misc":{"Gesch\u00e4tzte Lesezeit":"1\u00a0Minute"},"schema":{"@context":"https:\/\/schema.org","@graph":[{"@type":["WebPage","ItemPage"],"@id":"https:\/\/www.purejewels.com\/product\/22ct-gold-daisy-earrings-33556\/","url":"https:\/\/www.purejewels.com\/product\/22ct-gold-daisy-earrings-33556\/","name":"Blumenf\u00f6rmiger Ohrring aus 22 Karat Gold. PureJewels London","isPartOf":{"@id":"https:\/\/www.purejewels.com\/#website"},"primaryImageOfPage":{"@id":"https:\/\/www.purejewels.com\/product\/22ct-gold-daisy-earrings-33556\/#primaryimage"},"image":{"@id":"https:\/\/www.purejewels.com\/product\/22ct-gold-daisy-earrings-33556\/#primaryimage"},"thumbnailUrl":"https:\/\/static.purejewels.com\/wp-content\/uploads\/2017\/07\/earrings_21405_1100px.png","datePublished":"2024-05-09T06:56:02+00:00","dateModified":"2026-01-06T06:59:05+00:00","description":"Dieser sch\u00f6ne blumenf\u00f6rmige Goldohrring ist aus 22 Karat Gold gefertigt und eignet sich perfekt f\u00fcr den t\u00e4glichen Gebrauch und zum Verschenken. Bestellen Sie online und erhalten Sie eine kostenlose Lieferung in Gro\u00dfbritannien.","breadcrumb":{"@id":"https:\/\/www.purejewels.com\/product\/22ct-gold-daisy-earrings-33556\/#breadcrumb"},"inLanguage":"de","potentialAction":[{"@type":"ReadAction","target":["https:\/\/www.purejewels.com\/product\/22ct-gold-daisy-earrings-33556\/"]}]},{"@type":"ImageObject","inLanguage":"de","@id":"https:\/\/www.purejewels.com\/product\/22ct-gold-daisy-earrings-33556\/#primaryimage","url":"https:\/\/static.purejewels.com\/wp-content\/uploads\/2017\/07\/earrings_21405_1100px.png","contentUrl":"https:\/\/static.purejewels.com\/wp-content\/uploads\/2017\/07\/earrings_21405_1100px.png","width":1100,"height":1100,"caption":"22ct Gold earrings 30090"},{"@type":"BreadcrumbList","@id":"https:\/\/www.purejewels.com\/product\/22ct-gold-daisy-earrings-33556\/#breadcrumb","itemListElement":[{"@type":"ListItem","position":1,"name":"Home","item":"https:\/\/www.purejewels.com\/"},{"@type":"ListItem","position":2,"name":"Shop","item":"https:\/\/www.purejewels.com\/shop\/"},{"@type":"ListItem","position":3,"name":"22ct Gold Daisy Earrings"}]},{"@type":"WebSite","@id":"https:\/\/www.purejewels.com\/#website","url":"https:\/\/www.purejewels.com\/","name":"PureJewels UK","description":"Teile die Liebe","publisher":{"@id":"https:\/\/www.purejewels.com\/#organization"},"potentialAction":[{"@type":"SearchAction","target":{"@type":"EntryPoint","urlTemplate":"https:\/\/www.purejewels.com\/?s={search_term_string}"},"query-input":{"@type":"PropertyValueSpecification","valueRequired":true,"valueName":"search_term_string"}}],"inLanguage":"de"},{"@type":"Organization","@id":"https:\/\/www.purejewels.com\/#organization","name":"PureJewels UK","url":"https:\/\/www.purejewels.com\/","logo":{"@type":"ImageObject","inLanguage":"de","@id":"https:\/\/www.purejewels.com\/#\/schema\/logo\/image\/","url":"https:\/\/static.purejewels.com\/wp-content\/uploads\/2020\/11\/Logo-PJ-New-1.png","contentUrl":"https:\/\/static.purejewels.com\/wp-content\/uploads\/2020\/11\/Logo-PJ-New-1.png","width":150,"height":80,"caption":"PureJewels UK"},"image":{"@id":"https:\/\/www.purejewels.com\/#\/schema\/logo\/image\/"}}]}},"_links":{"self":[{"href":"https:\/\/www.purejewels.com\/de\/wp-json\/wp\/v2\/product\/322544","targetHints":{"allow":["GET"]}}],"collection":[{"href":"https:\/\/www.purejewels.com\/de\/wp-json\/wp\/v2\/product"}],"about":[{"href":"https:\/\/www.purejewels.com\/de\/wp-json\/wp\/v2\/types\/product"}],"replies":[{"embeddable":true,"href":"https:\/\/www.purejewels.com\/de\/wp-json\/wp\/v2\/comments?post=322544"}],"version-history":[{"count":2,"href":"https:\/\/www.purejewels.com\/de\/wp-json\/wp\/v2\/product\/322544\/revisions"}],"predecessor-version":[{"id":420707,"href":"https:\/\/www.purejewels.com\/de\/wp-json\/wp\/v2\/product\/322544\/revisions\/420707"}],"wp:featuredmedia":[{"embeddable":true,"href":"https:\/\/www.purejewels.com\/de\/wp-json\/wp\/v2\/media\/3807"}],"wp:attachment":[{"href":"https:\/\/www.purejewels.com\/de\/wp-json\/wp\/v2\/media?parent=322544"}],"wp:term":[{"taxonomy":"product_brand","embeddable":true,"href":"https:\/\/www.purejewels.com\/de\/wp-json\/wp\/v2\/product_brand?post=322544"},{"taxonomy":"product_cat","embeddable":true,"href":"https:\/\/www.purejewels.com\/de\/wp-json\/wp\/v2\/product_cat?post=322544"},{"taxonomy":"product_tag","embeddable":true,"href":"https:\/\/www.purejewels.com\/de\/wp-json\/wp\/v2\/product_tag?post=322544"}],"curies":[{"name":"wp","href":"https:\/\/api.w.org\/{rel}","templated":true}]}}