{"id":322606,"date":"2021-02-26T11:18:55","date_gmt":"2021-02-26T11:18:55","guid":{"rendered":"https:\/\/www.purejewels.com\/?post_type=product&#038;p=322606"},"modified":"2025-08-05T08:49:09","modified_gmt":"2025-08-05T07:49:09","slug":"22ct-gold-spiga-kette-33645","status":"publish","type":"product","link":"https:\/\/www.purejewels.com\/de\/product\/22ct-gold-spiga-chain-33645\/","title":{"rendered":"22ct Gold | Spiga Kette | 22 Zoll | 1,6mm dick"},"content":{"rendered":"<h3><b>Inspiration<\/b><\/h3>\n<p><span style=\"font-weight: 400;\">Die Spiga-Goldkette ist im Volksmund auch als Weizenkette bekannt. Diese aufwendig gewebten <a href=\"https:\/\/www.purejewels.com\/de\/product-category\/22ct-gold-jewellery\/gold-chains\/\">Ketten<\/a> sind nicht sehr h\u00e4ufig zu finden und k\u00f6nnen nur von den erfahrensten Karigars hergestellt werden. Sie sind sehr vielseitig und lassen sich daher leicht mit fast allem kombinieren, was man tr\u00e4gt, und sind sowohl f\u00fcr M\u00e4nner als auch f\u00fcr Frauen gedacht.<\/span><\/p>\n<h3><b>Gestaltung<\/b><\/h3>\n<p><span style=\"font-weight: 400;\">Diese goldene Spiga-Kette von Purejewels hat ein kompliziertes Design und einen eleganten Look. Sie wird von Hand gefertigt, indem vier Glieder aus verdrehten ovalen Ketten miteinander verbunden werden. <a href=\"https:\/\/www.purejewels.com\/de\/product-category\/22ct-gold-jewellery\/gold-rings\/\">Ringe<\/a>. Die Glieder sind mit \u00e4u\u00dferster Pr\u00e4zision miteinander verwoben, um die elegante Struktur, die Silhouette und den geflochtenen Look zu erreichen. Diese 22 Zentimeter lange Spiga-Kette wurde aus 22-kar\u00e4tigem Gold gefertigt und sitzt mit einer zarten Dicke von 1,6 Millimetern und einem Gewicht von etwa 10,9 Gramm wundersch\u00f6n an Ihrem Hals.<\/span><\/p>\n<p>&nbsp;<\/p>\n<h3><b>Stil<\/b><\/h3>\n<p><span style=\"font-weight: 400;\">Unsere Spiga-Goldkette braucht keinen Anh\u00e4nger oder andere Ketten, um sie zu tragen, denn sie hat einen kraftvollen Look, der f\u00fcr sich allein stehen kann und nichts anderes braucht, um zu gl\u00e4nzen. Sie passt perfekt zu Rollkragenpullovern, Blazern, hochgeschlossenen Wollpullovern und sogar zu indischer Kleidung wie Sarees und Kurtas, denn sie ist so vielseitig, zart und einfach zu stylen.<\/span><\/p>","protected":false},"excerpt":{"rendered":"<div class=\"woocommerce-product-details__short-description\">\n<ul>\n<li>22ct Gold Spiga Kette<\/li>\n<li>Wt: 10.9 gms<\/li>\n<li>L\u00e4nge: 22 Zoll<\/li>\n<li>Dicke 1,6 mm<\/li>\n<li>SKU. 33645<\/li>\n<li>Dies ist eine solide Kette<\/li>\n<li>Alle Preise inklusive Mehrwertsteuer<\/li>\n<li>22ct Gold gestempelt von London Assay Office<\/li>\n<li>Mit Pr\u00e4sentationsbox<\/li>\n<li>Lieferung inbegriffen<\/li>\n<li>Kontaktieren Sie uns \/ Live Chat mit uns F\u00fcr ein Video von Jewellery Collection<\/li>\n<\/ul>\n<\/div>\n<div class=\"btn-atc atc-slide\"><\/div>\n<div class=\"product_meta\"><\/div>","protected":false},"featured_media":327527,"comment_status":"closed","ping_status":"closed","template":"","meta":{"_eb_attr":"","_crsspst_to_jayantr4sg-hostcom":false},"product_brand":[],"product_cat":[5019,5016,1791,1559,1571,1475,1773,1572,1774,1570,1574],"product_tag":[3990,65],"class_list":{"0":"post-322606","1":"product","2":"type-product","3":"status-publish","4":"has-post-thumbnail","6":"product_cat-22-inch-mens-chain","7":"product_cat-22-inch-ladies-chain","8":"product_cat-anniversary-gifts","9":"product_cat-birthday-gifts","10":"product_cat-fathers-day-gifts","11":"product_cat-gold-chains","12":"product_cat-ladies-chains","13":"product_cat-mens-jewellery","14":"product_cat-mens-chains","15":"product_cat-mothers-day-gifts","16":"product_cat-womens-jewellery","17":"product_tag-22-carat-gold-chain","18":"product_tag-chains","20":"first","21":"onbackorder","22":"taxable","23":"shipping-taxable","24":"product-type-simple","25":"add-to-wishlist-before_image"},"yoast_head":"<!-- This site is optimized with the Yoast SEO plugin v27.3 - https:\/\/yoast.com\/product\/yoast-seo-wordpress\/ -->\n<title>Shop this divine 22ct Gold Foxtail Chain at PureJewels UK.<\/title>\n<meta name=\"description\" content=\"Shop the charming 22ct Gold Foxtail chain in the UK. Designed to match your lifestyle. Fast delivery &amp; easy returns.\" \/>\n<meta name=\"robots\" content=\"index, follow, max-snippet:-1, max-image-preview:large, max-video-preview:-1\" \/>\n<link rel=\"canonical\" href=\"https:\/\/www.purejewels.com\/de\/produkt-2\/22ct-gold-spiga-kette-33645\/\" \/>\n<meta property=\"og:locale\" content=\"de_DE\" \/>\n<meta property=\"og:type\" content=\"article\" \/>\n<meta property=\"og:title\" content=\"Shop this divine 22ct Gold Foxtail Chain at PureJewels UK.\" \/>\n<meta property=\"og:description\" content=\"Shop the charming 22ct Gold Foxtail chain in the UK. Designed to match your lifestyle. Fast delivery &amp; easy returns.\" \/>\n<meta property=\"og:url\" content=\"https:\/\/www.purejewels.com\/de\/produkt-2\/22ct-gold-spiga-kette-33645\/\" \/>\n<meta property=\"og:site_name\" content=\"PureJewels UK\" \/>\n<meta property=\"article:modified_time\" content=\"2025-08-05T07:49:09+00:00\" \/>\n<meta property=\"og:image\" content=\"https:\/\/www.purejewels.com\/wp-content\/uploads\/2020\/02\/31814-1.jpg\" \/>\n\t<meta property=\"og:image:width\" content=\"1000\" \/>\n\t<meta property=\"og:image:height\" content=\"1000\" \/>\n\t<meta property=\"og:image:type\" content=\"image\/jpeg\" \/>\n<meta name=\"twitter:card\" content=\"summary_large_image\" \/>\n<meta name=\"twitter:label1\" content=\"Gesch\u00e4tzte Lesezeit\" \/>\n\t<meta name=\"twitter:data1\" content=\"1\u00a0Minute\" \/>\n<script type=\"application\/ld+json\" class=\"yoast-schema-graph\">{\"@context\":\"https:\\\/\\\/schema.org\",\"@graph\":[{\"@type\":[\"WebPage\",\"ItemPage\"],\"@id\":\"https:\\\/\\\/www.purejewels.com\\\/product\\\/22ct-gold-spiga-chain-33645\\\/\",\"url\":\"https:\\\/\\\/www.purejewels.com\\\/product\\\/22ct-gold-spiga-chain-33645\\\/\",\"name\":\"Shop this divine 22ct Gold Foxtail Chain at PureJewels UK.\",\"isPartOf\":{\"@id\":\"https:\\\/\\\/www.purejewels.com\\\/#website\"},\"primaryImageOfPage\":{\"@id\":\"https:\\\/\\\/www.purejewels.com\\\/product\\\/22ct-gold-spiga-chain-33645\\\/#primaryimage\"},\"image\":{\"@id\":\"https:\\\/\\\/www.purejewels.com\\\/product\\\/22ct-gold-spiga-chain-33645\\\/#primaryimage\"},\"thumbnailUrl\":\"https:\\\/\\\/static.purejewels.com\\\/wp-content\\\/uploads\\\/2020\\\/02\\\/31814-1.jpg\",\"datePublished\":\"2021-02-26T11:18:55+00:00\",\"dateModified\":\"2025-08-05T07:49:09+00:00\",\"description\":\"Shop the charming 22ct Gold Foxtail chain in the UK. Designed to match your lifestyle. Fast delivery & easy returns.\",\"breadcrumb\":{\"@id\":\"https:\\\/\\\/www.purejewels.com\\\/product\\\/22ct-gold-spiga-chain-33645\\\/#breadcrumb\"},\"inLanguage\":\"de\",\"potentialAction\":[{\"@type\":\"ReadAction\",\"target\":[\"https:\\\/\\\/www.purejewels.com\\\/product\\\/22ct-gold-spiga-chain-33645\\\/\"]}]},{\"@type\":\"ImageObject\",\"inLanguage\":\"de\",\"@id\":\"https:\\\/\\\/www.purejewels.com\\\/product\\\/22ct-gold-spiga-chain-33645\\\/#primaryimage\",\"url\":\"https:\\\/\\\/static.purejewels.com\\\/wp-content\\\/uploads\\\/2020\\\/02\\\/31814-1.jpg\",\"contentUrl\":\"https:\\\/\\\/static.purejewels.com\\\/wp-content\\\/uploads\\\/2020\\\/02\\\/31814-1.jpg\",\"width\":1000,\"height\":1000,\"caption\":\"22ct Gold Spiga Chain 31814-1\"},{\"@type\":\"BreadcrumbList\",\"@id\":\"https:\\\/\\\/www.purejewels.com\\\/product\\\/22ct-gold-spiga-chain-33645\\\/#breadcrumb\",\"itemListElement\":[{\"@type\":\"ListItem\",\"position\":1,\"name\":\"Home\",\"item\":\"https:\\\/\\\/www.purejewels.com\\\/\"},{\"@type\":\"ListItem\",\"position\":2,\"name\":\"Shop\",\"item\":\"https:\\\/\\\/www.purejewels.com\\\/shop\\\/\"},{\"@type\":\"ListItem\",\"position\":3,\"name\":\"22ct Gold | Spiga Chain | 22 Inches | 1.6mm Thick\"}]},{\"@type\":\"WebSite\",\"@id\":\"https:\\\/\\\/www.purejewels.com\\\/#website\",\"url\":\"https:\\\/\\\/www.purejewels.com\\\/\",\"name\":\"PureJewels UK\",\"description\":\"Share the Love\",\"publisher\":{\"@id\":\"https:\\\/\\\/www.purejewels.com\\\/#organization\"},\"potentialAction\":[{\"@type\":\"SearchAction\",\"target\":{\"@type\":\"EntryPoint\",\"urlTemplate\":\"https:\\\/\\\/www.purejewels.com\\\/?s={search_term_string}\"},\"query-input\":{\"@type\":\"PropertyValueSpecification\",\"valueRequired\":true,\"valueName\":\"search_term_string\"}}],\"inLanguage\":\"de\"},{\"@type\":\"Organization\",\"@id\":\"https:\\\/\\\/www.purejewels.com\\\/#organization\",\"name\":\"PureJewels UK\",\"url\":\"https:\\\/\\\/www.purejewels.com\\\/\",\"logo\":{\"@type\":\"ImageObject\",\"inLanguage\":\"de\",\"@id\":\"https:\\\/\\\/www.purejewels.com\\\/#\\\/schema\\\/logo\\\/image\\\/\",\"url\":\"https:\\\/\\\/static.purejewels.com\\\/wp-content\\\/uploads\\\/2020\\\/11\\\/Logo-PJ-New-1.png\",\"contentUrl\":\"https:\\\/\\\/static.purejewels.com\\\/wp-content\\\/uploads\\\/2020\\\/11\\\/Logo-PJ-New-1.png\",\"width\":150,\"height\":80,\"caption\":\"PureJewels UK\"},\"image\":{\"@id\":\"https:\\\/\\\/www.purejewels.com\\\/#\\\/schema\\\/logo\\\/image\\\/\"}}]}<\/script>\n<!-- \/ Yoast SEO plugin. -->","yoast_head_json":{"title":"Kaufen Sie diese g\u00f6ttliche 22ct Gold Fuchsschwanz Kette bei PureJewels UK.","description":"Kaufen Sie die bezaubernde 22ct Gold Foxtail Kette in Gro\u00dfbritannien. Passend zu Ihrem Lebensstil. Schnelle Lieferung und einfache R\u00fcckgabe.","robots":{"index":"index","follow":"follow","max-snippet":"max-snippet:-1","max-image-preview":"max-image-preview:large","max-video-preview":"max-video-preview:-1"},"canonical":"https:\/\/www.purejewels.com\/de\/produkt-2\/22ct-gold-spiga-kette-33645\/","og_locale":"de_DE","og_type":"article","og_title":"Shop this divine 22ct Gold Foxtail Chain at PureJewels UK.","og_description":"Shop the charming 22ct Gold Foxtail chain in the UK. Designed to match your lifestyle. Fast delivery & easy returns.","og_url":"https:\/\/www.purejewels.com\/de\/produkt-2\/22ct-gold-spiga-kette-33645\/","og_site_name":"PureJewels UK","article_modified_time":"2025-08-05T07:49:09+00:00","og_image":[{"width":1000,"height":1000,"url":"https:\/\/www.purejewels.com\/wp-content\/uploads\/2020\/02\/31814-1.jpg","type":"image\/jpeg"}],"twitter_card":"summary_large_image","twitter_misc":{"Gesch\u00e4tzte Lesezeit":"1\u00a0Minute"},"schema":{"@context":"https:\/\/schema.org","@graph":[{"@type":["WebPage","ItemPage"],"@id":"https:\/\/www.purejewels.com\/product\/22ct-gold-spiga-chain-33645\/","url":"https:\/\/www.purejewels.com\/product\/22ct-gold-spiga-chain-33645\/","name":"Kaufen Sie diese g\u00f6ttliche 22ct Gold Fuchsschwanz Kette bei PureJewels UK.","isPartOf":{"@id":"https:\/\/www.purejewels.com\/#website"},"primaryImageOfPage":{"@id":"https:\/\/www.purejewels.com\/product\/22ct-gold-spiga-chain-33645\/#primaryimage"},"image":{"@id":"https:\/\/www.purejewels.com\/product\/22ct-gold-spiga-chain-33645\/#primaryimage"},"thumbnailUrl":"https:\/\/static.purejewels.com\/wp-content\/uploads\/2020\/02\/31814-1.jpg","datePublished":"2021-02-26T11:18:55+00:00","dateModified":"2025-08-05T07:49:09+00:00","description":"Kaufen Sie die bezaubernde 22ct Gold Foxtail Kette in Gro\u00dfbritannien. Passend zu Ihrem Lebensstil. Schnelle Lieferung und einfache R\u00fcckgabe.","breadcrumb":{"@id":"https:\/\/www.purejewels.com\/product\/22ct-gold-spiga-chain-33645\/#breadcrumb"},"inLanguage":"de","potentialAction":[{"@type":"ReadAction","target":["https:\/\/www.purejewels.com\/product\/22ct-gold-spiga-chain-33645\/"]}]},{"@type":"ImageObject","inLanguage":"de","@id":"https:\/\/www.purejewels.com\/product\/22ct-gold-spiga-chain-33645\/#primaryimage","url":"https:\/\/static.purejewels.com\/wp-content\/uploads\/2020\/02\/31814-1.jpg","contentUrl":"https:\/\/static.purejewels.com\/wp-content\/uploads\/2020\/02\/31814-1.jpg","width":1000,"height":1000,"caption":"22ct Gold Spiga Chain 31814-1"},{"@type":"BreadcrumbList","@id":"https:\/\/www.purejewels.com\/product\/22ct-gold-spiga-chain-33645\/#breadcrumb","itemListElement":[{"@type":"ListItem","position":1,"name":"Home","item":"https:\/\/www.purejewels.com\/"},{"@type":"ListItem","position":2,"name":"Shop","item":"https:\/\/www.purejewels.com\/shop\/"},{"@type":"ListItem","position":3,"name":"22ct Gold | Spiga Chain | 22 Inches | 1.6mm Thick"}]},{"@type":"WebSite","@id":"https:\/\/www.purejewels.com\/#website","url":"https:\/\/www.purejewels.com\/","name":"PureJewels UK","description":"Teile die Liebe","publisher":{"@id":"https:\/\/www.purejewels.com\/#organization"},"potentialAction":[{"@type":"SearchAction","target":{"@type":"EntryPoint","urlTemplate":"https:\/\/www.purejewels.com\/?s={search_term_string}"},"query-input":{"@type":"PropertyValueSpecification","valueRequired":true,"valueName":"search_term_string"}}],"inLanguage":"de"},{"@type":"Organization","@id":"https:\/\/www.purejewels.com\/#organization","name":"PureJewels UK","url":"https:\/\/www.purejewels.com\/","logo":{"@type":"ImageObject","inLanguage":"de","@id":"https:\/\/www.purejewels.com\/#\/schema\/logo\/image\/","url":"https:\/\/static.purejewels.com\/wp-content\/uploads\/2020\/11\/Logo-PJ-New-1.png","contentUrl":"https:\/\/static.purejewels.com\/wp-content\/uploads\/2020\/11\/Logo-PJ-New-1.png","width":150,"height":80,"caption":"PureJewels UK"},"image":{"@id":"https:\/\/www.purejewels.com\/#\/schema\/logo\/image\/"}}]}},"_links":{"self":[{"href":"https:\/\/www.purejewels.com\/de\/wp-json\/wp\/v2\/product\/322606","targetHints":{"allow":["GET"]}}],"collection":[{"href":"https:\/\/www.purejewels.com\/de\/wp-json\/wp\/v2\/product"}],"about":[{"href":"https:\/\/www.purejewels.com\/de\/wp-json\/wp\/v2\/types\/product"}],"replies":[{"embeddable":true,"href":"https:\/\/www.purejewels.com\/de\/wp-json\/wp\/v2\/comments?post=322606"}],"version-history":[{"count":2,"href":"https:\/\/www.purejewels.com\/de\/wp-json\/wp\/v2\/product\/322606\/revisions"}],"predecessor-version":[{"id":370864,"href":"https:\/\/www.purejewels.com\/de\/wp-json\/wp\/v2\/product\/322606\/revisions\/370864"}],"wp:featuredmedia":[{"embeddable":true,"href":"https:\/\/www.purejewels.com\/de\/wp-json\/wp\/v2\/media\/327527"}],"wp:attachment":[{"href":"https:\/\/www.purejewels.com\/de\/wp-json\/wp\/v2\/media?parent=322606"}],"wp:term":[{"taxonomy":"product_brand","embeddable":true,"href":"https:\/\/www.purejewels.com\/de\/wp-json\/wp\/v2\/product_brand?post=322606"},{"taxonomy":"product_cat","embeddable":true,"href":"https:\/\/www.purejewels.com\/de\/wp-json\/wp\/v2\/product_cat?post=322606"},{"taxonomy":"product_tag","embeddable":true,"href":"https:\/\/www.purejewels.com\/de\/wp-json\/wp\/v2\/product_tag?post=322606"}],"curies":[{"name":"wp","href":"https:\/\/api.w.org\/{rel}","templated":true}]}}