{"id":322656,"date":"2021-03-03T09:53:56","date_gmt":"2021-03-03T09:53:56","guid":{"rendered":"https:\/\/www.purejewels.com\/?post_type=product&#038;p=322656"},"modified":"2026-01-06T08:08:53","modified_gmt":"2026-01-06T08:08:53","slug":"quadratischer-anhanger-aus-22-karat-gold-33351","status":"publish","type":"product","link":"https:\/\/www.purejewels.com\/de\/product\/22ct-gold-square-pendant-33351\/","title":{"rendered":"22ct Gold Square Shaped Anh\u00e4nger"},"content":{"rendered":"<p><span data-sheets-root=\"1\">Diese exquisite 22ct Gold Square Shaped Anh\u00e4nger ist ein atemberaubendes St\u00fcck von PureJewels UK. Handgefertigt mit komplizierten Details, diese Jali Square Shaped Anh\u00e4nger wiegt 1,2 Gramm und ist von der London Assay Office f\u00fcr die Authentizit\u00e4t gestempelt.<\/p>\n<p>Der Anh\u00e4nger wird in einer sch\u00f6nen Pr\u00e4sentationsbox geliefert und ist somit das perfekte Geschenk f\u00fcr jeden Anlass. Bitte beachten Sie, dass die Kette nicht im Lieferumfang enthalten ist, aber alle Alphabete sind im Laden erh\u00e4ltlich, um Ihren Anh\u00e4nger individuell zu gestalten.<\/p>\n<p>Bei PureJewels UK bieten wir Ihnen eine kostenlose Lieferung, sichere Online-Zahlungen und eine 30-t\u00e4gige Geld-zur\u00fcck-Garantie f\u00fcr Ihren Seelenfrieden. Ob Sie ein Geschenk zum Jahrestag, Geburtstag oder ein besonderes Schmuckst\u00fcck f\u00fcr sich selbst oder einen geliebten Menschen suchen, dieser goldene quadratische Anh\u00e4nger ist eine zeitlose Wahl.<\/p>\n<p>F\u00fcr weitere Informationen, Verf\u00fcgbarkeit und zus\u00e4tzliche Bilder k\u00f6nnen Sie sich gerne live mit uns unterhalten. Lassen Sie sich dieses elegante und einzigartige St\u00fcck nicht entgehen, mit dem Sie sicher ein Zeichen setzen werden. Bestellen Sie es noch heute!<\/span><\/p>","protected":false},"excerpt":{"rendered":"<table class=\"sh_desc\">\n<tbody>\n<tr>\n<td>Typ des Anh\u00e4ngers<\/td>\n<td>Jali Square Shaped Anh\u00e4nger<\/td>\n<\/tr>\n<tr>\n<td>SKU<\/td>\n<td>44588<\/td>\n<\/tr>\n<tr>\n<td>Gewicht<\/td>\n<td>1.2 Gms<\/td>\n<\/tr>\n<tr>\n<td>Wahrzeichen<\/td>\n<td>22ct Gold gestempelt von London Assay Office<\/td>\n<\/tr>\n<tr>\n<td>Entgelte<\/td>\n<td>Lieferung und Mehrwertsteuer inbegriffen<\/td>\n<\/tr>\n<tr>\n<td>Verpackung<\/td>\n<td>Mit Pr\u00e4sentationsbox<\/td>\n<\/tr>\n<tr>\n<td>Mehr Informationen<\/td>\n<td>&nbsp;<\/p>\n<ul>\n<li>Alle Alphabete sind im Laden erh\u00e4ltlich<\/li>\n<li>Kette ist nicht enthalten<\/li>\n<li>Die auf dem Bild gezeigte Kette ist eine <strong>Box-Kette<\/strong><\/li>\n<li>Live-Chat mit uns f\u00fcr Verf\u00fcgbarkeit und mehr Bilder<\/li>\n<\/ul>\n<\/td>\n<\/tr>\n<\/tbody>\n<\/table>","protected":false},"featured_media":327612,"comment_status":"closed","ping_status":"closed","template":"","meta":{"_eb_attr":"","_crsspst_to_jayantr4sg-hostcom":true},"product_brand":[],"product_cat":[1791,1559,1576,1770,1255,5343,1769,1767],"product_tag":[],"class_list":{"0":"post-322656","1":"product","2":"type-product","3":"status-publish","4":"has-post-thumbnail","6":"product_cat-anniversary-gifts","7":"product_cat-birthday-gifts","8":"product_cat-childrens-jewellery","9":"product_cat-fancy-pendants","10":"product_cat-gold-pendants","11":"product_cat-jewellery-under-550","12":"product_cat-kids-pendants","13":"product_cat-ladies-pendants","15":"first","16":"outofstock","17":"taxable","18":"shipping-taxable","19":"product-type-simple","20":"add-to-wishlist-before_image"},"yoast_head":"<!-- This site is optimized with the Yoast SEO plugin v27.3 - https:\/\/yoast.com\/product\/yoast-seo-wordpress\/ -->\n<title>22ct Gold Square Shaped Pendant - PureJewels UK<\/title>\n<meta name=\"robots\" content=\"index, follow, max-snippet:-1, max-image-preview:large, max-video-preview:-1\" \/>\n<link rel=\"canonical\" href=\"https:\/\/www.purejewels.com\/de\/produkt-2\/quadratischer-anhanger-aus-22-karat-gold-33351\/\" \/>\n<meta property=\"og:locale\" content=\"de_DE\" \/>\n<meta property=\"og:type\" content=\"article\" \/>\n<meta property=\"og:title\" content=\"22ct Gold Square Shaped Pendant - PureJewels UK\" \/>\n<meta property=\"og:description\" content=\"Type Of Pendant Jali Square Shaped Pendant   SKU 44588   Weight 1.2 Gms   Hallmark 22ct Gold Hallmarked by London Assay Office   Charges Delivery\u00a0and\u00a0VAT\u00a0Included   Packaging Comes\u00a0With\u00a0Presentation\u00a0Box   More\u00a0Information &nbsp;   All Alphabets are available in store  Chain is not included  The chain shown in the picture is a Box Chain  Live chat with us for availability and more images\" \/>\n<meta property=\"og:url\" content=\"https:\/\/www.purejewels.com\/de\/produkt-2\/quadratischer-anhanger-aus-22-karat-gold-33351\/\" \/>\n<meta property=\"og:site_name\" content=\"PureJewels UK\" \/>\n<meta property=\"article:modified_time\" content=\"2026-01-06T08:08:53+00:00\" \/>\n<meta property=\"og:image\" content=\"https:\/\/www.purejewels.com\/wp-content\/uploads\/2021\/03\/33351-1-1.jpg\" \/>\n\t<meta property=\"og:image:width\" content=\"1000\" \/>\n\t<meta property=\"og:image:height\" content=\"1000\" \/>\n\t<meta property=\"og:image:type\" content=\"image\/jpeg\" \/>\n<meta name=\"twitter:card\" content=\"summary_large_image\" \/>\n<meta name=\"twitter:label1\" content=\"Gesch\u00e4tzte Lesezeit\" \/>\n\t<meta name=\"twitter:data1\" content=\"1\u00a0Minute\" \/>\n<script type=\"application\/ld+json\" class=\"yoast-schema-graph\">{\"@context\":\"https:\\\/\\\/schema.org\",\"@graph\":[{\"@type\":[\"WebPage\",\"ItemPage\"],\"@id\":\"https:\\\/\\\/www.purejewels.com\\\/product\\\/22ct-gold-square-pendant-33351\\\/\",\"url\":\"https:\\\/\\\/www.purejewels.com\\\/product\\\/22ct-gold-square-pendant-33351\\\/\",\"name\":\"22ct Gold Square Shaped Pendant - PureJewels UK\",\"isPartOf\":{\"@id\":\"https:\\\/\\\/www.purejewels.com\\\/#website\"},\"primaryImageOfPage\":{\"@id\":\"https:\\\/\\\/www.purejewels.com\\\/product\\\/22ct-gold-square-pendant-33351\\\/#primaryimage\"},\"image\":{\"@id\":\"https:\\\/\\\/www.purejewels.com\\\/product\\\/22ct-gold-square-pendant-33351\\\/#primaryimage\"},\"thumbnailUrl\":\"https:\\\/\\\/static.purejewels.com\\\/wp-content\\\/uploads\\\/2021\\\/03\\\/33351-1-1.jpg\",\"datePublished\":\"2021-03-03T09:53:56+00:00\",\"dateModified\":\"2026-01-06T08:08:53+00:00\",\"breadcrumb\":{\"@id\":\"https:\\\/\\\/www.purejewels.com\\\/product\\\/22ct-gold-square-pendant-33351\\\/#breadcrumb\"},\"inLanguage\":\"de\",\"potentialAction\":[{\"@type\":\"ReadAction\",\"target\":[\"https:\\\/\\\/www.purejewels.com\\\/product\\\/22ct-gold-square-pendant-33351\\\/\"]}]},{\"@type\":\"ImageObject\",\"inLanguage\":\"de\",\"@id\":\"https:\\\/\\\/www.purejewels.com\\\/product\\\/22ct-gold-square-pendant-33351\\\/#primaryimage\",\"url\":\"https:\\\/\\\/static.purejewels.com\\\/wp-content\\\/uploads\\\/2021\\\/03\\\/33351-1-1.jpg\",\"contentUrl\":\"https:\\\/\\\/static.purejewels.com\\\/wp-content\\\/uploads\\\/2021\\\/03\\\/33351-1-1.jpg\",\"width\":1000,\"height\":1000,\"caption\":\"22ct Gold Pendant 33351-1\"},{\"@type\":\"BreadcrumbList\",\"@id\":\"https:\\\/\\\/www.purejewels.com\\\/product\\\/22ct-gold-square-pendant-33351\\\/#breadcrumb\",\"itemListElement\":[{\"@type\":\"ListItem\",\"position\":1,\"name\":\"Home\",\"item\":\"https:\\\/\\\/www.purejewels.com\\\/\"},{\"@type\":\"ListItem\",\"position\":2,\"name\":\"Shop\",\"item\":\"https:\\\/\\\/www.purejewels.com\\\/shop\\\/\"},{\"@type\":\"ListItem\",\"position\":3,\"name\":\"22ct Gold Square Shaped Pendant\"}]},{\"@type\":\"WebSite\",\"@id\":\"https:\\\/\\\/www.purejewels.com\\\/#website\",\"url\":\"https:\\\/\\\/www.purejewels.com\\\/\",\"name\":\"PureJewels UK\",\"description\":\"Share the Love\",\"publisher\":{\"@id\":\"https:\\\/\\\/www.purejewels.com\\\/#organization\"},\"potentialAction\":[{\"@type\":\"SearchAction\",\"target\":{\"@type\":\"EntryPoint\",\"urlTemplate\":\"https:\\\/\\\/www.purejewels.com\\\/?s={search_term_string}\"},\"query-input\":{\"@type\":\"PropertyValueSpecification\",\"valueRequired\":true,\"valueName\":\"search_term_string\"}}],\"inLanguage\":\"de\"},{\"@type\":\"Organization\",\"@id\":\"https:\\\/\\\/www.purejewels.com\\\/#organization\",\"name\":\"PureJewels UK\",\"url\":\"https:\\\/\\\/www.purejewels.com\\\/\",\"logo\":{\"@type\":\"ImageObject\",\"inLanguage\":\"de\",\"@id\":\"https:\\\/\\\/www.purejewels.com\\\/#\\\/schema\\\/logo\\\/image\\\/\",\"url\":\"https:\\\/\\\/static.purejewels.com\\\/wp-content\\\/uploads\\\/2020\\\/11\\\/Logo-PJ-New-1.png\",\"contentUrl\":\"https:\\\/\\\/static.purejewels.com\\\/wp-content\\\/uploads\\\/2020\\\/11\\\/Logo-PJ-New-1.png\",\"width\":150,\"height\":80,\"caption\":\"PureJewels UK\"},\"image\":{\"@id\":\"https:\\\/\\\/www.purejewels.com\\\/#\\\/schema\\\/logo\\\/image\\\/\"}}]}<\/script>\n<!-- \/ Yoast SEO plugin. -->","yoast_head_json":{"title":"22ct Gold Square Shaped Anh\u00e4nger - PureJewels UK","robots":{"index":"index","follow":"follow","max-snippet":"max-snippet:-1","max-image-preview":"max-image-preview:large","max-video-preview":"max-video-preview:-1"},"canonical":"https:\/\/www.purejewels.com\/de\/produkt-2\/quadratischer-anhanger-aus-22-karat-gold-33351\/","og_locale":"de_DE","og_type":"article","og_title":"22ct Gold Square Shaped Pendant - PureJewels UK","og_description":"Type Of Pendant Jali Square Shaped Pendant   SKU 44588   Weight 1.2 Gms   Hallmark 22ct Gold Hallmarked by London Assay Office   Charges Delivery\u00a0and\u00a0VAT\u00a0Included   Packaging Comes\u00a0With\u00a0Presentation\u00a0Box   More\u00a0Information &nbsp;   All Alphabets are available in store  Chain is not included  The chain shown in the picture is a Box Chain  Live chat with us for availability and more images","og_url":"https:\/\/www.purejewels.com\/de\/produkt-2\/quadratischer-anhanger-aus-22-karat-gold-33351\/","og_site_name":"PureJewels UK","article_modified_time":"2026-01-06T08:08:53+00:00","og_image":[{"width":1000,"height":1000,"url":"https:\/\/www.purejewels.com\/wp-content\/uploads\/2021\/03\/33351-1-1.jpg","type":"image\/jpeg"}],"twitter_card":"summary_large_image","twitter_misc":{"Gesch\u00e4tzte Lesezeit":"1\u00a0Minute"},"schema":{"@context":"https:\/\/schema.org","@graph":[{"@type":["WebPage","ItemPage"],"@id":"https:\/\/www.purejewels.com\/product\/22ct-gold-square-pendant-33351\/","url":"https:\/\/www.purejewels.com\/product\/22ct-gold-square-pendant-33351\/","name":"22ct Gold Square Shaped Anh\u00e4nger - PureJewels UK","isPartOf":{"@id":"https:\/\/www.purejewels.com\/#website"},"primaryImageOfPage":{"@id":"https:\/\/www.purejewels.com\/product\/22ct-gold-square-pendant-33351\/#primaryimage"},"image":{"@id":"https:\/\/www.purejewels.com\/product\/22ct-gold-square-pendant-33351\/#primaryimage"},"thumbnailUrl":"https:\/\/static.purejewels.com\/wp-content\/uploads\/2021\/03\/33351-1-1.jpg","datePublished":"2021-03-03T09:53:56+00:00","dateModified":"2026-01-06T08:08:53+00:00","breadcrumb":{"@id":"https:\/\/www.purejewels.com\/product\/22ct-gold-square-pendant-33351\/#breadcrumb"},"inLanguage":"de","potentialAction":[{"@type":"ReadAction","target":["https:\/\/www.purejewels.com\/product\/22ct-gold-square-pendant-33351\/"]}]},{"@type":"ImageObject","inLanguage":"de","@id":"https:\/\/www.purejewels.com\/product\/22ct-gold-square-pendant-33351\/#primaryimage","url":"https:\/\/static.purejewels.com\/wp-content\/uploads\/2021\/03\/33351-1-1.jpg","contentUrl":"https:\/\/static.purejewels.com\/wp-content\/uploads\/2021\/03\/33351-1-1.jpg","width":1000,"height":1000,"caption":"22ct Gold Pendant 33351-1"},{"@type":"BreadcrumbList","@id":"https:\/\/www.purejewels.com\/product\/22ct-gold-square-pendant-33351\/#breadcrumb","itemListElement":[{"@type":"ListItem","position":1,"name":"Home","item":"https:\/\/www.purejewels.com\/"},{"@type":"ListItem","position":2,"name":"Shop","item":"https:\/\/www.purejewels.com\/shop\/"},{"@type":"ListItem","position":3,"name":"22ct Gold Square Shaped Pendant"}]},{"@type":"WebSite","@id":"https:\/\/www.purejewels.com\/#website","url":"https:\/\/www.purejewels.com\/","name":"PureJewels UK","description":"Teile die Liebe","publisher":{"@id":"https:\/\/www.purejewels.com\/#organization"},"potentialAction":[{"@type":"SearchAction","target":{"@type":"EntryPoint","urlTemplate":"https:\/\/www.purejewels.com\/?s={search_term_string}"},"query-input":{"@type":"PropertyValueSpecification","valueRequired":true,"valueName":"search_term_string"}}],"inLanguage":"de"},{"@type":"Organization","@id":"https:\/\/www.purejewels.com\/#organization","name":"PureJewels UK","url":"https:\/\/www.purejewels.com\/","logo":{"@type":"ImageObject","inLanguage":"de","@id":"https:\/\/www.purejewels.com\/#\/schema\/logo\/image\/","url":"https:\/\/static.purejewels.com\/wp-content\/uploads\/2020\/11\/Logo-PJ-New-1.png","contentUrl":"https:\/\/static.purejewels.com\/wp-content\/uploads\/2020\/11\/Logo-PJ-New-1.png","width":150,"height":80,"caption":"PureJewels UK"},"image":{"@id":"https:\/\/www.purejewels.com\/#\/schema\/logo\/image\/"}}]}},"_links":{"self":[{"href":"https:\/\/www.purejewels.com\/de\/wp-json\/wp\/v2\/product\/322656","targetHints":{"allow":["GET"]}}],"collection":[{"href":"https:\/\/www.purejewels.com\/de\/wp-json\/wp\/v2\/product"}],"about":[{"href":"https:\/\/www.purejewels.com\/de\/wp-json\/wp\/v2\/types\/product"}],"replies":[{"embeddable":true,"href":"https:\/\/www.purejewels.com\/de\/wp-json\/wp\/v2\/comments?post=322656"}],"version-history":[{"count":3,"href":"https:\/\/www.purejewels.com\/de\/wp-json\/wp\/v2\/product\/322656\/revisions"}],"predecessor-version":[{"id":420054,"href":"https:\/\/www.purejewels.com\/de\/wp-json\/wp\/v2\/product\/322656\/revisions\/420054"}],"wp:featuredmedia":[{"embeddable":true,"href":"https:\/\/www.purejewels.com\/de\/wp-json\/wp\/v2\/media\/327612"}],"wp:attachment":[{"href":"https:\/\/www.purejewels.com\/de\/wp-json\/wp\/v2\/media?parent=322656"}],"wp:term":[{"taxonomy":"product_brand","embeddable":true,"href":"https:\/\/www.purejewels.com\/de\/wp-json\/wp\/v2\/product_brand?post=322656"},{"taxonomy":"product_cat","embeddable":true,"href":"https:\/\/www.purejewels.com\/de\/wp-json\/wp\/v2\/product_cat?post=322656"},{"taxonomy":"product_tag","embeddable":true,"href":"https:\/\/www.purejewels.com\/de\/wp-json\/wp\/v2\/product_tag?post=322656"}],"curies":[{"name":"wp","href":"https:\/\/api.w.org\/{rel}","templated":true}]}}