{"id":322769,"date":"2021-03-15T05:32:43","date_gmt":"2021-03-15T05:32:43","guid":{"rendered":"https:\/\/www.purejewels.com\/?post_type=product&#038;p=322769"},"modified":"2025-11-25T06:17:29","modified_gmt":"2025-11-25T06:17:29","slug":"22-kt-gold-box-kette-48477","status":"publish","type":"product","link":"https:\/\/www.purejewels.com\/de\/product\/22ct-gold-box-chain-48477\/","title":{"rendered":"22ct Gold | Box Kette | 16 Zoll"},"content":{"rendered":"<p><span style=\"font-weight: 400;\">Ketten sind seit jeher ein wesentlicher Bestandteil von Schmuckschatullen auf der ganzen Welt, und diese Goldkette ist ganz anders als die normalen Ketten, die Sie vielleicht finden.\u00a0<\/span><\/p>\n<p><span style=\"font-weight: 400;\">Unser Gold <a href=\"https:\/\/www.purejewels.com\/de\/product\/22ct-gold-box-chain-2\/\">Kistenkette<\/a> wurde in filigraner Handarbeit gefertigt und kann unabh\u00e4ngig voneinander getragen werden, wobei sie sowohl minimalistisch als auch massiv wirkt.<\/span><\/p>\n<p><span style=\"font-weight: 400;\">Diese Kastenkette kann einzeln gestylt werden. Sie k\u00f6nnen sie aber auch mit anderen pr\u00e4chtigen Ketten aus unserer Kollektion kombinieren oder sie traditionell mit einem feinen Anh\u00e4nger von Purejewels tragen, der elegant an ihr baumelt und so eine sch\u00f6ne Silhouette schafft. Unsere feinen 22K Box-Ketten wurden sorgf\u00e4ltig nach verschiedenen Halsgr\u00f6\u00dfen gefertigt, so dass es immens einfach, die perfekte f\u00fcr Sie und Ihre Lieben zu w\u00e4hlen.<\/span><\/p>","protected":false},"excerpt":{"rendered":"<div class=\"woocommerce-product-details__short-description\">\n<table class=\"sh_desc\">\n<tbody>\n<tr>\n<td>Typ der Kette<\/td>\n<td>Box-Kette<\/td>\n<\/tr>\n<tr>\n<td>SKU<\/td>\n<td>48477<\/td>\n<\/tr>\n<tr>\n<td>Gewicht<\/td>\n<td>4.2 Gms<\/td>\n<\/tr>\n<tr>\n<td>Metall<\/td>\n<td>22ct Gold<\/td>\n<\/tr>\n<tr>\n<td>Dicke<\/td>\n<td>0,9 mm<\/td>\n<\/tr>\n<tr>\n<td>L\u00e4nge<\/td>\n<td>16 Zoll<\/td>\n<\/tr>\n<tr>\n<td>Wahrzeichen<\/td>\n<td>22ct Gold gestempelt von London Assay Office<\/td>\n<\/tr>\n<tr>\n<td>Entgelte<\/td>\n<td>Lieferung und Mehrwertsteuer inbegriffen<\/td>\n<\/tr>\n<tr>\n<td>Verpackung<\/td>\n<td>Mit Pr\u00e4sentationsbox<\/td>\n<\/tr>\n<tr>\n<td>Mehr Informationen<\/td>\n<td>Live-Chat mit uns f\u00fcr Verf\u00fcgbarkeit und mehr Bilder<\/td>\n<\/tr>\n<\/tbody>\n<\/table>\n<\/div>\n<div class=\"btn-atc atc-slide\"><\/div>\n<div class=\"product_meta\"><\/div>","protected":false},"featured_media":327533,"comment_status":"closed","ping_status":"closed","template":"","meta":{"_eb_attr":"","_crsspst_to_jayantr4sg-hostcom":true},"product_brand":[],"product_cat":[5267,1794,1475,1229,5344,1575,1574,5349],"product_tag":[65,1546],"class_list":{"0":"post-322769","1":"product","2":"type-product","3":"status-publish","4":"has-post-thumbnail","6":"product_cat-box-chain","7":"product_cat-christmas-gifts","8":"product_cat-gold-chains","9":"product_cat-22ct-gold-jewellery","10":"product_cat-jewellery-under-750","11":"product_cat-teenage-jewellery","12":"product_cat-womens-jewellery","13":"product_cat-yellow-gold-jewellery","14":"product_tag-chains","15":"product_tag-children","17":"first","18":"outofstock","19":"taxable","20":"shipping-taxable","21":"product-type-simple","22":"add-to-wishlist-before_image"},"yoast_head":"<!-- This site is optimized with the Yoast SEO plugin v27.5 - https:\/\/yoast.com\/product\/yoast-seo-wordpress\/ -->\n<title>Buy 22ct Gold Box Chain in 16 Inches for everyday use<\/title>\n<meta name=\"description\" content=\"Our box chain is 16 inches long, it is light and super delicate with a thickness just of 0.8 millimeters making it an effortless accessory\" \/>\n<meta name=\"robots\" content=\"index, follow, max-snippet:-1, max-image-preview:large, max-video-preview:-1\" \/>\n<link rel=\"canonical\" href=\"https:\/\/www.purejewels.com\/de\/produkt-2\/22-kt-gold-box-kette-48477\/\" \/>\n<meta property=\"og:locale\" content=\"de_DE\" \/>\n<meta property=\"og:type\" content=\"article\" \/>\n<meta property=\"og:title\" content=\"Buy 22ct Gold Box Chain in 16 Inches for everyday use\" \/>\n<meta property=\"og:description\" content=\"Our box chain is 16 inches long, it is light and super delicate with a thickness just of 0.8 millimeters making it an effortless accessory\" \/>\n<meta property=\"og:url\" content=\"https:\/\/www.purejewels.com\/de\/produkt-2\/22-kt-gold-box-kette-48477\/\" \/>\n<meta property=\"og:site_name\" content=\"PureJewels UK\" \/>\n<meta property=\"article:modified_time\" content=\"2025-11-25T06:17:29+00:00\" \/>\n<meta property=\"og:image\" content=\"https:\/\/www.purejewels.com\/wp-content\/uploads\/2021\/04\/33032-1.jpg\" \/>\n\t<meta property=\"og:image:width\" content=\"1000\" \/>\n\t<meta property=\"og:image:height\" content=\"1000\" \/>\n\t<meta property=\"og:image:type\" content=\"image\/jpeg\" \/>\n<meta name=\"twitter:card\" content=\"summary_large_image\" \/>\n<meta name=\"twitter:label1\" content=\"Gesch\u00e4tzte Lesezeit\" \/>\n\t<meta name=\"twitter:data1\" content=\"1\u00a0Minute\" \/>\n<script type=\"application\/ld+json\" class=\"yoast-schema-graph\">{\"@context\":\"https:\\\/\\\/schema.org\",\"@graph\":[{\"@type\":[\"WebPage\",\"ItemPage\"],\"@id\":\"https:\\\/\\\/www.purejewels.com\\\/product\\\/22ct-gold-box-chain-48477\\\/\",\"url\":\"https:\\\/\\\/www.purejewels.com\\\/product\\\/22ct-gold-box-chain-48477\\\/\",\"name\":\"Buy 22ct Gold Box Chain in 16 Inches for everyday use\",\"isPartOf\":{\"@id\":\"https:\\\/\\\/www.purejewels.com\\\/#website\"},\"primaryImageOfPage\":{\"@id\":\"https:\\\/\\\/www.purejewels.com\\\/product\\\/22ct-gold-box-chain-48477\\\/#primaryimage\"},\"image\":{\"@id\":\"https:\\\/\\\/www.purejewels.com\\\/product\\\/22ct-gold-box-chain-48477\\\/#primaryimage\"},\"thumbnailUrl\":\"https:\\\/\\\/static.purejewels.com\\\/wp-content\\\/uploads\\\/2021\\\/04\\\/33032-1.jpg\",\"datePublished\":\"2021-03-15T05:32:43+00:00\",\"dateModified\":\"2025-11-25T06:17:29+00:00\",\"description\":\"Our box chain is 16 inches long, it is light and super delicate with a thickness just of 0.8 millimeters making it an effortless accessory\",\"breadcrumb\":{\"@id\":\"https:\\\/\\\/www.purejewels.com\\\/product\\\/22ct-gold-box-chain-48477\\\/#breadcrumb\"},\"inLanguage\":\"de\",\"potentialAction\":[{\"@type\":\"ReadAction\",\"target\":[\"https:\\\/\\\/www.purejewels.com\\\/product\\\/22ct-gold-box-chain-48477\\\/\"]}]},{\"@type\":\"ImageObject\",\"inLanguage\":\"de\",\"@id\":\"https:\\\/\\\/www.purejewels.com\\\/product\\\/22ct-gold-box-chain-48477\\\/#primaryimage\",\"url\":\"https:\\\/\\\/static.purejewels.com\\\/wp-content\\\/uploads\\\/2021\\\/04\\\/33032-1.jpg\",\"contentUrl\":\"https:\\\/\\\/static.purejewels.com\\\/wp-content\\\/uploads\\\/2021\\\/04\\\/33032-1.jpg\",\"width\":1000,\"height\":1000,\"caption\":\"18ct Yellow Gold Box Chain | 18 Inches\"},{\"@type\":\"BreadcrumbList\",\"@id\":\"https:\\\/\\\/www.purejewels.com\\\/product\\\/22ct-gold-box-chain-48477\\\/#breadcrumb\",\"itemListElement\":[{\"@type\":\"ListItem\",\"position\":1,\"name\":\"Home\",\"item\":\"https:\\\/\\\/www.purejewels.com\\\/\"},{\"@type\":\"ListItem\",\"position\":2,\"name\":\"Shop\",\"item\":\"https:\\\/\\\/www.purejewels.com\\\/shop\\\/\"},{\"@type\":\"ListItem\",\"position\":3,\"name\":\"22ct Gold | Box Chain | 16 Inches\"}]},{\"@type\":\"WebSite\",\"@id\":\"https:\\\/\\\/www.purejewels.com\\\/#website\",\"url\":\"https:\\\/\\\/www.purejewels.com\\\/\",\"name\":\"PureJewels UK\",\"description\":\"Share the Love\",\"publisher\":{\"@id\":\"https:\\\/\\\/www.purejewels.com\\\/#organization\"},\"potentialAction\":[{\"@type\":\"SearchAction\",\"target\":{\"@type\":\"EntryPoint\",\"urlTemplate\":\"https:\\\/\\\/www.purejewels.com\\\/?s={search_term_string}\"},\"query-input\":{\"@type\":\"PropertyValueSpecification\",\"valueRequired\":true,\"valueName\":\"search_term_string\"}}],\"inLanguage\":\"de\"},{\"@type\":\"Organization\",\"@id\":\"https:\\\/\\\/www.purejewels.com\\\/#organization\",\"name\":\"PureJewels UK\",\"url\":\"https:\\\/\\\/www.purejewels.com\\\/\",\"logo\":{\"@type\":\"ImageObject\",\"inLanguage\":\"de\",\"@id\":\"https:\\\/\\\/www.purejewels.com\\\/#\\\/schema\\\/logo\\\/image\\\/\",\"url\":\"https:\\\/\\\/static.purejewels.com\\\/wp-content\\\/uploads\\\/2020\\\/11\\\/Logo-PJ-New-1.png\",\"contentUrl\":\"https:\\\/\\\/static.purejewels.com\\\/wp-content\\\/uploads\\\/2020\\\/11\\\/Logo-PJ-New-1.png\",\"width\":150,\"height\":80,\"caption\":\"PureJewels UK\"},\"image\":{\"@id\":\"https:\\\/\\\/www.purejewels.com\\\/#\\\/schema\\\/logo\\\/image\\\/\"}}]}<\/script>\n<!-- \/ Yoast SEO plugin. -->","yoast_head_json":{"title":"Kaufen 22ct Gold Box Kette in 16 Zoll f\u00fcr den t\u00e4glichen Gebrauch","description":"Unsere Box-Kette ist 16 Zoll lang, sie ist leicht und super zart mit einer Dicke von nur 0,8 Millimetern, was sie zu einem m\u00fchelosen Accessoire macht","robots":{"index":"index","follow":"follow","max-snippet":"max-snippet:-1","max-image-preview":"max-image-preview:large","max-video-preview":"max-video-preview:-1"},"canonical":"https:\/\/www.purejewels.com\/de\/produkt-2\/22-kt-gold-box-kette-48477\/","og_locale":"de_DE","og_type":"article","og_title":"Buy 22ct Gold Box Chain in 16 Inches for everyday use","og_description":"Our box chain is 16 inches long, it is light and super delicate with a thickness just of 0.8 millimeters making it an effortless accessory","og_url":"https:\/\/www.purejewels.com\/de\/produkt-2\/22-kt-gold-box-kette-48477\/","og_site_name":"PureJewels UK","article_modified_time":"2025-11-25T06:17:29+00:00","og_image":[{"width":1000,"height":1000,"url":"https:\/\/www.purejewels.com\/wp-content\/uploads\/2021\/04\/33032-1.jpg","type":"image\/jpeg"}],"twitter_card":"summary_large_image","twitter_misc":{"Gesch\u00e4tzte Lesezeit":"1\u00a0Minute"},"schema":{"@context":"https:\/\/schema.org","@graph":[{"@type":["WebPage","ItemPage"],"@id":"https:\/\/www.purejewels.com\/product\/22ct-gold-box-chain-48477\/","url":"https:\/\/www.purejewels.com\/product\/22ct-gold-box-chain-48477\/","name":"Kaufen 22ct Gold Box Kette in 16 Zoll f\u00fcr den t\u00e4glichen Gebrauch","isPartOf":{"@id":"https:\/\/www.purejewels.com\/#website"},"primaryImageOfPage":{"@id":"https:\/\/www.purejewels.com\/product\/22ct-gold-box-chain-48477\/#primaryimage"},"image":{"@id":"https:\/\/www.purejewels.com\/product\/22ct-gold-box-chain-48477\/#primaryimage"},"thumbnailUrl":"https:\/\/static.purejewels.com\/wp-content\/uploads\/2021\/04\/33032-1.jpg","datePublished":"2021-03-15T05:32:43+00:00","dateModified":"2025-11-25T06:17:29+00:00","description":"Unsere Box-Kette ist 16 Zoll lang, sie ist leicht und super zart mit einer Dicke von nur 0,8 Millimetern, was sie zu einem m\u00fchelosen Accessoire macht","breadcrumb":{"@id":"https:\/\/www.purejewels.com\/product\/22ct-gold-box-chain-48477\/#breadcrumb"},"inLanguage":"de","potentialAction":[{"@type":"ReadAction","target":["https:\/\/www.purejewels.com\/product\/22ct-gold-box-chain-48477\/"]}]},{"@type":"ImageObject","inLanguage":"de","@id":"https:\/\/www.purejewels.com\/product\/22ct-gold-box-chain-48477\/#primaryimage","url":"https:\/\/static.purejewels.com\/wp-content\/uploads\/2021\/04\/33032-1.jpg","contentUrl":"https:\/\/static.purejewels.com\/wp-content\/uploads\/2021\/04\/33032-1.jpg","width":1000,"height":1000,"caption":"18ct Yellow Gold Box Chain | 18 Inches"},{"@type":"BreadcrumbList","@id":"https:\/\/www.purejewels.com\/product\/22ct-gold-box-chain-48477\/#breadcrumb","itemListElement":[{"@type":"ListItem","position":1,"name":"Home","item":"https:\/\/www.purejewels.com\/"},{"@type":"ListItem","position":2,"name":"Shop","item":"https:\/\/www.purejewels.com\/shop\/"},{"@type":"ListItem","position":3,"name":"22ct Gold | Box Chain | 16 Inches"}]},{"@type":"WebSite","@id":"https:\/\/www.purejewels.com\/#website","url":"https:\/\/www.purejewels.com\/","name":"PureJewels UK","description":"Teile die Liebe","publisher":{"@id":"https:\/\/www.purejewels.com\/#organization"},"potentialAction":[{"@type":"SearchAction","target":{"@type":"EntryPoint","urlTemplate":"https:\/\/www.purejewels.com\/?s={search_term_string}"},"query-input":{"@type":"PropertyValueSpecification","valueRequired":true,"valueName":"search_term_string"}}],"inLanguage":"de"},{"@type":"Organization","@id":"https:\/\/www.purejewels.com\/#organization","name":"PureJewels UK","url":"https:\/\/www.purejewels.com\/","logo":{"@type":"ImageObject","inLanguage":"de","@id":"https:\/\/www.purejewels.com\/#\/schema\/logo\/image\/","url":"https:\/\/static.purejewels.com\/wp-content\/uploads\/2020\/11\/Logo-PJ-New-1.png","contentUrl":"https:\/\/static.purejewels.com\/wp-content\/uploads\/2020\/11\/Logo-PJ-New-1.png","width":150,"height":80,"caption":"PureJewels UK"},"image":{"@id":"https:\/\/www.purejewels.com\/#\/schema\/logo\/image\/"}}]}},"_links":{"self":[{"href":"https:\/\/www.purejewels.com\/de\/wp-json\/wp\/v2\/product\/322769","targetHints":{"allow":["GET"]}}],"collection":[{"href":"https:\/\/www.purejewels.com\/de\/wp-json\/wp\/v2\/product"}],"about":[{"href":"https:\/\/www.purejewels.com\/de\/wp-json\/wp\/v2\/types\/product"}],"replies":[{"embeddable":true,"href":"https:\/\/www.purejewels.com\/de\/wp-json\/wp\/v2\/comments?post=322769"}],"version-history":[{"count":3,"href":"https:\/\/www.purejewels.com\/de\/wp-json\/wp\/v2\/product\/322769\/revisions"}],"predecessor-version":[{"id":399365,"href":"https:\/\/www.purejewels.com\/de\/wp-json\/wp\/v2\/product\/322769\/revisions\/399365"}],"wp:featuredmedia":[{"embeddable":true,"href":"https:\/\/www.purejewels.com\/de\/wp-json\/wp\/v2\/media\/327533"}],"wp:attachment":[{"href":"https:\/\/www.purejewels.com\/de\/wp-json\/wp\/v2\/media?parent=322769"}],"wp:term":[{"taxonomy":"product_brand","embeddable":true,"href":"https:\/\/www.purejewels.com\/de\/wp-json\/wp\/v2\/product_brand?post=322769"},{"taxonomy":"product_cat","embeddable":true,"href":"https:\/\/www.purejewels.com\/de\/wp-json\/wp\/v2\/product_cat?post=322769"},{"taxonomy":"product_tag","embeddable":true,"href":"https:\/\/www.purejewels.com\/de\/wp-json\/wp\/v2\/product_tag?post=322769"}],"curies":[{"name":"wp","href":"https:\/\/api.w.org\/{rel}","templated":true}]}}