{"id":322836,"date":"2021-03-17T10:57:12","date_gmt":"2021-03-17T10:57:12","guid":{"rendered":"https:\/\/www.purejewels.com\/?post_type=product&#038;p=322836"},"modified":"2026-01-10T16:15:38","modified_gmt":"2026-01-10T16:15:38","slug":"glow-collection-22-kt-gold-damen-armband-33654","status":"publish","type":"product","link":"https:\/\/www.purejewels.com\/de\/product\/glow-collection-22ct-gold-ladies-bracelet-33654\/","title":{"rendered":"22 Karat Gold Armreif mit dezentem Knotenmuster"},"content":{"rendered":"<p>Verleihen Sie Ihrer t\u00e4glichen Eleganz einen Hauch von Raffinesse mit diesem 22-kar\u00e4tigen Goldarmband mit dezentem Knotenmuster. Dieses Armband aus sattem Gelbgold besticht durch sein feines, gedrehtes Seildesign, das durch kleine Knotendetails akzentuiert wird und minimalistische Sch\u00f6nheit verk\u00f6rpert. Es ist leicht und vielseitig und eignet sich perfekt zum Kombinieren mit anderen Schmuckst\u00fccken oder zum alleinigen Tragen f\u00fcr einen eleganten Auftritt. Dieses Armband ist ideal f\u00fcr legere und formelle Anl\u00e4sse und eignet sich hervorragend als Geschenk oder pers\u00f6nliches Andenken.<\/p>","protected":false},"excerpt":{"rendered":"<ul>\n<li>22ct Gold Damenarmband<\/li>\n<li>Gewicht : 2.2 g<\/li>\n<li>SKU 33654<\/li>\n<li>Gr\u00f6\u00dfe 2.4<\/li>\n<li>Alle Preise inklusive Mehrwertsteuer<\/li>\n<li>22ct Gold gestempelt von London Assay Office<\/li>\n<li>Mit Pr\u00e4sentationsbox<\/li>\n<li>Lieferung inbegriffen<\/li>\n<li>Live-Chat mit uns f\u00fcr die Verf\u00fcgbarkeit und mehr Bilder von \u00e4hnlichen Designs derzeit auf Lager<\/li>\n<\/ul>","protected":false},"featured_media":320205,"comment_status":"closed","ping_status":"closed","template":"","meta":{"_eb_attr":"","_crsspst_to_jayantr4sg-hostcom":false},"product_brand":[],"product_cat":[1791,1559,3628,1627,1657],"product_tag":[],"class_list":{"0":"post-322836","1":"product","2":"type-product","3":"status-publish","4":"has-post-thumbnail","6":"product_cat-anniversary-gifts","7":"product_cat-birthday-gifts","8":"product_cat-glow-collections","9":"product_cat-ladies-bracelet","10":"product_cat-single-bangle","12":"first","13":"outofstock","14":"sale","15":"taxable","16":"shipping-taxable","17":"product-type-simple","18":"add-to-wishlist-before_image"},"yoast_head":"<!-- This site is optimized with the Yoast SEO plugin v27.3 - https:\/\/yoast.com\/product\/yoast-seo-wordpress\/ -->\n<title>22ct Gold Subtle Knot Bangle Bracelet | Elegant &amp; Timeless<\/title>\n<meta name=\"description\" content=\"Discover timeless elegance with our 22ct Gold Subtle Knot Bangle Bracelet \u2014 a delicate and graceful addition to any jewellery collection in the UK.\" \/>\n<meta name=\"robots\" content=\"index, follow, max-snippet:-1, max-image-preview:large, max-video-preview:-1\" \/>\n<link rel=\"canonical\" href=\"https:\/\/www.purejewels.com\/de\/produkt-2\/glow-collection-22-kt-gold-damen-armband-33654\/\" \/>\n<meta property=\"og:locale\" content=\"de_DE\" \/>\n<meta property=\"og:type\" content=\"article\" \/>\n<meta property=\"og:title\" content=\"22ct Gold Subtle Knot Bangle Bracelet | Elegant &amp; Timeless\" \/>\n<meta property=\"og:description\" content=\"Discover timeless elegance with our 22ct Gold Subtle Knot Bangle Bracelet \u2014 a delicate and graceful addition to any jewellery collection in the UK.\" \/>\n<meta property=\"og:url\" content=\"https:\/\/www.purejewels.com\/de\/produkt-2\/glow-collection-22-kt-gold-damen-armband-33654\/\" \/>\n<meta property=\"og:site_name\" content=\"PureJewels UK\" \/>\n<meta property=\"article:modified_time\" content=\"2026-01-10T16:15:38+00:00\" \/>\n<meta property=\"og:image\" content=\"https:\/\/www.purejewels.com\/wp-content\/uploads\/2020\/12\/image199485481-20.jpg\" \/>\n\t<meta property=\"og:image:width\" content=\"1000\" \/>\n\t<meta property=\"og:image:height\" content=\"1000\" \/>\n\t<meta property=\"og:image:type\" content=\"image\/jpeg\" \/>\n<meta name=\"twitter:card\" content=\"summary_large_image\" \/>\n<meta name=\"twitter:label1\" content=\"Gesch\u00e4tzte Lesezeit\" \/>\n\t<meta name=\"twitter:data1\" content=\"1\u00a0Minute\" \/>\n<script type=\"application\/ld+json\" class=\"yoast-schema-graph\">{\"@context\":\"https:\\\/\\\/schema.org\",\"@graph\":[{\"@type\":[\"WebPage\",\"ItemPage\"],\"@id\":\"https:\\\/\\\/www.purejewels.com\\\/product\\\/glow-collection-22ct-gold-ladies-bracelet-33654\\\/\",\"url\":\"https:\\\/\\\/www.purejewels.com\\\/product\\\/glow-collection-22ct-gold-ladies-bracelet-33654\\\/\",\"name\":\"22ct Gold Subtle Knot Bangle Bracelet | Elegant & Timeless\",\"isPartOf\":{\"@id\":\"https:\\\/\\\/www.purejewels.com\\\/#website\"},\"primaryImageOfPage\":{\"@id\":\"https:\\\/\\\/www.purejewels.com\\\/product\\\/glow-collection-22ct-gold-ladies-bracelet-33654\\\/#primaryimage\"},\"image\":{\"@id\":\"https:\\\/\\\/www.purejewels.com\\\/product\\\/glow-collection-22ct-gold-ladies-bracelet-33654\\\/#primaryimage\"},\"thumbnailUrl\":\"https:\\\/\\\/static.purejewels.com\\\/wp-content\\\/uploads\\\/2020\\\/12\\\/image199485481-20.jpg\",\"datePublished\":\"2021-03-17T10:57:12+00:00\",\"dateModified\":\"2026-01-10T16:15:38+00:00\",\"description\":\"Discover timeless elegance with our 22ct Gold Subtle Knot Bangle Bracelet \u2014 a delicate and graceful addition to any jewellery collection in the UK.\",\"breadcrumb\":{\"@id\":\"https:\\\/\\\/www.purejewels.com\\\/product\\\/glow-collection-22ct-gold-ladies-bracelet-33654\\\/#breadcrumb\"},\"inLanguage\":\"de\",\"potentialAction\":[{\"@type\":\"ReadAction\",\"target\":[\"https:\\\/\\\/www.purejewels.com\\\/product\\\/glow-collection-22ct-gold-ladies-bracelet-33654\\\/\"]}]},{\"@type\":\"ImageObject\",\"inLanguage\":\"de\",\"@id\":\"https:\\\/\\\/www.purejewels.com\\\/product\\\/glow-collection-22ct-gold-ladies-bracelet-33654\\\/#primaryimage\",\"url\":\"https:\\\/\\\/static.purejewels.com\\\/wp-content\\\/uploads\\\/2020\\\/12\\\/image199485481-20.jpg\",\"contentUrl\":\"https:\\\/\\\/static.purejewels.com\\\/wp-content\\\/uploads\\\/2020\\\/12\\\/image199485481-20.jpg\",\"width\":1000,\"height\":1000,\"caption\":\"Women's 22ct Gold Bracelet\"},{\"@type\":\"BreadcrumbList\",\"@id\":\"https:\\\/\\\/www.purejewels.com\\\/product\\\/glow-collection-22ct-gold-ladies-bracelet-33654\\\/#breadcrumb\",\"itemListElement\":[{\"@type\":\"ListItem\",\"position\":1,\"name\":\"Home\",\"item\":\"https:\\\/\\\/www.purejewels.com\\\/\"},{\"@type\":\"ListItem\",\"position\":2,\"name\":\"Shop\",\"item\":\"https:\\\/\\\/www.purejewels.com\\\/shop\\\/\"},{\"@type\":\"ListItem\",\"position\":3,\"name\":\"22ct Gold Subtle Knot Bangle Bracelet\"}]},{\"@type\":\"WebSite\",\"@id\":\"https:\\\/\\\/www.purejewels.com\\\/#website\",\"url\":\"https:\\\/\\\/www.purejewels.com\\\/\",\"name\":\"PureJewels UK\",\"description\":\"Share the Love\",\"publisher\":{\"@id\":\"https:\\\/\\\/www.purejewels.com\\\/#organization\"},\"potentialAction\":[{\"@type\":\"SearchAction\",\"target\":{\"@type\":\"EntryPoint\",\"urlTemplate\":\"https:\\\/\\\/www.purejewels.com\\\/?s={search_term_string}\"},\"query-input\":{\"@type\":\"PropertyValueSpecification\",\"valueRequired\":true,\"valueName\":\"search_term_string\"}}],\"inLanguage\":\"de\"},{\"@type\":\"Organization\",\"@id\":\"https:\\\/\\\/www.purejewels.com\\\/#organization\",\"name\":\"PureJewels UK\",\"url\":\"https:\\\/\\\/www.purejewels.com\\\/\",\"logo\":{\"@type\":\"ImageObject\",\"inLanguage\":\"de\",\"@id\":\"https:\\\/\\\/www.purejewels.com\\\/#\\\/schema\\\/logo\\\/image\\\/\",\"url\":\"https:\\\/\\\/static.purejewels.com\\\/wp-content\\\/uploads\\\/2020\\\/11\\\/Logo-PJ-New-1.png\",\"contentUrl\":\"https:\\\/\\\/static.purejewels.com\\\/wp-content\\\/uploads\\\/2020\\\/11\\\/Logo-PJ-New-1.png\",\"width\":150,\"height\":80,\"caption\":\"PureJewels UK\"},\"image\":{\"@id\":\"https:\\\/\\\/www.purejewels.com\\\/#\\\/schema\\\/logo\\\/image\\\/\"}}]}<\/script>\n<!-- \/ Yoast SEO plugin. -->","yoast_head_json":{"title":"22 Karat Gold Subtile Knoten Armreif | Elegant &amp; Zeitlos","description":"Entdecken Sie zeitlose Eleganz mit unserem 22-kar\u00e4tigen Goldarmband mit dezentem Knoten \u2013 eine zarte und anmutige Erg\u00e4nzung f\u00fcr jede Schmuckkollektion in Gro\u00dfbritannien.","robots":{"index":"index","follow":"follow","max-snippet":"max-snippet:-1","max-image-preview":"max-image-preview:large","max-video-preview":"max-video-preview:-1"},"canonical":"https:\/\/www.purejewels.com\/de\/produkt-2\/glow-collection-22-kt-gold-damen-armband-33654\/","og_locale":"de_DE","og_type":"article","og_title":"22ct Gold Subtle Knot Bangle Bracelet | Elegant & Timeless","og_description":"Discover timeless elegance with our 22ct Gold Subtle Knot Bangle Bracelet \u2014 a delicate and graceful addition to any jewellery collection in the UK.","og_url":"https:\/\/www.purejewels.com\/de\/produkt-2\/glow-collection-22-kt-gold-damen-armband-33654\/","og_site_name":"PureJewels UK","article_modified_time":"2026-01-10T16:15:38+00:00","og_image":[{"width":1000,"height":1000,"url":"https:\/\/www.purejewels.com\/wp-content\/uploads\/2020\/12\/image199485481-20.jpg","type":"image\/jpeg"}],"twitter_card":"summary_large_image","twitter_misc":{"Gesch\u00e4tzte Lesezeit":"1\u00a0Minute"},"schema":{"@context":"https:\/\/schema.org","@graph":[{"@type":["WebPage","ItemPage"],"@id":"https:\/\/www.purejewels.com\/product\/glow-collection-22ct-gold-ladies-bracelet-33654\/","url":"https:\/\/www.purejewels.com\/product\/glow-collection-22ct-gold-ladies-bracelet-33654\/","name":"22 Karat Gold Subtile Knoten Armreif | Elegant &amp; Zeitlos","isPartOf":{"@id":"https:\/\/www.purejewels.com\/#website"},"primaryImageOfPage":{"@id":"https:\/\/www.purejewels.com\/product\/glow-collection-22ct-gold-ladies-bracelet-33654\/#primaryimage"},"image":{"@id":"https:\/\/www.purejewels.com\/product\/glow-collection-22ct-gold-ladies-bracelet-33654\/#primaryimage"},"thumbnailUrl":"https:\/\/static.purejewels.com\/wp-content\/uploads\/2020\/12\/image199485481-20.jpg","datePublished":"2021-03-17T10:57:12+00:00","dateModified":"2026-01-10T16:15:38+00:00","description":"Entdecken Sie zeitlose Eleganz mit unserem 22-kar\u00e4tigen Goldarmband mit dezentem Knoten \u2013 eine zarte und anmutige Erg\u00e4nzung f\u00fcr jede Schmuckkollektion in Gro\u00dfbritannien.","breadcrumb":{"@id":"https:\/\/www.purejewels.com\/product\/glow-collection-22ct-gold-ladies-bracelet-33654\/#breadcrumb"},"inLanguage":"de","potentialAction":[{"@type":"ReadAction","target":["https:\/\/www.purejewels.com\/product\/glow-collection-22ct-gold-ladies-bracelet-33654\/"]}]},{"@type":"ImageObject","inLanguage":"de","@id":"https:\/\/www.purejewels.com\/product\/glow-collection-22ct-gold-ladies-bracelet-33654\/#primaryimage","url":"https:\/\/static.purejewels.com\/wp-content\/uploads\/2020\/12\/image199485481-20.jpg","contentUrl":"https:\/\/static.purejewels.com\/wp-content\/uploads\/2020\/12\/image199485481-20.jpg","width":1000,"height":1000,"caption":"Women's 22ct Gold Bracelet"},{"@type":"BreadcrumbList","@id":"https:\/\/www.purejewels.com\/product\/glow-collection-22ct-gold-ladies-bracelet-33654\/#breadcrumb","itemListElement":[{"@type":"ListItem","position":1,"name":"Home","item":"https:\/\/www.purejewels.com\/"},{"@type":"ListItem","position":2,"name":"Shop","item":"https:\/\/www.purejewels.com\/shop\/"},{"@type":"ListItem","position":3,"name":"22ct Gold Subtle Knot Bangle Bracelet"}]},{"@type":"WebSite","@id":"https:\/\/www.purejewels.com\/#website","url":"https:\/\/www.purejewels.com\/","name":"PureJewels UK","description":"Teile die Liebe","publisher":{"@id":"https:\/\/www.purejewels.com\/#organization"},"potentialAction":[{"@type":"SearchAction","target":{"@type":"EntryPoint","urlTemplate":"https:\/\/www.purejewels.com\/?s={search_term_string}"},"query-input":{"@type":"PropertyValueSpecification","valueRequired":true,"valueName":"search_term_string"}}],"inLanguage":"de"},{"@type":"Organization","@id":"https:\/\/www.purejewels.com\/#organization","name":"PureJewels UK","url":"https:\/\/www.purejewels.com\/","logo":{"@type":"ImageObject","inLanguage":"de","@id":"https:\/\/www.purejewels.com\/#\/schema\/logo\/image\/","url":"https:\/\/static.purejewels.com\/wp-content\/uploads\/2020\/11\/Logo-PJ-New-1.png","contentUrl":"https:\/\/static.purejewels.com\/wp-content\/uploads\/2020\/11\/Logo-PJ-New-1.png","width":150,"height":80,"caption":"PureJewels UK"},"image":{"@id":"https:\/\/www.purejewels.com\/#\/schema\/logo\/image\/"}}]}},"_links":{"self":[{"href":"https:\/\/www.purejewels.com\/de\/wp-json\/wp\/v2\/product\/322836","targetHints":{"allow":["GET"]}}],"collection":[{"href":"https:\/\/www.purejewels.com\/de\/wp-json\/wp\/v2\/product"}],"about":[{"href":"https:\/\/www.purejewels.com\/de\/wp-json\/wp\/v2\/types\/product"}],"replies":[{"embeddable":true,"href":"https:\/\/www.purejewels.com\/de\/wp-json\/wp\/v2\/comments?post=322836"}],"version-history":[{"count":2,"href":"https:\/\/www.purejewels.com\/de\/wp-json\/wp\/v2\/product\/322836\/revisions"}],"predecessor-version":[{"id":421514,"href":"https:\/\/www.purejewels.com\/de\/wp-json\/wp\/v2\/product\/322836\/revisions\/421514"}],"wp:featuredmedia":[{"embeddable":true,"href":"https:\/\/www.purejewels.com\/de\/wp-json\/wp\/v2\/media\/320205"}],"wp:attachment":[{"href":"https:\/\/www.purejewels.com\/de\/wp-json\/wp\/v2\/media?parent=322836"}],"wp:term":[{"taxonomy":"product_brand","embeddable":true,"href":"https:\/\/www.purejewels.com\/de\/wp-json\/wp\/v2\/product_brand?post=322836"},{"taxonomy":"product_cat","embeddable":true,"href":"https:\/\/www.purejewels.com\/de\/wp-json\/wp\/v2\/product_cat?post=322836"},{"taxonomy":"product_tag","embeddable":true,"href":"https:\/\/www.purejewels.com\/de\/wp-json\/wp\/v2\/product_tag?post=322836"}],"curies":[{"name":"wp","href":"https:\/\/api.w.org\/{rel}","templated":true}]}}