{"id":322887,"date":"2021-03-19T07:06:05","date_gmt":"2021-03-19T07:06:05","guid":{"rendered":"https:\/\/www.purejewels.com\/?post_type=product&#038;p=322887"},"modified":"2026-01-06T09:44:27","modified_gmt":"2026-01-06T09:44:27","slug":"22-karat-gold-armband-33519","status":"publish","type":"product","link":"https:\/\/www.purejewels.com\/de\/product\/22ct-gold-bracelet-33519\/","title":{"rendered":"Armband aus 22 Karat mattem Gold mit Perlen"},"content":{"rendered":"<p><strong>Gestaltung<\/strong><\/p>\n<p>Dieses Armband besteht aus einer minimalistischen Kette aus runden Perlen, die jeweils mit einem raffinierten satinierten Finish versehen sind und einen weichen, modernen Look verleihen. Es ist dezent und m\u00fchelos elegant und verleiht Ihrem Alltagsstil einen zarten Hauch von Gold, ohne Ihr Outfit zu \u00fcberladen.<\/p>\n<p><strong>Handwerkliches K\u00f6nnen<\/strong><\/p>\n<p>Dieses aus reinem 22-kar\u00e4tigem Gold gefertigte Schmuckst\u00fcck besticht durch sorgf\u00e4ltig miteinander verbundene Perlen, die f\u00fcr Tragekomfort und flie\u00dfende Bewegungen sorgen. Die matte Oberfl\u00e4che unterstreicht den warmen Glanz des Goldes und verleiht ihm eine besondere Tiefe. Das Schmuckst\u00fcck wurde in Gro\u00dfbritannien unabh\u00e4ngig gepr\u00fcft und garantiert zertifizierte Goldreinheit und Echtheit.<\/p>\n<p><strong>Styling &amp; Geschenkartikel<\/strong><\/p>\n<p>Dieses Armband eignet sich perfekt f\u00fcr den Alltag und l\u00e4sst sich wunderbar mit schmalen Armreifen und anderen Perlenketten zu einem individuellen Set kombinieren. Ein durchdachtes Geschenk zum Geburtstag, zum Jahrestag oder als bedeutungsvolle Anschaffung f\u00fcr sich selbst \u2013 entworfen, um jeden Tag getragen und geliebt zu werden.<\/p>","protected":false},"excerpt":{"rendered":"<ul>\n<li>22ct\u00a0<span id=\"urn:enhancement-6b5dda1b\" class=\"textannotation\">Gold<\/span>\u00a0Damen-Armband<\/li>\n<li>Gewicht 4 g<\/li>\n<li>Sku 33519<\/li>\n<li>L\u00e4nge 7 Zoll<\/li>\n<li>Dicke der Perlen 2,5 mm<\/li>\n<li>Alle Preise inklusive Mehrwertsteuer<\/li>\n<li>Alle 22\u00a0<span id=\"urn:enhancement-96f8acd8\" class=\"textannotation\">Karat<\/span>\u00a0<span id=\"urn:enhancement-475c5677\" class=\"textannotation\">Gold<\/span>\u00a0Armb\u00e4nder sind von London gestempelt\u00a0<span id=\"urn:enhancement-50f6b5fe\" class=\"textannotation\">Pr\u00fcfstelle<\/span><\/li>\n<li>Alle\u00a0<span id=\"urn:enhancement-a52000c\" class=\"textannotation\">Gold<\/span>\u00a0Armband f\u00fcr Frauen kommt mit Geschenkbox<\/li>\n<li>Lieferung inbegriffen<\/li>\n<li>Live-Chat mit uns f\u00fcr die Verf\u00fcgbarkeit und mehr Bilder von \u00e4hnlichen\u00a0<span id=\"urn:enhancement-bc77c438\" class=\"textannotation\">Entw\u00fcrfe<\/span>\u00a0derzeit in\u00a0<span id=\"urn:enhancement-973deb93\" class=\"textannotation\">Aktie<\/span><\/li>\n<\/ul>","protected":false},"featured_media":319365,"comment_status":"closed","ping_status":"closed","template":"","meta":{"_eb_attr":"","_crsspst_to_jayantr4sg-hostcom":false},"product_brand":[],"product_cat":[1791,1559,3628,1324,1627,1575,1569,1574],"product_tag":[1554],"class_list":{"0":"post-322887","1":"product","2":"type-product","3":"status-publish","4":"has-post-thumbnail","6":"product_cat-anniversary-gifts","7":"product_cat-birthday-gifts","8":"product_cat-glow-collections","9":"product_cat-gold-bracelet","10":"product_cat-ladies-bracelet","11":"product_cat-teenage-jewellery","12":"product_cat-valentine-day-gifts","13":"product_cat-womens-jewellery","14":"product_tag-beaded-bracelet","16":"first","17":"outofstock","18":"taxable","19":"shipping-taxable","20":"product-type-simple","21":"add-to-wishlist-before_image"},"yoast_head":"<!-- This site is optimized with the Yoast SEO plugin v27.4 - https:\/\/yoast.com\/product\/yoast-seo-wordpress\/ -->\n<title>22ct Gold Matte Bead Bracelet | PureJewels UK | Buy Online<\/title>\n<meta name=\"description\" content=\"Shop the 22ct Gold Matte Bead Bracelet at PureJewels UK. A refined beaded design with a soft satin-matte finish crafted in pure 22ct gold. UK hallmarked.\" \/>\n<meta name=\"robots\" content=\"index, follow, max-snippet:-1, max-image-preview:large, max-video-preview:-1\" \/>\n<link rel=\"canonical\" href=\"https:\/\/www.purejewels.com\/de\/produkt-2\/22-karat-gold-armband-33519\/\" \/>\n<meta property=\"og:locale\" content=\"de_DE\" \/>\n<meta property=\"og:type\" content=\"article\" \/>\n<meta property=\"og:title\" content=\"22ct Gold Matte Bead Bracelet | PureJewels UK | Buy Online\" \/>\n<meta property=\"og:description\" content=\"Shop the 22ct Gold Matte Bead Bracelet at PureJewels UK. A refined beaded design with a soft satin-matte finish crafted in pure 22ct gold. UK hallmarked.\" \/>\n<meta property=\"og:url\" content=\"https:\/\/www.purejewels.com\/de\/produkt-2\/22-karat-gold-armband-33519\/\" \/>\n<meta property=\"og:site_name\" content=\"PureJewels UK\" \/>\n<meta property=\"article:modified_time\" content=\"2026-01-06T09:44:27+00:00\" \/>\n<meta property=\"og:image\" content=\"https:\/\/static.purejewels.com\/wp-content\/uploads\/2020\/11\/33492.jpg\" \/>\n\t<meta property=\"og:image:width\" content=\"1000\" \/>\n\t<meta property=\"og:image:height\" content=\"1000\" \/>\n\t<meta property=\"og:image:type\" content=\"image\/jpeg\" \/>\n<meta name=\"twitter:card\" content=\"summary_large_image\" \/>\n<meta name=\"twitter:label1\" content=\"Gesch\u00e4tzte Lesezeit\" \/>\n\t<meta name=\"twitter:data1\" content=\"1\u00a0Minute\" \/>\n<script type=\"application\/ld+json\" class=\"yoast-schema-graph\">{\"@context\":\"https:\\\/\\\/schema.org\",\"@graph\":[{\"@type\":[\"WebPage\",\"ItemPage\"],\"@id\":\"https:\\\/\\\/www.purejewels.com\\\/product\\\/22ct-gold-bracelet-33519\\\/\",\"url\":\"https:\\\/\\\/www.purejewels.com\\\/product\\\/22ct-gold-bracelet-33519\\\/\",\"name\":\"22ct Gold Matte Bead Bracelet | PureJewels UK | Buy Online\",\"isPartOf\":{\"@id\":\"https:\\\/\\\/www.purejewels.com\\\/#website\"},\"primaryImageOfPage\":{\"@id\":\"https:\\\/\\\/www.purejewels.com\\\/product\\\/22ct-gold-bracelet-33519\\\/#primaryimage\"},\"image\":{\"@id\":\"https:\\\/\\\/www.purejewels.com\\\/product\\\/22ct-gold-bracelet-33519\\\/#primaryimage\"},\"thumbnailUrl\":\"https:\\\/\\\/static.purejewels.com\\\/wp-content\\\/uploads\\\/2020\\\/11\\\/33492.jpg\",\"datePublished\":\"2021-03-19T07:06:05+00:00\",\"dateModified\":\"2026-01-06T09:44:27+00:00\",\"description\":\"Shop the 22ct Gold Matte Bead Bracelet at PureJewels UK. A refined beaded design with a soft satin-matte finish crafted in pure 22ct gold. UK hallmarked.\",\"breadcrumb\":{\"@id\":\"https:\\\/\\\/www.purejewels.com\\\/product\\\/22ct-gold-bracelet-33519\\\/#breadcrumb\"},\"inLanguage\":\"de\",\"potentialAction\":[{\"@type\":\"ReadAction\",\"target\":[\"https:\\\/\\\/www.purejewels.com\\\/product\\\/22ct-gold-bracelet-33519\\\/\"]}]},{\"@type\":\"ImageObject\",\"inLanguage\":\"de\",\"@id\":\"https:\\\/\\\/www.purejewels.com\\\/product\\\/22ct-gold-bracelet-33519\\\/#primaryimage\",\"url\":\"https:\\\/\\\/static.purejewels.com\\\/wp-content\\\/uploads\\\/2020\\\/11\\\/33492.jpg\",\"contentUrl\":\"https:\\\/\\\/static.purejewels.com\\\/wp-content\\\/uploads\\\/2020\\\/11\\\/33492.jpg\",\"width\":1000,\"height\":1000,\"caption\":\"22ct Gold Bracelet 43499\"},{\"@type\":\"BreadcrumbList\",\"@id\":\"https:\\\/\\\/www.purejewels.com\\\/product\\\/22ct-gold-bracelet-33519\\\/#breadcrumb\",\"itemListElement\":[{\"@type\":\"ListItem\",\"position\":1,\"name\":\"Home\",\"item\":\"https:\\\/\\\/www.purejewels.com\\\/\"},{\"@type\":\"ListItem\",\"position\":2,\"name\":\"Shop\",\"item\":\"https:\\\/\\\/www.purejewels.com\\\/shop\\\/\"},{\"@type\":\"ListItem\",\"position\":3,\"name\":\"22ct Gold Matte Bead Bracelet\"}]},{\"@type\":\"WebSite\",\"@id\":\"https:\\\/\\\/www.purejewels.com\\\/#website\",\"url\":\"https:\\\/\\\/www.purejewels.com\\\/\",\"name\":\"PureJewels UK\",\"description\":\"Share the Love\",\"publisher\":{\"@id\":\"https:\\\/\\\/www.purejewels.com\\\/#organization\"},\"potentialAction\":[{\"@type\":\"SearchAction\",\"target\":{\"@type\":\"EntryPoint\",\"urlTemplate\":\"https:\\\/\\\/www.purejewels.com\\\/?s={search_term_string}\"},\"query-input\":{\"@type\":\"PropertyValueSpecification\",\"valueRequired\":true,\"valueName\":\"search_term_string\"}}],\"inLanguage\":\"de\"},{\"@type\":\"Organization\",\"@id\":\"https:\\\/\\\/www.purejewels.com\\\/#organization\",\"name\":\"PureJewels UK\",\"url\":\"https:\\\/\\\/www.purejewels.com\\\/\",\"logo\":{\"@type\":\"ImageObject\",\"inLanguage\":\"de\",\"@id\":\"https:\\\/\\\/www.purejewels.com\\\/#\\\/schema\\\/logo\\\/image\\\/\",\"url\":\"https:\\\/\\\/static.purejewels.com\\\/wp-content\\\/uploads\\\/2020\\\/11\\\/Logo-PJ-New-1.png\",\"contentUrl\":\"https:\\\/\\\/static.purejewels.com\\\/wp-content\\\/uploads\\\/2020\\\/11\\\/Logo-PJ-New-1.png\",\"width\":150,\"height\":80,\"caption\":\"PureJewels UK\"},\"image\":{\"@id\":\"https:\\\/\\\/www.purejewels.com\\\/#\\\/schema\\\/logo\\\/image\\\/\"}}]}<\/script>\n<!-- \/ Yoast SEO plugin. -->","yoast_head_json":{"title":"22 Karat Gold mattes Perlenarmband | PureJewels UK | Online kaufen","description":"Kaufen Sie das Armband mit matten Perlen aus 22 Karat Gold bei PureJewels UK. Ein raffiniertes Perlen-Design mit einer weichen, satinierten Oberfl\u00e4che aus reinem 22 Karat Gold. Mit britischer Punzierung.","robots":{"index":"index","follow":"follow","max-snippet":"max-snippet:-1","max-image-preview":"max-image-preview:large","max-video-preview":"max-video-preview:-1"},"canonical":"https:\/\/www.purejewels.com\/de\/produkt-2\/22-karat-gold-armband-33519\/","og_locale":"de_DE","og_type":"article","og_title":"22ct Gold Matte Bead Bracelet | PureJewels UK | Buy Online","og_description":"Shop the 22ct Gold Matte Bead Bracelet at PureJewels UK. A refined beaded design with a soft satin-matte finish crafted in pure 22ct gold. UK hallmarked.","og_url":"https:\/\/www.purejewels.com\/de\/produkt-2\/22-karat-gold-armband-33519\/","og_site_name":"PureJewels UK","article_modified_time":"2026-01-06T09:44:27+00:00","og_image":[{"width":1000,"height":1000,"url":"https:\/\/static.purejewels.com\/wp-content\/uploads\/2020\/11\/33492.jpg","type":"image\/jpeg"}],"twitter_card":"summary_large_image","twitter_misc":{"Gesch\u00e4tzte Lesezeit":"1\u00a0Minute"},"schema":{"@context":"https:\/\/schema.org","@graph":[{"@type":["WebPage","ItemPage"],"@id":"https:\/\/www.purejewels.com\/product\/22ct-gold-bracelet-33519\/","url":"https:\/\/www.purejewels.com\/product\/22ct-gold-bracelet-33519\/","name":"22 Karat Gold mattes Perlenarmband | PureJewels UK | Online kaufen","isPartOf":{"@id":"https:\/\/www.purejewels.com\/#website"},"primaryImageOfPage":{"@id":"https:\/\/www.purejewels.com\/product\/22ct-gold-bracelet-33519\/#primaryimage"},"image":{"@id":"https:\/\/www.purejewels.com\/product\/22ct-gold-bracelet-33519\/#primaryimage"},"thumbnailUrl":"https:\/\/static.purejewels.com\/wp-content\/uploads\/2020\/11\/33492.jpg","datePublished":"2021-03-19T07:06:05+00:00","dateModified":"2026-01-06T09:44:27+00:00","description":"Kaufen Sie das Armband mit matten Perlen aus 22 Karat Gold bei PureJewels UK. Ein raffiniertes Perlen-Design mit einer weichen, satinierten Oberfl\u00e4che aus reinem 22 Karat Gold. Mit britischer Punzierung.","breadcrumb":{"@id":"https:\/\/www.purejewels.com\/product\/22ct-gold-bracelet-33519\/#breadcrumb"},"inLanguage":"de","potentialAction":[{"@type":"ReadAction","target":["https:\/\/www.purejewels.com\/product\/22ct-gold-bracelet-33519\/"]}]},{"@type":"ImageObject","inLanguage":"de","@id":"https:\/\/www.purejewels.com\/product\/22ct-gold-bracelet-33519\/#primaryimage","url":"https:\/\/static.purejewels.com\/wp-content\/uploads\/2020\/11\/33492.jpg","contentUrl":"https:\/\/static.purejewels.com\/wp-content\/uploads\/2020\/11\/33492.jpg","width":1000,"height":1000,"caption":"22ct Gold Bracelet 43499"},{"@type":"BreadcrumbList","@id":"https:\/\/www.purejewels.com\/product\/22ct-gold-bracelet-33519\/#breadcrumb","itemListElement":[{"@type":"ListItem","position":1,"name":"Home","item":"https:\/\/www.purejewels.com\/"},{"@type":"ListItem","position":2,"name":"Shop","item":"https:\/\/www.purejewels.com\/shop\/"},{"@type":"ListItem","position":3,"name":"22ct Gold Matte Bead Bracelet"}]},{"@type":"WebSite","@id":"https:\/\/www.purejewels.com\/#website","url":"https:\/\/www.purejewels.com\/","name":"PureJewels UK","description":"Teile die Liebe","publisher":{"@id":"https:\/\/www.purejewels.com\/#organization"},"potentialAction":[{"@type":"SearchAction","target":{"@type":"EntryPoint","urlTemplate":"https:\/\/www.purejewels.com\/?s={search_term_string}"},"query-input":{"@type":"PropertyValueSpecification","valueRequired":true,"valueName":"search_term_string"}}],"inLanguage":"de"},{"@type":"Organization","@id":"https:\/\/www.purejewels.com\/#organization","name":"PureJewels UK","url":"https:\/\/www.purejewels.com\/","logo":{"@type":"ImageObject","inLanguage":"de","@id":"https:\/\/www.purejewels.com\/#\/schema\/logo\/image\/","url":"https:\/\/static.purejewels.com\/wp-content\/uploads\/2020\/11\/Logo-PJ-New-1.png","contentUrl":"https:\/\/static.purejewels.com\/wp-content\/uploads\/2020\/11\/Logo-PJ-New-1.png","width":150,"height":80,"caption":"PureJewels UK"},"image":{"@id":"https:\/\/www.purejewels.com\/#\/schema\/logo\/image\/"}}]}},"_links":{"self":[{"href":"https:\/\/www.purejewels.com\/de\/wp-json\/wp\/v2\/product\/322887","targetHints":{"allow":["GET"]}}],"collection":[{"href":"https:\/\/www.purejewels.com\/de\/wp-json\/wp\/v2\/product"}],"about":[{"href":"https:\/\/www.purejewels.com\/de\/wp-json\/wp\/v2\/types\/product"}],"replies":[{"embeddable":true,"href":"https:\/\/www.purejewels.com\/de\/wp-json\/wp\/v2\/comments?post=322887"}],"version-history":[{"count":2,"href":"https:\/\/www.purejewels.com\/de\/wp-json\/wp\/v2\/product\/322887\/revisions"}],"predecessor-version":[{"id":422530,"href":"https:\/\/www.purejewels.com\/de\/wp-json\/wp\/v2\/product\/322887\/revisions\/422530"}],"wp:featuredmedia":[{"embeddable":true,"href":"https:\/\/www.purejewels.com\/de\/wp-json\/wp\/v2\/media\/319365"}],"wp:attachment":[{"href":"https:\/\/www.purejewels.com\/de\/wp-json\/wp\/v2\/media?parent=322887"}],"wp:term":[{"taxonomy":"product_brand","embeddable":true,"href":"https:\/\/www.purejewels.com\/de\/wp-json\/wp\/v2\/product_brand?post=322887"},{"taxonomy":"product_cat","embeddable":true,"href":"https:\/\/www.purejewels.com\/de\/wp-json\/wp\/v2\/product_cat?post=322887"},{"taxonomy":"product_tag","embeddable":true,"href":"https:\/\/www.purejewels.com\/de\/wp-json\/wp\/v2\/product_tag?post=322887"}],"curies":[{"name":"wp","href":"https:\/\/api.w.org\/{rel}","templated":true}]}}