{"id":322997,"date":"2021-03-31T13:09:17","date_gmt":"2021-03-31T12:09:17","guid":{"rendered":"https:\/\/www.purejewels.com\/?post_type=product&#038;p=322997"},"modified":"2026-03-24T09:41:16","modified_gmt":"2026-03-24T09:41:16","slug":"mangalsutra-aus-22-karat-gold","status":"publish","type":"product","link":"https:\/\/www.purejewels.com\/de\/product\/22carat-gold-mangalsutra\/","title":{"rendered":"22ct Gold Minimal Schwarz Perle Mangalsutra Kette"},"content":{"rendered":"<p>Gestaltung<br \/>\nDiese Mangalsutra zeichnet sich durch ein minimalistisches Kettendesign aus, das mit gleichm\u00e4\u00dfig verteilten schwarzen Perlen akzentuiert ist. Die Schlichtheit der Form sorgt f\u00fcr einen leichten und eleganten Fall, w\u00e4hrend die subtilen Details Bedeutung und Rhythmus verleihen. Seine raffinierte Silhouette macht ihn ideal f\u00fcr alle, die dezenten Schmuck mit traditioneller Bedeutung bevorzugen.<\/p>\n<p>Handwerkliches K\u00f6nnen<br \/>\nDie aus 22-kar\u00e4tigem Gold gefertigte Kette wurde sorgf\u00e4ltig zusammengesetzt, um Flexibilit\u00e4t und St\u00e4rke zu gew\u00e4hrleisten. Die schwarzen Perlen sind pr\u00e4zise positioniert, um das Gleichgewicht und die Konsistenz des gesamten Designs zu gew\u00e4hrleisten. Die glatte Oberfl\u00e4che unterstreicht ihr zartes Aussehen. Jedes St\u00fcck ist im Vereinigten K\u00f6nigreich gepunzt und garantiert zertifizierte Goldreinheit und zuverl\u00e4ssige Handwerkskunst.<\/p>\n<p>Styling &amp; Geschenkartikel<br \/>\nDiese Mangalsutra ist perfekt f\u00fcr den t\u00e4glichen Gebrauch und passt sowohl zu legeren als auch zu formellen Outfits. Dank ihres minimalen Designs kann sie allein oder zusammen mit anderen Ketten getragen werden. Ein bedeutungsvolles und vielseitiges St\u00fcck, ideal f\u00fcr Hochzeiten, Jubil\u00e4en oder als nachdenklicher Ausdruck von Tradition.<\/p>","protected":false},"excerpt":{"rendered":"<ul>\n<li>22ct\u00a0<span id=\"urn:enhancement-f3cda60\" class=\"textannotation\">Gold<\/span>\u00a0<span id=\"urn:enhancement-ca833d9f\" class=\"textannotation\">Mangalsutra<\/span><\/li>\n<li><span id=\"urn:enhancement-c29abd9a\" class=\"textannotation\">Gewicht<\/span>: 4.4 gms<\/li>\n<li><span id=\"urn:enhancement-dc1b0cec\" class=\"textannotation\">L\u00e4nge<\/span> : 18 <span id=\"urn:enhancement-e813ddff\" class=\"textannotation\">Zoll<\/span><\/li>\n<li><span id=\"urn:enhancement-935c9453\" class=\"textannotation\">SKU<\/span>. 33722<\/li>\n<li>Alle\u00a0<span id=\"urn:enhancement-75b5942b\" class=\"textannotation\">Preise<\/span>\u00a0einschlie\u00dflich Mehrwertsteuer<\/li>\n<li>22ct\u00a0<span id=\"urn:enhancement-71285636\" class=\"textannotation\">Gold<\/span>\u00a0Gepunzt von London\u00a0<span id=\"urn:enhancement-824c7401\" class=\"textannotation\">Pr\u00fcfstelle<\/span><\/li>\n<li>Mit Pr\u00e4sentationsbox<\/li>\n<li><span id=\"urn:enhancement-e06c9b71\" class=\"textannotation\">Lieferung<\/span>\u00a0ist inbegriffen<\/li>\n<li>Live\u00a0<span id=\"urn:enhancement-60df707d\" class=\"textannotation\">Chat<\/span>\u00a0Verf\u00fcgbarkeit und weitere Bilder von \u00e4hnlichen Designs, die derzeit in\u00a0<span id=\"urn:enhancement-973de08f\" class=\"textannotation\">Aktie<\/span><\/li>\n<\/ul>","protected":false},"featured_media":325050,"comment_status":"closed","ping_status":"closed","template":"","meta":{"_eb_attr":"","_crsspst_to_jayantr4sg-hostcom":true},"product_brand":[],"product_cat":[1791,1775,1284,1573],"product_tag":[],"class_list":{"0":"post-322997","1":"product","2":"type-product","3":"status-publish","4":"has-post-thumbnail","6":"product_cat-anniversary-gifts","7":"product_cat-daily-wear-mangalsutras","8":"product_cat-gold-mangalsutras","9":"product_cat-wedding-gifts","11":"first","12":"outofstock","13":"taxable","14":"shipping-taxable","15":"product-type-simple","16":"add-to-wishlist-before_image"},"yoast_head":"<!-- This site is optimized with the Yoast SEO plugin v27.3 - https:\/\/yoast.com\/product\/yoast-seo-wordpress\/ -->\n<title>22ct Gold Minimal Mangalsutra Chain | PureJewels UK<\/title>\n<meta name=\"description\" content=\"Shop a 22ct gold minimal mangalsutra chain with black bead accents. Handcrafted and UK hallmarked for purity and everyday wear.\" \/>\n<meta name=\"robots\" content=\"index, follow, max-snippet:-1, max-image-preview:large, max-video-preview:-1\" \/>\n<link rel=\"canonical\" href=\"https:\/\/www.purejewels.com\/de\/produkt-2\/mangalsutra-aus-22-karat-gold\/\" \/>\n<meta property=\"og:locale\" content=\"de_DE\" \/>\n<meta property=\"og:type\" content=\"article\" \/>\n<meta property=\"og:title\" content=\"22ct Gold Minimal Mangalsutra Chain | PureJewels UK\" \/>\n<meta property=\"og:description\" content=\"Shop a 22ct gold minimal mangalsutra chain with black bead accents. Handcrafted and UK hallmarked for purity and everyday wear.\" \/>\n<meta property=\"og:url\" content=\"https:\/\/www.purejewels.com\/de\/produkt-2\/mangalsutra-aus-22-karat-gold\/\" \/>\n<meta property=\"og:site_name\" content=\"PureJewels UK\" \/>\n<meta property=\"article:modified_time\" content=\"2026-03-24T09:41:16+00:00\" \/>\n<meta property=\"og:image\" content=\"https:\/\/static.purejewels.com\/wp-content\/uploads\/2021\/03\/31906.jpg\" \/>\n\t<meta property=\"og:image:width\" content=\"1000\" \/>\n\t<meta property=\"og:image:height\" content=\"1000\" \/>\n\t<meta property=\"og:image:type\" content=\"image\/jpeg\" \/>\n<meta name=\"twitter:card\" content=\"summary_large_image\" \/>\n<meta name=\"twitter:label1\" content=\"Gesch\u00e4tzte Lesezeit\" \/>\n\t<meta name=\"twitter:data1\" content=\"1\u00a0Minute\" \/>\n<script type=\"application\/ld+json\" class=\"yoast-schema-graph\">{\"@context\":\"https:\\\/\\\/schema.org\",\"@graph\":[{\"@type\":[\"WebPage\",\"ItemPage\"],\"@id\":\"https:\\\/\\\/www.purejewels.com\\\/product\\\/22carat-gold-mangalsutra\\\/\",\"url\":\"https:\\\/\\\/www.purejewels.com\\\/product\\\/22carat-gold-mangalsutra\\\/\",\"name\":\"22ct Gold Minimal Mangalsutra Chain | PureJewels UK\",\"isPartOf\":{\"@id\":\"https:\\\/\\\/www.purejewels.com\\\/#website\"},\"primaryImageOfPage\":{\"@id\":\"https:\\\/\\\/www.purejewels.com\\\/product\\\/22carat-gold-mangalsutra\\\/#primaryimage\"},\"image\":{\"@id\":\"https:\\\/\\\/www.purejewels.com\\\/product\\\/22carat-gold-mangalsutra\\\/#primaryimage\"},\"thumbnailUrl\":\"https:\\\/\\\/static.purejewels.com\\\/wp-content\\\/uploads\\\/2021\\\/03\\\/31906.jpg\",\"datePublished\":\"2021-03-31T12:09:17+00:00\",\"dateModified\":\"2026-03-24T09:41:16+00:00\",\"description\":\"Shop a 22ct gold minimal mangalsutra chain with black bead accents. Handcrafted and UK hallmarked for purity and everyday wear.\",\"breadcrumb\":{\"@id\":\"https:\\\/\\\/www.purejewels.com\\\/product\\\/22carat-gold-mangalsutra\\\/#breadcrumb\"},\"inLanguage\":\"de\",\"potentialAction\":[{\"@type\":\"ReadAction\",\"target\":[\"https:\\\/\\\/www.purejewels.com\\\/product\\\/22carat-gold-mangalsutra\\\/\"]}]},{\"@type\":\"ImageObject\",\"inLanguage\":\"de\",\"@id\":\"https:\\\/\\\/www.purejewels.com\\\/product\\\/22carat-gold-mangalsutra\\\/#primaryimage\",\"url\":\"https:\\\/\\\/static.purejewels.com\\\/wp-content\\\/uploads\\\/2021\\\/03\\\/31906.jpg\",\"contentUrl\":\"https:\\\/\\\/static.purejewels.com\\\/wp-content\\\/uploads\\\/2021\\\/03\\\/31906.jpg\",\"width\":1000,\"height\":1000,\"caption\":\"22ct Gold Mangalsutra\"},{\"@type\":\"BreadcrumbList\",\"@id\":\"https:\\\/\\\/www.purejewels.com\\\/product\\\/22carat-gold-mangalsutra\\\/#breadcrumb\",\"itemListElement\":[{\"@type\":\"ListItem\",\"position\":1,\"name\":\"Home\",\"item\":\"https:\\\/\\\/www.purejewels.com\\\/\"},{\"@type\":\"ListItem\",\"position\":2,\"name\":\"Shop\",\"item\":\"https:\\\/\\\/www.purejewels.com\\\/shop\\\/\"},{\"@type\":\"ListItem\",\"position\":3,\"name\":\"22ct Gold Minimal Black Bead Mangalsutra Chain\"}]},{\"@type\":\"WebSite\",\"@id\":\"https:\\\/\\\/www.purejewels.com\\\/#website\",\"url\":\"https:\\\/\\\/www.purejewels.com\\\/\",\"name\":\"PureJewels UK\",\"description\":\"Share the Love\",\"publisher\":{\"@id\":\"https:\\\/\\\/www.purejewels.com\\\/#organization\"},\"potentialAction\":[{\"@type\":\"SearchAction\",\"target\":{\"@type\":\"EntryPoint\",\"urlTemplate\":\"https:\\\/\\\/www.purejewels.com\\\/?s={search_term_string}\"},\"query-input\":{\"@type\":\"PropertyValueSpecification\",\"valueRequired\":true,\"valueName\":\"search_term_string\"}}],\"inLanguage\":\"de\"},{\"@type\":\"Organization\",\"@id\":\"https:\\\/\\\/www.purejewels.com\\\/#organization\",\"name\":\"PureJewels UK\",\"url\":\"https:\\\/\\\/www.purejewels.com\\\/\",\"logo\":{\"@type\":\"ImageObject\",\"inLanguage\":\"de\",\"@id\":\"https:\\\/\\\/www.purejewels.com\\\/#\\\/schema\\\/logo\\\/image\\\/\",\"url\":\"https:\\\/\\\/static.purejewels.com\\\/wp-content\\\/uploads\\\/2020\\\/11\\\/Logo-PJ-New-1.png\",\"contentUrl\":\"https:\\\/\\\/static.purejewels.com\\\/wp-content\\\/uploads\\\/2020\\\/11\\\/Logo-PJ-New-1.png\",\"width\":150,\"height\":80,\"caption\":\"PureJewels UK\"},\"image\":{\"@id\":\"https:\\\/\\\/www.purejewels.com\\\/#\\\/schema\\\/logo\\\/image\\\/\"}}]}<\/script>\n<!-- \/ Yoast SEO plugin. -->","yoast_head_json":{"title":"22ct Gold Minimal Mangalsutra Kette | PureJewels UK","description":"Kaufen Sie eine 22 Karat Gold Minimal Mangalsutra Kette mit schwarzen Perlen Akzente. Handgefertigt und UK-gepunzt f\u00fcr Reinheit und t\u00e4glichen Verschlei\u00df.","robots":{"index":"index","follow":"follow","max-snippet":"max-snippet:-1","max-image-preview":"max-image-preview:large","max-video-preview":"max-video-preview:-1"},"canonical":"https:\/\/www.purejewels.com\/de\/produkt-2\/mangalsutra-aus-22-karat-gold\/","og_locale":"de_DE","og_type":"article","og_title":"22ct Gold Minimal Mangalsutra Chain | PureJewels UK","og_description":"Shop a 22ct gold minimal mangalsutra chain with black bead accents. Handcrafted and UK hallmarked for purity and everyday wear.","og_url":"https:\/\/www.purejewels.com\/de\/produkt-2\/mangalsutra-aus-22-karat-gold\/","og_site_name":"PureJewels UK","article_modified_time":"2026-03-24T09:41:16+00:00","og_image":[{"width":1000,"height":1000,"url":"https:\/\/static.purejewels.com\/wp-content\/uploads\/2021\/03\/31906.jpg","type":"image\/jpeg"}],"twitter_card":"summary_large_image","twitter_misc":{"Gesch\u00e4tzte Lesezeit":"1\u00a0Minute"},"schema":{"@context":"https:\/\/schema.org","@graph":[{"@type":["WebPage","ItemPage"],"@id":"https:\/\/www.purejewels.com\/product\/22carat-gold-mangalsutra\/","url":"https:\/\/www.purejewels.com\/product\/22carat-gold-mangalsutra\/","name":"22ct Gold Minimal Mangalsutra Kette | PureJewels UK","isPartOf":{"@id":"https:\/\/www.purejewels.com\/#website"},"primaryImageOfPage":{"@id":"https:\/\/www.purejewels.com\/product\/22carat-gold-mangalsutra\/#primaryimage"},"image":{"@id":"https:\/\/www.purejewels.com\/product\/22carat-gold-mangalsutra\/#primaryimage"},"thumbnailUrl":"https:\/\/static.purejewels.com\/wp-content\/uploads\/2021\/03\/31906.jpg","datePublished":"2021-03-31T12:09:17+00:00","dateModified":"2026-03-24T09:41:16+00:00","description":"Kaufen Sie eine 22 Karat Gold Minimal Mangalsutra Kette mit schwarzen Perlen Akzente. Handgefertigt und UK-gepunzt f\u00fcr Reinheit und t\u00e4glichen Verschlei\u00df.","breadcrumb":{"@id":"https:\/\/www.purejewels.com\/product\/22carat-gold-mangalsutra\/#breadcrumb"},"inLanguage":"de","potentialAction":[{"@type":"ReadAction","target":["https:\/\/www.purejewels.com\/product\/22carat-gold-mangalsutra\/"]}]},{"@type":"ImageObject","inLanguage":"de","@id":"https:\/\/www.purejewels.com\/product\/22carat-gold-mangalsutra\/#primaryimage","url":"https:\/\/static.purejewels.com\/wp-content\/uploads\/2021\/03\/31906.jpg","contentUrl":"https:\/\/static.purejewels.com\/wp-content\/uploads\/2021\/03\/31906.jpg","width":1000,"height":1000,"caption":"22ct Gold Mangalsutra"},{"@type":"BreadcrumbList","@id":"https:\/\/www.purejewels.com\/product\/22carat-gold-mangalsutra\/#breadcrumb","itemListElement":[{"@type":"ListItem","position":1,"name":"Home","item":"https:\/\/www.purejewels.com\/"},{"@type":"ListItem","position":2,"name":"Shop","item":"https:\/\/www.purejewels.com\/shop\/"},{"@type":"ListItem","position":3,"name":"22ct Gold Minimal Black Bead Mangalsutra Chain"}]},{"@type":"WebSite","@id":"https:\/\/www.purejewels.com\/#website","url":"https:\/\/www.purejewels.com\/","name":"PureJewels UK","description":"Teile die Liebe","publisher":{"@id":"https:\/\/www.purejewels.com\/#organization"},"potentialAction":[{"@type":"SearchAction","target":{"@type":"EntryPoint","urlTemplate":"https:\/\/www.purejewels.com\/?s={search_term_string}"},"query-input":{"@type":"PropertyValueSpecification","valueRequired":true,"valueName":"search_term_string"}}],"inLanguage":"de"},{"@type":"Organization","@id":"https:\/\/www.purejewels.com\/#organization","name":"PureJewels UK","url":"https:\/\/www.purejewels.com\/","logo":{"@type":"ImageObject","inLanguage":"de","@id":"https:\/\/www.purejewels.com\/#\/schema\/logo\/image\/","url":"https:\/\/static.purejewels.com\/wp-content\/uploads\/2020\/11\/Logo-PJ-New-1.png","contentUrl":"https:\/\/static.purejewels.com\/wp-content\/uploads\/2020\/11\/Logo-PJ-New-1.png","width":150,"height":80,"caption":"PureJewels UK"},"image":{"@id":"https:\/\/www.purejewels.com\/#\/schema\/logo\/image\/"}}]}},"_links":{"self":[{"href":"https:\/\/www.purejewels.com\/de\/wp-json\/wp\/v2\/product\/322997","targetHints":{"allow":["GET"]}}],"collection":[{"href":"https:\/\/www.purejewels.com\/de\/wp-json\/wp\/v2\/product"}],"about":[{"href":"https:\/\/www.purejewels.com\/de\/wp-json\/wp\/v2\/types\/product"}],"replies":[{"embeddable":true,"href":"https:\/\/www.purejewels.com\/de\/wp-json\/wp\/v2\/comments?post=322997"}],"version-history":[{"count":2,"href":"https:\/\/www.purejewels.com\/de\/wp-json\/wp\/v2\/product\/322997\/revisions"}],"predecessor-version":[{"id":427530,"href":"https:\/\/www.purejewels.com\/de\/wp-json\/wp\/v2\/product\/322997\/revisions\/427530"}],"wp:featuredmedia":[{"embeddable":true,"href":"https:\/\/www.purejewels.com\/de\/wp-json\/wp\/v2\/media\/325050"}],"wp:attachment":[{"href":"https:\/\/www.purejewels.com\/de\/wp-json\/wp\/v2\/media?parent=322997"}],"wp:term":[{"taxonomy":"product_brand","embeddable":true,"href":"https:\/\/www.purejewels.com\/de\/wp-json\/wp\/v2\/product_brand?post=322997"},{"taxonomy":"product_cat","embeddable":true,"href":"https:\/\/www.purejewels.com\/de\/wp-json\/wp\/v2\/product_cat?post=322997"},{"taxonomy":"product_tag","embeddable":true,"href":"https:\/\/www.purejewels.com\/de\/wp-json\/wp\/v2\/product_tag?post=322997"}],"curies":[{"name":"wp","href":"https:\/\/api.w.org\/{rel}","templated":true}]}}