{"id":323414,"date":"2024-11-08T12:38:52","date_gmt":"2024-11-08T12:38:52","guid":{"rendered":"https:\/\/www.purejewels.com\/product\/22kt-gold-hoop-earrings\/"},"modified":"2026-04-28T14:20:55","modified_gmt":"2026-04-28T13:20:55","slug":"22kt-gold-reifen-ohrringe-52158","status":"publish","type":"product","link":"https:\/\/www.purejewels.com\/de\/product\/22kt-gold-hoop-earrings-52158\/","title":{"rendered":"22kt Gelbgold Dailywear Reif-Ohrringe"},"content":{"rendered":"<p data-start=\"114\" data-end=\"192\"><strong data-start=\"114\" data-end=\"153\">22ct Gold Diamantschliff Bali-Ohrringe<\/strong><br data-start=\"153\" data-end=\"156\" \/><em data-start=\"156\" data-end=\"192\">Heritage Craft. Allt\u00e4gliche Ausstrahlung.<\/em><\/p>\n<p data-start=\"194\" data-end=\"457\">Diese Bali-Ohrringe aus 22 Karat Gold zelebrieren traditionelles Design, das mit moderner Raffinesse neu interpretiert wurde. Aus hochreinem Gold gefertigt und mit einer pr\u00e4zisen, diamantgeschliffenen Textur versehen, fangen sie das Licht bei jeder Drehung ein und reflektieren es - mit dezentem Glanz.<\/p>\n<p data-start=\"459\" data-end=\"681\">Die glatte Innenseite und der Scharnierverschluss sorgen f\u00fcr ganzt\u00e4gigen Komfort und machen sie zu einer m\u00fchelosen Wahl f\u00fcr den t\u00e4glichen Gebrauch oder als durchdachtes Geschenk.<\/p>\n<p data-start=\"683\" data-end=\"695\"><strong data-start=\"683\" data-end=\"695\">Einzelheiten:<\/strong><\/p>\n<ul data-start=\"696\" data-end=\"927\">\n<li data-start=\"696\" data-end=\"734\">\n<p data-start=\"698\" data-end=\"734\">Metall: 22 Karat Gelbgold (gepunzt)<\/p>\n<\/li>\n<li data-start=\"735\" data-end=\"788\">\n<p data-start=\"737\" data-end=\"788\">Stil: Klassischer Bali-Reifen mit diamantgeschliffener Verzierung<\/p>\n<\/li>\n<li data-start=\"789\" data-end=\"834\">\n<p data-start=\"791\" data-end=\"834\">Ausf\u00fchrung: Innen hochglanzpoliert, au\u00dfen facettiert<\/p>\n<\/li>\n<li data-start=\"835\" data-end=\"874\">\n<p data-start=\"837\" data-end=\"874\">Verschluss: Scharnierspange f\u00fcr sicheren Halt<\/p>\n<\/li>\n<li data-start=\"875\" data-end=\"927\">\n<p data-start=\"877\" data-end=\"927\">Ideal f\u00fcr: Allt\u00e4gliches Styling oder traditionelle Akzente<\/p>\n<\/li>\n<\/ul>","protected":false},"excerpt":{"rendered":"<p>Diese klassischen Bali-Ohrringe aus reinem 22-kar\u00e4tigem Gold sind mit einem raffinierten Diamantschliffmuster versehen, das f\u00fcr dezentes Funkeln sorgt. Leicht und vielseitig, sind sie eine zeitlose Wahl f\u00fcr die t\u00e4gliche Eleganz.<\/p>\n<p><strong>Material:<\/strong> 22ct Gold (91,6% reines Gold)<strong><br \/>\nWahrzeichen:\u00a0<\/strong>Britisches G\u00fctesiegel<strong><br \/>\n<\/strong><strong>Bruttogewicht: <\/strong><i>4.16<\/i>\u00a0Gms<br \/>\n<strong>Innendurchmesser: <\/strong>17mm<strong><br \/>\nSKU: <\/strong>52156, 53899, 53900, 53901, 53902<\/p>\n<p><strong>Preis und Lieferung<\/strong>:Inklusive Mehrwertsteuer und Lieferkosten<\/p>\n<p><a href=\"https:\/\/www.purejewels.com\/de\/ruckgabepolitik\/\">R\u00fcckgabepolitik<\/a><\/p>","protected":false},"featured_media":400999,"comment_status":"closed","ping_status":"closed","template":"","meta":{"_eb_attr":"","_crsspst_to_jayantr4sg-hostcom":true},"product_brand":[],"product_cat":[1791,1559,1794,1793,5701,1254,1229,1579,5347,1570,5353,5608,1574,5349],"product_tag":[],"class_list":{"0":"post-323414","1":"product","2":"type-product","3":"status-publish","4":"has-post-thumbnail","6":"product_cat-anniversary-gifts","7":"product_cat-birthday-gifts","8":"product_cat-christmas-gifts","9":"product_cat-diwali-gifts","10":"product_cat-eid-jewellery","11":"product_cat-gold-earrings","12":"product_cat-22ct-gold-jewellery","13":"product_cat-hoop-earrings","14":"product_cat-shop-by-metal","15":"product_cat-mothers-day-gifts","16":"product_cat-shop-by","17":"product_cat-simple-hoops","18":"product_cat-womens-jewellery","19":"product_cat-yellow-gold-jewellery","21":"first","22":"instock","23":"taxable","24":"shipping-taxable","25":"purchasable","26":"product-type-simple","27":"add-to-wishlist-before_image"},"yoast_head":"<!-- This site is optimized with the Yoast SEO plugin v27.6 - https:\/\/yoast.com\/product\/yoast-seo-wordpress\/ -->\n<title>Gold Bali Hoops | 22ct Gold Jewellery | PureJewels<\/title>\n<meta name=\"description\" content=\"Discover our Gold Bali Hoops Collection Online. Buy 22 Carat yellow Gold Hoop Earrings. Great for Daily Wear.\" \/>\n<meta name=\"robots\" content=\"index, follow, max-snippet:-1, max-image-preview:large, max-video-preview:-1\" \/>\n<link rel=\"canonical\" href=\"https:\/\/www.purejewels.com\/de\/produkt-2\/22kt-gold-reifen-ohrringe-52158\/\" \/>\n<meta property=\"og:locale\" content=\"de_DE\" \/>\n<meta property=\"og:type\" content=\"article\" \/>\n<meta property=\"og:title\" content=\"Gold Bali Hoops | 22ct Gold Jewellery | PureJewels\" \/>\n<meta property=\"og:description\" content=\"Discover our Gold Bali Hoops Collection Online. Buy 22 Carat yellow Gold Hoop Earrings. Great for Daily Wear.\" \/>\n<meta property=\"og:url\" content=\"https:\/\/www.purejewels.com\/de\/produkt-2\/22kt-gold-reifen-ohrringe-52158\/\" \/>\n<meta property=\"og:site_name\" content=\"PureJewels UK\" \/>\n<meta property=\"article:modified_time\" content=\"2026-04-28T13:20:55+00:00\" \/>\n<meta property=\"og:image\" content=\"https:\/\/static.purejewels.com\/wp-content\/uploads\/2024\/11\/52155.1.png\" \/>\n\t<meta property=\"og:image:width\" content=\"1000\" \/>\n\t<meta property=\"og:image:height\" content=\"1000\" \/>\n\t<meta property=\"og:image:type\" content=\"image\/png\" \/>\n<meta name=\"twitter:card\" content=\"summary_large_image\" \/>\n<meta name=\"twitter:label1\" content=\"Gesch\u00e4tzte Lesezeit\" \/>\n\t<meta name=\"twitter:data1\" content=\"1\u00a0Minute\" \/>\n<script type=\"application\/ld+json\" class=\"yoast-schema-graph\">{\"@context\":\"https:\\\/\\\/schema.org\",\"@graph\":[{\"@type\":[\"WebPage\",\"ItemPage\"],\"@id\":\"https:\\\/\\\/www.purejewels.com\\\/product\\\/22kt-gold-hoop-earrings-52158\\\/\",\"url\":\"https:\\\/\\\/www.purejewels.com\\\/product\\\/22kt-gold-hoop-earrings-52158\\\/\",\"name\":\"Gold Bali Hoops | 22ct Gold Jewellery | PureJewels\",\"isPartOf\":{\"@id\":\"https:\\\/\\\/www.purejewels.com\\\/#website\"},\"primaryImageOfPage\":{\"@id\":\"https:\\\/\\\/www.purejewels.com\\\/product\\\/22kt-gold-hoop-earrings-52158\\\/#primaryimage\"},\"image\":{\"@id\":\"https:\\\/\\\/www.purejewels.com\\\/product\\\/22kt-gold-hoop-earrings-52158\\\/#primaryimage\"},\"thumbnailUrl\":\"https:\\\/\\\/static.purejewels.com\\\/wp-content\\\/uploads\\\/2024\\\/11\\\/52155.1.png\",\"datePublished\":\"2024-11-08T12:38:52+00:00\",\"dateModified\":\"2026-04-28T13:20:55+00:00\",\"description\":\"Discover our Gold Bali Hoops Collection Online. Buy 22 Carat yellow Gold Hoop Earrings. Great for Daily Wear.\",\"breadcrumb\":{\"@id\":\"https:\\\/\\\/www.purejewels.com\\\/product\\\/22kt-gold-hoop-earrings-52158\\\/#breadcrumb\"},\"inLanguage\":\"de\",\"potentialAction\":[{\"@type\":\"ReadAction\",\"target\":[\"https:\\\/\\\/www.purejewels.com\\\/product\\\/22kt-gold-hoop-earrings-52158\\\/\"]}]},{\"@type\":\"ImageObject\",\"inLanguage\":\"de\",\"@id\":\"https:\\\/\\\/www.purejewels.com\\\/product\\\/22kt-gold-hoop-earrings-52158\\\/#primaryimage\",\"url\":\"https:\\\/\\\/static.purejewels.com\\\/wp-content\\\/uploads\\\/2024\\\/11\\\/52155.1.png\",\"contentUrl\":\"https:\\\/\\\/static.purejewels.com\\\/wp-content\\\/uploads\\\/2024\\\/11\\\/52155.1.png\",\"width\":1000,\"height\":1000,\"caption\":\"22ct Gold Bali Earring\"},{\"@type\":\"BreadcrumbList\",\"@id\":\"https:\\\/\\\/www.purejewels.com\\\/product\\\/22kt-gold-hoop-earrings-52158\\\/#breadcrumb\",\"itemListElement\":[{\"@type\":\"ListItem\",\"position\":1,\"name\":\"Home\",\"item\":\"https:\\\/\\\/www.purejewels.com\\\/\"},{\"@type\":\"ListItem\",\"position\":2,\"name\":\"Shop\",\"item\":\"https:\\\/\\\/www.purejewels.com\\\/shop\\\/\"},{\"@type\":\"ListItem\",\"position\":3,\"name\":\"22kt Yellow Gold Dailywear Hoop Earrings\"}]},{\"@type\":\"WebSite\",\"@id\":\"https:\\\/\\\/www.purejewels.com\\\/#website\",\"url\":\"https:\\\/\\\/www.purejewels.com\\\/\",\"name\":\"PureJewels UK\",\"description\":\"Share the Love\",\"publisher\":{\"@id\":\"https:\\\/\\\/www.purejewels.com\\\/#organization\"},\"potentialAction\":[{\"@type\":\"SearchAction\",\"target\":{\"@type\":\"EntryPoint\",\"urlTemplate\":\"https:\\\/\\\/www.purejewels.com\\\/?s={search_term_string}\"},\"query-input\":{\"@type\":\"PropertyValueSpecification\",\"valueRequired\":true,\"valueName\":\"search_term_string\"}}],\"inLanguage\":\"de\"},{\"@type\":\"Organization\",\"@id\":\"https:\\\/\\\/www.purejewels.com\\\/#organization\",\"name\":\"PureJewels UK\",\"url\":\"https:\\\/\\\/www.purejewels.com\\\/\",\"logo\":{\"@type\":\"ImageObject\",\"inLanguage\":\"de\",\"@id\":\"https:\\\/\\\/www.purejewels.com\\\/#\\\/schema\\\/logo\\\/image\\\/\",\"url\":\"https:\\\/\\\/static.purejewels.com\\\/wp-content\\\/uploads\\\/2020\\\/11\\\/Logo-PJ-New-1.png\",\"contentUrl\":\"https:\\\/\\\/static.purejewels.com\\\/wp-content\\\/uploads\\\/2020\\\/11\\\/Logo-PJ-New-1.png\",\"width\":150,\"height\":80,\"caption\":\"PureJewels UK\"},\"image\":{\"@id\":\"https:\\\/\\\/www.purejewels.com\\\/#\\\/schema\\\/logo\\\/image\\\/\"}}]}<\/script>\n<!-- \/ Yoast SEO plugin. -->","yoast_head_json":{"title":"Gold Bali Hoops | 22ct Gold Schmuck | PureJewels","description":"Entdecken Sie unsere Gold Bali Hoops Kollektion online. Kaufen Sie 22 Karat Gelbgold Hoop Ohrringe. Ideal f\u00fcr das t\u00e4gliche Tragen.","robots":{"index":"index","follow":"follow","max-snippet":"max-snippet:-1","max-image-preview":"max-image-preview:large","max-video-preview":"max-video-preview:-1"},"canonical":"https:\/\/www.purejewels.com\/de\/produkt-2\/22kt-gold-reifen-ohrringe-52158\/","og_locale":"de_DE","og_type":"article","og_title":"Gold Bali Hoops | 22ct Gold Jewellery | PureJewels","og_description":"Discover our Gold Bali Hoops Collection Online. Buy 22 Carat yellow Gold Hoop Earrings. Great for Daily Wear.","og_url":"https:\/\/www.purejewels.com\/de\/produkt-2\/22kt-gold-reifen-ohrringe-52158\/","og_site_name":"PureJewels UK","article_modified_time":"2026-04-28T13:20:55+00:00","og_image":[{"width":1000,"height":1000,"url":"https:\/\/static.purejewels.com\/wp-content\/uploads\/2024\/11\/52155.1.png","type":"image\/png"}],"twitter_card":"summary_large_image","twitter_misc":{"Gesch\u00e4tzte Lesezeit":"1\u00a0Minute"},"schema":{"@context":"https:\/\/schema.org","@graph":[{"@type":["WebPage","ItemPage"],"@id":"https:\/\/www.purejewels.com\/product\/22kt-gold-hoop-earrings-52158\/","url":"https:\/\/www.purejewels.com\/product\/22kt-gold-hoop-earrings-52158\/","name":"Gold Bali Hoops | 22ct Gold Schmuck | PureJewels","isPartOf":{"@id":"https:\/\/www.purejewels.com\/#website"},"primaryImageOfPage":{"@id":"https:\/\/www.purejewels.com\/product\/22kt-gold-hoop-earrings-52158\/#primaryimage"},"image":{"@id":"https:\/\/www.purejewels.com\/product\/22kt-gold-hoop-earrings-52158\/#primaryimage"},"thumbnailUrl":"https:\/\/static.purejewels.com\/wp-content\/uploads\/2024\/11\/52155.1.png","datePublished":"2024-11-08T12:38:52+00:00","dateModified":"2026-04-28T13:20:55+00:00","description":"Entdecken Sie unsere Gold Bali Hoops Kollektion online. Kaufen Sie 22 Karat Gelbgold Hoop Ohrringe. Ideal f\u00fcr das t\u00e4gliche Tragen.","breadcrumb":{"@id":"https:\/\/www.purejewels.com\/product\/22kt-gold-hoop-earrings-52158\/#breadcrumb"},"inLanguage":"de","potentialAction":[{"@type":"ReadAction","target":["https:\/\/www.purejewels.com\/product\/22kt-gold-hoop-earrings-52158\/"]}]},{"@type":"ImageObject","inLanguage":"de","@id":"https:\/\/www.purejewels.com\/product\/22kt-gold-hoop-earrings-52158\/#primaryimage","url":"https:\/\/static.purejewels.com\/wp-content\/uploads\/2024\/11\/52155.1.png","contentUrl":"https:\/\/static.purejewels.com\/wp-content\/uploads\/2024\/11\/52155.1.png","width":1000,"height":1000,"caption":"22ct Gold Bali Earring"},{"@type":"BreadcrumbList","@id":"https:\/\/www.purejewels.com\/product\/22kt-gold-hoop-earrings-52158\/#breadcrumb","itemListElement":[{"@type":"ListItem","position":1,"name":"Home","item":"https:\/\/www.purejewels.com\/"},{"@type":"ListItem","position":2,"name":"Shop","item":"https:\/\/www.purejewels.com\/shop\/"},{"@type":"ListItem","position":3,"name":"22kt Yellow Gold Dailywear Hoop Earrings"}]},{"@type":"WebSite","@id":"https:\/\/www.purejewels.com\/#website","url":"https:\/\/www.purejewels.com\/","name":"PureJewels UK","description":"Teile die Liebe","publisher":{"@id":"https:\/\/www.purejewels.com\/#organization"},"potentialAction":[{"@type":"SearchAction","target":{"@type":"EntryPoint","urlTemplate":"https:\/\/www.purejewels.com\/?s={search_term_string}"},"query-input":{"@type":"PropertyValueSpecification","valueRequired":true,"valueName":"search_term_string"}}],"inLanguage":"de"},{"@type":"Organization","@id":"https:\/\/www.purejewels.com\/#organization","name":"PureJewels UK","url":"https:\/\/www.purejewels.com\/","logo":{"@type":"ImageObject","inLanguage":"de","@id":"https:\/\/www.purejewels.com\/#\/schema\/logo\/image\/","url":"https:\/\/static.purejewels.com\/wp-content\/uploads\/2020\/11\/Logo-PJ-New-1.png","contentUrl":"https:\/\/static.purejewels.com\/wp-content\/uploads\/2020\/11\/Logo-PJ-New-1.png","width":150,"height":80,"caption":"PureJewels UK"},"image":{"@id":"https:\/\/www.purejewels.com\/#\/schema\/logo\/image\/"}}]}},"_links":{"self":[{"href":"https:\/\/www.purejewels.com\/de\/wp-json\/wp\/v2\/product\/323414","targetHints":{"allow":["GET"]}}],"collection":[{"href":"https:\/\/www.purejewels.com\/de\/wp-json\/wp\/v2\/product"}],"about":[{"href":"https:\/\/www.purejewels.com\/de\/wp-json\/wp\/v2\/types\/product"}],"replies":[{"embeddable":true,"href":"https:\/\/www.purejewels.com\/de\/wp-json\/wp\/v2\/comments?post=323414"}],"version-history":[{"count":4,"href":"https:\/\/www.purejewels.com\/de\/wp-json\/wp\/v2\/product\/323414\/revisions"}],"predecessor-version":[{"id":423126,"href":"https:\/\/www.purejewels.com\/de\/wp-json\/wp\/v2\/product\/323414\/revisions\/423126"}],"wp:featuredmedia":[{"embeddable":true,"href":"https:\/\/www.purejewels.com\/de\/wp-json\/wp\/v2\/media\/400999"}],"wp:attachment":[{"href":"https:\/\/www.purejewels.com\/de\/wp-json\/wp\/v2\/media?parent=323414"}],"wp:term":[{"taxonomy":"product_brand","embeddable":true,"href":"https:\/\/www.purejewels.com\/de\/wp-json\/wp\/v2\/product_brand?post=323414"},{"taxonomy":"product_cat","embeddable":true,"href":"https:\/\/www.purejewels.com\/de\/wp-json\/wp\/v2\/product_cat?post=323414"},{"taxonomy":"product_tag","embeddable":true,"href":"https:\/\/www.purejewels.com\/de\/wp-json\/wp\/v2\/product_tag?post=323414"}],"curies":[{"name":"wp","href":"https:\/\/api.w.org\/{rel}","templated":true}]}}