{"id":323456,"date":"2021-05-13T11:38:21","date_gmt":"2021-05-13T10:38:21","guid":{"rendered":"https:\/\/www.purejewels.com\/product\/22ct-gold-choker-chain-with-rhodium-finish\/"},"modified":"2024-09-03T07:23:22","modified_gmt":"2024-09-03T06:23:22","slug":"22-karat-goldkette-mit-rhodinierter-oberflache-33636","status":"publish","type":"product","link":"https:\/\/www.purejewels.com\/de\/product\/22ct-gold-choker-chain-with-rhodium-finish-33636\/","title":{"rendered":"22ct Gold Fancy Kette mit Rhodium Finish"},"content":{"rendered":"<p><span style=\"font-weight: 400;\">hains sind m\u00fchelos zu stylen und liegen im Moment voll im Trend. Sie sind organisch, flie\u00dfend und frei flie\u00dfend, wenn es um ihre Silhouette geht, aber wenn es um ihre Details und ihre faszinierende Handwerkskunst geht, ist eine Menge Inspiration von der Natur und den Elementen um uns herum abgeleitet. Es gibt sie in verschiedenen Metallen und Ausf\u00fchrungen sowie in vielen verschiedenen Stilen und Designs, aus denen Sie w\u00e4hlen k\u00f6nnen.\u00a0<\/span><\/p>\n<p><span style=\"font-weight: 400;\">Diese zweifarbige rhodinierte Goldkette von Purejewels wurde von unseren erfahrenen Handwerkern entworfen und von Hand gefertigt. Die zweifarbig plattierte Goldkette ist in 22K gefertigt und beginnt mit k\u00fchnen und doch feinen Ringelementen, die miteinander verbunden sind, gefolgt von strukturierten zweifarbigen kugelf\u00f6rmigen und zylindrischen Elementen, die wundersch\u00f6n an Ihrem Hals sitzen. Das Design ist luxuri\u00f6s, k\u00fchn und stilvoll. Es ist eine Statement-Goldkette, die die Art und Weise ver\u00e4ndern kann, wie Sie sie um Ihren Hals legen, einen Anh\u00e4nger tragen oder sie sogar unabh\u00e4ngig davon stylen.\u00a0<\/span><\/p>","protected":false},"excerpt":{"rendered":"<ul>\n<li>Fancy Kette mit Rhodium Finish<\/li>\n<li>Aus 22 Karat Gelbgold<\/li>\n<li>Wt. 20.4 gms<\/li>\n<li>L\u00e4nge 24 Zoll<\/li>\n<li>SKU. 33636<\/li>\n<li>Alle Preise inklusive Mehrwertsteuer<\/li>\n<li>Alle unsere Produkte sind von London Assay Office gestempelt.<\/li>\n<li>Alle Sets werden mit einer Pr\u00e4sentationsbox geliefert<\/li>\n<li>Lieferung inbegriffen<\/li>\n<li>Kontaktieren Sie uns \/ Live-Chat mit uns f\u00fcr Video des Produkts<\/li>\n<\/ul>","protected":false},"featured_media":326776,"comment_status":"closed","ping_status":"closed","template":"","meta":{"_eb_attr":"","_crsspst_to_jayantr4sg-hostcom":false},"product_brand":[],"product_cat":[5022,1791,1617,1559,1475,1779,1574],"product_tag":[],"class_list":{"0":"post-323456","1":"product","2":"type-product","3":"status-publish","4":"has-post-thumbnail","6":"product_cat-20-inch-mala-chain","7":"product_cat-anniversary-gifts","8":"product_cat-fancy-mala-chains","9":"product_cat-birthday-gifts","10":"product_cat-gold-chains","11":"product_cat-mala-style-necklaces","12":"product_cat-womens-jewellery","14":"first","15":"outofstock","16":"taxable","17":"shipping-taxable","18":"product-type-simple","19":"add-to-wishlist-before_image"},"yoast_head":"<!-- This site is optimized with the Yoast SEO plugin v27.3 - https:\/\/yoast.com\/product\/yoast-seo-wordpress\/ -->\n<title>Buy Online Gold Fancy Chain with Rhodium finish<\/title>\n<meta name=\"description\" content=\"This dual-toned rhodium gold chain, by Purejewels, is designed and crafted seamlessly by hand by our expert craftsmen.\" \/>\n<meta name=\"robots\" content=\"index, follow, max-snippet:-1, max-image-preview:large, max-video-preview:-1\" \/>\n<link rel=\"canonical\" href=\"https:\/\/www.purejewels.com\/de\/produkt-2\/22-karat-goldkette-mit-rhodinierter-oberflache-33636\/\" \/>\n<meta property=\"og:locale\" content=\"de_DE\" \/>\n<meta property=\"og:type\" content=\"article\" \/>\n<meta property=\"og:title\" content=\"Buy Online Gold Fancy Chain with Rhodium finish\" \/>\n<meta property=\"og:description\" content=\"This dual-toned rhodium gold chain, by Purejewels, is designed and crafted seamlessly by hand by our expert craftsmen.\" \/>\n<meta property=\"og:url\" content=\"https:\/\/www.purejewels.com\/de\/produkt-2\/22-karat-goldkette-mit-rhodinierter-oberflache-33636\/\" \/>\n<meta property=\"og:site_name\" content=\"PureJewels UK\" \/>\n<meta property=\"article:modified_time\" content=\"2024-09-03T06:23:22+00:00\" \/>\n<meta property=\"og:image\" content=\"https:\/\/www.purejewels.com\/wp-content\/uploads\/2021\/05\/33636-1.jpg\" \/>\n\t<meta property=\"og:image:width\" content=\"1200\" \/>\n\t<meta property=\"og:image:height\" content=\"1200\" \/>\n\t<meta property=\"og:image:type\" content=\"image\/jpeg\" \/>\n<meta name=\"twitter:card\" content=\"summary_large_image\" \/>\n<meta name=\"twitter:label1\" content=\"Gesch\u00e4tzte Lesezeit\" \/>\n\t<meta name=\"twitter:data1\" content=\"1\u00a0Minute\" \/>\n<script type=\"application\/ld+json\" class=\"yoast-schema-graph\">{\"@context\":\"https:\\\/\\\/schema.org\",\"@graph\":[{\"@type\":[\"WebPage\",\"ItemPage\"],\"@id\":\"https:\\\/\\\/www.purejewels.com\\\/product\\\/22ct-gold-choker-chain-with-rhodium-finish-33636\\\/\",\"url\":\"https:\\\/\\\/www.purejewels.com\\\/product\\\/22ct-gold-choker-chain-with-rhodium-finish-33636\\\/\",\"name\":\"Buy Online Gold Fancy Chain with Rhodium finish\",\"isPartOf\":{\"@id\":\"https:\\\/\\\/www.purejewels.com\\\/#website\"},\"primaryImageOfPage\":{\"@id\":\"https:\\\/\\\/www.purejewels.com\\\/product\\\/22ct-gold-choker-chain-with-rhodium-finish-33636\\\/#primaryimage\"},\"image\":{\"@id\":\"https:\\\/\\\/www.purejewels.com\\\/product\\\/22ct-gold-choker-chain-with-rhodium-finish-33636\\\/#primaryimage\"},\"thumbnailUrl\":\"https:\\\/\\\/static.purejewels.com\\\/wp-content\\\/uploads\\\/2021\\\/05\\\/33636-1.jpg\",\"datePublished\":\"2021-05-13T10:38:21+00:00\",\"dateModified\":\"2024-09-03T06:23:22+00:00\",\"description\":\"This dual-toned rhodium gold chain, by Purejewels, is designed and crafted seamlessly by hand by our expert craftsmen.\",\"breadcrumb\":{\"@id\":\"https:\\\/\\\/www.purejewels.com\\\/product\\\/22ct-gold-choker-chain-with-rhodium-finish-33636\\\/#breadcrumb\"},\"inLanguage\":\"de\",\"potentialAction\":[{\"@type\":\"ReadAction\",\"target\":[\"https:\\\/\\\/www.purejewels.com\\\/product\\\/22ct-gold-choker-chain-with-rhodium-finish-33636\\\/\"]}]},{\"@type\":\"ImageObject\",\"inLanguage\":\"de\",\"@id\":\"https:\\\/\\\/www.purejewels.com\\\/product\\\/22ct-gold-choker-chain-with-rhodium-finish-33636\\\/#primaryimage\",\"url\":\"https:\\\/\\\/static.purejewels.com\\\/wp-content\\\/uploads\\\/2021\\\/05\\\/33636-1.jpg\",\"contentUrl\":\"https:\\\/\\\/static.purejewels.com\\\/wp-content\\\/uploads\\\/2021\\\/05\\\/33636-1.jpg\",\"width\":1200,\"height\":1200,\"caption\":\"22ct Gold Fancy Chain 33636-1\"},{\"@type\":\"BreadcrumbList\",\"@id\":\"https:\\\/\\\/www.purejewels.com\\\/product\\\/22ct-gold-choker-chain-with-rhodium-finish-33636\\\/#breadcrumb\",\"itemListElement\":[{\"@type\":\"ListItem\",\"position\":1,\"name\":\"Home\",\"item\":\"https:\\\/\\\/www.purejewels.com\\\/\"},{\"@type\":\"ListItem\",\"position\":2,\"name\":\"Shop\",\"item\":\"https:\\\/\\\/www.purejewels.com\\\/shop\\\/\"},{\"@type\":\"ListItem\",\"position\":3,\"name\":\"22ct Gold Fancy Chain with Rhodium Finish\"}]},{\"@type\":\"WebSite\",\"@id\":\"https:\\\/\\\/www.purejewels.com\\\/#website\",\"url\":\"https:\\\/\\\/www.purejewels.com\\\/\",\"name\":\"PureJewels UK\",\"description\":\"Share the Love\",\"publisher\":{\"@id\":\"https:\\\/\\\/www.purejewels.com\\\/#organization\"},\"potentialAction\":[{\"@type\":\"SearchAction\",\"target\":{\"@type\":\"EntryPoint\",\"urlTemplate\":\"https:\\\/\\\/www.purejewels.com\\\/?s={search_term_string}\"},\"query-input\":{\"@type\":\"PropertyValueSpecification\",\"valueRequired\":true,\"valueName\":\"search_term_string\"}}],\"inLanguage\":\"de\"},{\"@type\":\"Organization\",\"@id\":\"https:\\\/\\\/www.purejewels.com\\\/#organization\",\"name\":\"PureJewels UK\",\"url\":\"https:\\\/\\\/www.purejewels.com\\\/\",\"logo\":{\"@type\":\"ImageObject\",\"inLanguage\":\"de\",\"@id\":\"https:\\\/\\\/www.purejewels.com\\\/#\\\/schema\\\/logo\\\/image\\\/\",\"url\":\"https:\\\/\\\/static.purejewels.com\\\/wp-content\\\/uploads\\\/2020\\\/11\\\/Logo-PJ-New-1.png\",\"contentUrl\":\"https:\\\/\\\/static.purejewels.com\\\/wp-content\\\/uploads\\\/2020\\\/11\\\/Logo-PJ-New-1.png\",\"width\":150,\"height\":80,\"caption\":\"PureJewels UK\"},\"image\":{\"@id\":\"https:\\\/\\\/www.purejewels.com\\\/#\\\/schema\\\/logo\\\/image\\\/\"}}]}<\/script>\n<!-- \/ Yoast SEO plugin. -->","yoast_head_json":{"title":"Online kaufen Gold Fancy Kette mit Rhodium Finish","description":"Diese zweifarbige rhodinierte Goldkette von Purejewels wurde von unseren erfahrenen Handwerkern entworfen und von Hand gefertigt.","robots":{"index":"index","follow":"follow","max-snippet":"max-snippet:-1","max-image-preview":"max-image-preview:large","max-video-preview":"max-video-preview:-1"},"canonical":"https:\/\/www.purejewels.com\/de\/produkt-2\/22-karat-goldkette-mit-rhodinierter-oberflache-33636\/","og_locale":"de_DE","og_type":"article","og_title":"Buy Online Gold Fancy Chain with Rhodium finish","og_description":"This dual-toned rhodium gold chain, by Purejewels, is designed and crafted seamlessly by hand by our expert craftsmen.","og_url":"https:\/\/www.purejewels.com\/de\/produkt-2\/22-karat-goldkette-mit-rhodinierter-oberflache-33636\/","og_site_name":"PureJewels UK","article_modified_time":"2024-09-03T06:23:22+00:00","og_image":[{"width":1200,"height":1200,"url":"https:\/\/www.purejewels.com\/wp-content\/uploads\/2021\/05\/33636-1.jpg","type":"image\/jpeg"}],"twitter_card":"summary_large_image","twitter_misc":{"Gesch\u00e4tzte Lesezeit":"1\u00a0Minute"},"schema":{"@context":"https:\/\/schema.org","@graph":[{"@type":["WebPage","ItemPage"],"@id":"https:\/\/www.purejewels.com\/product\/22ct-gold-choker-chain-with-rhodium-finish-33636\/","url":"https:\/\/www.purejewels.com\/product\/22ct-gold-choker-chain-with-rhodium-finish-33636\/","name":"Online kaufen Gold Fancy Kette mit Rhodium Finish","isPartOf":{"@id":"https:\/\/www.purejewels.com\/#website"},"primaryImageOfPage":{"@id":"https:\/\/www.purejewels.com\/product\/22ct-gold-choker-chain-with-rhodium-finish-33636\/#primaryimage"},"image":{"@id":"https:\/\/www.purejewels.com\/product\/22ct-gold-choker-chain-with-rhodium-finish-33636\/#primaryimage"},"thumbnailUrl":"https:\/\/static.purejewels.com\/wp-content\/uploads\/2021\/05\/33636-1.jpg","datePublished":"2021-05-13T10:38:21+00:00","dateModified":"2024-09-03T06:23:22+00:00","description":"Diese zweifarbige rhodinierte Goldkette von Purejewels wurde von unseren erfahrenen Handwerkern entworfen und von Hand gefertigt.","breadcrumb":{"@id":"https:\/\/www.purejewels.com\/product\/22ct-gold-choker-chain-with-rhodium-finish-33636\/#breadcrumb"},"inLanguage":"de","potentialAction":[{"@type":"ReadAction","target":["https:\/\/www.purejewels.com\/product\/22ct-gold-choker-chain-with-rhodium-finish-33636\/"]}]},{"@type":"ImageObject","inLanguage":"de","@id":"https:\/\/www.purejewels.com\/product\/22ct-gold-choker-chain-with-rhodium-finish-33636\/#primaryimage","url":"https:\/\/static.purejewels.com\/wp-content\/uploads\/2021\/05\/33636-1.jpg","contentUrl":"https:\/\/static.purejewels.com\/wp-content\/uploads\/2021\/05\/33636-1.jpg","width":1200,"height":1200,"caption":"22ct Gold Fancy Chain 33636-1"},{"@type":"BreadcrumbList","@id":"https:\/\/www.purejewels.com\/product\/22ct-gold-choker-chain-with-rhodium-finish-33636\/#breadcrumb","itemListElement":[{"@type":"ListItem","position":1,"name":"Home","item":"https:\/\/www.purejewels.com\/"},{"@type":"ListItem","position":2,"name":"Shop","item":"https:\/\/www.purejewels.com\/shop\/"},{"@type":"ListItem","position":3,"name":"22ct Gold Fancy Chain with Rhodium Finish"}]},{"@type":"WebSite","@id":"https:\/\/www.purejewels.com\/#website","url":"https:\/\/www.purejewels.com\/","name":"PureJewels UK","description":"Teile die Liebe","publisher":{"@id":"https:\/\/www.purejewels.com\/#organization"},"potentialAction":[{"@type":"SearchAction","target":{"@type":"EntryPoint","urlTemplate":"https:\/\/www.purejewels.com\/?s={search_term_string}"},"query-input":{"@type":"PropertyValueSpecification","valueRequired":true,"valueName":"search_term_string"}}],"inLanguage":"de"},{"@type":"Organization","@id":"https:\/\/www.purejewels.com\/#organization","name":"PureJewels UK","url":"https:\/\/www.purejewels.com\/","logo":{"@type":"ImageObject","inLanguage":"de","@id":"https:\/\/www.purejewels.com\/#\/schema\/logo\/image\/","url":"https:\/\/static.purejewels.com\/wp-content\/uploads\/2020\/11\/Logo-PJ-New-1.png","contentUrl":"https:\/\/static.purejewels.com\/wp-content\/uploads\/2020\/11\/Logo-PJ-New-1.png","width":150,"height":80,"caption":"PureJewels UK"},"image":{"@id":"https:\/\/www.purejewels.com\/#\/schema\/logo\/image\/"}}]}},"_links":{"self":[{"href":"https:\/\/www.purejewels.com\/de\/wp-json\/wp\/v2\/product\/323456","targetHints":{"allow":["GET"]}}],"collection":[{"href":"https:\/\/www.purejewels.com\/de\/wp-json\/wp\/v2\/product"}],"about":[{"href":"https:\/\/www.purejewels.com\/de\/wp-json\/wp\/v2\/types\/product"}],"replies":[{"embeddable":true,"href":"https:\/\/www.purejewels.com\/de\/wp-json\/wp\/v2\/comments?post=323456"}],"version-history":[{"count":1,"href":"https:\/\/www.purejewels.com\/de\/wp-json\/wp\/v2\/product\/323456\/revisions"}],"predecessor-version":[{"id":370828,"href":"https:\/\/www.purejewels.com\/de\/wp-json\/wp\/v2\/product\/323456\/revisions\/370828"}],"wp:featuredmedia":[{"embeddable":true,"href":"https:\/\/www.purejewels.com\/de\/wp-json\/wp\/v2\/media\/326776"}],"wp:attachment":[{"href":"https:\/\/www.purejewels.com\/de\/wp-json\/wp\/v2\/media?parent=323456"}],"wp:term":[{"taxonomy":"product_brand","embeddable":true,"href":"https:\/\/www.purejewels.com\/de\/wp-json\/wp\/v2\/product_brand?post=323456"},{"taxonomy":"product_cat","embeddable":true,"href":"https:\/\/www.purejewels.com\/de\/wp-json\/wp\/v2\/product_cat?post=323456"},{"taxonomy":"product_tag","embeddable":true,"href":"https:\/\/www.purejewels.com\/de\/wp-json\/wp\/v2\/product_tag?post=323456"}],"curies":[{"name":"wp","href":"https:\/\/api.w.org\/{rel}","templated":true}]}}