{"id":323466,"date":"2024-09-20T13:13:14","date_gmt":"2024-09-20T12:13:14","guid":{"rendered":"https:\/\/www.purejewels.com\/product\/22ct-gold-mangalsutra-13-1gm-18-inches\/"},"modified":"2026-01-07T10:48:42","modified_gmt":"2026-01-07T10:48:42","slug":"22-karat-gold-mangalsutra-33731","status":"publish","type":"product","link":"https:\/\/www.purejewels.com\/de\/product\/22-carat-gold-mangalsutra-33731\/","title":{"rendered":"22 Karat Gold Mangalsutra"},"content":{"rendered":"<ul>\n<li><span id=\"urn:enhancement-c29abd9a\" class=\"textannotation\">Gewicht<\/span>: 13.1 gms<\/li>\n<li><span id=\"urn:enhancement-935c9453\" class=\"textannotation\">SKU<\/span>. 33731<\/li>\n<\/ul>","protected":false},"excerpt":{"rendered":"<ul>\n<li>22ct\u00a0<span id=\"urn:enhancement-f3cda60\" class=\"textannotation\">Gold<\/span>\u00a0<span id=\"urn:enhancement-ca833d9f\" class=\"textannotation\">Mangalsutra<\/span><\/li>\n<li><span id=\"urn:enhancement-c29abd9a\" class=\"textannotation\">Gewicht<\/span>: 13.1 gms<\/li>\n<li><span id=\"urn:enhancement-dc1b0cec\" class=\"textannotation\">L\u00e4nge<\/span>: 18\u00a0<span id=\"urn:enhancement-e813ddff\" class=\"textannotation\">Zoll<\/span><\/li>\n<li><span id=\"urn:enhancement-935c9453\" class=\"textannotation\">SKU<\/span>. 33731<\/li>\n<li>Alle\u00a0<span id=\"urn:enhancement-75b5942b\" class=\"textannotation\">Preise<\/span>\u00a0einschlie\u00dflich Mehrwertsteuer<\/li>\n<li>22ct\u00a0<span id=\"urn:enhancement-71285636\" class=\"textannotation\">Gold<\/span>\u00a0Gepunzt von London\u00a0<span id=\"urn:enhancement-824c7401\" class=\"textannotation\">Pr\u00fcfstelle<\/span><\/li>\n<li>Mit einer Pr\u00e4sentationsbox<\/li>\n<li><span id=\"urn:enhancement-e06c9b71\" class=\"textannotation\">Lieferung<\/span>\u00a0ist inbegriffen<\/li>\n<li>Mehr Mangalsutra erkunden<\/li>\n<li>Live\u00a0<span id=\"urn:enhancement-60df707d\" class=\"textannotation\">Chat<\/span>\u00a0Verf\u00fcgbarkeit und weitere Bilder von \u00e4hnlichen Designs, die derzeit in\u00a0<span id=\"urn:enhancement-973de08f\" class=\"textannotation\">Aktie<\/span><\/li>\n<\/ul>","protected":false},"featured_media":353141,"comment_status":"closed","ping_status":"closed","template":"","meta":{"_eb_attr":"","_crsspst_to_jayantr4sg-hostcom":true},"product_brand":[],"product_cat":[1791,1559,1775,1793,1284,1574],"product_tag":[1430],"class_list":{"0":"post-323466","1":"product","2":"type-product","3":"status-publish","4":"has-post-thumbnail","6":"product_cat-anniversary-gifts","7":"product_cat-birthday-gifts","8":"product_cat-daily-wear-mangalsutras","9":"product_cat-diwali-gifts","10":"product_cat-gold-mangalsutras","11":"product_cat-womens-jewellery","12":"product_tag-diwali-gift","14":"first","15":"outofstock","16":"sale","17":"taxable","18":"shipping-taxable","19":"product-type-simple","20":"add-to-wishlist-before_image"},"yoast_head":"<!-- This site is optimized with the Yoast SEO plugin v27.3 - https:\/\/yoast.com\/product\/yoast-seo-wordpress\/ -->\n<title>Shop Online 22 carat Gold Mangalsutra from PureJewels<\/title>\n<meta name=\"description\" content=\"For your bridal day, we have all the ornaments that you need. We carry Mangalsutras for daily wear and occasions as well. Buy Mangalsutra Online.\" \/>\n<meta name=\"robots\" content=\"index, follow, max-snippet:-1, max-image-preview:large, max-video-preview:-1\" \/>\n<link rel=\"canonical\" href=\"https:\/\/www.purejewels.com\/de\/produkt-2\/22-karat-gold-mangalsutra-33731\/\" \/>\n<meta property=\"og:locale\" content=\"de_DE\" \/>\n<meta property=\"og:type\" content=\"article\" \/>\n<meta property=\"og:title\" content=\"Shop Online 22 carat Gold Mangalsutra from PureJewels\" \/>\n<meta property=\"og:description\" content=\"For your bridal day, we have all the ornaments that you need. We carry Mangalsutras for daily wear and occasions as well. Buy Mangalsutra Online.\" \/>\n<meta property=\"og:url\" content=\"https:\/\/www.purejewels.com\/de\/produkt-2\/22-karat-gold-mangalsutra-33731\/\" \/>\n<meta property=\"og:site_name\" content=\"PureJewels UK\" \/>\n<meta property=\"article:modified_time\" content=\"2026-01-07T10:48:42+00:00\" \/>\n<meta property=\"og:image\" content=\"https:\/\/www.purejewels.com\/wp-content\/uploads\/2021\/05\/570.jpg\" \/>\n\t<meta property=\"og:image:width\" content=\"1000\" \/>\n\t<meta property=\"og:image:height\" content=\"1000\" \/>\n\t<meta property=\"og:image:type\" content=\"image\/jpeg\" \/>\n<meta name=\"twitter:card\" content=\"summary_large_image\" \/>\n<script type=\"application\/ld+json\" class=\"yoast-schema-graph\">{\"@context\":\"https:\\\/\\\/schema.org\",\"@graph\":[{\"@type\":[\"WebPage\",\"ItemPage\"],\"@id\":\"https:\\\/\\\/www.purejewels.com\\\/product\\\/22-carat-gold-mangalsutra-33731\\\/\",\"url\":\"https:\\\/\\\/www.purejewels.com\\\/product\\\/22-carat-gold-mangalsutra-33731\\\/\",\"name\":\"Shop Online 22 carat Gold Mangalsutra from PureJewels\",\"isPartOf\":{\"@id\":\"https:\\\/\\\/www.purejewels.com\\\/#website\"},\"primaryImageOfPage\":{\"@id\":\"https:\\\/\\\/www.purejewels.com\\\/product\\\/22-carat-gold-mangalsutra-33731\\\/#primaryimage\"},\"image\":{\"@id\":\"https:\\\/\\\/www.purejewels.com\\\/product\\\/22-carat-gold-mangalsutra-33731\\\/#primaryimage\"},\"thumbnailUrl\":\"https:\\\/\\\/static.purejewels.com\\\/wp-content\\\/uploads\\\/2021\\\/05\\\/570.jpg\",\"datePublished\":\"2024-09-20T12:13:14+00:00\",\"dateModified\":\"2026-01-07T10:48:42+00:00\",\"description\":\"For your bridal day, we have all the ornaments that you need. We carry Mangalsutras for daily wear and occasions as well. Buy Mangalsutra Online.\",\"breadcrumb\":{\"@id\":\"https:\\\/\\\/www.purejewels.com\\\/product\\\/22-carat-gold-mangalsutra-33731\\\/#breadcrumb\"},\"inLanguage\":\"de\",\"potentialAction\":[{\"@type\":\"ReadAction\",\"target\":[\"https:\\\/\\\/www.purejewels.com\\\/product\\\/22-carat-gold-mangalsutra-33731\\\/\"]}]},{\"@type\":\"ImageObject\",\"inLanguage\":\"de\",\"@id\":\"https:\\\/\\\/www.purejewels.com\\\/product\\\/22-carat-gold-mangalsutra-33731\\\/#primaryimage\",\"url\":\"https:\\\/\\\/static.purejewels.com\\\/wp-content\\\/uploads\\\/2021\\\/05\\\/570.jpg\",\"contentUrl\":\"https:\\\/\\\/static.purejewels.com\\\/wp-content\\\/uploads\\\/2021\\\/05\\\/570.jpg\",\"width\":1000,\"height\":1000,\"caption\":\"22 carat Gold Mangalsutra\"},{\"@type\":\"BreadcrumbList\",\"@id\":\"https:\\\/\\\/www.purejewels.com\\\/product\\\/22-carat-gold-mangalsutra-33731\\\/#breadcrumb\",\"itemListElement\":[{\"@type\":\"ListItem\",\"position\":1,\"name\":\"Home\",\"item\":\"https:\\\/\\\/www.purejewels.com\\\/\"},{\"@type\":\"ListItem\",\"position\":2,\"name\":\"Shop\",\"item\":\"https:\\\/\\\/www.purejewels.com\\\/shop\\\/\"},{\"@type\":\"ListItem\",\"position\":3,\"name\":\"22 carat Gold Mangalsutra\"}]},{\"@type\":\"WebSite\",\"@id\":\"https:\\\/\\\/www.purejewels.com\\\/#website\",\"url\":\"https:\\\/\\\/www.purejewels.com\\\/\",\"name\":\"PureJewels UK\",\"description\":\"Share the Love\",\"publisher\":{\"@id\":\"https:\\\/\\\/www.purejewels.com\\\/#organization\"},\"potentialAction\":[{\"@type\":\"SearchAction\",\"target\":{\"@type\":\"EntryPoint\",\"urlTemplate\":\"https:\\\/\\\/www.purejewels.com\\\/?s={search_term_string}\"},\"query-input\":{\"@type\":\"PropertyValueSpecification\",\"valueRequired\":true,\"valueName\":\"search_term_string\"}}],\"inLanguage\":\"de\"},{\"@type\":\"Organization\",\"@id\":\"https:\\\/\\\/www.purejewels.com\\\/#organization\",\"name\":\"PureJewels UK\",\"url\":\"https:\\\/\\\/www.purejewels.com\\\/\",\"logo\":{\"@type\":\"ImageObject\",\"inLanguage\":\"de\",\"@id\":\"https:\\\/\\\/www.purejewels.com\\\/#\\\/schema\\\/logo\\\/image\\\/\",\"url\":\"https:\\\/\\\/static.purejewels.com\\\/wp-content\\\/uploads\\\/2020\\\/11\\\/Logo-PJ-New-1.png\",\"contentUrl\":\"https:\\\/\\\/static.purejewels.com\\\/wp-content\\\/uploads\\\/2020\\\/11\\\/Logo-PJ-New-1.png\",\"width\":150,\"height\":80,\"caption\":\"PureJewels UK\"},\"image\":{\"@id\":\"https:\\\/\\\/www.purejewels.com\\\/#\\\/schema\\\/logo\\\/image\\\/\"}}]}<\/script>\n<!-- \/ Yoast SEO plugin. -->","yoast_head_json":{"title":"Shop Online 22 Karat Gold Mangalsutra von PureJewels","description":"F\u00fcr Ihren Hochzeitstag haben wir alle Ornamente, die Sie brauchen. Wir f\u00fchren auch Mangalsutras f\u00fcr den t\u00e4glichen Gebrauch und f\u00fcr verschiedene Anl\u00e4sse. Mangalsutra online kaufen.","robots":{"index":"index","follow":"follow","max-snippet":"max-snippet:-1","max-image-preview":"max-image-preview:large","max-video-preview":"max-video-preview:-1"},"canonical":"https:\/\/www.purejewels.com\/de\/produkt-2\/22-karat-gold-mangalsutra-33731\/","og_locale":"de_DE","og_type":"article","og_title":"Shop Online 22 carat Gold Mangalsutra from PureJewels","og_description":"For your bridal day, we have all the ornaments that you need. We carry Mangalsutras for daily wear and occasions as well. Buy Mangalsutra Online.","og_url":"https:\/\/www.purejewels.com\/de\/produkt-2\/22-karat-gold-mangalsutra-33731\/","og_site_name":"PureJewels UK","article_modified_time":"2026-01-07T10:48:42+00:00","og_image":[{"width":1000,"height":1000,"url":"https:\/\/www.purejewels.com\/wp-content\/uploads\/2021\/05\/570.jpg","type":"image\/jpeg"}],"twitter_card":"summary_large_image","schema":{"@context":"https:\/\/schema.org","@graph":[{"@type":["WebPage","ItemPage"],"@id":"https:\/\/www.purejewels.com\/product\/22-carat-gold-mangalsutra-33731\/","url":"https:\/\/www.purejewels.com\/product\/22-carat-gold-mangalsutra-33731\/","name":"Shop Online 22 Karat Gold Mangalsutra von PureJewels","isPartOf":{"@id":"https:\/\/www.purejewels.com\/#website"},"primaryImageOfPage":{"@id":"https:\/\/www.purejewels.com\/product\/22-carat-gold-mangalsutra-33731\/#primaryimage"},"image":{"@id":"https:\/\/www.purejewels.com\/product\/22-carat-gold-mangalsutra-33731\/#primaryimage"},"thumbnailUrl":"https:\/\/static.purejewels.com\/wp-content\/uploads\/2021\/05\/570.jpg","datePublished":"2024-09-20T12:13:14+00:00","dateModified":"2026-01-07T10:48:42+00:00","description":"F\u00fcr Ihren Hochzeitstag haben wir alle Ornamente, die Sie brauchen. Wir f\u00fchren auch Mangalsutras f\u00fcr den t\u00e4glichen Gebrauch und f\u00fcr verschiedene Anl\u00e4sse. Mangalsutra online kaufen.","breadcrumb":{"@id":"https:\/\/www.purejewels.com\/product\/22-carat-gold-mangalsutra-33731\/#breadcrumb"},"inLanguage":"de","potentialAction":[{"@type":"ReadAction","target":["https:\/\/www.purejewels.com\/product\/22-carat-gold-mangalsutra-33731\/"]}]},{"@type":"ImageObject","inLanguage":"de","@id":"https:\/\/www.purejewels.com\/product\/22-carat-gold-mangalsutra-33731\/#primaryimage","url":"https:\/\/static.purejewels.com\/wp-content\/uploads\/2021\/05\/570.jpg","contentUrl":"https:\/\/static.purejewels.com\/wp-content\/uploads\/2021\/05\/570.jpg","width":1000,"height":1000,"caption":"22 carat Gold Mangalsutra"},{"@type":"BreadcrumbList","@id":"https:\/\/www.purejewels.com\/product\/22-carat-gold-mangalsutra-33731\/#breadcrumb","itemListElement":[{"@type":"ListItem","position":1,"name":"Home","item":"https:\/\/www.purejewels.com\/"},{"@type":"ListItem","position":2,"name":"Shop","item":"https:\/\/www.purejewels.com\/shop\/"},{"@type":"ListItem","position":3,"name":"22 carat Gold Mangalsutra"}]},{"@type":"WebSite","@id":"https:\/\/www.purejewels.com\/#website","url":"https:\/\/www.purejewels.com\/","name":"PureJewels UK","description":"Teile die Liebe","publisher":{"@id":"https:\/\/www.purejewels.com\/#organization"},"potentialAction":[{"@type":"SearchAction","target":{"@type":"EntryPoint","urlTemplate":"https:\/\/www.purejewels.com\/?s={search_term_string}"},"query-input":{"@type":"PropertyValueSpecification","valueRequired":true,"valueName":"search_term_string"}}],"inLanguage":"de"},{"@type":"Organization","@id":"https:\/\/www.purejewels.com\/#organization","name":"PureJewels UK","url":"https:\/\/www.purejewels.com\/","logo":{"@type":"ImageObject","inLanguage":"de","@id":"https:\/\/www.purejewels.com\/#\/schema\/logo\/image\/","url":"https:\/\/static.purejewels.com\/wp-content\/uploads\/2020\/11\/Logo-PJ-New-1.png","contentUrl":"https:\/\/static.purejewels.com\/wp-content\/uploads\/2020\/11\/Logo-PJ-New-1.png","width":150,"height":80,"caption":"PureJewels UK"},"image":{"@id":"https:\/\/www.purejewels.com\/#\/schema\/logo\/image\/"}}]}},"_links":{"self":[{"href":"https:\/\/www.purejewels.com\/de\/wp-json\/wp\/v2\/product\/323466","targetHints":{"allow":["GET"]}}],"collection":[{"href":"https:\/\/www.purejewels.com\/de\/wp-json\/wp\/v2\/product"}],"about":[{"href":"https:\/\/www.purejewels.com\/de\/wp-json\/wp\/v2\/types\/product"}],"replies":[{"embeddable":true,"href":"https:\/\/www.purejewels.com\/de\/wp-json\/wp\/v2\/comments?post=323466"}],"version-history":[{"count":2,"href":"https:\/\/www.purejewels.com\/de\/wp-json\/wp\/v2\/product\/323466\/revisions"}],"predecessor-version":[{"id":392612,"href":"https:\/\/www.purejewels.com\/de\/wp-json\/wp\/v2\/product\/323466\/revisions\/392612"}],"wp:featuredmedia":[{"embeddable":true,"href":"https:\/\/www.purejewels.com\/de\/wp-json\/wp\/v2\/media\/353141"}],"wp:attachment":[{"href":"https:\/\/www.purejewels.com\/de\/wp-json\/wp\/v2\/media?parent=323466"}],"wp:term":[{"taxonomy":"product_brand","embeddable":true,"href":"https:\/\/www.purejewels.com\/de\/wp-json\/wp\/v2\/product_brand?post=323466"},{"taxonomy":"product_cat","embeddable":true,"href":"https:\/\/www.purejewels.com\/de\/wp-json\/wp\/v2\/product_cat?post=323466"},{"taxonomy":"product_tag","embeddable":true,"href":"https:\/\/www.purejewels.com\/de\/wp-json\/wp\/v2\/product_tag?post=323466"}],"curies":[{"name":"wp","href":"https:\/\/api.w.org\/{rel}","templated":true}]}}