{"id":323470,"date":"2021-05-13T13:49:51","date_gmt":"2021-05-13T12:49:51","guid":{"rendered":"https:\/\/www.purejewels.com\/product\/22ct-gold-milan-chain-20-inches\/"},"modified":"2024-09-12T11:52:54","modified_gmt":"2024-09-12T10:52:54","slug":"22ct-gold-milan-kette-20-zoll-26763","status":"publish","type":"product","link":"https:\/\/www.purejewels.com\/de\/product\/22ct-gold-milan-chain-20-inches-26763\/","title":{"rendered":"22ct Gold | Milan Kette | 20 Zoll | 2,6mm dick"},"content":{"rendered":"<p>[vc_row][vc_column][vc_column_text]<span style=\"font-weight: 400;\"><a href=\"https:\/\/www.purejewels.com\/de\/product-category\/22ct-gold-jewellery\/gold-chains\/\">Chains<\/a> are effortless to style and basically are so in trend right now. They come in different metals and finishes along with many diverse styles and designs to make a pick from. Chains have the power to lift up any and all looks while keeping it simple and elegant at the same time. They add a sense of style with a hint of boldness to your outfits and can be worn in various forms and styles. This Milan Chain in particular, by Purejewels, is beautifully intertwined and linked delicately by hand in 22K Gold. It forms a gorgeous silhouette of 20 Inches as it falls beautifully on your neck and looks delicate and bold at the same time because of its unique stickiness that is perfectly managed by our designers. This 22K gold Milan chain can be worn with almost all outfits and is gender friendly. You could layer it or style it independently or select a pendant from our collection to style along with it and take it to a whole new level.<\/span>[\/vc_column_text][\/vc_column][\/vc_row]<\/p>\n","protected":false},"excerpt":{"rendered":"<ul>\n<li>22ct Gold Milan Kette<\/li>\n<li>Wt. 7.4gms<\/li>\n<li>L\u00e4nge 20 Zoll<\/li>\n<li>Dicke 1,2 mm<\/li>\n<li><span class=\"sku\">SKU.  26763<\/span><\/li>\n<li>Geeignet f\u00fcr M\u00e4nner und Frauen<\/li>\n<li>Alle Preise inklusive Mehrwertsteuer<\/li>\n<li>22ct Gold gestempelt von London Assay Office<\/li>\n<li>Mit Pr\u00e4sentationsbox<\/li>\n<li>Die Lieferkosten sind im Preis inbegriffen.<\/li>\n<li>Live-Chat mit uns f\u00fcr die Verf\u00fcgbarkeit und mehr Bilder von \u00e4hnlichen Designs derzeit auf Lager<\/li>\n<\/ul>","protected":false},"featured_media":323561,"comment_status":"closed","ping_status":"closed","template":"","meta":{"_eb_attr":"","_crsspst_to_jayantr4sg-hostcom":false},"product_brand":[],"product_cat":[5015,5018,1791,1559,1475,1773,1572,1774,1574],"product_tag":[3990],"class_list":{"0":"post-323470","1":"product","2":"type-product","3":"status-publish","4":"has-post-thumbnail","6":"product_cat-20-inch-ladies-chain","7":"product_cat-20-inch-mens-chain","8":"product_cat-anniversary-gifts","9":"product_cat-birthday-gifts","10":"product_cat-gold-chains","11":"product_cat-ladies-chains","12":"product_cat-mens-jewellery","13":"product_cat-mens-chains","14":"product_cat-womens-jewellery","15":"product_tag-22-carat-gold-chain","17":"first","18":"outofstock","19":"taxable","20":"shipping-taxable","21":"product-type-simple","22":"add-to-wishlist-before_image"},"yoast_head":"<!-- This site is optimized with the Yoast SEO plugin v27.3 - https:\/\/yoast.com\/product\/yoast-seo-wordpress\/ -->\n<title>22ct Gold Milan Chain in 20 inches for men and women<\/title>\n<meta name=\"description\" content=\"This Milan Chain in particular, by Purejewels, is beautifully intertwined and linked delicately by hand in 22K Gold.\" \/>\n<meta name=\"robots\" content=\"index, follow, max-snippet:-1, max-image-preview:large, max-video-preview:-1\" \/>\n<link rel=\"canonical\" href=\"https:\/\/www.purejewels.com\/de\/produkt-2\/22ct-gold-milan-kette-20-zoll-26763\/\" \/>\n<meta property=\"og:locale\" content=\"de_DE\" \/>\n<meta property=\"og:type\" content=\"article\" \/>\n<meta property=\"og:title\" content=\"22ct Gold Milan Chain in 20 inches for men and women\" \/>\n<meta property=\"og:description\" content=\"This Milan Chain in particular, by Purejewels, is beautifully intertwined and linked delicately by hand in 22K Gold.\" \/>\n<meta property=\"og:url\" content=\"https:\/\/www.purejewels.com\/de\/produkt-2\/22ct-gold-milan-kette-20-zoll-26763\/\" \/>\n<meta property=\"og:site_name\" content=\"PureJewels UK\" \/>\n<meta property=\"article:modified_time\" content=\"2024-09-12T10:52:54+00:00\" \/>\n<meta property=\"og:image\" content=\"https:\/\/www.purejewels.com\/wp-content\/uploads\/2021\/05\/26763.jpg\" \/>\n\t<meta property=\"og:image:width\" content=\"1000\" \/>\n\t<meta property=\"og:image:height\" content=\"1000\" \/>\n\t<meta property=\"og:image:type\" content=\"image\/jpeg\" \/>\n<meta name=\"twitter:card\" content=\"summary_large_image\" \/>\n<meta name=\"twitter:label1\" content=\"Gesch\u00e4tzte Lesezeit\" \/>\n\t<meta name=\"twitter:data1\" content=\"1\u00a0Minute\" \/>\n<script type=\"application\/ld+json\" class=\"yoast-schema-graph\">{\"@context\":\"https:\\\/\\\/schema.org\",\"@graph\":[{\"@type\":[\"WebPage\",\"ItemPage\"],\"@id\":\"https:\\\/\\\/www.purejewels.com\\\/product\\\/22ct-gold-milan-chain-20-inches-26763\\\/\",\"url\":\"https:\\\/\\\/www.purejewels.com\\\/product\\\/22ct-gold-milan-chain-20-inches-26763\\\/\",\"name\":\"22ct Gold Milan Chain in 20 inches for men and women\",\"isPartOf\":{\"@id\":\"https:\\\/\\\/www.purejewels.com\\\/#website\"},\"primaryImageOfPage\":{\"@id\":\"https:\\\/\\\/www.purejewels.com\\\/product\\\/22ct-gold-milan-chain-20-inches-26763\\\/#primaryimage\"},\"image\":{\"@id\":\"https:\\\/\\\/www.purejewels.com\\\/product\\\/22ct-gold-milan-chain-20-inches-26763\\\/#primaryimage\"},\"thumbnailUrl\":\"https:\\\/\\\/static.purejewels.com\\\/wp-content\\\/uploads\\\/2021\\\/05\\\/26763.jpg\",\"datePublished\":\"2021-05-13T12:49:51+00:00\",\"dateModified\":\"2024-09-12T10:52:54+00:00\",\"description\":\"This Milan Chain in particular, by Purejewels, is beautifully intertwined and linked delicately by hand in 22K Gold.\",\"breadcrumb\":{\"@id\":\"https:\\\/\\\/www.purejewels.com\\\/product\\\/22ct-gold-milan-chain-20-inches-26763\\\/#breadcrumb\"},\"inLanguage\":\"de\",\"potentialAction\":[{\"@type\":\"ReadAction\",\"target\":[\"https:\\\/\\\/www.purejewels.com\\\/product\\\/22ct-gold-milan-chain-20-inches-26763\\\/\"]}]},{\"@type\":\"ImageObject\",\"inLanguage\":\"de\",\"@id\":\"https:\\\/\\\/www.purejewels.com\\\/product\\\/22ct-gold-milan-chain-20-inches-26763\\\/#primaryimage\",\"url\":\"https:\\\/\\\/static.purejewels.com\\\/wp-content\\\/uploads\\\/2021\\\/05\\\/26763.jpg\",\"contentUrl\":\"https:\\\/\\\/static.purejewels.com\\\/wp-content\\\/uploads\\\/2021\\\/05\\\/26763.jpg\",\"width\":1000,\"height\":1000,\"caption\":\"22ct Gold Milan Chain 26763\"},{\"@type\":\"BreadcrumbList\",\"@id\":\"https:\\\/\\\/www.purejewels.com\\\/product\\\/22ct-gold-milan-chain-20-inches-26763\\\/#breadcrumb\",\"itemListElement\":[{\"@type\":\"ListItem\",\"position\":1,\"name\":\"Home\",\"item\":\"https:\\\/\\\/www.purejewels.com\\\/\"},{\"@type\":\"ListItem\",\"position\":2,\"name\":\"Shop\",\"item\":\"https:\\\/\\\/www.purejewels.com\\\/shop\\\/\"},{\"@type\":\"ListItem\",\"position\":3,\"name\":\"22ct Gold | Milan Chain | 20 Inches | 2.6mm Thick\"}]},{\"@type\":\"WebSite\",\"@id\":\"https:\\\/\\\/www.purejewels.com\\\/#website\",\"url\":\"https:\\\/\\\/www.purejewels.com\\\/\",\"name\":\"PureJewels UK\",\"description\":\"Share the Love\",\"publisher\":{\"@id\":\"https:\\\/\\\/www.purejewels.com\\\/#organization\"},\"potentialAction\":[{\"@type\":\"SearchAction\",\"target\":{\"@type\":\"EntryPoint\",\"urlTemplate\":\"https:\\\/\\\/www.purejewels.com\\\/?s={search_term_string}\"},\"query-input\":{\"@type\":\"PropertyValueSpecification\",\"valueRequired\":true,\"valueName\":\"search_term_string\"}}],\"inLanguage\":\"de\"},{\"@type\":\"Organization\",\"@id\":\"https:\\\/\\\/www.purejewels.com\\\/#organization\",\"name\":\"PureJewels UK\",\"url\":\"https:\\\/\\\/www.purejewels.com\\\/\",\"logo\":{\"@type\":\"ImageObject\",\"inLanguage\":\"de\",\"@id\":\"https:\\\/\\\/www.purejewels.com\\\/#\\\/schema\\\/logo\\\/image\\\/\",\"url\":\"https:\\\/\\\/static.purejewels.com\\\/wp-content\\\/uploads\\\/2020\\\/11\\\/Logo-PJ-New-1.png\",\"contentUrl\":\"https:\\\/\\\/static.purejewels.com\\\/wp-content\\\/uploads\\\/2020\\\/11\\\/Logo-PJ-New-1.png\",\"width\":150,\"height\":80,\"caption\":\"PureJewels UK\"},\"image\":{\"@id\":\"https:\\\/\\\/www.purejewels.com\\\/#\\\/schema\\\/logo\\\/image\\\/\"}}]}<\/script>\n<!-- \/ Yoast SEO plugin. -->","yoast_head_json":{"title":"22ct Gold Milan Kette in 20 Zoll f\u00fcr M\u00e4nner und Frauen","description":"Diese Milan-Kette von Purejewels ist wundersch\u00f6n ineinander verschlungen und wird von Hand aus 22-kar\u00e4tigem Gold hergestellt.","robots":{"index":"index","follow":"follow","max-snippet":"max-snippet:-1","max-image-preview":"max-image-preview:large","max-video-preview":"max-video-preview:-1"},"canonical":"https:\/\/www.purejewels.com\/de\/produkt-2\/22ct-gold-milan-kette-20-zoll-26763\/","og_locale":"de_DE","og_type":"article","og_title":"22ct Gold Milan Chain in 20 inches for men and women","og_description":"This Milan Chain in particular, by Purejewels, is beautifully intertwined and linked delicately by hand in 22K Gold.","og_url":"https:\/\/www.purejewels.com\/de\/produkt-2\/22ct-gold-milan-kette-20-zoll-26763\/","og_site_name":"PureJewels UK","article_modified_time":"2024-09-12T10:52:54+00:00","og_image":[{"width":1000,"height":1000,"url":"https:\/\/www.purejewels.com\/wp-content\/uploads\/2021\/05\/26763.jpg","type":"image\/jpeg"}],"twitter_card":"summary_large_image","twitter_misc":{"Gesch\u00e4tzte Lesezeit":"1\u00a0Minute"},"schema":{"@context":"https:\/\/schema.org","@graph":[{"@type":["WebPage","ItemPage"],"@id":"https:\/\/www.purejewels.com\/product\/22ct-gold-milan-chain-20-inches-26763\/","url":"https:\/\/www.purejewels.com\/product\/22ct-gold-milan-chain-20-inches-26763\/","name":"22ct Gold Milan Kette in 20 Zoll f\u00fcr M\u00e4nner und Frauen","isPartOf":{"@id":"https:\/\/www.purejewels.com\/#website"},"primaryImageOfPage":{"@id":"https:\/\/www.purejewels.com\/product\/22ct-gold-milan-chain-20-inches-26763\/#primaryimage"},"image":{"@id":"https:\/\/www.purejewels.com\/product\/22ct-gold-milan-chain-20-inches-26763\/#primaryimage"},"thumbnailUrl":"https:\/\/static.purejewels.com\/wp-content\/uploads\/2021\/05\/26763.jpg","datePublished":"2021-05-13T12:49:51+00:00","dateModified":"2024-09-12T10:52:54+00:00","description":"Diese Milan-Kette von Purejewels ist wundersch\u00f6n ineinander verschlungen und wird von Hand aus 22-kar\u00e4tigem Gold hergestellt.","breadcrumb":{"@id":"https:\/\/www.purejewels.com\/product\/22ct-gold-milan-chain-20-inches-26763\/#breadcrumb"},"inLanguage":"de","potentialAction":[{"@type":"ReadAction","target":["https:\/\/www.purejewels.com\/product\/22ct-gold-milan-chain-20-inches-26763\/"]}]},{"@type":"ImageObject","inLanguage":"de","@id":"https:\/\/www.purejewels.com\/product\/22ct-gold-milan-chain-20-inches-26763\/#primaryimage","url":"https:\/\/static.purejewels.com\/wp-content\/uploads\/2021\/05\/26763.jpg","contentUrl":"https:\/\/static.purejewels.com\/wp-content\/uploads\/2021\/05\/26763.jpg","width":1000,"height":1000,"caption":"22ct Gold Milan Chain 26763"},{"@type":"BreadcrumbList","@id":"https:\/\/www.purejewels.com\/product\/22ct-gold-milan-chain-20-inches-26763\/#breadcrumb","itemListElement":[{"@type":"ListItem","position":1,"name":"Home","item":"https:\/\/www.purejewels.com\/"},{"@type":"ListItem","position":2,"name":"Shop","item":"https:\/\/www.purejewels.com\/shop\/"},{"@type":"ListItem","position":3,"name":"22ct Gold | Milan Chain | 20 Inches | 2.6mm Thick"}]},{"@type":"WebSite","@id":"https:\/\/www.purejewels.com\/#website","url":"https:\/\/www.purejewels.com\/","name":"PureJewels UK","description":"Teile die Liebe","publisher":{"@id":"https:\/\/www.purejewels.com\/#organization"},"potentialAction":[{"@type":"SearchAction","target":{"@type":"EntryPoint","urlTemplate":"https:\/\/www.purejewels.com\/?s={search_term_string}"},"query-input":{"@type":"PropertyValueSpecification","valueRequired":true,"valueName":"search_term_string"}}],"inLanguage":"de"},{"@type":"Organization","@id":"https:\/\/www.purejewels.com\/#organization","name":"PureJewels UK","url":"https:\/\/www.purejewels.com\/","logo":{"@type":"ImageObject","inLanguage":"de","@id":"https:\/\/www.purejewels.com\/#\/schema\/logo\/image\/","url":"https:\/\/static.purejewels.com\/wp-content\/uploads\/2020\/11\/Logo-PJ-New-1.png","contentUrl":"https:\/\/static.purejewels.com\/wp-content\/uploads\/2020\/11\/Logo-PJ-New-1.png","width":150,"height":80,"caption":"PureJewels UK"},"image":{"@id":"https:\/\/www.purejewels.com\/#\/schema\/logo\/image\/"}}]}},"_links":{"self":[{"href":"https:\/\/www.purejewels.com\/de\/wp-json\/wp\/v2\/product\/323470","targetHints":{"allow":["GET"]}}],"collection":[{"href":"https:\/\/www.purejewels.com\/de\/wp-json\/wp\/v2\/product"}],"about":[{"href":"https:\/\/www.purejewels.com\/de\/wp-json\/wp\/v2\/types\/product"}],"replies":[{"embeddable":true,"href":"https:\/\/www.purejewels.com\/de\/wp-json\/wp\/v2\/comments?post=323470"}],"version-history":[{"count":1,"href":"https:\/\/www.purejewels.com\/de\/wp-json\/wp\/v2\/product\/323470\/revisions"}],"predecessor-version":[{"id":371858,"href":"https:\/\/www.purejewels.com\/de\/wp-json\/wp\/v2\/product\/323470\/revisions\/371858"}],"wp:featuredmedia":[{"embeddable":true,"href":"https:\/\/www.purejewels.com\/de\/wp-json\/wp\/v2\/media\/323561"}],"wp:attachment":[{"href":"https:\/\/www.purejewels.com\/de\/wp-json\/wp\/v2\/media?parent=323470"}],"wp:term":[{"taxonomy":"product_brand","embeddable":true,"href":"https:\/\/www.purejewels.com\/de\/wp-json\/wp\/v2\/product_brand?post=323470"},{"taxonomy":"product_cat","embeddable":true,"href":"https:\/\/www.purejewels.com\/de\/wp-json\/wp\/v2\/product_cat?post=323470"},{"taxonomy":"product_tag","embeddable":true,"href":"https:\/\/www.purejewels.com\/de\/wp-json\/wp\/v2\/product_tag?post=323470"}],"curies":[{"name":"wp","href":"https:\/\/api.w.org\/{rel}","templated":true}]}}