{"id":323475,"date":"2026-01-14T06:53:05","date_gmt":"2026-01-14T06:53:05","guid":{"rendered":"https:\/\/www.purejewels.com\/product\/rosettes-collection-22ct-gold-ladies-bracelet-10-1-gm\/"},"modified":"2026-02-25T05:42:34","modified_gmt":"2026-02-25T05:42:34","slug":"22ct-rosetten-rhythmus-armband-52616","status":"publish","type":"product","link":"https:\/\/www.purejewels.com\/de\/product\/22ct-rosettes-rhythm-bracelet-52616\/","title":{"rendered":"22ct Sunrise Rosette Rhythmus Armband | 7inches"},"content":{"rendered":"<p><strong>Gestaltung<\/strong><\/p>\n<p>Das Rosette Rhythm Armband besteht aus einer kontinuierlichen Abfolge von geformten Rosettengliedern, die ein gemessenes, flie\u00dfendes Muster bilden, das sich nat\u00fcrlich mit dem Handgelenk bewegt. Die sanft konturierten Oberfl\u00e4chen und die sich wiederholende Form geben dem Armband seinen unverwechselbaren Rhythmus, w\u00e4hrend das sanfte Antik-Finish ihm Tiefe und Charakter verleiht. Das Armband ist eher zeitlos als dekorativ und spiegelt das Motto der Rosettes-Kollektion wider, die die Reise des Lebens feiert.<\/p>\n<p><strong>Handwerkliches K\u00f6nnen<\/strong><\/p>\n<p>Das handgefertigte Armband aus 22-kar\u00e4tigem Sunrise Gold wird mit einer pr\u00e4zisen Pr\u00e4getechnik hergestellt, die jeder Rosette eine klare Form und gleichm\u00e4\u00dfige Details verleiht. Die f\u00fcr PureJewels charakteristische 22-kar\u00e4tige Legierung sorgt f\u00fcr erh\u00f6hte Festigkeit und Haltbarkeit und macht das Schmuckst\u00fcck alltagstauglich, ohne die Raffinesse zu beeintr\u00e4chtigen. Das dezente Antik-Finish wird von Hand aufgetragen, hebt das Relief der Rosetten hervor und unterstreicht die vom Erbe gepr\u00e4gte \u00c4sthetik der Kollektion. Jedes Armband ist im Vereinigten K\u00f6nigreich gepunzt, um die Reinheit zu gew\u00e4hrleisten.<\/p>\n<p><strong>Styling &amp; Geschenkartikel<\/strong><\/p>\n<p>Das Rosette Rhythm Bracelet ist auf Leichtigkeit und Langlebigkeit ausgelegt. Es sitzt bequem am Handgelenk und l\u00e4sst sich m\u00fchelos vom Tag zum Abend tragen. Es kann als selbstbewusstes Einzelst\u00fcck getragen werden oder f\u00fcr einen ausdrucksstarken Look mit schmalen Goldarmb\u00e4ndern kombiniert werden. Es ist ein ideales Geschenk f\u00fcr Geburtstage, Jahrestage oder pers\u00f6nliche Meilensteine. Es symbolisiert Kontinuit\u00e4t, Widerstandsf\u00e4higkeit und die Sch\u00f6nheit von Momenten, die \u00fcber die Zeit miteinander verbunden sind.<\/p>\n<p>Das 22ct Sunrise Rosette Rhythm Armband zeigt ein durchgehendes Muster aus zarten Rosetten, die bei jeder Bewegung schimmern. Das Armband ist aus reichem 22-kar\u00e4tigem Gold gefertigt und mit seiner zierlichen Silhouette eine raffinierte Wahl f\u00fcr festliche Kleidung. Ein wundersch\u00f6nes Erinnerungsst\u00fcck und eines der sinnvollsten Geschenke zum Zuckerfest f\u00fcr M\u00e4dchen, an das man sich noch viele Jahre lang erinnern wird.<\/p>\n<p>&nbsp;<\/p>","protected":false},"excerpt":{"rendered":"<p>Ein von der Antike inspiriertes Armband aus gepr\u00e4gtem 22-kar\u00e4tigem Sunrise Gold, das sich durch einen kontinuierlichen Rhythmus aus geformten Rosettengliedern auszeichnet. Es ist in dem f\u00fcr PureJewels charakteristischen warmen Farbton gehalten und wurde f\u00fcr den t\u00e4glichen Gebrauch entworfen, bietet Komfort und dauerhafte Eleganz und ist in Gro\u00dfbritannien mit einer Reinheitszertifizierung versehen.<\/p>\n<p><strong>Material:<\/strong> 22 Karat Sunrise Gold (91,61 TP5T Feingold)<br \/>\n<strong>Wahrzeichen:<\/strong> Britisches G\u00fctesiegel<br \/>\n<strong>Bruttogewicht:<\/strong> 6.4 Gms<br \/>\n<strong>L\u00e4nge<\/strong>: 7 Zoll<br \/>\n<strong>SKU<\/strong>: 52616<\/p>\n<p>Preis und Lieferung: Inklusive Mehrwertsteuer und Versandkosten<br \/>\n<strong><a href=\"https:\/\/www.purejewels.com\/de\/ruckgabepolitik\/\">R\u00fcckgabepolitik<\/a><\/strong><\/p>","protected":false},"featured_media":345826,"comment_status":"closed","ping_status":"closed","template":"","meta":{"_eb_attr":"","_crsspst_to_jayantr4sg-hostcom":false},"product_brand":[],"product_cat":[1791,1559,1324,1627,1656,1482,1573,1574],"product_tag":[],"class_list":{"0":"post-323475","1":"product","2":"type-product","3":"status-publish","4":"has-post-thumbnail","6":"product_cat-anniversary-gifts","7":"product_cat-birthday-gifts","8":"product_cat-gold-bracelet","9":"product_cat-ladies-bracelet","10":"product_cat-rosettes-collections","11":"product_cat-uncategorized","12":"product_cat-wedding-gifts","13":"product_cat-womens-jewellery","15":"first","16":"instock","17":"taxable","18":"shipping-taxable","19":"purchasable","20":"product-type-simple","21":"add-to-wishlist-before_image"},"yoast_head":"<!-- This site is optimized with the Yoast SEO plugin v27.3 - https:\/\/yoast.com\/product\/yoast-seo-wordpress\/ -->\n<title>22 Rosettes Rhythm Bracelet With Antique Finish | PureJewels UK<\/title>\n<meta name=\"description\" content=\"Shop Rosette Rhythm Bracelet from PureJewels, handcrafted in 22ct gold and hallmarked in the UK. Gold jewellery, blending traditional craftsmanship with modern design.\" \/>\n<meta name=\"robots\" content=\"noindex, nofollow\" \/>\n<meta property=\"og:locale\" content=\"de_DE\" \/>\n<meta property=\"og:type\" content=\"article\" \/>\n<meta property=\"og:title\" content=\"22 Rosettes Rhythm Bracelet With Antique Finish | PureJewels UK\" \/>\n<meta property=\"og:description\" content=\"Shop Rosette Rhythm Bracelet from PureJewels, handcrafted in 22ct gold and hallmarked in the UK. Gold jewellery, blending traditional craftsmanship with modern design.\" \/>\n<meta property=\"og:url\" content=\"https:\/\/www.purejewels.com\/de\/produkt-2\/22ct-rosetten-rhythmus-armband-52616\/\" \/>\n<meta property=\"og:site_name\" content=\"PureJewels UK\" \/>\n<meta property=\"article:modified_time\" content=\"2026-02-25T05:42:34+00:00\" \/>\n<meta property=\"og:image\" content=\"https:\/\/static.purejewels.com\/wp-content\/uploads\/2023\/04\/SKU-44475.jpg\" \/>\n\t<meta property=\"og:image:width\" content=\"1\" \/>\n\t<meta property=\"og:image:height\" content=\"1\" \/>\n\t<meta property=\"og:image:type\" content=\"image\/jpeg\" \/>\n<meta name=\"twitter:card\" content=\"summary_large_image\" \/>\n<meta name=\"twitter:label1\" content=\"Gesch\u00e4tzte Lesezeit\" \/>\n\t<meta name=\"twitter:data1\" content=\"2\u00a0Minuten\" \/>\n<script type=\"application\/ld+json\" class=\"yoast-schema-graph\">{\"@context\":\"https:\\\/\\\/schema.org\",\"@graph\":[{\"@type\":[\"WebPage\",\"ItemPage\"],\"@id\":\"https:\\\/\\\/www.purejewels.com\\\/product\\\/22ct-rosettes-rhythm-bracelet-52616\\\/\",\"url\":\"https:\\\/\\\/www.purejewels.com\\\/product\\\/22ct-rosettes-rhythm-bracelet-52616\\\/\",\"name\":\"22 Rosettes Rhythm Bracelet With Antique Finish | PureJewels UK\",\"isPartOf\":{\"@id\":\"https:\\\/\\\/www.purejewels.com\\\/#website\"},\"primaryImageOfPage\":{\"@id\":\"https:\\\/\\\/www.purejewels.com\\\/product\\\/22ct-rosettes-rhythm-bracelet-52616\\\/#primaryimage\"},\"image\":{\"@id\":\"https:\\\/\\\/www.purejewels.com\\\/product\\\/22ct-rosettes-rhythm-bracelet-52616\\\/#primaryimage\"},\"thumbnailUrl\":\"https:\\\/\\\/static.purejewels.com\\\/wp-content\\\/uploads\\\/2023\\\/04\\\/SKU-44475.jpg\",\"datePublished\":\"2026-01-14T06:53:05+00:00\",\"dateModified\":\"2026-02-25T05:42:34+00:00\",\"description\":\"Shop Rosette Rhythm Bracelet from PureJewels, handcrafted in 22ct gold and hallmarked in the UK. Gold jewellery, blending traditional craftsmanship with modern design.\",\"breadcrumb\":{\"@id\":\"https:\\\/\\\/www.purejewels.com\\\/product\\\/22ct-rosettes-rhythm-bracelet-52616\\\/#breadcrumb\"},\"inLanguage\":\"de\",\"potentialAction\":[{\"@type\":\"ReadAction\",\"target\":[\"https:\\\/\\\/www.purejewels.com\\\/product\\\/22ct-rosettes-rhythm-bracelet-52616\\\/\"]}]},{\"@type\":\"ImageObject\",\"inLanguage\":\"de\",\"@id\":\"https:\\\/\\\/www.purejewels.com\\\/product\\\/22ct-rosettes-rhythm-bracelet-52616\\\/#primaryimage\",\"url\":\"https:\\\/\\\/static.purejewels.com\\\/wp-content\\\/uploads\\\/2023\\\/04\\\/SKU-44475.jpg\",\"contentUrl\":\"https:\\\/\\\/static.purejewels.com\\\/wp-content\\\/uploads\\\/2023\\\/04\\\/SKU-44475.jpg\",\"caption\":\"22k Gold Bracelet For Women\"},{\"@type\":\"BreadcrumbList\",\"@id\":\"https:\\\/\\\/www.purejewels.com\\\/product\\\/22ct-rosettes-rhythm-bracelet-52616\\\/#breadcrumb\",\"itemListElement\":[{\"@type\":\"ListItem\",\"position\":1,\"name\":\"Home\",\"item\":\"https:\\\/\\\/www.purejewels.com\\\/\"},{\"@type\":\"ListItem\",\"position\":2,\"name\":\"Shop\",\"item\":\"https:\\\/\\\/www.purejewels.com\\\/shop\\\/\"},{\"@type\":\"ListItem\",\"position\":3,\"name\":\"22ct Sunrise Rosette Rhythm Bracelet | 7inches\"}]},{\"@type\":\"WebSite\",\"@id\":\"https:\\\/\\\/www.purejewels.com\\\/#website\",\"url\":\"https:\\\/\\\/www.purejewels.com\\\/\",\"name\":\"PureJewels UK\",\"description\":\"Share the Love\",\"publisher\":{\"@id\":\"https:\\\/\\\/www.purejewels.com\\\/#organization\"},\"potentialAction\":[{\"@type\":\"SearchAction\",\"target\":{\"@type\":\"EntryPoint\",\"urlTemplate\":\"https:\\\/\\\/www.purejewels.com\\\/?s={search_term_string}\"},\"query-input\":{\"@type\":\"PropertyValueSpecification\",\"valueRequired\":true,\"valueName\":\"search_term_string\"}}],\"inLanguage\":\"de\"},{\"@type\":\"Organization\",\"@id\":\"https:\\\/\\\/www.purejewels.com\\\/#organization\",\"name\":\"PureJewels UK\",\"url\":\"https:\\\/\\\/www.purejewels.com\\\/\",\"logo\":{\"@type\":\"ImageObject\",\"inLanguage\":\"de\",\"@id\":\"https:\\\/\\\/www.purejewels.com\\\/#\\\/schema\\\/logo\\\/image\\\/\",\"url\":\"https:\\\/\\\/static.purejewels.com\\\/wp-content\\\/uploads\\\/2020\\\/11\\\/Logo-PJ-New-1.png\",\"contentUrl\":\"https:\\\/\\\/static.purejewels.com\\\/wp-content\\\/uploads\\\/2020\\\/11\\\/Logo-PJ-New-1.png\",\"width\":150,\"height\":80,\"caption\":\"PureJewels UK\"},\"image\":{\"@id\":\"https:\\\/\\\/www.purejewels.com\\\/#\\\/schema\\\/logo\\\/image\\\/\"}}]}<\/script>\n<!-- \/ Yoast SEO plugin. -->","yoast_head_json":{"title":"22 Rosetten Rhythmus Armband mit antikem Finish | PureJewels UK","description":"Shop Rosette Rhythm Bracelet von PureJewels, handgefertigt aus 22 Karat Gold und in Gro\u00dfbritannien gestempelt. Goldschmuck, der traditionelle Handwerkskunst mit modernem Design verbindet.","robots":{"index":"noindex","follow":"nofollow"},"og_locale":"de_DE","og_type":"article","og_title":"22 Rosettes Rhythm Bracelet With Antique Finish | PureJewels UK","og_description":"Shop Rosette Rhythm Bracelet from PureJewels, handcrafted in 22ct gold and hallmarked in the UK. Gold jewellery, blending traditional craftsmanship with modern design.","og_url":"https:\/\/www.purejewels.com\/de\/produkt-2\/22ct-rosetten-rhythmus-armband-52616\/","og_site_name":"PureJewels UK","article_modified_time":"2026-02-25T05:42:34+00:00","og_image":[{"url":"https:\/\/static.purejewels.com\/wp-content\/uploads\/2023\/04\/SKU-44475.jpg","width":1,"height":1,"type":"image\/jpeg"}],"twitter_card":"summary_large_image","twitter_misc":{"Gesch\u00e4tzte Lesezeit":"2\u00a0Minuten"},"schema":{"@context":"https:\/\/schema.org","@graph":[{"@type":["WebPage","ItemPage"],"@id":"https:\/\/www.purejewels.com\/product\/22ct-rosettes-rhythm-bracelet-52616\/","url":"https:\/\/www.purejewels.com\/product\/22ct-rosettes-rhythm-bracelet-52616\/","name":"22 Rosetten Rhythmus Armband mit antikem Finish | PureJewels UK","isPartOf":{"@id":"https:\/\/www.purejewels.com\/#website"},"primaryImageOfPage":{"@id":"https:\/\/www.purejewels.com\/product\/22ct-rosettes-rhythm-bracelet-52616\/#primaryimage"},"image":{"@id":"https:\/\/www.purejewels.com\/product\/22ct-rosettes-rhythm-bracelet-52616\/#primaryimage"},"thumbnailUrl":"https:\/\/static.purejewels.com\/wp-content\/uploads\/2023\/04\/SKU-44475.jpg","datePublished":"2026-01-14T06:53:05+00:00","dateModified":"2026-02-25T05:42:34+00:00","description":"Shop Rosette Rhythm Bracelet von PureJewels, handgefertigt aus 22 Karat Gold und in Gro\u00dfbritannien gestempelt. Goldschmuck, der traditionelle Handwerkskunst mit modernem Design verbindet.","breadcrumb":{"@id":"https:\/\/www.purejewels.com\/product\/22ct-rosettes-rhythm-bracelet-52616\/#breadcrumb"},"inLanguage":"de","potentialAction":[{"@type":"ReadAction","target":["https:\/\/www.purejewels.com\/product\/22ct-rosettes-rhythm-bracelet-52616\/"]}]},{"@type":"ImageObject","inLanguage":"de","@id":"https:\/\/www.purejewels.com\/product\/22ct-rosettes-rhythm-bracelet-52616\/#primaryimage","url":"https:\/\/static.purejewels.com\/wp-content\/uploads\/2023\/04\/SKU-44475.jpg","contentUrl":"https:\/\/static.purejewels.com\/wp-content\/uploads\/2023\/04\/SKU-44475.jpg","caption":"22k Gold Bracelet For Women"},{"@type":"BreadcrumbList","@id":"https:\/\/www.purejewels.com\/product\/22ct-rosettes-rhythm-bracelet-52616\/#breadcrumb","itemListElement":[{"@type":"ListItem","position":1,"name":"Home","item":"https:\/\/www.purejewels.com\/"},{"@type":"ListItem","position":2,"name":"Shop","item":"https:\/\/www.purejewels.com\/shop\/"},{"@type":"ListItem","position":3,"name":"22ct Sunrise Rosette Rhythm Bracelet | 7inches"}]},{"@type":"WebSite","@id":"https:\/\/www.purejewels.com\/#website","url":"https:\/\/www.purejewels.com\/","name":"PureJewels UK","description":"Teile die Liebe","publisher":{"@id":"https:\/\/www.purejewels.com\/#organization"},"potentialAction":[{"@type":"SearchAction","target":{"@type":"EntryPoint","urlTemplate":"https:\/\/www.purejewels.com\/?s={search_term_string}"},"query-input":{"@type":"PropertyValueSpecification","valueRequired":true,"valueName":"search_term_string"}}],"inLanguage":"de"},{"@type":"Organization","@id":"https:\/\/www.purejewels.com\/#organization","name":"PureJewels UK","url":"https:\/\/www.purejewels.com\/","logo":{"@type":"ImageObject","inLanguage":"de","@id":"https:\/\/www.purejewels.com\/#\/schema\/logo\/image\/","url":"https:\/\/static.purejewels.com\/wp-content\/uploads\/2020\/11\/Logo-PJ-New-1.png","contentUrl":"https:\/\/static.purejewels.com\/wp-content\/uploads\/2020\/11\/Logo-PJ-New-1.png","width":150,"height":80,"caption":"PureJewels UK"},"image":{"@id":"https:\/\/www.purejewels.com\/#\/schema\/logo\/image\/"}}]}},"_links":{"self":[{"href":"https:\/\/www.purejewels.com\/de\/wp-json\/wp\/v2\/product\/323475","targetHints":{"allow":["GET"]}}],"collection":[{"href":"https:\/\/www.purejewels.com\/de\/wp-json\/wp\/v2\/product"}],"about":[{"href":"https:\/\/www.purejewels.com\/de\/wp-json\/wp\/v2\/types\/product"}],"replies":[{"embeddable":true,"href":"https:\/\/www.purejewels.com\/de\/wp-json\/wp\/v2\/comments?post=323475"}],"version-history":[{"count":4,"href":"https:\/\/www.purejewels.com\/de\/wp-json\/wp\/v2\/product\/323475\/revisions"}],"predecessor-version":[{"id":426296,"href":"https:\/\/www.purejewels.com\/de\/wp-json\/wp\/v2\/product\/323475\/revisions\/426296"}],"wp:featuredmedia":[{"embeddable":true,"href":"https:\/\/www.purejewels.com\/de\/wp-json\/wp\/v2\/media\/345826"}],"wp:attachment":[{"href":"https:\/\/www.purejewels.com\/de\/wp-json\/wp\/v2\/media?parent=323475"}],"wp:term":[{"taxonomy":"product_brand","embeddable":true,"href":"https:\/\/www.purejewels.com\/de\/wp-json\/wp\/v2\/product_brand?post=323475"},{"taxonomy":"product_cat","embeddable":true,"href":"https:\/\/www.purejewels.com\/de\/wp-json\/wp\/v2\/product_cat?post=323475"},{"taxonomy":"product_tag","embeddable":true,"href":"https:\/\/www.purejewels.com\/de\/wp-json\/wp\/v2\/product_tag?post=323475"}],"curies":[{"name":"wp","href":"https:\/\/api.w.org\/{rel}","templated":true}]}}