{"id":323681,"date":"2021-05-25T17:04:19","date_gmt":"2021-05-25T16:04:19","guid":{"rendered":"https:\/\/www.purejewels.com\/product\/22ct-gold-gents-bracelet-13-7gm\/"},"modified":"2026-01-06T09:55:46","modified_gmt":"2026-01-06T09:55:46","slug":"22ct-gold-herren-armband-13-7gm","status":"publish","type":"product","link":"https:\/\/www.purejewels.com\/de\/product\/22ct-gold-gents-bracelet-13-7gm\/","title":{"rendered":"22ct Gold Armband f\u00fcr Herren 13.7gm"},"content":{"rendered":"<h3 data-start=\"385\" data-end=\"409\"><strong data-start=\"389\" data-end=\"407\">Designkonzept<\/strong><\/h3>\n<p data-start=\"410\" data-end=\"942\">Inspiriert von der Reise des modernen Mannes, der sowohl Tradition als auch Ehrgeiz in sich tr\u00e4gt, ist dieses Armband aus 22 Karat Gold eine skulpturale Darstellung von St\u00e4rke und Kontinuit\u00e4t. Das Design basiert auf klassischer indischer Handwerkskunst, w\u00e4hrend es gleichzeitig eine stromlinienf\u00f6rmige westliche Sensibilit\u00e4t verk\u00f6rpert, was zu einem St\u00fcck f\u00fchrt, das sowohl zeitlos als auch aktuell ist. Seine strukturierte Form ist eine Anspielung auf die maskuline Geometrie, w\u00e4hrend die W\u00e4rme des 22-kar\u00e4tigen Goldes Reinheit und Verm\u00e4chtnis symbolisiert. Dieses Armband zelebriert Meilensteine, Errungenschaften und die ruhige Zuversicht eines modern gewordenen Erbes.<\/p>\n<h3 data-start=\"949\" data-end=\"972\"><strong data-start=\"953\" data-end=\"970\">Handwerkliches K\u00f6nnen<\/strong><\/h3>\n<p data-start=\"973\" data-end=\"1542\">Dieses in unserem britischen Atelier in liebevoller Handarbeit gefertigte Armband spiegelt das Engagement von PureJewels f\u00fcr Exzellenz und Details wider. Es besteht aus massivem 22-kar\u00e4tigem Gold, das vom Londoner Assay Office gestempelt wurde, und zeichnet sich durch eine polierte Oberfl\u00e4che und eine glatte Gliederung f\u00fcr dauerhaften Tragekomfort aus. Jedes Glied wird mit Pr\u00e4zision zusammengesetzt, um sowohl St\u00e4rke als auch Geschmeidigkeit zu gew\u00e4hrleisten. Der sichere Kastenverschluss bietet eine nahtlose Integration und Sicherheit, w\u00e4hrend der Glanz des hochglanzpolierten Goldes die raffinierte Ausstrahlung des Armbands unterstreicht. Dieses Schmuckst\u00fcck wird mit Stolz getragen und als wertvolles Erbst\u00fcck weitergegeben.<\/p>\n<h3 data-start=\"1549\" data-end=\"1572\"><strong data-start=\"1553\" data-end=\"1570\">Styling-Ideen<\/strong><\/h3>\n<ul data-start=\"1573\" data-end=\"2314\">\n<li data-start=\"1573\" data-end=\"1810\">\n<p data-start=\"1575\" data-end=\"1810\"><strong data-start=\"1575\" data-end=\"1597\">Allt\u00e4gliche Eleganz:<\/strong> Tragen Sie dieses Armband als t\u00e4gliches Erkennungszeichen - seine Schlichtheit macht es sowohl f\u00fcr Gesch\u00e4ftskleidung als auch f\u00fcr raffinierte Freizeitkleidung geeignet. Lassen Sie es unter einer knackigen Manschette oder einem Blazer\u00e4rmel hervorblitzen, um ein subtiles, aber unverwechselbares Statement zu setzen.<\/p>\n<\/li>\n<li data-start=\"1811\" data-end=\"1950\">\n<p data-start=\"1813\" data-end=\"1950\"><strong data-start=\"1813\" data-end=\"1830\">Mehrschichtiger Look:<\/strong> F\u00fcr ein vielschichtiges Handgelenk kombinieren Sie sie mit einem schmalen Lederarmband oder einem Zeitmesser in komplement\u00e4ren Farbt\u00f6nen (braun, schwarz oder gold).<\/p>\n<\/li>\n<li data-start=\"1951\" data-end=\"2130\">\n<p data-start=\"1953\" data-end=\"2130\"><strong data-start=\"1953\" data-end=\"1971\">Gelegenheitskleidung:<\/strong> Perfekt f\u00fcr feierliche Anl\u00e4sse, Jubil\u00e4en oder Geschenkmomente. Sein satter Goldton passt m\u00fchelos zu Sherwanis, formellen Anz\u00fcgen oder Abendkleidern.<\/p>\n<\/li>\n<li data-start=\"2131\" data-end=\"2314\">\n<p data-start=\"2133\" data-end=\"2314\"><strong data-start=\"2133\" data-end=\"2154\">Symbolisches Schenken:<\/strong> Ein ideales Geschenk zu pers\u00f6nlichen Meilensteinen wie Geburtstagen, Abschl\u00fcssen, Bef\u00f6rderungen oder wichtigen Lebensereignissen. Verschenken Sie es, um Bewunderung, Tradition und Verm\u00e4chtnis auszudr\u00fccken.<\/p>\n<\/li>\n<\/ul>","protected":false},"excerpt":{"rendered":"<ul>\n<li>22ct Gold Herren Stylist Armband<\/li>\n<li>Wt. 13,7 g<\/li>\n<li>L\u00e4nge 7 Zoll<\/li>\n<li>SKU. 32332<\/li>\n<li>Alle Preise inklusive Mehrwertsteuer<\/li>\n<li>22ct Gold gestempelt von London Assay Office<\/li>\n<li>Mit Pr\u00e4sentationsbox<\/li>\n<li>Lieferung inbegriffen<\/li>\n<li>Live-Chat mit uns f\u00fcr die Verf\u00fcgbarkeit und mehr Bilder von Herrenschmuck Designs derzeit auf Lager<\/li>\n<\/ul>","protected":false},"featured_media":302771,"comment_status":"closed","ping_status":"closed","template":"","meta":{"_eb_attr":"","_crsspst_to_jayantr4sg-hostcom":false},"product_brand":[],"product_cat":[1628,1482],"product_tag":[],"class_list":{"0":"post-323681","1":"product","2":"type-product","3":"status-publish","4":"has-post-thumbnail","6":"product_cat-mens-bracelet","7":"product_cat-uncategorized","9":"first","10":"outofstock","11":"taxable","12":"shipping-taxable","13":"product-type-simple","14":"add-to-wishlist-before_image"},"yoast_head":"<!-- This site is optimized with the Yoast SEO plugin v27.3 - https:\/\/yoast.com\/product\/yoast-seo-wordpress\/ -->\n<title>22ct Gold Gents Bracelet 13.7gm - PureJewels UK<\/title>\n<meta name=\"robots\" content=\"index, follow, max-snippet:-1, max-image-preview:large, max-video-preview:-1\" \/>\n<link rel=\"canonical\" href=\"https:\/\/www.purejewels.com\/de\/produkt-2\/22ct-gold-herren-armband-13-7gm\/\" \/>\n<meta property=\"og:locale\" content=\"de_DE\" \/>\n<meta property=\"og:type\" content=\"article\" \/>\n<meta property=\"og:title\" content=\"22ct Gold Gents Bracelet 13.7gm - PureJewels UK\" \/>\n<meta property=\"og:description\" content=\"22ct Gold Men\u2019s Stylist Bracelet  Wt. 13.7 gms  Length 7 Inches  SKU. 32332  All prices include VAT  22ct Gold\u00a0Hallmarked by London Assay Office  Comes With Presentation Box  Delivery Included  Live chat with us for availability and more images of Men\u2019s Jewellery designs currently in stock\" \/>\n<meta property=\"og:url\" content=\"https:\/\/www.purejewels.com\/de\/produkt-2\/22ct-gold-herren-armband-13-7gm\/\" \/>\n<meta property=\"og:site_name\" content=\"PureJewels UK\" \/>\n<meta property=\"article:modified_time\" content=\"2026-01-06T09:55:46+00:00\" \/>\n<meta property=\"og:image\" content=\"https:\/\/www.purejewels.com\/wp-content\/uploads\/2018\/08\/26671_2-1.png\" \/>\n\t<meta property=\"og:image:width\" content=\"1000\" \/>\n\t<meta property=\"og:image:height\" content=\"1000\" \/>\n\t<meta property=\"og:image:type\" content=\"image\/png\" \/>\n<meta name=\"twitter:card\" content=\"summary_large_image\" \/>\n<meta name=\"twitter:label1\" content=\"Gesch\u00e4tzte Lesezeit\" \/>\n\t<meta name=\"twitter:data1\" content=\"1\u00a0Minute\" \/>\n<script type=\"application\/ld+json\" class=\"yoast-schema-graph\">{\"@context\":\"https:\\\/\\\/schema.org\",\"@graph\":[{\"@type\":[\"WebPage\",\"ItemPage\"],\"@id\":\"https:\\\/\\\/www.purejewels.com\\\/product\\\/22ct-gold-gents-bracelet-13-7gm\\\/\",\"url\":\"https:\\\/\\\/www.purejewels.com\\\/product\\\/22ct-gold-gents-bracelet-13-7gm\\\/\",\"name\":\"22ct Gold Gents Bracelet 13.7gm - PureJewels UK\",\"isPartOf\":{\"@id\":\"https:\\\/\\\/www.purejewels.com\\\/#website\"},\"primaryImageOfPage\":{\"@id\":\"https:\\\/\\\/www.purejewels.com\\\/product\\\/22ct-gold-gents-bracelet-13-7gm\\\/#primaryimage\"},\"image\":{\"@id\":\"https:\\\/\\\/www.purejewels.com\\\/product\\\/22ct-gold-gents-bracelet-13-7gm\\\/#primaryimage\"},\"thumbnailUrl\":\"https:\\\/\\\/static.purejewels.com\\\/wp-content\\\/uploads\\\/2018\\\/08\\\/26671_2-1.png\",\"datePublished\":\"2021-05-25T16:04:19+00:00\",\"dateModified\":\"2026-01-06T09:55:46+00:00\",\"breadcrumb\":{\"@id\":\"https:\\\/\\\/www.purejewels.com\\\/product\\\/22ct-gold-gents-bracelet-13-7gm\\\/#breadcrumb\"},\"inLanguage\":\"de\",\"potentialAction\":[{\"@type\":\"ReadAction\",\"target\":[\"https:\\\/\\\/www.purejewels.com\\\/product\\\/22ct-gold-gents-bracelet-13-7gm\\\/\"]}]},{\"@type\":\"ImageObject\",\"inLanguage\":\"de\",\"@id\":\"https:\\\/\\\/www.purejewels.com\\\/product\\\/22ct-gold-gents-bracelet-13-7gm\\\/#primaryimage\",\"url\":\"https:\\\/\\\/static.purejewels.com\\\/wp-content\\\/uploads\\\/2018\\\/08\\\/26671_2-1.png\",\"contentUrl\":\"https:\\\/\\\/static.purejewels.com\\\/wp-content\\\/uploads\\\/2018\\\/08\\\/26671_2-1.png\",\"width\":1000,\"height\":1000,\"caption\":\"26671_2\"},{\"@type\":\"BreadcrumbList\",\"@id\":\"https:\\\/\\\/www.purejewels.com\\\/product\\\/22ct-gold-gents-bracelet-13-7gm\\\/#breadcrumb\",\"itemListElement\":[{\"@type\":\"ListItem\",\"position\":1,\"name\":\"Home\",\"item\":\"https:\\\/\\\/www.purejewels.com\\\/\"},{\"@type\":\"ListItem\",\"position\":2,\"name\":\"Shop\",\"item\":\"https:\\\/\\\/www.purejewels.com\\\/shop\\\/\"},{\"@type\":\"ListItem\",\"position\":3,\"name\":\"22ct Gold Gents Bracelet 13.7gm\"}]},{\"@type\":\"WebSite\",\"@id\":\"https:\\\/\\\/www.purejewels.com\\\/#website\",\"url\":\"https:\\\/\\\/www.purejewels.com\\\/\",\"name\":\"PureJewels UK\",\"description\":\"Share the Love\",\"publisher\":{\"@id\":\"https:\\\/\\\/www.purejewels.com\\\/#organization\"},\"potentialAction\":[{\"@type\":\"SearchAction\",\"target\":{\"@type\":\"EntryPoint\",\"urlTemplate\":\"https:\\\/\\\/www.purejewels.com\\\/?s={search_term_string}\"},\"query-input\":{\"@type\":\"PropertyValueSpecification\",\"valueRequired\":true,\"valueName\":\"search_term_string\"}}],\"inLanguage\":\"de\"},{\"@type\":\"Organization\",\"@id\":\"https:\\\/\\\/www.purejewels.com\\\/#organization\",\"name\":\"PureJewels UK\",\"url\":\"https:\\\/\\\/www.purejewels.com\\\/\",\"logo\":{\"@type\":\"ImageObject\",\"inLanguage\":\"de\",\"@id\":\"https:\\\/\\\/www.purejewels.com\\\/#\\\/schema\\\/logo\\\/image\\\/\",\"url\":\"https:\\\/\\\/static.purejewels.com\\\/wp-content\\\/uploads\\\/2020\\\/11\\\/Logo-PJ-New-1.png\",\"contentUrl\":\"https:\\\/\\\/static.purejewels.com\\\/wp-content\\\/uploads\\\/2020\\\/11\\\/Logo-PJ-New-1.png\",\"width\":150,\"height\":80,\"caption\":\"PureJewels UK\"},\"image\":{\"@id\":\"https:\\\/\\\/www.purejewels.com\\\/#\\\/schema\\\/logo\\\/image\\\/\"}}]}<\/script>\n<!-- \/ Yoast SEO plugin. -->","yoast_head_json":{"title":"22ct Gold Armband f\u00fcr Herren 13.7gm - PureJewels UK","robots":{"index":"index","follow":"follow","max-snippet":"max-snippet:-1","max-image-preview":"max-image-preview:large","max-video-preview":"max-video-preview:-1"},"canonical":"https:\/\/www.purejewels.com\/de\/produkt-2\/22ct-gold-herren-armband-13-7gm\/","og_locale":"de_DE","og_type":"article","og_title":"22ct Gold Gents Bracelet 13.7gm - PureJewels UK","og_description":"22ct Gold Men\u2019s Stylist Bracelet  Wt. 13.7 gms  Length 7 Inches  SKU. 32332  All prices include VAT  22ct Gold\u00a0Hallmarked by London Assay Office  Comes With Presentation Box  Delivery Included  Live chat with us for availability and more images of Men\u2019s Jewellery designs currently in stock","og_url":"https:\/\/www.purejewels.com\/de\/produkt-2\/22ct-gold-herren-armband-13-7gm\/","og_site_name":"PureJewels UK","article_modified_time":"2026-01-06T09:55:46+00:00","og_image":[{"width":1000,"height":1000,"url":"https:\/\/www.purejewels.com\/wp-content\/uploads\/2018\/08\/26671_2-1.png","type":"image\/png"}],"twitter_card":"summary_large_image","twitter_misc":{"Gesch\u00e4tzte Lesezeit":"1\u00a0Minute"},"schema":{"@context":"https:\/\/schema.org","@graph":[{"@type":["WebPage","ItemPage"],"@id":"https:\/\/www.purejewels.com\/product\/22ct-gold-gents-bracelet-13-7gm\/","url":"https:\/\/www.purejewels.com\/product\/22ct-gold-gents-bracelet-13-7gm\/","name":"22ct Gold Armband f\u00fcr Herren 13.7gm - PureJewels UK","isPartOf":{"@id":"https:\/\/www.purejewels.com\/#website"},"primaryImageOfPage":{"@id":"https:\/\/www.purejewels.com\/product\/22ct-gold-gents-bracelet-13-7gm\/#primaryimage"},"image":{"@id":"https:\/\/www.purejewels.com\/product\/22ct-gold-gents-bracelet-13-7gm\/#primaryimage"},"thumbnailUrl":"https:\/\/static.purejewels.com\/wp-content\/uploads\/2018\/08\/26671_2-1.png","datePublished":"2021-05-25T16:04:19+00:00","dateModified":"2026-01-06T09:55:46+00:00","breadcrumb":{"@id":"https:\/\/www.purejewels.com\/product\/22ct-gold-gents-bracelet-13-7gm\/#breadcrumb"},"inLanguage":"de","potentialAction":[{"@type":"ReadAction","target":["https:\/\/www.purejewels.com\/product\/22ct-gold-gents-bracelet-13-7gm\/"]}]},{"@type":"ImageObject","inLanguage":"de","@id":"https:\/\/www.purejewels.com\/product\/22ct-gold-gents-bracelet-13-7gm\/#primaryimage","url":"https:\/\/static.purejewels.com\/wp-content\/uploads\/2018\/08\/26671_2-1.png","contentUrl":"https:\/\/static.purejewels.com\/wp-content\/uploads\/2018\/08\/26671_2-1.png","width":1000,"height":1000,"caption":"26671_2"},{"@type":"BreadcrumbList","@id":"https:\/\/www.purejewels.com\/product\/22ct-gold-gents-bracelet-13-7gm\/#breadcrumb","itemListElement":[{"@type":"ListItem","position":1,"name":"Home","item":"https:\/\/www.purejewels.com\/"},{"@type":"ListItem","position":2,"name":"Shop","item":"https:\/\/www.purejewels.com\/shop\/"},{"@type":"ListItem","position":3,"name":"22ct Gold Gents Bracelet 13.7gm"}]},{"@type":"WebSite","@id":"https:\/\/www.purejewels.com\/#website","url":"https:\/\/www.purejewels.com\/","name":"PureJewels UK","description":"Teile die Liebe","publisher":{"@id":"https:\/\/www.purejewels.com\/#organization"},"potentialAction":[{"@type":"SearchAction","target":{"@type":"EntryPoint","urlTemplate":"https:\/\/www.purejewels.com\/?s={search_term_string}"},"query-input":{"@type":"PropertyValueSpecification","valueRequired":true,"valueName":"search_term_string"}}],"inLanguage":"de"},{"@type":"Organization","@id":"https:\/\/www.purejewels.com\/#organization","name":"PureJewels UK","url":"https:\/\/www.purejewels.com\/","logo":{"@type":"ImageObject","inLanguage":"de","@id":"https:\/\/www.purejewels.com\/#\/schema\/logo\/image\/","url":"https:\/\/static.purejewels.com\/wp-content\/uploads\/2020\/11\/Logo-PJ-New-1.png","contentUrl":"https:\/\/static.purejewels.com\/wp-content\/uploads\/2020\/11\/Logo-PJ-New-1.png","width":150,"height":80,"caption":"PureJewels UK"},"image":{"@id":"https:\/\/www.purejewels.com\/#\/schema\/logo\/image\/"}}]}},"_links":{"self":[{"href":"https:\/\/www.purejewels.com\/de\/wp-json\/wp\/v2\/product\/323681","targetHints":{"allow":["GET"]}}],"collection":[{"href":"https:\/\/www.purejewels.com\/de\/wp-json\/wp\/v2\/product"}],"about":[{"href":"https:\/\/www.purejewels.com\/de\/wp-json\/wp\/v2\/types\/product"}],"replies":[{"embeddable":true,"href":"https:\/\/www.purejewels.com\/de\/wp-json\/wp\/v2\/comments?post=323681"}],"version-history":[{"count":1,"href":"https:\/\/www.purejewels.com\/de\/wp-json\/wp\/v2\/product\/323681\/revisions"}],"predecessor-version":[{"id":418220,"href":"https:\/\/www.purejewels.com\/de\/wp-json\/wp\/v2\/product\/323681\/revisions\/418220"}],"wp:featuredmedia":[{"embeddable":true,"href":"https:\/\/www.purejewels.com\/de\/wp-json\/wp\/v2\/media\/302771"}],"wp:attachment":[{"href":"https:\/\/www.purejewels.com\/de\/wp-json\/wp\/v2\/media?parent=323681"}],"wp:term":[{"taxonomy":"product_brand","embeddable":true,"href":"https:\/\/www.purejewels.com\/de\/wp-json\/wp\/v2\/product_brand?post=323681"},{"taxonomy":"product_cat","embeddable":true,"href":"https:\/\/www.purejewels.com\/de\/wp-json\/wp\/v2\/product_cat?post=323681"},{"taxonomy":"product_tag","embeddable":true,"href":"https:\/\/www.purejewels.com\/de\/wp-json\/wp\/v2\/product_tag?post=323681"}],"curies":[{"name":"wp","href":"https:\/\/api.w.org\/{rel}","templated":true}]}}