{"id":324360,"date":"2021-06-09T11:22:36","date_gmt":"2021-06-09T10:22:36","guid":{"rendered":"https:\/\/www.purejewels.com\/product\/mens-wedding-rings-uk\/"},"modified":"2026-01-07T05:53:47","modified_gmt":"2026-01-07T05:53:47","slug":"mens-wedding-rings-uk-33851","status":"publish","type":"product","link":"https:\/\/www.purejewels.com\/de\/product\/mens-wedding-rings-uk-33851\/","title":{"rendered":"Ehering f\u00fcr M\u00e4nner UK"},"content":{"rendered":"<p>Suchen Sie nach dem perfekten Ehering f\u00fcr M\u00e4nner in Gro\u00dfbritannien? Suchen Sie nicht weiter als PureJewels. Unsere Eheringe f\u00fcr M\u00e4nner aus 22 Karat Gold sind der Inbegriff von Luxus und Stil. Jeder Ring wird sorgf\u00e4ltig mit einem Gewicht von 6,1 Gramm und einer Dicke von 7 mm gefertigt, um einen bequemen Sitz zu gew\u00e4hrleisten, der ein Leben lang halten wird.<\/p>\n<p>Unsere Eheringe f\u00fcr M\u00e4nner k\u00f6nnen auf Bestellung genau nach Ihrer Fingergr\u00f6\u00dfe angefertigt werden, was eine perfekte Passform garantiert. Jeder Ring ist vom London Assay Office gepunzt, so dass Sie auf die Qualit\u00e4t und Echtheit Ihres Kaufs vertrauen k\u00f6nnen. Au\u00dferdem werden alle unsere Eheringe in einer sch\u00f6nen Pr\u00e4sentationsbox geliefert, und die Lieferung ist kostenlos.<\/p>\n<p>Bei PureJewels sind wir bestrebt, unseren Kunden das bestm\u00f6gliche Erlebnis zu bieten. Kaufen Sie mit Zuversicht ein, denn Sie wissen, dass Ihr Kauf bei jedem Schritt des Weges gesch\u00fctzt ist.<\/p>\n<p>Entdecken Sie unsere gesamte Kollektion an Eheringen und finden Sie den perfekten Ring f\u00fcr Ihren besonderen Tag. Bestellen Sie Ihren Ehering f\u00fcr M\u00e4nner noch heute bei PureJewels.<\/p>","protected":false},"excerpt":{"rendered":"<ul>\n<li>22ct Gold M<span data-sheets-value=\"{\" data-sheets-userformat=\"{\">ens Trauringe UK<\/span><\/li>\n<li>Ring-Gewicht 6,1 g.<\/li>\n<li>Gr\u00f6\u00dfe. T<\/li>\n<li>Dicke. 7mm<\/li>\n<li>SKU 33851<\/li>\n<li>Kann auf Bestellung in Ihrer Fingergr\u00f6\u00dfe angefertigt werden<\/li>\n<li>Alle unsere Produkte sind vom London Assay Office gestempelt.<\/li>\n<li>Mit Pr\u00e4sentationsbox<\/li>\n<li>Lieferung inbegriffen<\/li>\n<li>Alle Preise inklusive Mehrwertsteuer<\/li>\n<li>Kontaktieren Sie uns \/ chatten Sie mit uns, um unsere gesamte Kollektion von Hochzeitsbands zu entdecken<\/li>\n<\/ul>","protected":false},"featured_media":324425,"comment_status":"closed","ping_status":"closed","template":"","meta":{"_eb_attr":"","_crsspst_to_jayantr4sg-hostcom":false},"product_brand":[],"product_cat":[1640,1784,1235,1572,229,226],"product_tag":[],"class_list":{"0":"post-324360","1":"product","2":"type-product","3":"status-publish","4":"has-post-thumbnail","6":"product_cat-22ct-gold-bands","7":"product_cat-gents-rings","8":"product_cat-gold-rings","9":"product_cat-mens-jewellery","10":"product_cat-wedding-bands","11":"product_cat-wedding-rings-bands","13":"first","14":"outofstock","15":"taxable","16":"shipping-taxable","17":"product-type-simple","18":"add-to-wishlist-before_image"},"yoast_head":"<!-- This site is optimized with the Yoast SEO plugin v27.5 - https:\/\/yoast.com\/product\/yoast-seo-wordpress\/ -->\n<title>Mens Wedding Rings UK | Gold Wedding Bands | PureJewels<\/title>\n<meta name=\"description\" content=\"Discover our Collection of Men&#039;s Jewellery UK. Buy 22ct Gold Men&#039;s Wedding Rings. All our Wedding Bands are hallmarked by London Assay Office.\" \/>\n<meta name=\"robots\" content=\"index, follow, max-snippet:-1, max-image-preview:large, max-video-preview:-1\" \/>\n<link rel=\"canonical\" href=\"https:\/\/www.purejewels.com\/de\/produkt-2\/mens-wedding-rings-uk-33851\/\" \/>\n<meta property=\"og:locale\" content=\"de_DE\" \/>\n<meta property=\"og:type\" content=\"article\" \/>\n<meta property=\"og:title\" content=\"Mens Wedding Rings UK | Gold Wedding Bands | PureJewels\" \/>\n<meta property=\"og:description\" content=\"Discover our Collection of Men&#039;s Jewellery UK. Buy 22ct Gold Men&#039;s Wedding Rings. All our Wedding Bands are hallmarked by London Assay Office.\" \/>\n<meta property=\"og:url\" content=\"https:\/\/www.purejewels.com\/de\/produkt-2\/mens-wedding-rings-uk-33851\/\" \/>\n<meta property=\"og:site_name\" content=\"PureJewels UK\" \/>\n<meta property=\"article:modified_time\" content=\"2026-01-07T05:53:47+00:00\" \/>\n<meta property=\"og:image\" content=\"https:\/\/www.purejewels.com\/wp-content\/uploads\/2021\/06\/33851-1.jpg\" \/>\n\t<meta property=\"og:image:width\" content=\"1000\" \/>\n\t<meta property=\"og:image:height\" content=\"1000\" \/>\n\t<meta property=\"og:image:type\" content=\"image\/jpeg\" \/>\n<meta name=\"twitter:card\" content=\"summary_large_image\" \/>\n<meta name=\"twitter:label1\" content=\"Gesch\u00e4tzte Lesezeit\" \/>\n\t<meta name=\"twitter:data1\" content=\"1\u00a0Minute\" \/>\n<script type=\"application\/ld+json\" class=\"yoast-schema-graph\">{\"@context\":\"https:\\\/\\\/schema.org\",\"@graph\":[{\"@type\":[\"WebPage\",\"ItemPage\"],\"@id\":\"https:\\\/\\\/www.purejewels.com\\\/product\\\/mens-wedding-rings-uk-33851\\\/\",\"url\":\"https:\\\/\\\/www.purejewels.com\\\/product\\\/mens-wedding-rings-uk-33851\\\/\",\"name\":\"Mens Wedding Rings UK | Gold Wedding Bands | PureJewels\",\"isPartOf\":{\"@id\":\"https:\\\/\\\/www.purejewels.com\\\/#website\"},\"primaryImageOfPage\":{\"@id\":\"https:\\\/\\\/www.purejewels.com\\\/product\\\/mens-wedding-rings-uk-33851\\\/#primaryimage\"},\"image\":{\"@id\":\"https:\\\/\\\/www.purejewels.com\\\/product\\\/mens-wedding-rings-uk-33851\\\/#primaryimage\"},\"thumbnailUrl\":\"https:\\\/\\\/static.purejewels.com\\\/wp-content\\\/uploads\\\/2021\\\/06\\\/33851-1.jpg\",\"datePublished\":\"2021-06-09T10:22:36+00:00\",\"dateModified\":\"2026-01-07T05:53:47+00:00\",\"description\":\"Discover our Collection of Men's Jewellery UK. Buy 22ct Gold Men's Wedding Rings. All our Wedding Bands are hallmarked by London Assay Office.\",\"breadcrumb\":{\"@id\":\"https:\\\/\\\/www.purejewels.com\\\/product\\\/mens-wedding-rings-uk-33851\\\/#breadcrumb\"},\"inLanguage\":\"de\",\"potentialAction\":[{\"@type\":\"ReadAction\",\"target\":[\"https:\\\/\\\/www.purejewels.com\\\/product\\\/mens-wedding-rings-uk-33851\\\/\"]}]},{\"@type\":\"ImageObject\",\"inLanguage\":\"de\",\"@id\":\"https:\\\/\\\/www.purejewels.com\\\/product\\\/mens-wedding-rings-uk-33851\\\/#primaryimage\",\"url\":\"https:\\\/\\\/static.purejewels.com\\\/wp-content\\\/uploads\\\/2021\\\/06\\\/33851-1.jpg\",\"contentUrl\":\"https:\\\/\\\/static.purejewels.com\\\/wp-content\\\/uploads\\\/2021\\\/06\\\/33851-1.jpg\",\"width\":1000,\"height\":1000,\"caption\":\"Mens Wedding Rings UK - 33851-1\"},{\"@type\":\"BreadcrumbList\",\"@id\":\"https:\\\/\\\/www.purejewels.com\\\/product\\\/mens-wedding-rings-uk-33851\\\/#breadcrumb\",\"itemListElement\":[{\"@type\":\"ListItem\",\"position\":1,\"name\":\"Home\",\"item\":\"https:\\\/\\\/www.purejewels.com\\\/\"},{\"@type\":\"ListItem\",\"position\":2,\"name\":\"Shop\",\"item\":\"https:\\\/\\\/www.purejewels.com\\\/shop\\\/\"},{\"@type\":\"ListItem\",\"position\":3,\"name\":\"Mens Wedding Ring UK\"}]},{\"@type\":\"WebSite\",\"@id\":\"https:\\\/\\\/www.purejewels.com\\\/#website\",\"url\":\"https:\\\/\\\/www.purejewels.com\\\/\",\"name\":\"PureJewels UK\",\"description\":\"Share the Love\",\"publisher\":{\"@id\":\"https:\\\/\\\/www.purejewels.com\\\/#organization\"},\"potentialAction\":[{\"@type\":\"SearchAction\",\"target\":{\"@type\":\"EntryPoint\",\"urlTemplate\":\"https:\\\/\\\/www.purejewels.com\\\/?s={search_term_string}\"},\"query-input\":{\"@type\":\"PropertyValueSpecification\",\"valueRequired\":true,\"valueName\":\"search_term_string\"}}],\"inLanguage\":\"de\"},{\"@type\":\"Organization\",\"@id\":\"https:\\\/\\\/www.purejewels.com\\\/#organization\",\"name\":\"PureJewels UK\",\"url\":\"https:\\\/\\\/www.purejewels.com\\\/\",\"logo\":{\"@type\":\"ImageObject\",\"inLanguage\":\"de\",\"@id\":\"https:\\\/\\\/www.purejewels.com\\\/#\\\/schema\\\/logo\\\/image\\\/\",\"url\":\"https:\\\/\\\/static.purejewels.com\\\/wp-content\\\/uploads\\\/2020\\\/11\\\/Logo-PJ-New-1.png\",\"contentUrl\":\"https:\\\/\\\/static.purejewels.com\\\/wp-content\\\/uploads\\\/2020\\\/11\\\/Logo-PJ-New-1.png\",\"width\":150,\"height\":80,\"caption\":\"PureJewels UK\"},\"image\":{\"@id\":\"https:\\\/\\\/www.purejewels.com\\\/#\\\/schema\\\/logo\\\/image\\\/\"}}]}<\/script>\n<!-- \/ Yoast SEO plugin. -->","yoast_head_json":{"title":"Herren Eheringe UK | Gold Eheringe | PureJewels","description":"Entdecken Sie unsere Kollektion von Herrenschmuck UK. Kaufen Sie 22ct Gold Eheringe f\u00fcr M\u00e4nner. Alle unsere Eheringe sind von London Assay Office gestempelt.","robots":{"index":"index","follow":"follow","max-snippet":"max-snippet:-1","max-image-preview":"max-image-preview:large","max-video-preview":"max-video-preview:-1"},"canonical":"https:\/\/www.purejewels.com\/de\/produkt-2\/mens-wedding-rings-uk-33851\/","og_locale":"de_DE","og_type":"article","og_title":"Mens Wedding Rings UK | Gold Wedding Bands | PureJewels","og_description":"Discover our Collection of Men's Jewellery UK. Buy 22ct Gold Men's Wedding Rings. All our Wedding Bands are hallmarked by London Assay Office.","og_url":"https:\/\/www.purejewels.com\/de\/produkt-2\/mens-wedding-rings-uk-33851\/","og_site_name":"PureJewels UK","article_modified_time":"2026-01-07T05:53:47+00:00","og_image":[{"width":1000,"height":1000,"url":"https:\/\/www.purejewels.com\/wp-content\/uploads\/2021\/06\/33851-1.jpg","type":"image\/jpeg"}],"twitter_card":"summary_large_image","twitter_misc":{"Gesch\u00e4tzte Lesezeit":"1\u00a0Minute"},"schema":{"@context":"https:\/\/schema.org","@graph":[{"@type":["WebPage","ItemPage"],"@id":"https:\/\/www.purejewels.com\/product\/mens-wedding-rings-uk-33851\/","url":"https:\/\/www.purejewels.com\/product\/mens-wedding-rings-uk-33851\/","name":"Herren Eheringe UK | Gold Eheringe | PureJewels","isPartOf":{"@id":"https:\/\/www.purejewels.com\/#website"},"primaryImageOfPage":{"@id":"https:\/\/www.purejewels.com\/product\/mens-wedding-rings-uk-33851\/#primaryimage"},"image":{"@id":"https:\/\/www.purejewels.com\/product\/mens-wedding-rings-uk-33851\/#primaryimage"},"thumbnailUrl":"https:\/\/static.purejewels.com\/wp-content\/uploads\/2021\/06\/33851-1.jpg","datePublished":"2021-06-09T10:22:36+00:00","dateModified":"2026-01-07T05:53:47+00:00","description":"Entdecken Sie unsere Kollektion von Herrenschmuck UK. Kaufen Sie 22ct Gold Eheringe f\u00fcr M\u00e4nner. Alle unsere Eheringe sind von London Assay Office gestempelt.","breadcrumb":{"@id":"https:\/\/www.purejewels.com\/product\/mens-wedding-rings-uk-33851\/#breadcrumb"},"inLanguage":"de","potentialAction":[{"@type":"ReadAction","target":["https:\/\/www.purejewels.com\/product\/mens-wedding-rings-uk-33851\/"]}]},{"@type":"ImageObject","inLanguage":"de","@id":"https:\/\/www.purejewels.com\/product\/mens-wedding-rings-uk-33851\/#primaryimage","url":"https:\/\/static.purejewels.com\/wp-content\/uploads\/2021\/06\/33851-1.jpg","contentUrl":"https:\/\/static.purejewels.com\/wp-content\/uploads\/2021\/06\/33851-1.jpg","width":1000,"height":1000,"caption":"Mens Wedding Rings UK - 33851-1"},{"@type":"BreadcrumbList","@id":"https:\/\/www.purejewels.com\/product\/mens-wedding-rings-uk-33851\/#breadcrumb","itemListElement":[{"@type":"ListItem","position":1,"name":"Home","item":"https:\/\/www.purejewels.com\/"},{"@type":"ListItem","position":2,"name":"Shop","item":"https:\/\/www.purejewels.com\/shop\/"},{"@type":"ListItem","position":3,"name":"Mens Wedding Ring UK"}]},{"@type":"WebSite","@id":"https:\/\/www.purejewels.com\/#website","url":"https:\/\/www.purejewels.com\/","name":"PureJewels UK","description":"Teile die Liebe","publisher":{"@id":"https:\/\/www.purejewels.com\/#organization"},"potentialAction":[{"@type":"SearchAction","target":{"@type":"EntryPoint","urlTemplate":"https:\/\/www.purejewels.com\/?s={search_term_string}"},"query-input":{"@type":"PropertyValueSpecification","valueRequired":true,"valueName":"search_term_string"}}],"inLanguage":"de"},{"@type":"Organization","@id":"https:\/\/www.purejewels.com\/#organization","name":"PureJewels UK","url":"https:\/\/www.purejewels.com\/","logo":{"@type":"ImageObject","inLanguage":"de","@id":"https:\/\/www.purejewels.com\/#\/schema\/logo\/image\/","url":"https:\/\/static.purejewels.com\/wp-content\/uploads\/2020\/11\/Logo-PJ-New-1.png","contentUrl":"https:\/\/static.purejewels.com\/wp-content\/uploads\/2020\/11\/Logo-PJ-New-1.png","width":150,"height":80,"caption":"PureJewels UK"},"image":{"@id":"https:\/\/www.purejewels.com\/#\/schema\/logo\/image\/"}}]}},"_links":{"self":[{"href":"https:\/\/www.purejewels.com\/de\/wp-json\/wp\/v2\/product\/324360","targetHints":{"allow":["GET"]}}],"collection":[{"href":"https:\/\/www.purejewels.com\/de\/wp-json\/wp\/v2\/product"}],"about":[{"href":"https:\/\/www.purejewels.com\/de\/wp-json\/wp\/v2\/types\/product"}],"replies":[{"embeddable":true,"href":"https:\/\/www.purejewels.com\/de\/wp-json\/wp\/v2\/comments?post=324360"}],"version-history":[{"count":1,"href":"https:\/\/www.purejewels.com\/de\/wp-json\/wp\/v2\/product\/324360\/revisions"}],"predecessor-version":[{"id":420839,"href":"https:\/\/www.purejewels.com\/de\/wp-json\/wp\/v2\/product\/324360\/revisions\/420839"}],"wp:featuredmedia":[{"embeddable":true,"href":"https:\/\/www.purejewels.com\/de\/wp-json\/wp\/v2\/media\/324425"}],"wp:attachment":[{"href":"https:\/\/www.purejewels.com\/de\/wp-json\/wp\/v2\/media?parent=324360"}],"wp:term":[{"taxonomy":"product_brand","embeddable":true,"href":"https:\/\/www.purejewels.com\/de\/wp-json\/wp\/v2\/product_brand?post=324360"},{"taxonomy":"product_cat","embeddable":true,"href":"https:\/\/www.purejewels.com\/de\/wp-json\/wp\/v2\/product_cat?post=324360"},{"taxonomy":"product_tag","embeddable":true,"href":"https:\/\/www.purejewels.com\/de\/wp-json\/wp\/v2\/product_tag?post=324360"}],"curies":[{"name":"wp","href":"https:\/\/api.w.org\/{rel}","templated":true}]}}