{"id":324405,"date":"2021-06-10T07:17:17","date_gmt":"2021-06-10T06:17:17","guid":{"rendered":"https:\/\/www.purejewels.com\/product\/diarossa-wedding-band-ring-6-7gm\/"},"modified":"2025-12-15T09:29:17","modified_gmt":"2025-12-15T09:29:17","slug":"platin-ehering-33870","status":"publish","type":"product","link":"https:\/\/www.purejewels.com\/de\/product\/platinum-fancy-wedding-band-33870\/","title":{"rendered":"Platin Fancy Hochzeit Band"},"content":{"rendered":"<h3>Erbe<\/h3>\n<p>Ein Verlobungsring ist im Wesentlichen das wichtigste Schmuckst\u00fcck, das eine Frau besitzt, schm\u00fcckt, bewahrt und ein Leben lang sch\u00e4tzt. Er ist die Verk\u00f6rperung Ihrer Liebe und markiert die Sch\u00f6nheit der wahren Bindung, die Sie mit Ihrer besseren H\u00e4lfte teilen, weshalb ein <strong>Verlobungsring<\/strong> sollte nichts weniger als perfekt sein.<\/p>\n<h3>Gestaltung<\/h3>\n<p><strong>Platin <a href=\"https:\/\/www.purejewels.com\/de\/product\/mens-22ct-gold-wedding-ring-33852\/\">Eheringe<\/a><\/strong> stehen f\u00fcr Reinheit, St\u00e4rke und wahre Liebe. \u00c4hnlich wie Ihr Bund der wahren Liebe ist Platin selten und verk\u00f6rpert die ewige Ausdauer der Liebe, da es seinen Glanz und seine St\u00e4rke auch in den extremsten Zeiten und Bedingungen beibeh\u00e4lt. Diese wundersch\u00f6nen Platin-Hochzeitsringe f\u00fcr Sie und Ihn sind so gestaltet, dass sie einen Hauch von Weiblichkeit mit einem Hauch von K\u00fchnheit haben. Das Design und die Handwerkskunst dieses Platinbandes f\u00fcr Sie sind flie\u00dfend. Das einzigartige Design beginnt mit einem schlichten Platinband, das in geometrischen Formen herausgearbeitet wurde, was ihm ein modernes und doch elegantes Aussehen verleiht. Eheringe aus Platin f\u00fcr Sie und Ihn sind einzigartig und heben sich von anderen Verlobungsringen durch ihre einzigartigen Designelemente ab.<\/p>\n<p>Dieser Verlobungsring von Purejewels hat ein elegantes Finish und wurde mit einem klassischen und immergr\u00fcnen Touch versehen. Sobald er verziert ist, wird er die Sch\u00f6nheit ihrer zarten H\u00e4nde unterstreichen und Ihr reines Band der wahren und ewigen Liebe symbolisieren.<\/p>\n<p>&nbsp;<\/p>","protected":false},"excerpt":{"rendered":"<ul>\n<li><span data-sheets-value=\"{\" data-sheets-userformat=\"{\">Platin-Hochzeitsband<\/span><\/li>\n<li>Gr\u00f6\u00dfe. Q<\/li>\n<li>Dicke. 5 mm<\/li>\n<li>SKU. 33870<\/li>\n<li>Kann in verschiedenen Gr\u00f6\u00dfen und Breiten hergestellt werden<\/li>\n<li>Alle unsere Produkte sind vom London Assay Office gestempelt.<\/li>\n<li>Alle unsere Platin Ringe uk Kommt mit Pr\u00e4sentationsbox<\/li>\n<li>Lieferung inbegriffen<\/li>\n<li>Alle Preise inklusive Mehrwertsteuer<\/li>\n<li>Kontaktieren Sie uns \/ chatten Sie mit uns f\u00fcr ein Video des Produkts<\/li>\n<\/ul>","protected":false},"featured_media":342922,"comment_status":"closed","ping_status":"closed","template":"","meta":{"_eb_attr":"","_crsspst_to_jayantr4sg-hostcom":true},"product_brand":[],"product_cat":[1572,1800,5293,5295,229,226],"product_tag":[],"class_list":{"0":"post-324405","1":"product","2":"type-product","3":"status-publish","4":"has-post-thumbnail","6":"product_cat-mens-jewellery","7":"product_cat-platinum-bands","8":"product_cat-platinum-wedding-bands-2","9":"product_cat-platinum-wedding-bands-for-women","10":"product_cat-wedding-bands","11":"product_cat-wedding-rings-bands","13":"first","14":"instock","15":"taxable","16":"shipping-taxable","17":"purchasable","18":"product-type-simple","19":"add-to-wishlist-before_image"},"yoast_head":"<!-- This site is optimized with the Yoast SEO plugin v27.6 - https:\/\/yoast.com\/product\/yoast-seo-wordpress\/ -->\n<title>Platinum His &amp; Hers Wedding Bands | Wedding Band UK<\/title>\n<meta name=\"description\" content=\"Shop Men&#039;s Platinum Wedding Band online. All our Platinum Rings UK Comes with Presentation Box. Free delivery across UK.\" \/>\n<meta name=\"robots\" content=\"index, follow, max-snippet:-1, max-image-preview:large, max-video-preview:-1\" \/>\n<link rel=\"canonical\" href=\"https:\/\/www.purejewels.com\/de\/produkt-2\/platin-ehering-33870\/\" \/>\n<meta property=\"og:locale\" content=\"de_DE\" \/>\n<meta property=\"og:type\" content=\"article\" \/>\n<meta property=\"og:title\" content=\"Platinum His &amp; Hers Wedding Bands | Wedding Band UK\" \/>\n<meta property=\"og:description\" content=\"Shop Men&#039;s Platinum Wedding Band online. All our Platinum Rings UK Comes with Presentation Box. Free delivery across UK.\" \/>\n<meta property=\"og:url\" content=\"https:\/\/www.purejewels.com\/de\/produkt-2\/platin-ehering-33870\/\" \/>\n<meta property=\"og:site_name\" content=\"PureJewels UK\" \/>\n<meta property=\"article:modified_time\" content=\"2025-12-15T09:29:17+00:00\" \/>\n<meta property=\"og:image\" content=\"https:\/\/static.purejewels.com\/wp-content\/uploads\/2021\/06\/33870-2-1.jpg\" \/>\n\t<meta property=\"og:image:width\" content=\"1000\" \/>\n\t<meta property=\"og:image:height\" content=\"1000\" \/>\n\t<meta property=\"og:image:type\" content=\"image\/jpeg\" \/>\n<meta name=\"twitter:card\" content=\"summary_large_image\" \/>\n<meta name=\"twitter:label1\" content=\"Gesch\u00e4tzte Lesezeit\" \/>\n\t<meta name=\"twitter:data1\" content=\"2\u00a0Minuten\" \/>\n<script type=\"application\/ld+json\" class=\"yoast-schema-graph\">{\"@context\":\"https:\\\/\\\/schema.org\",\"@graph\":[{\"@type\":[\"WebPage\",\"ItemPage\"],\"@id\":\"https:\\\/\\\/www.purejewels.com\\\/product\\\/platinum-fancy-wedding-band-33870\\\/\",\"url\":\"https:\\\/\\\/www.purejewels.com\\\/product\\\/platinum-fancy-wedding-band-33870\\\/\",\"name\":\"Platinum His & Hers Wedding Bands | Wedding Band UK\",\"isPartOf\":{\"@id\":\"https:\\\/\\\/www.purejewels.com\\\/#website\"},\"primaryImageOfPage\":{\"@id\":\"https:\\\/\\\/www.purejewels.com\\\/product\\\/platinum-fancy-wedding-band-33870\\\/#primaryimage\"},\"image\":{\"@id\":\"https:\\\/\\\/www.purejewels.com\\\/product\\\/platinum-fancy-wedding-band-33870\\\/#primaryimage\"},\"thumbnailUrl\":\"https:\\\/\\\/static.purejewels.com\\\/wp-content\\\/uploads\\\/2021\\\/06\\\/33870-2-1.jpg\",\"datePublished\":\"2021-06-10T06:17:17+00:00\",\"dateModified\":\"2025-12-15T09:29:17+00:00\",\"description\":\"Shop Men's Platinum Wedding Band online. All our Platinum Rings UK Comes with Presentation Box. Free delivery across UK.\",\"breadcrumb\":{\"@id\":\"https:\\\/\\\/www.purejewels.com\\\/product\\\/platinum-fancy-wedding-band-33870\\\/#breadcrumb\"},\"inLanguage\":\"de\",\"potentialAction\":[{\"@type\":\"ReadAction\",\"target\":[\"https:\\\/\\\/www.purejewels.com\\\/product\\\/platinum-fancy-wedding-band-33870\\\/\"]}]},{\"@type\":\"ImageObject\",\"inLanguage\":\"de\",\"@id\":\"https:\\\/\\\/www.purejewels.com\\\/product\\\/platinum-fancy-wedding-band-33870\\\/#primaryimage\",\"url\":\"https:\\\/\\\/static.purejewels.com\\\/wp-content\\\/uploads\\\/2021\\\/06\\\/33870-2-1.jpg\",\"contentUrl\":\"https:\\\/\\\/static.purejewels.com\\\/wp-content\\\/uploads\\\/2021\\\/06\\\/33870-2-1.jpg\",\"width\":1000,\"height\":1000},{\"@type\":\"BreadcrumbList\",\"@id\":\"https:\\\/\\\/www.purejewels.com\\\/product\\\/platinum-fancy-wedding-band-33870\\\/#breadcrumb\",\"itemListElement\":[{\"@type\":\"ListItem\",\"position\":1,\"name\":\"Home\",\"item\":\"https:\\\/\\\/www.purejewels.com\\\/\"},{\"@type\":\"ListItem\",\"position\":2,\"name\":\"Shop\",\"item\":\"https:\\\/\\\/www.purejewels.com\\\/shop\\\/\"},{\"@type\":\"ListItem\",\"position\":3,\"name\":\"Platinum Fancy Wedding Band\"}]},{\"@type\":\"WebSite\",\"@id\":\"https:\\\/\\\/www.purejewels.com\\\/#website\",\"url\":\"https:\\\/\\\/www.purejewels.com\\\/\",\"name\":\"PureJewels UK\",\"description\":\"Share the Love\",\"publisher\":{\"@id\":\"https:\\\/\\\/www.purejewels.com\\\/#organization\"},\"potentialAction\":[{\"@type\":\"SearchAction\",\"target\":{\"@type\":\"EntryPoint\",\"urlTemplate\":\"https:\\\/\\\/www.purejewels.com\\\/?s={search_term_string}\"},\"query-input\":{\"@type\":\"PropertyValueSpecification\",\"valueRequired\":true,\"valueName\":\"search_term_string\"}}],\"inLanguage\":\"de\"},{\"@type\":\"Organization\",\"@id\":\"https:\\\/\\\/www.purejewels.com\\\/#organization\",\"name\":\"PureJewels UK\",\"url\":\"https:\\\/\\\/www.purejewels.com\\\/\",\"logo\":{\"@type\":\"ImageObject\",\"inLanguage\":\"de\",\"@id\":\"https:\\\/\\\/www.purejewels.com\\\/#\\\/schema\\\/logo\\\/image\\\/\",\"url\":\"https:\\\/\\\/static.purejewels.com\\\/wp-content\\\/uploads\\\/2020\\\/11\\\/Logo-PJ-New-1.png\",\"contentUrl\":\"https:\\\/\\\/static.purejewels.com\\\/wp-content\\\/uploads\\\/2020\\\/11\\\/Logo-PJ-New-1.png\",\"width\":150,\"height\":80,\"caption\":\"PureJewels UK\"},\"image\":{\"@id\":\"https:\\\/\\\/www.purejewels.com\\\/#\\\/schema\\\/logo\\\/image\\\/\"}}]}<\/script>\n<!-- \/ Yoast SEO plugin. -->","yoast_head_json":{"title":"Platinum His &amp; Hers Wedding Bands | Wedding Band UK","description":"Kaufen Sie Eheringe aus Platin f\u00fcr M\u00e4nner online. Alle unsere Platinringe UK kommt mit Pr\u00e4sentationsbox. Kostenlose Lieferung in ganz Gro\u00dfbritannien.","robots":{"index":"index","follow":"follow","max-snippet":"max-snippet:-1","max-image-preview":"max-image-preview:large","max-video-preview":"max-video-preview:-1"},"canonical":"https:\/\/www.purejewels.com\/de\/produkt-2\/platin-ehering-33870\/","og_locale":"de_DE","og_type":"article","og_title":"Platinum His & Hers Wedding Bands | Wedding Band UK","og_description":"Shop Men's Platinum Wedding Band online. All our Platinum Rings UK Comes with Presentation Box. Free delivery across UK.","og_url":"https:\/\/www.purejewels.com\/de\/produkt-2\/platin-ehering-33870\/","og_site_name":"PureJewels UK","article_modified_time":"2025-12-15T09:29:17+00:00","og_image":[{"width":1000,"height":1000,"url":"https:\/\/static.purejewels.com\/wp-content\/uploads\/2021\/06\/33870-2-1.jpg","type":"image\/jpeg"}],"twitter_card":"summary_large_image","twitter_misc":{"Gesch\u00e4tzte Lesezeit":"2\u00a0Minuten"},"schema":{"@context":"https:\/\/schema.org","@graph":[{"@type":["WebPage","ItemPage"],"@id":"https:\/\/www.purejewels.com\/product\/platinum-fancy-wedding-band-33870\/","url":"https:\/\/www.purejewels.com\/product\/platinum-fancy-wedding-band-33870\/","name":"Platinum His &amp; Hers Wedding Bands | Wedding Band UK","isPartOf":{"@id":"https:\/\/www.purejewels.com\/#website"},"primaryImageOfPage":{"@id":"https:\/\/www.purejewels.com\/product\/platinum-fancy-wedding-band-33870\/#primaryimage"},"image":{"@id":"https:\/\/www.purejewels.com\/product\/platinum-fancy-wedding-band-33870\/#primaryimage"},"thumbnailUrl":"https:\/\/static.purejewels.com\/wp-content\/uploads\/2021\/06\/33870-2-1.jpg","datePublished":"2021-06-10T06:17:17+00:00","dateModified":"2025-12-15T09:29:17+00:00","description":"Kaufen Sie Eheringe aus Platin f\u00fcr M\u00e4nner online. Alle unsere Platinringe UK kommt mit Pr\u00e4sentationsbox. Kostenlose Lieferung in ganz Gro\u00dfbritannien.","breadcrumb":{"@id":"https:\/\/www.purejewels.com\/product\/platinum-fancy-wedding-band-33870\/#breadcrumb"},"inLanguage":"de","potentialAction":[{"@type":"ReadAction","target":["https:\/\/www.purejewels.com\/product\/platinum-fancy-wedding-band-33870\/"]}]},{"@type":"ImageObject","inLanguage":"de","@id":"https:\/\/www.purejewels.com\/product\/platinum-fancy-wedding-band-33870\/#primaryimage","url":"https:\/\/static.purejewels.com\/wp-content\/uploads\/2021\/06\/33870-2-1.jpg","contentUrl":"https:\/\/static.purejewels.com\/wp-content\/uploads\/2021\/06\/33870-2-1.jpg","width":1000,"height":1000},{"@type":"BreadcrumbList","@id":"https:\/\/www.purejewels.com\/product\/platinum-fancy-wedding-band-33870\/#breadcrumb","itemListElement":[{"@type":"ListItem","position":1,"name":"Home","item":"https:\/\/www.purejewels.com\/"},{"@type":"ListItem","position":2,"name":"Shop","item":"https:\/\/www.purejewels.com\/shop\/"},{"@type":"ListItem","position":3,"name":"Platinum Fancy Wedding Band"}]},{"@type":"WebSite","@id":"https:\/\/www.purejewels.com\/#website","url":"https:\/\/www.purejewels.com\/","name":"PureJewels UK","description":"Teile die Liebe","publisher":{"@id":"https:\/\/www.purejewels.com\/#organization"},"potentialAction":[{"@type":"SearchAction","target":{"@type":"EntryPoint","urlTemplate":"https:\/\/www.purejewels.com\/?s={search_term_string}"},"query-input":{"@type":"PropertyValueSpecification","valueRequired":true,"valueName":"search_term_string"}}],"inLanguage":"de"},{"@type":"Organization","@id":"https:\/\/www.purejewels.com\/#organization","name":"PureJewels UK","url":"https:\/\/www.purejewels.com\/","logo":{"@type":"ImageObject","inLanguage":"de","@id":"https:\/\/www.purejewels.com\/#\/schema\/logo\/image\/","url":"https:\/\/static.purejewels.com\/wp-content\/uploads\/2020\/11\/Logo-PJ-New-1.png","contentUrl":"https:\/\/static.purejewels.com\/wp-content\/uploads\/2020\/11\/Logo-PJ-New-1.png","width":150,"height":80,"caption":"PureJewels UK"},"image":{"@id":"https:\/\/www.purejewels.com\/#\/schema\/logo\/image\/"}}]}},"_links":{"self":[{"href":"https:\/\/www.purejewels.com\/de\/wp-json\/wp\/v2\/product\/324405","targetHints":{"allow":["GET"]}}],"collection":[{"href":"https:\/\/www.purejewels.com\/de\/wp-json\/wp\/v2\/product"}],"about":[{"href":"https:\/\/www.purejewels.com\/de\/wp-json\/wp\/v2\/types\/product"}],"replies":[{"embeddable":true,"href":"https:\/\/www.purejewels.com\/de\/wp-json\/wp\/v2\/comments?post=324405"}],"version-history":[{"count":1,"href":"https:\/\/www.purejewels.com\/de\/wp-json\/wp\/v2\/product\/324405\/revisions"}],"predecessor-version":[{"id":420416,"href":"https:\/\/www.purejewels.com\/de\/wp-json\/wp\/v2\/product\/324405\/revisions\/420416"}],"wp:featuredmedia":[{"embeddable":true,"href":"https:\/\/www.purejewels.com\/de\/wp-json\/wp\/v2\/media\/342922"}],"wp:attachment":[{"href":"https:\/\/www.purejewels.com\/de\/wp-json\/wp\/v2\/media?parent=324405"}],"wp:term":[{"taxonomy":"product_brand","embeddable":true,"href":"https:\/\/www.purejewels.com\/de\/wp-json\/wp\/v2\/product_brand?post=324405"},{"taxonomy":"product_cat","embeddable":true,"href":"https:\/\/www.purejewels.com\/de\/wp-json\/wp\/v2\/product_cat?post=324405"},{"taxonomy":"product_tag","embeddable":true,"href":"https:\/\/www.purejewels.com\/de\/wp-json\/wp\/v2\/product_tag?post=324405"}],"curies":[{"name":"wp","href":"https:\/\/api.w.org\/{rel}","templated":true}]}}