{"id":324409,"date":"2021-06-10T07:25:11","date_gmt":"2021-06-10T06:25:11","guid":{"rendered":"https:\/\/www.purejewels.com\/product\/diarossa-wedding-band-ring-9-9gm\/"},"modified":"2025-11-06T12:53:20","modified_gmt":"2025-11-06T12:53:20","slug":"platin-trauring-de-33872","status":"publish","type":"product","link":"https:\/\/www.purejewels.com\/de\/product\/platinum-wedding-band-uk-33872\/","title":{"rendered":"Platin-Hochzeitsband UK"},"content":{"rendered":"<p><strong>Platin-Ehering - Zeitlose Eleganz in London<\/strong><\/p>\n<p>Feiern Sie Ihre ewige Verbundenheit mit diesem luxuri\u00f6sen <strong>Ehering aus Platin<\/strong>Sie wurde mit gr\u00f6\u00dfter Sorgfalt f\u00fcr dauerhafte Sch\u00f6nheit und Raffinesse gefertigt. Ausgestattet mit einem <strong>7mm Dicke<\/strong>Dieser Ring strahlt eine k\u00fchne und doch raffinierte Pr\u00e4senz aus und symbolisiert St\u00e4rke und Engagement.<\/p>\n<p>Dieser Ring ist aus feinstem Platin gefertigt und bietet eine un\u00fcbertroffene Haltbarkeit und eine gl\u00e4nzende Oberfl\u00e4che, die anlaufgesch\u00fctzt ist und sich somit perfekt f\u00fcr ein lebenslanges Tragen eignet. Entworfen in <strong>Gr\u00f6\u00dfe S<\/strong>Sie bietet eine bequeme Passform, ideal f\u00fcr alle, die Eleganz ohne Kompromisse suchen.<\/p>\n<p>Ob Sie ihn w\u00e4hrend Ihres Eheversprechens tauschen oder als t\u00e4gliche Erinnerung an Ihre Liebe tragen, dieser Platin-Trauring ist die perfekte Mischung aus klassischem Design und modernem Charme.<\/p>\n<ul>\n<li><strong>Material:<\/strong> Premium Platin<\/li>\n<li><strong>Gr\u00f6\u00dfe:<\/strong> S<\/li>\n<li><strong>Die Dicke:<\/strong> 7mm<\/li>\n<li><strong>Stil:<\/strong> Minimalistisches, zeitloses und unisex Design<\/li>\n<li><strong>Ideal f\u00fcr:<\/strong> Hochzeiten, Jahrestage oder Erneuerung des Eheversprechens<\/li>\n<\/ul>\n<p>Dieser Ring ist mehr als nur Schmuck - er ist ein Symbol f\u00fcr ewige Liebe und unersch\u00fctterliche Hingabe.<\/p>\n<p>Sie suchen nach dem perfekten Symbol f\u00fcr Ihre Liebe und Ihr Engagement? Dann ist unser Platin-Ehering f\u00fcr M\u00e4nner genau das Richtige f\u00fcr Sie. Aus hochwertigem Platin gefertigt, ist dieser Ring nicht nur langlebig, sondern auch unglaublich stilvoll. Mit einer St\u00e4rke von 7 mm und der Gr\u00f6\u00dfe S kann dieser Ring in Bezug auf Gr\u00f6\u00dfe und Breite Ihren W\u00fcnschen angepasst werden.<\/p>\n<p>Alle unsere Platinringe sind vom London Assay Office gepunzt, um ihre Echtheit und Qualit\u00e4t zu gew\u00e4hrleisten. Jeder Ring wird mit einer Pr\u00e4sentationsbox geliefert und ist somit die perfekte Wahl f\u00fcr Ihren besonderen Tag. Und mit der kostenlosen Lieferung k\u00f6nnen Sie diesen atemberaubenden Ring in k\u00fcrzester Zeit in den H\u00e4nden halten.<\/p>\n<p>Egal, ob Sie ein klassisches und zeitloses Design oder etwas Moderneres und Einzigartiges suchen, unsere Platin-Trauringe sind die perfekte Wahl. Z\u00f6gern Sie nicht, uns zu kontaktieren, um ein Video des Produkts zu erhalten oder wenn Sie Fragen haben. Bestellen Sie jetzt und machen Sie Ihren Hochzeitstag mit unseren Platin-Trauringen zu etwas ganz Besonderem.<\/p>","protected":false},"excerpt":{"rendered":"<ul>\n<li>Ehering aus Platin f\u00fcr M\u00e4nner<\/li>\n<li>Gr\u00f6\u00dfe. S<\/li>\n<li>Dicke. 7mm<\/li>\n<li>SKU. 33872<\/li>\n<li>Kann in verschiedenen Gr\u00f6\u00dfen und Breiten hergestellt werden<\/li>\n<li>Alle unsere Produkte sind vom London Assay Office gestempelt.<\/li>\n<li>Alle unsere Platin Ringe uk Kommt mit Pr\u00e4sentationsbox<\/li>\n<li>Lieferung inbegriffen<\/li>\n<li>Alle Preise inklusive Mehrwertsteuer<\/li>\n<li>Kontaktieren Sie uns \/ chatten Sie mit uns f\u00fcr ein Video des Produkts<\/li>\n<\/ul>","protected":false},"featured_media":342928,"comment_status":"closed","ping_status":"closed","template":"","meta":{"_eb_attr":"","_crsspst_to_jayantr4sg-hostcom":true},"product_brand":[],"product_cat":[1572,1800,5293,5294,229,226],"product_tag":[],"class_list":{"0":"post-324409","1":"product","2":"type-product","3":"status-publish","4":"has-post-thumbnail","6":"product_cat-mens-jewellery","7":"product_cat-platinum-bands","8":"product_cat-platinum-wedding-bands-2","9":"product_cat-platinum-wedding-bands-for-men","10":"product_cat-wedding-bands","11":"product_cat-wedding-rings-bands","13":"first","14":"instock","15":"taxable","16":"shipping-taxable","17":"purchasable","18":"product-type-simple","19":"add-to-wishlist-before_image"},"yoast_head":"<!-- This site is optimized with the Yoast SEO plugin v27.6 - https:\/\/yoast.com\/product\/yoast-seo-wordpress\/ -->\n<title>Platinum Wedding Rings London | Online Bands | Purejewels<\/title>\n<meta name=\"description\" content=\"Mens Platinum Wedding Bands Uk | Discover Our Collection Of Platinum Wedding Bands | Customized Wedding Rings Online\" \/>\n<meta name=\"robots\" content=\"index, follow, max-snippet:-1, max-image-preview:large, max-video-preview:-1\" \/>\n<link rel=\"canonical\" href=\"https:\/\/www.purejewels.com\/de\/produkt-2\/platin-trauring-de-33872\/\" \/>\n<meta property=\"og:locale\" content=\"de_DE\" \/>\n<meta property=\"og:type\" content=\"article\" \/>\n<meta property=\"og:title\" content=\"Platinum Wedding Rings London | Online Bands | Purejewels\" \/>\n<meta property=\"og:description\" content=\"Mens Platinum Wedding Bands Uk | Discover Our Collection Of Platinum Wedding Bands | Customized Wedding Rings Online\" \/>\n<meta property=\"og:url\" content=\"https:\/\/www.purejewels.com\/de\/produkt-2\/platin-trauring-de-33872\/\" \/>\n<meta property=\"og:site_name\" content=\"PureJewels UK\" \/>\n<meta property=\"article:modified_time\" content=\"2025-11-06T12:53:20+00:00\" \/>\n<meta property=\"og:image\" content=\"https:\/\/www.purejewels.com\/wp-content\/uploads\/2021\/06\/33879-2.jpg\" \/>\n\t<meta property=\"og:image:width\" content=\"1000\" \/>\n\t<meta property=\"og:image:height\" content=\"1000\" \/>\n\t<meta property=\"og:image:type\" content=\"image\/jpeg\" \/>\n<meta name=\"twitter:card\" content=\"summary_large_image\" \/>\n<meta name=\"twitter:label1\" content=\"Gesch\u00e4tzte Lesezeit\" \/>\n\t<meta name=\"twitter:data1\" content=\"2\u00a0Minuten\" \/>\n<script type=\"application\/ld+json\" class=\"yoast-schema-graph\">{\"@context\":\"https:\\\/\\\/schema.org\",\"@graph\":[{\"@type\":[\"WebPage\",\"ItemPage\"],\"@id\":\"https:\\\/\\\/www.purejewels.com\\\/product\\\/platinum-wedding-band-uk-33872\\\/\",\"url\":\"https:\\\/\\\/www.purejewels.com\\\/product\\\/platinum-wedding-band-uk-33872\\\/\",\"name\":\"Platinum Wedding Rings London | Online Bands | Purejewels\",\"isPartOf\":{\"@id\":\"https:\\\/\\\/www.purejewels.com\\\/#website\"},\"primaryImageOfPage\":{\"@id\":\"https:\\\/\\\/www.purejewels.com\\\/product\\\/platinum-wedding-band-uk-33872\\\/#primaryimage\"},\"image\":{\"@id\":\"https:\\\/\\\/www.purejewels.com\\\/product\\\/platinum-wedding-band-uk-33872\\\/#primaryimage\"},\"thumbnailUrl\":\"https:\\\/\\\/static.purejewels.com\\\/wp-content\\\/uploads\\\/2021\\\/06\\\/33879-2.jpg\",\"datePublished\":\"2021-06-10T06:25:11+00:00\",\"dateModified\":\"2025-11-06T12:53:20+00:00\",\"description\":\"Mens Platinum Wedding Bands Uk | Discover Our Collection Of Platinum Wedding Bands | Customized Wedding Rings Online\",\"breadcrumb\":{\"@id\":\"https:\\\/\\\/www.purejewels.com\\\/product\\\/platinum-wedding-band-uk-33872\\\/#breadcrumb\"},\"inLanguage\":\"de\",\"potentialAction\":[{\"@type\":\"ReadAction\",\"target\":[\"https:\\\/\\\/www.purejewels.com\\\/product\\\/platinum-wedding-band-uk-33872\\\/\"]}]},{\"@type\":\"ImageObject\",\"inLanguage\":\"de\",\"@id\":\"https:\\\/\\\/www.purejewels.com\\\/product\\\/platinum-wedding-band-uk-33872\\\/#primaryimage\",\"url\":\"https:\\\/\\\/static.purejewels.com\\\/wp-content\\\/uploads\\\/2021\\\/06\\\/33879-2.jpg\",\"contentUrl\":\"https:\\\/\\\/static.purejewels.com\\\/wp-content\\\/uploads\\\/2021\\\/06\\\/33879-2.jpg\",\"width\":1000,\"height\":1000},{\"@type\":\"BreadcrumbList\",\"@id\":\"https:\\\/\\\/www.purejewels.com\\\/product\\\/platinum-wedding-band-uk-33872\\\/#breadcrumb\",\"itemListElement\":[{\"@type\":\"ListItem\",\"position\":1,\"name\":\"Home\",\"item\":\"https:\\\/\\\/www.purejewels.com\\\/\"},{\"@type\":\"ListItem\",\"position\":2,\"name\":\"Shop\",\"item\":\"https:\\\/\\\/www.purejewels.com\\\/shop\\\/\"},{\"@type\":\"ListItem\",\"position\":3,\"name\":\"Platinum Wedding Band UK\"}]},{\"@type\":\"WebSite\",\"@id\":\"https:\\\/\\\/www.purejewels.com\\\/#website\",\"url\":\"https:\\\/\\\/www.purejewels.com\\\/\",\"name\":\"PureJewels UK\",\"description\":\"Share the Love\",\"publisher\":{\"@id\":\"https:\\\/\\\/www.purejewels.com\\\/#organization\"},\"potentialAction\":[{\"@type\":\"SearchAction\",\"target\":{\"@type\":\"EntryPoint\",\"urlTemplate\":\"https:\\\/\\\/www.purejewels.com\\\/?s={search_term_string}\"},\"query-input\":{\"@type\":\"PropertyValueSpecification\",\"valueRequired\":true,\"valueName\":\"search_term_string\"}}],\"inLanguage\":\"de\"},{\"@type\":\"Organization\",\"@id\":\"https:\\\/\\\/www.purejewels.com\\\/#organization\",\"name\":\"PureJewels UK\",\"url\":\"https:\\\/\\\/www.purejewels.com\\\/\",\"logo\":{\"@type\":\"ImageObject\",\"inLanguage\":\"de\",\"@id\":\"https:\\\/\\\/www.purejewels.com\\\/#\\\/schema\\\/logo\\\/image\\\/\",\"url\":\"https:\\\/\\\/static.purejewels.com\\\/wp-content\\\/uploads\\\/2020\\\/11\\\/Logo-PJ-New-1.png\",\"contentUrl\":\"https:\\\/\\\/static.purejewels.com\\\/wp-content\\\/uploads\\\/2020\\\/11\\\/Logo-PJ-New-1.png\",\"width\":150,\"height\":80,\"caption\":\"PureJewels UK\"},\"image\":{\"@id\":\"https:\\\/\\\/www.purejewels.com\\\/#\\\/schema\\\/logo\\\/image\\\/\"}}]}<\/script>\n<!-- \/ Yoast SEO plugin. -->","yoast_head_json":{"title":"Platin Eheringe London | Online Bands | Purejewels","description":"Herren Platin Eheringe Uk | Entdecken Sie unsere Sammlung von Platin Eheringe | Customized Eheringe Online","robots":{"index":"index","follow":"follow","max-snippet":"max-snippet:-1","max-image-preview":"max-image-preview:large","max-video-preview":"max-video-preview:-1"},"canonical":"https:\/\/www.purejewels.com\/de\/produkt-2\/platin-trauring-de-33872\/","og_locale":"de_DE","og_type":"article","og_title":"Platinum Wedding Rings London | Online Bands | Purejewels","og_description":"Mens Platinum Wedding Bands Uk | Discover Our Collection Of Platinum Wedding Bands | Customized Wedding Rings Online","og_url":"https:\/\/www.purejewels.com\/de\/produkt-2\/platin-trauring-de-33872\/","og_site_name":"PureJewels UK","article_modified_time":"2025-11-06T12:53:20+00:00","og_image":[{"width":1000,"height":1000,"url":"https:\/\/www.purejewels.com\/wp-content\/uploads\/2021\/06\/33879-2.jpg","type":"image\/jpeg"}],"twitter_card":"summary_large_image","twitter_misc":{"Gesch\u00e4tzte Lesezeit":"2\u00a0Minuten"},"schema":{"@context":"https:\/\/schema.org","@graph":[{"@type":["WebPage","ItemPage"],"@id":"https:\/\/www.purejewels.com\/product\/platinum-wedding-band-uk-33872\/","url":"https:\/\/www.purejewels.com\/product\/platinum-wedding-band-uk-33872\/","name":"Platin Eheringe London | Online Bands | Purejewels","isPartOf":{"@id":"https:\/\/www.purejewels.com\/#website"},"primaryImageOfPage":{"@id":"https:\/\/www.purejewels.com\/product\/platinum-wedding-band-uk-33872\/#primaryimage"},"image":{"@id":"https:\/\/www.purejewels.com\/product\/platinum-wedding-band-uk-33872\/#primaryimage"},"thumbnailUrl":"https:\/\/static.purejewels.com\/wp-content\/uploads\/2021\/06\/33879-2.jpg","datePublished":"2021-06-10T06:25:11+00:00","dateModified":"2025-11-06T12:53:20+00:00","description":"Herren Platin Eheringe Uk | Entdecken Sie unsere Sammlung von Platin Eheringe | Customized Eheringe Online","breadcrumb":{"@id":"https:\/\/www.purejewels.com\/product\/platinum-wedding-band-uk-33872\/#breadcrumb"},"inLanguage":"de","potentialAction":[{"@type":"ReadAction","target":["https:\/\/www.purejewels.com\/product\/platinum-wedding-band-uk-33872\/"]}]},{"@type":"ImageObject","inLanguage":"de","@id":"https:\/\/www.purejewels.com\/product\/platinum-wedding-band-uk-33872\/#primaryimage","url":"https:\/\/static.purejewels.com\/wp-content\/uploads\/2021\/06\/33879-2.jpg","contentUrl":"https:\/\/static.purejewels.com\/wp-content\/uploads\/2021\/06\/33879-2.jpg","width":1000,"height":1000},{"@type":"BreadcrumbList","@id":"https:\/\/www.purejewels.com\/product\/platinum-wedding-band-uk-33872\/#breadcrumb","itemListElement":[{"@type":"ListItem","position":1,"name":"Home","item":"https:\/\/www.purejewels.com\/"},{"@type":"ListItem","position":2,"name":"Shop","item":"https:\/\/www.purejewels.com\/shop\/"},{"@type":"ListItem","position":3,"name":"Platinum Wedding Band UK"}]},{"@type":"WebSite","@id":"https:\/\/www.purejewels.com\/#website","url":"https:\/\/www.purejewels.com\/","name":"PureJewels UK","description":"Teile die Liebe","publisher":{"@id":"https:\/\/www.purejewels.com\/#organization"},"potentialAction":[{"@type":"SearchAction","target":{"@type":"EntryPoint","urlTemplate":"https:\/\/www.purejewels.com\/?s={search_term_string}"},"query-input":{"@type":"PropertyValueSpecification","valueRequired":true,"valueName":"search_term_string"}}],"inLanguage":"de"},{"@type":"Organization","@id":"https:\/\/www.purejewels.com\/#organization","name":"PureJewels UK","url":"https:\/\/www.purejewels.com\/","logo":{"@type":"ImageObject","inLanguage":"de","@id":"https:\/\/www.purejewels.com\/#\/schema\/logo\/image\/","url":"https:\/\/static.purejewels.com\/wp-content\/uploads\/2020\/11\/Logo-PJ-New-1.png","contentUrl":"https:\/\/static.purejewels.com\/wp-content\/uploads\/2020\/11\/Logo-PJ-New-1.png","width":150,"height":80,"caption":"PureJewels UK"},"image":{"@id":"https:\/\/www.purejewels.com\/#\/schema\/logo\/image\/"}}]}},"_links":{"self":[{"href":"https:\/\/www.purejewels.com\/de\/wp-json\/wp\/v2\/product\/324409","targetHints":{"allow":["GET"]}}],"collection":[{"href":"https:\/\/www.purejewels.com\/de\/wp-json\/wp\/v2\/product"}],"about":[{"href":"https:\/\/www.purejewels.com\/de\/wp-json\/wp\/v2\/types\/product"}],"replies":[{"embeddable":true,"href":"https:\/\/www.purejewels.com\/de\/wp-json\/wp\/v2\/comments?post=324409"}],"version-history":[{"count":3,"href":"https:\/\/www.purejewels.com\/de\/wp-json\/wp\/v2\/product\/324409\/revisions"}],"predecessor-version":[{"id":420086,"href":"https:\/\/www.purejewels.com\/de\/wp-json\/wp\/v2\/product\/324409\/revisions\/420086"}],"wp:featuredmedia":[{"embeddable":true,"href":"https:\/\/www.purejewels.com\/de\/wp-json\/wp\/v2\/media\/342928"}],"wp:attachment":[{"href":"https:\/\/www.purejewels.com\/de\/wp-json\/wp\/v2\/media?parent=324409"}],"wp:term":[{"taxonomy":"product_brand","embeddable":true,"href":"https:\/\/www.purejewels.com\/de\/wp-json\/wp\/v2\/product_brand?post=324409"},{"taxonomy":"product_cat","embeddable":true,"href":"https:\/\/www.purejewels.com\/de\/wp-json\/wp\/v2\/product_cat?post=324409"},{"taxonomy":"product_tag","embeddable":true,"href":"https:\/\/www.purejewels.com\/de\/wp-json\/wp\/v2\/product_tag?post=324409"}],"curies":[{"name":"wp","href":"https:\/\/api.w.org\/{rel}","templated":true}]}}