{"id":324581,"date":"2021-06-24T08:09:14","date_gmt":"2021-06-24T07:09:14","guid":{"rendered":"https:\/\/www.purejewels.com\/product\/22ct-gold-ladies-bracelet-7-5-gm\/"},"modified":"2026-01-06T09:44:36","modified_gmt":"2026-01-06T09:44:36","slug":"goldarmband-fur-frauen-33960","status":"publish","type":"product","link":"https:\/\/www.purejewels.com\/de\/product\/gold-bracelet-for-women-33960\/","title":{"rendered":"Goldarmband f\u00fcr Frauen"},"content":{"rendered":"<p><span style=\"font-weight: 400;\">Wir sind der Meinung, dass Accessoires f\u00fcr das Handgelenk beim Ankleiden und Aufpeppen des eigenen Outfits unverzichtbar sind, da sie Ihren Look enorm aufwerten.<\/span><\/p>\n<p><span style=\"font-weight: 400;\">Also, hier sind unsere ikonischen goldenen Damen <a href=\"https:\/\/www.purejewels.com\/de\/product-category\/22ct-gold-jewellery\/gold-bracelet\/\">Armband<\/a> das von den traditionellen Ghungrus inspiriert ist, die von klassischen indischen T\u00e4nzern getragen werden und <a href=\"https:\/\/www.purejewels.com\/de\/handmade-gold-jewellery\/\">handgefertigt<\/a> von Anfang an. Dieses goldene Damenarmband ist einzigartig in 22-kar\u00e4tigem Gold gefertigt. Diese ghungru-\u00e4hnlichen Komponenten in verschiedenen Formen, Strukturen und Gr\u00f6\u00dfen wurden von Hand durch den Prozess der \"Chhillai\" oder Gravur aufwendig detailliert. Diese einzigartigen Perlen werden weiter \u00e4sthetisch von Hand zusammengen\u00e4ht, um die perfekte Silhouette zu erreichen. Unser <a href=\"https:\/\/www.purejewels.com\/de\/product\/22ct-gold-mens-bracelet\/\">Goldarmband<\/a> hat ein ged\u00e4mpftes Gold-Finish, das anmutig aussieht, und endet bei 7,5 Zoll mit einem S-Verschluss, der f\u00fcr m\u00fchelosen Tragekomfort sorgt.<\/span><\/p>\n<p><span style=\"font-weight: 400;\">Egal, ob Sie zu einem formellen Abendessen oder zu einem zwanglosen Treffen mit Freunden unterwegs sind, dieser <a href=\"https:\/\/www.purejewels.com\/de\/product\/22k-gold-bracelet-41095\/\">22K Gold-Armband<\/a> ist vielseitig und eignet sich f\u00fcr fast alle derartigen Anl\u00e4sse. Es ist gewagt und doch subtil, da es die Blicke auf sich zieht, ohne zu viel Aufmerksamkeit zu erregen. Wenn Sie es mit Ihrer Lieblingsarmbanduhr kombinieren oder mit anderen Armb\u00e4ndern aus Ihrer Sammlung kombinieren, werden sich die K\u00f6pfe drehen.\u00a0<\/span><\/p>","protected":false},"excerpt":{"rendered":"<ul>\n<li>22ct Gold Armband f\u00fcr Frauen<\/li>\n<li>Mit antiker Oberfl\u00e4che<\/li>\n<li>Lovely Daily, Armband f\u00fcr den B\u00fcrogebrauch<\/li>\n<li>Wt. 7,5 g<\/li>\n<li>L\u00e4nge 7,5 Zoll<\/li>\n<li>SKU. 33960<\/li>\n<li>Alle Preise inklusive Mehrwertsteuer<\/li>\n<li>Alle unsere Produkte sind durch das London Assay Office gestempelt.<\/li>\n<li>Mit Pr\u00e4sentationsbox<\/li>\n<li>Lieferung inbegriffen<\/li>\n<li>Kontaktieren Sie uns \/ chatten Sie mit uns f\u00fcr ein Video des Produkts<\/li>\n<\/ul>","protected":false},"featured_media":324583,"comment_status":"closed","ping_status":"closed","template":"","meta":{"_eb_attr":"","_crsspst_to_jayantr4sg-hostcom":false},"product_brand":[],"product_cat":[1791,1559,1324,1627,1573,1574],"product_tag":[],"class_list":{"0":"post-324581","1":"product","2":"type-product","3":"status-publish","4":"has-post-thumbnail","6":"product_cat-anniversary-gifts","7":"product_cat-birthday-gifts","8":"product_cat-gold-bracelet","9":"product_cat-ladies-bracelet","10":"product_cat-wedding-gifts","11":"product_cat-womens-jewellery","13":"first","14":"outofstock","15":"taxable","16":"shipping-taxable","17":"product-type-simple","18":"add-to-wishlist-before_image"},"yoast_head":"<!-- This site is optimized with the Yoast SEO plugin v27.5 - https:\/\/yoast.com\/product\/yoast-seo-wordpress\/ -->\n<title>Gold Bracelet for Women | Buy Gold Bracelet at PureJewels<\/title>\n<meta name=\"description\" content=\"Browse our collection of High quality Gold Bracelet. Shop exquisite women&#039;s gold bracelets in fine 22ct or 18ct gold. Free delivery across UK\" \/>\n<meta name=\"robots\" content=\"index, follow, max-snippet:-1, max-image-preview:large, max-video-preview:-1\" \/>\n<link rel=\"canonical\" href=\"https:\/\/www.purejewels.com\/de\/produkt-2\/goldarmband-fur-frauen-33960\/\" \/>\n<meta property=\"og:locale\" content=\"de_DE\" \/>\n<meta property=\"og:type\" content=\"article\" \/>\n<meta property=\"og:title\" content=\"Gold Bracelet for Women | Buy Gold Bracelet at PureJewels\" \/>\n<meta property=\"og:description\" content=\"Browse our collection of High quality Gold Bracelet. Shop exquisite women&#039;s gold bracelets in fine 22ct or 18ct gold. Free delivery across UK\" \/>\n<meta property=\"og:url\" content=\"https:\/\/www.purejewels.com\/de\/produkt-2\/goldarmband-fur-frauen-33960\/\" \/>\n<meta property=\"og:site_name\" content=\"PureJewels UK\" \/>\n<meta property=\"article:modified_time\" content=\"2026-01-06T09:44:36+00:00\" \/>\n<meta property=\"og:image\" content=\"https:\/\/www.purejewels.com\/wp-content\/uploads\/2021\/06\/33960-1.jpg\" \/>\n\t<meta property=\"og:image:width\" content=\"1000\" \/>\n\t<meta property=\"og:image:height\" content=\"1000\" \/>\n\t<meta property=\"og:image:type\" content=\"image\/jpeg\" \/>\n<meta name=\"twitter:card\" content=\"summary_large_image\" \/>\n<meta name=\"twitter:label1\" content=\"Gesch\u00e4tzte Lesezeit\" \/>\n\t<meta name=\"twitter:data1\" content=\"1\u00a0Minute\" \/>\n<script type=\"application\/ld+json\" class=\"yoast-schema-graph\">{\"@context\":\"https:\\\/\\\/schema.org\",\"@graph\":[{\"@type\":[\"WebPage\",\"ItemPage\"],\"@id\":\"https:\\\/\\\/www.purejewels.com\\\/product\\\/gold-bracelet-for-women-33960\\\/\",\"url\":\"https:\\\/\\\/www.purejewels.com\\\/product\\\/gold-bracelet-for-women-33960\\\/\",\"name\":\"Gold Bracelet for Women | Buy Gold Bracelet at PureJewels\",\"isPartOf\":{\"@id\":\"https:\\\/\\\/www.purejewels.com\\\/#website\"},\"primaryImageOfPage\":{\"@id\":\"https:\\\/\\\/www.purejewels.com\\\/product\\\/gold-bracelet-for-women-33960\\\/#primaryimage\"},\"image\":{\"@id\":\"https:\\\/\\\/www.purejewels.com\\\/product\\\/gold-bracelet-for-women-33960\\\/#primaryimage\"},\"thumbnailUrl\":\"https:\\\/\\\/static.purejewels.com\\\/wp-content\\\/uploads\\\/2021\\\/06\\\/33960-1.jpg\",\"datePublished\":\"2021-06-24T07:09:14+00:00\",\"dateModified\":\"2026-01-06T09:44:36+00:00\",\"description\":\"Browse our collection of High quality Gold Bracelet. Shop exquisite women's gold bracelets in fine 22ct or 18ct gold. Free delivery across UK\",\"breadcrumb\":{\"@id\":\"https:\\\/\\\/www.purejewels.com\\\/product\\\/gold-bracelet-for-women-33960\\\/#breadcrumb\"},\"inLanguage\":\"de\",\"potentialAction\":[{\"@type\":\"ReadAction\",\"target\":[\"https:\\\/\\\/www.purejewels.com\\\/product\\\/gold-bracelet-for-women-33960\\\/\"]}]},{\"@type\":\"ImageObject\",\"inLanguage\":\"de\",\"@id\":\"https:\\\/\\\/www.purejewels.com\\\/product\\\/gold-bracelet-for-women-33960\\\/#primaryimage\",\"url\":\"https:\\\/\\\/static.purejewels.com\\\/wp-content\\\/uploads\\\/2021\\\/06\\\/33960-1.jpg\",\"contentUrl\":\"https:\\\/\\\/static.purejewels.com\\\/wp-content\\\/uploads\\\/2021\\\/06\\\/33960-1.jpg\",\"width\":1000,\"height\":1000,\"caption\":\"Gold Bracelet for Women - 33960\"},{\"@type\":\"BreadcrumbList\",\"@id\":\"https:\\\/\\\/www.purejewels.com\\\/product\\\/gold-bracelet-for-women-33960\\\/#breadcrumb\",\"itemListElement\":[{\"@type\":\"ListItem\",\"position\":1,\"name\":\"Home\",\"item\":\"https:\\\/\\\/www.purejewels.com\\\/\"},{\"@type\":\"ListItem\",\"position\":2,\"name\":\"Shop\",\"item\":\"https:\\\/\\\/www.purejewels.com\\\/shop\\\/\"},{\"@type\":\"ListItem\",\"position\":3,\"name\":\"Gold Bracelet for Women\"}]},{\"@type\":\"WebSite\",\"@id\":\"https:\\\/\\\/www.purejewels.com\\\/#website\",\"url\":\"https:\\\/\\\/www.purejewels.com\\\/\",\"name\":\"PureJewels UK\",\"description\":\"Share the Love\",\"publisher\":{\"@id\":\"https:\\\/\\\/www.purejewels.com\\\/#organization\"},\"potentialAction\":[{\"@type\":\"SearchAction\",\"target\":{\"@type\":\"EntryPoint\",\"urlTemplate\":\"https:\\\/\\\/www.purejewels.com\\\/?s={search_term_string}\"},\"query-input\":{\"@type\":\"PropertyValueSpecification\",\"valueRequired\":true,\"valueName\":\"search_term_string\"}}],\"inLanguage\":\"de\"},{\"@type\":\"Organization\",\"@id\":\"https:\\\/\\\/www.purejewels.com\\\/#organization\",\"name\":\"PureJewels UK\",\"url\":\"https:\\\/\\\/www.purejewels.com\\\/\",\"logo\":{\"@type\":\"ImageObject\",\"inLanguage\":\"de\",\"@id\":\"https:\\\/\\\/www.purejewels.com\\\/#\\\/schema\\\/logo\\\/image\\\/\",\"url\":\"https:\\\/\\\/static.purejewels.com\\\/wp-content\\\/uploads\\\/2020\\\/11\\\/Logo-PJ-New-1.png\",\"contentUrl\":\"https:\\\/\\\/static.purejewels.com\\\/wp-content\\\/uploads\\\/2020\\\/11\\\/Logo-PJ-New-1.png\",\"width\":150,\"height\":80,\"caption\":\"PureJewels UK\"},\"image\":{\"@id\":\"https:\\\/\\\/www.purejewels.com\\\/#\\\/schema\\\/logo\\\/image\\\/\"}}]}<\/script>\n<!-- \/ Yoast SEO plugin. -->","yoast_head_json":{"title":"Goldarmband f\u00fcr Frauen | Goldarmband kaufen bei PureJewels","description":"St\u00f6bern Sie in unserer Kollektion von hochwertigen Goldarmb\u00e4ndern. Kaufen Sie exquisite Goldarmb\u00e4nder f\u00fcr Frauen aus feinem 22-Karat- oder 18-Karat-Gold. Kostenlose Lieferung in ganz Gro\u00dfbritannien","robots":{"index":"index","follow":"follow","max-snippet":"max-snippet:-1","max-image-preview":"max-image-preview:large","max-video-preview":"max-video-preview:-1"},"canonical":"https:\/\/www.purejewels.com\/de\/produkt-2\/goldarmband-fur-frauen-33960\/","og_locale":"de_DE","og_type":"article","og_title":"Gold Bracelet for Women | Buy Gold Bracelet at PureJewels","og_description":"Browse our collection of High quality Gold Bracelet. Shop exquisite women's gold bracelets in fine 22ct or 18ct gold. Free delivery across UK","og_url":"https:\/\/www.purejewels.com\/de\/produkt-2\/goldarmband-fur-frauen-33960\/","og_site_name":"PureJewels UK","article_modified_time":"2026-01-06T09:44:36+00:00","og_image":[{"width":1000,"height":1000,"url":"https:\/\/www.purejewels.com\/wp-content\/uploads\/2021\/06\/33960-1.jpg","type":"image\/jpeg"}],"twitter_card":"summary_large_image","twitter_misc":{"Gesch\u00e4tzte Lesezeit":"1\u00a0Minute"},"schema":{"@context":"https:\/\/schema.org","@graph":[{"@type":["WebPage","ItemPage"],"@id":"https:\/\/www.purejewels.com\/product\/gold-bracelet-for-women-33960\/","url":"https:\/\/www.purejewels.com\/product\/gold-bracelet-for-women-33960\/","name":"Goldarmband f\u00fcr Frauen | Goldarmband kaufen bei PureJewels","isPartOf":{"@id":"https:\/\/www.purejewels.com\/#website"},"primaryImageOfPage":{"@id":"https:\/\/www.purejewels.com\/product\/gold-bracelet-for-women-33960\/#primaryimage"},"image":{"@id":"https:\/\/www.purejewels.com\/product\/gold-bracelet-for-women-33960\/#primaryimage"},"thumbnailUrl":"https:\/\/static.purejewels.com\/wp-content\/uploads\/2021\/06\/33960-1.jpg","datePublished":"2021-06-24T07:09:14+00:00","dateModified":"2026-01-06T09:44:36+00:00","description":"St\u00f6bern Sie in unserer Kollektion von hochwertigen Goldarmb\u00e4ndern. Kaufen Sie exquisite Goldarmb\u00e4nder f\u00fcr Frauen aus feinem 22-Karat- oder 18-Karat-Gold. Kostenlose Lieferung in ganz Gro\u00dfbritannien","breadcrumb":{"@id":"https:\/\/www.purejewels.com\/product\/gold-bracelet-for-women-33960\/#breadcrumb"},"inLanguage":"de","potentialAction":[{"@type":"ReadAction","target":["https:\/\/www.purejewels.com\/product\/gold-bracelet-for-women-33960\/"]}]},{"@type":"ImageObject","inLanguage":"de","@id":"https:\/\/www.purejewels.com\/product\/gold-bracelet-for-women-33960\/#primaryimage","url":"https:\/\/static.purejewels.com\/wp-content\/uploads\/2021\/06\/33960-1.jpg","contentUrl":"https:\/\/static.purejewels.com\/wp-content\/uploads\/2021\/06\/33960-1.jpg","width":1000,"height":1000,"caption":"Gold Bracelet for Women - 33960"},{"@type":"BreadcrumbList","@id":"https:\/\/www.purejewels.com\/product\/gold-bracelet-for-women-33960\/#breadcrumb","itemListElement":[{"@type":"ListItem","position":1,"name":"Home","item":"https:\/\/www.purejewels.com\/"},{"@type":"ListItem","position":2,"name":"Shop","item":"https:\/\/www.purejewels.com\/shop\/"},{"@type":"ListItem","position":3,"name":"Gold Bracelet for Women"}]},{"@type":"WebSite","@id":"https:\/\/www.purejewels.com\/#website","url":"https:\/\/www.purejewels.com\/","name":"PureJewels UK","description":"Teile die Liebe","publisher":{"@id":"https:\/\/www.purejewels.com\/#organization"},"potentialAction":[{"@type":"SearchAction","target":{"@type":"EntryPoint","urlTemplate":"https:\/\/www.purejewels.com\/?s={search_term_string}"},"query-input":{"@type":"PropertyValueSpecification","valueRequired":true,"valueName":"search_term_string"}}],"inLanguage":"de"},{"@type":"Organization","@id":"https:\/\/www.purejewels.com\/#organization","name":"PureJewels UK","url":"https:\/\/www.purejewels.com\/","logo":{"@type":"ImageObject","inLanguage":"de","@id":"https:\/\/www.purejewels.com\/#\/schema\/logo\/image\/","url":"https:\/\/static.purejewels.com\/wp-content\/uploads\/2020\/11\/Logo-PJ-New-1.png","contentUrl":"https:\/\/static.purejewels.com\/wp-content\/uploads\/2020\/11\/Logo-PJ-New-1.png","width":150,"height":80,"caption":"PureJewels UK"},"image":{"@id":"https:\/\/www.purejewels.com\/#\/schema\/logo\/image\/"}}]}},"_links":{"self":[{"href":"https:\/\/www.purejewels.com\/de\/wp-json\/wp\/v2\/product\/324581","targetHints":{"allow":["GET"]}}],"collection":[{"href":"https:\/\/www.purejewels.com\/de\/wp-json\/wp\/v2\/product"}],"about":[{"href":"https:\/\/www.purejewels.com\/de\/wp-json\/wp\/v2\/types\/product"}],"replies":[{"embeddable":true,"href":"https:\/\/www.purejewels.com\/de\/wp-json\/wp\/v2\/comments?post=324581"}],"version-history":[{"count":1,"href":"https:\/\/www.purejewels.com\/de\/wp-json\/wp\/v2\/product\/324581\/revisions"}],"predecessor-version":[{"id":371594,"href":"https:\/\/www.purejewels.com\/de\/wp-json\/wp\/v2\/product\/324581\/revisions\/371594"}],"wp:featuredmedia":[{"embeddable":true,"href":"https:\/\/www.purejewels.com\/de\/wp-json\/wp\/v2\/media\/324583"}],"wp:attachment":[{"href":"https:\/\/www.purejewels.com\/de\/wp-json\/wp\/v2\/media?parent=324581"}],"wp:term":[{"taxonomy":"product_brand","embeddable":true,"href":"https:\/\/www.purejewels.com\/de\/wp-json\/wp\/v2\/product_brand?post=324581"},{"taxonomy":"product_cat","embeddable":true,"href":"https:\/\/www.purejewels.com\/de\/wp-json\/wp\/v2\/product_cat?post=324581"},{"taxonomy":"product_tag","embeddable":true,"href":"https:\/\/www.purejewels.com\/de\/wp-json\/wp\/v2\/product_tag?post=324581"}],"curies":[{"name":"wp","href":"https:\/\/api.w.org\/{rel}","templated":true}]}}