{"id":324602,"date":"2021-06-24T10:02:23","date_gmt":"2021-06-24T09:02:23","guid":{"rendered":"https:\/\/www.purejewels.com\/product\/22ct-gold-mangalsutra-18gm-17-inches\/"},"modified":"2026-01-07T10:47:39","modified_gmt":"2026-01-07T10:47:39","slug":"22-karat-gold-mangalsutra-33969","status":"publish","type":"product","link":"https:\/\/www.purejewels.com\/de\/product\/22ct-gold-mangalsutra-33969\/","title":{"rendered":"22ct Gold Mangalsutra"},"content":{"rendered":"<h3>Gestaltung<\/h3>\n<p>Unsere echte Mangalsutra ist eine Ode an diese indische Tradition mit einem leicht modernen Twist f\u00fcr die modernen Tr\u00e4gerinnen. Diese 22K Mangalsutra beginnt mit einer Goldkette an einem Ende, die mit einer Gliederkette verziert ist.<\/p>\n<h3>Inspiration<\/h3>\n<p>Im sechsten Jahrhundert wurde einer Frau, die kurz vor der Heirat stand oder heiraten wollte, ein gelber Faden um das Handgelenk gebunden. Der Faden wurde als Zeichen f\u00fcr ihre Heirat gebunden, und man glaubte auch, dass er das B\u00f6se fernhalten w\u00fcrde. Mit der Zeit entwickelte sich auch dieser Brauch weiter. Aus dem gelben Faden wurde eine mit schwarzen Perlen besetzte Goldkette, von der man glaubt, dass sie das Negative absorbiert und das Paar gl\u00fccklich h\u00e4lt.<\/p>\n<h3>Stil<\/h3>\n<p>Diese 22K Mangalsutra von Purejewels ist zart und steht f\u00fcr das reine Band der Ehe. Es ist mit 22K Gold gefertigt, mit einer modernen Silhouette wie keine andere Mangalsutra verziert und mit der handgen\u00e4hten Kette mit einer Mischung aus schwarzen und goldenen Mini-Perlen dazwischen vervollst\u00e4ndigt, daher ein perfektes Accessoire f\u00fcr sie.<\/p>","protected":false},"excerpt":{"rendered":"<ul>\n<li>22ct Indisch\u00a0<span id=\"urn:enhancement-8fe9ef2f\" class=\"textannotation\">Gold<\/span>\u00a0<span id=\"urn:enhancement-a7e73aed\" class=\"textannotation\">Mangalsutra<\/span><\/li>\n<li><span id=\"urn:enhancement-9fb49e6b\" class=\"textannotation\">Gewicht<\/span>: 18 gm<\/li>\n<li><span id=\"urn:enhancement-da21df27\" class=\"textannotation\">L\u00e4nge<\/span>: 17\u00a0<span id=\"urn:enhancement-4df06e9a\" class=\"textannotation\">Zoll<\/span><\/li>\n<li><span id=\"urn:enhancement-42f50d9\" class=\"textannotation\">SKU<\/span>. 33969<\/li>\n<li>Alle\u00a0<span id=\"urn:enhancement-7aa16939\" class=\"textannotation\">Preise<\/span>\u00a0einschlie\u00dfen.\u00a0<span id=\"urn:enhancement-aa7eb6aa\" class=\"textannotation\">MEHRWERTSTEUER<\/span><\/li>\n<li>22ct\u00a0<span id=\"urn:enhancement-4166acaf\" class=\"textannotation\">Gold<\/span>\u00a0Gekennzeichnet durch\u00a0<span id=\"urn:enhancement-3907948a\" class=\"textannotation\">London<\/span>\u00a0<span id=\"urn:enhancement-93bf9ff9\" class=\"textannotation\">Pr\u00fcfstelle<\/span><\/li>\n<li>Mit Pr\u00e4sentationsbox<\/li>\n<li>Lieferung inbegriffen<\/li>\n<li>Live\u00a0<span id=\"urn:enhancement-16692379\" class=\"textannotation\">Chat<\/span>\u00a0mit uns f\u00fcr\u00a0<span id=\"urn:enhancement-301651ba\" class=\"textannotation\">Verf\u00fcgbarkeit<\/span>\u00a0und weitere Bilder von \u00e4hnlichen Entw\u00fcrfen, die derzeit in\u00a0<span id=\"urn:enhancement-973de0cb\" class=\"textannotation\">Aktie<\/span><\/li>\n<\/ul>","protected":false},"featured_media":324604,"comment_status":"closed","ping_status":"closed","template":"","meta":{"_eb_attr":"","_crsspst_to_jayantr4sg-hostcom":true},"product_brand":[],"product_cat":[1791,1559,1775,1284,1573,1574],"product_tag":[],"class_list":{"0":"post-324602","1":"product","2":"type-product","3":"status-publish","4":"has-post-thumbnail","6":"product_cat-anniversary-gifts","7":"product_cat-birthday-gifts","8":"product_cat-daily-wear-mangalsutras","9":"product_cat-gold-mangalsutras","10":"product_cat-wedding-gifts","11":"product_cat-womens-jewellery","13":"first","14":"outofstock","15":"taxable","16":"shipping-taxable","17":"product-type-simple","18":"add-to-wishlist-before_image"},"yoast_head":"<!-- This site is optimized with the Yoast SEO plugin v27.3 - https:\/\/yoast.com\/product\/yoast-seo-wordpress\/ -->\n<title>22ct Gold Mangalsutra | Explore More | PureJewels UK<\/title>\n<meta name=\"description\" content=\"Shop Indian Gold Jewellery and get the best deals at the best prices at PureJewels. Comes With Presentation Box. Free delivery across the UK.\" \/>\n<meta name=\"robots\" content=\"index, follow, max-snippet:-1, max-image-preview:large, max-video-preview:-1\" \/>\n<link rel=\"canonical\" href=\"https:\/\/www.purejewels.com\/de\/produkt-2\/22-karat-gold-mangalsutra-33969\/\" \/>\n<meta property=\"og:locale\" content=\"de_DE\" \/>\n<meta property=\"og:type\" content=\"article\" \/>\n<meta property=\"og:title\" content=\"22ct Gold Mangalsutra | Explore More | PureJewels UK\" \/>\n<meta property=\"og:description\" content=\"Shop Indian Gold Jewellery and get the best deals at the best prices at PureJewels. Comes With Presentation Box. Free delivery across the UK.\" \/>\n<meta property=\"og:url\" content=\"https:\/\/www.purejewels.com\/de\/produkt-2\/22-karat-gold-mangalsutra-33969\/\" \/>\n<meta property=\"og:site_name\" content=\"PureJewels UK\" \/>\n<meta property=\"article:modified_time\" content=\"2026-01-07T10:47:39+00:00\" \/>\n<meta property=\"og:image\" content=\"https:\/\/www.purejewels.com\/wp-content\/uploads\/2021\/06\/33969-1.jpg\" \/>\n\t<meta property=\"og:image:width\" content=\"1000\" \/>\n\t<meta property=\"og:image:height\" content=\"1000\" \/>\n\t<meta property=\"og:image:type\" content=\"image\/jpeg\" \/>\n<meta name=\"twitter:card\" content=\"summary_large_image\" \/>\n<meta name=\"twitter:label1\" content=\"Gesch\u00e4tzte Lesezeit\" \/>\n\t<meta name=\"twitter:data1\" content=\"1\u00a0Minute\" \/>\n<script type=\"application\/ld+json\" class=\"yoast-schema-graph\">{\"@context\":\"https:\\\/\\\/schema.org\",\"@graph\":[{\"@type\":[\"WebPage\",\"ItemPage\"],\"@id\":\"https:\\\/\\\/www.purejewels.com\\\/product\\\/22ct-gold-mangalsutra-33969\\\/\",\"url\":\"https:\\\/\\\/www.purejewels.com\\\/product\\\/22ct-gold-mangalsutra-33969\\\/\",\"name\":\"22ct Gold Mangalsutra | Explore More | PureJewels UK\",\"isPartOf\":{\"@id\":\"https:\\\/\\\/www.purejewels.com\\\/#website\"},\"primaryImageOfPage\":{\"@id\":\"https:\\\/\\\/www.purejewels.com\\\/product\\\/22ct-gold-mangalsutra-33969\\\/#primaryimage\"},\"image\":{\"@id\":\"https:\\\/\\\/www.purejewels.com\\\/product\\\/22ct-gold-mangalsutra-33969\\\/#primaryimage\"},\"thumbnailUrl\":\"https:\\\/\\\/static.purejewels.com\\\/wp-content\\\/uploads\\\/2021\\\/06\\\/33969-1.jpg\",\"datePublished\":\"2021-06-24T09:02:23+00:00\",\"dateModified\":\"2026-01-07T10:47:39+00:00\",\"description\":\"Shop Indian Gold Jewellery and get the best deals at the best prices at PureJewels. Comes With Presentation Box. Free delivery across the UK.\",\"breadcrumb\":{\"@id\":\"https:\\\/\\\/www.purejewels.com\\\/product\\\/22ct-gold-mangalsutra-33969\\\/#breadcrumb\"},\"inLanguage\":\"de\",\"potentialAction\":[{\"@type\":\"ReadAction\",\"target\":[\"https:\\\/\\\/www.purejewels.com\\\/product\\\/22ct-gold-mangalsutra-33969\\\/\"]}]},{\"@type\":\"ImageObject\",\"inLanguage\":\"de\",\"@id\":\"https:\\\/\\\/www.purejewels.com\\\/product\\\/22ct-gold-mangalsutra-33969\\\/#primaryimage\",\"url\":\"https:\\\/\\\/static.purejewels.com\\\/wp-content\\\/uploads\\\/2021\\\/06\\\/33969-1.jpg\",\"contentUrl\":\"https:\\\/\\\/static.purejewels.com\\\/wp-content\\\/uploads\\\/2021\\\/06\\\/33969-1.jpg\",\"width\":1000,\"height\":1000,\"caption\":\"22ct Gold Mangalsutra - 33969\"},{\"@type\":\"BreadcrumbList\",\"@id\":\"https:\\\/\\\/www.purejewels.com\\\/product\\\/22ct-gold-mangalsutra-33969\\\/#breadcrumb\",\"itemListElement\":[{\"@type\":\"ListItem\",\"position\":1,\"name\":\"Home\",\"item\":\"https:\\\/\\\/www.purejewels.com\\\/\"},{\"@type\":\"ListItem\",\"position\":2,\"name\":\"Shop\",\"item\":\"https:\\\/\\\/www.purejewels.com\\\/shop\\\/\"},{\"@type\":\"ListItem\",\"position\":3,\"name\":\"22ct Gold Mangalsutra\"}]},{\"@type\":\"WebSite\",\"@id\":\"https:\\\/\\\/www.purejewels.com\\\/#website\",\"url\":\"https:\\\/\\\/www.purejewels.com\\\/\",\"name\":\"PureJewels UK\",\"description\":\"Share the Love\",\"publisher\":{\"@id\":\"https:\\\/\\\/www.purejewels.com\\\/#organization\"},\"potentialAction\":[{\"@type\":\"SearchAction\",\"target\":{\"@type\":\"EntryPoint\",\"urlTemplate\":\"https:\\\/\\\/www.purejewels.com\\\/?s={search_term_string}\"},\"query-input\":{\"@type\":\"PropertyValueSpecification\",\"valueRequired\":true,\"valueName\":\"search_term_string\"}}],\"inLanguage\":\"de\"},{\"@type\":\"Organization\",\"@id\":\"https:\\\/\\\/www.purejewels.com\\\/#organization\",\"name\":\"PureJewels UK\",\"url\":\"https:\\\/\\\/www.purejewels.com\\\/\",\"logo\":{\"@type\":\"ImageObject\",\"inLanguage\":\"de\",\"@id\":\"https:\\\/\\\/www.purejewels.com\\\/#\\\/schema\\\/logo\\\/image\\\/\",\"url\":\"https:\\\/\\\/static.purejewels.com\\\/wp-content\\\/uploads\\\/2020\\\/11\\\/Logo-PJ-New-1.png\",\"contentUrl\":\"https:\\\/\\\/static.purejewels.com\\\/wp-content\\\/uploads\\\/2020\\\/11\\\/Logo-PJ-New-1.png\",\"width\":150,\"height\":80,\"caption\":\"PureJewels UK\"},\"image\":{\"@id\":\"https:\\\/\\\/www.purejewels.com\\\/#\\\/schema\\\/logo\\\/image\\\/\"}}]}<\/script>\n<!-- \/ Yoast SEO plugin. -->","yoast_head_json":{"title":"22ct Gold Mangalsutra | Entdecken Sie mehr | PureJewels UK","description":"Kaufen Sie indischen Goldschmuck und erhalten Sie die besten Angebote zu den besten Preisen bei PureJewels. Kommt mit Pr\u00e4sentationsbox. Kostenlose Lieferung in ganz Gro\u00dfbritannien.","robots":{"index":"index","follow":"follow","max-snippet":"max-snippet:-1","max-image-preview":"max-image-preview:large","max-video-preview":"max-video-preview:-1"},"canonical":"https:\/\/www.purejewels.com\/de\/produkt-2\/22-karat-gold-mangalsutra-33969\/","og_locale":"de_DE","og_type":"article","og_title":"22ct Gold Mangalsutra | Explore More | PureJewels UK","og_description":"Shop Indian Gold Jewellery and get the best deals at the best prices at PureJewels. Comes With Presentation Box. Free delivery across the UK.","og_url":"https:\/\/www.purejewels.com\/de\/produkt-2\/22-karat-gold-mangalsutra-33969\/","og_site_name":"PureJewels UK","article_modified_time":"2026-01-07T10:47:39+00:00","og_image":[{"width":1000,"height":1000,"url":"https:\/\/www.purejewels.com\/wp-content\/uploads\/2021\/06\/33969-1.jpg","type":"image\/jpeg"}],"twitter_card":"summary_large_image","twitter_misc":{"Gesch\u00e4tzte Lesezeit":"1\u00a0Minute"},"schema":{"@context":"https:\/\/schema.org","@graph":[{"@type":["WebPage","ItemPage"],"@id":"https:\/\/www.purejewels.com\/product\/22ct-gold-mangalsutra-33969\/","url":"https:\/\/www.purejewels.com\/product\/22ct-gold-mangalsutra-33969\/","name":"22ct Gold Mangalsutra | Entdecken Sie mehr | PureJewels UK","isPartOf":{"@id":"https:\/\/www.purejewels.com\/#website"},"primaryImageOfPage":{"@id":"https:\/\/www.purejewels.com\/product\/22ct-gold-mangalsutra-33969\/#primaryimage"},"image":{"@id":"https:\/\/www.purejewels.com\/product\/22ct-gold-mangalsutra-33969\/#primaryimage"},"thumbnailUrl":"https:\/\/static.purejewels.com\/wp-content\/uploads\/2021\/06\/33969-1.jpg","datePublished":"2021-06-24T09:02:23+00:00","dateModified":"2026-01-07T10:47:39+00:00","description":"Kaufen Sie indischen Goldschmuck und erhalten Sie die besten Angebote zu den besten Preisen bei PureJewels. Kommt mit Pr\u00e4sentationsbox. Kostenlose Lieferung in ganz Gro\u00dfbritannien.","breadcrumb":{"@id":"https:\/\/www.purejewels.com\/product\/22ct-gold-mangalsutra-33969\/#breadcrumb"},"inLanguage":"de","potentialAction":[{"@type":"ReadAction","target":["https:\/\/www.purejewels.com\/product\/22ct-gold-mangalsutra-33969\/"]}]},{"@type":"ImageObject","inLanguage":"de","@id":"https:\/\/www.purejewels.com\/product\/22ct-gold-mangalsutra-33969\/#primaryimage","url":"https:\/\/static.purejewels.com\/wp-content\/uploads\/2021\/06\/33969-1.jpg","contentUrl":"https:\/\/static.purejewels.com\/wp-content\/uploads\/2021\/06\/33969-1.jpg","width":1000,"height":1000,"caption":"22ct Gold Mangalsutra - 33969"},{"@type":"BreadcrumbList","@id":"https:\/\/www.purejewels.com\/product\/22ct-gold-mangalsutra-33969\/#breadcrumb","itemListElement":[{"@type":"ListItem","position":1,"name":"Home","item":"https:\/\/www.purejewels.com\/"},{"@type":"ListItem","position":2,"name":"Shop","item":"https:\/\/www.purejewels.com\/shop\/"},{"@type":"ListItem","position":3,"name":"22ct Gold Mangalsutra"}]},{"@type":"WebSite","@id":"https:\/\/www.purejewels.com\/#website","url":"https:\/\/www.purejewels.com\/","name":"PureJewels UK","description":"Teile die Liebe","publisher":{"@id":"https:\/\/www.purejewels.com\/#organization"},"potentialAction":[{"@type":"SearchAction","target":{"@type":"EntryPoint","urlTemplate":"https:\/\/www.purejewels.com\/?s={search_term_string}"},"query-input":{"@type":"PropertyValueSpecification","valueRequired":true,"valueName":"search_term_string"}}],"inLanguage":"de"},{"@type":"Organization","@id":"https:\/\/www.purejewels.com\/#organization","name":"PureJewels UK","url":"https:\/\/www.purejewels.com\/","logo":{"@type":"ImageObject","inLanguage":"de","@id":"https:\/\/www.purejewels.com\/#\/schema\/logo\/image\/","url":"https:\/\/static.purejewels.com\/wp-content\/uploads\/2020\/11\/Logo-PJ-New-1.png","contentUrl":"https:\/\/static.purejewels.com\/wp-content\/uploads\/2020\/11\/Logo-PJ-New-1.png","width":150,"height":80,"caption":"PureJewels UK"},"image":{"@id":"https:\/\/www.purejewels.com\/#\/schema\/logo\/image\/"}}]}},"_links":{"self":[{"href":"https:\/\/www.purejewels.com\/de\/wp-json\/wp\/v2\/product\/324602","targetHints":{"allow":["GET"]}}],"collection":[{"href":"https:\/\/www.purejewels.com\/de\/wp-json\/wp\/v2\/product"}],"about":[{"href":"https:\/\/www.purejewels.com\/de\/wp-json\/wp\/v2\/types\/product"}],"replies":[{"embeddable":true,"href":"https:\/\/www.purejewels.com\/de\/wp-json\/wp\/v2\/comments?post=324602"}],"version-history":[{"count":1,"href":"https:\/\/www.purejewels.com\/de\/wp-json\/wp\/v2\/product\/324602\/revisions"}],"predecessor-version":[{"id":392667,"href":"https:\/\/www.purejewels.com\/de\/wp-json\/wp\/v2\/product\/324602\/revisions\/392667"}],"wp:featuredmedia":[{"embeddable":true,"href":"https:\/\/www.purejewels.com\/de\/wp-json\/wp\/v2\/media\/324604"}],"wp:attachment":[{"href":"https:\/\/www.purejewels.com\/de\/wp-json\/wp\/v2\/media?parent=324602"}],"wp:term":[{"taxonomy":"product_brand","embeddable":true,"href":"https:\/\/www.purejewels.com\/de\/wp-json\/wp\/v2\/product_brand?post=324602"},{"taxonomy":"product_cat","embeddable":true,"href":"https:\/\/www.purejewels.com\/de\/wp-json\/wp\/v2\/product_cat?post=324602"},{"taxonomy":"product_tag","embeddable":true,"href":"https:\/\/www.purejewels.com\/de\/wp-json\/wp\/v2\/product_tag?post=324602"}],"curies":[{"name":"wp","href":"https:\/\/api.w.org\/{rel}","templated":true}]}}