{"id":324616,"date":"2021-06-24T11:09:03","date_gmt":"2021-06-24T10:09:03","guid":{"rendered":"https:\/\/www.purejewels.com\/product\/22ct-gold-mangalsutra-13-5gm-18-inches\/"},"modified":"2026-01-07T10:47:39","modified_gmt":"2026-01-07T10:47:39","slug":"22ct-gold-mangalsutra-uk-33974","status":"publish","type":"product","link":"https:\/\/www.purejewels.com\/de\/product\/22ct-gold-mangalsutra-uk-33974\/","title":{"rendered":"22ct Gold Mangalsutra UK"},"content":{"rendered":"<ul>\n<li>Gewicht 13,5 g<\/li>\n<li>L\u00e4nge 18 Zoll<\/li>\n<li>SKU. 33974<\/li>\n<\/ul>","protected":false},"excerpt":{"rendered":"<ul>\n<li>22ct Gold Mangalsutra<\/li>\n<li>Gewicht 13,5 g<\/li>\n<li>L\u00e4nge 18 Zoll<\/li>\n<li>SKU. 33974<\/li>\n<li>Alle Preise inklusive Mehrwertsteuer<\/li>\n<li>22ct Gold gestempelt von London Assay Office<\/li>\n<li>Mit Pr\u00e4sentationsbox<\/li>\n<li>Lieferung inbegriffen<\/li>\n<li>Live-Chat mit uns f\u00fcr die Verf\u00fcgbarkeit und mehr Bilder von \u00e4hnlichen Designs derzeit auf Lager<\/li>\n<\/ul>","protected":false},"featured_media":324618,"comment_status":"closed","ping_status":"closed","template":"","meta":{"_eb_attr":"","_crsspst_to_jayantr4sg-hostcom":true},"product_brand":[],"product_cat":[1775,1229,1284,1776],"product_tag":[],"class_list":{"0":"post-324616","1":"product","2":"type-product","3":"status-publish","4":"has-post-thumbnail","6":"product_cat-daily-wear-mangalsutras","7":"product_cat-22ct-gold-jewellery","8":"product_cat-gold-mangalsutras","9":"product_cat-occasional-wear-mangalsutras","11":"first","12":"outofstock","13":"taxable","14":"shipping-taxable","15":"product-type-simple","16":"add-to-wishlist-before_image"},"yoast_head":"<!-- This site is optimized with the Yoast SEO plugin v27.3 - https:\/\/yoast.com\/product\/yoast-seo-wordpress\/ -->\n<title>22ct Gold Mangalsutra UK | Gold Mangalsutra | PureJewels<\/title>\n<meta name=\"description\" content=\"We are proud to offer a diverse and stylish collection of mangalsutra in the UK, browse online or visit our luxurious store on Green Street, London.\" \/>\n<meta name=\"robots\" content=\"index, follow, max-snippet:-1, max-image-preview:large, max-video-preview:-1\" \/>\n<link rel=\"canonical\" href=\"https:\/\/www.purejewels.com\/de\/produkt-2\/22ct-gold-mangalsutra-uk-33974\/\" \/>\n<meta property=\"og:locale\" content=\"de_DE\" \/>\n<meta property=\"og:type\" content=\"article\" \/>\n<meta property=\"og:title\" content=\"22ct Gold Mangalsutra UK | Gold Mangalsutra | PureJewels\" \/>\n<meta property=\"og:description\" content=\"We are proud to offer a diverse and stylish collection of mangalsutra in the UK, browse online or visit our luxurious store on Green Street, London.\" \/>\n<meta property=\"og:url\" content=\"https:\/\/www.purejewels.com\/de\/produkt-2\/22ct-gold-mangalsutra-uk-33974\/\" \/>\n<meta property=\"og:site_name\" content=\"PureJewels UK\" \/>\n<meta property=\"article:modified_time\" content=\"2026-01-07T10:47:39+00:00\" \/>\n<meta property=\"og:image\" content=\"https:\/\/www.purejewels.com\/wp-content\/uploads\/2021\/06\/33974-1.jpg\" \/>\n\t<meta property=\"og:image:width\" content=\"1000\" \/>\n\t<meta property=\"og:image:height\" content=\"1000\" \/>\n\t<meta property=\"og:image:type\" content=\"image\/jpeg\" \/>\n<meta name=\"twitter:card\" content=\"summary_large_image\" \/>\n<script type=\"application\/ld+json\" class=\"yoast-schema-graph\">{\"@context\":\"https:\\\/\\\/schema.org\",\"@graph\":[{\"@type\":[\"WebPage\",\"ItemPage\"],\"@id\":\"https:\\\/\\\/www.purejewels.com\\\/product\\\/22ct-gold-mangalsutra-uk-33974\\\/\",\"url\":\"https:\\\/\\\/www.purejewels.com\\\/product\\\/22ct-gold-mangalsutra-uk-33974\\\/\",\"name\":\"22ct Gold Mangalsutra UK | Gold Mangalsutra | PureJewels\",\"isPartOf\":{\"@id\":\"https:\\\/\\\/www.purejewels.com\\\/#website\"},\"primaryImageOfPage\":{\"@id\":\"https:\\\/\\\/www.purejewels.com\\\/product\\\/22ct-gold-mangalsutra-uk-33974\\\/#primaryimage\"},\"image\":{\"@id\":\"https:\\\/\\\/www.purejewels.com\\\/product\\\/22ct-gold-mangalsutra-uk-33974\\\/#primaryimage\"},\"thumbnailUrl\":\"https:\\\/\\\/static.purejewels.com\\\/wp-content\\\/uploads\\\/2021\\\/06\\\/33974-1.jpg\",\"datePublished\":\"2021-06-24T10:09:03+00:00\",\"dateModified\":\"2026-01-07T10:47:39+00:00\",\"description\":\"We are proud to offer a diverse and stylish collection of mangalsutra in the UK, browse online or visit our luxurious store on Green Street, London.\",\"breadcrumb\":{\"@id\":\"https:\\\/\\\/www.purejewels.com\\\/product\\\/22ct-gold-mangalsutra-uk-33974\\\/#breadcrumb\"},\"inLanguage\":\"de\",\"potentialAction\":[{\"@type\":\"ReadAction\",\"target\":[\"https:\\\/\\\/www.purejewels.com\\\/product\\\/22ct-gold-mangalsutra-uk-33974\\\/\"]}]},{\"@type\":\"ImageObject\",\"inLanguage\":\"de\",\"@id\":\"https:\\\/\\\/www.purejewels.com\\\/product\\\/22ct-gold-mangalsutra-uk-33974\\\/#primaryimage\",\"url\":\"https:\\\/\\\/static.purejewels.com\\\/wp-content\\\/uploads\\\/2021\\\/06\\\/33974-1.jpg\",\"contentUrl\":\"https:\\\/\\\/static.purejewels.com\\\/wp-content\\\/uploads\\\/2021\\\/06\\\/33974-1.jpg\",\"width\":1000,\"height\":1000,\"caption\":\"22ct Gold Mangalsutra UK - 33974\"},{\"@type\":\"BreadcrumbList\",\"@id\":\"https:\\\/\\\/www.purejewels.com\\\/product\\\/22ct-gold-mangalsutra-uk-33974\\\/#breadcrumb\",\"itemListElement\":[{\"@type\":\"ListItem\",\"position\":1,\"name\":\"Home\",\"item\":\"https:\\\/\\\/www.purejewels.com\\\/\"},{\"@type\":\"ListItem\",\"position\":2,\"name\":\"Shop\",\"item\":\"https:\\\/\\\/www.purejewels.com\\\/shop\\\/\"},{\"@type\":\"ListItem\",\"position\":3,\"name\":\"22ct Gold Mangalsutra UK\"}]},{\"@type\":\"WebSite\",\"@id\":\"https:\\\/\\\/www.purejewels.com\\\/#website\",\"url\":\"https:\\\/\\\/www.purejewels.com\\\/\",\"name\":\"PureJewels UK\",\"description\":\"Share the Love\",\"publisher\":{\"@id\":\"https:\\\/\\\/www.purejewels.com\\\/#organization\"},\"potentialAction\":[{\"@type\":\"SearchAction\",\"target\":{\"@type\":\"EntryPoint\",\"urlTemplate\":\"https:\\\/\\\/www.purejewels.com\\\/?s={search_term_string}\"},\"query-input\":{\"@type\":\"PropertyValueSpecification\",\"valueRequired\":true,\"valueName\":\"search_term_string\"}}],\"inLanguage\":\"de\"},{\"@type\":\"Organization\",\"@id\":\"https:\\\/\\\/www.purejewels.com\\\/#organization\",\"name\":\"PureJewels UK\",\"url\":\"https:\\\/\\\/www.purejewels.com\\\/\",\"logo\":{\"@type\":\"ImageObject\",\"inLanguage\":\"de\",\"@id\":\"https:\\\/\\\/www.purejewels.com\\\/#\\\/schema\\\/logo\\\/image\\\/\",\"url\":\"https:\\\/\\\/static.purejewels.com\\\/wp-content\\\/uploads\\\/2020\\\/11\\\/Logo-PJ-New-1.png\",\"contentUrl\":\"https:\\\/\\\/static.purejewels.com\\\/wp-content\\\/uploads\\\/2020\\\/11\\\/Logo-PJ-New-1.png\",\"width\":150,\"height\":80,\"caption\":\"PureJewels UK\"},\"image\":{\"@id\":\"https:\\\/\\\/www.purejewels.com\\\/#\\\/schema\\\/logo\\\/image\\\/\"}}]}<\/script>\n<!-- \/ Yoast SEO plugin. -->","yoast_head_json":{"title":"22ct Gold Mangalsutra UK | Gold Mangalsutra | PureJewels","description":"Wir sind stolz darauf, eine vielf\u00e4ltige und stilvolle Kollektion von Mangalsutra in Gro\u00dfbritannien anbieten zu k\u00f6nnen. St\u00f6bern Sie online oder besuchen Sie unser luxuri\u00f6ses Gesch\u00e4ft in der Green Street in London.","robots":{"index":"index","follow":"follow","max-snippet":"max-snippet:-1","max-image-preview":"max-image-preview:large","max-video-preview":"max-video-preview:-1"},"canonical":"https:\/\/www.purejewels.com\/de\/produkt-2\/22ct-gold-mangalsutra-uk-33974\/","og_locale":"de_DE","og_type":"article","og_title":"22ct Gold Mangalsutra UK | Gold Mangalsutra | PureJewels","og_description":"We are proud to offer a diverse and stylish collection of mangalsutra in the UK, browse online or visit our luxurious store on Green Street, London.","og_url":"https:\/\/www.purejewels.com\/de\/produkt-2\/22ct-gold-mangalsutra-uk-33974\/","og_site_name":"PureJewels UK","article_modified_time":"2026-01-07T10:47:39+00:00","og_image":[{"width":1000,"height":1000,"url":"https:\/\/www.purejewels.com\/wp-content\/uploads\/2021\/06\/33974-1.jpg","type":"image\/jpeg"}],"twitter_card":"summary_large_image","schema":{"@context":"https:\/\/schema.org","@graph":[{"@type":["WebPage","ItemPage"],"@id":"https:\/\/www.purejewels.com\/product\/22ct-gold-mangalsutra-uk-33974\/","url":"https:\/\/www.purejewels.com\/product\/22ct-gold-mangalsutra-uk-33974\/","name":"22ct Gold Mangalsutra UK | Gold Mangalsutra | PureJewels","isPartOf":{"@id":"https:\/\/www.purejewels.com\/#website"},"primaryImageOfPage":{"@id":"https:\/\/www.purejewels.com\/product\/22ct-gold-mangalsutra-uk-33974\/#primaryimage"},"image":{"@id":"https:\/\/www.purejewels.com\/product\/22ct-gold-mangalsutra-uk-33974\/#primaryimage"},"thumbnailUrl":"https:\/\/static.purejewels.com\/wp-content\/uploads\/2021\/06\/33974-1.jpg","datePublished":"2021-06-24T10:09:03+00:00","dateModified":"2026-01-07T10:47:39+00:00","description":"Wir sind stolz darauf, eine vielf\u00e4ltige und stilvolle Kollektion von Mangalsutra in Gro\u00dfbritannien anbieten zu k\u00f6nnen. St\u00f6bern Sie online oder besuchen Sie unser luxuri\u00f6ses Gesch\u00e4ft in der Green Street in London.","breadcrumb":{"@id":"https:\/\/www.purejewels.com\/product\/22ct-gold-mangalsutra-uk-33974\/#breadcrumb"},"inLanguage":"de","potentialAction":[{"@type":"ReadAction","target":["https:\/\/www.purejewels.com\/product\/22ct-gold-mangalsutra-uk-33974\/"]}]},{"@type":"ImageObject","inLanguage":"de","@id":"https:\/\/www.purejewels.com\/product\/22ct-gold-mangalsutra-uk-33974\/#primaryimage","url":"https:\/\/static.purejewels.com\/wp-content\/uploads\/2021\/06\/33974-1.jpg","contentUrl":"https:\/\/static.purejewels.com\/wp-content\/uploads\/2021\/06\/33974-1.jpg","width":1000,"height":1000,"caption":"22ct Gold Mangalsutra UK - 33974"},{"@type":"BreadcrumbList","@id":"https:\/\/www.purejewels.com\/product\/22ct-gold-mangalsutra-uk-33974\/#breadcrumb","itemListElement":[{"@type":"ListItem","position":1,"name":"Home","item":"https:\/\/www.purejewels.com\/"},{"@type":"ListItem","position":2,"name":"Shop","item":"https:\/\/www.purejewels.com\/shop\/"},{"@type":"ListItem","position":3,"name":"22ct Gold Mangalsutra UK"}]},{"@type":"WebSite","@id":"https:\/\/www.purejewels.com\/#website","url":"https:\/\/www.purejewels.com\/","name":"PureJewels UK","description":"Teile die Liebe","publisher":{"@id":"https:\/\/www.purejewels.com\/#organization"},"potentialAction":[{"@type":"SearchAction","target":{"@type":"EntryPoint","urlTemplate":"https:\/\/www.purejewels.com\/?s={search_term_string}"},"query-input":{"@type":"PropertyValueSpecification","valueRequired":true,"valueName":"search_term_string"}}],"inLanguage":"de"},{"@type":"Organization","@id":"https:\/\/www.purejewels.com\/#organization","name":"PureJewels UK","url":"https:\/\/www.purejewels.com\/","logo":{"@type":"ImageObject","inLanguage":"de","@id":"https:\/\/www.purejewels.com\/#\/schema\/logo\/image\/","url":"https:\/\/static.purejewels.com\/wp-content\/uploads\/2020\/11\/Logo-PJ-New-1.png","contentUrl":"https:\/\/static.purejewels.com\/wp-content\/uploads\/2020\/11\/Logo-PJ-New-1.png","width":150,"height":80,"caption":"PureJewels UK"},"image":{"@id":"https:\/\/www.purejewels.com\/#\/schema\/logo\/image\/"}}]}},"_links":{"self":[{"href":"https:\/\/www.purejewels.com\/de\/wp-json\/wp\/v2\/product\/324616","targetHints":{"allow":["GET"]}}],"collection":[{"href":"https:\/\/www.purejewels.com\/de\/wp-json\/wp\/v2\/product"}],"about":[{"href":"https:\/\/www.purejewels.com\/de\/wp-json\/wp\/v2\/types\/product"}],"replies":[{"embeddable":true,"href":"https:\/\/www.purejewels.com\/de\/wp-json\/wp\/v2\/comments?post=324616"}],"version-history":[{"count":1,"href":"https:\/\/www.purejewels.com\/de\/wp-json\/wp\/v2\/product\/324616\/revisions"}],"predecessor-version":[{"id":392665,"href":"https:\/\/www.purejewels.com\/de\/wp-json\/wp\/v2\/product\/324616\/revisions\/392665"}],"wp:featuredmedia":[{"embeddable":true,"href":"https:\/\/www.purejewels.com\/de\/wp-json\/wp\/v2\/media\/324618"}],"wp:attachment":[{"href":"https:\/\/www.purejewels.com\/de\/wp-json\/wp\/v2\/media?parent=324616"}],"wp:term":[{"taxonomy":"product_brand","embeddable":true,"href":"https:\/\/www.purejewels.com\/de\/wp-json\/wp\/v2\/product_brand?post=324616"},{"taxonomy":"product_cat","embeddable":true,"href":"https:\/\/www.purejewels.com\/de\/wp-json\/wp\/v2\/product_cat?post=324616"},{"taxonomy":"product_tag","embeddable":true,"href":"https:\/\/www.purejewels.com\/de\/wp-json\/wp\/v2\/product_tag?post=324616"}],"curies":[{"name":"wp","href":"https:\/\/api.w.org\/{rel}","templated":true}]}}