{"id":324646,"date":"2021-06-25T04:47:26","date_gmt":"2021-06-25T03:47:26","guid":{"rendered":"https:\/\/www.purejewels.com\/product\/jali-collection-22ct-gold-earring-7-3gm\/"},"modified":"2026-01-29T04:56:00","modified_gmt":"2026-01-29T04:56:00","slug":"filigraner-tropfenohrring-aus-22-kt-gold-50850","status":"publish","type":"product","link":"https:\/\/www.purejewels.com\/de\/product\/22-ct-gold-filigree-drop-earring-50850\/","title":{"rendered":"Filigraner Tropfenohrring aus 22 Karat Gold"},"content":{"rendered":"<p>Anmut und Handwerkskunst treffen in unseren filigranen 22-Karat-Gold-Tropfenohrringen aufeinander, die in fachm\u00e4nnischer Handarbeit mit zarten, von Jali inspirierten Details gefertigt werden. Die eleganten Ohrringe aus reinem 22-kar\u00e4tigem Gold sind mit einem Echtheitszertifikat versehen und bieten zeitlosen Charme mit einer modernen Silhouette. Sie sind leicht und leuchtend und eignen sich ideal f\u00fcr Hochzeiten, festliche Anl\u00e4sse oder den eleganten Alltag. Perfekt f\u00fcr alle, die auf der Suche nach traditionellen goldenen Tropfenohrringen, indischem Filigranschmuck oder handgefertigten Ohrringdesigns aus 22 Karat Gold sind.<\/p>","protected":false},"excerpt":{"rendered":"<p data-start=\"705\" data-end=\"874\">Elegante filigrane Tropfenohrringe aus 22-kar\u00e4tigem Gold mit aufw\u00e4ndigen handgefertigten Details.<br data-start=\"814\" data-end=\"817\" \/>Eine zeitlose Mischung aus indischer Tradition und moderner Eleganz.<\/p>\n<p><strong>Material:<\/strong>\u00a022ct Gold<strong><br \/>\nWahrzeichen:\u00a0<\/strong>Britisches G\u00fctesiegel<strong><br \/>\n<\/strong><strong>Bruttogewicht:\u00a0<\/strong>14.30 Gms<strong><br \/>\nSKU:\u00a0<\/strong>50850<\/p>\n<p><strong>Preis und Lieferung<\/strong>:Inklusive Mehrwertsteuer und Lieferkosten<\/p>\n<p><a href=\"https:\/\/www.purejewels.com\/de\/ruckgabepolitik\/\">R\u00fcckgabepolitik<\/a><\/p>","protected":false},"featured_media":402247,"comment_status":"closed","ping_status":"closed","template":"","meta":{"_eb_attr":"","_crsspst_to_jayantr4sg-hostcom":true},"product_brand":[],"product_cat":[1791,5315,236,1685,5701,1254,1229,252,5611,1570,1573,1574,5349],"product_tag":[1502,63],"class_list":{"0":"post-324646","1":"product","2":"type-product","3":"status-publish","4":"has-post-thumbnail","6":"product_cat-anniversary-gifts","7":"product_cat-bridal-and-wedding-earrings","8":"product_cat-collections","9":"product_cat-drop-earrings","10":"product_cat-eid-jewellery","11":"product_cat-gold-earrings","12":"product_cat-22ct-gold-jewellery","13":"product_cat-jali-collections","14":"product_cat-jali-earrings","15":"product_cat-mothers-day-gifts","16":"product_cat-wedding-gifts","17":"product_cat-womens-jewellery","18":"product_cat-yellow-gold-jewellery","19":"product_tag-filigree","20":"product_tag-gold","22":"first","23":"instock","24":"taxable","25":"shipping-taxable","26":"purchasable","27":"product-type-simple","28":"add-to-wishlist-before_image"},"yoast_head":"<!-- This site is optimized with the Yoast SEO plugin v27.5 - https:\/\/yoast.com\/product\/yoast-seo-wordpress\/ -->\n<title>Gold Earrings | Earrings for Women | PureJewels UK<\/title>\n<meta name=\"description\" content=\"Explore our Bridal Gold Earrings selection for the very best in unique, beautiful and handmade pieces from our Jewellery Collection.\" \/>\n<meta name=\"robots\" content=\"index, follow, max-snippet:-1, max-image-preview:large, max-video-preview:-1\" \/>\n<link rel=\"canonical\" href=\"https:\/\/www.purejewels.com\/de\/produkt-2\/filigraner-tropfenohrring-aus-22-kt-gold-50850\/\" \/>\n<meta property=\"og:locale\" content=\"de_DE\" \/>\n<meta property=\"og:type\" content=\"article\" \/>\n<meta property=\"og:title\" content=\"Gold Earrings | Earrings for Women | PureJewels UK\" \/>\n<meta property=\"og:description\" content=\"Explore our Bridal Gold Earrings selection for the very best in unique, beautiful and handmade pieces from our Jewellery Collection.\" \/>\n<meta property=\"og:url\" content=\"https:\/\/www.purejewels.com\/de\/produkt-2\/filigraner-tropfenohrring-aus-22-kt-gold-50850\/\" \/>\n<meta property=\"og:site_name\" content=\"PureJewels UK\" \/>\n<meta property=\"article:modified_time\" content=\"2026-01-29T04:56:00+00:00\" \/>\n<meta property=\"og:image\" content=\"https:\/\/static.purejewels.com\/wp-content\/uploads\/2021\/06\/SKU-50850.png\" \/>\n\t<meta property=\"og:image:width\" content=\"1000\" \/>\n\t<meta property=\"og:image:height\" content=\"1000\" \/>\n\t<meta property=\"og:image:type\" content=\"image\/png\" \/>\n<meta name=\"twitter:card\" content=\"summary_large_image\" \/>\n<meta name=\"twitter:label1\" content=\"Gesch\u00e4tzte Lesezeit\" \/>\n\t<meta name=\"twitter:data1\" content=\"1\u00a0Minute\" \/>\n<script type=\"application\/ld+json\" class=\"yoast-schema-graph\">{\"@context\":\"https:\\\/\\\/schema.org\",\"@graph\":[{\"@type\":[\"WebPage\",\"ItemPage\"],\"@id\":\"https:\\\/\\\/www.purejewels.com\\\/product\\\/22-ct-gold-filigree-drop-earring-50850\\\/\",\"url\":\"https:\\\/\\\/www.purejewels.com\\\/product\\\/22-ct-gold-filigree-drop-earring-50850\\\/\",\"name\":\"Gold Earrings | Earrings for Women | PureJewels UK\",\"isPartOf\":{\"@id\":\"https:\\\/\\\/www.purejewels.com\\\/#website\"},\"primaryImageOfPage\":{\"@id\":\"https:\\\/\\\/www.purejewels.com\\\/product\\\/22-ct-gold-filigree-drop-earring-50850\\\/#primaryimage\"},\"image\":{\"@id\":\"https:\\\/\\\/www.purejewels.com\\\/product\\\/22-ct-gold-filigree-drop-earring-50850\\\/#primaryimage\"},\"thumbnailUrl\":\"https:\\\/\\\/static.purejewels.com\\\/wp-content\\\/uploads\\\/2021\\\/06\\\/SKU-50850.png\",\"datePublished\":\"2021-06-25T03:47:26+00:00\",\"dateModified\":\"2026-01-29T04:56:00+00:00\",\"description\":\"Explore our Bridal Gold Earrings selection for the very best in unique, beautiful and handmade pieces from our Jewellery Collection.\",\"breadcrumb\":{\"@id\":\"https:\\\/\\\/www.purejewels.com\\\/product\\\/22-ct-gold-filigree-drop-earring-50850\\\/#breadcrumb\"},\"inLanguage\":\"de\",\"potentialAction\":[{\"@type\":\"ReadAction\",\"target\":[\"https:\\\/\\\/www.purejewels.com\\\/product\\\/22-ct-gold-filigree-drop-earring-50850\\\/\"]}]},{\"@type\":\"ImageObject\",\"inLanguage\":\"de\",\"@id\":\"https:\\\/\\\/www.purejewels.com\\\/product\\\/22-ct-gold-filigree-drop-earring-50850\\\/#primaryimage\",\"url\":\"https:\\\/\\\/static.purejewels.com\\\/wp-content\\\/uploads\\\/2021\\\/06\\\/SKU-50850.png\",\"contentUrl\":\"https:\\\/\\\/static.purejewels.com\\\/wp-content\\\/uploads\\\/2021\\\/06\\\/SKU-50850.png\",\"width\":1000,\"height\":1000,\"caption\":\"22ct Gold Filigree Drop Earring\"},{\"@type\":\"BreadcrumbList\",\"@id\":\"https:\\\/\\\/www.purejewels.com\\\/product\\\/22-ct-gold-filigree-drop-earring-50850\\\/#breadcrumb\",\"itemListElement\":[{\"@type\":\"ListItem\",\"position\":1,\"name\":\"Home\",\"item\":\"https:\\\/\\\/www.purejewels.com\\\/\"},{\"@type\":\"ListItem\",\"position\":2,\"name\":\"Shop\",\"item\":\"https:\\\/\\\/www.purejewels.com\\\/shop\\\/\"},{\"@type\":\"ListItem\",\"position\":3,\"name\":\"22ct Gold Filigree Drop Earring\"}]},{\"@type\":\"WebSite\",\"@id\":\"https:\\\/\\\/www.purejewels.com\\\/#website\",\"url\":\"https:\\\/\\\/www.purejewels.com\\\/\",\"name\":\"PureJewels UK\",\"description\":\"Share the Love\",\"publisher\":{\"@id\":\"https:\\\/\\\/www.purejewels.com\\\/#organization\"},\"potentialAction\":[{\"@type\":\"SearchAction\",\"target\":{\"@type\":\"EntryPoint\",\"urlTemplate\":\"https:\\\/\\\/www.purejewels.com\\\/?s={search_term_string}\"},\"query-input\":{\"@type\":\"PropertyValueSpecification\",\"valueRequired\":true,\"valueName\":\"search_term_string\"}}],\"inLanguage\":\"de\"},{\"@type\":\"Organization\",\"@id\":\"https:\\\/\\\/www.purejewels.com\\\/#organization\",\"name\":\"PureJewels UK\",\"url\":\"https:\\\/\\\/www.purejewels.com\\\/\",\"logo\":{\"@type\":\"ImageObject\",\"inLanguage\":\"de\",\"@id\":\"https:\\\/\\\/www.purejewels.com\\\/#\\\/schema\\\/logo\\\/image\\\/\",\"url\":\"https:\\\/\\\/static.purejewels.com\\\/wp-content\\\/uploads\\\/2020\\\/11\\\/Logo-PJ-New-1.png\",\"contentUrl\":\"https:\\\/\\\/static.purejewels.com\\\/wp-content\\\/uploads\\\/2020\\\/11\\\/Logo-PJ-New-1.png\",\"width\":150,\"height\":80,\"caption\":\"PureJewels UK\"},\"image\":{\"@id\":\"https:\\\/\\\/www.purejewels.com\\\/#\\\/schema\\\/logo\\\/image\\\/\"}}]}<\/script>\n<!-- \/ Yoast SEO plugin. -->","yoast_head_json":{"title":"Gold-Ohrringe | Ohrringe f\u00fcr Frauen | PureJewels UK","description":"Entdecken Sie unsere Auswahl an Gold-Ohrringen f\u00fcr die Braut und finden Sie einzigartige, sch\u00f6ne und handgefertigte St\u00fccke aus unserer Schmuckkollektion.","robots":{"index":"index","follow":"follow","max-snippet":"max-snippet:-1","max-image-preview":"max-image-preview:large","max-video-preview":"max-video-preview:-1"},"canonical":"https:\/\/www.purejewels.com\/de\/produkt-2\/filigraner-tropfenohrring-aus-22-kt-gold-50850\/","og_locale":"de_DE","og_type":"article","og_title":"Gold Earrings | Earrings for Women | PureJewels UK","og_description":"Explore our Bridal Gold Earrings selection for the very best in unique, beautiful and handmade pieces from our Jewellery Collection.","og_url":"https:\/\/www.purejewels.com\/de\/produkt-2\/filigraner-tropfenohrring-aus-22-kt-gold-50850\/","og_site_name":"PureJewels UK","article_modified_time":"2026-01-29T04:56:00+00:00","og_image":[{"width":1000,"height":1000,"url":"https:\/\/static.purejewels.com\/wp-content\/uploads\/2021\/06\/SKU-50850.png","type":"image\/png"}],"twitter_card":"summary_large_image","twitter_misc":{"Gesch\u00e4tzte Lesezeit":"1\u00a0Minute"},"schema":{"@context":"https:\/\/schema.org","@graph":[{"@type":["WebPage","ItemPage"],"@id":"https:\/\/www.purejewels.com\/product\/22-ct-gold-filigree-drop-earring-50850\/","url":"https:\/\/www.purejewels.com\/product\/22-ct-gold-filigree-drop-earring-50850\/","name":"Gold-Ohrringe | Ohrringe f\u00fcr Frauen | PureJewels UK","isPartOf":{"@id":"https:\/\/www.purejewels.com\/#website"},"primaryImageOfPage":{"@id":"https:\/\/www.purejewels.com\/product\/22-ct-gold-filigree-drop-earring-50850\/#primaryimage"},"image":{"@id":"https:\/\/www.purejewels.com\/product\/22-ct-gold-filigree-drop-earring-50850\/#primaryimage"},"thumbnailUrl":"https:\/\/static.purejewels.com\/wp-content\/uploads\/2021\/06\/SKU-50850.png","datePublished":"2021-06-25T03:47:26+00:00","dateModified":"2026-01-29T04:56:00+00:00","description":"Entdecken Sie unsere Auswahl an Gold-Ohrringen f\u00fcr die Braut und finden Sie einzigartige, sch\u00f6ne und handgefertigte St\u00fccke aus unserer Schmuckkollektion.","breadcrumb":{"@id":"https:\/\/www.purejewels.com\/product\/22-ct-gold-filigree-drop-earring-50850\/#breadcrumb"},"inLanguage":"de","potentialAction":[{"@type":"ReadAction","target":["https:\/\/www.purejewels.com\/product\/22-ct-gold-filigree-drop-earring-50850\/"]}]},{"@type":"ImageObject","inLanguage":"de","@id":"https:\/\/www.purejewels.com\/product\/22-ct-gold-filigree-drop-earring-50850\/#primaryimage","url":"https:\/\/static.purejewels.com\/wp-content\/uploads\/2021\/06\/SKU-50850.png","contentUrl":"https:\/\/static.purejewels.com\/wp-content\/uploads\/2021\/06\/SKU-50850.png","width":1000,"height":1000,"caption":"22ct Gold Filigree Drop Earring"},{"@type":"BreadcrumbList","@id":"https:\/\/www.purejewels.com\/product\/22-ct-gold-filigree-drop-earring-50850\/#breadcrumb","itemListElement":[{"@type":"ListItem","position":1,"name":"Home","item":"https:\/\/www.purejewels.com\/"},{"@type":"ListItem","position":2,"name":"Shop","item":"https:\/\/www.purejewels.com\/shop\/"},{"@type":"ListItem","position":3,"name":"22ct Gold Filigree Drop Earring"}]},{"@type":"WebSite","@id":"https:\/\/www.purejewels.com\/#website","url":"https:\/\/www.purejewels.com\/","name":"PureJewels UK","description":"Teile die Liebe","publisher":{"@id":"https:\/\/www.purejewels.com\/#organization"},"potentialAction":[{"@type":"SearchAction","target":{"@type":"EntryPoint","urlTemplate":"https:\/\/www.purejewels.com\/?s={search_term_string}"},"query-input":{"@type":"PropertyValueSpecification","valueRequired":true,"valueName":"search_term_string"}}],"inLanguage":"de"},{"@type":"Organization","@id":"https:\/\/www.purejewels.com\/#organization","name":"PureJewels UK","url":"https:\/\/www.purejewels.com\/","logo":{"@type":"ImageObject","inLanguage":"de","@id":"https:\/\/www.purejewels.com\/#\/schema\/logo\/image\/","url":"https:\/\/static.purejewels.com\/wp-content\/uploads\/2020\/11\/Logo-PJ-New-1.png","contentUrl":"https:\/\/static.purejewels.com\/wp-content\/uploads\/2020\/11\/Logo-PJ-New-1.png","width":150,"height":80,"caption":"PureJewels UK"},"image":{"@id":"https:\/\/www.purejewels.com\/#\/schema\/logo\/image\/"}}]}},"_links":{"self":[{"href":"https:\/\/www.purejewels.com\/de\/wp-json\/wp\/v2\/product\/324646","targetHints":{"allow":["GET"]}}],"collection":[{"href":"https:\/\/www.purejewels.com\/de\/wp-json\/wp\/v2\/product"}],"about":[{"href":"https:\/\/www.purejewels.com\/de\/wp-json\/wp\/v2\/types\/product"}],"replies":[{"embeddable":true,"href":"https:\/\/www.purejewels.com\/de\/wp-json\/wp\/v2\/comments?post=324646"}],"version-history":[{"count":4,"href":"https:\/\/www.purejewels.com\/de\/wp-json\/wp\/v2\/product\/324646\/revisions"}],"predecessor-version":[{"id":402250,"href":"https:\/\/www.purejewels.com\/de\/wp-json\/wp\/v2\/product\/324646\/revisions\/402250"}],"wp:featuredmedia":[{"embeddable":true,"href":"https:\/\/www.purejewels.com\/de\/wp-json\/wp\/v2\/media\/402247"}],"wp:attachment":[{"href":"https:\/\/www.purejewels.com\/de\/wp-json\/wp\/v2\/media?parent=324646"}],"wp:term":[{"taxonomy":"product_brand","embeddable":true,"href":"https:\/\/www.purejewels.com\/de\/wp-json\/wp\/v2\/product_brand?post=324646"},{"taxonomy":"product_cat","embeddable":true,"href":"https:\/\/www.purejewels.com\/de\/wp-json\/wp\/v2\/product_cat?post=324646"},{"taxonomy":"product_tag","embeddable":true,"href":"https:\/\/www.purejewels.com\/de\/wp-json\/wp\/v2\/product_tag?post=324646"}],"curies":[{"name":"wp","href":"https:\/\/api.w.org\/{rel}","templated":true}]}}