{"id":324900,"date":"2021-07-14T06:00:40","date_gmt":"2021-07-14T05:00:40","guid":{"rendered":"https:\/\/www.purejewels.com\/product\/18ct-white-gold-nose-pin-0-16gm\/"},"modified":"2026-02-17T13:40:45","modified_gmt":"2026-02-17T13:40:45","slug":"18ct-weisgold-diamant-nase-pin-34155","status":"publish","type":"product","link":"https:\/\/www.purejewels.com\/de\/product\/18ct-white-gold-diamond-nose-pin-34155\/","title":{"rendered":"18ct Wei\u00dfgold Diamant-Nasenstecker | 0.06ct"},"content":{"rendered":"<h3 data-start=\"782\" data-end=\"802\">Designkonzept<\/h3>\n<p data-start=\"803\" data-end=\"1089\">Dieses St\u00fcck zelebriert Minimalismus mit Absicht. Der Solit\u00e4r-Diamant symbolisiert Reinheit und St\u00e4rke, w\u00e4hrend die elegante Kurve des Nasenstifts so geformt ist, dass sie sich anmutig an die nat\u00fcrliche Form der Nase anschmiegt. Sie ist ein modernes Erbst\u00fcck - raffiniert, m\u00fchelos und best\u00e4ndig.<\/p>\n<h3 data-start=\"1091\" data-end=\"1110\">Handwerkliches K\u00f6nnen<\/h3>\n<p data-start=\"1111\" data-end=\"1461\">Dieser Nasenschmuck wurde fachm\u00e4nnisch aus feinem 18-kar\u00e4tigem Wei\u00dfgold gefertigt und weist ein <strong data-start=\"1184\" data-end=\"1202\">Drahtspulenschaft<\/strong>, und bietet sowohl Komfort als auch Sicherheit. Die glatte, polierte Oberfl\u00e4che sorgt f\u00fcr sanftes Tragen, w\u00e4hrend der pr\u00e4zise gefasste Diamant unser Engagement f\u00fcr au\u00dfergew\u00f6hnliche Qualit\u00e4t und Details widerspiegelt. Jedes Element ist sorgf\u00e4ltig auf Leichtigkeit, Haltbarkeit und raffinierte Sch\u00f6nheit abgestimmt.<\/p>\n<h3 data-start=\"1463\" data-end=\"1482\">Styling-Ideen<\/h3>\n<ul>\n<li data-start=\"1485\" data-end=\"1582\">Perfekt f\u00fcr die Eleganz des Alltags - sie verleiht sowohl der Freizeit- als auch der Berufskleidung einen subtilen Schimmer.<\/li>\n<li data-start=\"1585\" data-end=\"1666\">Erg\u00e4nzt wunderbar Wei\u00dfgold- oder Platinschmuck f\u00fcr ein harmonisches Aussehen.<\/li>\n<li data-start=\"1669\" data-end=\"1769\">Ideal f\u00fcr das Styling von Br\u00e4uten, wo der zarte Glanz die nat\u00fcrliche Sch\u00f6nheit unterstreicht, ohne zu \u00fcberladen zu wirken.<\/li>\n<li data-start=\"1772\" data-end=\"1848\">Kann mit Diamantohrsteckern oder einem feinen Anh\u00e4nger f\u00fcr ein koordiniertes Finish kombiniert werden.<\/li>\n<\/ul>\n<p data-start=\"1850\" data-end=\"2043\">Eine zeitlose Wahl f\u00fcr alle, die ruhigen Luxus zu sch\u00e4tzen wissen, ist dieses <strong data-start=\"1912\" data-end=\"1942\">Diamantnadel im Vereinigten K\u00f6nigreich<\/strong> ist eine anmutige Erg\u00e4nzung f\u00fcr jede Schmucksammlung - entworfen, um gesch\u00e4tzt, getragen und gefeiert zu werden.<\/p>","protected":false},"excerpt":{"rendered":"<ul>\n<li>Diamant-Nasennadel de<\/li>\n<li>18ct Wei\u00dfgold Diamant Nasenschmuck<\/li>\n<li>Mit Drahtspule Spindel<\/li>\n<li>0,06ct Runder Brillantschliff Diamant\n<ul>\n<li>Diamant Reinheit. VVS<\/li>\n<li>Farbe des Diamanten.  E - F<\/li>\n<\/ul>\n<\/li>\n<li>Alle unsere Diamanten werden mit SGL-Zertifikat geliefert.<\/li>\n<li>SKU 47137, 47136, 45190<\/li>\n<li>Alle Preise inklusive Mehrwertsteuer<\/li>\n<li>Mit Pr\u00e4sentationsbox<\/li>\n<li>Lieferung inbegriffen<\/li>\n<li>Kontaktieren Sie uns \/ chatten Sie mit uns, um unsere Kollektion von Diamant-Nasensteckern zu entdecken<\/li>\n<\/ul>","protected":false},"featured_media":326671,"comment_status":"closed","ping_status":"closed","template":"","meta":{"_eb_attr":"","_crsspst_to_jayantr4sg-hostcom":false},"product_brand":[],"product_cat":[1530,1711,1463,1574],"product_tag":[],"class_list":{"0":"post-324900","1":"product","2":"type-product","3":"status-publish","4":"has-post-thumbnail","6":"product_cat-diamond-nose-pin","7":"product_cat-gold-nose-studs","8":"product_cat-gold-nose-pins","9":"product_cat-womens-jewellery","11":"first","12":"instock","13":"taxable","14":"shipping-taxable","15":"purchasable","16":"product-type-simple","17":"add-to-wishlist-before_image"},"yoast_head":"<!-- This site is optimized with the Yoast SEO plugin v27.5 - https:\/\/yoast.com\/product\/yoast-seo-wordpress\/ -->\n<title>Pick 18ct White Gold Diamond Wire Nose Pin at PureJewels UK<\/title>\n<meta name=\"description\" content=\"Buy white Gold Diamond Nose Pins Online at UK&#039;s best online Shopping Store. Best quality assured. Explore more on https:\/\/www.purejewels.com\/\" \/>\n<meta name=\"robots\" content=\"index, follow, max-snippet:-1, max-image-preview:large, max-video-preview:-1\" \/>\n<link rel=\"canonical\" href=\"https:\/\/www.purejewels.com\/de\/produkt-2\/18ct-weisgold-diamant-nase-pin-34155\/\" \/>\n<meta property=\"og:locale\" content=\"de_DE\" \/>\n<meta property=\"og:type\" content=\"article\" \/>\n<meta property=\"og:title\" content=\"Pick 18ct White Gold Diamond Wire Nose Pin at PureJewels UK\" \/>\n<meta property=\"og:description\" content=\"Buy white Gold Diamond Nose Pins Online at UK&#039;s best online Shopping Store. Best quality assured. Explore more on https:\/\/www.purejewels.com\/\" \/>\n<meta property=\"og:url\" content=\"https:\/\/www.purejewels.com\/de\/produkt-2\/18ct-weisgold-diamant-nase-pin-34155\/\" \/>\n<meta property=\"og:site_name\" content=\"PureJewels UK\" \/>\n<meta property=\"article:modified_time\" content=\"2026-02-17T13:40:45+00:00\" \/>\n<meta property=\"og:image\" content=\"https:\/\/static.purejewels.com\/wp-content\/uploads\/2021\/07\/34155-2.jpg\" \/>\n\t<meta property=\"og:image:width\" content=\"1000\" \/>\n\t<meta property=\"og:image:height\" content=\"1000\" \/>\n\t<meta property=\"og:image:type\" content=\"image\/jpeg\" \/>\n<meta name=\"twitter:card\" content=\"summary_large_image\" \/>\n<meta name=\"twitter:label1\" content=\"Gesch\u00e4tzte Lesezeit\" \/>\n\t<meta name=\"twitter:data1\" content=\"1\u00a0Minute\" \/>\n<script type=\"application\/ld+json\" class=\"yoast-schema-graph\">{\"@context\":\"https:\\\/\\\/schema.org\",\"@graph\":[{\"@type\":[\"WebPage\",\"ItemPage\"],\"@id\":\"https:\\\/\\\/www.purejewels.com\\\/product\\\/18ct-white-gold-diamond-nose-pin-34155\\\/\",\"url\":\"https:\\\/\\\/www.purejewels.com\\\/product\\\/18ct-white-gold-diamond-nose-pin-34155\\\/\",\"name\":\"Pick 18ct White Gold Diamond Wire Nose Pin at PureJewels UK\",\"isPartOf\":{\"@id\":\"https:\\\/\\\/www.purejewels.com\\\/#website\"},\"primaryImageOfPage\":{\"@id\":\"https:\\\/\\\/www.purejewels.com\\\/product\\\/18ct-white-gold-diamond-nose-pin-34155\\\/#primaryimage\"},\"image\":{\"@id\":\"https:\\\/\\\/www.purejewels.com\\\/product\\\/18ct-white-gold-diamond-nose-pin-34155\\\/#primaryimage\"},\"thumbnailUrl\":\"https:\\\/\\\/static.purejewels.com\\\/wp-content\\\/uploads\\\/2021\\\/07\\\/34155-2.jpg\",\"datePublished\":\"2021-07-14T05:00:40+00:00\",\"dateModified\":\"2026-02-17T13:40:45+00:00\",\"description\":\"Buy white Gold Diamond Nose Pins Online at UK's best online Shopping Store. Best quality assured. Explore more on https:\\\/\\\/www.purejewels.com\\\/\",\"breadcrumb\":{\"@id\":\"https:\\\/\\\/www.purejewels.com\\\/product\\\/18ct-white-gold-diamond-nose-pin-34155\\\/#breadcrumb\"},\"inLanguage\":\"de\",\"potentialAction\":[{\"@type\":\"ReadAction\",\"target\":[\"https:\\\/\\\/www.purejewels.com\\\/product\\\/18ct-white-gold-diamond-nose-pin-34155\\\/\"]}]},{\"@type\":\"ImageObject\",\"inLanguage\":\"de\",\"@id\":\"https:\\\/\\\/www.purejewels.com\\\/product\\\/18ct-white-gold-diamond-nose-pin-34155\\\/#primaryimage\",\"url\":\"https:\\\/\\\/static.purejewels.com\\\/wp-content\\\/uploads\\\/2021\\\/07\\\/34155-2.jpg\",\"contentUrl\":\"https:\\\/\\\/static.purejewels.com\\\/wp-content\\\/uploads\\\/2021\\\/07\\\/34155-2.jpg\",\"width\":1000,\"height\":1000,\"caption\":\"18ct White Gold Diamond Nose Pin 34155-2\"},{\"@type\":\"BreadcrumbList\",\"@id\":\"https:\\\/\\\/www.purejewels.com\\\/product\\\/18ct-white-gold-diamond-nose-pin-34155\\\/#breadcrumb\",\"itemListElement\":[{\"@type\":\"ListItem\",\"position\":1,\"name\":\"Home\",\"item\":\"https:\\\/\\\/www.purejewels.com\\\/\"},{\"@type\":\"ListItem\",\"position\":2,\"name\":\"Shop\",\"item\":\"https:\\\/\\\/www.purejewels.com\\\/shop\\\/\"},{\"@type\":\"ListItem\",\"position\":3,\"name\":\"18ct White Gold Diamond Nose Pin | 0.06ct\"}]},{\"@type\":\"WebSite\",\"@id\":\"https:\\\/\\\/www.purejewels.com\\\/#website\",\"url\":\"https:\\\/\\\/www.purejewels.com\\\/\",\"name\":\"PureJewels UK\",\"description\":\"Share the Love\",\"publisher\":{\"@id\":\"https:\\\/\\\/www.purejewels.com\\\/#organization\"},\"potentialAction\":[{\"@type\":\"SearchAction\",\"target\":{\"@type\":\"EntryPoint\",\"urlTemplate\":\"https:\\\/\\\/www.purejewels.com\\\/?s={search_term_string}\"},\"query-input\":{\"@type\":\"PropertyValueSpecification\",\"valueRequired\":true,\"valueName\":\"search_term_string\"}}],\"inLanguage\":\"de\"},{\"@type\":\"Organization\",\"@id\":\"https:\\\/\\\/www.purejewels.com\\\/#organization\",\"name\":\"PureJewels UK\",\"url\":\"https:\\\/\\\/www.purejewels.com\\\/\",\"logo\":{\"@type\":\"ImageObject\",\"inLanguage\":\"de\",\"@id\":\"https:\\\/\\\/www.purejewels.com\\\/#\\\/schema\\\/logo\\\/image\\\/\",\"url\":\"https:\\\/\\\/static.purejewels.com\\\/wp-content\\\/uploads\\\/2020\\\/11\\\/Logo-PJ-New-1.png\",\"contentUrl\":\"https:\\\/\\\/static.purejewels.com\\\/wp-content\\\/uploads\\\/2020\\\/11\\\/Logo-PJ-New-1.png\",\"width\":150,\"height\":80,\"caption\":\"PureJewels UK\"},\"image\":{\"@id\":\"https:\\\/\\\/www.purejewels.com\\\/#\\\/schema\\\/logo\\\/image\\\/\"}}]}<\/script>\n<!-- \/ Yoast SEO plugin. -->","yoast_head_json":{"title":"W\u00e4hlen Sie 18ct White Gold Diamond Wire Nose Pin bei PureJewels UK","description":"Kaufen Sie Wei\u00dfgold-Diamant-Nasenstecknadeln online in Gro\u00dfbritanniens bestem Online-Einkaufsladen. Beste Qualit\u00e4t garantiert. Entdecken Sie mehr auf https:\/\/www.purejewels.com\/","robots":{"index":"index","follow":"follow","max-snippet":"max-snippet:-1","max-image-preview":"max-image-preview:large","max-video-preview":"max-video-preview:-1"},"canonical":"https:\/\/www.purejewels.com\/de\/produkt-2\/18ct-weisgold-diamant-nase-pin-34155\/","og_locale":"de_DE","og_type":"article","og_title":"Pick 18ct White Gold Diamond Wire Nose Pin at PureJewels UK","og_description":"Buy white Gold Diamond Nose Pins Online at UK's best online Shopping Store. Best quality assured. Explore more on https:\/\/www.purejewels.com\/","og_url":"https:\/\/www.purejewels.com\/de\/produkt-2\/18ct-weisgold-diamant-nase-pin-34155\/","og_site_name":"PureJewels UK","article_modified_time":"2026-02-17T13:40:45+00:00","og_image":[{"width":1000,"height":1000,"url":"https:\/\/static.purejewels.com\/wp-content\/uploads\/2021\/07\/34155-2.jpg","type":"image\/jpeg"}],"twitter_card":"summary_large_image","twitter_misc":{"Gesch\u00e4tzte Lesezeit":"1\u00a0Minute"},"schema":{"@context":"https:\/\/schema.org","@graph":[{"@type":["WebPage","ItemPage"],"@id":"https:\/\/www.purejewels.com\/product\/18ct-white-gold-diamond-nose-pin-34155\/","url":"https:\/\/www.purejewels.com\/product\/18ct-white-gold-diamond-nose-pin-34155\/","name":"W\u00e4hlen Sie 18ct White Gold Diamond Wire Nose Pin bei PureJewels UK","isPartOf":{"@id":"https:\/\/www.purejewels.com\/#website"},"primaryImageOfPage":{"@id":"https:\/\/www.purejewels.com\/product\/18ct-white-gold-diamond-nose-pin-34155\/#primaryimage"},"image":{"@id":"https:\/\/www.purejewels.com\/product\/18ct-white-gold-diamond-nose-pin-34155\/#primaryimage"},"thumbnailUrl":"https:\/\/static.purejewels.com\/wp-content\/uploads\/2021\/07\/34155-2.jpg","datePublished":"2021-07-14T05:00:40+00:00","dateModified":"2026-02-17T13:40:45+00:00","description":"Kaufen Sie Wei\u00dfgold-Diamant-Nasenstecknadeln online in Gro\u00dfbritanniens bestem Online-Einkaufsladen. Beste Qualit\u00e4t garantiert. Entdecken Sie mehr auf https:\/\/www.purejewels.com\/","breadcrumb":{"@id":"https:\/\/www.purejewels.com\/product\/18ct-white-gold-diamond-nose-pin-34155\/#breadcrumb"},"inLanguage":"de","potentialAction":[{"@type":"ReadAction","target":["https:\/\/www.purejewels.com\/product\/18ct-white-gold-diamond-nose-pin-34155\/"]}]},{"@type":"ImageObject","inLanguage":"de","@id":"https:\/\/www.purejewels.com\/product\/18ct-white-gold-diamond-nose-pin-34155\/#primaryimage","url":"https:\/\/static.purejewels.com\/wp-content\/uploads\/2021\/07\/34155-2.jpg","contentUrl":"https:\/\/static.purejewels.com\/wp-content\/uploads\/2021\/07\/34155-2.jpg","width":1000,"height":1000,"caption":"18ct White Gold Diamond Nose Pin 34155-2"},{"@type":"BreadcrumbList","@id":"https:\/\/www.purejewels.com\/product\/18ct-white-gold-diamond-nose-pin-34155\/#breadcrumb","itemListElement":[{"@type":"ListItem","position":1,"name":"Home","item":"https:\/\/www.purejewels.com\/"},{"@type":"ListItem","position":2,"name":"Shop","item":"https:\/\/www.purejewels.com\/shop\/"},{"@type":"ListItem","position":3,"name":"18ct White Gold Diamond Nose Pin | 0.06ct"}]},{"@type":"WebSite","@id":"https:\/\/www.purejewels.com\/#website","url":"https:\/\/www.purejewels.com\/","name":"PureJewels UK","description":"Teile die Liebe","publisher":{"@id":"https:\/\/www.purejewels.com\/#organization"},"potentialAction":[{"@type":"SearchAction","target":{"@type":"EntryPoint","urlTemplate":"https:\/\/www.purejewels.com\/?s={search_term_string}"},"query-input":{"@type":"PropertyValueSpecification","valueRequired":true,"valueName":"search_term_string"}}],"inLanguage":"de"},{"@type":"Organization","@id":"https:\/\/www.purejewels.com\/#organization","name":"PureJewels UK","url":"https:\/\/www.purejewels.com\/","logo":{"@type":"ImageObject","inLanguage":"de","@id":"https:\/\/www.purejewels.com\/#\/schema\/logo\/image\/","url":"https:\/\/static.purejewels.com\/wp-content\/uploads\/2020\/11\/Logo-PJ-New-1.png","contentUrl":"https:\/\/static.purejewels.com\/wp-content\/uploads\/2020\/11\/Logo-PJ-New-1.png","width":150,"height":80,"caption":"PureJewels UK"},"image":{"@id":"https:\/\/www.purejewels.com\/#\/schema\/logo\/image\/"}}]}},"_links":{"self":[{"href":"https:\/\/www.purejewels.com\/de\/wp-json\/wp\/v2\/product\/324900","targetHints":{"allow":["GET"]}}],"collection":[{"href":"https:\/\/www.purejewels.com\/de\/wp-json\/wp\/v2\/product"}],"about":[{"href":"https:\/\/www.purejewels.com\/de\/wp-json\/wp\/v2\/types\/product"}],"replies":[{"embeddable":true,"href":"https:\/\/www.purejewels.com\/de\/wp-json\/wp\/v2\/comments?post=324900"}],"version-history":[{"count":3,"href":"https:\/\/www.purejewels.com\/de\/wp-json\/wp\/v2\/product\/324900\/revisions"}],"predecessor-version":[{"id":426119,"href":"https:\/\/www.purejewels.com\/de\/wp-json\/wp\/v2\/product\/324900\/revisions\/426119"}],"wp:featuredmedia":[{"embeddable":true,"href":"https:\/\/www.purejewels.com\/de\/wp-json\/wp\/v2\/media\/326671"}],"wp:attachment":[{"href":"https:\/\/www.purejewels.com\/de\/wp-json\/wp\/v2\/media?parent=324900"}],"wp:term":[{"taxonomy":"product_brand","embeddable":true,"href":"https:\/\/www.purejewels.com\/de\/wp-json\/wp\/v2\/product_brand?post=324900"},{"taxonomy":"product_cat","embeddable":true,"href":"https:\/\/www.purejewels.com\/de\/wp-json\/wp\/v2\/product_cat?post=324900"},{"taxonomy":"product_tag","embeddable":true,"href":"https:\/\/www.purejewels.com\/de\/wp-json\/wp\/v2\/product_tag?post=324900"}],"curies":[{"name":"wp","href":"https:\/\/api.w.org\/{rel}","templated":true}]}}