{"id":324902,"date":"2021-07-14T06:14:28","date_gmt":"2021-07-14T05:14:28","guid":{"rendered":"https:\/\/www.purejewels.com\/product\/18ct-yellow-gold-nose-pin-0-16gm\/"},"modified":"2026-03-05T06:40:15","modified_gmt":"2026-03-05T06:40:15","slug":"diamantnadel-aus-18-karat-gelbgold-47144-47145","status":"publish","type":"product","link":"https:\/\/www.purejewels.com\/de\/product\/18ct-yellow-gold-diamond-nose-pin-47144-47145\/","title":{"rendered":"18ct Gelbgold Diamond Nose Pin | 0.06ct"},"content":{"rendered":"<p><strong>Inspiration<\/strong><\/p>\n<p>Einige glauben, dass die Tradition des Tragens von <a href=\"https:\/\/www.purejewels.com\/de\/product-category\/22ct-gold-jewellery\/nose-jewellery\/gold-nose-pins\/\">Nasenstifte<\/a> entstand mit den Moguln, als sie im 16. Jahrhundert aus Zentralasien nach Indien reisten, w\u00e4hrend andere spekulieren, dass das urspr\u00fcngliche Ursprungsland Indien im 1. und 8. Jahrhundert war, nachdem sie einige alte Ayurveda-Texte studiert hatten, die \u00fcber die Vorteile des Nasenpiercings berichten.<\/p>\n<p><strong>Gestaltung<\/strong><\/p>\n<p>Diese<strong> goldener Nasenstecker<\/strong> wurde strategisch von Hand gefertigt und leicht angewinkelt, damit er sich abhebt und wie ein kleiner Nasenb\u00fcgel aussieht. Das beste Metall f\u00fcr <a href=\"https:\/\/www.purejewels.com\/de\/product\/22ct-gold-yellow-gold-nose-ring-for-ladies-43553\/\">Nasenring<\/a> ist Gold und daher beginnt das Design dieses Nasenrings mit einem kostbaren 0,06 Karat Diamanten, der wundersch\u00f6n in der Mitte besetzt ist, w\u00e4hrend eine eckige 18 K Gelbgold-Reifenstruktur ihm bis zum Ende folgt. Die Form des Mechanismus verleiht dem Nasenring ein sauberes und m\u00fcheloses Design und macht ihn gleichzeitig super bequem und einfach zu tragen.<\/p>\n<p><strong>Stil<\/strong><\/p>\n<p>Wenn Sie nach einem <a href=\"https:\/\/www.purejewels.com\/de\/produkt-kategorie\/diamantschmuck\/diamantnadel\/\"><strong>Diamantnadel<\/strong><\/a> f\u00fcr sich selbst oder jemand anderen, k\u00f6nnen Sie sich auf die Gr\u00f6\u00dfentabelle f\u00fcr Nasenringe beziehen oder sogar direkt mit uns \u00fcber das Chat-Feld, das unten auf Ihrem Bildschirm erscheint, in Kontakt treten. Es hat die richtige Menge an Bling und sieht wundersch\u00f6n, w\u00e4hrend das Hinzuf\u00fcgen einer Kante, um Ihren Look und kann gestylt werden und jeden Tag getragen, wie man nicht braucht einen Anlass, um diese Sch\u00f6nheit zur Schau stellen.<\/p>","protected":false},"excerpt":{"rendered":"<ul>\n<li><a href=\"https:\/\/www.purejewels.com\/de\/produkt-kategorie\/diamantschmuck\/diamantnadel\/\">Diamant-Nasenstift<\/a> UK<\/li>\n<li>18ct Gelbgold Diamant Nasenschmuck<\/li>\n<li>Mit Drahtspule Spindel<\/li>\n<li>0,06 ct Runder Brillantschliff Diamant<\/li>\n<li>Gesamtgewicht 0,20 g.\n<ul>\n<li>Diamant Reinheit. VVS<\/li>\n<li>Farbe des Diamanten.  E - F<\/li>\n<\/ul>\n<\/li>\n<li>Alle unsere Diamanten werden mit SGL-Zertifikat geliefert.<\/li>\n<li>SKU 52317<\/li>\n<li>Alle Preise inklusive Mehrwertsteuer<\/li>\n<li>Mit einer Pr\u00e4sentationsbox<\/li>\n<li>Lieferung inbegriffen<\/li>\n<li>Kontaktieren Sie uns\/Live-Chat mit uns, um unsere Kollektion von Diamant-Nasensteckern zu erkunden<\/li>\n<\/ul>","protected":false},"featured_media":326676,"comment_status":"closed","ping_status":"closed","template":"","meta":{"_eb_attr":"","_crsspst_to_jayantr4sg-hostcom":false},"product_brand":[],"product_cat":[1530,1711,1463,1574],"product_tag":[],"class_list":{"0":"post-324902","1":"product","2":"type-product","3":"status-publish","4":"has-post-thumbnail","6":"product_cat-diamond-nose-pin","7":"product_cat-gold-nose-studs","8":"product_cat-gold-nose-pins","9":"product_cat-womens-jewellery","11":"first","12":"instock","13":"taxable","14":"shipping-taxable","15":"purchasable","16":"product-type-simple","17":"add-to-wishlist-before_image"},"yoast_head":"<!-- This site is optimized with the Yoast SEO plugin v27.5 - https:\/\/yoast.com\/product\/yoast-seo-wordpress\/ -->\n<title>Diamond nose pin | Buy Gold &amp; diamond Jewellery PureJewels UK<\/title>\n<meta name=\"description\" content=\"thin nose ring | Discover unique nose pin jewelry in London. Free delivery &amp; easy returns on all orders.\" \/>\n<meta name=\"robots\" content=\"index, follow, max-snippet:-1, max-image-preview:large, max-video-preview:-1\" \/>\n<link rel=\"canonical\" href=\"https:\/\/www.purejewels.com\/de\/produkt-2\/diamantnadel-aus-18-karat-gelbgold-47144-47145\/\" \/>\n<meta property=\"og:locale\" content=\"de_DE\" \/>\n<meta property=\"og:type\" content=\"article\" \/>\n<meta property=\"og:title\" content=\"Diamond nose pin | Buy Gold &amp; diamond Jewellery PureJewels UK\" \/>\n<meta property=\"og:description\" content=\"thin nose ring | Discover unique nose pin jewelry in London. Free delivery &amp; easy returns on all orders.\" \/>\n<meta property=\"og:url\" content=\"https:\/\/www.purejewels.com\/de\/produkt-2\/diamantnadel-aus-18-karat-gelbgold-47144-47145\/\" \/>\n<meta property=\"og:site_name\" content=\"PureJewels UK\" \/>\n<meta property=\"article:modified_time\" content=\"2026-03-05T06:40:15+00:00\" \/>\n<meta property=\"og:image\" content=\"https:\/\/static.purejewels.com\/wp-content\/uploads\/2021\/07\/34156-4.jpg\" \/>\n\t<meta property=\"og:image:width\" content=\"1000\" \/>\n\t<meta property=\"og:image:height\" content=\"1000\" \/>\n\t<meta property=\"og:image:type\" content=\"image\/jpeg\" \/>\n<meta name=\"twitter:card\" content=\"summary_large_image\" \/>\n<meta name=\"twitter:label1\" content=\"Gesch\u00e4tzte Lesezeit\" \/>\n\t<meta name=\"twitter:data1\" content=\"2\u00a0Minuten\" \/>\n<script type=\"application\/ld+json\" class=\"yoast-schema-graph\">{\"@context\":\"https:\\\/\\\/schema.org\",\"@graph\":[{\"@type\":[\"WebPage\",\"ItemPage\"],\"@id\":\"https:\\\/\\\/www.purejewels.com\\\/product\\\/18ct-yellow-gold-diamond-nose-pin-47144-47145\\\/\",\"url\":\"https:\\\/\\\/www.purejewels.com\\\/product\\\/18ct-yellow-gold-diamond-nose-pin-47144-47145\\\/\",\"name\":\"Diamond nose pin | Buy Gold & diamond Jewellery PureJewels UK\",\"isPartOf\":{\"@id\":\"https:\\\/\\\/www.purejewels.com\\\/#website\"},\"primaryImageOfPage\":{\"@id\":\"https:\\\/\\\/www.purejewels.com\\\/product\\\/18ct-yellow-gold-diamond-nose-pin-47144-47145\\\/#primaryimage\"},\"image\":{\"@id\":\"https:\\\/\\\/www.purejewels.com\\\/product\\\/18ct-yellow-gold-diamond-nose-pin-47144-47145\\\/#primaryimage\"},\"thumbnailUrl\":\"https:\\\/\\\/static.purejewels.com\\\/wp-content\\\/uploads\\\/2021\\\/07\\\/34156-4.jpg\",\"datePublished\":\"2021-07-14T05:14:28+00:00\",\"dateModified\":\"2026-03-05T06:40:15+00:00\",\"description\":\"thin nose ring | Discover unique nose pin jewelry in London. Free delivery & easy returns on all orders.\",\"breadcrumb\":{\"@id\":\"https:\\\/\\\/www.purejewels.com\\\/product\\\/18ct-yellow-gold-diamond-nose-pin-47144-47145\\\/#breadcrumb\"},\"inLanguage\":\"de\",\"potentialAction\":[{\"@type\":\"ReadAction\",\"target\":[\"https:\\\/\\\/www.purejewels.com\\\/product\\\/18ct-yellow-gold-diamond-nose-pin-47144-47145\\\/\"]}]},{\"@type\":\"ImageObject\",\"inLanguage\":\"de\",\"@id\":\"https:\\\/\\\/www.purejewels.com\\\/product\\\/18ct-yellow-gold-diamond-nose-pin-47144-47145\\\/#primaryimage\",\"url\":\"https:\\\/\\\/static.purejewels.com\\\/wp-content\\\/uploads\\\/2021\\\/07\\\/34156-4.jpg\",\"contentUrl\":\"https:\\\/\\\/static.purejewels.com\\\/wp-content\\\/uploads\\\/2021\\\/07\\\/34156-4.jpg\",\"width\":1000,\"height\":1000,\"caption\":\"Yellow gold Diamond Nose Stud 34156-4\"},{\"@type\":\"BreadcrumbList\",\"@id\":\"https:\\\/\\\/www.purejewels.com\\\/product\\\/18ct-yellow-gold-diamond-nose-pin-47144-47145\\\/#breadcrumb\",\"itemListElement\":[{\"@type\":\"ListItem\",\"position\":1,\"name\":\"Home\",\"item\":\"https:\\\/\\\/www.purejewels.com\\\/\"},{\"@type\":\"ListItem\",\"position\":2,\"name\":\"Shop\",\"item\":\"https:\\\/\\\/www.purejewels.com\\\/shop\\\/\"},{\"@type\":\"ListItem\",\"position\":3,\"name\":\"18ct Yellow Gold Diamond Nose Pin | 0.06ct\"}]},{\"@type\":\"WebSite\",\"@id\":\"https:\\\/\\\/www.purejewels.com\\\/#website\",\"url\":\"https:\\\/\\\/www.purejewels.com\\\/\",\"name\":\"PureJewels UK\",\"description\":\"Share the Love\",\"publisher\":{\"@id\":\"https:\\\/\\\/www.purejewels.com\\\/#organization\"},\"potentialAction\":[{\"@type\":\"SearchAction\",\"target\":{\"@type\":\"EntryPoint\",\"urlTemplate\":\"https:\\\/\\\/www.purejewels.com\\\/?s={search_term_string}\"},\"query-input\":{\"@type\":\"PropertyValueSpecification\",\"valueRequired\":true,\"valueName\":\"search_term_string\"}}],\"inLanguage\":\"de\"},{\"@type\":\"Organization\",\"@id\":\"https:\\\/\\\/www.purejewels.com\\\/#organization\",\"name\":\"PureJewels UK\",\"url\":\"https:\\\/\\\/www.purejewels.com\\\/\",\"logo\":{\"@type\":\"ImageObject\",\"inLanguage\":\"de\",\"@id\":\"https:\\\/\\\/www.purejewels.com\\\/#\\\/schema\\\/logo\\\/image\\\/\",\"url\":\"https:\\\/\\\/static.purejewels.com\\\/wp-content\\\/uploads\\\/2020\\\/11\\\/Logo-PJ-New-1.png\",\"contentUrl\":\"https:\\\/\\\/static.purejewels.com\\\/wp-content\\\/uploads\\\/2020\\\/11\\\/Logo-PJ-New-1.png\",\"width\":150,\"height\":80,\"caption\":\"PureJewels UK\"},\"image\":{\"@id\":\"https:\\\/\\\/www.purejewels.com\\\/#\\\/schema\\\/logo\\\/image\\\/\"}}]}<\/script>\n<!-- \/ Yoast SEO plugin. -->","yoast_head_json":{"title":"Diamant-Nasenstecker | Gold- und Diamantschmuck kaufen PureJewels UK","description":"d\u00fcnner Nasenring | Entdecken Sie einzigartigen Nasenstift-Schmuck in London. Kostenlose Lieferung und einfache R\u00fcckgabe f\u00fcr alle Bestellungen.","robots":{"index":"index","follow":"follow","max-snippet":"max-snippet:-1","max-image-preview":"max-image-preview:large","max-video-preview":"max-video-preview:-1"},"canonical":"https:\/\/www.purejewels.com\/de\/produkt-2\/diamantnadel-aus-18-karat-gelbgold-47144-47145\/","og_locale":"de_DE","og_type":"article","og_title":"Diamond nose pin | Buy Gold & diamond Jewellery PureJewels UK","og_description":"thin nose ring | Discover unique nose pin jewelry in London. Free delivery & easy returns on all orders.","og_url":"https:\/\/www.purejewels.com\/de\/produkt-2\/diamantnadel-aus-18-karat-gelbgold-47144-47145\/","og_site_name":"PureJewels UK","article_modified_time":"2026-03-05T06:40:15+00:00","og_image":[{"width":1000,"height":1000,"url":"https:\/\/static.purejewels.com\/wp-content\/uploads\/2021\/07\/34156-4.jpg","type":"image\/jpeg"}],"twitter_card":"summary_large_image","twitter_misc":{"Gesch\u00e4tzte Lesezeit":"2\u00a0Minuten"},"schema":{"@context":"https:\/\/schema.org","@graph":[{"@type":["WebPage","ItemPage"],"@id":"https:\/\/www.purejewels.com\/product\/18ct-yellow-gold-diamond-nose-pin-47144-47145\/","url":"https:\/\/www.purejewels.com\/product\/18ct-yellow-gold-diamond-nose-pin-47144-47145\/","name":"Diamant-Nasenstecker | Gold- und Diamantschmuck kaufen PureJewels UK","isPartOf":{"@id":"https:\/\/www.purejewels.com\/#website"},"primaryImageOfPage":{"@id":"https:\/\/www.purejewels.com\/product\/18ct-yellow-gold-diamond-nose-pin-47144-47145\/#primaryimage"},"image":{"@id":"https:\/\/www.purejewels.com\/product\/18ct-yellow-gold-diamond-nose-pin-47144-47145\/#primaryimage"},"thumbnailUrl":"https:\/\/static.purejewels.com\/wp-content\/uploads\/2021\/07\/34156-4.jpg","datePublished":"2021-07-14T05:14:28+00:00","dateModified":"2026-03-05T06:40:15+00:00","description":"d\u00fcnner Nasenring | Entdecken Sie einzigartigen Nasenstift-Schmuck in London. Kostenlose Lieferung und einfache R\u00fcckgabe f\u00fcr alle Bestellungen.","breadcrumb":{"@id":"https:\/\/www.purejewels.com\/product\/18ct-yellow-gold-diamond-nose-pin-47144-47145\/#breadcrumb"},"inLanguage":"de","potentialAction":[{"@type":"ReadAction","target":["https:\/\/www.purejewels.com\/product\/18ct-yellow-gold-diamond-nose-pin-47144-47145\/"]}]},{"@type":"ImageObject","inLanguage":"de","@id":"https:\/\/www.purejewels.com\/product\/18ct-yellow-gold-diamond-nose-pin-47144-47145\/#primaryimage","url":"https:\/\/static.purejewels.com\/wp-content\/uploads\/2021\/07\/34156-4.jpg","contentUrl":"https:\/\/static.purejewels.com\/wp-content\/uploads\/2021\/07\/34156-4.jpg","width":1000,"height":1000,"caption":"Yellow gold Diamond Nose Stud 34156-4"},{"@type":"BreadcrumbList","@id":"https:\/\/www.purejewels.com\/product\/18ct-yellow-gold-diamond-nose-pin-47144-47145\/#breadcrumb","itemListElement":[{"@type":"ListItem","position":1,"name":"Home","item":"https:\/\/www.purejewels.com\/"},{"@type":"ListItem","position":2,"name":"Shop","item":"https:\/\/www.purejewels.com\/shop\/"},{"@type":"ListItem","position":3,"name":"18ct Yellow Gold Diamond Nose Pin | 0.06ct"}]},{"@type":"WebSite","@id":"https:\/\/www.purejewels.com\/#website","url":"https:\/\/www.purejewels.com\/","name":"PureJewels UK","description":"Teile die Liebe","publisher":{"@id":"https:\/\/www.purejewels.com\/#organization"},"potentialAction":[{"@type":"SearchAction","target":{"@type":"EntryPoint","urlTemplate":"https:\/\/www.purejewels.com\/?s={search_term_string}"},"query-input":{"@type":"PropertyValueSpecification","valueRequired":true,"valueName":"search_term_string"}}],"inLanguage":"de"},{"@type":"Organization","@id":"https:\/\/www.purejewels.com\/#organization","name":"PureJewels UK","url":"https:\/\/www.purejewels.com\/","logo":{"@type":"ImageObject","inLanguage":"de","@id":"https:\/\/www.purejewels.com\/#\/schema\/logo\/image\/","url":"https:\/\/static.purejewels.com\/wp-content\/uploads\/2020\/11\/Logo-PJ-New-1.png","contentUrl":"https:\/\/static.purejewels.com\/wp-content\/uploads\/2020\/11\/Logo-PJ-New-1.png","width":150,"height":80,"caption":"PureJewels UK"},"image":{"@id":"https:\/\/www.purejewels.com\/#\/schema\/logo\/image\/"}}]}},"_links":{"self":[{"href":"https:\/\/www.purejewels.com\/de\/wp-json\/wp\/v2\/product\/324902","targetHints":{"allow":["GET"]}}],"collection":[{"href":"https:\/\/www.purejewels.com\/de\/wp-json\/wp\/v2\/product"}],"about":[{"href":"https:\/\/www.purejewels.com\/de\/wp-json\/wp\/v2\/types\/product"}],"replies":[{"embeddable":true,"href":"https:\/\/www.purejewels.com\/de\/wp-json\/wp\/v2\/comments?post=324902"}],"version-history":[{"count":3,"href":"https:\/\/www.purejewels.com\/de\/wp-json\/wp\/v2\/product\/324902\/revisions"}],"predecessor-version":[{"id":426618,"href":"https:\/\/www.purejewels.com\/de\/wp-json\/wp\/v2\/product\/324902\/revisions\/426618"}],"wp:featuredmedia":[{"embeddable":true,"href":"https:\/\/www.purejewels.com\/de\/wp-json\/wp\/v2\/media\/326676"}],"wp:attachment":[{"href":"https:\/\/www.purejewels.com\/de\/wp-json\/wp\/v2\/media?parent=324902"}],"wp:term":[{"taxonomy":"product_brand","embeddable":true,"href":"https:\/\/www.purejewels.com\/de\/wp-json\/wp\/v2\/product_brand?post=324902"},{"taxonomy":"product_cat","embeddable":true,"href":"https:\/\/www.purejewels.com\/de\/wp-json\/wp\/v2\/product_cat?post=324902"},{"taxonomy":"product_tag","embeddable":true,"href":"https:\/\/www.purejewels.com\/de\/wp-json\/wp\/v2\/product_tag?post=324902"}],"curies":[{"name":"wp","href":"https:\/\/api.w.org\/{rel}","templated":true}]}}