{"id":324906,"date":"2021-07-14T09:01:30","date_gmt":"2021-07-14T08:01:30","guid":{"rendered":"https:\/\/www.purejewels.com\/product\/22ct-gold-pendant-2-7gm\/"},"modified":"2026-03-10T07:42:10","modified_gmt":"2026-03-10T07:42:10","slug":"22ct-gold-herz-anhanger-34335","status":"publish","type":"product","link":"https:\/\/www.purejewels.com\/de\/product\/22ct-gold-heart-pendant-34335\/","title":{"rendered":"22ct Gold Doppelherz-Anh\u00e4nger"},"content":{"rendered":"<p><strong>Designkonzept<\/strong><\/p>\n<p>Der 22ct Gold Double Heart Anh\u00e4nger zelebriert die Liebe durch ein anmutiges, geschichtetes Herzmotiv. Ein poliertes Goldherz bildet die Basis, w\u00e4hrend ein zartes CZ-besetztes Herz darin sitzt und f\u00fcr Tiefe und Dimension sorgt. Die flie\u00dfenden Kurven symbolisieren Zuneigung, Einigkeit und zeitlose Verbundenheit, w\u00e4hrend das subtile Funkeln der Diamanten die Eleganz des Designs unterstreicht.<\/p>\n<p><strong>Handwerkliches K\u00f6nnen<\/strong><\/p>\n<p>Der aus 22-kar\u00e4tigem Gold gefertigte Anh\u00e4nger zeichnet sich durch seine glatten, geschliffenen Oberfl\u00e4chen aus, die den nat\u00fcrlichen Glanz des hochreinen Goldes unterstreichen. Das innere Herz ist zart mit CZs besetzt, die der polierten Goldbasis Brillanz und Kontrast verleihen. Jedes St\u00fcck ist im Vereinigten K\u00f6nigreich mit einem Feingehaltssiegel versehen, das die Echtheit und au\u00dfergew\u00f6hnliche Handwerkskunst garantiert.<\/p>\n<p><strong>Styling-Ideen<\/strong><\/p>\n<p>Dieser Herzanh\u00e4nger aus 22-kar\u00e4tigem Gold liegt wundersch\u00f6n am Dekollet\u00e9 an und ist ideal f\u00fcr die Eleganz des Alltags. Tragen Sie sie mit einer zarten Goldkette f\u00fcr einen raffinierten, minimalistischen Look oder kombinieren Sie sie mit anderen Halsketten f\u00fcr einen modernen Schmuckstil. Es ist auch ein sinnvolles Geschenk f\u00fcr Jahrestage, Geburtstage oder besondere Anl\u00e4sse, die Liebe und Verbundenheit feiern.<\/p>","protected":false},"excerpt":{"rendered":"<p>Ein wundersch\u00f6n geformter Doppelherz-Anh\u00e4nger aus 22 Karat Gold, der mit zarten CZs akzentuiert ist. Das geschichtete Herzdesign symbolisiert Liebe und Verbundenheit in einer raffinierten, modernen Form.<\/p>\n<ul>\n<li><strong>Material:<\/strong>\u00a022ct Gold (91,6% reines Gold)<\/li>\n<li><strong>Wahrzeichen:\u00a0<\/strong>Britisches G\u00fctesiegel<\/li>\n<li><strong>Bruttogewicht: <\/strong>2.7 Gms<\/li>\n<li><strong>SKU: <\/strong>34335<\/li>\n<\/ul>\n<p><strong><br \/>\nPreis und Lieferung:\u00a0<\/strong>Inklusive Mehrwertsteuer und Lieferkosten, Kette nicht im Preis enthalten<\/p>\n<p><strong><a href=\"https:\/\/www.purejewels.com\/de\/ruckgabepolitik\/\">R\u00fcckgabepolitik<\/a><\/strong><\/p>\n<p>&nbsp;<\/p>","protected":false},"featured_media":324973,"comment_status":"closed","ping_status":"closed","template":"","meta":{"_eb_attr":"","_crsspst_to_jayantr4sg-hostcom":false},"product_brand":[],"product_cat":[1791,1559,1770,1255,5344,1767,1569,1573,1574],"product_tag":[],"class_list":{"0":"post-324906","1":"product","2":"type-product","3":"status-publish","4":"has-post-thumbnail","6":"product_cat-anniversary-gifts","7":"product_cat-birthday-gifts","8":"product_cat-fancy-pendants","9":"product_cat-gold-pendants","10":"product_cat-jewellery-under-750","11":"product_cat-ladies-pendants","12":"product_cat-valentine-day-gifts","13":"product_cat-wedding-gifts","14":"product_cat-womens-jewellery","16":"first","17":"outofstock","18":"taxable","19":"shipping-taxable","20":"product-type-simple","21":"add-to-wishlist-before_image"},"yoast_head":"<!-- This site is optimized with the Yoast SEO plugin v27.3 - https:\/\/yoast.com\/product\/yoast-seo-wordpress\/ -->\n<title>Shop Elegant Heart Pendant Necklace in 22ct Gold | PureJewels<\/title>\n<meta name=\"description\" content=\"A beautifully sculpted 22ct gold double heart pendant accented with delicate CZ&#039;s. The layered heart design symbolises love and connection in a refined modern form.\" \/>\n<meta name=\"robots\" content=\"index, follow, max-snippet:-1, max-image-preview:large, max-video-preview:-1\" \/>\n<link rel=\"canonical\" href=\"https:\/\/www.purejewels.com\/de\/produkt-2\/22ct-gold-herz-anhanger-34335\/\" \/>\n<meta property=\"og:locale\" content=\"de_DE\" \/>\n<meta property=\"og:type\" content=\"article\" \/>\n<meta property=\"og:title\" content=\"Shop Elegant Heart Pendant Necklace in 22ct Gold | PureJewels\" \/>\n<meta property=\"og:description\" content=\"A beautifully sculpted 22ct gold double heart pendant accented with delicate CZ&#039;s. The layered heart design symbolises love and connection in a refined modern form.\" \/>\n<meta property=\"og:url\" content=\"https:\/\/www.purejewels.com\/de\/produkt-2\/22ct-gold-herz-anhanger-34335\/\" \/>\n<meta property=\"og:site_name\" content=\"PureJewels UK\" \/>\n<meta property=\"article:modified_time\" content=\"2026-03-10T07:42:10+00:00\" \/>\n<meta property=\"og:image\" content=\"https:\/\/static.purejewels.com\/wp-content\/uploads\/2021\/07\/34335-1.jpg\" \/>\n\t<meta property=\"og:image:width\" content=\"1000\" \/>\n\t<meta property=\"og:image:height\" content=\"1000\" \/>\n\t<meta property=\"og:image:type\" content=\"image\/jpeg\" \/>\n<meta name=\"twitter:card\" content=\"summary_large_image\" \/>\n<meta name=\"twitter:label1\" content=\"Gesch\u00e4tzte Lesezeit\" \/>\n\t<meta name=\"twitter:data1\" content=\"1\u00a0Minute\" \/>\n<script type=\"application\/ld+json\" class=\"yoast-schema-graph\">{\"@context\":\"https:\\\/\\\/schema.org\",\"@graph\":[{\"@type\":[\"WebPage\",\"ItemPage\"],\"@id\":\"https:\\\/\\\/www.purejewels.com\\\/product\\\/22ct-gold-heart-pendant-34335\\\/\",\"url\":\"https:\\\/\\\/www.purejewels.com\\\/product\\\/22ct-gold-heart-pendant-34335\\\/\",\"name\":\"Shop Elegant Heart Pendant Necklace in 22ct Gold | PureJewels\",\"isPartOf\":{\"@id\":\"https:\\\/\\\/www.purejewels.com\\\/#website\"},\"primaryImageOfPage\":{\"@id\":\"https:\\\/\\\/www.purejewels.com\\\/product\\\/22ct-gold-heart-pendant-34335\\\/#primaryimage\"},\"image\":{\"@id\":\"https:\\\/\\\/www.purejewels.com\\\/product\\\/22ct-gold-heart-pendant-34335\\\/#primaryimage\"},\"thumbnailUrl\":\"https:\\\/\\\/static.purejewels.com\\\/wp-content\\\/uploads\\\/2021\\\/07\\\/34335-1.jpg\",\"datePublished\":\"2021-07-14T08:01:30+00:00\",\"dateModified\":\"2026-03-10T07:42:10+00:00\",\"description\":\"A beautifully sculpted 22ct gold double heart pendant accented with delicate CZ's. The layered heart design symbolises love and connection in a refined modern form.\",\"breadcrumb\":{\"@id\":\"https:\\\/\\\/www.purejewels.com\\\/product\\\/22ct-gold-heart-pendant-34335\\\/#breadcrumb\"},\"inLanguage\":\"de\",\"potentialAction\":[{\"@type\":\"ReadAction\",\"target\":[\"https:\\\/\\\/www.purejewels.com\\\/product\\\/22ct-gold-heart-pendant-34335\\\/\"]}]},{\"@type\":\"ImageObject\",\"inLanguage\":\"de\",\"@id\":\"https:\\\/\\\/www.purejewels.com\\\/product\\\/22ct-gold-heart-pendant-34335\\\/#primaryimage\",\"url\":\"https:\\\/\\\/static.purejewels.com\\\/wp-content\\\/uploads\\\/2021\\\/07\\\/34335-1.jpg\",\"contentUrl\":\"https:\\\/\\\/static.purejewels.com\\\/wp-content\\\/uploads\\\/2021\\\/07\\\/34335-1.jpg\",\"width\":1000,\"height\":1000,\"caption\":\"22ct Gold Hear Pendant\"},{\"@type\":\"BreadcrumbList\",\"@id\":\"https:\\\/\\\/www.purejewels.com\\\/product\\\/22ct-gold-heart-pendant-34335\\\/#breadcrumb\",\"itemListElement\":[{\"@type\":\"ListItem\",\"position\":1,\"name\":\"Home\",\"item\":\"https:\\\/\\\/www.purejewels.com\\\/\"},{\"@type\":\"ListItem\",\"position\":2,\"name\":\"Shop\",\"item\":\"https:\\\/\\\/www.purejewels.com\\\/shop\\\/\"},{\"@type\":\"ListItem\",\"position\":3,\"name\":\"22ct Gold Double Heart Pendant\"}]},{\"@type\":\"WebSite\",\"@id\":\"https:\\\/\\\/www.purejewels.com\\\/#website\",\"url\":\"https:\\\/\\\/www.purejewels.com\\\/\",\"name\":\"PureJewels UK\",\"description\":\"Share the Love\",\"publisher\":{\"@id\":\"https:\\\/\\\/www.purejewels.com\\\/#organization\"},\"potentialAction\":[{\"@type\":\"SearchAction\",\"target\":{\"@type\":\"EntryPoint\",\"urlTemplate\":\"https:\\\/\\\/www.purejewels.com\\\/?s={search_term_string}\"},\"query-input\":{\"@type\":\"PropertyValueSpecification\",\"valueRequired\":true,\"valueName\":\"search_term_string\"}}],\"inLanguage\":\"de\"},{\"@type\":\"Organization\",\"@id\":\"https:\\\/\\\/www.purejewels.com\\\/#organization\",\"name\":\"PureJewels UK\",\"url\":\"https:\\\/\\\/www.purejewels.com\\\/\",\"logo\":{\"@type\":\"ImageObject\",\"inLanguage\":\"de\",\"@id\":\"https:\\\/\\\/www.purejewels.com\\\/#\\\/schema\\\/logo\\\/image\\\/\",\"url\":\"https:\\\/\\\/static.purejewels.com\\\/wp-content\\\/uploads\\\/2020\\\/11\\\/Logo-PJ-New-1.png\",\"contentUrl\":\"https:\\\/\\\/static.purejewels.com\\\/wp-content\\\/uploads\\\/2020\\\/11\\\/Logo-PJ-New-1.png\",\"width\":150,\"height\":80,\"caption\":\"PureJewels UK\"},\"image\":{\"@id\":\"https:\\\/\\\/www.purejewels.com\\\/#\\\/schema\\\/logo\\\/image\\\/\"}}]}<\/script>\n<!-- \/ Yoast SEO plugin. -->","yoast_head_json":{"title":"Shop Elegante Herz-Anh\u00e4nger Halskette in 22ct Gold | PureJewels","description":"Ein wundersch\u00f6n geformter Doppelherz-Anh\u00e4nger aus 22 Karat Gold, der mit zarten CZs akzentuiert ist. Das geschichtete Herzdesign symbolisiert Liebe und Verbundenheit in einer raffinierten modernen Form.","robots":{"index":"index","follow":"follow","max-snippet":"max-snippet:-1","max-image-preview":"max-image-preview:large","max-video-preview":"max-video-preview:-1"},"canonical":"https:\/\/www.purejewels.com\/de\/produkt-2\/22ct-gold-herz-anhanger-34335\/","og_locale":"de_DE","og_type":"article","og_title":"Shop Elegant Heart Pendant Necklace in 22ct Gold | PureJewels","og_description":"A beautifully sculpted 22ct gold double heart pendant accented with delicate CZ's. The layered heart design symbolises love and connection in a refined modern form.","og_url":"https:\/\/www.purejewels.com\/de\/produkt-2\/22ct-gold-herz-anhanger-34335\/","og_site_name":"PureJewels UK","article_modified_time":"2026-03-10T07:42:10+00:00","og_image":[{"width":1000,"height":1000,"url":"https:\/\/static.purejewels.com\/wp-content\/uploads\/2021\/07\/34335-1.jpg","type":"image\/jpeg"}],"twitter_card":"summary_large_image","twitter_misc":{"Gesch\u00e4tzte Lesezeit":"1\u00a0Minute"},"schema":{"@context":"https:\/\/schema.org","@graph":[{"@type":["WebPage","ItemPage"],"@id":"https:\/\/www.purejewels.com\/product\/22ct-gold-heart-pendant-34335\/","url":"https:\/\/www.purejewels.com\/product\/22ct-gold-heart-pendant-34335\/","name":"Shop Elegante Herz-Anh\u00e4nger Halskette in 22ct Gold | PureJewels","isPartOf":{"@id":"https:\/\/www.purejewels.com\/#website"},"primaryImageOfPage":{"@id":"https:\/\/www.purejewels.com\/product\/22ct-gold-heart-pendant-34335\/#primaryimage"},"image":{"@id":"https:\/\/www.purejewels.com\/product\/22ct-gold-heart-pendant-34335\/#primaryimage"},"thumbnailUrl":"https:\/\/static.purejewels.com\/wp-content\/uploads\/2021\/07\/34335-1.jpg","datePublished":"2021-07-14T08:01:30+00:00","dateModified":"2026-03-10T07:42:10+00:00","description":"Ein wundersch\u00f6n geformter Doppelherz-Anh\u00e4nger aus 22 Karat Gold, der mit zarten CZs akzentuiert ist. Das geschichtete Herzdesign symbolisiert Liebe und Verbundenheit in einer raffinierten modernen Form.","breadcrumb":{"@id":"https:\/\/www.purejewels.com\/product\/22ct-gold-heart-pendant-34335\/#breadcrumb"},"inLanguage":"de","potentialAction":[{"@type":"ReadAction","target":["https:\/\/www.purejewels.com\/product\/22ct-gold-heart-pendant-34335\/"]}]},{"@type":"ImageObject","inLanguage":"de","@id":"https:\/\/www.purejewels.com\/product\/22ct-gold-heart-pendant-34335\/#primaryimage","url":"https:\/\/static.purejewels.com\/wp-content\/uploads\/2021\/07\/34335-1.jpg","contentUrl":"https:\/\/static.purejewels.com\/wp-content\/uploads\/2021\/07\/34335-1.jpg","width":1000,"height":1000,"caption":"22ct Gold Hear Pendant"},{"@type":"BreadcrumbList","@id":"https:\/\/www.purejewels.com\/product\/22ct-gold-heart-pendant-34335\/#breadcrumb","itemListElement":[{"@type":"ListItem","position":1,"name":"Home","item":"https:\/\/www.purejewels.com\/"},{"@type":"ListItem","position":2,"name":"Shop","item":"https:\/\/www.purejewels.com\/shop\/"},{"@type":"ListItem","position":3,"name":"22ct Gold Double Heart Pendant"}]},{"@type":"WebSite","@id":"https:\/\/www.purejewels.com\/#website","url":"https:\/\/www.purejewels.com\/","name":"PureJewels UK","description":"Teile die Liebe","publisher":{"@id":"https:\/\/www.purejewels.com\/#organization"},"potentialAction":[{"@type":"SearchAction","target":{"@type":"EntryPoint","urlTemplate":"https:\/\/www.purejewels.com\/?s={search_term_string}"},"query-input":{"@type":"PropertyValueSpecification","valueRequired":true,"valueName":"search_term_string"}}],"inLanguage":"de"},{"@type":"Organization","@id":"https:\/\/www.purejewels.com\/#organization","name":"PureJewels UK","url":"https:\/\/www.purejewels.com\/","logo":{"@type":"ImageObject","inLanguage":"de","@id":"https:\/\/www.purejewels.com\/#\/schema\/logo\/image\/","url":"https:\/\/static.purejewels.com\/wp-content\/uploads\/2020\/11\/Logo-PJ-New-1.png","contentUrl":"https:\/\/static.purejewels.com\/wp-content\/uploads\/2020\/11\/Logo-PJ-New-1.png","width":150,"height":80,"caption":"PureJewels UK"},"image":{"@id":"https:\/\/www.purejewels.com\/#\/schema\/logo\/image\/"}}]}},"_links":{"self":[{"href":"https:\/\/www.purejewels.com\/de\/wp-json\/wp\/v2\/product\/324906","targetHints":{"allow":["GET"]}}],"collection":[{"href":"https:\/\/www.purejewels.com\/de\/wp-json\/wp\/v2\/product"}],"about":[{"href":"https:\/\/www.purejewels.com\/de\/wp-json\/wp\/v2\/types\/product"}],"replies":[{"embeddable":true,"href":"https:\/\/www.purejewels.com\/de\/wp-json\/wp\/v2\/comments?post=324906"}],"version-history":[{"count":2,"href":"https:\/\/www.purejewels.com\/de\/wp-json\/wp\/v2\/product\/324906\/revisions"}],"predecessor-version":[{"id":426874,"href":"https:\/\/www.purejewels.com\/de\/wp-json\/wp\/v2\/product\/324906\/revisions\/426874"}],"wp:featuredmedia":[{"embeddable":true,"href":"https:\/\/www.purejewels.com\/de\/wp-json\/wp\/v2\/media\/324973"}],"wp:attachment":[{"href":"https:\/\/www.purejewels.com\/de\/wp-json\/wp\/v2\/media?parent=324906"}],"wp:term":[{"taxonomy":"product_brand","embeddable":true,"href":"https:\/\/www.purejewels.com\/de\/wp-json\/wp\/v2\/product_brand?post=324906"},{"taxonomy":"product_cat","embeddable":true,"href":"https:\/\/www.purejewels.com\/de\/wp-json\/wp\/v2\/product_cat?post=324906"},{"taxonomy":"product_tag","embeddable":true,"href":"https:\/\/www.purejewels.com\/de\/wp-json\/wp\/v2\/product_tag?post=324906"}],"curies":[{"name":"wp","href":"https:\/\/api.w.org\/{rel}","templated":true}]}}