{"id":325055,"date":"2021-07-21T12:40:32","date_gmt":"2021-07-21T11:40:32","guid":{"rendered":"https:\/\/www.purejewels.com\/product\/22ct-gold-ladies-bracelet-3-7gm\/"},"modified":"2026-01-06T09:44:40","modified_gmt":"2026-01-06T09:44:40","slug":"22ct-gold-damenarmband-3-7gm","status":"publish","type":"product","link":"https:\/\/www.purejewels.com\/de\/product\/22ct-gold-ladies-bracelet-3-7gm\/","title":{"rendered":"22ct Gold Damenarmband"},"content":{"rendered":"<p>Dieses exquisite 22-kar\u00e4tige Goldarmband mit Schmetterlingsanh\u00e4ngern ist ein atemberaubendes Schmuckst\u00fcck, das sowohl f\u00fcr junge M\u00e4dchen als auch f\u00fcr Damen geeignet ist. Das Armband verf\u00fcgt \u00fcber zarte Schmetterlingsanh\u00e4nger, die einen Hauch von Eleganz und Laune zu jedem Outfit hinzuf\u00fcgen. Mit einer L\u00e4nge von 7,25 Zoll und einem Gewicht von 3,7 Gramm ist dieses Armband angenehm zu tragen.<\/p>\n<p>Jedes Armband ist vom London Assay Office gepunzt, um seine Echtheit und Qualit\u00e4t zu gew\u00e4hrleisten. Es wird in einer sch\u00f6nen Pr\u00e4sentationsbox geliefert und ist somit ein perfektes Geschenk f\u00fcr jeden Anlass.<\/p>\n<p>Bei PureJewels UK bieten wir Ihnen eine kostenlose, verfolgbare Lieferung und sichere Online-Zahlungen, damit Sie sich keine Sorgen machen m\u00fcssen. Wenn Sie Fragen haben oder eine schnellere Lieferung ben\u00f6tigen, steht Ihnen unser freundliches Kundenservice-Team per Live-Chat zur Verf\u00fcgung.<\/p>\n<p>Perfekt f\u00fcr Jubil\u00e4umsgeschenke, Geburtstagsgeschenke, Diwali-Geschenke oder einfach, um sich einen Hauch von Luxus zu g\u00f6nnen.<\/p>","protected":false},"excerpt":{"rendered":"<ul>\n<li>22ct\u00a0<span id=\"urn:enhancement-96f9535d\" class=\"textannotation\">Gold<\/span>\u00a0Armb\u00e4nder<\/li>\n<li>Sowohl f\u00fcr junge M\u00e4dchen als auch f\u00fcr Damen geeignet<\/li>\n<li>L\u00e4nge der\u00a0<span id=\"urn:enhancement-abca8cb7\" class=\"textannotation\">Armb\u00e4nder<\/span>\u00a0ist 7,25 Zoll<\/li>\n<li>Gewicht des\u00a0<span id=\"urn:enhancement-71141257\" class=\"textannotation\">Armb\u00e4nder<\/span> betr\u00e4gt 3,7 Gramm<\/li>\n<li>SKU 34226<\/li>\n<li>Alle Preise inklusive Mehrwertsteuer<\/li>\n<li>22\u00a0<span id=\"urn:enhancement-bc82c59b\" class=\"textannotation\">Karat<\/span>\u00a0<span id=\"urn:enhancement-9abf3d80\" class=\"textannotation\">Gold<\/span>\u00a0Gepunzt von London\u00a0<span id=\"urn:enhancement-804ade87\" class=\"textannotation\">Pr\u00fcfstelle<\/span><\/li>\n<li>Mit Pr\u00e4sentationsbox<\/li>\n<li>Lieferung inbegriffen<\/li>\n<li>Live-Chat mit uns f\u00fcr die Verf\u00fcgbarkeit und mehr Bilder von \u00e4hnlichen Lovely Daily, Officewear Damen-Armband derzeit auf Lager.<\/li>\n<\/ul>","protected":false},"featured_media":351135,"comment_status":"closed","ping_status":"closed","template":"","meta":{"_eb_attr":"","_crsspst_to_jayantr4sg-hostcom":false},"product_brand":[],"product_cat":[1791,1559,1793,1324,1627,5344,1575,1574,5349],"product_tag":[],"class_list":{"0":"post-325055","1":"product","2":"type-product","3":"status-publish","4":"has-post-thumbnail","6":"product_cat-anniversary-gifts","7":"product_cat-birthday-gifts","8":"product_cat-diwali-gifts","9":"product_cat-gold-bracelet","10":"product_cat-ladies-bracelet","11":"product_cat-jewellery-under-750","12":"product_cat-teenage-jewellery","13":"product_cat-womens-jewellery","14":"product_cat-yellow-gold-jewellery","16":"first","17":"outofstock","18":"sale","19":"taxable","20":"shipping-taxable","21":"product-type-simple","22":"add-to-wishlist-before_image"},"yoast_head":"<!-- This site is optimized with the Yoast SEO plugin v27.6 - https:\/\/yoast.com\/product\/yoast-seo-wordpress\/ -->\n<title>22ct Gold Bracelet with Butterfly Charms | PureJewels UK<\/title>\n<meta name=\"description\" content=\"Buy the 22ct Gold Bracelet with Butterfly Charms online today! It is the perfect size for everyday wear and is sure to turn heads.\" \/>\n<meta name=\"robots\" content=\"index, follow, max-snippet:-1, max-image-preview:large, max-video-preview:-1\" \/>\n<link rel=\"canonical\" href=\"https:\/\/www.purejewels.com\/de\/produkt-2\/22ct-gold-damenarmband-3-7gm\/\" \/>\n<meta property=\"og:locale\" content=\"de_DE\" \/>\n<meta property=\"og:type\" content=\"article\" \/>\n<meta property=\"og:title\" content=\"22ct Gold Bracelet with Butterfly Charms | PureJewels UK\" \/>\n<meta property=\"og:description\" content=\"Buy the 22ct Gold Bracelet with Butterfly Charms online today! It is the perfect size for everyday wear and is sure to turn heads.\" \/>\n<meta property=\"og:url\" content=\"https:\/\/www.purejewels.com\/de\/produkt-2\/22ct-gold-damenarmband-3-7gm\/\" \/>\n<meta property=\"og:site_name\" content=\"PureJewels UK\" \/>\n<meta property=\"article:modified_time\" content=\"2026-01-06T09:44:40+00:00\" \/>\n<meta property=\"og:image\" content=\"https:\/\/www.purejewels.com\/wp-content\/uploads\/2021\/07\/34226-1.jpg\" \/>\n\t<meta property=\"og:image:width\" content=\"1000\" \/>\n\t<meta property=\"og:image:height\" content=\"1000\" \/>\n\t<meta property=\"og:image:type\" content=\"image\/jpeg\" \/>\n<meta name=\"twitter:card\" content=\"summary_large_image\" \/>\n<meta name=\"twitter:label1\" content=\"Gesch\u00e4tzte Lesezeit\" \/>\n\t<meta name=\"twitter:data1\" content=\"1\u00a0Minute\" \/>\n<script type=\"application\/ld+json\" class=\"yoast-schema-graph\">{\"@context\":\"https:\\\/\\\/schema.org\",\"@graph\":[{\"@type\":[\"WebPage\",\"ItemPage\"],\"@id\":\"https:\\\/\\\/www.purejewels.com\\\/product\\\/22ct-gold-ladies-bracelet-3-7gm\\\/\",\"url\":\"https:\\\/\\\/www.purejewels.com\\\/product\\\/22ct-gold-ladies-bracelet-3-7gm\\\/\",\"name\":\"22ct Gold Bracelet with Butterfly Charms | PureJewels UK\",\"isPartOf\":{\"@id\":\"https:\\\/\\\/www.purejewels.com\\\/#website\"},\"primaryImageOfPage\":{\"@id\":\"https:\\\/\\\/www.purejewels.com\\\/product\\\/22ct-gold-ladies-bracelet-3-7gm\\\/#primaryimage\"},\"image\":{\"@id\":\"https:\\\/\\\/www.purejewels.com\\\/product\\\/22ct-gold-ladies-bracelet-3-7gm\\\/#primaryimage\"},\"thumbnailUrl\":\"https:\\\/\\\/static.purejewels.com\\\/wp-content\\\/uploads\\\/2021\\\/07\\\/34226-1.jpg\",\"datePublished\":\"2021-07-21T11:40:32+00:00\",\"dateModified\":\"2026-01-06T09:44:40+00:00\",\"description\":\"Buy the 22ct Gold Bracelet with Butterfly Charms online today! It is the perfect size for everyday wear and is sure to turn heads.\",\"breadcrumb\":{\"@id\":\"https:\\\/\\\/www.purejewels.com\\\/product\\\/22ct-gold-ladies-bracelet-3-7gm\\\/#breadcrumb\"},\"inLanguage\":\"de\",\"potentialAction\":[{\"@type\":\"ReadAction\",\"target\":[\"https:\\\/\\\/www.purejewels.com\\\/product\\\/22ct-gold-ladies-bracelet-3-7gm\\\/\"]}]},{\"@type\":\"ImageObject\",\"inLanguage\":\"de\",\"@id\":\"https:\\\/\\\/www.purejewels.com\\\/product\\\/22ct-gold-ladies-bracelet-3-7gm\\\/#primaryimage\",\"url\":\"https:\\\/\\\/static.purejewels.com\\\/wp-content\\\/uploads\\\/2021\\\/07\\\/34226-1.jpg\",\"contentUrl\":\"https:\\\/\\\/static.purejewels.com\\\/wp-content\\\/uploads\\\/2021\\\/07\\\/34226-1.jpg\",\"width\":1000,\"height\":1000,\"caption\":\"22ct Gold Ladies Bracelet\"},{\"@type\":\"BreadcrumbList\",\"@id\":\"https:\\\/\\\/www.purejewels.com\\\/product\\\/22ct-gold-ladies-bracelet-3-7gm\\\/#breadcrumb\",\"itemListElement\":[{\"@type\":\"ListItem\",\"position\":1,\"name\":\"Home\",\"item\":\"https:\\\/\\\/www.purejewels.com\\\/\"},{\"@type\":\"ListItem\",\"position\":2,\"name\":\"Shop\",\"item\":\"https:\\\/\\\/www.purejewels.com\\\/shop\\\/\"},{\"@type\":\"ListItem\",\"position\":3,\"name\":\"22ct Gold Ladies Bracelet\"}]},{\"@type\":\"WebSite\",\"@id\":\"https:\\\/\\\/www.purejewels.com\\\/#website\",\"url\":\"https:\\\/\\\/www.purejewels.com\\\/\",\"name\":\"PureJewels UK\",\"description\":\"Share the Love\",\"publisher\":{\"@id\":\"https:\\\/\\\/www.purejewels.com\\\/#organization\"},\"potentialAction\":[{\"@type\":\"SearchAction\",\"target\":{\"@type\":\"EntryPoint\",\"urlTemplate\":\"https:\\\/\\\/www.purejewels.com\\\/?s={search_term_string}\"},\"query-input\":{\"@type\":\"PropertyValueSpecification\",\"valueRequired\":true,\"valueName\":\"search_term_string\"}}],\"inLanguage\":\"de\"},{\"@type\":\"Organization\",\"@id\":\"https:\\\/\\\/www.purejewels.com\\\/#organization\",\"name\":\"PureJewels UK\",\"url\":\"https:\\\/\\\/www.purejewels.com\\\/\",\"logo\":{\"@type\":\"ImageObject\",\"inLanguage\":\"de\",\"@id\":\"https:\\\/\\\/www.purejewels.com\\\/#\\\/schema\\\/logo\\\/image\\\/\",\"url\":\"https:\\\/\\\/static.purejewels.com\\\/wp-content\\\/uploads\\\/2020\\\/11\\\/Logo-PJ-New-1.png\",\"contentUrl\":\"https:\\\/\\\/static.purejewels.com\\\/wp-content\\\/uploads\\\/2020\\\/11\\\/Logo-PJ-New-1.png\",\"width\":150,\"height\":80,\"caption\":\"PureJewels UK\"},\"image\":{\"@id\":\"https:\\\/\\\/www.purejewels.com\\\/#\\\/schema\\\/logo\\\/image\\\/\"}}]}<\/script>\n<!-- \/ Yoast SEO plugin. -->","yoast_head_json":{"title":"22ct Gold-Armband mit Schmetterling Charms | PureJewels UK","description":"Kaufen Sie das 22 Karat Goldarmband mit Schmetterlingsanh\u00e4ngern noch heute online! Es hat die perfekte Gr\u00f6\u00dfe f\u00fcr das t\u00e4gliche Tragen und ist ein echter Hingucker.","robots":{"index":"index","follow":"follow","max-snippet":"max-snippet:-1","max-image-preview":"max-image-preview:large","max-video-preview":"max-video-preview:-1"},"canonical":"https:\/\/www.purejewels.com\/de\/produkt-2\/22ct-gold-damenarmband-3-7gm\/","og_locale":"de_DE","og_type":"article","og_title":"22ct Gold Bracelet with Butterfly Charms | PureJewels UK","og_description":"Buy the 22ct Gold Bracelet with Butterfly Charms online today! It is the perfect size for everyday wear and is sure to turn heads.","og_url":"https:\/\/www.purejewels.com\/de\/produkt-2\/22ct-gold-damenarmband-3-7gm\/","og_site_name":"PureJewels UK","article_modified_time":"2026-01-06T09:44:40+00:00","og_image":[{"width":1000,"height":1000,"url":"https:\/\/www.purejewels.com\/wp-content\/uploads\/2021\/07\/34226-1.jpg","type":"image\/jpeg"}],"twitter_card":"summary_large_image","twitter_misc":{"Gesch\u00e4tzte Lesezeit":"1\u00a0Minute"},"schema":{"@context":"https:\/\/schema.org","@graph":[{"@type":["WebPage","ItemPage"],"@id":"https:\/\/www.purejewels.com\/product\/22ct-gold-ladies-bracelet-3-7gm\/","url":"https:\/\/www.purejewels.com\/product\/22ct-gold-ladies-bracelet-3-7gm\/","name":"22ct Gold-Armband mit Schmetterling Charms | PureJewels UK","isPartOf":{"@id":"https:\/\/www.purejewels.com\/#website"},"primaryImageOfPage":{"@id":"https:\/\/www.purejewels.com\/product\/22ct-gold-ladies-bracelet-3-7gm\/#primaryimage"},"image":{"@id":"https:\/\/www.purejewels.com\/product\/22ct-gold-ladies-bracelet-3-7gm\/#primaryimage"},"thumbnailUrl":"https:\/\/static.purejewels.com\/wp-content\/uploads\/2021\/07\/34226-1.jpg","datePublished":"2021-07-21T11:40:32+00:00","dateModified":"2026-01-06T09:44:40+00:00","description":"Kaufen Sie das 22 Karat Goldarmband mit Schmetterlingsanh\u00e4ngern noch heute online! Es hat die perfekte Gr\u00f6\u00dfe f\u00fcr das t\u00e4gliche Tragen und ist ein echter Hingucker.","breadcrumb":{"@id":"https:\/\/www.purejewels.com\/product\/22ct-gold-ladies-bracelet-3-7gm\/#breadcrumb"},"inLanguage":"de","potentialAction":[{"@type":"ReadAction","target":["https:\/\/www.purejewels.com\/product\/22ct-gold-ladies-bracelet-3-7gm\/"]}]},{"@type":"ImageObject","inLanguage":"de","@id":"https:\/\/www.purejewels.com\/product\/22ct-gold-ladies-bracelet-3-7gm\/#primaryimage","url":"https:\/\/static.purejewels.com\/wp-content\/uploads\/2021\/07\/34226-1.jpg","contentUrl":"https:\/\/static.purejewels.com\/wp-content\/uploads\/2021\/07\/34226-1.jpg","width":1000,"height":1000,"caption":"22ct Gold Ladies Bracelet"},{"@type":"BreadcrumbList","@id":"https:\/\/www.purejewels.com\/product\/22ct-gold-ladies-bracelet-3-7gm\/#breadcrumb","itemListElement":[{"@type":"ListItem","position":1,"name":"Home","item":"https:\/\/www.purejewels.com\/"},{"@type":"ListItem","position":2,"name":"Shop","item":"https:\/\/www.purejewels.com\/shop\/"},{"@type":"ListItem","position":3,"name":"22ct Gold Ladies Bracelet"}]},{"@type":"WebSite","@id":"https:\/\/www.purejewels.com\/#website","url":"https:\/\/www.purejewels.com\/","name":"PureJewels UK","description":"Teile die Liebe","publisher":{"@id":"https:\/\/www.purejewels.com\/#organization"},"potentialAction":[{"@type":"SearchAction","target":{"@type":"EntryPoint","urlTemplate":"https:\/\/www.purejewels.com\/?s={search_term_string}"},"query-input":{"@type":"PropertyValueSpecification","valueRequired":true,"valueName":"search_term_string"}}],"inLanguage":"de"},{"@type":"Organization","@id":"https:\/\/www.purejewels.com\/#organization","name":"PureJewels UK","url":"https:\/\/www.purejewels.com\/","logo":{"@type":"ImageObject","inLanguage":"de","@id":"https:\/\/www.purejewels.com\/#\/schema\/logo\/image\/","url":"https:\/\/static.purejewels.com\/wp-content\/uploads\/2020\/11\/Logo-PJ-New-1.png","contentUrl":"https:\/\/static.purejewels.com\/wp-content\/uploads\/2020\/11\/Logo-PJ-New-1.png","width":150,"height":80,"caption":"PureJewels UK"},"image":{"@id":"https:\/\/www.purejewels.com\/#\/schema\/logo\/image\/"}}]}},"_links":{"self":[{"href":"https:\/\/www.purejewels.com\/de\/wp-json\/wp\/v2\/product\/325055","targetHints":{"allow":["GET"]}}],"collection":[{"href":"https:\/\/www.purejewels.com\/de\/wp-json\/wp\/v2\/product"}],"about":[{"href":"https:\/\/www.purejewels.com\/de\/wp-json\/wp\/v2\/types\/product"}],"replies":[{"embeddable":true,"href":"https:\/\/www.purejewels.com\/de\/wp-json\/wp\/v2\/comments?post=325055"}],"version-history":[{"count":3,"href":"https:\/\/www.purejewels.com\/de\/wp-json\/wp\/v2\/product\/325055\/revisions"}],"predecessor-version":[{"id":420861,"href":"https:\/\/www.purejewels.com\/de\/wp-json\/wp\/v2\/product\/325055\/revisions\/420861"}],"wp:featuredmedia":[{"embeddable":true,"href":"https:\/\/www.purejewels.com\/de\/wp-json\/wp\/v2\/media\/351135"}],"wp:attachment":[{"href":"https:\/\/www.purejewels.com\/de\/wp-json\/wp\/v2\/media?parent=325055"}],"wp:term":[{"taxonomy":"product_brand","embeddable":true,"href":"https:\/\/www.purejewels.com\/de\/wp-json\/wp\/v2\/product_brand?post=325055"},{"taxonomy":"product_cat","embeddable":true,"href":"https:\/\/www.purejewels.com\/de\/wp-json\/wp\/v2\/product_cat?post=325055"},{"taxonomy":"product_tag","embeddable":true,"href":"https:\/\/www.purejewels.com\/de\/wp-json\/wp\/v2\/product_tag?post=325055"}],"curies":[{"name":"wp","href":"https:\/\/api.w.org\/{rel}","templated":true}]}}