{"id":325176,"date":"2021-07-30T07:07:08","date_gmt":"2021-07-30T06:07:08","guid":{"rendered":"https:\/\/www.purejewels.com\/product\/22ct-gold-fancy-chain-8-2gm-18-inches\/"},"modified":"2024-09-13T06:59:16","modified_gmt":"2024-09-13T05:59:16","slug":"22-kt-gold-fancy-kette-34180","status":"publish","type":"product","link":"https:\/\/www.purejewels.com\/de\/product\/22ct-gold-fancy-chain-34180\/","title":{"rendered":"22ct Gold Fancy Kette"},"content":{"rendered":"<ul>\n<li><span id=\"urn:enhancement-d3b51d8c\" class=\"textannotation\">Gewicht<\/span>. 8.2 gms<\/li>\n<li><span id=\"urn:enhancement-3dd49214\" class=\"textannotation\">L\u00e4nge<\/span>. 18\u2033\u00a0<span id=\"urn:enhancement-3065221\" class=\"textannotation\">Zoll<\/span><\/li>\n<li><span id=\"urn:enhancement-62a30c05\" class=\"textannotation\">SKU<\/span>. 34180<\/li>\n<\/ul>","protected":false},"excerpt":{"rendered":"<ul>\n<li>22ct\u00a0<span id=\"urn:enhancement-6df3bfbb\" class=\"textannotation\">Gelb<\/span>\u00a0<span id=\"urn:enhancement-36518792\" class=\"textannotation\">Gold<\/span>\u00a0Fancy\u00a0<span id=\"urn:enhancement-925502de\" class=\"textannotation\">Kette<\/span><\/li>\n<li><span id=\"urn:enhancement-d3b51d8c\" class=\"textannotation\">Gewicht<\/span>. 8.2 gms<\/li>\n<li><span id=\"urn:enhancement-3dd49214\" class=\"textannotation\">L\u00e4nge<\/span>. 18\u2033\u00a0<span id=\"urn:enhancement-3065221\" class=\"textannotation\">Zoll<\/span><\/li>\n<li><span id=\"urn:enhancement-62a30c05\" class=\"textannotation\">SKU<\/span>. 34180<\/li>\n<li>Alle\u00a0<span id=\"urn:enhancement-e5c5172a\" class=\"textannotation\">Preise<\/span>\u00a0einschlie\u00dflich Mehrwertsteuer<\/li>\n<li>Alle unsere\u00a0<span id=\"urn:enhancement-e1ee394e\" class=\"textannotation\">Produkte<\/span>\u00a0werden von London gestempelt\u00a0<span id=\"urn:enhancement-f1a6555f\" class=\"textannotation\">Pr\u00fcfstelle<\/span><\/li>\n<li>Mit Pr\u00e4sentationsbox<\/li>\n<li><span id=\"urn:enhancement-1c5fd941\" class=\"textannotation\">Lieferung<\/span>\u00a0Eingeschlossen<\/li>\n<li>Live Chat mit uns auf Whatsapp zu\u00a0<span id=\"urn:enhancement-ca95bfca\" class=\"textannotation\">siehe<\/span>\u00a0gesamte\u00a0<span id=\"urn:enhancement-7823fc58\" class=\"textannotation\">Sammlung<\/span>\u00a0auf 18ct\u00a0<span id=\"urn:enhancement-7c60db25\" class=\"textannotation\">Gold<\/span>\u00a0<span id=\"urn:enhancement-40e036a2\" class=\"textannotation\">Kette<\/span>.<\/li>\n<\/ul>","protected":false},"featured_media":326606,"comment_status":"closed","ping_status":"closed","template":"","meta":{"_eb_attr":"","_crsspst_to_jayantr4sg-hostcom":false},"product_brand":[],"product_cat":[5014,5017,1791,1559,1475,1773,1774,1574],"product_tag":[65,1430],"class_list":{"0":"post-325176","1":"product","2":"type-product","3":"status-publish","4":"has-post-thumbnail","6":"product_cat-18-inch-ladies-chain","7":"product_cat-18-inch-mens-chain","8":"product_cat-anniversary-gifts","9":"product_cat-birthday-gifts","10":"product_cat-gold-chains","11":"product_cat-ladies-chains","12":"product_cat-mens-chains","13":"product_cat-womens-jewellery","14":"product_tag-chains","15":"product_tag-diwali-gift","17":"first","18":"outofstock","19":"taxable","20":"shipping-taxable","21":"product-type-simple","22":"add-to-wishlist-before_image"},"yoast_head":"<!-- This site is optimized with the Yoast SEO plugin v27.3 - https:\/\/yoast.com\/product\/yoast-seo-wordpress\/ -->\n<title>Shop this elegant 22ct Gold Fancy Chain at PureJewels UK<\/title>\n<meta name=\"description\" content=\"Discover wide range of chains at London. Pick this beautiful 18 inches gold chain. Free delivery &amp; hassle free returns on all orders.\" \/>\n<meta name=\"robots\" content=\"index, follow, max-snippet:-1, max-image-preview:large, max-video-preview:-1\" \/>\n<link rel=\"canonical\" href=\"https:\/\/www.purejewels.com\/de\/produkt-2\/22-kt-gold-fancy-kette-34180\/\" \/>\n<meta property=\"og:locale\" content=\"de_DE\" \/>\n<meta property=\"og:type\" content=\"article\" \/>\n<meta property=\"og:title\" content=\"Shop this elegant 22ct Gold Fancy Chain at PureJewels UK\" \/>\n<meta property=\"og:description\" content=\"Discover wide range of chains at London. Pick this beautiful 18 inches gold chain. Free delivery &amp; hassle free returns on all orders.\" \/>\n<meta property=\"og:url\" content=\"https:\/\/www.purejewels.com\/de\/produkt-2\/22-kt-gold-fancy-kette-34180\/\" \/>\n<meta property=\"og:site_name\" content=\"PureJewels UK\" \/>\n<meta property=\"article:modified_time\" content=\"2024-09-13T05:59:16+00:00\" \/>\n<meta property=\"og:image\" content=\"https:\/\/www.purejewels.com\/wp-content\/uploads\/2021\/07\/34180-1.jpg\" \/>\n\t<meta property=\"og:image:width\" content=\"1000\" \/>\n\t<meta property=\"og:image:height\" content=\"1000\" \/>\n\t<meta property=\"og:image:type\" content=\"image\/jpeg\" \/>\n<meta name=\"twitter:card\" content=\"summary_large_image\" \/>\n<script type=\"application\/ld+json\" class=\"yoast-schema-graph\">{\"@context\":\"https:\\\/\\\/schema.org\",\"@graph\":[{\"@type\":[\"WebPage\",\"ItemPage\"],\"@id\":\"https:\\\/\\\/www.purejewels.com\\\/product\\\/22ct-gold-fancy-chain-34180\\\/\",\"url\":\"https:\\\/\\\/www.purejewels.com\\\/product\\\/22ct-gold-fancy-chain-34180\\\/\",\"name\":\"Shop this elegant 22ct Gold Fancy Chain at PureJewels UK\",\"isPartOf\":{\"@id\":\"https:\\\/\\\/www.purejewels.com\\\/#website\"},\"primaryImageOfPage\":{\"@id\":\"https:\\\/\\\/www.purejewels.com\\\/product\\\/22ct-gold-fancy-chain-34180\\\/#primaryimage\"},\"image\":{\"@id\":\"https:\\\/\\\/www.purejewels.com\\\/product\\\/22ct-gold-fancy-chain-34180\\\/#primaryimage\"},\"thumbnailUrl\":\"https:\\\/\\\/static.purejewels.com\\\/wp-content\\\/uploads\\\/2021\\\/07\\\/34180-1.jpg\",\"datePublished\":\"2021-07-30T06:07:08+00:00\",\"dateModified\":\"2024-09-13T05:59:16+00:00\",\"description\":\"Discover wide range of chains at London. Pick this beautiful 18 inches gold chain. Free delivery & hassle free returns on all orders.\",\"breadcrumb\":{\"@id\":\"https:\\\/\\\/www.purejewels.com\\\/product\\\/22ct-gold-fancy-chain-34180\\\/#breadcrumb\"},\"inLanguage\":\"de\",\"potentialAction\":[{\"@type\":\"ReadAction\",\"target\":[\"https:\\\/\\\/www.purejewels.com\\\/product\\\/22ct-gold-fancy-chain-34180\\\/\"]}]},{\"@type\":\"ImageObject\",\"inLanguage\":\"de\",\"@id\":\"https:\\\/\\\/www.purejewels.com\\\/product\\\/22ct-gold-fancy-chain-34180\\\/#primaryimage\",\"url\":\"https:\\\/\\\/static.purejewels.com\\\/wp-content\\\/uploads\\\/2021\\\/07\\\/34180-1.jpg\",\"contentUrl\":\"https:\\\/\\\/static.purejewels.com\\\/wp-content\\\/uploads\\\/2021\\\/07\\\/34180-1.jpg\",\"width\":1000,\"height\":1000,\"caption\":\"22ct Gold Fancy Chain 34180-1\"},{\"@type\":\"BreadcrumbList\",\"@id\":\"https:\\\/\\\/www.purejewels.com\\\/product\\\/22ct-gold-fancy-chain-34180\\\/#breadcrumb\",\"itemListElement\":[{\"@type\":\"ListItem\",\"position\":1,\"name\":\"Home\",\"item\":\"https:\\\/\\\/www.purejewels.com\\\/\"},{\"@type\":\"ListItem\",\"position\":2,\"name\":\"Shop\",\"item\":\"https:\\\/\\\/www.purejewels.com\\\/shop\\\/\"},{\"@type\":\"ListItem\",\"position\":3,\"name\":\"22ct Gold Fancy Chain\"}]},{\"@type\":\"WebSite\",\"@id\":\"https:\\\/\\\/www.purejewels.com\\\/#website\",\"url\":\"https:\\\/\\\/www.purejewels.com\\\/\",\"name\":\"PureJewels UK\",\"description\":\"Share the Love\",\"publisher\":{\"@id\":\"https:\\\/\\\/www.purejewels.com\\\/#organization\"},\"potentialAction\":[{\"@type\":\"SearchAction\",\"target\":{\"@type\":\"EntryPoint\",\"urlTemplate\":\"https:\\\/\\\/www.purejewels.com\\\/?s={search_term_string}\"},\"query-input\":{\"@type\":\"PropertyValueSpecification\",\"valueRequired\":true,\"valueName\":\"search_term_string\"}}],\"inLanguage\":\"de\"},{\"@type\":\"Organization\",\"@id\":\"https:\\\/\\\/www.purejewels.com\\\/#organization\",\"name\":\"PureJewels UK\",\"url\":\"https:\\\/\\\/www.purejewels.com\\\/\",\"logo\":{\"@type\":\"ImageObject\",\"inLanguage\":\"de\",\"@id\":\"https:\\\/\\\/www.purejewels.com\\\/#\\\/schema\\\/logo\\\/image\\\/\",\"url\":\"https:\\\/\\\/static.purejewels.com\\\/wp-content\\\/uploads\\\/2020\\\/11\\\/Logo-PJ-New-1.png\",\"contentUrl\":\"https:\\\/\\\/static.purejewels.com\\\/wp-content\\\/uploads\\\/2020\\\/11\\\/Logo-PJ-New-1.png\",\"width\":150,\"height\":80,\"caption\":\"PureJewels UK\"},\"image\":{\"@id\":\"https:\\\/\\\/www.purejewels.com\\\/#\\\/schema\\\/logo\\\/image\\\/\"}}]}<\/script>\n<!-- \/ Yoast SEO plugin. -->","yoast_head_json":{"title":"Kaufen Sie diese elegante 22ct Gold Fancy Kette bei PureJewels UK","description":"Entdecken Sie eine gro\u00dfe Auswahl an Ketten in London. W\u00e4hlen Sie diese sch\u00f6ne 18 Zoll Goldkette. Kostenlose Lieferung und problemlose R\u00fcckgabe auf alle Bestellungen.","robots":{"index":"index","follow":"follow","max-snippet":"max-snippet:-1","max-image-preview":"max-image-preview:large","max-video-preview":"max-video-preview:-1"},"canonical":"https:\/\/www.purejewels.com\/de\/produkt-2\/22-kt-gold-fancy-kette-34180\/","og_locale":"de_DE","og_type":"article","og_title":"Shop this elegant 22ct Gold Fancy Chain at PureJewels UK","og_description":"Discover wide range of chains at London. Pick this beautiful 18 inches gold chain. Free delivery & hassle free returns on all orders.","og_url":"https:\/\/www.purejewels.com\/de\/produkt-2\/22-kt-gold-fancy-kette-34180\/","og_site_name":"PureJewels UK","article_modified_time":"2024-09-13T05:59:16+00:00","og_image":[{"width":1000,"height":1000,"url":"https:\/\/www.purejewels.com\/wp-content\/uploads\/2021\/07\/34180-1.jpg","type":"image\/jpeg"}],"twitter_card":"summary_large_image","schema":{"@context":"https:\/\/schema.org","@graph":[{"@type":["WebPage","ItemPage"],"@id":"https:\/\/www.purejewels.com\/product\/22ct-gold-fancy-chain-34180\/","url":"https:\/\/www.purejewels.com\/product\/22ct-gold-fancy-chain-34180\/","name":"Kaufen Sie diese elegante 22ct Gold Fancy Kette bei PureJewels UK","isPartOf":{"@id":"https:\/\/www.purejewels.com\/#website"},"primaryImageOfPage":{"@id":"https:\/\/www.purejewels.com\/product\/22ct-gold-fancy-chain-34180\/#primaryimage"},"image":{"@id":"https:\/\/www.purejewels.com\/product\/22ct-gold-fancy-chain-34180\/#primaryimage"},"thumbnailUrl":"https:\/\/static.purejewels.com\/wp-content\/uploads\/2021\/07\/34180-1.jpg","datePublished":"2021-07-30T06:07:08+00:00","dateModified":"2024-09-13T05:59:16+00:00","description":"Entdecken Sie eine gro\u00dfe Auswahl an Ketten in London. W\u00e4hlen Sie diese sch\u00f6ne 18 Zoll Goldkette. Kostenlose Lieferung und problemlose R\u00fcckgabe auf alle Bestellungen.","breadcrumb":{"@id":"https:\/\/www.purejewels.com\/product\/22ct-gold-fancy-chain-34180\/#breadcrumb"},"inLanguage":"de","potentialAction":[{"@type":"ReadAction","target":["https:\/\/www.purejewels.com\/product\/22ct-gold-fancy-chain-34180\/"]}]},{"@type":"ImageObject","inLanguage":"de","@id":"https:\/\/www.purejewels.com\/product\/22ct-gold-fancy-chain-34180\/#primaryimage","url":"https:\/\/static.purejewels.com\/wp-content\/uploads\/2021\/07\/34180-1.jpg","contentUrl":"https:\/\/static.purejewels.com\/wp-content\/uploads\/2021\/07\/34180-1.jpg","width":1000,"height":1000,"caption":"22ct Gold Fancy Chain 34180-1"},{"@type":"BreadcrumbList","@id":"https:\/\/www.purejewels.com\/product\/22ct-gold-fancy-chain-34180\/#breadcrumb","itemListElement":[{"@type":"ListItem","position":1,"name":"Home","item":"https:\/\/www.purejewels.com\/"},{"@type":"ListItem","position":2,"name":"Shop","item":"https:\/\/www.purejewels.com\/shop\/"},{"@type":"ListItem","position":3,"name":"22ct Gold Fancy Chain"}]},{"@type":"WebSite","@id":"https:\/\/www.purejewels.com\/#website","url":"https:\/\/www.purejewels.com\/","name":"PureJewels UK","description":"Teile die Liebe","publisher":{"@id":"https:\/\/www.purejewels.com\/#organization"},"potentialAction":[{"@type":"SearchAction","target":{"@type":"EntryPoint","urlTemplate":"https:\/\/www.purejewels.com\/?s={search_term_string}"},"query-input":{"@type":"PropertyValueSpecification","valueRequired":true,"valueName":"search_term_string"}}],"inLanguage":"de"},{"@type":"Organization","@id":"https:\/\/www.purejewels.com\/#organization","name":"PureJewels UK","url":"https:\/\/www.purejewels.com\/","logo":{"@type":"ImageObject","inLanguage":"de","@id":"https:\/\/www.purejewels.com\/#\/schema\/logo\/image\/","url":"https:\/\/static.purejewels.com\/wp-content\/uploads\/2020\/11\/Logo-PJ-New-1.png","contentUrl":"https:\/\/static.purejewels.com\/wp-content\/uploads\/2020\/11\/Logo-PJ-New-1.png","width":150,"height":80,"caption":"PureJewels UK"},"image":{"@id":"https:\/\/www.purejewels.com\/#\/schema\/logo\/image\/"}}]}},"_links":{"self":[{"href":"https:\/\/www.purejewels.com\/de\/wp-json\/wp\/v2\/product\/325176","targetHints":{"allow":["GET"]}}],"collection":[{"href":"https:\/\/www.purejewels.com\/de\/wp-json\/wp\/v2\/product"}],"about":[{"href":"https:\/\/www.purejewels.com\/de\/wp-json\/wp\/v2\/types\/product"}],"replies":[{"embeddable":true,"href":"https:\/\/www.purejewels.com\/de\/wp-json\/wp\/v2\/comments?post=325176"}],"version-history":[{"count":1,"href":"https:\/\/www.purejewels.com\/de\/wp-json\/wp\/v2\/product\/325176\/revisions"}],"predecessor-version":[{"id":371922,"href":"https:\/\/www.purejewels.com\/de\/wp-json\/wp\/v2\/product\/325176\/revisions\/371922"}],"wp:featuredmedia":[{"embeddable":true,"href":"https:\/\/www.purejewels.com\/de\/wp-json\/wp\/v2\/media\/326606"}],"wp:attachment":[{"href":"https:\/\/www.purejewels.com\/de\/wp-json\/wp\/v2\/media?parent=325176"}],"wp:term":[{"taxonomy":"product_brand","embeddable":true,"href":"https:\/\/www.purejewels.com\/de\/wp-json\/wp\/v2\/product_brand?post=325176"},{"taxonomy":"product_cat","embeddable":true,"href":"https:\/\/www.purejewels.com\/de\/wp-json\/wp\/v2\/product_cat?post=325176"},{"taxonomy":"product_tag","embeddable":true,"href":"https:\/\/www.purejewels.com\/de\/wp-json\/wp\/v2\/product_tag?post=325176"}],"curies":[{"name":"wp","href":"https:\/\/api.w.org\/{rel}","templated":true}]}}