{"id":325245,"date":"2021-08-03T09:35:30","date_gmt":"2021-08-03T08:35:30","guid":{"rendered":"https:\/\/www.purejewels.com\/product\/22ct-gold-pendant-8-9gm\/"},"modified":"2026-04-07T08:22:05","modified_gmt":"2026-04-07T07:22:05","slug":"religioser-anhanger-aus-22-karat-gold-33908","status":"publish","type":"product","link":"https:\/\/www.purejewels.com\/de\/product\/22ct-gold-religious-pendant-33908\/","title":{"rendered":"22ct Gold Om Cutwork Anh\u00e4nger"},"content":{"rendered":"<p data-start=\"0\" data-end=\"443\"><strong data-start=\"0\" data-end=\"18\">Designkonzept<\/strong><br data-start=\"18\" data-end=\"21\" \/>Dieser OM-Anh\u00e4nger aus 22-kar\u00e4tigem Gold ist ein heiteres Symbol f\u00fcr Frieden und Spiritualit\u00e4t, das das heilige OM-Symbol in einem eleganten, verschlungenen Design in den Mittelpunkt stellt. Mit einem Gewicht von 8,9 Gramm hat er eine beruhigende Pr\u00e4senz, die sich dennoch f\u00fcr das t\u00e4gliche Tragen eignet. Die detaillierte Darstellung des OM-Motivs spiegelt seine tiefere Bedeutung als die Essenz des Universums wider und macht es zu einem Schmuckst\u00fcck, das sowohl visuelle Sch\u00f6nheit als auch spirituelle Bedeutung besitzt.<\/p>\n<p data-start=\"445\" data-end=\"1197\"><strong data-start=\"445\" data-end=\"462\">Handwerkliches K\u00f6nnen<\/strong><br data-start=\"462\" data-end=\"465\" \/>Der mit Pr\u00e4zision und Sorgfalt aus reichhaltigem 22-kar\u00e4tigem Gold gefertigte Anh\u00e4nger ist vom London Assay Office f\u00fcr seine Echtheit und Reinheit gepunzt, so dass Sie volles Vertrauen in seine Qualit\u00e4t haben k\u00f6nnen. Jede Kurve und Linie des OM-Symbols ist sorgf\u00e4ltig definiert, um ein klares, raffiniertes Finish zu schaffen. Der Anh\u00e4nger wird in einer sch\u00f6nen Pr\u00e4sentationsbox geliefert, die zum Verschenken oder zur sicheren Aufbewahrung geeignet ist. Bitte beachten Sie, dass die abgebildete Kette nur zur Veranschaulichung dient und nicht im Lieferumfang enthalten ist. St\u00f6bern Sie in unserer Kollektion von Herrenanh\u00e4ngern, um die perfekte Kette f\u00fcr dieses St\u00fcck zu finden.<\/p>\n<p data-start=\"1199\" data-end=\"1783\" data-is-last-node=\"\" data-is-only-node=\"\"><strong data-start=\"1199\" data-end=\"1216\">Styling-Ideen<\/strong><br data-start=\"1216\" data-end=\"1219\" \/>Tragen Sie diesen OM-Anh\u00e4nger als Ihren t\u00e4glichen spirituellen Anker, gepaart mit einer schlichten 22-kar\u00e4tigen Goldkette aus unserer Herrenanh\u00e4nger-Kollektion, die zu Ihrem Stil und Ihrer bevorzugten L\u00e4nge passt. Er passt sowohl zu legeren als auch zu traditionellen Outfits, vom Alltagshemd bis zum Kurta-Set, und verleiht Ihrem Look einen stillen Hauch von Bedeutung.<\/p>\n<p data-start=\"1199\" data-end=\"1783\" data-is-last-node=\"\" data-is-only-node=\"\">Sie eignet sich ideal als Geschenk f\u00fcr pers\u00f6nliche Meilensteine, religi\u00f6se Anl\u00e4sse oder Momente der Erneuerung. Sie wird in einer speziellen Schachtel geliefert und wird von einer kostenlosen, nachverfolgbaren Lieferung und unserer 30-t\u00e4gigen Geld-zur\u00fcck-Garantie unterst\u00fctzt, so dass Sie mit Vertrauen einkaufen und verschenken k\u00f6nnen.<\/p>","protected":false},"excerpt":{"rendered":"<ul>\n<li>22ct Gold Om-Anh\u00e4nger<\/li>\n<li>Gewicht. 8,9 Gramm<\/li>\n<li>SKU.  33908<\/li>\n<li>Kette nicht enthalten<\/li>\n<li>Die auf dem Bild gezeigte Kette ist eine <strong>Box-Kette<\/strong><\/li>\n<li>22ct Gold gestempelt von London Assay Office<\/li>\n<li>Mit Pr\u00e4sentationsbox<\/li>\n<li>Lieferung inbegriffen<\/li>\n<li>Alle Preise inklusive Mehrwertsteuer<\/li>\n<li>Sehen Sie sich unsere Sammlung von\u00a0<strong>Anh\u00e4nger f\u00fcr M\u00e4nner<\/strong><\/li>\n<li>Live-Chat mit uns f\u00fcr die Verf\u00fcgbarkeit und mehr Bilder von \u00e4hnlichen Designs derzeit auf Lager<\/li>\n<\/ul>","protected":false},"featured_media":327442,"comment_status":"closed","ping_status":"closed","template":"","meta":{"_eb_attr":"","_crsspst_to_jayantr4sg-hostcom":true},"product_brand":[],"product_cat":[1255,1572,1768,5600,1701],"product_tag":[],"class_list":{"0":"post-325245","1":"product","2":"type-product","3":"status-publish","4":"has-post-thumbnail","6":"product_cat-gold-pendants","7":"product_cat-mens-jewellery","8":"product_cat-mens-pendants","9":"product_cat-om-pendants","10":"product_cat-religious-pendants","12":"first","13":"instock","14":"taxable","15":"shipping-taxable","16":"purchasable","17":"product-type-simple","18":"add-to-wishlist-before_image"},"yoast_head":"<!-- This site is optimized with the Yoast SEO plugin v27.3 - https:\/\/yoast.com\/product\/yoast-seo-wordpress\/ -->\n<title>22ct Gold Om Pendant UK | Gold Religious Pendant PureJewels<\/title>\n<meta name=\"description\" content=\"Shop a 22ct gold Om pendant featuring a refined open design with engraved detailing, symbolising peace, balance and spiritual connection.\" \/>\n<meta name=\"robots\" content=\"index, follow, max-snippet:-1, max-image-preview:large, max-video-preview:-1\" \/>\n<link rel=\"canonical\" href=\"https:\/\/www.purejewels.com\/de\/produkt-2\/religioser-anhanger-aus-22-karat-gold-33908\/\" \/>\n<meta property=\"og:locale\" content=\"de_DE\" \/>\n<meta property=\"og:type\" content=\"article\" \/>\n<meta property=\"og:title\" content=\"22ct Gold Om Pendant UK | Gold Religious Pendant PureJewels\" \/>\n<meta property=\"og:description\" content=\"Shop a 22ct gold Om pendant featuring a refined open design with engraved detailing, symbolising peace, balance and spiritual connection.\" \/>\n<meta property=\"og:url\" content=\"https:\/\/www.purejewels.com\/de\/produkt-2\/religioser-anhanger-aus-22-karat-gold-33908\/\" \/>\n<meta property=\"og:site_name\" content=\"PureJewels UK\" \/>\n<meta property=\"article:modified_time\" content=\"2026-04-07T07:22:05+00:00\" \/>\n<meta property=\"og:image\" content=\"https:\/\/static.purejewels.com\/wp-content\/uploads\/2021\/08\/33908.jpg\" \/>\n\t<meta property=\"og:image:width\" content=\"1000\" \/>\n\t<meta property=\"og:image:height\" content=\"1000\" \/>\n\t<meta property=\"og:image:type\" content=\"image\/jpeg\" \/>\n<meta name=\"twitter:card\" content=\"summary_large_image\" \/>\n<meta name=\"twitter:label1\" content=\"Gesch\u00e4tzte Lesezeit\" \/>\n\t<meta name=\"twitter:data1\" content=\"2\u00a0Minuten\" \/>\n<script type=\"application\/ld+json\" class=\"yoast-schema-graph\">{\"@context\":\"https:\\\/\\\/schema.org\",\"@graph\":[{\"@type\":[\"WebPage\",\"ItemPage\"],\"@id\":\"https:\\\/\\\/www.purejewels.com\\\/product\\\/22ct-gold-religious-pendant-33908\\\/\",\"url\":\"https:\\\/\\\/www.purejewels.com\\\/product\\\/22ct-gold-religious-pendant-33908\\\/\",\"name\":\"22ct Gold Om Pendant UK | Gold Religious Pendant PureJewels\",\"isPartOf\":{\"@id\":\"https:\\\/\\\/www.purejewels.com\\\/#website\"},\"primaryImageOfPage\":{\"@id\":\"https:\\\/\\\/www.purejewels.com\\\/product\\\/22ct-gold-religious-pendant-33908\\\/#primaryimage\"},\"image\":{\"@id\":\"https:\\\/\\\/www.purejewels.com\\\/product\\\/22ct-gold-religious-pendant-33908\\\/#primaryimage\"},\"thumbnailUrl\":\"https:\\\/\\\/static.purejewels.com\\\/wp-content\\\/uploads\\\/2021\\\/08\\\/33908.jpg\",\"datePublished\":\"2021-08-03T08:35:30+00:00\",\"dateModified\":\"2026-04-07T07:22:05+00:00\",\"description\":\"Shop a 22ct gold Om pendant featuring a refined open design with engraved detailing, symbolising peace, balance and spiritual connection.\",\"breadcrumb\":{\"@id\":\"https:\\\/\\\/www.purejewels.com\\\/product\\\/22ct-gold-religious-pendant-33908\\\/#breadcrumb\"},\"inLanguage\":\"de\",\"potentialAction\":[{\"@type\":\"ReadAction\",\"target\":[\"https:\\\/\\\/www.purejewels.com\\\/product\\\/22ct-gold-religious-pendant-33908\\\/\"]}]},{\"@type\":\"ImageObject\",\"inLanguage\":\"de\",\"@id\":\"https:\\\/\\\/www.purejewels.com\\\/product\\\/22ct-gold-religious-pendant-33908\\\/#primaryimage\",\"url\":\"https:\\\/\\\/static.purejewels.com\\\/wp-content\\\/uploads\\\/2021\\\/08\\\/33908.jpg\",\"contentUrl\":\"https:\\\/\\\/static.purejewels.com\\\/wp-content\\\/uploads\\\/2021\\\/08\\\/33908.jpg\",\"width\":1000,\"height\":1000,\"caption\":\"22ct Gold Religious Pendant 33908\"},{\"@type\":\"BreadcrumbList\",\"@id\":\"https:\\\/\\\/www.purejewels.com\\\/product\\\/22ct-gold-religious-pendant-33908\\\/#breadcrumb\",\"itemListElement\":[{\"@type\":\"ListItem\",\"position\":1,\"name\":\"Home\",\"item\":\"https:\\\/\\\/www.purejewels.com\\\/\"},{\"@type\":\"ListItem\",\"position\":2,\"name\":\"Shop\",\"item\":\"https:\\\/\\\/www.purejewels.com\\\/shop\\\/\"},{\"@type\":\"ListItem\",\"position\":3,\"name\":\"22ct Gold Om Cutwork Pendant\"}]},{\"@type\":\"WebSite\",\"@id\":\"https:\\\/\\\/www.purejewels.com\\\/#website\",\"url\":\"https:\\\/\\\/www.purejewels.com\\\/\",\"name\":\"PureJewels UK\",\"description\":\"Share the Love\",\"publisher\":{\"@id\":\"https:\\\/\\\/www.purejewels.com\\\/#organization\"},\"potentialAction\":[{\"@type\":\"SearchAction\",\"target\":{\"@type\":\"EntryPoint\",\"urlTemplate\":\"https:\\\/\\\/www.purejewels.com\\\/?s={search_term_string}\"},\"query-input\":{\"@type\":\"PropertyValueSpecification\",\"valueRequired\":true,\"valueName\":\"search_term_string\"}}],\"inLanguage\":\"de\"},{\"@type\":\"Organization\",\"@id\":\"https:\\\/\\\/www.purejewels.com\\\/#organization\",\"name\":\"PureJewels UK\",\"url\":\"https:\\\/\\\/www.purejewels.com\\\/\",\"logo\":{\"@type\":\"ImageObject\",\"inLanguage\":\"de\",\"@id\":\"https:\\\/\\\/www.purejewels.com\\\/#\\\/schema\\\/logo\\\/image\\\/\",\"url\":\"https:\\\/\\\/static.purejewels.com\\\/wp-content\\\/uploads\\\/2020\\\/11\\\/Logo-PJ-New-1.png\",\"contentUrl\":\"https:\\\/\\\/static.purejewels.com\\\/wp-content\\\/uploads\\\/2020\\\/11\\\/Logo-PJ-New-1.png\",\"width\":150,\"height\":80,\"caption\":\"PureJewels UK\"},\"image\":{\"@id\":\"https:\\\/\\\/www.purejewels.com\\\/#\\\/schema\\\/logo\\\/image\\\/\"}}]}<\/script>\n<!-- \/ Yoast SEO plugin. -->","yoast_head_json":{"title":"22ct Gold Om Anh\u00e4nger UK | Gold religi\u00f6sen Anh\u00e4nger PureJewels","description":"Shoppen Sie einen Om-Anh\u00e4nger aus 22 Karat Gold mit einem raffinierten, offenen Design und eingravierten Details, die Frieden, Gleichgewicht und spirituelle Verbindung symbolisieren.","robots":{"index":"index","follow":"follow","max-snippet":"max-snippet:-1","max-image-preview":"max-image-preview:large","max-video-preview":"max-video-preview:-1"},"canonical":"https:\/\/www.purejewels.com\/de\/produkt-2\/religioser-anhanger-aus-22-karat-gold-33908\/","og_locale":"de_DE","og_type":"article","og_title":"22ct Gold Om Pendant UK | Gold Religious Pendant PureJewels","og_description":"Shop a 22ct gold Om pendant featuring a refined open design with engraved detailing, symbolising peace, balance and spiritual connection.","og_url":"https:\/\/www.purejewels.com\/de\/produkt-2\/religioser-anhanger-aus-22-karat-gold-33908\/","og_site_name":"PureJewels UK","article_modified_time":"2026-04-07T07:22:05+00:00","og_image":[{"width":1000,"height":1000,"url":"https:\/\/static.purejewels.com\/wp-content\/uploads\/2021\/08\/33908.jpg","type":"image\/jpeg"}],"twitter_card":"summary_large_image","twitter_misc":{"Gesch\u00e4tzte Lesezeit":"2\u00a0Minuten"},"schema":{"@context":"https:\/\/schema.org","@graph":[{"@type":["WebPage","ItemPage"],"@id":"https:\/\/www.purejewels.com\/product\/22ct-gold-religious-pendant-33908\/","url":"https:\/\/www.purejewels.com\/product\/22ct-gold-religious-pendant-33908\/","name":"22ct Gold Om Anh\u00e4nger UK | Gold religi\u00f6sen Anh\u00e4nger PureJewels","isPartOf":{"@id":"https:\/\/www.purejewels.com\/#website"},"primaryImageOfPage":{"@id":"https:\/\/www.purejewels.com\/product\/22ct-gold-religious-pendant-33908\/#primaryimage"},"image":{"@id":"https:\/\/www.purejewels.com\/product\/22ct-gold-religious-pendant-33908\/#primaryimage"},"thumbnailUrl":"https:\/\/static.purejewels.com\/wp-content\/uploads\/2021\/08\/33908.jpg","datePublished":"2021-08-03T08:35:30+00:00","dateModified":"2026-04-07T07:22:05+00:00","description":"Shoppen Sie einen Om-Anh\u00e4nger aus 22 Karat Gold mit einem raffinierten, offenen Design und eingravierten Details, die Frieden, Gleichgewicht und spirituelle Verbindung symbolisieren.","breadcrumb":{"@id":"https:\/\/www.purejewels.com\/product\/22ct-gold-religious-pendant-33908\/#breadcrumb"},"inLanguage":"de","potentialAction":[{"@type":"ReadAction","target":["https:\/\/www.purejewels.com\/product\/22ct-gold-religious-pendant-33908\/"]}]},{"@type":"ImageObject","inLanguage":"de","@id":"https:\/\/www.purejewels.com\/product\/22ct-gold-religious-pendant-33908\/#primaryimage","url":"https:\/\/static.purejewels.com\/wp-content\/uploads\/2021\/08\/33908.jpg","contentUrl":"https:\/\/static.purejewels.com\/wp-content\/uploads\/2021\/08\/33908.jpg","width":1000,"height":1000,"caption":"22ct Gold Religious Pendant 33908"},{"@type":"BreadcrumbList","@id":"https:\/\/www.purejewels.com\/product\/22ct-gold-religious-pendant-33908\/#breadcrumb","itemListElement":[{"@type":"ListItem","position":1,"name":"Home","item":"https:\/\/www.purejewels.com\/"},{"@type":"ListItem","position":2,"name":"Shop","item":"https:\/\/www.purejewels.com\/shop\/"},{"@type":"ListItem","position":3,"name":"22ct Gold Om Cutwork Pendant"}]},{"@type":"WebSite","@id":"https:\/\/www.purejewels.com\/#website","url":"https:\/\/www.purejewels.com\/","name":"PureJewels UK","description":"Teile die Liebe","publisher":{"@id":"https:\/\/www.purejewels.com\/#organization"},"potentialAction":[{"@type":"SearchAction","target":{"@type":"EntryPoint","urlTemplate":"https:\/\/www.purejewels.com\/?s={search_term_string}"},"query-input":{"@type":"PropertyValueSpecification","valueRequired":true,"valueName":"search_term_string"}}],"inLanguage":"de"},{"@type":"Organization","@id":"https:\/\/www.purejewels.com\/#organization","name":"PureJewels UK","url":"https:\/\/www.purejewels.com\/","logo":{"@type":"ImageObject","inLanguage":"de","@id":"https:\/\/www.purejewels.com\/#\/schema\/logo\/image\/","url":"https:\/\/static.purejewels.com\/wp-content\/uploads\/2020\/11\/Logo-PJ-New-1.png","contentUrl":"https:\/\/static.purejewels.com\/wp-content\/uploads\/2020\/11\/Logo-PJ-New-1.png","width":150,"height":80,"caption":"PureJewels UK"},"image":{"@id":"https:\/\/www.purejewels.com\/#\/schema\/logo\/image\/"}}]}},"_links":{"self":[{"href":"https:\/\/www.purejewels.com\/de\/wp-json\/wp\/v2\/product\/325245","targetHints":{"allow":["GET"]}}],"collection":[{"href":"https:\/\/www.purejewels.com\/de\/wp-json\/wp\/v2\/product"}],"about":[{"href":"https:\/\/www.purejewels.com\/de\/wp-json\/wp\/v2\/types\/product"}],"replies":[{"embeddable":true,"href":"https:\/\/www.purejewels.com\/de\/wp-json\/wp\/v2\/comments?post=325245"}],"version-history":[{"count":3,"href":"https:\/\/www.purejewels.com\/de\/wp-json\/wp\/v2\/product\/325245\/revisions"}],"predecessor-version":[{"id":428122,"href":"https:\/\/www.purejewels.com\/de\/wp-json\/wp\/v2\/product\/325245\/revisions\/428122"}],"wp:featuredmedia":[{"embeddable":true,"href":"https:\/\/www.purejewels.com\/de\/wp-json\/wp\/v2\/media\/327442"}],"wp:attachment":[{"href":"https:\/\/www.purejewels.com\/de\/wp-json\/wp\/v2\/media?parent=325245"}],"wp:term":[{"taxonomy":"product_brand","embeddable":true,"href":"https:\/\/www.purejewels.com\/de\/wp-json\/wp\/v2\/product_brand?post=325245"},{"taxonomy":"product_cat","embeddable":true,"href":"https:\/\/www.purejewels.com\/de\/wp-json\/wp\/v2\/product_cat?post=325245"},{"taxonomy":"product_tag","embeddable":true,"href":"https:\/\/www.purejewels.com\/de\/wp-json\/wp\/v2\/product_tag?post=325245"}],"curies":[{"name":"wp","href":"https:\/\/api.w.org\/{rel}","templated":true}]}}