{"id":325270,"date":"2021-08-04T06:10:44","date_gmt":"2021-08-04T05:10:44","guid":{"rendered":"https:\/\/www.purejewels.com\/product\/22ct-gold-ladies-bracelet-5-8-gm\/"},"modified":"2026-01-06T09:44:42","modified_gmt":"2026-01-06T09:44:42","slug":"22ct-gold-damenarmband-33677","status":"publish","type":"product","link":"https:\/\/www.purejewels.com\/de\/product\/22ct-gold-ladies-bracelet-33677\/","title":{"rendered":"Goldarmband f\u00fcr Frauen"},"content":{"rendered":"<h3><b>Inspiration<\/b><\/h3>\n<p><span style=\"font-weight: 400\"><a href=\"https:\/\/www.purejewels.com\/de\/how-to-measure-bangle-size-2\/\">Armreifen<\/a> sind zusammen mit anderem Handgelenksschmuck seit jeher ein Teil des traditionellen indischen Schmucks. Wenn sie getragen werden, haben sie eine eigene traditionelle Bedeutung und ein \u00e4sthetisches Flair wie nichts anderes. Handgelenkschmuck besteht aus Armb\u00e4ndern, Armreifen, Kadas, Haath Phools und vielen anderen. Sie werden in verschiedenen Stilen und Designs hergestellt und markieren den jeweiligen Anlass und seine Bedeutung. Der Armbandschmuck hat sich also diversifiziert, weiterentwickelt und einen langen Weg zur\u00fcckgelegt.\u00a0<\/span><\/p>\n<h3><b>Gestaltung<\/b><\/h3>\n<p><span style=\"font-weight: 400\">\u00a0Diese 22K <a href=\"https:\/\/www.purejewels.com\/de\/product\/22ct-gold-mens-bracelet\/\">Goldarmband<\/a> ist eine weiterentwickelte Version des ansonsten traditionell gestalteten Armreifs und wurde in Form eines goldenen <a href=\"https:\/\/www.purejewels.com\/de\/product-category\/22ct-gold-jewellery\/gold-bracelet\/\">Armband<\/a> um leichte Tragbarkeit und M\u00fchelosigkeit zu gew\u00e4hrleisten. Das Design beginnt mit einer fein gearbeiteten Goldkordel, die auf der gesamten Oberfl\u00e4che strukturiert ist. Bezaubernde, mandelf\u00f6rmige Goldperlen wurden von Hand \u00fcber die gesamte Fl\u00e4che gemei\u00dfelt und \u00e4sthetisch an ergonomisch strategischen Positionen mit der Schnur verbunden, um die m\u00fchelose Tragbarkeit des Armbands zu gew\u00e4hrleisten und gleichzeitig seine unschlagbare Sch\u00f6nheit zu erhalten. Dieser Armreif von Purejewels wurde mit dem Gedanken an Leichtigkeit und Vielseitigkeit entworfen und hat daher einen ged\u00e4mpften Goldglanz mit einem Hauch von Rhodiumbeschichtung erhalten, der ihn immergr\u00fcn macht.\u00a0<\/span><\/p>\n<h3><b>Stil<\/b><\/h3>\n<p><span style=\"font-weight: 400\">Diese k\u00fchne und aussagekr\u00e4ftige <a href=\"https:\/\/www.purejewels.com\/de\/product\/22-carat-gold-bangle-31151\/\">22K Gold-Armreif<\/a> Armband von Purejewels ist einfach perfekt f\u00fcr das Stapeln, wenn mit einem indischen Kleidung, die Sie w\u00e4hlen, und es kann sogar einzeln mit eleganten formalen oder B\u00fcro tragen, um Sie abheben. Sie k\u00f6nnen ihn auch zusammen mit Ihrer Armbanduhr tragen und damit ein Statement setzen. Sie k\u00f6nnen mehr solche Stile zu schm\u00fccken und Stil in der \"Gold-Armband\" Abschnitt unserer Website finden.<\/span><\/p>","protected":false},"excerpt":{"rendered":"<ul>\n<li>22 Karat Goldarmband mit Rhodium-Finish<\/li>\n<li>Wt. 5.8 gms<\/li>\n<li>Gr\u00f6\u00dfe. 2.4<\/li>\n<li>SKU. 33677<\/li>\n<li>Kann auf Bestellung in allen Gr\u00f6\u00dfen hergestellt werden<\/li>\n<li>Alle Preise inklusive Mehrwertsteuer<\/li>\n<li>Alle unsere Produkte sind vom London Assay Office gestempelt.<\/li>\n<li>Alle Armreifen werden mit Geschenkbox geliefert<\/li>\n<li>Kostenlose Lieferung in ganz Gro\u00dfbritannien<\/li>\n<li>Kontaktieren Sie uns \/ chatten Sie mit uns f\u00fcr ein Live-Video des Produkts<\/li>\n<\/ul>","protected":false},"featured_media":325521,"comment_status":"closed","ping_status":"closed","template":"","meta":{"_eb_attr":"","_crsspst_to_jayantr4sg-hostcom":false},"product_brand":[],"product_cat":[1791,1559,1324,1627,1575,1574],"product_tag":[],"class_list":{"0":"post-325270","1":"product","2":"type-product","3":"status-publish","4":"has-post-thumbnail","6":"product_cat-anniversary-gifts","7":"product_cat-birthday-gifts","8":"product_cat-gold-bracelet","9":"product_cat-ladies-bracelet","10":"product_cat-teenage-jewellery","11":"product_cat-womens-jewellery","13":"first","14":"outofstock","15":"taxable","16":"shipping-taxable","17":"product-type-simple","18":"add-to-wishlist-before_image"},"yoast_head":"<!-- This site is optimized with the Yoast SEO plugin v27.3 - https:\/\/yoast.com\/product\/yoast-seo-wordpress\/ -->\n<title>Gold Bracelet for Women | Gold Bracelet for Girl | PureJewels<\/title>\n<meta name=\"description\" content=\"PureJewels presents Latest Bracelet Collection for women | Specially Crafted with 22ct Gold | Buy a daily wear gold bracelet online\" \/>\n<meta name=\"robots\" content=\"index, follow, max-snippet:-1, max-image-preview:large, max-video-preview:-1\" \/>\n<link rel=\"canonical\" href=\"https:\/\/www.purejewels.com\/de\/produkt-2\/22ct-gold-damenarmband-33677\/\" \/>\n<meta property=\"og:locale\" content=\"de_DE\" \/>\n<meta property=\"og:type\" content=\"article\" \/>\n<meta property=\"og:title\" content=\"Gold Bracelet for Women | Gold Bracelet for Girl | PureJewels\" \/>\n<meta property=\"og:description\" content=\"PureJewels presents Latest Bracelet Collection for women | Specially Crafted with 22ct Gold | Buy a daily wear gold bracelet online\" \/>\n<meta property=\"og:url\" content=\"https:\/\/www.purejewels.com\/de\/produkt-2\/22ct-gold-damenarmband-33677\/\" \/>\n<meta property=\"og:site_name\" content=\"PureJewels UK\" \/>\n<meta property=\"article:modified_time\" content=\"2026-01-06T09:44:42+00:00\" \/>\n<meta property=\"og:image\" content=\"https:\/\/www.purejewels.com\/wp-content\/uploads\/2021\/08\/33677_1.jpg\" \/>\n\t<meta property=\"og:image:width\" content=\"1000\" \/>\n\t<meta property=\"og:image:height\" content=\"1000\" \/>\n\t<meta property=\"og:image:type\" content=\"image\/jpeg\" \/>\n<meta name=\"twitter:card\" content=\"summary_large_image\" \/>\n<meta name=\"twitter:label1\" content=\"Gesch\u00e4tzte Lesezeit\" \/>\n\t<meta name=\"twitter:data1\" content=\"2\u00a0Minuten\" \/>\n<script type=\"application\/ld+json\" class=\"yoast-schema-graph\">{\"@context\":\"https:\\\/\\\/schema.org\",\"@graph\":[{\"@type\":[\"WebPage\",\"ItemPage\"],\"@id\":\"https:\\\/\\\/www.purejewels.com\\\/product\\\/22ct-gold-ladies-bracelet-33677\\\/\",\"url\":\"https:\\\/\\\/www.purejewels.com\\\/product\\\/22ct-gold-ladies-bracelet-33677\\\/\",\"name\":\"Gold Bracelet for Women | Gold Bracelet for Girl | PureJewels\",\"isPartOf\":{\"@id\":\"https:\\\/\\\/www.purejewels.com\\\/#website\"},\"primaryImageOfPage\":{\"@id\":\"https:\\\/\\\/www.purejewels.com\\\/product\\\/22ct-gold-ladies-bracelet-33677\\\/#primaryimage\"},\"image\":{\"@id\":\"https:\\\/\\\/www.purejewels.com\\\/product\\\/22ct-gold-ladies-bracelet-33677\\\/#primaryimage\"},\"thumbnailUrl\":\"https:\\\/\\\/static.purejewels.com\\\/wp-content\\\/uploads\\\/2021\\\/08\\\/33677_1.jpg\",\"datePublished\":\"2021-08-04T05:10:44+00:00\",\"dateModified\":\"2026-01-06T09:44:42+00:00\",\"description\":\"PureJewels presents Latest Bracelet Collection for women | Specially Crafted with 22ct Gold | Buy a daily wear gold bracelet online\",\"breadcrumb\":{\"@id\":\"https:\\\/\\\/www.purejewels.com\\\/product\\\/22ct-gold-ladies-bracelet-33677\\\/#breadcrumb\"},\"inLanguage\":\"de\",\"potentialAction\":[{\"@type\":\"ReadAction\",\"target\":[\"https:\\\/\\\/www.purejewels.com\\\/product\\\/22ct-gold-ladies-bracelet-33677\\\/\"]}]},{\"@type\":\"ImageObject\",\"inLanguage\":\"de\",\"@id\":\"https:\\\/\\\/www.purejewels.com\\\/product\\\/22ct-gold-ladies-bracelet-33677\\\/#primaryimage\",\"url\":\"https:\\\/\\\/static.purejewels.com\\\/wp-content\\\/uploads\\\/2021\\\/08\\\/33677_1.jpg\",\"contentUrl\":\"https:\\\/\\\/static.purejewels.com\\\/wp-content\\\/uploads\\\/2021\\\/08\\\/33677_1.jpg\",\"width\":1000,\"height\":1000,\"caption\":\"22ct Gold Bracelet 33677_1\"},{\"@type\":\"BreadcrumbList\",\"@id\":\"https:\\\/\\\/www.purejewels.com\\\/product\\\/22ct-gold-ladies-bracelet-33677\\\/#breadcrumb\",\"itemListElement\":[{\"@type\":\"ListItem\",\"position\":1,\"name\":\"Home\",\"item\":\"https:\\\/\\\/www.purejewels.com\\\/\"},{\"@type\":\"ListItem\",\"position\":2,\"name\":\"Shop\",\"item\":\"https:\\\/\\\/www.purejewels.com\\\/shop\\\/\"},{\"@type\":\"ListItem\",\"position\":3,\"name\":\"Gold Bracelet for Women\"}]},{\"@type\":\"WebSite\",\"@id\":\"https:\\\/\\\/www.purejewels.com\\\/#website\",\"url\":\"https:\\\/\\\/www.purejewels.com\\\/\",\"name\":\"PureJewels UK\",\"description\":\"Share the Love\",\"publisher\":{\"@id\":\"https:\\\/\\\/www.purejewels.com\\\/#organization\"},\"potentialAction\":[{\"@type\":\"SearchAction\",\"target\":{\"@type\":\"EntryPoint\",\"urlTemplate\":\"https:\\\/\\\/www.purejewels.com\\\/?s={search_term_string}\"},\"query-input\":{\"@type\":\"PropertyValueSpecification\",\"valueRequired\":true,\"valueName\":\"search_term_string\"}}],\"inLanguage\":\"de\"},{\"@type\":\"Organization\",\"@id\":\"https:\\\/\\\/www.purejewels.com\\\/#organization\",\"name\":\"PureJewels UK\",\"url\":\"https:\\\/\\\/www.purejewels.com\\\/\",\"logo\":{\"@type\":\"ImageObject\",\"inLanguage\":\"de\",\"@id\":\"https:\\\/\\\/www.purejewels.com\\\/#\\\/schema\\\/logo\\\/image\\\/\",\"url\":\"https:\\\/\\\/static.purejewels.com\\\/wp-content\\\/uploads\\\/2020\\\/11\\\/Logo-PJ-New-1.png\",\"contentUrl\":\"https:\\\/\\\/static.purejewels.com\\\/wp-content\\\/uploads\\\/2020\\\/11\\\/Logo-PJ-New-1.png\",\"width\":150,\"height\":80,\"caption\":\"PureJewels UK\"},\"image\":{\"@id\":\"https:\\\/\\\/www.purejewels.com\\\/#\\\/schema\\\/logo\\\/image\\\/\"}}]}<\/script>\n<!-- \/ Yoast SEO plugin. -->","yoast_head_json":{"title":"Goldarmband f\u00fcr Frauen | Goldarmband f\u00fcr M\u00e4dchen | PureJewels","description":"PureJewels pr\u00e4sentiert neueste Armband-Kollektion f\u00fcr Frauen | Speziell mit 22ct Gold gefertigt | Kaufen Sie ein t\u00e4gliches Tragen Goldarmband online","robots":{"index":"index","follow":"follow","max-snippet":"max-snippet:-1","max-image-preview":"max-image-preview:large","max-video-preview":"max-video-preview:-1"},"canonical":"https:\/\/www.purejewels.com\/de\/produkt-2\/22ct-gold-damenarmband-33677\/","og_locale":"de_DE","og_type":"article","og_title":"Gold Bracelet for Women | Gold Bracelet for Girl | PureJewels","og_description":"PureJewels presents Latest Bracelet Collection for women | Specially Crafted with 22ct Gold | Buy a daily wear gold bracelet online","og_url":"https:\/\/www.purejewels.com\/de\/produkt-2\/22ct-gold-damenarmband-33677\/","og_site_name":"PureJewels UK","article_modified_time":"2026-01-06T09:44:42+00:00","og_image":[{"width":1000,"height":1000,"url":"https:\/\/www.purejewels.com\/wp-content\/uploads\/2021\/08\/33677_1.jpg","type":"image\/jpeg"}],"twitter_card":"summary_large_image","twitter_misc":{"Gesch\u00e4tzte Lesezeit":"2\u00a0Minuten"},"schema":{"@context":"https:\/\/schema.org","@graph":[{"@type":["WebPage","ItemPage"],"@id":"https:\/\/www.purejewels.com\/product\/22ct-gold-ladies-bracelet-33677\/","url":"https:\/\/www.purejewels.com\/product\/22ct-gold-ladies-bracelet-33677\/","name":"Goldarmband f\u00fcr Frauen | Goldarmband f\u00fcr M\u00e4dchen | PureJewels","isPartOf":{"@id":"https:\/\/www.purejewels.com\/#website"},"primaryImageOfPage":{"@id":"https:\/\/www.purejewels.com\/product\/22ct-gold-ladies-bracelet-33677\/#primaryimage"},"image":{"@id":"https:\/\/www.purejewels.com\/product\/22ct-gold-ladies-bracelet-33677\/#primaryimage"},"thumbnailUrl":"https:\/\/static.purejewels.com\/wp-content\/uploads\/2021\/08\/33677_1.jpg","datePublished":"2021-08-04T05:10:44+00:00","dateModified":"2026-01-06T09:44:42+00:00","description":"PureJewels pr\u00e4sentiert neueste Armband-Kollektion f\u00fcr Frauen | Speziell mit 22ct Gold gefertigt | Kaufen Sie ein t\u00e4gliches Tragen Goldarmband online","breadcrumb":{"@id":"https:\/\/www.purejewels.com\/product\/22ct-gold-ladies-bracelet-33677\/#breadcrumb"},"inLanguage":"de","potentialAction":[{"@type":"ReadAction","target":["https:\/\/www.purejewels.com\/product\/22ct-gold-ladies-bracelet-33677\/"]}]},{"@type":"ImageObject","inLanguage":"de","@id":"https:\/\/www.purejewels.com\/product\/22ct-gold-ladies-bracelet-33677\/#primaryimage","url":"https:\/\/static.purejewels.com\/wp-content\/uploads\/2021\/08\/33677_1.jpg","contentUrl":"https:\/\/static.purejewels.com\/wp-content\/uploads\/2021\/08\/33677_1.jpg","width":1000,"height":1000,"caption":"22ct Gold Bracelet 33677_1"},{"@type":"BreadcrumbList","@id":"https:\/\/www.purejewels.com\/product\/22ct-gold-ladies-bracelet-33677\/#breadcrumb","itemListElement":[{"@type":"ListItem","position":1,"name":"Home","item":"https:\/\/www.purejewels.com\/"},{"@type":"ListItem","position":2,"name":"Shop","item":"https:\/\/www.purejewels.com\/shop\/"},{"@type":"ListItem","position":3,"name":"Gold Bracelet for Women"}]},{"@type":"WebSite","@id":"https:\/\/www.purejewels.com\/#website","url":"https:\/\/www.purejewels.com\/","name":"PureJewels UK","description":"Teile die Liebe","publisher":{"@id":"https:\/\/www.purejewels.com\/#organization"},"potentialAction":[{"@type":"SearchAction","target":{"@type":"EntryPoint","urlTemplate":"https:\/\/www.purejewels.com\/?s={search_term_string}"},"query-input":{"@type":"PropertyValueSpecification","valueRequired":true,"valueName":"search_term_string"}}],"inLanguage":"de"},{"@type":"Organization","@id":"https:\/\/www.purejewels.com\/#organization","name":"PureJewels UK","url":"https:\/\/www.purejewels.com\/","logo":{"@type":"ImageObject","inLanguage":"de","@id":"https:\/\/www.purejewels.com\/#\/schema\/logo\/image\/","url":"https:\/\/static.purejewels.com\/wp-content\/uploads\/2020\/11\/Logo-PJ-New-1.png","contentUrl":"https:\/\/static.purejewels.com\/wp-content\/uploads\/2020\/11\/Logo-PJ-New-1.png","width":150,"height":80,"caption":"PureJewels UK"},"image":{"@id":"https:\/\/www.purejewels.com\/#\/schema\/logo\/image\/"}}]}},"_links":{"self":[{"href":"https:\/\/www.purejewels.com\/de\/wp-json\/wp\/v2\/product\/325270","targetHints":{"allow":["GET"]}}],"collection":[{"href":"https:\/\/www.purejewels.com\/de\/wp-json\/wp\/v2\/product"}],"about":[{"href":"https:\/\/www.purejewels.com\/de\/wp-json\/wp\/v2\/types\/product"}],"replies":[{"embeddable":true,"href":"https:\/\/www.purejewels.com\/de\/wp-json\/wp\/v2\/comments?post=325270"}],"version-history":[{"count":0,"href":"https:\/\/www.purejewels.com\/de\/wp-json\/wp\/v2\/product\/325270\/revisions"}],"wp:featuredmedia":[{"embeddable":true,"href":"https:\/\/www.purejewels.com\/de\/wp-json\/wp\/v2\/media\/325521"}],"wp:attachment":[{"href":"https:\/\/www.purejewels.com\/de\/wp-json\/wp\/v2\/media?parent=325270"}],"wp:term":[{"taxonomy":"product_brand","embeddable":true,"href":"https:\/\/www.purejewels.com\/de\/wp-json\/wp\/v2\/product_brand?post=325270"},{"taxonomy":"product_cat","embeddable":true,"href":"https:\/\/www.purejewels.com\/de\/wp-json\/wp\/v2\/product_cat?post=325270"},{"taxonomy":"product_tag","embeddable":true,"href":"https:\/\/www.purejewels.com\/de\/wp-json\/wp\/v2\/product_tag?post=325270"}],"curies":[{"name":"wp","href":"https:\/\/api.w.org\/{rel}","templated":true}]}}