{"id":326560,"date":"2021-09-03T06:03:50","date_gmt":"2021-09-03T05:03:50","guid":{"rendered":"https:\/\/www.purejewels.com\/product\/22ct-gold-earring-3-6gm\/"},"modified":"2021-11-01T14:33:38","modified_gmt":"2021-11-01T14:33:38","slug":"22-karat-gold-bali-ohrring-34639","status":"publish","type":"product","link":"https:\/\/www.purejewels.com\/de\/product\/22ct-gold-bali-earring-34639\/","title":{"rendered":"22ct Gold Bali-Ohrring"},"content":{"rendered":"<h3>Inspiration<\/h3>\n<p><span style=\"font-weight: 400;\">In Indien wird traditionell die Miniatur <a href=\"https:\/\/www.purejewels.com\/de\/product-category\/22ct-gold-jewellery\/gold-earrings\/\">Ohrringe<\/a> mit reifen\u00e4hnlichen Strukturen werden Balis genannt. Diese kleinen Ohrringe werden hergestellt, um das Ohrl\u00e4ppchen \u00e4sthetisch zu bedecken und zu versch\u00f6nern und dem Gesicht genau das richtige Ma\u00df an \"Bling\" zu verleihen. Sie k\u00f6nnen in verschiedenen Stilen, Gr\u00f6\u00dfen und Formen entworfen und hergestellt werden. Sie k\u00f6nnen minimalistisch oder mit Steinen besetzt sein und k\u00f6nnen je nach Wunsch getragen werden.<\/span><\/p>\n<h3>Gestaltung<\/h3>\n<p><span style=\"font-weight: 400;\">Diese 22k <a href=\"https:\/\/www.purejewels.com\/de\/product\/22-carat-indian-gold-bali-earrings\/\">Gold Bali<\/a> wurde mit der Idee entworfen, ihm ein minimalistisches Aussehen und Gef\u00fchl zu geben und gleichzeitig die traditionellen indischen Muster und die Kunst lebendig zu halten. Diese Goldbalis wurden von Anfang an von unseren Karigars in Indien handgefertigt. Das Design wurde aus reinem 22-kar\u00e4tigem Gold geschnitzt, w\u00e4hrend vier blattf\u00f6rmige Goldteile mit Kristallen besetzt wurden, die echten Diamanten in nichts nachstehen. Dieses Bali von Purejewels hat ein minimalistisches und dennoch lustiges Design.<\/span><\/p>\n<h3>Stil<\/h3>\n<p><span style=\"font-weight: 400;\">Das Paar kann jeden Tag gestylt und getragen werden, da man keinen Anlass braucht, um diese Sch\u00f6nheiten zur Schau zu stellen. Diese goldenen Balis sind perfekt, wenn du Besorgungen machst, zu einem Arbeitstreffen gehst oder sogar mit deinen M\u00e4dels ausgehst - sie entt\u00e4uschen nie. Sie haben das richtige Ma\u00df an Glitzer und sehen umwerfend aus, w\u00e4hrend sie deinem Look einen besonderen Touch verleihen.<\/span><\/p>","protected":false},"excerpt":{"rendered":"<ul>\n<li>22Kt Gelbgold Bali-Ohrring<\/li>\n<li>Wt . 3.6 gms<\/li>\n<li>SKU 34639<\/li>\n<li>Alle unsere Produkte sind vom London Assay Office gestempelt.<\/li>\n<li>Alle Preise inklusive Mehrwertsteuer<\/li>\n<li>Mit Pr\u00e4sentationsbox<\/li>\n<li>Lieferung inbegriffen<\/li>\n<li>Live-Chat mit uns zu sehen, unsere exklusive Sammlung von Bali Ohrringe Indian<\/li>\n<\/ul>","protected":false},"featured_media":326645,"comment_status":"closed","ping_status":"closed","template":"","meta":{"_eb_attr":"","_crsspst_to_jayantr4sg-hostcom":false},"product_brand":[],"product_cat":[1791,1559,1793,1792,1790,1254,1229,1579,1573,1574],"product_tag":[],"class_list":{"0":"post-326560","1":"product","2":"type-product","3":"status-publish","4":"has-post-thumbnail","6":"product_cat-anniversary-gifts","7":"product_cat-birthday-gifts","8":"product_cat-diwali-gifts","9":"product_cat-festival-gifts","10":"product_cat-for-whom-when","11":"product_cat-gold-earrings","12":"product_cat-22ct-gold-jewellery","13":"product_cat-hoop-earrings","14":"product_cat-wedding-gifts","15":"product_cat-womens-jewellery","17":"first","18":"outofstock","19":"taxable","20":"shipping-taxable","21":"product-type-simple","22":"add-to-wishlist-before_image"},"yoast_head":"<!-- This site is optimized with the Yoast SEO plugin v27.4 - https:\/\/yoast.com\/product\/yoast-seo-wordpress\/ -->\n<title>Pure 22K gold earring with four leaf-shaped gold components<\/title>\n<meta name=\"description\" content=\"This 22k Gold Bali has been designed with an idea to give it a minimal look &amp; feel while keeping the traditional Indian patterns &amp; art alive\" \/>\n<meta name=\"robots\" content=\"index, follow, max-snippet:-1, max-image-preview:large, max-video-preview:-1\" \/>\n<link rel=\"canonical\" href=\"https:\/\/www.purejewels.com\/de\/produkt-2\/22-karat-gold-bali-ohrring-34639\/\" \/>\n<meta property=\"og:locale\" content=\"de_DE\" \/>\n<meta property=\"og:type\" content=\"article\" \/>\n<meta property=\"og:title\" content=\"Pure 22K gold earring with four leaf-shaped gold components\" \/>\n<meta property=\"og:description\" content=\"This 22k Gold Bali has been designed with an idea to give it a minimal look &amp; feel while keeping the traditional Indian patterns &amp; art alive\" \/>\n<meta property=\"og:url\" content=\"https:\/\/www.purejewels.com\/de\/produkt-2\/22-karat-gold-bali-ohrring-34639\/\" \/>\n<meta property=\"og:site_name\" content=\"PureJewels UK\" \/>\n<meta property=\"article:modified_time\" content=\"2021-11-01T14:33:38+00:00\" \/>\n<meta property=\"og:image\" content=\"https:\/\/www.purejewels.com\/wp-content\/uploads\/2021\/09\/34639-1.jpg\" \/>\n\t<meta property=\"og:image:width\" content=\"1000\" \/>\n\t<meta property=\"og:image:height\" content=\"1000\" \/>\n\t<meta property=\"og:image:type\" content=\"image\/jpeg\" \/>\n<meta name=\"twitter:card\" content=\"summary_large_image\" \/>\n<meta name=\"twitter:label1\" content=\"Gesch\u00e4tzte Lesezeit\" \/>\n\t<meta name=\"twitter:data1\" content=\"1\u00a0Minute\" \/>\n<script type=\"application\/ld+json\" class=\"yoast-schema-graph\">{\"@context\":\"https:\\\/\\\/schema.org\",\"@graph\":[{\"@type\":[\"WebPage\",\"ItemPage\"],\"@id\":\"https:\\\/\\\/www.purejewels.com\\\/product\\\/22ct-gold-bali-earring-34639\\\/\",\"url\":\"https:\\\/\\\/www.purejewels.com\\\/product\\\/22ct-gold-bali-earring-34639\\\/\",\"name\":\"Pure 22K gold earring with four leaf-shaped gold components\",\"isPartOf\":{\"@id\":\"https:\\\/\\\/www.purejewels.com\\\/#website\"},\"primaryImageOfPage\":{\"@id\":\"https:\\\/\\\/www.purejewels.com\\\/product\\\/22ct-gold-bali-earring-34639\\\/#primaryimage\"},\"image\":{\"@id\":\"https:\\\/\\\/www.purejewels.com\\\/product\\\/22ct-gold-bali-earring-34639\\\/#primaryimage\"},\"thumbnailUrl\":\"https:\\\/\\\/static.purejewels.com\\\/wp-content\\\/uploads\\\/2021\\\/09\\\/34639-1.jpg\",\"datePublished\":\"2021-09-03T05:03:50+00:00\",\"dateModified\":\"2021-11-01T14:33:38+00:00\",\"description\":\"This 22k Gold Bali has been designed with an idea to give it a minimal look & feel while keeping the traditional Indian patterns & art alive\",\"breadcrumb\":{\"@id\":\"https:\\\/\\\/www.purejewels.com\\\/product\\\/22ct-gold-bali-earring-34639\\\/#breadcrumb\"},\"inLanguage\":\"de\",\"potentialAction\":[{\"@type\":\"ReadAction\",\"target\":[\"https:\\\/\\\/www.purejewels.com\\\/product\\\/22ct-gold-bali-earring-34639\\\/\"]}]},{\"@type\":\"ImageObject\",\"inLanguage\":\"de\",\"@id\":\"https:\\\/\\\/www.purejewels.com\\\/product\\\/22ct-gold-bali-earring-34639\\\/#primaryimage\",\"url\":\"https:\\\/\\\/static.purejewels.com\\\/wp-content\\\/uploads\\\/2021\\\/09\\\/34639-1.jpg\",\"contentUrl\":\"https:\\\/\\\/static.purejewels.com\\\/wp-content\\\/uploads\\\/2021\\\/09\\\/34639-1.jpg\",\"width\":1000,\"height\":1000,\"caption\":\"22ct Gold Earring 34639-1\"},{\"@type\":\"BreadcrumbList\",\"@id\":\"https:\\\/\\\/www.purejewels.com\\\/product\\\/22ct-gold-bali-earring-34639\\\/#breadcrumb\",\"itemListElement\":[{\"@type\":\"ListItem\",\"position\":1,\"name\":\"Home\",\"item\":\"https:\\\/\\\/www.purejewels.com\\\/\"},{\"@type\":\"ListItem\",\"position\":2,\"name\":\"Shop\",\"item\":\"https:\\\/\\\/www.purejewels.com\\\/shop\\\/\"},{\"@type\":\"ListItem\",\"position\":3,\"name\":\"22ct Gold Bali Earring\"}]},{\"@type\":\"WebSite\",\"@id\":\"https:\\\/\\\/www.purejewels.com\\\/#website\",\"url\":\"https:\\\/\\\/www.purejewels.com\\\/\",\"name\":\"PureJewels UK\",\"description\":\"Share the Love\",\"publisher\":{\"@id\":\"https:\\\/\\\/www.purejewels.com\\\/#organization\"},\"potentialAction\":[{\"@type\":\"SearchAction\",\"target\":{\"@type\":\"EntryPoint\",\"urlTemplate\":\"https:\\\/\\\/www.purejewels.com\\\/?s={search_term_string}\"},\"query-input\":{\"@type\":\"PropertyValueSpecification\",\"valueRequired\":true,\"valueName\":\"search_term_string\"}}],\"inLanguage\":\"de\"},{\"@type\":\"Organization\",\"@id\":\"https:\\\/\\\/www.purejewels.com\\\/#organization\",\"name\":\"PureJewels UK\",\"url\":\"https:\\\/\\\/www.purejewels.com\\\/\",\"logo\":{\"@type\":\"ImageObject\",\"inLanguage\":\"de\",\"@id\":\"https:\\\/\\\/www.purejewels.com\\\/#\\\/schema\\\/logo\\\/image\\\/\",\"url\":\"https:\\\/\\\/static.purejewels.com\\\/wp-content\\\/uploads\\\/2020\\\/11\\\/Logo-PJ-New-1.png\",\"contentUrl\":\"https:\\\/\\\/static.purejewels.com\\\/wp-content\\\/uploads\\\/2020\\\/11\\\/Logo-PJ-New-1.png\",\"width\":150,\"height\":80,\"caption\":\"PureJewels UK\"},\"image\":{\"@id\":\"https:\\\/\\\/www.purejewels.com\\\/#\\\/schema\\\/logo\\\/image\\\/\"}}]}<\/script>\n<!-- \/ Yoast SEO plugin. -->","yoast_head_json":{"title":"Ohrring aus reinem 22-kar\u00e4tigem Gold mit vier blattf\u00f6rmigen Goldteilen","description":"Diese 22k Gold Bali wurde mit einer Idee, um es ein minimales Aussehen und das Gef\u00fchl, w\u00e4hrend die traditionelle indische Muster und Kunst lebendig zu geben","robots":{"index":"index","follow":"follow","max-snippet":"max-snippet:-1","max-image-preview":"max-image-preview:large","max-video-preview":"max-video-preview:-1"},"canonical":"https:\/\/www.purejewels.com\/de\/produkt-2\/22-karat-gold-bali-ohrring-34639\/","og_locale":"de_DE","og_type":"article","og_title":"Pure 22K gold earring with four leaf-shaped gold components","og_description":"This 22k Gold Bali has been designed with an idea to give it a minimal look & feel while keeping the traditional Indian patterns & art alive","og_url":"https:\/\/www.purejewels.com\/de\/produkt-2\/22-karat-gold-bali-ohrring-34639\/","og_site_name":"PureJewels UK","article_modified_time":"2021-11-01T14:33:38+00:00","og_image":[{"width":1000,"height":1000,"url":"https:\/\/www.purejewels.com\/wp-content\/uploads\/2021\/09\/34639-1.jpg","type":"image\/jpeg"}],"twitter_card":"summary_large_image","twitter_misc":{"Gesch\u00e4tzte Lesezeit":"1\u00a0Minute"},"schema":{"@context":"https:\/\/schema.org","@graph":[{"@type":["WebPage","ItemPage"],"@id":"https:\/\/www.purejewels.com\/product\/22ct-gold-bali-earring-34639\/","url":"https:\/\/www.purejewels.com\/product\/22ct-gold-bali-earring-34639\/","name":"Ohrring aus reinem 22-kar\u00e4tigem Gold mit vier blattf\u00f6rmigen Goldteilen","isPartOf":{"@id":"https:\/\/www.purejewels.com\/#website"},"primaryImageOfPage":{"@id":"https:\/\/www.purejewels.com\/product\/22ct-gold-bali-earring-34639\/#primaryimage"},"image":{"@id":"https:\/\/www.purejewels.com\/product\/22ct-gold-bali-earring-34639\/#primaryimage"},"thumbnailUrl":"https:\/\/static.purejewels.com\/wp-content\/uploads\/2021\/09\/34639-1.jpg","datePublished":"2021-09-03T05:03:50+00:00","dateModified":"2021-11-01T14:33:38+00:00","description":"Diese 22k Gold Bali wurde mit einer Idee, um es ein minimales Aussehen und das Gef\u00fchl, w\u00e4hrend die traditionelle indische Muster und Kunst lebendig zu geben","breadcrumb":{"@id":"https:\/\/www.purejewels.com\/product\/22ct-gold-bali-earring-34639\/#breadcrumb"},"inLanguage":"de","potentialAction":[{"@type":"ReadAction","target":["https:\/\/www.purejewels.com\/product\/22ct-gold-bali-earring-34639\/"]}]},{"@type":"ImageObject","inLanguage":"de","@id":"https:\/\/www.purejewels.com\/product\/22ct-gold-bali-earring-34639\/#primaryimage","url":"https:\/\/static.purejewels.com\/wp-content\/uploads\/2021\/09\/34639-1.jpg","contentUrl":"https:\/\/static.purejewels.com\/wp-content\/uploads\/2021\/09\/34639-1.jpg","width":1000,"height":1000,"caption":"22ct Gold Earring 34639-1"},{"@type":"BreadcrumbList","@id":"https:\/\/www.purejewels.com\/product\/22ct-gold-bali-earring-34639\/#breadcrumb","itemListElement":[{"@type":"ListItem","position":1,"name":"Home","item":"https:\/\/www.purejewels.com\/"},{"@type":"ListItem","position":2,"name":"Shop","item":"https:\/\/www.purejewels.com\/shop\/"},{"@type":"ListItem","position":3,"name":"22ct Gold Bali Earring"}]},{"@type":"WebSite","@id":"https:\/\/www.purejewels.com\/#website","url":"https:\/\/www.purejewels.com\/","name":"PureJewels UK","description":"Teile die Liebe","publisher":{"@id":"https:\/\/www.purejewels.com\/#organization"},"potentialAction":[{"@type":"SearchAction","target":{"@type":"EntryPoint","urlTemplate":"https:\/\/www.purejewels.com\/?s={search_term_string}"},"query-input":{"@type":"PropertyValueSpecification","valueRequired":true,"valueName":"search_term_string"}}],"inLanguage":"de"},{"@type":"Organization","@id":"https:\/\/www.purejewels.com\/#organization","name":"PureJewels UK","url":"https:\/\/www.purejewels.com\/","logo":{"@type":"ImageObject","inLanguage":"de","@id":"https:\/\/www.purejewels.com\/#\/schema\/logo\/image\/","url":"https:\/\/static.purejewels.com\/wp-content\/uploads\/2020\/11\/Logo-PJ-New-1.png","contentUrl":"https:\/\/static.purejewels.com\/wp-content\/uploads\/2020\/11\/Logo-PJ-New-1.png","width":150,"height":80,"caption":"PureJewels UK"},"image":{"@id":"https:\/\/www.purejewels.com\/#\/schema\/logo\/image\/"}}]}},"_links":{"self":[{"href":"https:\/\/www.purejewels.com\/de\/wp-json\/wp\/v2\/product\/326560","targetHints":{"allow":["GET"]}}],"collection":[{"href":"https:\/\/www.purejewels.com\/de\/wp-json\/wp\/v2\/product"}],"about":[{"href":"https:\/\/www.purejewels.com\/de\/wp-json\/wp\/v2\/types\/product"}],"replies":[{"embeddable":true,"href":"https:\/\/www.purejewels.com\/de\/wp-json\/wp\/v2\/comments?post=326560"}],"version-history":[{"count":0,"href":"https:\/\/www.purejewels.com\/de\/wp-json\/wp\/v2\/product\/326560\/revisions"}],"wp:featuredmedia":[{"embeddable":true,"href":"https:\/\/www.purejewels.com\/de\/wp-json\/wp\/v2\/media\/326645"}],"wp:attachment":[{"href":"https:\/\/www.purejewels.com\/de\/wp-json\/wp\/v2\/media?parent=326560"}],"wp:term":[{"taxonomy":"product_brand","embeddable":true,"href":"https:\/\/www.purejewels.com\/de\/wp-json\/wp\/v2\/product_brand?post=326560"},{"taxonomy":"product_cat","embeddable":true,"href":"https:\/\/www.purejewels.com\/de\/wp-json\/wp\/v2\/product_cat?post=326560"},{"taxonomy":"product_tag","embeddable":true,"href":"https:\/\/www.purejewels.com\/de\/wp-json\/wp\/v2\/product_tag?post=326560"}],"curies":[{"name":"wp","href":"https:\/\/api.w.org\/{rel}","templated":true}]}}