{"id":326563,"date":"2021-09-03T06:17:25","date_gmt":"2021-09-03T05:17:25","guid":{"rendered":"https:\/\/www.purejewels.com\/product\/22ct-gold-earring-3-8gm-5\/"},"modified":"2021-10-21T17:36:34","modified_gmt":"2021-10-21T16:36:34","slug":"22-karat-gold-bali-34640","status":"publish","type":"product","link":"https:\/\/www.purejewels.com\/de\/product\/22-carat-gold-bali-34640\/","title":{"rendered":"22 Karat Gold Bali"},"content":{"rendered":"<h3>Inspiration<\/h3>\n<p><span style=\"font-weight: 400;\">In Indien wird traditionell die Miniatur <a href=\"https:\/\/www.purejewels.com\/de\/product-category\/22ct-gold-jewellery\/gold-earrings\/\">Ohrringe<\/a> mit reifen\u00e4hnlichen Strukturen werden Balis genannt. Diese kleinen Ohrringe werden hergestellt, um das Ohrl\u00e4ppchen \u00e4sthetisch zu bedecken und zu versch\u00f6nern und dem Gesicht genau das richtige Ma\u00df an \"Bling\" zu verleihen. Sie k\u00f6nnen in verschiedenen Stilen, Gr\u00f6\u00dfen und Formen entworfen und hergestellt werden. Sie k\u00f6nnen minimalistisch oder mit Steinen besetzt sein und k\u00f6nnen je nach Wunsch getragen werden.<\/span><\/p>\n<h3>Gestaltung<\/h3>\n<p><span style=\"font-weight: 400;\">Diese 22k <a href=\"https:\/\/www.purejewels.com\/de\/product\/22-carat-indian-gold-bali-earrings\/\">Gold Bali<\/a> wurde mit der Idee entworfen, ihm ein minimalistisches Aussehen und Gef\u00fchl zu geben. Diese goldenen Balis wurden von Anfang an von unseren Karigars in Indien handgefertigt. Das Design wurde aus reinem 22K Gold geschnitzt, w\u00e4hrend das Herz mit kristallinen Zirkonen besetzt wurde, die brillant aussehen und einen Glanz haben, der nichts weniger als echte Diamanten ist. Dieser Bali von Purejewels hat ein minimalistisches und dennoch lustiges Design.<\/span><\/p>\n<h3>Stil<\/h3>\n<p><span style=\"font-weight: 400;\">Das Paar kann jeden Tag gestylt und getragen werden, da man keinen Anlass braucht, um diese Sch\u00f6nheiten zur Schau zu stellen. Diese goldenen Balis sind perfekt, wenn du Besorgungen machst, zu einem Arbeitstreffen gehst oder sogar mit deinen M\u00e4dels ausgehst - sie entt\u00e4uschen nie. Sie haben das richtige Ma\u00df an Glitzer und sehen umwerfend aus, w\u00e4hrend sie deinem Look einen besonderen Touch verleihen.<\/span><\/p>","protected":false},"excerpt":{"rendered":"<ul>\n<li>22 Karat Gold Hoop-Ohrring f\u00fcr den t\u00e4glichen Gebrauch<\/li>\n<li>Wt . 3.8 gms<\/li>\n<li>SKU. 34640<\/li>\n<li>Alle Preise inklusive Mehrwertsteuer<\/li>\n<li>Alle unsere Produkte sind vom London Assay Office gestempelt.<\/li>\n<li>Mit Pr\u00e4sentationsbox<\/li>\n<li>Lieferung inbegriffen<\/li>\n<li>Um \u00e4hnliche Designs zu entdecken, kontaktieren Sie uns per Whatsapp oder besuchen Sie unser Upton Park Schmuckgesch\u00e4ft, London<\/li>\n<\/ul>","protected":false},"featured_media":326647,"comment_status":"closed","ping_status":"closed","template":"","meta":{"_eb_attr":"","_crsspst_to_jayantr4sg-hostcom":false},"product_brand":[],"product_cat":[1791,1559,1793,1792,1790,1254,1579,1574],"product_tag":[],"class_list":{"0":"post-326563","1":"product","2":"type-product","3":"status-publish","4":"has-post-thumbnail","6":"product_cat-anniversary-gifts","7":"product_cat-birthday-gifts","8":"product_cat-diwali-gifts","9":"product_cat-festival-gifts","10":"product_cat-for-whom-when","11":"product_cat-gold-earrings","12":"product_cat-hoop-earrings","13":"product_cat-womens-jewellery","15":"first","16":"outofstock","17":"taxable","18":"shipping-taxable","19":"product-type-simple","20":"add-to-wishlist-before_image"},"yoast_head":"<!-- This site is optimized with the Yoast SEO plugin v27.4 - https:\/\/yoast.com\/product\/yoast-seo-wordpress\/ -->\n<title>22ct Gold Bali by Purejewels has a minimal yet a fun touch to its design<\/title>\n<meta name=\"description\" content=\"The design has been carved out of pure 22K gold while the heart has been studded with crystal zircons to shine like real diamonds.\" \/>\n<meta name=\"robots\" content=\"index, follow, max-snippet:-1, max-image-preview:large, max-video-preview:-1\" \/>\n<link rel=\"canonical\" href=\"https:\/\/www.purejewels.com\/de\/produkt-2\/22-karat-gold-bali-34640\/\" \/>\n<meta property=\"og:locale\" content=\"de_DE\" \/>\n<meta property=\"og:type\" content=\"article\" \/>\n<meta property=\"og:title\" content=\"22ct Gold Bali by Purejewels has a minimal yet a fun touch to its design\" \/>\n<meta property=\"og:description\" content=\"The design has been carved out of pure 22K gold while the heart has been studded with crystal zircons to shine like real diamonds.\" \/>\n<meta property=\"og:url\" content=\"https:\/\/www.purejewels.com\/de\/produkt-2\/22-karat-gold-bali-34640\/\" \/>\n<meta property=\"og:site_name\" content=\"PureJewels UK\" \/>\n<meta property=\"article:modified_time\" content=\"2021-10-21T16:36:34+00:00\" \/>\n<meta property=\"og:image\" content=\"https:\/\/www.purejewels.com\/wp-content\/uploads\/2021\/09\/34640-1.jpg\" \/>\n\t<meta property=\"og:image:width\" content=\"1000\" \/>\n\t<meta property=\"og:image:height\" content=\"1000\" \/>\n\t<meta property=\"og:image:type\" content=\"image\/jpeg\" \/>\n<meta name=\"twitter:card\" content=\"summary_large_image\" \/>\n<meta name=\"twitter:label1\" content=\"Gesch\u00e4tzte Lesezeit\" \/>\n\t<meta name=\"twitter:data1\" content=\"1\u00a0Minute\" \/>\n<script type=\"application\/ld+json\" class=\"yoast-schema-graph\">{\"@context\":\"https:\\\/\\\/schema.org\",\"@graph\":[{\"@type\":[\"WebPage\",\"ItemPage\"],\"@id\":\"https:\\\/\\\/www.purejewels.com\\\/product\\\/22-carat-gold-bali-34640\\\/\",\"url\":\"https:\\\/\\\/www.purejewels.com\\\/product\\\/22-carat-gold-bali-34640\\\/\",\"name\":\"22ct Gold Bali by Purejewels has a minimal yet a fun touch to its design\",\"isPartOf\":{\"@id\":\"https:\\\/\\\/www.purejewels.com\\\/#website\"},\"primaryImageOfPage\":{\"@id\":\"https:\\\/\\\/www.purejewels.com\\\/product\\\/22-carat-gold-bali-34640\\\/#primaryimage\"},\"image\":{\"@id\":\"https:\\\/\\\/www.purejewels.com\\\/product\\\/22-carat-gold-bali-34640\\\/#primaryimage\"},\"thumbnailUrl\":\"https:\\\/\\\/static.purejewels.com\\\/wp-content\\\/uploads\\\/2021\\\/09\\\/34640-1.jpg\",\"datePublished\":\"2021-09-03T05:17:25+00:00\",\"dateModified\":\"2021-10-21T16:36:34+00:00\",\"description\":\"The design has been carved out of pure 22K gold while the heart has been studded with crystal zircons to shine like real diamonds.\",\"breadcrumb\":{\"@id\":\"https:\\\/\\\/www.purejewels.com\\\/product\\\/22-carat-gold-bali-34640\\\/#breadcrumb\"},\"inLanguage\":\"de\",\"potentialAction\":[{\"@type\":\"ReadAction\",\"target\":[\"https:\\\/\\\/www.purejewels.com\\\/product\\\/22-carat-gold-bali-34640\\\/\"]}]},{\"@type\":\"ImageObject\",\"inLanguage\":\"de\",\"@id\":\"https:\\\/\\\/www.purejewels.com\\\/product\\\/22-carat-gold-bali-34640\\\/#primaryimage\",\"url\":\"https:\\\/\\\/static.purejewels.com\\\/wp-content\\\/uploads\\\/2021\\\/09\\\/34640-1.jpg\",\"contentUrl\":\"https:\\\/\\\/static.purejewels.com\\\/wp-content\\\/uploads\\\/2021\\\/09\\\/34640-1.jpg\",\"width\":1000,\"height\":1000,\"caption\":\"22ct Gold Earring 34640-1\"},{\"@type\":\"BreadcrumbList\",\"@id\":\"https:\\\/\\\/www.purejewels.com\\\/product\\\/22-carat-gold-bali-34640\\\/#breadcrumb\",\"itemListElement\":[{\"@type\":\"ListItem\",\"position\":1,\"name\":\"Home\",\"item\":\"https:\\\/\\\/www.purejewels.com\\\/\"},{\"@type\":\"ListItem\",\"position\":2,\"name\":\"Shop\",\"item\":\"https:\\\/\\\/www.purejewels.com\\\/shop\\\/\"},{\"@type\":\"ListItem\",\"position\":3,\"name\":\"22 carat Gold Bali\"}]},{\"@type\":\"WebSite\",\"@id\":\"https:\\\/\\\/www.purejewels.com\\\/#website\",\"url\":\"https:\\\/\\\/www.purejewels.com\\\/\",\"name\":\"PureJewels UK\",\"description\":\"Share the Love\",\"publisher\":{\"@id\":\"https:\\\/\\\/www.purejewels.com\\\/#organization\"},\"potentialAction\":[{\"@type\":\"SearchAction\",\"target\":{\"@type\":\"EntryPoint\",\"urlTemplate\":\"https:\\\/\\\/www.purejewels.com\\\/?s={search_term_string}\"},\"query-input\":{\"@type\":\"PropertyValueSpecification\",\"valueRequired\":true,\"valueName\":\"search_term_string\"}}],\"inLanguage\":\"de\"},{\"@type\":\"Organization\",\"@id\":\"https:\\\/\\\/www.purejewels.com\\\/#organization\",\"name\":\"PureJewels UK\",\"url\":\"https:\\\/\\\/www.purejewels.com\\\/\",\"logo\":{\"@type\":\"ImageObject\",\"inLanguage\":\"de\",\"@id\":\"https:\\\/\\\/www.purejewels.com\\\/#\\\/schema\\\/logo\\\/image\\\/\",\"url\":\"https:\\\/\\\/static.purejewels.com\\\/wp-content\\\/uploads\\\/2020\\\/11\\\/Logo-PJ-New-1.png\",\"contentUrl\":\"https:\\\/\\\/static.purejewels.com\\\/wp-content\\\/uploads\\\/2020\\\/11\\\/Logo-PJ-New-1.png\",\"width\":150,\"height\":80,\"caption\":\"PureJewels UK\"},\"image\":{\"@id\":\"https:\\\/\\\/www.purejewels.com\\\/#\\\/schema\\\/logo\\\/image\\\/\"}}]}<\/script>\n<!-- \/ Yoast SEO plugin. -->","yoast_head_json":{"title":"22ct Gold Bali von Purejewels hat ein minimalistisches, aber dennoch verspieltes Design","description":"Das Design ist aus reinem 22-kar\u00e4tigem Gold geschnitzt, w\u00e4hrend das Herz mit kristallenen Zirkonen besetzt ist, die wie echte Diamanten gl\u00e4nzen.","robots":{"index":"index","follow":"follow","max-snippet":"max-snippet:-1","max-image-preview":"max-image-preview:large","max-video-preview":"max-video-preview:-1"},"canonical":"https:\/\/www.purejewels.com\/de\/produkt-2\/22-karat-gold-bali-34640\/","og_locale":"de_DE","og_type":"article","og_title":"22ct Gold Bali by Purejewels has a minimal yet a fun touch to its design","og_description":"The design has been carved out of pure 22K gold while the heart has been studded with crystal zircons to shine like real diamonds.","og_url":"https:\/\/www.purejewels.com\/de\/produkt-2\/22-karat-gold-bali-34640\/","og_site_name":"PureJewels UK","article_modified_time":"2021-10-21T16:36:34+00:00","og_image":[{"width":1000,"height":1000,"url":"https:\/\/www.purejewels.com\/wp-content\/uploads\/2021\/09\/34640-1.jpg","type":"image\/jpeg"}],"twitter_card":"summary_large_image","twitter_misc":{"Gesch\u00e4tzte Lesezeit":"1\u00a0Minute"},"schema":{"@context":"https:\/\/schema.org","@graph":[{"@type":["WebPage","ItemPage"],"@id":"https:\/\/www.purejewels.com\/product\/22-carat-gold-bali-34640\/","url":"https:\/\/www.purejewels.com\/product\/22-carat-gold-bali-34640\/","name":"22ct Gold Bali von Purejewels hat ein minimalistisches, aber dennoch verspieltes Design","isPartOf":{"@id":"https:\/\/www.purejewels.com\/#website"},"primaryImageOfPage":{"@id":"https:\/\/www.purejewels.com\/product\/22-carat-gold-bali-34640\/#primaryimage"},"image":{"@id":"https:\/\/www.purejewels.com\/product\/22-carat-gold-bali-34640\/#primaryimage"},"thumbnailUrl":"https:\/\/static.purejewels.com\/wp-content\/uploads\/2021\/09\/34640-1.jpg","datePublished":"2021-09-03T05:17:25+00:00","dateModified":"2021-10-21T16:36:34+00:00","description":"Das Design ist aus reinem 22-kar\u00e4tigem Gold geschnitzt, w\u00e4hrend das Herz mit kristallenen Zirkonen besetzt ist, die wie echte Diamanten gl\u00e4nzen.","breadcrumb":{"@id":"https:\/\/www.purejewels.com\/product\/22-carat-gold-bali-34640\/#breadcrumb"},"inLanguage":"de","potentialAction":[{"@type":"ReadAction","target":["https:\/\/www.purejewels.com\/product\/22-carat-gold-bali-34640\/"]}]},{"@type":"ImageObject","inLanguage":"de","@id":"https:\/\/www.purejewels.com\/product\/22-carat-gold-bali-34640\/#primaryimage","url":"https:\/\/static.purejewels.com\/wp-content\/uploads\/2021\/09\/34640-1.jpg","contentUrl":"https:\/\/static.purejewels.com\/wp-content\/uploads\/2021\/09\/34640-1.jpg","width":1000,"height":1000,"caption":"22ct Gold Earring 34640-1"},{"@type":"BreadcrumbList","@id":"https:\/\/www.purejewels.com\/product\/22-carat-gold-bali-34640\/#breadcrumb","itemListElement":[{"@type":"ListItem","position":1,"name":"Home","item":"https:\/\/www.purejewels.com\/"},{"@type":"ListItem","position":2,"name":"Shop","item":"https:\/\/www.purejewels.com\/shop\/"},{"@type":"ListItem","position":3,"name":"22 carat Gold Bali"}]},{"@type":"WebSite","@id":"https:\/\/www.purejewels.com\/#website","url":"https:\/\/www.purejewels.com\/","name":"PureJewels UK","description":"Teile die Liebe","publisher":{"@id":"https:\/\/www.purejewels.com\/#organization"},"potentialAction":[{"@type":"SearchAction","target":{"@type":"EntryPoint","urlTemplate":"https:\/\/www.purejewels.com\/?s={search_term_string}"},"query-input":{"@type":"PropertyValueSpecification","valueRequired":true,"valueName":"search_term_string"}}],"inLanguage":"de"},{"@type":"Organization","@id":"https:\/\/www.purejewels.com\/#organization","name":"PureJewels UK","url":"https:\/\/www.purejewels.com\/","logo":{"@type":"ImageObject","inLanguage":"de","@id":"https:\/\/www.purejewels.com\/#\/schema\/logo\/image\/","url":"https:\/\/static.purejewels.com\/wp-content\/uploads\/2020\/11\/Logo-PJ-New-1.png","contentUrl":"https:\/\/static.purejewels.com\/wp-content\/uploads\/2020\/11\/Logo-PJ-New-1.png","width":150,"height":80,"caption":"PureJewels UK"},"image":{"@id":"https:\/\/www.purejewels.com\/#\/schema\/logo\/image\/"}}]}},"_links":{"self":[{"href":"https:\/\/www.purejewels.com\/de\/wp-json\/wp\/v2\/product\/326563","targetHints":{"allow":["GET"]}}],"collection":[{"href":"https:\/\/www.purejewels.com\/de\/wp-json\/wp\/v2\/product"}],"about":[{"href":"https:\/\/www.purejewels.com\/de\/wp-json\/wp\/v2\/types\/product"}],"replies":[{"embeddable":true,"href":"https:\/\/www.purejewels.com\/de\/wp-json\/wp\/v2\/comments?post=326563"}],"version-history":[{"count":0,"href":"https:\/\/www.purejewels.com\/de\/wp-json\/wp\/v2\/product\/326563\/revisions"}],"wp:featuredmedia":[{"embeddable":true,"href":"https:\/\/www.purejewels.com\/de\/wp-json\/wp\/v2\/media\/326647"}],"wp:attachment":[{"href":"https:\/\/www.purejewels.com\/de\/wp-json\/wp\/v2\/media?parent=326563"}],"wp:term":[{"taxonomy":"product_brand","embeddable":true,"href":"https:\/\/www.purejewels.com\/de\/wp-json\/wp\/v2\/product_brand?post=326563"},{"taxonomy":"product_cat","embeddable":true,"href":"https:\/\/www.purejewels.com\/de\/wp-json\/wp\/v2\/product_cat?post=326563"},{"taxonomy":"product_tag","embeddable":true,"href":"https:\/\/www.purejewels.com\/de\/wp-json\/wp\/v2\/product_tag?post=326563"}],"curies":[{"name":"wp","href":"https:\/\/api.w.org\/{rel}","templated":true}]}}