{"id":326674,"date":"2021-09-13T06:16:14","date_gmt":"2021-09-13T05:16:14","guid":{"rendered":"https:\/\/www.purejewels.com\/product\/18ct-white-gold-nose-pin-0-16gm\/"},"modified":"2024-05-11T16:17:28","modified_gmt":"2024-05-11T15:17:28","slug":"nasenstecker-aus-18-karat-weisgold-34154","status":"publish","type":"product","link":"https:\/\/www.purejewels.com\/de\/product\/18ct-white-gold-nose-pin-34154\/","title":{"rendered":"18ct Wei\u00dfgold Draht Nase Pin"},"content":{"rendered":"<p>Erh\u00f6hen Sie Ihren Stil mit unseren exquisiten <a href=\"https:\/\/www.purejewels.com\/de\/product\/diamond-bracelet-in-18ct-white-gold\/\">18ct Wei\u00dfgold<\/a> <a href=\"https:\/\/www.purejewels.com\/de\/product\/cz-stone-nose-stud-in-yellow-gold-43243\/\">Wire Nose Pin<\/a> geschm\u00fcckt mit 0,04 Karat schillernden Diamanten. Jeder Diamant hat eine au\u00dfergew\u00f6hnliche Reinheit (VVS), die f\u00fcr einen Glanz und ein Funkeln sorgt, das fesselt. Die Diamanten haben einen makellosen Farbgrad von E-F und strahlen Reinheit und Eleganz aus. Diese sorgf\u00e4ltig gefertigte Nasenbrosche strahlt Raffinesse und Luxus aus und verleiht jedem Ensemble einen Hauch von Glamour. Umarmen Sie zeitlose Sch\u00f6nheit und unbestreitbare Anziehungskraft mit diesem atemberaubenden Schmuckst\u00fcck.<\/p>","protected":false},"excerpt":{"rendered":"<ul>\n<li>Diamant-Nasennadel de<\/li>\n<li>18ct Wei\u00dfgold Diamant Nasenschmuck<\/li>\n<li>Mit Drahtspule Spindel<\/li>\n<li>0,04ct Runder Brillantschliff Diamant<\/li>\n<li>Gesamtgewicht 0,16 g.\n<ul>\n<li>Diamant Reinheit. VVS<\/li>\n<li>Farbe des Diamanten.  E - F<\/li>\n<\/ul>\n<\/li>\n<li>Alle unsere Diamanten werden mit SGL-Zertifikat geliefert.<\/li>\n<li>SKU 34154<\/li>\n<li>Alle Preise inklusive Mehrwertsteuer<\/li>\n<li>Mit Pr\u00e4sentationsbox<\/li>\n<li>Lieferung inbegriffen<\/li>\n<li>Kontaktieren Sie uns \/ Live-Chat mit uns, um unsere neueste Kollektion auf Diamond Nose Pin zu erkunden.<\/li>\n<\/ul>","protected":false},"featured_media":326673,"comment_status":"closed","ping_status":"closed","template":"","meta":{"_eb_attr":"","_crsspst_to_jayantr4sg-hostcom":false},"product_brand":[],"product_cat":[1530,1711,1463,1574],"product_tag":[],"class_list":{"0":"post-326674","1":"product","2":"type-product","3":"status-publish","4":"has-post-thumbnail","6":"product_cat-diamond-nose-pin","7":"product_cat-gold-nose-studs","8":"product_cat-gold-nose-pins","9":"product_cat-womens-jewellery","11":"first","12":"outofstock","13":"taxable","14":"shipping-taxable","15":"product-type-simple","16":"add-to-wishlist-before_image"},"yoast_head":"<!-- This site is optimized with the Yoast SEO plugin v27.3 - https:\/\/yoast.com\/product\/yoast-seo-wordpress\/ -->\n<title>Browse 18ct White Gold Nose Pin in PureJewels UK<\/title>\n<meta name=\"description\" content=\"Purchase top-quality white gold Nose Pins in London from our extensive jewellery collection. Explore a diverse range of designs and styles.\" \/>\n<meta name=\"robots\" content=\"index, follow, max-snippet:-1, max-image-preview:large, max-video-preview:-1\" \/>\n<link rel=\"canonical\" href=\"https:\/\/www.purejewels.com\/de\/produkt-2\/nasenstecker-aus-18-karat-weisgold-34154\/\" \/>\n<meta property=\"og:locale\" content=\"de_DE\" \/>\n<meta property=\"og:type\" content=\"article\" \/>\n<meta property=\"og:title\" content=\"Browse 18ct White Gold Nose Pin in PureJewels UK\" \/>\n<meta property=\"og:description\" content=\"Purchase top-quality white gold Nose Pins in London from our extensive jewellery collection. Explore a diverse range of designs and styles.\" \/>\n<meta property=\"og:url\" content=\"https:\/\/www.purejewels.com\/de\/produkt-2\/nasenstecker-aus-18-karat-weisgold-34154\/\" \/>\n<meta property=\"og:site_name\" content=\"PureJewels UK\" \/>\n<meta property=\"article:modified_time\" content=\"2024-05-11T15:17:28+00:00\" \/>\n<meta property=\"og:image\" content=\"https:\/\/www.purejewels.com\/wp-content\/uploads\/2021\/07\/34155-34154-1-1.jpg\" \/>\n\t<meta property=\"og:image:width\" content=\"1000\" \/>\n\t<meta property=\"og:image:height\" content=\"1000\" \/>\n\t<meta property=\"og:image:type\" content=\"image\/jpeg\" \/>\n<meta name=\"twitter:card\" content=\"summary_large_image\" \/>\n<script type=\"application\/ld+json\" class=\"yoast-schema-graph\">{\"@context\":\"https:\\\/\\\/schema.org\",\"@graph\":[{\"@type\":[\"WebPage\",\"ItemPage\"],\"@id\":\"https:\\\/\\\/www.purejewels.com\\\/product\\\/18ct-white-gold-nose-pin-34154\\\/\",\"url\":\"https:\\\/\\\/www.purejewels.com\\\/product\\\/18ct-white-gold-nose-pin-34154\\\/\",\"name\":\"Browse 18ct White Gold Nose Pin in PureJewels UK\",\"isPartOf\":{\"@id\":\"https:\\\/\\\/www.purejewels.com\\\/#website\"},\"primaryImageOfPage\":{\"@id\":\"https:\\\/\\\/www.purejewels.com\\\/product\\\/18ct-white-gold-nose-pin-34154\\\/#primaryimage\"},\"image\":{\"@id\":\"https:\\\/\\\/www.purejewels.com\\\/product\\\/18ct-white-gold-nose-pin-34154\\\/#primaryimage\"},\"thumbnailUrl\":\"https:\\\/\\\/static.purejewels.com\\\/wp-content\\\/uploads\\\/2021\\\/07\\\/34155-34154-1-1.jpg\",\"datePublished\":\"2021-09-13T05:16:14+00:00\",\"dateModified\":\"2024-05-11T15:17:28+00:00\",\"description\":\"Purchase top-quality white gold Nose Pins in London from our extensive jewellery collection. Explore a diverse range of designs and styles.\",\"breadcrumb\":{\"@id\":\"https:\\\/\\\/www.purejewels.com\\\/product\\\/18ct-white-gold-nose-pin-34154\\\/#breadcrumb\"},\"inLanguage\":\"de\",\"potentialAction\":[{\"@type\":\"ReadAction\",\"target\":[\"https:\\\/\\\/www.purejewels.com\\\/product\\\/18ct-white-gold-nose-pin-34154\\\/\"]}]},{\"@type\":\"ImageObject\",\"inLanguage\":\"de\",\"@id\":\"https:\\\/\\\/www.purejewels.com\\\/product\\\/18ct-white-gold-nose-pin-34154\\\/#primaryimage\",\"url\":\"https:\\\/\\\/static.purejewels.com\\\/wp-content\\\/uploads\\\/2021\\\/07\\\/34155-34154-1-1.jpg\",\"contentUrl\":\"https:\\\/\\\/static.purejewels.com\\\/wp-content\\\/uploads\\\/2021\\\/07\\\/34155-34154-1-1.jpg\",\"width\":1000,\"height\":1000},{\"@type\":\"BreadcrumbList\",\"@id\":\"https:\\\/\\\/www.purejewels.com\\\/product\\\/18ct-white-gold-nose-pin-34154\\\/#breadcrumb\",\"itemListElement\":[{\"@type\":\"ListItem\",\"position\":1,\"name\":\"Home\",\"item\":\"https:\\\/\\\/www.purejewels.com\\\/\"},{\"@type\":\"ListItem\",\"position\":2,\"name\":\"Shop\",\"item\":\"https:\\\/\\\/www.purejewels.com\\\/shop\\\/\"},{\"@type\":\"ListItem\",\"position\":3,\"name\":\"18ct White Gold Wire Nose Pin\"}]},{\"@type\":\"WebSite\",\"@id\":\"https:\\\/\\\/www.purejewels.com\\\/#website\",\"url\":\"https:\\\/\\\/www.purejewels.com\\\/\",\"name\":\"PureJewels UK\",\"description\":\"Share the Love\",\"publisher\":{\"@id\":\"https:\\\/\\\/www.purejewels.com\\\/#organization\"},\"potentialAction\":[{\"@type\":\"SearchAction\",\"target\":{\"@type\":\"EntryPoint\",\"urlTemplate\":\"https:\\\/\\\/www.purejewels.com\\\/?s={search_term_string}\"},\"query-input\":{\"@type\":\"PropertyValueSpecification\",\"valueRequired\":true,\"valueName\":\"search_term_string\"}}],\"inLanguage\":\"de\"},{\"@type\":\"Organization\",\"@id\":\"https:\\\/\\\/www.purejewels.com\\\/#organization\",\"name\":\"PureJewels UK\",\"url\":\"https:\\\/\\\/www.purejewels.com\\\/\",\"logo\":{\"@type\":\"ImageObject\",\"inLanguage\":\"de\",\"@id\":\"https:\\\/\\\/www.purejewels.com\\\/#\\\/schema\\\/logo\\\/image\\\/\",\"url\":\"https:\\\/\\\/static.purejewels.com\\\/wp-content\\\/uploads\\\/2020\\\/11\\\/Logo-PJ-New-1.png\",\"contentUrl\":\"https:\\\/\\\/static.purejewels.com\\\/wp-content\\\/uploads\\\/2020\\\/11\\\/Logo-PJ-New-1.png\",\"width\":150,\"height\":80,\"caption\":\"PureJewels UK\"},\"image\":{\"@id\":\"https:\\\/\\\/www.purejewels.com\\\/#\\\/schema\\\/logo\\\/image\\\/\"}}]}<\/script>\n<!-- \/ Yoast SEO plugin. -->","yoast_head_json":{"title":"Durchsuchen Sie 18ct Wei\u00dfgold Nose Pin in PureJewels UK","description":"Kaufen Sie hochwertige Nasenpins aus Wei\u00dfgold in London aus unserer umfangreichen Schmuckkollektion. Entdecken Sie eine breite Palette an Designs und Stilen.","robots":{"index":"index","follow":"follow","max-snippet":"max-snippet:-1","max-image-preview":"max-image-preview:large","max-video-preview":"max-video-preview:-1"},"canonical":"https:\/\/www.purejewels.com\/de\/produkt-2\/nasenstecker-aus-18-karat-weisgold-34154\/","og_locale":"de_DE","og_type":"article","og_title":"Browse 18ct White Gold Nose Pin in PureJewels UK","og_description":"Purchase top-quality white gold Nose Pins in London from our extensive jewellery collection. Explore a diverse range of designs and styles.","og_url":"https:\/\/www.purejewels.com\/de\/produkt-2\/nasenstecker-aus-18-karat-weisgold-34154\/","og_site_name":"PureJewels UK","article_modified_time":"2024-05-11T15:17:28+00:00","og_image":[{"width":1000,"height":1000,"url":"https:\/\/www.purejewels.com\/wp-content\/uploads\/2021\/07\/34155-34154-1-1.jpg","type":"image\/jpeg"}],"twitter_card":"summary_large_image","schema":{"@context":"https:\/\/schema.org","@graph":[{"@type":["WebPage","ItemPage"],"@id":"https:\/\/www.purejewels.com\/product\/18ct-white-gold-nose-pin-34154\/","url":"https:\/\/www.purejewels.com\/product\/18ct-white-gold-nose-pin-34154\/","name":"Durchsuchen Sie 18ct Wei\u00dfgold Nose Pin in PureJewels UK","isPartOf":{"@id":"https:\/\/www.purejewels.com\/#website"},"primaryImageOfPage":{"@id":"https:\/\/www.purejewels.com\/product\/18ct-white-gold-nose-pin-34154\/#primaryimage"},"image":{"@id":"https:\/\/www.purejewels.com\/product\/18ct-white-gold-nose-pin-34154\/#primaryimage"},"thumbnailUrl":"https:\/\/static.purejewels.com\/wp-content\/uploads\/2021\/07\/34155-34154-1-1.jpg","datePublished":"2021-09-13T05:16:14+00:00","dateModified":"2024-05-11T15:17:28+00:00","description":"Kaufen Sie hochwertige Nasenpins aus Wei\u00dfgold in London aus unserer umfangreichen Schmuckkollektion. Entdecken Sie eine breite Palette an Designs und Stilen.","breadcrumb":{"@id":"https:\/\/www.purejewels.com\/product\/18ct-white-gold-nose-pin-34154\/#breadcrumb"},"inLanguage":"de","potentialAction":[{"@type":"ReadAction","target":["https:\/\/www.purejewels.com\/product\/18ct-white-gold-nose-pin-34154\/"]}]},{"@type":"ImageObject","inLanguage":"de","@id":"https:\/\/www.purejewels.com\/product\/18ct-white-gold-nose-pin-34154\/#primaryimage","url":"https:\/\/static.purejewels.com\/wp-content\/uploads\/2021\/07\/34155-34154-1-1.jpg","contentUrl":"https:\/\/static.purejewels.com\/wp-content\/uploads\/2021\/07\/34155-34154-1-1.jpg","width":1000,"height":1000},{"@type":"BreadcrumbList","@id":"https:\/\/www.purejewels.com\/product\/18ct-white-gold-nose-pin-34154\/#breadcrumb","itemListElement":[{"@type":"ListItem","position":1,"name":"Home","item":"https:\/\/www.purejewels.com\/"},{"@type":"ListItem","position":2,"name":"Shop","item":"https:\/\/www.purejewels.com\/shop\/"},{"@type":"ListItem","position":3,"name":"18ct White Gold Wire Nose Pin"}]},{"@type":"WebSite","@id":"https:\/\/www.purejewels.com\/#website","url":"https:\/\/www.purejewels.com\/","name":"PureJewels UK","description":"Teile die Liebe","publisher":{"@id":"https:\/\/www.purejewels.com\/#organization"},"potentialAction":[{"@type":"SearchAction","target":{"@type":"EntryPoint","urlTemplate":"https:\/\/www.purejewels.com\/?s={search_term_string}"},"query-input":{"@type":"PropertyValueSpecification","valueRequired":true,"valueName":"search_term_string"}}],"inLanguage":"de"},{"@type":"Organization","@id":"https:\/\/www.purejewels.com\/#organization","name":"PureJewels UK","url":"https:\/\/www.purejewels.com\/","logo":{"@type":"ImageObject","inLanguage":"de","@id":"https:\/\/www.purejewels.com\/#\/schema\/logo\/image\/","url":"https:\/\/static.purejewels.com\/wp-content\/uploads\/2020\/11\/Logo-PJ-New-1.png","contentUrl":"https:\/\/static.purejewels.com\/wp-content\/uploads\/2020\/11\/Logo-PJ-New-1.png","width":150,"height":80,"caption":"PureJewels UK"},"image":{"@id":"https:\/\/www.purejewels.com\/#\/schema\/logo\/image\/"}}]}},"_links":{"self":[{"href":"https:\/\/www.purejewels.com\/de\/wp-json\/wp\/v2\/product\/326674","targetHints":{"allow":["GET"]}}],"collection":[{"href":"https:\/\/www.purejewels.com\/de\/wp-json\/wp\/v2\/product"}],"about":[{"href":"https:\/\/www.purejewels.com\/de\/wp-json\/wp\/v2\/types\/product"}],"replies":[{"embeddable":true,"href":"https:\/\/www.purejewels.com\/de\/wp-json\/wp\/v2\/comments?post=326674"}],"version-history":[{"count":2,"href":"https:\/\/www.purejewels.com\/de\/wp-json\/wp\/v2\/product\/326674\/revisions"}],"predecessor-version":[{"id":362367,"href":"https:\/\/www.purejewels.com\/de\/wp-json\/wp\/v2\/product\/326674\/revisions\/362367"}],"wp:featuredmedia":[{"embeddable":true,"href":"https:\/\/www.purejewels.com\/de\/wp-json\/wp\/v2\/media\/326673"}],"wp:attachment":[{"href":"https:\/\/www.purejewels.com\/de\/wp-json\/wp\/v2\/media?parent=326674"}],"wp:term":[{"taxonomy":"product_brand","embeddable":true,"href":"https:\/\/www.purejewels.com\/de\/wp-json\/wp\/v2\/product_brand?post=326674"},{"taxonomy":"product_cat","embeddable":true,"href":"https:\/\/www.purejewels.com\/de\/wp-json\/wp\/v2\/product_cat?post=326674"},{"taxonomy":"product_tag","embeddable":true,"href":"https:\/\/www.purejewels.com\/de\/wp-json\/wp\/v2\/product_tag?post=326674"}],"curies":[{"name":"wp","href":"https:\/\/api.w.org\/{rel}","templated":true}]}}